{"id":2943,"date":"2023-01-29T12:59:23","date_gmt":"2023-01-29T11:59:23","guid":{"rendered":"https:\/\/ugwp.cfolks.pl\/bwb\/?post_type=product&#038;p=2943"},"modified":"2023-09-28T15:20:58","modified_gmt":"2023-09-28T13:20:58","slug":"system-rur-elastycznych-kraso-fls-90","status":"publish","type":"product","link":"https:\/\/ugwp.cfolks.pl\/bwb\/produkt\/system-rur-elastycznych-kraso-fls-90\/","title":{"rendered":"System rur elastycznych KRASO\u00ae FLS 90"},"content":{"rendered":"","protected":false},"excerpt":{"rendered":"<p>System rur elastycznych s\u0142u\u017c\u0105cy do ochrony przewod\u00f3w, jako przed\u0142u\u017cenie systemu przy\u0142\u0105czy KRASO<sup>\u00ae<\/sup> BKP \u2013 Pod\u0142oga \u2013 90 za pomoc\u0105 zestawu przed\u0142u\u017caj\u0105cego KRASO<sup>\u00ae<\/sup>, wersja ci\u0119\u017cka, dla wysokich obci\u0105\u017ce\u0144 mechanicznych; wysoka odporno\u015b\u0107 na dzia\u0142anie \u0142ug\u00f3w i kwas\u00f3w, bez zmi\u0119kczaczy, zgodny z norm\u0105 RoHS, \u015bciany wewn\u0119trzne g\u0142adkie, w \u015bcianie zewn\u0119trznej spirala z twardego PCW; zakres temperatur pracy -15 \u00b0C do +60 \u00b0C.<\/p>\n","protected":false},"featured_media":2986,"template":"","meta":{"_acf_changed":false},"product_cat":[142],"product_tag":[],"class_list":{"0":"post-2943","1":"product","2":"type-product","3":"status-publish","4":"has-post-thumbnail","6":"product_cat-systemy-przylaczy-domowych","8":"first","9":"instock","10":"shipping-taxable","11":"product-type-simple"},"acf":[],"yoast_head":"<!-- This site is optimized with the Yoast SEO plugin v27.3 - https:\/\/yoast.com\/product\/yoast-seo-wordpress\/ -->\n<title>System Rur Elastycznych KRASO\u00ae FLS 90<\/title>\n<meta name=\"description\" content=\"System rur elastycznych KRASO\u00ae FLS 90 - Solidna ochrona dla Twoich przewod\u00f3w i pewno\u015b\u0107, \u017ce s\u0105 one bezpieczne i niezawodne.\" \/>\n<meta name=\"robots\" content=\"noindex, follow, max-snippet:-1, max-image-preview:large, max-video-preview:-1\" \/>\n<meta property=\"og:locale\" content=\"pl_PL\" \/>\n<meta property=\"og:type\" content=\"article\" \/>\n<meta property=\"og:title\" content=\"System Rur Elastycznych KRASO\u00ae FLS 90\" \/>\n<meta property=\"og:description\" content=\"System rur elastycznych KRASO\u00ae FLS 90 - Solidna ochrona dla Twoich przewod\u00f3w i pewno\u015b\u0107, \u017ce s\u0105 one bezpieczne i niezawodne.\" \/>\n<meta property=\"og:url\" content=\"https:\/\/ugwp.cfolks.pl\/bwb\/produkt\/system-rur-elastycznych-kraso-fls-90\/\" \/>\n<meta property=\"og:site_name\" content=\"BWB technology\" \/>\n<meta property=\"article:modified_time\" content=\"2023-09-28T13:20:58+00:00\" \/>\n<meta property=\"og:image\" content=\"https:\/\/ugwp.cfolks.pl\/bwb\/wp-content\/uploads\/System-rur-elastycznych-KRASO\u00ae-FLS-90.jpg\" \/>\n\t<meta property=\"og:image:width\" content=\"1100\" \/>\n\t<meta property=\"og:image:height\" content=\"810\" \/>\n\t<meta property=\"og:image:type\" content=\"image\/jpeg\" \/>\n<meta name=\"twitter:card\" content=\"summary_large_image\" \/>\n<script type=\"application\/ld+json\" class=\"yoast-schema-graph\">{\"@context\":\"https:\\\/\\\/schema.org\",\"@graph\":[{\"@type\":\"WebPage\",\"@id\":\"https:\\\/\\\/ugwp.cfolks.pl\\\/bwb\\\/produkt\\\/system-rur-elastycznych-kraso-fls-90\\\/\",\"url\":\"https:\\\/\\\/ugwp.cfolks.pl\\\/bwb\\\/produkt\\\/system-rur-elastycznych-kraso-fls-90\\\/\",\"name\":\"System Rur Elastycznych KRASO\u00ae FLS 90\",\"isPartOf\":{\"@id\":\"https:\\\/\\\/ugwp.cfolks.pl\\\/bwb\\\/#website\"},\"primaryImageOfPage\":{\"@id\":\"https:\\\/\\\/ugwp.cfolks.pl\\\/bwb\\\/produkt\\\/system-rur-elastycznych-kraso-fls-90\\\/#primaryimage\"},\"image\":{\"@id\":\"https:\\\/\\\/ugwp.cfolks.pl\\\/bwb\\\/produkt\\\/system-rur-elastycznych-kraso-fls-90\\\/#primaryimage\"},\"thumbnailUrl\":\"https:\\\/\\\/ugwp.cfolks.pl\\\/bwb\\\/wp-content\\\/uploads\\\/System-rur-elastycznych-KRASO\u00ae-FLS-90.jpg\",\"datePublished\":\"2023-01-29T11:59:23+00:00\",\"dateModified\":\"2023-09-28T13:20:58+00:00\",\"description\":\"System rur elastycznych KRASO\u00ae FLS 90 - Solidna ochrona dla Twoich przewod\u00f3w i pewno\u015b\u0107, \u017ce s\u0105 one bezpieczne i niezawodne.\",\"breadcrumb\":{\"@id\":\"https:\\\/\\\/ugwp.cfolks.pl\\\/bwb\\\/produkt\\\/system-rur-elastycznych-kraso-fls-90\\\/#breadcrumb\"},\"inLanguage\":\"pl-PL\",\"potentialAction\":[{\"@type\":\"ReadAction\",\"target\":[\"https:\\\/\\\/ugwp.cfolks.pl\\\/bwb\\\/produkt\\\/system-rur-elastycznych-kraso-fls-90\\\/\"]}]},{\"@type\":\"ImageObject\",\"inLanguage\":\"pl-PL\",\"@id\":\"https:\\\/\\\/ugwp.cfolks.pl\\\/bwb\\\/produkt\\\/system-rur-elastycznych-kraso-fls-90\\\/#primaryimage\",\"url\":\"https:\\\/\\\/ugwp.cfolks.pl\\\/bwb\\\/wp-content\\\/uploads\\\/System-rur-elastycznych-KRASO\u00ae-FLS-90.jpg\",\"contentUrl\":\"https:\\\/\\\/ugwp.cfolks.pl\\\/bwb\\\/wp-content\\\/uploads\\\/System-rur-elastycznych-KRASO\u00ae-FLS-90.jpg\",\"width\":1100,\"height\":810,\"caption\":\"System rur elastycznych KRASO\u00ae FLS 90\"},{\"@type\":\"BreadcrumbList\",\"@id\":\"https:\\\/\\\/ugwp.cfolks.pl\\\/bwb\\\/produkt\\\/system-rur-elastycznych-kraso-fls-90\\\/#breadcrumb\",\"itemListElement\":[{\"@type\":\"ListItem\",\"position\":1,\"name\":\"Strona g\u0142\u00f3wna\",\"item\":\"https:\\\/\\\/ugwp.cfolks.pl\\\/bwb\\\/\"},{\"@type\":\"ListItem\",\"position\":2,\"name\":\"Wodoszczelne Przej\u015bcia Instalacyjne\",\"item\":\"https:\\\/\\\/ugwp.cfolks.pl\\\/bwb\\\/kategoria\\\/wodoszczelne-przejscia-instalacyjne\\\/\"},{\"@type\":\"ListItem\",\"position\":3,\"name\":\"Systemy Przy\u0142\u0105czy Domowych\",\"item\":\"https:\\\/\\\/ugwp.cfolks.pl\\\/bwb\\\/kategoria\\\/wodoszczelne-przejscia-instalacyjne\\\/systemy-przylaczy-domowych\\\/\"},{\"@type\":\"ListItem\",\"position\":4,\"name\":\"System rur elastycznych KRASO\u00ae FLS 90\"}]},{\"@type\":\"WebSite\",\"@id\":\"https:\\\/\\\/ugwp.cfolks.pl\\\/bwb\\\/#website\",\"url\":\"https:\\\/\\\/ugwp.cfolks.pl\\\/bwb\\\/\",\"name\":\"BWB technology\",\"description\":\"Kolejna witryna oparta na WordPressie\",\"potentialAction\":[{\"@type\":\"SearchAction\",\"target\":{\"@type\":\"EntryPoint\",\"urlTemplate\":\"https:\\\/\\\/ugwp.cfolks.pl\\\/bwb\\\/?s={search_term_string}\"},\"query-input\":{\"@type\":\"PropertyValueSpecification\",\"valueRequired\":true,\"valueName\":\"search_term_string\"}}],\"inLanguage\":\"pl-PL\"}]}<\/script>\n<!-- \/ Yoast SEO plugin. -->","yoast_head_json":{"title":"System Rur Elastycznych KRASO\u00ae FLS 90","description":"System rur elastycznych KRASO\u00ae FLS 90 - Solidna ochrona dla Twoich przewod\u00f3w i pewno\u015b\u0107, \u017ce s\u0105 one bezpieczne i niezawodne.","robots":{"index":"noindex","follow":"follow","max-snippet":"max-snippet:-1","max-image-preview":"max-image-preview:large","max-video-preview":"max-video-preview:-1"},"og_locale":"pl_PL","og_type":"article","og_title":"System Rur Elastycznych KRASO\u00ae FLS 90","og_description":"System rur elastycznych KRASO\u00ae FLS 90 - Solidna ochrona dla Twoich przewod\u00f3w i pewno\u015b\u0107, \u017ce s\u0105 one bezpieczne i niezawodne.","og_url":"https:\/\/ugwp.cfolks.pl\/bwb\/produkt\/system-rur-elastycznych-kraso-fls-90\/","og_site_name":"BWB technology","article_modified_time":"2023-09-28T13:20:58+00:00","og_image":[{"width":1100,"height":810,"url":"https:\/\/ugwp.cfolks.pl\/bwb\/wp-content\/uploads\/System-rur-elastycznych-KRASO\u00ae-FLS-90.jpg","type":"image\/jpeg"}],"twitter_card":"summary_large_image","schema":{"@context":"https:\/\/schema.org","@graph":[{"@type":"WebPage","@id":"https:\/\/ugwp.cfolks.pl\/bwb\/produkt\/system-rur-elastycznych-kraso-fls-90\/","url":"https:\/\/ugwp.cfolks.pl\/bwb\/produkt\/system-rur-elastycznych-kraso-fls-90\/","name":"System Rur Elastycznych KRASO\u00ae FLS 90","isPartOf":{"@id":"https:\/\/ugwp.cfolks.pl\/bwb\/#website"},"primaryImageOfPage":{"@id":"https:\/\/ugwp.cfolks.pl\/bwb\/produkt\/system-rur-elastycznych-kraso-fls-90\/#primaryimage"},"image":{"@id":"https:\/\/ugwp.cfolks.pl\/bwb\/produkt\/system-rur-elastycznych-kraso-fls-90\/#primaryimage"},"thumbnailUrl":"https:\/\/ugwp.cfolks.pl\/bwb\/wp-content\/uploads\/System-rur-elastycznych-KRASO\u00ae-FLS-90.jpg","datePublished":"2023-01-29T11:59:23+00:00","dateModified":"2023-09-28T13:20:58+00:00","description":"System rur elastycznych KRASO\u00ae FLS 90 - Solidna ochrona dla Twoich przewod\u00f3w i pewno\u015b\u0107, \u017ce s\u0105 one bezpieczne i niezawodne.","breadcrumb":{"@id":"https:\/\/ugwp.cfolks.pl\/bwb\/produkt\/system-rur-elastycznych-kraso-fls-90\/#breadcrumb"},"inLanguage":"pl-PL","potentialAction":[{"@type":"ReadAction","target":["https:\/\/ugwp.cfolks.pl\/bwb\/produkt\/system-rur-elastycznych-kraso-fls-90\/"]}]},{"@type":"ImageObject","inLanguage":"pl-PL","@id":"https:\/\/ugwp.cfolks.pl\/bwb\/produkt\/system-rur-elastycznych-kraso-fls-90\/#primaryimage","url":"https:\/\/ugwp.cfolks.pl\/bwb\/wp-content\/uploads\/System-rur-elastycznych-KRASO\u00ae-FLS-90.jpg","contentUrl":"https:\/\/ugwp.cfolks.pl\/bwb\/wp-content\/uploads\/System-rur-elastycznych-KRASO\u00ae-FLS-90.jpg","width":1100,"height":810,"caption":"System rur elastycznych KRASO\u00ae FLS 90"},{"@type":"BreadcrumbList","@id":"https:\/\/ugwp.cfolks.pl\/bwb\/produkt\/system-rur-elastycznych-kraso-fls-90\/#breadcrumb","itemListElement":[{"@type":"ListItem","position":1,"name":"Strona g\u0142\u00f3wna","item":"https:\/\/ugwp.cfolks.pl\/bwb\/"},{"@type":"ListItem","position":2,"name":"Wodoszczelne Przej\u015bcia Instalacyjne","item":"https:\/\/ugwp.cfolks.pl\/bwb\/kategoria\/wodoszczelne-przejscia-instalacyjne\/"},{"@type":"ListItem","position":3,"name":"Systemy Przy\u0142\u0105czy Domowych","item":"https:\/\/ugwp.cfolks.pl\/bwb\/kategoria\/wodoszczelne-przejscia-instalacyjne\/systemy-przylaczy-domowych\/"},{"@type":"ListItem","position":4,"name":"System rur elastycznych KRASO\u00ae FLS 90"}]},{"@type":"WebSite","@id":"https:\/\/ugwp.cfolks.pl\/bwb\/#website","url":"https:\/\/ugwp.cfolks.pl\/bwb\/","name":"BWB technology","description":"Kolejna witryna oparta na WordPressie","potentialAction":[{"@type":"SearchAction","target":{"@type":"EntryPoint","urlTemplate":"https:\/\/ugwp.cfolks.pl\/bwb\/?s={search_term_string}"},"query-input":{"@type":"PropertyValueSpecification","valueRequired":true,"valueName":"search_term_string"}}],"inLanguage":"pl-PL"}]}},"_links":{"self":[{"href":"https:\/\/ugwp.cfolks.pl\/bwb\/wp-json\/wp\/v2\/product\/2943","targetHints":{"allow":["GET"]}}],"collection":[{"href":"https:\/\/ugwp.cfolks.pl\/bwb\/wp-json\/wp\/v2\/product"}],"about":[{"href":"https:\/\/ugwp.cfolks.pl\/bwb\/wp-json\/wp\/v2\/types\/product"}],"wp:featuredmedia":[{"embeddable":true,"href":"https:\/\/ugwp.cfolks.pl\/bwb\/wp-json\/wp\/v2\/media\/2986"}],"wp:attachment":[{"href":"https:\/\/ugwp.cfolks.pl\/bwb\/wp-json\/wp\/v2\/media?parent=2943"}],"wp:term":[{"taxonomy":"product_cat","embeddable":true,"href":"https:\/\/ugwp.cfolks.pl\/bwb\/wp-json\/wp\/v2\/product_cat?post=2943"},{"taxonomy":"product_tag","embeddable":true,"href":"https:\/\/ugwp.cfolks.pl\/bwb\/wp-json\/wp\/v2\/product_tag?post=2943"}],"curies":[{"name":"wp","href":"https:\/\/api.w.org\/{rel}","templated":true}]}}