{"id":2937,"date":"2023-01-29T12:58:41","date_gmt":"2023-01-29T11:58:41","guid":{"rendered":"https:\/\/ugwp.cfolks.pl\/bwb\/?post_type=product&#038;p=2937"},"modified":"2023-09-27T17:28:34","modified_gmt":"2023-09-27T15:28:34","slug":"zestaw-przedluzajacy-kraso-bkp-podloga-nfe","status":"publish","type":"product","link":"https:\/\/ugwp.cfolks.pl\/bwb\/produkt\/zestaw-przedluzajacy-kraso-bkp-podloga-nfe\/","title":{"rendered":"Zestaw przed\u0142u\u017caj\u0105cy KRASO\u00ae BKP \u2013 Pod\u0142oga &#8211; NFE"},"content":{"rendered":"","protected":false},"excerpt":{"rendered":"<p>Zestaw przed\u0142u\u017caj\u0105cy KRASO<sup>\u00ae<\/sup> BKP \u2013 Pod\u0142oga \u2013 NFE s\u0142u\u017cy do po\u0142\u0105czenia elastycznych rur instalacyjnych KRASO<sup>\u00ae<\/sup> FLS 90 z istniej\u0105c\u0105 rur\u0105 os\u0142onow\u0105 na budowie. Sk\u0142ada si\u0119 z o\u015bmiu rurek termokurczliwych 95\/25 oraz czterech przej\u015bci\u00f3wek DN 90 z za\u015blepk\u0105.<\/p>\n<p>Zestaw przed\u0142u\u017caj\u0105cy KRASO<sup>\u00ae<\/sup> BKP \u2013 Pod\u0142oga \u2013 NFE zawarty jest we wszystkich przy\u0142\u0105czach pod\u0142ogowych KRASO<sup>\u00ae<\/sup> BKP \u2013 90.<\/p>\n","protected":false},"featured_media":2967,"template":"","meta":{"_acf_changed":false},"product_cat":[142],"product_tag":[],"class_list":{"0":"post-2937","1":"product","2":"type-product","3":"status-publish","4":"has-post-thumbnail","6":"product_cat-systemy-przylaczy-domowych","8":"first","9":"instock","10":"shipping-taxable","11":"product-type-simple"},"acf":[],"yoast_head":"<!-- This site is optimized with the Yoast SEO plugin v27.3 - https:\/\/yoast.com\/product\/yoast-seo-wordpress\/ -->\n<title>Zestaw Przed\u0142u\u017caj\u0105cy KRASO\u00ae BKP \u2013 Pod\u0142oga - NFE<\/title>\n<meta name=\"description\" content=\"Zestaw przed\u0142u\u017caj\u0105cy KRASO\u00ae BKP \u2013 Pod\u0142oga - NFE - Rozwi\u0105zanie elastycznych rur. Zawarty jest we wszystkich przy\u0142\u0105czach pod\u0142ogowych KRASO\u00ae BKP \u2013 90.\" \/>\n<meta name=\"robots\" content=\"noindex, follow, max-snippet:-1, max-image-preview:large, max-video-preview:-1\" \/>\n<meta property=\"og:locale\" content=\"pl_PL\" \/>\n<meta property=\"og:type\" content=\"article\" \/>\n<meta property=\"og:title\" content=\"Zestaw Przed\u0142u\u017caj\u0105cy KRASO\u00ae BKP \u2013 Pod\u0142oga - NFE\" \/>\n<meta property=\"og:description\" content=\"Zestaw przed\u0142u\u017caj\u0105cy KRASO\u00ae BKP \u2013 Pod\u0142oga - NFE - Rozwi\u0105zanie elastycznych rur. Zawarty jest we wszystkich przy\u0142\u0105czach pod\u0142ogowych KRASO\u00ae BKP \u2013 90.\" \/>\n<meta property=\"og:url\" content=\"https:\/\/ugwp.cfolks.pl\/bwb\/produkt\/zestaw-przedluzajacy-kraso-bkp-podloga-nfe\/\" \/>\n<meta property=\"og:site_name\" content=\"BWB technology\" \/>\n<meta property=\"article:modified_time\" content=\"2023-09-27T15:28:34+00:00\" \/>\n<meta property=\"og:image\" content=\"https:\/\/ugwp.cfolks.pl\/bwb\/wp-content\/uploads\/Zestaw-przedluzajacy-KRASO\u00ae-BKP-\u2013-Podloga-NFE.jpg\" \/>\n\t<meta property=\"og:image:width\" content=\"1100\" \/>\n\t<meta property=\"og:image:height\" content=\"810\" \/>\n\t<meta property=\"og:image:type\" content=\"image\/jpeg\" \/>\n<meta name=\"twitter:card\" content=\"summary_large_image\" \/>\n<script type=\"application\/ld+json\" class=\"yoast-schema-graph\">{\"@context\":\"https:\\\/\\\/schema.org\",\"@graph\":[{\"@type\":\"WebPage\",\"@id\":\"https:\\\/\\\/ugwp.cfolks.pl\\\/bwb\\\/produkt\\\/zestaw-przedluzajacy-kraso-bkp-podloga-nfe\\\/\",\"url\":\"https:\\\/\\\/ugwp.cfolks.pl\\\/bwb\\\/produkt\\\/zestaw-przedluzajacy-kraso-bkp-podloga-nfe\\\/\",\"name\":\"Zestaw Przed\u0142u\u017caj\u0105cy KRASO\u00ae BKP \u2013 Pod\u0142oga - NFE\",\"isPartOf\":{\"@id\":\"https:\\\/\\\/ugwp.cfolks.pl\\\/bwb\\\/#website\"},\"primaryImageOfPage\":{\"@id\":\"https:\\\/\\\/ugwp.cfolks.pl\\\/bwb\\\/produkt\\\/zestaw-przedluzajacy-kraso-bkp-podloga-nfe\\\/#primaryimage\"},\"image\":{\"@id\":\"https:\\\/\\\/ugwp.cfolks.pl\\\/bwb\\\/produkt\\\/zestaw-przedluzajacy-kraso-bkp-podloga-nfe\\\/#primaryimage\"},\"thumbnailUrl\":\"https:\\\/\\\/ugwp.cfolks.pl\\\/bwb\\\/wp-content\\\/uploads\\\/Zestaw-przedluzajacy-KRASO\u00ae-BKP-\u2013-Podloga-NFE.jpg\",\"datePublished\":\"2023-01-29T11:58:41+00:00\",\"dateModified\":\"2023-09-27T15:28:34+00:00\",\"description\":\"Zestaw przed\u0142u\u017caj\u0105cy KRASO\u00ae BKP \u2013 Pod\u0142oga - NFE - Rozwi\u0105zanie elastycznych rur. Zawarty jest we wszystkich przy\u0142\u0105czach pod\u0142ogowych KRASO\u00ae BKP \u2013 90.\",\"breadcrumb\":{\"@id\":\"https:\\\/\\\/ugwp.cfolks.pl\\\/bwb\\\/produkt\\\/zestaw-przedluzajacy-kraso-bkp-podloga-nfe\\\/#breadcrumb\"},\"inLanguage\":\"pl-PL\",\"potentialAction\":[{\"@type\":\"ReadAction\",\"target\":[\"https:\\\/\\\/ugwp.cfolks.pl\\\/bwb\\\/produkt\\\/zestaw-przedluzajacy-kraso-bkp-podloga-nfe\\\/\"]}]},{\"@type\":\"ImageObject\",\"inLanguage\":\"pl-PL\",\"@id\":\"https:\\\/\\\/ugwp.cfolks.pl\\\/bwb\\\/produkt\\\/zestaw-przedluzajacy-kraso-bkp-podloga-nfe\\\/#primaryimage\",\"url\":\"https:\\\/\\\/ugwp.cfolks.pl\\\/bwb\\\/wp-content\\\/uploads\\\/Zestaw-przedluzajacy-KRASO\u00ae-BKP-\u2013-Podloga-NFE.jpg\",\"contentUrl\":\"https:\\\/\\\/ugwp.cfolks.pl\\\/bwb\\\/wp-content\\\/uploads\\\/Zestaw-przedluzajacy-KRASO\u00ae-BKP-\u2013-Podloga-NFE.jpg\",\"width\":1100,\"height\":810,\"caption\":\"Zestaw przed\u0142u\u017caj\u0105cy KRASO\u00ae BKP \u2013 Pod\u0142oga - NFE\"},{\"@type\":\"BreadcrumbList\",\"@id\":\"https:\\\/\\\/ugwp.cfolks.pl\\\/bwb\\\/produkt\\\/zestaw-przedluzajacy-kraso-bkp-podloga-nfe\\\/#breadcrumb\",\"itemListElement\":[{\"@type\":\"ListItem\",\"position\":1,\"name\":\"Strona g\u0142\u00f3wna\",\"item\":\"https:\\\/\\\/ugwp.cfolks.pl\\\/bwb\\\/\"},{\"@type\":\"ListItem\",\"position\":2,\"name\":\"Wodoszczelne Przej\u015bcia Instalacyjne\",\"item\":\"https:\\\/\\\/ugwp.cfolks.pl\\\/bwb\\\/kategoria\\\/wodoszczelne-przejscia-instalacyjne\\\/\"},{\"@type\":\"ListItem\",\"position\":3,\"name\":\"Systemy Przy\u0142\u0105czy Domowych\",\"item\":\"https:\\\/\\\/ugwp.cfolks.pl\\\/bwb\\\/kategoria\\\/wodoszczelne-przejscia-instalacyjne\\\/systemy-przylaczy-domowych\\\/\"},{\"@type\":\"ListItem\",\"position\":4,\"name\":\"Zestaw przed\u0142u\u017caj\u0105cy KRASO\u00ae BKP \u2013 Pod\u0142oga &#8211; NFE\"}]},{\"@type\":\"WebSite\",\"@id\":\"https:\\\/\\\/ugwp.cfolks.pl\\\/bwb\\\/#website\",\"url\":\"https:\\\/\\\/ugwp.cfolks.pl\\\/bwb\\\/\",\"name\":\"BWB technology\",\"description\":\"Kolejna witryna oparta na WordPressie\",\"potentialAction\":[{\"@type\":\"SearchAction\",\"target\":{\"@type\":\"EntryPoint\",\"urlTemplate\":\"https:\\\/\\\/ugwp.cfolks.pl\\\/bwb\\\/?s={search_term_string}\"},\"query-input\":{\"@type\":\"PropertyValueSpecification\",\"valueRequired\":true,\"valueName\":\"search_term_string\"}}],\"inLanguage\":\"pl-PL\"}]}<\/script>\n<!-- \/ Yoast SEO plugin. -->","yoast_head_json":{"title":"Zestaw Przed\u0142u\u017caj\u0105cy KRASO\u00ae BKP \u2013 Pod\u0142oga - NFE","description":"Zestaw przed\u0142u\u017caj\u0105cy KRASO\u00ae BKP \u2013 Pod\u0142oga - NFE - Rozwi\u0105zanie elastycznych rur. Zawarty jest we wszystkich przy\u0142\u0105czach pod\u0142ogowych KRASO\u00ae BKP \u2013 90.","robots":{"index":"noindex","follow":"follow","max-snippet":"max-snippet:-1","max-image-preview":"max-image-preview:large","max-video-preview":"max-video-preview:-1"},"og_locale":"pl_PL","og_type":"article","og_title":"Zestaw Przed\u0142u\u017caj\u0105cy KRASO\u00ae BKP \u2013 Pod\u0142oga - NFE","og_description":"Zestaw przed\u0142u\u017caj\u0105cy KRASO\u00ae BKP \u2013 Pod\u0142oga - NFE - Rozwi\u0105zanie elastycznych rur. Zawarty jest we wszystkich przy\u0142\u0105czach pod\u0142ogowych KRASO\u00ae BKP \u2013 90.","og_url":"https:\/\/ugwp.cfolks.pl\/bwb\/produkt\/zestaw-przedluzajacy-kraso-bkp-podloga-nfe\/","og_site_name":"BWB technology","article_modified_time":"2023-09-27T15:28:34+00:00","og_image":[{"width":1100,"height":810,"url":"https:\/\/ugwp.cfolks.pl\/bwb\/wp-content\/uploads\/Zestaw-przedluzajacy-KRASO\u00ae-BKP-\u2013-Podloga-NFE.jpg","type":"image\/jpeg"}],"twitter_card":"summary_large_image","schema":{"@context":"https:\/\/schema.org","@graph":[{"@type":"WebPage","@id":"https:\/\/ugwp.cfolks.pl\/bwb\/produkt\/zestaw-przedluzajacy-kraso-bkp-podloga-nfe\/","url":"https:\/\/ugwp.cfolks.pl\/bwb\/produkt\/zestaw-przedluzajacy-kraso-bkp-podloga-nfe\/","name":"Zestaw Przed\u0142u\u017caj\u0105cy KRASO\u00ae BKP \u2013 Pod\u0142oga - NFE","isPartOf":{"@id":"https:\/\/ugwp.cfolks.pl\/bwb\/#website"},"primaryImageOfPage":{"@id":"https:\/\/ugwp.cfolks.pl\/bwb\/produkt\/zestaw-przedluzajacy-kraso-bkp-podloga-nfe\/#primaryimage"},"image":{"@id":"https:\/\/ugwp.cfolks.pl\/bwb\/produkt\/zestaw-przedluzajacy-kraso-bkp-podloga-nfe\/#primaryimage"},"thumbnailUrl":"https:\/\/ugwp.cfolks.pl\/bwb\/wp-content\/uploads\/Zestaw-przedluzajacy-KRASO\u00ae-BKP-\u2013-Podloga-NFE.jpg","datePublished":"2023-01-29T11:58:41+00:00","dateModified":"2023-09-27T15:28:34+00:00","description":"Zestaw przed\u0142u\u017caj\u0105cy KRASO\u00ae BKP \u2013 Pod\u0142oga - NFE - Rozwi\u0105zanie elastycznych rur. Zawarty jest we wszystkich przy\u0142\u0105czach pod\u0142ogowych KRASO\u00ae BKP \u2013 90.","breadcrumb":{"@id":"https:\/\/ugwp.cfolks.pl\/bwb\/produkt\/zestaw-przedluzajacy-kraso-bkp-podloga-nfe\/#breadcrumb"},"inLanguage":"pl-PL","potentialAction":[{"@type":"ReadAction","target":["https:\/\/ugwp.cfolks.pl\/bwb\/produkt\/zestaw-przedluzajacy-kraso-bkp-podloga-nfe\/"]}]},{"@type":"ImageObject","inLanguage":"pl-PL","@id":"https:\/\/ugwp.cfolks.pl\/bwb\/produkt\/zestaw-przedluzajacy-kraso-bkp-podloga-nfe\/#primaryimage","url":"https:\/\/ugwp.cfolks.pl\/bwb\/wp-content\/uploads\/Zestaw-przedluzajacy-KRASO\u00ae-BKP-\u2013-Podloga-NFE.jpg","contentUrl":"https:\/\/ugwp.cfolks.pl\/bwb\/wp-content\/uploads\/Zestaw-przedluzajacy-KRASO\u00ae-BKP-\u2013-Podloga-NFE.jpg","width":1100,"height":810,"caption":"Zestaw przed\u0142u\u017caj\u0105cy KRASO\u00ae BKP \u2013 Pod\u0142oga - NFE"},{"@type":"BreadcrumbList","@id":"https:\/\/ugwp.cfolks.pl\/bwb\/produkt\/zestaw-przedluzajacy-kraso-bkp-podloga-nfe\/#breadcrumb","itemListElement":[{"@type":"ListItem","position":1,"name":"Strona g\u0142\u00f3wna","item":"https:\/\/ugwp.cfolks.pl\/bwb\/"},{"@type":"ListItem","position":2,"name":"Wodoszczelne Przej\u015bcia Instalacyjne","item":"https:\/\/ugwp.cfolks.pl\/bwb\/kategoria\/wodoszczelne-przejscia-instalacyjne\/"},{"@type":"ListItem","position":3,"name":"Systemy Przy\u0142\u0105czy Domowych","item":"https:\/\/ugwp.cfolks.pl\/bwb\/kategoria\/wodoszczelne-przejscia-instalacyjne\/systemy-przylaczy-domowych\/"},{"@type":"ListItem","position":4,"name":"Zestaw przed\u0142u\u017caj\u0105cy KRASO\u00ae BKP \u2013 Pod\u0142oga &#8211; NFE"}]},{"@type":"WebSite","@id":"https:\/\/ugwp.cfolks.pl\/bwb\/#website","url":"https:\/\/ugwp.cfolks.pl\/bwb\/","name":"BWB technology","description":"Kolejna witryna oparta na WordPressie","potentialAction":[{"@type":"SearchAction","target":{"@type":"EntryPoint","urlTemplate":"https:\/\/ugwp.cfolks.pl\/bwb\/?s={search_term_string}"},"query-input":{"@type":"PropertyValueSpecification","valueRequired":true,"valueName":"search_term_string"}}],"inLanguage":"pl-PL"}]}},"_links":{"self":[{"href":"https:\/\/ugwp.cfolks.pl\/bwb\/wp-json\/wp\/v2\/product\/2937","targetHints":{"allow":["GET"]}}],"collection":[{"href":"https:\/\/ugwp.cfolks.pl\/bwb\/wp-json\/wp\/v2\/product"}],"about":[{"href":"https:\/\/ugwp.cfolks.pl\/bwb\/wp-json\/wp\/v2\/types\/product"}],"wp:featuredmedia":[{"embeddable":true,"href":"https:\/\/ugwp.cfolks.pl\/bwb\/wp-json\/wp\/v2\/media\/2967"}],"wp:attachment":[{"href":"https:\/\/ugwp.cfolks.pl\/bwb\/wp-json\/wp\/v2\/media?parent=2937"}],"wp:term":[{"taxonomy":"product_cat","embeddable":true,"href":"https:\/\/ugwp.cfolks.pl\/bwb\/wp-json\/wp\/v2\/product_cat?post=2937"},{"taxonomy":"product_tag","embeddable":true,"href":"https:\/\/ugwp.cfolks.pl\/bwb\/wp-json\/wp\/v2\/product_tag?post=2937"}],"curies":[{"name":"wp","href":"https:\/\/api.w.org\/{rel}","templated":true}]}}