{"id":2936,"date":"2023-01-29T12:58:35","date_gmt":"2023-01-29T11:58:35","guid":{"rendered":"https:\/\/ugwp.cfolks.pl\/bwb\/?post_type=product&#038;p=2936"},"modified":"2023-09-27T17:19:55","modified_gmt":"2023-09-27T15:19:55","slug":"system-przylaczy-kraso-bkp-podloga-90-5-cio-modulowych","status":"publish","type":"product","link":"https:\/\/ugwp.cfolks.pl\/bwb\/produkt\/system-przylaczy-kraso-bkp-podloga-90-5-cio-modulowych\/","title":{"rendered":"System przy\u0142\u0105czy KRASO\u00ae BKP \u2013 Pod\u0142oga \u2013 90 \u2013 5-cio modu\u0142owych"},"content":{"rendered":"","protected":false},"excerpt":{"rendered":"<p>System przy\u0142\u0105czy KRASO<sup>\u00ae<\/sup> BKP \u2013 Pod\u0142oga \u2013 90 \u2013 5-cio modu\u0142owych to rozwi\u0105zanie dla inwestor\u00f3w my\u015bl\u0105cych o przysz\u0142o\u015bci. Dzi\u0119ki jednemu wolnemu miejscu oraz dziesi\u0119ciu metrom rury os\u0142onowej mo\u017cna przygotowa\u0107 si\u0119 jak najlepiej na przysz\u0142e zmiany i modernizacje instalacji tj.: stacja \u0142adowania dla pojazd\u00f3w nap\u0119dzanych pr\u0105dem elektrycznym, dodatkowe przy\u0142\u0105cze sieci \u015bwiat\u0142owodowej dla biura domowego, przy\u0142\u0105cze elektryczne dla basenu, sauny, dla o\u015bwietlenia ogrodu. Ten zestaw zapewnia swobod\u0119 wykorzystania wolnego miejsca w dowolnym celu. Dzi\u0119ki systemowi pustych rur instalacyjnych roz\u0142o\u017conych a\u017c do granicy dzia\u0142ki, oszcz\u0119dza si\u0119 na kosztach w razie konieczno\u015bci u\u017cycia koparki i prac ziemnych przy rozk\u0142adaniu dodatkowych przy\u0142\u0105czy czy wzmocnie\u0144 w przysz\u0142o\u015bci.<\/p>\n<p>W sk\u0142ad zestawu monta\u017cowego wchodzi: stopa podporowa, przed\u0142u\u017cka stopy podporowej, para d\u017awigar\u00f3w podporowych, element do zabudowy w betonie z regulacj\u0105 wysoko\u015bci oraz uszczelk\u0105 cztero\u017cebrow\u0105 gazo- i wodoszczeln\u0105 KRASO<sup>\u00ae<\/sup> z kontrol\u0105 wzrokow\u0105 tulei blokuj\u0105cych z wst\u0119pnie zamontowanymi os\u0142onami ochronnym na czas budowy, przed\u0142u\u017cka do posadzki z regulacj\u0105 wysoko\u015bci, zestaw przed\u0142u\u017caj\u0105cy dla systemowego przy\u0142\u0105cza pod\u0142ogowego KRASO<sup>\u00ae<\/sup> BKP, zestaw monta\u017cowy zabezpieczaj\u0105cy przed przekr\u0119ceniem i wyrwaniem dla przy\u0142\u0105cza gazu, pi\u0119\u0107 odcink\u00f3w rury instalacyjnej KRASO<sup>\u00ae<\/sup> FLS 90 (10 metr\u00f3w) oraz instrukcja monta\u017cu i cal\u00f3wk\u0119. Systemowe przy\u0142\u0105cze pod\u0142ogowe KRASO<sup>\u00ae<\/sup> BKP \u2013 90 \u2013 5-cio modu\u0142owe mo\u017cna dowolnie konfigurowa\u0107 dobieraj\u0105c wk\u0142ady uszczelniaj\u0105ce dla wody KRASO<sup>\u00ae<\/sup> BKP , wk\u0142ady uszczelniaj\u0105ce dla pr\u0105du elektrycznego KRASO<sup>\u00ae<\/sup> BKP, wk\u0142ady uszczelniaj\u0105ce dla instalacji teletechnicznej KRASO<sup>\u00ae<\/sup> BKP, wk\u0142ady uszczelniaj\u0105ce do gazu KRASO<sup>\u00ae<\/sup> BKP oraz wk\u0142ad uszczelniaj\u0105cy \u2013 \u015blepy (uszczelnienie dodatkowe) wed\u0142ug specyfikacji projektowej.<\/p>\n","protected":false},"featured_media":2965,"template":"","meta":{"_acf_changed":false},"product_cat":[142],"product_tag":[],"class_list":{"0":"post-2936","1":"product","2":"type-product","3":"status-publish","4":"has-post-thumbnail","6":"product_cat-systemy-przylaczy-domowych","8":"first","9":"instock","10":"shipping-taxable","11":"product-type-simple"},"acf":[],"yoast_head":"<!-- This site is optimized with the Yoast SEO plugin v27.3 - https:\/\/yoast.com\/product\/yoast-seo-wordpress\/ -->\n<title>System Przy\u0142\u0105czy KRASO\u00ae BKP \u2013 Pod\u0142oga \u2013 90<\/title>\n<meta name=\"description\" content=\"System przy\u0142\u0105czy KRASO\u00ae BKP-90 - 5-modu\u0142owych - elastyczne rozwi\u0105zanie przysz\u0142o\u015bciowe z wolnym miejscem dla dostosowa\u0144 i modernizacji.\" \/>\n<meta name=\"robots\" content=\"noindex, follow, max-snippet:-1, max-image-preview:large, max-video-preview:-1\" \/>\n<meta property=\"og:locale\" content=\"pl_PL\" \/>\n<meta property=\"og:type\" content=\"article\" \/>\n<meta property=\"og:title\" content=\"System Przy\u0142\u0105czy KRASO\u00ae BKP \u2013 Pod\u0142oga \u2013 90\" \/>\n<meta property=\"og:description\" content=\"System przy\u0142\u0105czy KRASO\u00ae BKP-90 - 5-modu\u0142owych - elastyczne rozwi\u0105zanie przysz\u0142o\u015bciowe z wolnym miejscem dla dostosowa\u0144 i modernizacji.\" \/>\n<meta property=\"og:url\" content=\"https:\/\/ugwp.cfolks.pl\/bwb\/produkt\/system-przylaczy-kraso-bkp-podloga-90-5-cio-modulowych\/\" \/>\n<meta property=\"og:site_name\" content=\"BWB technology\" \/>\n<meta property=\"article:modified_time\" content=\"2023-09-27T15:19:55+00:00\" \/>\n<meta property=\"og:image\" content=\"https:\/\/ugwp.cfolks.pl\/bwb\/wp-content\/uploads\/System-przylaczy-KRASO\u00ae-BKP-\u2013-Podloga-\u2013-90-\u2013-5-cio-modulowych.jpg\" \/>\n\t<meta property=\"og:image:width\" content=\"1100\" \/>\n\t<meta property=\"og:image:height\" content=\"810\" \/>\n\t<meta property=\"og:image:type\" content=\"image\/jpeg\" \/>\n<meta name=\"twitter:card\" content=\"summary_large_image\" \/>\n<script type=\"application\/ld+json\" class=\"yoast-schema-graph\">{\"@context\":\"https:\\\/\\\/schema.org\",\"@graph\":[{\"@type\":\"WebPage\",\"@id\":\"https:\\\/\\\/ugwp.cfolks.pl\\\/bwb\\\/produkt\\\/system-przylaczy-kraso-bkp-podloga-90-5-cio-modulowych\\\/\",\"url\":\"https:\\\/\\\/ugwp.cfolks.pl\\\/bwb\\\/produkt\\\/system-przylaczy-kraso-bkp-podloga-90-5-cio-modulowych\\\/\",\"name\":\"System Przy\u0142\u0105czy KRASO\u00ae BKP \u2013 Pod\u0142oga \u2013 90\",\"isPartOf\":{\"@id\":\"https:\\\/\\\/ugwp.cfolks.pl\\\/bwb\\\/#website\"},\"primaryImageOfPage\":{\"@id\":\"https:\\\/\\\/ugwp.cfolks.pl\\\/bwb\\\/produkt\\\/system-przylaczy-kraso-bkp-podloga-90-5-cio-modulowych\\\/#primaryimage\"},\"image\":{\"@id\":\"https:\\\/\\\/ugwp.cfolks.pl\\\/bwb\\\/produkt\\\/system-przylaczy-kraso-bkp-podloga-90-5-cio-modulowych\\\/#primaryimage\"},\"thumbnailUrl\":\"https:\\\/\\\/ugwp.cfolks.pl\\\/bwb\\\/wp-content\\\/uploads\\\/System-przylaczy-KRASO\u00ae-BKP-\u2013-Podloga-\u2013-90-\u2013-5-cio-modulowych.jpg\",\"datePublished\":\"2023-01-29T11:58:35+00:00\",\"dateModified\":\"2023-09-27T15:19:55+00:00\",\"description\":\"System przy\u0142\u0105czy KRASO\u00ae BKP-90 - 5-modu\u0142owych - elastyczne rozwi\u0105zanie przysz\u0142o\u015bciowe z wolnym miejscem dla dostosowa\u0144 i modernizacji.\",\"breadcrumb\":{\"@id\":\"https:\\\/\\\/ugwp.cfolks.pl\\\/bwb\\\/produkt\\\/system-przylaczy-kraso-bkp-podloga-90-5-cio-modulowych\\\/#breadcrumb\"},\"inLanguage\":\"pl-PL\",\"potentialAction\":[{\"@type\":\"ReadAction\",\"target\":[\"https:\\\/\\\/ugwp.cfolks.pl\\\/bwb\\\/produkt\\\/system-przylaczy-kraso-bkp-podloga-90-5-cio-modulowych\\\/\"]}]},{\"@type\":\"ImageObject\",\"inLanguage\":\"pl-PL\",\"@id\":\"https:\\\/\\\/ugwp.cfolks.pl\\\/bwb\\\/produkt\\\/system-przylaczy-kraso-bkp-podloga-90-5-cio-modulowych\\\/#primaryimage\",\"url\":\"https:\\\/\\\/ugwp.cfolks.pl\\\/bwb\\\/wp-content\\\/uploads\\\/System-przylaczy-KRASO\u00ae-BKP-\u2013-Podloga-\u2013-90-\u2013-5-cio-modulowych.jpg\",\"contentUrl\":\"https:\\\/\\\/ugwp.cfolks.pl\\\/bwb\\\/wp-content\\\/uploads\\\/System-przylaczy-KRASO\u00ae-BKP-\u2013-Podloga-\u2013-90-\u2013-5-cio-modulowych.jpg\",\"width\":1100,\"height\":810,\"caption\":\"System przy\u0142\u0105czy KRASO\u00ae BKP \u2013 Pod\u0142oga \u2013 90 \u2013 5-cio modu\u0142owych\"},{\"@type\":\"BreadcrumbList\",\"@id\":\"https:\\\/\\\/ugwp.cfolks.pl\\\/bwb\\\/produkt\\\/system-przylaczy-kraso-bkp-podloga-90-5-cio-modulowych\\\/#breadcrumb\",\"itemListElement\":[{\"@type\":\"ListItem\",\"position\":1,\"name\":\"Strona g\u0142\u00f3wna\",\"item\":\"https:\\\/\\\/ugwp.cfolks.pl\\\/bwb\\\/\"},{\"@type\":\"ListItem\",\"position\":2,\"name\":\"Wodoszczelne Przej\u015bcia Instalacyjne\",\"item\":\"https:\\\/\\\/ugwp.cfolks.pl\\\/bwb\\\/kategoria\\\/wodoszczelne-przejscia-instalacyjne\\\/\"},{\"@type\":\"ListItem\",\"position\":3,\"name\":\"Systemy Przy\u0142\u0105czy Domowych\",\"item\":\"https:\\\/\\\/ugwp.cfolks.pl\\\/bwb\\\/kategoria\\\/wodoszczelne-przejscia-instalacyjne\\\/systemy-przylaczy-domowych\\\/\"},{\"@type\":\"ListItem\",\"position\":4,\"name\":\"System przy\u0142\u0105czy KRASO\u00ae BKP \u2013 Pod\u0142oga \u2013 90 \u2013 5-cio modu\u0142owych\"}]},{\"@type\":\"WebSite\",\"@id\":\"https:\\\/\\\/ugwp.cfolks.pl\\\/bwb\\\/#website\",\"url\":\"https:\\\/\\\/ugwp.cfolks.pl\\\/bwb\\\/\",\"name\":\"BWB technology\",\"description\":\"Kolejna witryna oparta na WordPressie\",\"potentialAction\":[{\"@type\":\"SearchAction\",\"target\":{\"@type\":\"EntryPoint\",\"urlTemplate\":\"https:\\\/\\\/ugwp.cfolks.pl\\\/bwb\\\/?s={search_term_string}\"},\"query-input\":{\"@type\":\"PropertyValueSpecification\",\"valueRequired\":true,\"valueName\":\"search_term_string\"}}],\"inLanguage\":\"pl-PL\"}]}<\/script>\n<!-- \/ Yoast SEO plugin. -->","yoast_head_json":{"title":"System Przy\u0142\u0105czy KRASO\u00ae BKP \u2013 Pod\u0142oga \u2013 90","description":"System przy\u0142\u0105czy KRASO\u00ae BKP-90 - 5-modu\u0142owych - elastyczne rozwi\u0105zanie przysz\u0142o\u015bciowe z wolnym miejscem dla dostosowa\u0144 i modernizacji.","robots":{"index":"noindex","follow":"follow","max-snippet":"max-snippet:-1","max-image-preview":"max-image-preview:large","max-video-preview":"max-video-preview:-1"},"og_locale":"pl_PL","og_type":"article","og_title":"System Przy\u0142\u0105czy KRASO\u00ae BKP \u2013 Pod\u0142oga \u2013 90","og_description":"System przy\u0142\u0105czy KRASO\u00ae BKP-90 - 5-modu\u0142owych - elastyczne rozwi\u0105zanie przysz\u0142o\u015bciowe z wolnym miejscem dla dostosowa\u0144 i modernizacji.","og_url":"https:\/\/ugwp.cfolks.pl\/bwb\/produkt\/system-przylaczy-kraso-bkp-podloga-90-5-cio-modulowych\/","og_site_name":"BWB technology","article_modified_time":"2023-09-27T15:19:55+00:00","og_image":[{"width":1100,"height":810,"url":"https:\/\/ugwp.cfolks.pl\/bwb\/wp-content\/uploads\/System-przylaczy-KRASO\u00ae-BKP-\u2013-Podloga-\u2013-90-\u2013-5-cio-modulowych.jpg","type":"image\/jpeg"}],"twitter_card":"summary_large_image","schema":{"@context":"https:\/\/schema.org","@graph":[{"@type":"WebPage","@id":"https:\/\/ugwp.cfolks.pl\/bwb\/produkt\/system-przylaczy-kraso-bkp-podloga-90-5-cio-modulowych\/","url":"https:\/\/ugwp.cfolks.pl\/bwb\/produkt\/system-przylaczy-kraso-bkp-podloga-90-5-cio-modulowych\/","name":"System Przy\u0142\u0105czy KRASO\u00ae BKP \u2013 Pod\u0142oga \u2013 90","isPartOf":{"@id":"https:\/\/ugwp.cfolks.pl\/bwb\/#website"},"primaryImageOfPage":{"@id":"https:\/\/ugwp.cfolks.pl\/bwb\/produkt\/system-przylaczy-kraso-bkp-podloga-90-5-cio-modulowych\/#primaryimage"},"image":{"@id":"https:\/\/ugwp.cfolks.pl\/bwb\/produkt\/system-przylaczy-kraso-bkp-podloga-90-5-cio-modulowych\/#primaryimage"},"thumbnailUrl":"https:\/\/ugwp.cfolks.pl\/bwb\/wp-content\/uploads\/System-przylaczy-KRASO\u00ae-BKP-\u2013-Podloga-\u2013-90-\u2013-5-cio-modulowych.jpg","datePublished":"2023-01-29T11:58:35+00:00","dateModified":"2023-09-27T15:19:55+00:00","description":"System przy\u0142\u0105czy KRASO\u00ae BKP-90 - 5-modu\u0142owych - elastyczne rozwi\u0105zanie przysz\u0142o\u015bciowe z wolnym miejscem dla dostosowa\u0144 i modernizacji.","breadcrumb":{"@id":"https:\/\/ugwp.cfolks.pl\/bwb\/produkt\/system-przylaczy-kraso-bkp-podloga-90-5-cio-modulowych\/#breadcrumb"},"inLanguage":"pl-PL","potentialAction":[{"@type":"ReadAction","target":["https:\/\/ugwp.cfolks.pl\/bwb\/produkt\/system-przylaczy-kraso-bkp-podloga-90-5-cio-modulowych\/"]}]},{"@type":"ImageObject","inLanguage":"pl-PL","@id":"https:\/\/ugwp.cfolks.pl\/bwb\/produkt\/system-przylaczy-kraso-bkp-podloga-90-5-cio-modulowych\/#primaryimage","url":"https:\/\/ugwp.cfolks.pl\/bwb\/wp-content\/uploads\/System-przylaczy-KRASO\u00ae-BKP-\u2013-Podloga-\u2013-90-\u2013-5-cio-modulowych.jpg","contentUrl":"https:\/\/ugwp.cfolks.pl\/bwb\/wp-content\/uploads\/System-przylaczy-KRASO\u00ae-BKP-\u2013-Podloga-\u2013-90-\u2013-5-cio-modulowych.jpg","width":1100,"height":810,"caption":"System przy\u0142\u0105czy KRASO\u00ae BKP \u2013 Pod\u0142oga \u2013 90 \u2013 5-cio modu\u0142owych"},{"@type":"BreadcrumbList","@id":"https:\/\/ugwp.cfolks.pl\/bwb\/produkt\/system-przylaczy-kraso-bkp-podloga-90-5-cio-modulowych\/#breadcrumb","itemListElement":[{"@type":"ListItem","position":1,"name":"Strona g\u0142\u00f3wna","item":"https:\/\/ugwp.cfolks.pl\/bwb\/"},{"@type":"ListItem","position":2,"name":"Wodoszczelne Przej\u015bcia Instalacyjne","item":"https:\/\/ugwp.cfolks.pl\/bwb\/kategoria\/wodoszczelne-przejscia-instalacyjne\/"},{"@type":"ListItem","position":3,"name":"Systemy Przy\u0142\u0105czy Domowych","item":"https:\/\/ugwp.cfolks.pl\/bwb\/kategoria\/wodoszczelne-przejscia-instalacyjne\/systemy-przylaczy-domowych\/"},{"@type":"ListItem","position":4,"name":"System przy\u0142\u0105czy KRASO\u00ae BKP \u2013 Pod\u0142oga \u2013 90 \u2013 5-cio modu\u0142owych"}]},{"@type":"WebSite","@id":"https:\/\/ugwp.cfolks.pl\/bwb\/#website","url":"https:\/\/ugwp.cfolks.pl\/bwb\/","name":"BWB technology","description":"Kolejna witryna oparta na WordPressie","potentialAction":[{"@type":"SearchAction","target":{"@type":"EntryPoint","urlTemplate":"https:\/\/ugwp.cfolks.pl\/bwb\/?s={search_term_string}"},"query-input":{"@type":"PropertyValueSpecification","valueRequired":true,"valueName":"search_term_string"}}],"inLanguage":"pl-PL"}]}},"_links":{"self":[{"href":"https:\/\/ugwp.cfolks.pl\/bwb\/wp-json\/wp\/v2\/product\/2936","targetHints":{"allow":["GET"]}}],"collection":[{"href":"https:\/\/ugwp.cfolks.pl\/bwb\/wp-json\/wp\/v2\/product"}],"about":[{"href":"https:\/\/ugwp.cfolks.pl\/bwb\/wp-json\/wp\/v2\/types\/product"}],"wp:featuredmedia":[{"embeddable":true,"href":"https:\/\/ugwp.cfolks.pl\/bwb\/wp-json\/wp\/v2\/media\/2965"}],"wp:attachment":[{"href":"https:\/\/ugwp.cfolks.pl\/bwb\/wp-json\/wp\/v2\/media?parent=2936"}],"wp:term":[{"taxonomy":"product_cat","embeddable":true,"href":"https:\/\/ugwp.cfolks.pl\/bwb\/wp-json\/wp\/v2\/product_cat?post=2936"},{"taxonomy":"product_tag","embeddable":true,"href":"https:\/\/ugwp.cfolks.pl\/bwb\/wp-json\/wp\/v2\/product_tag?post=2936"}],"curies":[{"name":"wp","href":"https:\/\/api.w.org\/{rel}","templated":true}]}}