{"id":2933,"date":"2023-01-29T12:53:28","date_gmt":"2023-01-29T11:53:28","guid":{"rendered":"https:\/\/ugwp.cfolks.pl\/bwb\/?post_type=product&#038;p=2933"},"modified":"2023-09-27T16:30:39","modified_gmt":"2023-09-27T14:30:39","slug":"systemowe-przylacze-podlogowe-kraso-bkp-90-zestaw-podstawowy","status":"publish","type":"product","link":"https:\/\/ugwp.cfolks.pl\/bwb\/produkt\/systemowe-przylacze-podlogowe-kraso-bkp-90-zestaw-podstawowy\/","title":{"rendered":"Systemowe przy\u0142\u0105cze pod\u0142ogowe KRASO\u00ae BKP \u2013 90 \u2013 zestaw podstawowy"},"content":{"rendered":"","protected":false},"excerpt":{"rendered":"<p>Systemowe przy\u0142\u0105cze pod\u0142ogowe KRASO<sup>\u00ae<\/sup> BKP \u2013 90 \u2013 zestaw podstawowy to wielobran\u017cowe przy\u0142\u0105cze domowe do budynk\u00f3w niepodpiwniczonych. W bezpieczny i szczelny spos\u00f3b pozwala wprowadzi\u0107 do budynku: wod\u0119, pr\u0105d elektryczny, gaz oraz instalacje teletechniczne. Potwierdzona Certyfikatem DVGW wg normy VP 601 gazo- i wodoszczelno\u015b\u0107 kompletnego systemu do 1 bara. Wysokiej jako\u015bci system gazo- i zapachoszczelny \u2013 wg niemieckiej instrukcji ochrony powietrza TA Luft. System nie przepuszcza radonu, odporny jest r\u00f3wnie\u017c na metan. Zewn\u0119trzna cztero\u017cebrowa uszczelka KRASO\u00ae w po\u0142\u0105czeniu z betonem zapewnia szczelno\u015b\u0107 do 7 bar\u00f3w.<\/p>\n<p>Systemowe przy\u0142\u0105cze pod\u0142ogowe KRASO<sup>\u00ae<\/sup> BKP \u2013 90 jest proste w monta\u017cu dzi\u0119ki stabilnej konstrukcji i kontroli wzrokowej tulei blokuj\u0105cych. Monta\u017c do poziomu podbudowy z betonu eliminuje potkni\u0119cia i uszkodzenia podczas murowania \u015bcian, a chropowaty ko\u0142nierz szpachlowy zapewnia po\u0142\u0105czenia z izolacj\u0105 poziom\u0105. Systemowe przy\u0142\u0105cze pod\u0142ogowe KRASO<sup>\u00ae<\/sup> BKP \u2013 90 \u2013 zestaw podstawowy dost\u0119pny jest w wersji 4-modu\u0142owej, 3- modu\u0142owej, 2-modu\u0142owej, 1-modu\u0142owej. W zestawie z systemem rur elastycznych KRASO<sup>\u00ae<\/sup> FLS 90 d\u0142ugo\u015bci 3, 6, 9 lub 12 metr\u00f3w. Opcjonalnie mo\u017ce obejmowa\u0107 zestawy monta\u017cowe zabezpieczaj\u0105ce przed przekr\u0119ceniem i wyrwaniem dla przy\u0142\u0105cza gazu.<\/p>\n<p>W sk\u0142ad zestawu monta\u017cowego wchodzi: stopa podporowa, przed\u0142u\u017cka stopy podporowej, para d\u017awigar\u00f3w podporowych, element do zabudowy w betonie z regulacj\u0105 wysoko\u015bci oraz uszczelk\u0105 cztero\u017cebrow\u0105 gazo- i wodoszczeln\u0105 KRASO<sup>\u00ae<\/sup> z kontrol\u0105 wzrokow\u0105 tulei blokuj\u0105cych z wst\u0119pnie zamontowanymi os\u0142onami ochronnym na czas budowy, przed\u0142u\u017cka do posadzki z regulacj\u0105 wysoko\u015bci, zestaw przed\u0142u\u017caj\u0105cy dla systemowego przy\u0142\u0105cza pod\u0142ogowego KRASO\u00ae BKP oraz instrukcja monta\u017cu dla systemowego przy\u0142\u0105cza pod\u0142ogowego. Systemowe przy\u0142\u0105cze pod\u0142ogowe KRASO<sup>\u00ae<\/sup> BKP \u2013 90 \u2013 zestaw podstawowy mo\u017cna dowolnie konfigurowa\u0107 dobieraj\u0105c wk\u0142ady uszczelniaj\u0105ce dla wody KRASO<sup>\u00ae<\/sup> BKP, wk\u0142ady uszczelniaj\u0105ce dla pr\u0105du elektrycznego KRASO<sup>\u00ae<\/sup> BKP, wk\u0142ady uszczelniaj\u0105cy dla instalacji teletechnicznej KRASO<sup>\u00ae<\/sup> BKP oraz wk\u0142ady uszczelniaj\u0105ce typ \u015blepy\/gaz KRASO<sup>\u00ae<\/sup> BKP wed\u0142ug specyfikacji projektowej.<\/p>\n","protected":false},"featured_media":2955,"template":"","meta":{"_acf_changed":false},"product_cat":[142],"product_tag":[],"class_list":{"0":"post-2933","1":"product","2":"type-product","3":"status-publish","4":"has-post-thumbnail","6":"product_cat-systemy-przylaczy-domowych","8":"first","9":"instock","10":"shipping-taxable","11":"product-type-simple"},"acf":[],"yoast_head":"<!-- This site is optimized with the Yoast SEO plugin v27.3 - https:\/\/yoast.com\/product\/yoast-seo-wordpress\/ -->\n<title>Systemowe Przy\u0142\u0105cze Pod\u0142ogowe KRASO\u00ae BKP \u2013 90<\/title>\n<meta name=\"description\" content=\"Systemowe przy\u0142\u0105cze pod\u0142ogowe KRASO\u00ae BKP \u2013 90 \u2013 zestaw podstawowy. Wielofunkcyjne i gwarantuj\u0105ce wodoszczelno\u015b\u0107 rozwi\u0105zanie do budynk\u00f3w niepodpiwniczonych.\" \/>\n<meta name=\"robots\" content=\"noindex, follow, max-snippet:-1, max-image-preview:large, max-video-preview:-1\" \/>\n<meta property=\"og:locale\" content=\"pl_PL\" \/>\n<meta property=\"og:type\" content=\"article\" \/>\n<meta property=\"og:title\" content=\"Systemowe Przy\u0142\u0105cze Pod\u0142ogowe KRASO\u00ae BKP \u2013 90\" \/>\n<meta property=\"og:description\" content=\"Systemowe przy\u0142\u0105cze pod\u0142ogowe KRASO\u00ae BKP \u2013 90 \u2013 zestaw podstawowy. Wielofunkcyjne i gwarantuj\u0105ce wodoszczelno\u015b\u0107 rozwi\u0105zanie do budynk\u00f3w niepodpiwniczonych.\" \/>\n<meta property=\"og:url\" content=\"https:\/\/ugwp.cfolks.pl\/bwb\/produkt\/systemowe-przylacze-podlogowe-kraso-bkp-90-zestaw-podstawowy\/\" \/>\n<meta property=\"og:site_name\" content=\"BWB technology\" \/>\n<meta property=\"article:modified_time\" content=\"2023-09-27T14:30:39+00:00\" \/>\n<meta property=\"og:image\" content=\"https:\/\/ugwp.cfolks.pl\/bwb\/wp-content\/uploads\/Systemowe-przylacze-podlogowe-KRASO\u00ae-BKP-\u2013-90-\u2013-zestaw-podstawowy.jpg\" \/>\n\t<meta property=\"og:image:width\" content=\"1100\" \/>\n\t<meta property=\"og:image:height\" content=\"810\" \/>\n\t<meta property=\"og:image:type\" content=\"image\/jpeg\" \/>\n<meta name=\"twitter:card\" content=\"summary_large_image\" \/>\n<script type=\"application\/ld+json\" class=\"yoast-schema-graph\">{\"@context\":\"https:\\\/\\\/schema.org\",\"@graph\":[{\"@type\":\"WebPage\",\"@id\":\"https:\\\/\\\/ugwp.cfolks.pl\\\/bwb\\\/produkt\\\/systemowe-przylacze-podlogowe-kraso-bkp-90-zestaw-podstawowy\\\/\",\"url\":\"https:\\\/\\\/ugwp.cfolks.pl\\\/bwb\\\/produkt\\\/systemowe-przylacze-podlogowe-kraso-bkp-90-zestaw-podstawowy\\\/\",\"name\":\"Systemowe Przy\u0142\u0105cze Pod\u0142ogowe KRASO\u00ae BKP \u2013 90\",\"isPartOf\":{\"@id\":\"https:\\\/\\\/ugwp.cfolks.pl\\\/bwb\\\/#website\"},\"primaryImageOfPage\":{\"@id\":\"https:\\\/\\\/ugwp.cfolks.pl\\\/bwb\\\/produkt\\\/systemowe-przylacze-podlogowe-kraso-bkp-90-zestaw-podstawowy\\\/#primaryimage\"},\"image\":{\"@id\":\"https:\\\/\\\/ugwp.cfolks.pl\\\/bwb\\\/produkt\\\/systemowe-przylacze-podlogowe-kraso-bkp-90-zestaw-podstawowy\\\/#primaryimage\"},\"thumbnailUrl\":\"https:\\\/\\\/ugwp.cfolks.pl\\\/bwb\\\/wp-content\\\/uploads\\\/Systemowe-przylacze-podlogowe-KRASO\u00ae-BKP-\u2013-90-\u2013-zestaw-podstawowy.jpg\",\"datePublished\":\"2023-01-29T11:53:28+00:00\",\"dateModified\":\"2023-09-27T14:30:39+00:00\",\"description\":\"Systemowe przy\u0142\u0105cze pod\u0142ogowe KRASO\u00ae BKP \u2013 90 \u2013 zestaw podstawowy. Wielofunkcyjne i gwarantuj\u0105ce wodoszczelno\u015b\u0107 rozwi\u0105zanie do budynk\u00f3w niepodpiwniczonych.\",\"breadcrumb\":{\"@id\":\"https:\\\/\\\/ugwp.cfolks.pl\\\/bwb\\\/produkt\\\/systemowe-przylacze-podlogowe-kraso-bkp-90-zestaw-podstawowy\\\/#breadcrumb\"},\"inLanguage\":\"pl-PL\",\"potentialAction\":[{\"@type\":\"ReadAction\",\"target\":[\"https:\\\/\\\/ugwp.cfolks.pl\\\/bwb\\\/produkt\\\/systemowe-przylacze-podlogowe-kraso-bkp-90-zestaw-podstawowy\\\/\"]}]},{\"@type\":\"ImageObject\",\"inLanguage\":\"pl-PL\",\"@id\":\"https:\\\/\\\/ugwp.cfolks.pl\\\/bwb\\\/produkt\\\/systemowe-przylacze-podlogowe-kraso-bkp-90-zestaw-podstawowy\\\/#primaryimage\",\"url\":\"https:\\\/\\\/ugwp.cfolks.pl\\\/bwb\\\/wp-content\\\/uploads\\\/Systemowe-przylacze-podlogowe-KRASO\u00ae-BKP-\u2013-90-\u2013-zestaw-podstawowy.jpg\",\"contentUrl\":\"https:\\\/\\\/ugwp.cfolks.pl\\\/bwb\\\/wp-content\\\/uploads\\\/Systemowe-przylacze-podlogowe-KRASO\u00ae-BKP-\u2013-90-\u2013-zestaw-podstawowy.jpg\",\"width\":1100,\"height\":810,\"caption\":\"Systemowe przy\u0142\u0105cze pod\u0142ogowe KRASO\u00ae BKP \u2013 90 \u2013 zestaw podstawowy\"},{\"@type\":\"BreadcrumbList\",\"@id\":\"https:\\\/\\\/ugwp.cfolks.pl\\\/bwb\\\/produkt\\\/systemowe-przylacze-podlogowe-kraso-bkp-90-zestaw-podstawowy\\\/#breadcrumb\",\"itemListElement\":[{\"@type\":\"ListItem\",\"position\":1,\"name\":\"Strona g\u0142\u00f3wna\",\"item\":\"https:\\\/\\\/ugwp.cfolks.pl\\\/bwb\\\/\"},{\"@type\":\"ListItem\",\"position\":2,\"name\":\"Wodoszczelne Przej\u015bcia Instalacyjne\",\"item\":\"https:\\\/\\\/ugwp.cfolks.pl\\\/bwb\\\/kategoria\\\/wodoszczelne-przejscia-instalacyjne\\\/\"},{\"@type\":\"ListItem\",\"position\":3,\"name\":\"Systemy Przy\u0142\u0105czy Domowych\",\"item\":\"https:\\\/\\\/ugwp.cfolks.pl\\\/bwb\\\/kategoria\\\/wodoszczelne-przejscia-instalacyjne\\\/systemy-przylaczy-domowych\\\/\"},{\"@type\":\"ListItem\",\"position\":4,\"name\":\"Systemowe przy\u0142\u0105cze pod\u0142ogowe KRASO\u00ae BKP \u2013 90 \u2013 zestaw podstawowy\"}]},{\"@type\":\"WebSite\",\"@id\":\"https:\\\/\\\/ugwp.cfolks.pl\\\/bwb\\\/#website\",\"url\":\"https:\\\/\\\/ugwp.cfolks.pl\\\/bwb\\\/\",\"name\":\"BWB technology\",\"description\":\"Kolejna witryna oparta na WordPressie\",\"potentialAction\":[{\"@type\":\"SearchAction\",\"target\":{\"@type\":\"EntryPoint\",\"urlTemplate\":\"https:\\\/\\\/ugwp.cfolks.pl\\\/bwb\\\/?s={search_term_string}\"},\"query-input\":{\"@type\":\"PropertyValueSpecification\",\"valueRequired\":true,\"valueName\":\"search_term_string\"}}],\"inLanguage\":\"pl-PL\"}]}<\/script>\n<!-- \/ Yoast SEO plugin. -->","yoast_head_json":{"title":"Systemowe Przy\u0142\u0105cze Pod\u0142ogowe KRASO\u00ae BKP \u2013 90","description":"Systemowe przy\u0142\u0105cze pod\u0142ogowe KRASO\u00ae BKP \u2013 90 \u2013 zestaw podstawowy. Wielofunkcyjne i gwarantuj\u0105ce wodoszczelno\u015b\u0107 rozwi\u0105zanie do budynk\u00f3w niepodpiwniczonych.","robots":{"index":"noindex","follow":"follow","max-snippet":"max-snippet:-1","max-image-preview":"max-image-preview:large","max-video-preview":"max-video-preview:-1"},"og_locale":"pl_PL","og_type":"article","og_title":"Systemowe Przy\u0142\u0105cze Pod\u0142ogowe KRASO\u00ae BKP \u2013 90","og_description":"Systemowe przy\u0142\u0105cze pod\u0142ogowe KRASO\u00ae BKP \u2013 90 \u2013 zestaw podstawowy. Wielofunkcyjne i gwarantuj\u0105ce wodoszczelno\u015b\u0107 rozwi\u0105zanie do budynk\u00f3w niepodpiwniczonych.","og_url":"https:\/\/ugwp.cfolks.pl\/bwb\/produkt\/systemowe-przylacze-podlogowe-kraso-bkp-90-zestaw-podstawowy\/","og_site_name":"BWB technology","article_modified_time":"2023-09-27T14:30:39+00:00","og_image":[{"width":1100,"height":810,"url":"https:\/\/ugwp.cfolks.pl\/bwb\/wp-content\/uploads\/Systemowe-przylacze-podlogowe-KRASO\u00ae-BKP-\u2013-90-\u2013-zestaw-podstawowy.jpg","type":"image\/jpeg"}],"twitter_card":"summary_large_image","schema":{"@context":"https:\/\/schema.org","@graph":[{"@type":"WebPage","@id":"https:\/\/ugwp.cfolks.pl\/bwb\/produkt\/systemowe-przylacze-podlogowe-kraso-bkp-90-zestaw-podstawowy\/","url":"https:\/\/ugwp.cfolks.pl\/bwb\/produkt\/systemowe-przylacze-podlogowe-kraso-bkp-90-zestaw-podstawowy\/","name":"Systemowe Przy\u0142\u0105cze Pod\u0142ogowe KRASO\u00ae BKP \u2013 90","isPartOf":{"@id":"https:\/\/ugwp.cfolks.pl\/bwb\/#website"},"primaryImageOfPage":{"@id":"https:\/\/ugwp.cfolks.pl\/bwb\/produkt\/systemowe-przylacze-podlogowe-kraso-bkp-90-zestaw-podstawowy\/#primaryimage"},"image":{"@id":"https:\/\/ugwp.cfolks.pl\/bwb\/produkt\/systemowe-przylacze-podlogowe-kraso-bkp-90-zestaw-podstawowy\/#primaryimage"},"thumbnailUrl":"https:\/\/ugwp.cfolks.pl\/bwb\/wp-content\/uploads\/Systemowe-przylacze-podlogowe-KRASO\u00ae-BKP-\u2013-90-\u2013-zestaw-podstawowy.jpg","datePublished":"2023-01-29T11:53:28+00:00","dateModified":"2023-09-27T14:30:39+00:00","description":"Systemowe przy\u0142\u0105cze pod\u0142ogowe KRASO\u00ae BKP \u2013 90 \u2013 zestaw podstawowy. Wielofunkcyjne i gwarantuj\u0105ce wodoszczelno\u015b\u0107 rozwi\u0105zanie do budynk\u00f3w niepodpiwniczonych.","breadcrumb":{"@id":"https:\/\/ugwp.cfolks.pl\/bwb\/produkt\/systemowe-przylacze-podlogowe-kraso-bkp-90-zestaw-podstawowy\/#breadcrumb"},"inLanguage":"pl-PL","potentialAction":[{"@type":"ReadAction","target":["https:\/\/ugwp.cfolks.pl\/bwb\/produkt\/systemowe-przylacze-podlogowe-kraso-bkp-90-zestaw-podstawowy\/"]}]},{"@type":"ImageObject","inLanguage":"pl-PL","@id":"https:\/\/ugwp.cfolks.pl\/bwb\/produkt\/systemowe-przylacze-podlogowe-kraso-bkp-90-zestaw-podstawowy\/#primaryimage","url":"https:\/\/ugwp.cfolks.pl\/bwb\/wp-content\/uploads\/Systemowe-przylacze-podlogowe-KRASO\u00ae-BKP-\u2013-90-\u2013-zestaw-podstawowy.jpg","contentUrl":"https:\/\/ugwp.cfolks.pl\/bwb\/wp-content\/uploads\/Systemowe-przylacze-podlogowe-KRASO\u00ae-BKP-\u2013-90-\u2013-zestaw-podstawowy.jpg","width":1100,"height":810,"caption":"Systemowe przy\u0142\u0105cze pod\u0142ogowe KRASO\u00ae BKP \u2013 90 \u2013 zestaw podstawowy"},{"@type":"BreadcrumbList","@id":"https:\/\/ugwp.cfolks.pl\/bwb\/produkt\/systemowe-przylacze-podlogowe-kraso-bkp-90-zestaw-podstawowy\/#breadcrumb","itemListElement":[{"@type":"ListItem","position":1,"name":"Strona g\u0142\u00f3wna","item":"https:\/\/ugwp.cfolks.pl\/bwb\/"},{"@type":"ListItem","position":2,"name":"Wodoszczelne Przej\u015bcia Instalacyjne","item":"https:\/\/ugwp.cfolks.pl\/bwb\/kategoria\/wodoszczelne-przejscia-instalacyjne\/"},{"@type":"ListItem","position":3,"name":"Systemy Przy\u0142\u0105czy Domowych","item":"https:\/\/ugwp.cfolks.pl\/bwb\/kategoria\/wodoszczelne-przejscia-instalacyjne\/systemy-przylaczy-domowych\/"},{"@type":"ListItem","position":4,"name":"Systemowe przy\u0142\u0105cze pod\u0142ogowe KRASO\u00ae BKP \u2013 90 \u2013 zestaw podstawowy"}]},{"@type":"WebSite","@id":"https:\/\/ugwp.cfolks.pl\/bwb\/#website","url":"https:\/\/ugwp.cfolks.pl\/bwb\/","name":"BWB technology","description":"Kolejna witryna oparta na WordPressie","potentialAction":[{"@type":"SearchAction","target":{"@type":"EntryPoint","urlTemplate":"https:\/\/ugwp.cfolks.pl\/bwb\/?s={search_term_string}"},"query-input":{"@type":"PropertyValueSpecification","valueRequired":true,"valueName":"search_term_string"}}],"inLanguage":"pl-PL"}]}},"_links":{"self":[{"href":"https:\/\/ugwp.cfolks.pl\/bwb\/wp-json\/wp\/v2\/product\/2933","targetHints":{"allow":["GET"]}}],"collection":[{"href":"https:\/\/ugwp.cfolks.pl\/bwb\/wp-json\/wp\/v2\/product"}],"about":[{"href":"https:\/\/ugwp.cfolks.pl\/bwb\/wp-json\/wp\/v2\/types\/product"}],"wp:featuredmedia":[{"embeddable":true,"href":"https:\/\/ugwp.cfolks.pl\/bwb\/wp-json\/wp\/v2\/media\/2955"}],"wp:attachment":[{"href":"https:\/\/ugwp.cfolks.pl\/bwb\/wp-json\/wp\/v2\/media?parent=2933"}],"wp:term":[{"taxonomy":"product_cat","embeddable":true,"href":"https:\/\/ugwp.cfolks.pl\/bwb\/wp-json\/wp\/v2\/product_cat?post=2933"},{"taxonomy":"product_tag","embeddable":true,"href":"https:\/\/ugwp.cfolks.pl\/bwb\/wp-json\/wp\/v2\/product_tag?post=2933"}],"curies":[{"name":"wp","href":"https:\/\/api.w.org\/{rel}","templated":true}]}}