{"id":2859,"date":"2023-01-02T05:39:18","date_gmt":"2023-01-02T04:39:18","guid":{"rendered":"https:\/\/ugwp.cfolks.pl\/bwb\/?post_type=product&#038;p=2859"},"modified":"2023-09-26T18:09:55","modified_gmt":"2023-09-26T16:09:55","slug":"plyta-kolnierzowa-kraso-cynkowana-galwanicznie","status":"publish","type":"product","link":"https:\/\/ugwp.cfolks.pl\/bwb\/produkt\/plyta-kolnierzowa-kraso-cynkowana-galwanicznie\/","title":{"rendered":"P\u0142yta ko\u0142nierzowa KRASO\u00ae cynkowana galwanicznie"},"content":{"rendered":"","protected":false},"excerpt":{"rendered":"<p>P\u0142yta ko\u0142nierzowa KRASO<sup>\u00ae<\/sup> cynkowana galwanicznie s\u0142u\u017cy do uszczelniania rur lub kabli za pomoc\u0105 wk\u0142ad\u00f3w uszczelniaj\u0105cych KRASO<sup>\u00ae<\/sup> dobieranych oddzielnie przed otworem rdzeniowym w betonie lub elemencie murowanym. Uszczelka p\u0142aska EPDM zabezpiecza przed przenikaniem wody mi\u0119dzy p\u0142yt\u0105 a \u015bcian\u0105 budynku. Dost\u0119pna jest tak\u017ce w wersji dzielonej.<\/p>\n","protected":false},"featured_media":2892,"template":"","meta":{"_acf_changed":false},"product_cat":[139],"product_tag":[],"class_list":{"0":"post-2859","1":"product","2":"type-product","3":"status-publish","4":"has-post-thumbnail","6":"product_cat-uszczelnienia-zewnetrzne","8":"first","9":"instock","10":"shipping-taxable","11":"product-type-simple"},"acf":[],"yoast_head":"<!-- This site is optimized with the Yoast SEO plugin v27.3 - https:\/\/yoast.com\/product\/yoast-seo-wordpress\/ -->\n<title>P\u0142yta ko\u0142nierzowa KRASO\u00ae Cynkowana Galwanicznie<\/title>\n<meta name=\"description\" content=\"P\u0142yta ko\u0142nierzowa KRASO\u00ae cynkowana galwanicznie - wytrzyma\u0142e uszczelnienie dla rur i kabli. Dost\u0119pna w wersji dzielonej. Chroni przed wilgoci\u0105 i wod\u0105.\" \/>\n<meta name=\"robots\" content=\"noindex, follow, max-snippet:-1, max-image-preview:large, max-video-preview:-1\" \/>\n<meta property=\"og:locale\" content=\"pl_PL\" \/>\n<meta property=\"og:type\" content=\"article\" \/>\n<meta property=\"og:title\" content=\"P\u0142yta ko\u0142nierzowa KRASO\u00ae Cynkowana Galwanicznie\" \/>\n<meta property=\"og:description\" content=\"P\u0142yta ko\u0142nierzowa KRASO\u00ae cynkowana galwanicznie - wytrzyma\u0142e uszczelnienie dla rur i kabli. Dost\u0119pna w wersji dzielonej. Chroni przed wilgoci\u0105 i wod\u0105.\" \/>\n<meta property=\"og:url\" content=\"https:\/\/ugwp.cfolks.pl\/bwb\/produkt\/plyta-kolnierzowa-kraso-cynkowana-galwanicznie\/\" \/>\n<meta property=\"og:site_name\" content=\"BWB technology\" \/>\n<meta property=\"article:modified_time\" content=\"2023-09-26T16:09:55+00:00\" \/>\n<meta property=\"og:image\" content=\"https:\/\/ugwp.cfolks.pl\/bwb\/wp-content\/uploads\/Plyta-kolnierzowa-KRASO\u00ae-cynkowana-galwanicznie.jpg\" \/>\n\t<meta property=\"og:image:width\" content=\"1100\" \/>\n\t<meta property=\"og:image:height\" content=\"810\" \/>\n\t<meta property=\"og:image:type\" content=\"image\/jpeg\" \/>\n<meta name=\"twitter:card\" content=\"summary_large_image\" \/>\n<script type=\"application\/ld+json\" class=\"yoast-schema-graph\">{\"@context\":\"https:\\\/\\\/schema.org\",\"@graph\":[{\"@type\":\"WebPage\",\"@id\":\"https:\\\/\\\/ugwp.cfolks.pl\\\/bwb\\\/produkt\\\/plyta-kolnierzowa-kraso-cynkowana-galwanicznie\\\/\",\"url\":\"https:\\\/\\\/ugwp.cfolks.pl\\\/bwb\\\/produkt\\\/plyta-kolnierzowa-kraso-cynkowana-galwanicznie\\\/\",\"name\":\"P\u0142yta ko\u0142nierzowa KRASO\u00ae Cynkowana Galwanicznie\",\"isPartOf\":{\"@id\":\"https:\\\/\\\/ugwp.cfolks.pl\\\/bwb\\\/#website\"},\"primaryImageOfPage\":{\"@id\":\"https:\\\/\\\/ugwp.cfolks.pl\\\/bwb\\\/produkt\\\/plyta-kolnierzowa-kraso-cynkowana-galwanicznie\\\/#primaryimage\"},\"image\":{\"@id\":\"https:\\\/\\\/ugwp.cfolks.pl\\\/bwb\\\/produkt\\\/plyta-kolnierzowa-kraso-cynkowana-galwanicznie\\\/#primaryimage\"},\"thumbnailUrl\":\"https:\\\/\\\/ugwp.cfolks.pl\\\/bwb\\\/wp-content\\\/uploads\\\/Plyta-kolnierzowa-KRASO\u00ae-cynkowana-galwanicznie.jpg\",\"datePublished\":\"2023-01-02T04:39:18+00:00\",\"dateModified\":\"2023-09-26T16:09:55+00:00\",\"description\":\"P\u0142yta ko\u0142nierzowa KRASO\u00ae cynkowana galwanicznie - wytrzyma\u0142e uszczelnienie dla rur i kabli. Dost\u0119pna w wersji dzielonej. Chroni przed wilgoci\u0105 i wod\u0105.\",\"breadcrumb\":{\"@id\":\"https:\\\/\\\/ugwp.cfolks.pl\\\/bwb\\\/produkt\\\/plyta-kolnierzowa-kraso-cynkowana-galwanicznie\\\/#breadcrumb\"},\"inLanguage\":\"pl-PL\",\"potentialAction\":[{\"@type\":\"ReadAction\",\"target\":[\"https:\\\/\\\/ugwp.cfolks.pl\\\/bwb\\\/produkt\\\/plyta-kolnierzowa-kraso-cynkowana-galwanicznie\\\/\"]}]},{\"@type\":\"ImageObject\",\"inLanguage\":\"pl-PL\",\"@id\":\"https:\\\/\\\/ugwp.cfolks.pl\\\/bwb\\\/produkt\\\/plyta-kolnierzowa-kraso-cynkowana-galwanicznie\\\/#primaryimage\",\"url\":\"https:\\\/\\\/ugwp.cfolks.pl\\\/bwb\\\/wp-content\\\/uploads\\\/Plyta-kolnierzowa-KRASO\u00ae-cynkowana-galwanicznie.jpg\",\"contentUrl\":\"https:\\\/\\\/ugwp.cfolks.pl\\\/bwb\\\/wp-content\\\/uploads\\\/Plyta-kolnierzowa-KRASO\u00ae-cynkowana-galwanicznie.jpg\",\"width\":1100,\"height\":810,\"caption\":\"P\u0142yta ko\u0142nierzowa KRASO\u00ae cynkowana galwanicznie\"},{\"@type\":\"BreadcrumbList\",\"@id\":\"https:\\\/\\\/ugwp.cfolks.pl\\\/bwb\\\/produkt\\\/plyta-kolnierzowa-kraso-cynkowana-galwanicznie\\\/#breadcrumb\",\"itemListElement\":[{\"@type\":\"ListItem\",\"position\":1,\"name\":\"Strona g\u0142\u00f3wna\",\"item\":\"https:\\\/\\\/ugwp.cfolks.pl\\\/bwb\\\/\"},{\"@type\":\"ListItem\",\"position\":2,\"name\":\"Wodoszczelne Przej\u015bcia Instalacyjne\",\"item\":\"https:\\\/\\\/ugwp.cfolks.pl\\\/bwb\\\/kategoria\\\/wodoszczelne-przejscia-instalacyjne\\\/\"},{\"@type\":\"ListItem\",\"position\":3,\"name\":\"Uszczelnienia zewn\u0119trzne\",\"item\":\"https:\\\/\\\/ugwp.cfolks.pl\\\/bwb\\\/kategoria\\\/wodoszczelne-przejscia-instalacyjne\\\/uszczelnienia-zewnetrzne\\\/\"},{\"@type\":\"ListItem\",\"position\":4,\"name\":\"P\u0142yta ko\u0142nierzowa KRASO\u00ae cynkowana galwanicznie\"}]},{\"@type\":\"WebSite\",\"@id\":\"https:\\\/\\\/ugwp.cfolks.pl\\\/bwb\\\/#website\",\"url\":\"https:\\\/\\\/ugwp.cfolks.pl\\\/bwb\\\/\",\"name\":\"BWB technology\",\"description\":\"Kolejna witryna oparta na WordPressie\",\"potentialAction\":[{\"@type\":\"SearchAction\",\"target\":{\"@type\":\"EntryPoint\",\"urlTemplate\":\"https:\\\/\\\/ugwp.cfolks.pl\\\/bwb\\\/?s={search_term_string}\"},\"query-input\":{\"@type\":\"PropertyValueSpecification\",\"valueRequired\":true,\"valueName\":\"search_term_string\"}}],\"inLanguage\":\"pl-PL\"}]}<\/script>\n<!-- \/ Yoast SEO plugin. -->","yoast_head_json":{"title":"P\u0142yta ko\u0142nierzowa KRASO\u00ae Cynkowana Galwanicznie","description":"P\u0142yta ko\u0142nierzowa KRASO\u00ae cynkowana galwanicznie - wytrzyma\u0142e uszczelnienie dla rur i kabli. Dost\u0119pna w wersji dzielonej. Chroni przed wilgoci\u0105 i wod\u0105.","robots":{"index":"noindex","follow":"follow","max-snippet":"max-snippet:-1","max-image-preview":"max-image-preview:large","max-video-preview":"max-video-preview:-1"},"og_locale":"pl_PL","og_type":"article","og_title":"P\u0142yta ko\u0142nierzowa KRASO\u00ae Cynkowana Galwanicznie","og_description":"P\u0142yta ko\u0142nierzowa KRASO\u00ae cynkowana galwanicznie - wytrzyma\u0142e uszczelnienie dla rur i kabli. Dost\u0119pna w wersji dzielonej. Chroni przed wilgoci\u0105 i wod\u0105.","og_url":"https:\/\/ugwp.cfolks.pl\/bwb\/produkt\/plyta-kolnierzowa-kraso-cynkowana-galwanicznie\/","og_site_name":"BWB technology","article_modified_time":"2023-09-26T16:09:55+00:00","og_image":[{"width":1100,"height":810,"url":"https:\/\/ugwp.cfolks.pl\/bwb\/wp-content\/uploads\/Plyta-kolnierzowa-KRASO\u00ae-cynkowana-galwanicznie.jpg","type":"image\/jpeg"}],"twitter_card":"summary_large_image","schema":{"@context":"https:\/\/schema.org","@graph":[{"@type":"WebPage","@id":"https:\/\/ugwp.cfolks.pl\/bwb\/produkt\/plyta-kolnierzowa-kraso-cynkowana-galwanicznie\/","url":"https:\/\/ugwp.cfolks.pl\/bwb\/produkt\/plyta-kolnierzowa-kraso-cynkowana-galwanicznie\/","name":"P\u0142yta ko\u0142nierzowa KRASO\u00ae Cynkowana Galwanicznie","isPartOf":{"@id":"https:\/\/ugwp.cfolks.pl\/bwb\/#website"},"primaryImageOfPage":{"@id":"https:\/\/ugwp.cfolks.pl\/bwb\/produkt\/plyta-kolnierzowa-kraso-cynkowana-galwanicznie\/#primaryimage"},"image":{"@id":"https:\/\/ugwp.cfolks.pl\/bwb\/produkt\/plyta-kolnierzowa-kraso-cynkowana-galwanicznie\/#primaryimage"},"thumbnailUrl":"https:\/\/ugwp.cfolks.pl\/bwb\/wp-content\/uploads\/Plyta-kolnierzowa-KRASO\u00ae-cynkowana-galwanicznie.jpg","datePublished":"2023-01-02T04:39:18+00:00","dateModified":"2023-09-26T16:09:55+00:00","description":"P\u0142yta ko\u0142nierzowa KRASO\u00ae cynkowana galwanicznie - wytrzyma\u0142e uszczelnienie dla rur i kabli. Dost\u0119pna w wersji dzielonej. Chroni przed wilgoci\u0105 i wod\u0105.","breadcrumb":{"@id":"https:\/\/ugwp.cfolks.pl\/bwb\/produkt\/plyta-kolnierzowa-kraso-cynkowana-galwanicznie\/#breadcrumb"},"inLanguage":"pl-PL","potentialAction":[{"@type":"ReadAction","target":["https:\/\/ugwp.cfolks.pl\/bwb\/produkt\/plyta-kolnierzowa-kraso-cynkowana-galwanicznie\/"]}]},{"@type":"ImageObject","inLanguage":"pl-PL","@id":"https:\/\/ugwp.cfolks.pl\/bwb\/produkt\/plyta-kolnierzowa-kraso-cynkowana-galwanicznie\/#primaryimage","url":"https:\/\/ugwp.cfolks.pl\/bwb\/wp-content\/uploads\/Plyta-kolnierzowa-KRASO\u00ae-cynkowana-galwanicznie.jpg","contentUrl":"https:\/\/ugwp.cfolks.pl\/bwb\/wp-content\/uploads\/Plyta-kolnierzowa-KRASO\u00ae-cynkowana-galwanicznie.jpg","width":1100,"height":810,"caption":"P\u0142yta ko\u0142nierzowa KRASO\u00ae cynkowana galwanicznie"},{"@type":"BreadcrumbList","@id":"https:\/\/ugwp.cfolks.pl\/bwb\/produkt\/plyta-kolnierzowa-kraso-cynkowana-galwanicznie\/#breadcrumb","itemListElement":[{"@type":"ListItem","position":1,"name":"Strona g\u0142\u00f3wna","item":"https:\/\/ugwp.cfolks.pl\/bwb\/"},{"@type":"ListItem","position":2,"name":"Wodoszczelne Przej\u015bcia Instalacyjne","item":"https:\/\/ugwp.cfolks.pl\/bwb\/kategoria\/wodoszczelne-przejscia-instalacyjne\/"},{"@type":"ListItem","position":3,"name":"Uszczelnienia zewn\u0119trzne","item":"https:\/\/ugwp.cfolks.pl\/bwb\/kategoria\/wodoszczelne-przejscia-instalacyjne\/uszczelnienia-zewnetrzne\/"},{"@type":"ListItem","position":4,"name":"P\u0142yta ko\u0142nierzowa KRASO\u00ae cynkowana galwanicznie"}]},{"@type":"WebSite","@id":"https:\/\/ugwp.cfolks.pl\/bwb\/#website","url":"https:\/\/ugwp.cfolks.pl\/bwb\/","name":"BWB technology","description":"Kolejna witryna oparta na WordPressie","potentialAction":[{"@type":"SearchAction","target":{"@type":"EntryPoint","urlTemplate":"https:\/\/ugwp.cfolks.pl\/bwb\/?s={search_term_string}"},"query-input":{"@type":"PropertyValueSpecification","valueRequired":true,"valueName":"search_term_string"}}],"inLanguage":"pl-PL"}]}},"_links":{"self":[{"href":"https:\/\/ugwp.cfolks.pl\/bwb\/wp-json\/wp\/v2\/product\/2859","targetHints":{"allow":["GET"]}}],"collection":[{"href":"https:\/\/ugwp.cfolks.pl\/bwb\/wp-json\/wp\/v2\/product"}],"about":[{"href":"https:\/\/ugwp.cfolks.pl\/bwb\/wp-json\/wp\/v2\/types\/product"}],"wp:featuredmedia":[{"embeddable":true,"href":"https:\/\/ugwp.cfolks.pl\/bwb\/wp-json\/wp\/v2\/media\/2892"}],"wp:attachment":[{"href":"https:\/\/ugwp.cfolks.pl\/bwb\/wp-json\/wp\/v2\/media?parent=2859"}],"wp:term":[{"taxonomy":"product_cat","embeddable":true,"href":"https:\/\/ugwp.cfolks.pl\/bwb\/wp-json\/wp\/v2\/product_cat?post=2859"},{"taxonomy":"product_tag","embeddable":true,"href":"https:\/\/ugwp.cfolks.pl\/bwb\/wp-json\/wp\/v2\/product_tag?post=2859"}],"curies":[{"name":"wp","href":"https:\/\/api.w.org\/{rel}","templated":true}]}}