{"id":2858,"date":"2023-01-02T05:39:12","date_gmt":"2023-01-02T04:39:12","guid":{"rendered":"https:\/\/ugwp.cfolks.pl\/bwb\/?post_type=product&#038;p=2858"},"modified":"2023-09-26T17:48:59","modified_gmt":"2023-09-26T15:48:59","slug":"plyta-kolnierzowa-kraso-stal-nierdzewna-v2a","status":"publish","type":"product","link":"https:\/\/ugwp.cfolks.pl\/bwb\/produkt\/plyta-kolnierzowa-kraso-stal-nierdzewna-v2a\/","title":{"rendered":"P\u0142yta ko\u0142nierzowa KRASO\u00ae stal nierdzewna V2A"},"content":{"rendered":"","protected":false},"excerpt":{"rendered":"<p>P\u0142yta ko\u0142nierzowa KRASO\u00ae stal nierdzewna V2A s\u0142u\u017cy do uszczelniania rur lub kabli z u\u017cyciem wk\u0142ad\u00f3w uszczelniaj\u0105cych KRASO\u00ae dobieranych oddzielnie przed otworem rdzeniowym w betonie lub elemencie murowanym. Uszczelka p\u0142aska EPDM zabezpiecza przed przenikaniem wody mi\u0119dzy p\u0142yt\u0105 a \u015bcian\u0105 budynku. Dost\u0119pna jest tak\u017ce w wersji dzielonej lub wykonanej ze stali V4A.<\/p>\n","protected":false},"featured_media":2887,"template":"","meta":{"_acf_changed":false},"product_cat":[139],"product_tag":[],"class_list":{"0":"post-2858","1":"product","2":"type-product","3":"status-publish","4":"has-post-thumbnail","6":"product_cat-uszczelnienia-zewnetrzne","8":"first","9":"instock","10":"shipping-taxable","11":"product-type-simple"},"acf":[],"yoast_head":"<!-- This site is optimized with the Yoast SEO plugin v27.3 - https:\/\/yoast.com\/product\/yoast-seo-wordpress\/ -->\n<title>P\u0142yta Ko\u0142nierzowa KRASO\u00ae Stal Nierdzewna V2A<\/title>\n<meta name=\"description\" content=\"P\u0142yta ko\u0142nierzowa KRASO\u00aestal nierdzewna V2A do uszczelniania rur i kabli z wykorzystaniem wk\u0142ad\u00f3w uszczelniaj\u0105cych KRASO\u00ae. Solidne i niezawodne rozwi\u0105zanie.\" \/>\n<meta name=\"robots\" content=\"noindex, follow, max-snippet:-1, max-image-preview:large, max-video-preview:-1\" \/>\n<meta property=\"og:locale\" content=\"pl_PL\" \/>\n<meta property=\"og:type\" content=\"article\" \/>\n<meta property=\"og:title\" content=\"P\u0142yta Ko\u0142nierzowa KRASO\u00ae Stal Nierdzewna V2A\" \/>\n<meta property=\"og:description\" content=\"P\u0142yta ko\u0142nierzowa KRASO\u00aestal nierdzewna V2A do uszczelniania rur i kabli z wykorzystaniem wk\u0142ad\u00f3w uszczelniaj\u0105cych KRASO\u00ae. Solidne i niezawodne rozwi\u0105zanie.\" \/>\n<meta property=\"og:url\" content=\"https:\/\/ugwp.cfolks.pl\/bwb\/produkt\/plyta-kolnierzowa-kraso-stal-nierdzewna-v2a\/\" \/>\n<meta property=\"og:site_name\" content=\"BWB technology\" \/>\n<meta property=\"article:modified_time\" content=\"2023-09-26T15:48:59+00:00\" \/>\n<meta property=\"og:image\" content=\"https:\/\/ugwp.cfolks.pl\/bwb\/wp-content\/uploads\/Plyta-kolnierzowa-KRASO\u00ae-stal-nierdzewna-V2A.jpg\" \/>\n\t<meta property=\"og:image:width\" content=\"1100\" \/>\n\t<meta property=\"og:image:height\" content=\"810\" \/>\n\t<meta property=\"og:image:type\" content=\"image\/jpeg\" \/>\n<meta name=\"twitter:card\" content=\"summary_large_image\" \/>\n<script type=\"application\/ld+json\" class=\"yoast-schema-graph\">{\"@context\":\"https:\\\/\\\/schema.org\",\"@graph\":[{\"@type\":\"WebPage\",\"@id\":\"https:\\\/\\\/ugwp.cfolks.pl\\\/bwb\\\/produkt\\\/plyta-kolnierzowa-kraso-stal-nierdzewna-v2a\\\/\",\"url\":\"https:\\\/\\\/ugwp.cfolks.pl\\\/bwb\\\/produkt\\\/plyta-kolnierzowa-kraso-stal-nierdzewna-v2a\\\/\",\"name\":\"P\u0142yta Ko\u0142nierzowa KRASO\u00ae Stal Nierdzewna V2A\",\"isPartOf\":{\"@id\":\"https:\\\/\\\/ugwp.cfolks.pl\\\/bwb\\\/#website\"},\"primaryImageOfPage\":{\"@id\":\"https:\\\/\\\/ugwp.cfolks.pl\\\/bwb\\\/produkt\\\/plyta-kolnierzowa-kraso-stal-nierdzewna-v2a\\\/#primaryimage\"},\"image\":{\"@id\":\"https:\\\/\\\/ugwp.cfolks.pl\\\/bwb\\\/produkt\\\/plyta-kolnierzowa-kraso-stal-nierdzewna-v2a\\\/#primaryimage\"},\"thumbnailUrl\":\"https:\\\/\\\/ugwp.cfolks.pl\\\/bwb\\\/wp-content\\\/uploads\\\/Plyta-kolnierzowa-KRASO\u00ae-stal-nierdzewna-V2A.jpg\",\"datePublished\":\"2023-01-02T04:39:12+00:00\",\"dateModified\":\"2023-09-26T15:48:59+00:00\",\"description\":\"P\u0142yta ko\u0142nierzowa KRASO\u00aestal nierdzewna V2A do uszczelniania rur i kabli z wykorzystaniem wk\u0142ad\u00f3w uszczelniaj\u0105cych KRASO\u00ae. Solidne i niezawodne rozwi\u0105zanie.\",\"breadcrumb\":{\"@id\":\"https:\\\/\\\/ugwp.cfolks.pl\\\/bwb\\\/produkt\\\/plyta-kolnierzowa-kraso-stal-nierdzewna-v2a\\\/#breadcrumb\"},\"inLanguage\":\"pl-PL\",\"potentialAction\":[{\"@type\":\"ReadAction\",\"target\":[\"https:\\\/\\\/ugwp.cfolks.pl\\\/bwb\\\/produkt\\\/plyta-kolnierzowa-kraso-stal-nierdzewna-v2a\\\/\"]}]},{\"@type\":\"ImageObject\",\"inLanguage\":\"pl-PL\",\"@id\":\"https:\\\/\\\/ugwp.cfolks.pl\\\/bwb\\\/produkt\\\/plyta-kolnierzowa-kraso-stal-nierdzewna-v2a\\\/#primaryimage\",\"url\":\"https:\\\/\\\/ugwp.cfolks.pl\\\/bwb\\\/wp-content\\\/uploads\\\/Plyta-kolnierzowa-KRASO\u00ae-stal-nierdzewna-V2A.jpg\",\"contentUrl\":\"https:\\\/\\\/ugwp.cfolks.pl\\\/bwb\\\/wp-content\\\/uploads\\\/Plyta-kolnierzowa-KRASO\u00ae-stal-nierdzewna-V2A.jpg\",\"width\":1100,\"height\":810,\"caption\":\"P\u0142yta ko\u0142nierzowa KRASO\u00ae stal nierdzewna V2A\"},{\"@type\":\"BreadcrumbList\",\"@id\":\"https:\\\/\\\/ugwp.cfolks.pl\\\/bwb\\\/produkt\\\/plyta-kolnierzowa-kraso-stal-nierdzewna-v2a\\\/#breadcrumb\",\"itemListElement\":[{\"@type\":\"ListItem\",\"position\":1,\"name\":\"Strona g\u0142\u00f3wna\",\"item\":\"https:\\\/\\\/ugwp.cfolks.pl\\\/bwb\\\/\"},{\"@type\":\"ListItem\",\"position\":2,\"name\":\"Wodoszczelne Przej\u015bcia Instalacyjne\",\"item\":\"https:\\\/\\\/ugwp.cfolks.pl\\\/bwb\\\/kategoria\\\/wodoszczelne-przejscia-instalacyjne\\\/\"},{\"@type\":\"ListItem\",\"position\":3,\"name\":\"Uszczelnienia zewn\u0119trzne\",\"item\":\"https:\\\/\\\/ugwp.cfolks.pl\\\/bwb\\\/kategoria\\\/wodoszczelne-przejscia-instalacyjne\\\/uszczelnienia-zewnetrzne\\\/\"},{\"@type\":\"ListItem\",\"position\":4,\"name\":\"P\u0142yta ko\u0142nierzowa KRASO\u00ae stal nierdzewna V2A\"}]},{\"@type\":\"WebSite\",\"@id\":\"https:\\\/\\\/ugwp.cfolks.pl\\\/bwb\\\/#website\",\"url\":\"https:\\\/\\\/ugwp.cfolks.pl\\\/bwb\\\/\",\"name\":\"BWB technology\",\"description\":\"Kolejna witryna oparta na WordPressie\",\"potentialAction\":[{\"@type\":\"SearchAction\",\"target\":{\"@type\":\"EntryPoint\",\"urlTemplate\":\"https:\\\/\\\/ugwp.cfolks.pl\\\/bwb\\\/?s={search_term_string}\"},\"query-input\":{\"@type\":\"PropertyValueSpecification\",\"valueRequired\":true,\"valueName\":\"search_term_string\"}}],\"inLanguage\":\"pl-PL\"}]}<\/script>\n<!-- \/ Yoast SEO plugin. -->","yoast_head_json":{"title":"P\u0142yta Ko\u0142nierzowa KRASO\u00ae Stal Nierdzewna V2A","description":"P\u0142yta ko\u0142nierzowa KRASO\u00aestal nierdzewna V2A do uszczelniania rur i kabli z wykorzystaniem wk\u0142ad\u00f3w uszczelniaj\u0105cych KRASO\u00ae. Solidne i niezawodne rozwi\u0105zanie.","robots":{"index":"noindex","follow":"follow","max-snippet":"max-snippet:-1","max-image-preview":"max-image-preview:large","max-video-preview":"max-video-preview:-1"},"og_locale":"pl_PL","og_type":"article","og_title":"P\u0142yta Ko\u0142nierzowa KRASO\u00ae Stal Nierdzewna V2A","og_description":"P\u0142yta ko\u0142nierzowa KRASO\u00aestal nierdzewna V2A do uszczelniania rur i kabli z wykorzystaniem wk\u0142ad\u00f3w uszczelniaj\u0105cych KRASO\u00ae. Solidne i niezawodne rozwi\u0105zanie.","og_url":"https:\/\/ugwp.cfolks.pl\/bwb\/produkt\/plyta-kolnierzowa-kraso-stal-nierdzewna-v2a\/","og_site_name":"BWB technology","article_modified_time":"2023-09-26T15:48:59+00:00","og_image":[{"width":1100,"height":810,"url":"https:\/\/ugwp.cfolks.pl\/bwb\/wp-content\/uploads\/Plyta-kolnierzowa-KRASO\u00ae-stal-nierdzewna-V2A.jpg","type":"image\/jpeg"}],"twitter_card":"summary_large_image","schema":{"@context":"https:\/\/schema.org","@graph":[{"@type":"WebPage","@id":"https:\/\/ugwp.cfolks.pl\/bwb\/produkt\/plyta-kolnierzowa-kraso-stal-nierdzewna-v2a\/","url":"https:\/\/ugwp.cfolks.pl\/bwb\/produkt\/plyta-kolnierzowa-kraso-stal-nierdzewna-v2a\/","name":"P\u0142yta Ko\u0142nierzowa KRASO\u00ae Stal Nierdzewna V2A","isPartOf":{"@id":"https:\/\/ugwp.cfolks.pl\/bwb\/#website"},"primaryImageOfPage":{"@id":"https:\/\/ugwp.cfolks.pl\/bwb\/produkt\/plyta-kolnierzowa-kraso-stal-nierdzewna-v2a\/#primaryimage"},"image":{"@id":"https:\/\/ugwp.cfolks.pl\/bwb\/produkt\/plyta-kolnierzowa-kraso-stal-nierdzewna-v2a\/#primaryimage"},"thumbnailUrl":"https:\/\/ugwp.cfolks.pl\/bwb\/wp-content\/uploads\/Plyta-kolnierzowa-KRASO\u00ae-stal-nierdzewna-V2A.jpg","datePublished":"2023-01-02T04:39:12+00:00","dateModified":"2023-09-26T15:48:59+00:00","description":"P\u0142yta ko\u0142nierzowa KRASO\u00aestal nierdzewna V2A do uszczelniania rur i kabli z wykorzystaniem wk\u0142ad\u00f3w uszczelniaj\u0105cych KRASO\u00ae. Solidne i niezawodne rozwi\u0105zanie.","breadcrumb":{"@id":"https:\/\/ugwp.cfolks.pl\/bwb\/produkt\/plyta-kolnierzowa-kraso-stal-nierdzewna-v2a\/#breadcrumb"},"inLanguage":"pl-PL","potentialAction":[{"@type":"ReadAction","target":["https:\/\/ugwp.cfolks.pl\/bwb\/produkt\/plyta-kolnierzowa-kraso-stal-nierdzewna-v2a\/"]}]},{"@type":"ImageObject","inLanguage":"pl-PL","@id":"https:\/\/ugwp.cfolks.pl\/bwb\/produkt\/plyta-kolnierzowa-kraso-stal-nierdzewna-v2a\/#primaryimage","url":"https:\/\/ugwp.cfolks.pl\/bwb\/wp-content\/uploads\/Plyta-kolnierzowa-KRASO\u00ae-stal-nierdzewna-V2A.jpg","contentUrl":"https:\/\/ugwp.cfolks.pl\/bwb\/wp-content\/uploads\/Plyta-kolnierzowa-KRASO\u00ae-stal-nierdzewna-V2A.jpg","width":1100,"height":810,"caption":"P\u0142yta ko\u0142nierzowa KRASO\u00ae stal nierdzewna V2A"},{"@type":"BreadcrumbList","@id":"https:\/\/ugwp.cfolks.pl\/bwb\/produkt\/plyta-kolnierzowa-kraso-stal-nierdzewna-v2a\/#breadcrumb","itemListElement":[{"@type":"ListItem","position":1,"name":"Strona g\u0142\u00f3wna","item":"https:\/\/ugwp.cfolks.pl\/bwb\/"},{"@type":"ListItem","position":2,"name":"Wodoszczelne Przej\u015bcia Instalacyjne","item":"https:\/\/ugwp.cfolks.pl\/bwb\/kategoria\/wodoszczelne-przejscia-instalacyjne\/"},{"@type":"ListItem","position":3,"name":"Uszczelnienia zewn\u0119trzne","item":"https:\/\/ugwp.cfolks.pl\/bwb\/kategoria\/wodoszczelne-przejscia-instalacyjne\/uszczelnienia-zewnetrzne\/"},{"@type":"ListItem","position":4,"name":"P\u0142yta ko\u0142nierzowa KRASO\u00ae stal nierdzewna V2A"}]},{"@type":"WebSite","@id":"https:\/\/ugwp.cfolks.pl\/bwb\/#website","url":"https:\/\/ugwp.cfolks.pl\/bwb\/","name":"BWB technology","description":"Kolejna witryna oparta na WordPressie","potentialAction":[{"@type":"SearchAction","target":{"@type":"EntryPoint","urlTemplate":"https:\/\/ugwp.cfolks.pl\/bwb\/?s={search_term_string}"},"query-input":{"@type":"PropertyValueSpecification","valueRequired":true,"valueName":"search_term_string"}}],"inLanguage":"pl-PL"}]}},"_links":{"self":[{"href":"https:\/\/ugwp.cfolks.pl\/bwb\/wp-json\/wp\/v2\/product\/2858","targetHints":{"allow":["GET"]}}],"collection":[{"href":"https:\/\/ugwp.cfolks.pl\/bwb\/wp-json\/wp\/v2\/product"}],"about":[{"href":"https:\/\/ugwp.cfolks.pl\/bwb\/wp-json\/wp\/v2\/types\/product"}],"wp:featuredmedia":[{"embeddable":true,"href":"https:\/\/ugwp.cfolks.pl\/bwb\/wp-json\/wp\/v2\/media\/2887"}],"wp:attachment":[{"href":"https:\/\/ugwp.cfolks.pl\/bwb\/wp-json\/wp\/v2\/media?parent=2858"}],"wp:term":[{"taxonomy":"product_cat","embeddable":true,"href":"https:\/\/ugwp.cfolks.pl\/bwb\/wp-json\/wp\/v2\/product_cat?post=2858"},{"taxonomy":"product_tag","embeddable":true,"href":"https:\/\/ugwp.cfolks.pl\/bwb\/wp-json\/wp\/v2\/product_tag?post=2858"}],"curies":[{"name":"wp","href":"https:\/\/api.w.org\/{rel}","templated":true}]}}