{"id":2857,"date":"2023-01-02T05:39:04","date_gmt":"2023-01-02T04:39:04","guid":{"rendered":"https:\/\/ugwp.cfolks.pl\/bwb\/?post_type=product&#038;p=2857"},"modified":"2023-09-26T17:44:31","modified_gmt":"2023-09-26T15:44:31","slug":"wklad-uszczelniajacy-kraso-fl-kolnierz-stalo-przesuwny","status":"publish","type":"product","link":"https:\/\/ugwp.cfolks.pl\/bwb\/produkt\/wklad-uszczelniajacy-kraso-fl-kolnierz-stalo-przesuwny\/","title":{"rendered":"Wk\u0142ad uszczelniaj\u0105cy KRASO\u00ae FL \u2013 ko\u0142nierz sta\u0142o-przesuwny"},"content":{"rendered":"","protected":false},"excerpt":{"rendered":"<p>Ko\u0142nierz sta\u0142o-przesuwny z wk\u0142adem uszczelniaj\u0105cym KRASO<sup>\u00ae<\/sup> zgrzanym z ko\u0142nierzem sta\u0142ym s\u0142u\u017cy do przeprowadzania rur i kabli do budynk\u00f3w z uszczelnieniem zewn\u0119trznym(hydroizolacja bitumiczna) chroni\u0105cym przed wod\u0105 pod ci\u015bnieniem i wilgoci\u0105 gruntow\u0105 zgodnie z norm\u0105 DIN 18533. Dost\u0119pne wersje: stal nierdzewna V2A lub stal cynkowana galwanicznie, z pow\u0142ok\u0105 specjaln\u0105 lub bez pow\u0142oki. Nakr\u0119tki kontroluj\u0105ce moment obrotowy KRASO<sup>\u00ae<\/sup> DKM u\u0142atwiaj\u0105 monta\u017c rury, kabla bez potrzeby u\u017cywania klucza dynamometrycznego.<\/p>\n","protected":false},"featured_media":2882,"template":"","meta":{"_acf_changed":false},"product_cat":[139],"product_tag":[],"class_list":{"0":"post-2857","1":"product","2":"type-product","3":"status-publish","4":"has-post-thumbnail","6":"product_cat-uszczelnienia-zewnetrzne","8":"first","9":"instock","10":"shipping-taxable","11":"product-type-simple"},"acf":[],"yoast_head":"<!-- This site is optimized with the Yoast SEO plugin v27.3 - https:\/\/yoast.com\/product\/yoast-seo-wordpress\/ -->\n<title>Wk\u0142ad Uszczelniaj\u0105cy KRASO\u00ae FL \u2013 Ko\u0142nierz Sta\u0142o-Przesuwny<\/title>\n<meta name=\"description\" content=\"Wk\u0142ad Uszczelniaj\u0105cy KRASO\u00ae FL z ko\u0142nierzem sta\u0142o-przesuwnym do przeprowadzania rur i kabli w budynkach z zewn\u0119trznym uszczelnieniem. Solidno\u015b\u0107 i Trwa\u0142o\u015b\u0107.\" \/>\n<meta name=\"robots\" content=\"noindex, follow, max-snippet:-1, max-image-preview:large, max-video-preview:-1\" \/>\n<meta property=\"og:locale\" content=\"pl_PL\" \/>\n<meta property=\"og:type\" content=\"article\" \/>\n<meta property=\"og:title\" content=\"Wk\u0142ad Uszczelniaj\u0105cy KRASO\u00ae FL \u2013 Ko\u0142nierz Sta\u0142o-Przesuwny\" \/>\n<meta property=\"og:description\" content=\"Wk\u0142ad Uszczelniaj\u0105cy KRASO\u00ae FL z ko\u0142nierzem sta\u0142o-przesuwnym do przeprowadzania rur i kabli w budynkach z zewn\u0119trznym uszczelnieniem. Solidno\u015b\u0107 i Trwa\u0142o\u015b\u0107.\" \/>\n<meta property=\"og:url\" content=\"https:\/\/ugwp.cfolks.pl\/bwb\/produkt\/wklad-uszczelniajacy-kraso-fl-kolnierz-stalo-przesuwny\/\" \/>\n<meta property=\"og:site_name\" content=\"BWB technology\" \/>\n<meta property=\"article:modified_time\" content=\"2023-09-26T15:44:31+00:00\" \/>\n<meta property=\"og:image\" content=\"https:\/\/ugwp.cfolks.pl\/bwb\/wp-content\/uploads\/Wklad-uszczelniajacy-KRASO\u00ae-FL-\u2013-kolnierz-stalo-przesuwny.jpg\" \/>\n\t<meta property=\"og:image:width\" content=\"1100\" \/>\n\t<meta property=\"og:image:height\" content=\"810\" \/>\n\t<meta property=\"og:image:type\" content=\"image\/jpeg\" \/>\n<meta name=\"twitter:card\" content=\"summary_large_image\" \/>\n<script type=\"application\/ld+json\" class=\"yoast-schema-graph\">{\"@context\":\"https:\\\/\\\/schema.org\",\"@graph\":[{\"@type\":\"WebPage\",\"@id\":\"https:\\\/\\\/ugwp.cfolks.pl\\\/bwb\\\/produkt\\\/wklad-uszczelniajacy-kraso-fl-kolnierz-stalo-przesuwny\\\/\",\"url\":\"https:\\\/\\\/ugwp.cfolks.pl\\\/bwb\\\/produkt\\\/wklad-uszczelniajacy-kraso-fl-kolnierz-stalo-przesuwny\\\/\",\"name\":\"Wk\u0142ad Uszczelniaj\u0105cy KRASO\u00ae FL \u2013 Ko\u0142nierz Sta\u0142o-Przesuwny\",\"isPartOf\":{\"@id\":\"https:\\\/\\\/ugwp.cfolks.pl\\\/bwb\\\/#website\"},\"primaryImageOfPage\":{\"@id\":\"https:\\\/\\\/ugwp.cfolks.pl\\\/bwb\\\/produkt\\\/wklad-uszczelniajacy-kraso-fl-kolnierz-stalo-przesuwny\\\/#primaryimage\"},\"image\":{\"@id\":\"https:\\\/\\\/ugwp.cfolks.pl\\\/bwb\\\/produkt\\\/wklad-uszczelniajacy-kraso-fl-kolnierz-stalo-przesuwny\\\/#primaryimage\"},\"thumbnailUrl\":\"https:\\\/\\\/ugwp.cfolks.pl\\\/bwb\\\/wp-content\\\/uploads\\\/Wklad-uszczelniajacy-KRASO\u00ae-FL-\u2013-kolnierz-stalo-przesuwny.jpg\",\"datePublished\":\"2023-01-02T04:39:04+00:00\",\"dateModified\":\"2023-09-26T15:44:31+00:00\",\"description\":\"Wk\u0142ad Uszczelniaj\u0105cy KRASO\u00ae FL z ko\u0142nierzem sta\u0142o-przesuwnym do przeprowadzania rur i kabli w budynkach z zewn\u0119trznym uszczelnieniem. Solidno\u015b\u0107 i Trwa\u0142o\u015b\u0107.\",\"breadcrumb\":{\"@id\":\"https:\\\/\\\/ugwp.cfolks.pl\\\/bwb\\\/produkt\\\/wklad-uszczelniajacy-kraso-fl-kolnierz-stalo-przesuwny\\\/#breadcrumb\"},\"inLanguage\":\"pl-PL\",\"potentialAction\":[{\"@type\":\"ReadAction\",\"target\":[\"https:\\\/\\\/ugwp.cfolks.pl\\\/bwb\\\/produkt\\\/wklad-uszczelniajacy-kraso-fl-kolnierz-stalo-przesuwny\\\/\"]}]},{\"@type\":\"ImageObject\",\"inLanguage\":\"pl-PL\",\"@id\":\"https:\\\/\\\/ugwp.cfolks.pl\\\/bwb\\\/produkt\\\/wklad-uszczelniajacy-kraso-fl-kolnierz-stalo-przesuwny\\\/#primaryimage\",\"url\":\"https:\\\/\\\/ugwp.cfolks.pl\\\/bwb\\\/wp-content\\\/uploads\\\/Wklad-uszczelniajacy-KRASO\u00ae-FL-\u2013-kolnierz-stalo-przesuwny.jpg\",\"contentUrl\":\"https:\\\/\\\/ugwp.cfolks.pl\\\/bwb\\\/wp-content\\\/uploads\\\/Wklad-uszczelniajacy-KRASO\u00ae-FL-\u2013-kolnierz-stalo-przesuwny.jpg\",\"width\":1100,\"height\":810,\"caption\":\"Wk\u0142ad uszczelniaj\u0105cy KRASO\u00ae FL \u2013 ko\u0142nierz sta\u0142o-przesuwny\"},{\"@type\":\"BreadcrumbList\",\"@id\":\"https:\\\/\\\/ugwp.cfolks.pl\\\/bwb\\\/produkt\\\/wklad-uszczelniajacy-kraso-fl-kolnierz-stalo-przesuwny\\\/#breadcrumb\",\"itemListElement\":[{\"@type\":\"ListItem\",\"position\":1,\"name\":\"Strona g\u0142\u00f3wna\",\"item\":\"https:\\\/\\\/ugwp.cfolks.pl\\\/bwb\\\/\"},{\"@type\":\"ListItem\",\"position\":2,\"name\":\"Wodoszczelne Przej\u015bcia Instalacyjne\",\"item\":\"https:\\\/\\\/ugwp.cfolks.pl\\\/bwb\\\/kategoria\\\/wodoszczelne-przejscia-instalacyjne\\\/\"},{\"@type\":\"ListItem\",\"position\":3,\"name\":\"Uszczelnienia zewn\u0119trzne\",\"item\":\"https:\\\/\\\/ugwp.cfolks.pl\\\/bwb\\\/kategoria\\\/wodoszczelne-przejscia-instalacyjne\\\/uszczelnienia-zewnetrzne\\\/\"},{\"@type\":\"ListItem\",\"position\":4,\"name\":\"Wk\u0142ad uszczelniaj\u0105cy KRASO\u00ae FL \u2013 ko\u0142nierz sta\u0142o-przesuwny\"}]},{\"@type\":\"WebSite\",\"@id\":\"https:\\\/\\\/ugwp.cfolks.pl\\\/bwb\\\/#website\",\"url\":\"https:\\\/\\\/ugwp.cfolks.pl\\\/bwb\\\/\",\"name\":\"BWB technology\",\"description\":\"Kolejna witryna oparta na WordPressie\",\"potentialAction\":[{\"@type\":\"SearchAction\",\"target\":{\"@type\":\"EntryPoint\",\"urlTemplate\":\"https:\\\/\\\/ugwp.cfolks.pl\\\/bwb\\\/?s={search_term_string}\"},\"query-input\":{\"@type\":\"PropertyValueSpecification\",\"valueRequired\":true,\"valueName\":\"search_term_string\"}}],\"inLanguage\":\"pl-PL\"}]}<\/script>\n<!-- \/ Yoast SEO plugin. -->","yoast_head_json":{"title":"Wk\u0142ad Uszczelniaj\u0105cy KRASO\u00ae FL \u2013 Ko\u0142nierz Sta\u0142o-Przesuwny","description":"Wk\u0142ad Uszczelniaj\u0105cy KRASO\u00ae FL z ko\u0142nierzem sta\u0142o-przesuwnym do przeprowadzania rur i kabli w budynkach z zewn\u0119trznym uszczelnieniem. Solidno\u015b\u0107 i Trwa\u0142o\u015b\u0107.","robots":{"index":"noindex","follow":"follow","max-snippet":"max-snippet:-1","max-image-preview":"max-image-preview:large","max-video-preview":"max-video-preview:-1"},"og_locale":"pl_PL","og_type":"article","og_title":"Wk\u0142ad Uszczelniaj\u0105cy KRASO\u00ae FL \u2013 Ko\u0142nierz Sta\u0142o-Przesuwny","og_description":"Wk\u0142ad Uszczelniaj\u0105cy KRASO\u00ae FL z ko\u0142nierzem sta\u0142o-przesuwnym do przeprowadzania rur i kabli w budynkach z zewn\u0119trznym uszczelnieniem. Solidno\u015b\u0107 i Trwa\u0142o\u015b\u0107.","og_url":"https:\/\/ugwp.cfolks.pl\/bwb\/produkt\/wklad-uszczelniajacy-kraso-fl-kolnierz-stalo-przesuwny\/","og_site_name":"BWB technology","article_modified_time":"2023-09-26T15:44:31+00:00","og_image":[{"width":1100,"height":810,"url":"https:\/\/ugwp.cfolks.pl\/bwb\/wp-content\/uploads\/Wklad-uszczelniajacy-KRASO\u00ae-FL-\u2013-kolnierz-stalo-przesuwny.jpg","type":"image\/jpeg"}],"twitter_card":"summary_large_image","schema":{"@context":"https:\/\/schema.org","@graph":[{"@type":"WebPage","@id":"https:\/\/ugwp.cfolks.pl\/bwb\/produkt\/wklad-uszczelniajacy-kraso-fl-kolnierz-stalo-przesuwny\/","url":"https:\/\/ugwp.cfolks.pl\/bwb\/produkt\/wklad-uszczelniajacy-kraso-fl-kolnierz-stalo-przesuwny\/","name":"Wk\u0142ad Uszczelniaj\u0105cy KRASO\u00ae FL \u2013 Ko\u0142nierz Sta\u0142o-Przesuwny","isPartOf":{"@id":"https:\/\/ugwp.cfolks.pl\/bwb\/#website"},"primaryImageOfPage":{"@id":"https:\/\/ugwp.cfolks.pl\/bwb\/produkt\/wklad-uszczelniajacy-kraso-fl-kolnierz-stalo-przesuwny\/#primaryimage"},"image":{"@id":"https:\/\/ugwp.cfolks.pl\/bwb\/produkt\/wklad-uszczelniajacy-kraso-fl-kolnierz-stalo-przesuwny\/#primaryimage"},"thumbnailUrl":"https:\/\/ugwp.cfolks.pl\/bwb\/wp-content\/uploads\/Wklad-uszczelniajacy-KRASO\u00ae-FL-\u2013-kolnierz-stalo-przesuwny.jpg","datePublished":"2023-01-02T04:39:04+00:00","dateModified":"2023-09-26T15:44:31+00:00","description":"Wk\u0142ad Uszczelniaj\u0105cy KRASO\u00ae FL z ko\u0142nierzem sta\u0142o-przesuwnym do przeprowadzania rur i kabli w budynkach z zewn\u0119trznym uszczelnieniem. Solidno\u015b\u0107 i Trwa\u0142o\u015b\u0107.","breadcrumb":{"@id":"https:\/\/ugwp.cfolks.pl\/bwb\/produkt\/wklad-uszczelniajacy-kraso-fl-kolnierz-stalo-przesuwny\/#breadcrumb"},"inLanguage":"pl-PL","potentialAction":[{"@type":"ReadAction","target":["https:\/\/ugwp.cfolks.pl\/bwb\/produkt\/wklad-uszczelniajacy-kraso-fl-kolnierz-stalo-przesuwny\/"]}]},{"@type":"ImageObject","inLanguage":"pl-PL","@id":"https:\/\/ugwp.cfolks.pl\/bwb\/produkt\/wklad-uszczelniajacy-kraso-fl-kolnierz-stalo-przesuwny\/#primaryimage","url":"https:\/\/ugwp.cfolks.pl\/bwb\/wp-content\/uploads\/Wklad-uszczelniajacy-KRASO\u00ae-FL-\u2013-kolnierz-stalo-przesuwny.jpg","contentUrl":"https:\/\/ugwp.cfolks.pl\/bwb\/wp-content\/uploads\/Wklad-uszczelniajacy-KRASO\u00ae-FL-\u2013-kolnierz-stalo-przesuwny.jpg","width":1100,"height":810,"caption":"Wk\u0142ad uszczelniaj\u0105cy KRASO\u00ae FL \u2013 ko\u0142nierz sta\u0142o-przesuwny"},{"@type":"BreadcrumbList","@id":"https:\/\/ugwp.cfolks.pl\/bwb\/produkt\/wklad-uszczelniajacy-kraso-fl-kolnierz-stalo-przesuwny\/#breadcrumb","itemListElement":[{"@type":"ListItem","position":1,"name":"Strona g\u0142\u00f3wna","item":"https:\/\/ugwp.cfolks.pl\/bwb\/"},{"@type":"ListItem","position":2,"name":"Wodoszczelne Przej\u015bcia Instalacyjne","item":"https:\/\/ugwp.cfolks.pl\/bwb\/kategoria\/wodoszczelne-przejscia-instalacyjne\/"},{"@type":"ListItem","position":3,"name":"Uszczelnienia zewn\u0119trzne","item":"https:\/\/ugwp.cfolks.pl\/bwb\/kategoria\/wodoszczelne-przejscia-instalacyjne\/uszczelnienia-zewnetrzne\/"},{"@type":"ListItem","position":4,"name":"Wk\u0142ad uszczelniaj\u0105cy KRASO\u00ae FL \u2013 ko\u0142nierz sta\u0142o-przesuwny"}]},{"@type":"WebSite","@id":"https:\/\/ugwp.cfolks.pl\/bwb\/#website","url":"https:\/\/ugwp.cfolks.pl\/bwb\/","name":"BWB technology","description":"Kolejna witryna oparta na WordPressie","potentialAction":[{"@type":"SearchAction","target":{"@type":"EntryPoint","urlTemplate":"https:\/\/ugwp.cfolks.pl\/bwb\/?s={search_term_string}"},"query-input":{"@type":"PropertyValueSpecification","valueRequired":true,"valueName":"search_term_string"}}],"inLanguage":"pl-PL"}]}},"_links":{"self":[{"href":"https:\/\/ugwp.cfolks.pl\/bwb\/wp-json\/wp\/v2\/product\/2857","targetHints":{"allow":["GET"]}}],"collection":[{"href":"https:\/\/ugwp.cfolks.pl\/bwb\/wp-json\/wp\/v2\/product"}],"about":[{"href":"https:\/\/ugwp.cfolks.pl\/bwb\/wp-json\/wp\/v2\/types\/product"}],"wp:featuredmedia":[{"embeddable":true,"href":"https:\/\/ugwp.cfolks.pl\/bwb\/wp-json\/wp\/v2\/media\/2882"}],"wp:attachment":[{"href":"https:\/\/ugwp.cfolks.pl\/bwb\/wp-json\/wp\/v2\/media?parent=2857"}],"wp:term":[{"taxonomy":"product_cat","embeddable":true,"href":"https:\/\/ugwp.cfolks.pl\/bwb\/wp-json\/wp\/v2\/product_cat?post=2857"},{"taxonomy":"product_tag","embeddable":true,"href":"https:\/\/ugwp.cfolks.pl\/bwb\/wp-json\/wp\/v2\/product_tag?post=2857"}],"curies":[{"name":"wp","href":"https:\/\/api.w.org\/{rel}","templated":true}]}}