{"id":2856,"date":"2023-01-02T05:38:56","date_gmt":"2023-01-02T04:38:56","guid":{"rendered":"https:\/\/ugwp.cfolks.pl\/bwb\/?post_type=product&#038;p=2856"},"modified":"2023-09-26T17:35:08","modified_gmt":"2023-09-26T15:35:08","slug":"rura-oslonowa-kraso-fl-ze-kolnierz-stalo-przesuwny-do-zabetonowania","status":"publish","type":"product","link":"https:\/\/ugwp.cfolks.pl\/bwb\/produkt\/rura-oslonowa-kraso-fl-ze-kolnierz-stalo-przesuwny-do-zabetonowania\/","title":{"rendered":"Rura os\u0142onowa KRASO\u00ae FL \/ ZE \u2013 ko\u0142nierz sta\u0142o-przesuwny do zabetonowania"},"content":{"rendered":"","protected":false},"excerpt":{"rendered":"<p>Ko\u0142nierz przesuwny montowany jest na sta\u0142e poprzez zabetonowanie go w konstrukcji. Rura os\u0142onowa do przeprowadzenia kabli i rur z wykorzystaniem wk\u0142ad\u00f3w uszczelniaj\u0105cych KRASO<sup>\u00ae<\/sup> dobieranych oddzielnie do budynk\u00f3w z uszczelnieniem zewn\u0119trznym (hydroizolacja bitumiczna) chroni\u0105cym przed wod\u0105 pod ci\u015bnieniem i wilgoci\u0105 gruntow\u0105 zgodnie z norm\u0105 DIN 18533. Dost\u0119pne wersje: stal nierdzewna V2A lub stal cynkowana galwanicznie, z pow\u0142ok\u0105 specjaln\u0105 lub bez pow\u0142oki.<\/p>\n","protected":false},"featured_media":2879,"template":"","meta":{"_acf_changed":false},"product_cat":[139],"product_tag":[],"class_list":{"0":"post-2856","1":"product","2":"type-product","3":"status-publish","4":"has-post-thumbnail","6":"product_cat-uszczelnienia-zewnetrzne","8":"first","9":"instock","10":"shipping-taxable","11":"product-type-simple"},"acf":[],"yoast_head":"<!-- This site is optimized with the Yoast SEO plugin v27.3 - https:\/\/yoast.com\/product\/yoast-seo-wordpress\/ -->\n<title>Rura Os\u0142onowa KRASO\u00ae FL \/ ZE \u2013 Ko\u0142nierz Sta\u0142o-Przesuwny<\/title>\n<meta name=\"description\" content=\"Rura os\u0142onowa KRASO\u00ae FL \/ ZE z ko\u0142nierzem sta\u0142o-przesuwnym montowanym na sta\u0142e poprzez zabetonowanie go w konstrukcji. Chroni przed wod\u0105 pod ci\u015bnieniem.\" \/>\n<meta name=\"robots\" content=\"noindex, follow, max-snippet:-1, max-image-preview:large, max-video-preview:-1\" \/>\n<meta property=\"og:locale\" content=\"pl_PL\" \/>\n<meta property=\"og:type\" content=\"article\" \/>\n<meta property=\"og:title\" content=\"Rura Os\u0142onowa KRASO\u00ae FL \/ ZE \u2013 Ko\u0142nierz Sta\u0142o-Przesuwny\" \/>\n<meta property=\"og:description\" content=\"Rura os\u0142onowa KRASO\u00ae FL \/ ZE z ko\u0142nierzem sta\u0142o-przesuwnym montowanym na sta\u0142e poprzez zabetonowanie go w konstrukcji. Chroni przed wod\u0105 pod ci\u015bnieniem.\" \/>\n<meta property=\"og:url\" content=\"https:\/\/ugwp.cfolks.pl\/bwb\/produkt\/rura-oslonowa-kraso-fl-ze-kolnierz-stalo-przesuwny-do-zabetonowania\/\" \/>\n<meta property=\"og:site_name\" content=\"BWB technology\" \/>\n<meta property=\"article:modified_time\" content=\"2023-09-26T15:35:08+00:00\" \/>\n<meta property=\"og:image\" content=\"https:\/\/ugwp.cfolks.pl\/bwb\/wp-content\/uploads\/Rura-oslonowa-KRASO\u00ae-FL-ZE-\u2013-kolnierz-stalo-przesuwny-do-zabetonowania.jpg\" \/>\n\t<meta property=\"og:image:width\" content=\"1100\" \/>\n\t<meta property=\"og:image:height\" content=\"810\" \/>\n\t<meta property=\"og:image:type\" content=\"image\/jpeg\" \/>\n<meta name=\"twitter:card\" content=\"summary_large_image\" \/>\n<script type=\"application\/ld+json\" class=\"yoast-schema-graph\">{\"@context\":\"https:\\\/\\\/schema.org\",\"@graph\":[{\"@type\":\"WebPage\",\"@id\":\"https:\\\/\\\/ugwp.cfolks.pl\\\/bwb\\\/produkt\\\/rura-oslonowa-kraso-fl-ze-kolnierz-stalo-przesuwny-do-zabetonowania\\\/\",\"url\":\"https:\\\/\\\/ugwp.cfolks.pl\\\/bwb\\\/produkt\\\/rura-oslonowa-kraso-fl-ze-kolnierz-stalo-przesuwny-do-zabetonowania\\\/\",\"name\":\"Rura Os\u0142onowa KRASO\u00ae FL \\\/ ZE \u2013 Ko\u0142nierz Sta\u0142o-Przesuwny\",\"isPartOf\":{\"@id\":\"https:\\\/\\\/ugwp.cfolks.pl\\\/bwb\\\/#website\"},\"primaryImageOfPage\":{\"@id\":\"https:\\\/\\\/ugwp.cfolks.pl\\\/bwb\\\/produkt\\\/rura-oslonowa-kraso-fl-ze-kolnierz-stalo-przesuwny-do-zabetonowania\\\/#primaryimage\"},\"image\":{\"@id\":\"https:\\\/\\\/ugwp.cfolks.pl\\\/bwb\\\/produkt\\\/rura-oslonowa-kraso-fl-ze-kolnierz-stalo-przesuwny-do-zabetonowania\\\/#primaryimage\"},\"thumbnailUrl\":\"https:\\\/\\\/ugwp.cfolks.pl\\\/bwb\\\/wp-content\\\/uploads\\\/Rura-oslonowa-KRASO\u00ae-FL-ZE-\u2013-kolnierz-stalo-przesuwny-do-zabetonowania.jpg\",\"datePublished\":\"2023-01-02T04:38:56+00:00\",\"dateModified\":\"2023-09-26T15:35:08+00:00\",\"description\":\"Rura os\u0142onowa KRASO\u00ae FL \\\/ ZE z ko\u0142nierzem sta\u0142o-przesuwnym montowanym na sta\u0142e poprzez zabetonowanie go w konstrukcji. Chroni przed wod\u0105 pod ci\u015bnieniem.\",\"breadcrumb\":{\"@id\":\"https:\\\/\\\/ugwp.cfolks.pl\\\/bwb\\\/produkt\\\/rura-oslonowa-kraso-fl-ze-kolnierz-stalo-przesuwny-do-zabetonowania\\\/#breadcrumb\"},\"inLanguage\":\"pl-PL\",\"potentialAction\":[{\"@type\":\"ReadAction\",\"target\":[\"https:\\\/\\\/ugwp.cfolks.pl\\\/bwb\\\/produkt\\\/rura-oslonowa-kraso-fl-ze-kolnierz-stalo-przesuwny-do-zabetonowania\\\/\"]}]},{\"@type\":\"ImageObject\",\"inLanguage\":\"pl-PL\",\"@id\":\"https:\\\/\\\/ugwp.cfolks.pl\\\/bwb\\\/produkt\\\/rura-oslonowa-kraso-fl-ze-kolnierz-stalo-przesuwny-do-zabetonowania\\\/#primaryimage\",\"url\":\"https:\\\/\\\/ugwp.cfolks.pl\\\/bwb\\\/wp-content\\\/uploads\\\/Rura-oslonowa-KRASO\u00ae-FL-ZE-\u2013-kolnierz-stalo-przesuwny-do-zabetonowania.jpg\",\"contentUrl\":\"https:\\\/\\\/ugwp.cfolks.pl\\\/bwb\\\/wp-content\\\/uploads\\\/Rura-oslonowa-KRASO\u00ae-FL-ZE-\u2013-kolnierz-stalo-przesuwny-do-zabetonowania.jpg\",\"width\":1100,\"height\":810,\"caption\":\"Rura os\u0142onowa KRASO\u00ae FL \\\/ ZE \u2013 ko\u0142nierz sta\u0142o-przesuwny do zabetonowania\"},{\"@type\":\"BreadcrumbList\",\"@id\":\"https:\\\/\\\/ugwp.cfolks.pl\\\/bwb\\\/produkt\\\/rura-oslonowa-kraso-fl-ze-kolnierz-stalo-przesuwny-do-zabetonowania\\\/#breadcrumb\",\"itemListElement\":[{\"@type\":\"ListItem\",\"position\":1,\"name\":\"Strona g\u0142\u00f3wna\",\"item\":\"https:\\\/\\\/ugwp.cfolks.pl\\\/bwb\\\/\"},{\"@type\":\"ListItem\",\"position\":2,\"name\":\"Wodoszczelne Przej\u015bcia Instalacyjne\",\"item\":\"https:\\\/\\\/ugwp.cfolks.pl\\\/bwb\\\/kategoria\\\/wodoszczelne-przejscia-instalacyjne\\\/\"},{\"@type\":\"ListItem\",\"position\":3,\"name\":\"Uszczelnienia zewn\u0119trzne\",\"item\":\"https:\\\/\\\/ugwp.cfolks.pl\\\/bwb\\\/kategoria\\\/wodoszczelne-przejscia-instalacyjne\\\/uszczelnienia-zewnetrzne\\\/\"},{\"@type\":\"ListItem\",\"position\":4,\"name\":\"Rura os\u0142onowa KRASO\u00ae FL \\\/ ZE \u2013 ko\u0142nierz sta\u0142o-przesuwny do zabetonowania\"}]},{\"@type\":\"WebSite\",\"@id\":\"https:\\\/\\\/ugwp.cfolks.pl\\\/bwb\\\/#website\",\"url\":\"https:\\\/\\\/ugwp.cfolks.pl\\\/bwb\\\/\",\"name\":\"BWB technology\",\"description\":\"Kolejna witryna oparta na WordPressie\",\"potentialAction\":[{\"@type\":\"SearchAction\",\"target\":{\"@type\":\"EntryPoint\",\"urlTemplate\":\"https:\\\/\\\/ugwp.cfolks.pl\\\/bwb\\\/?s={search_term_string}\"},\"query-input\":{\"@type\":\"PropertyValueSpecification\",\"valueRequired\":true,\"valueName\":\"search_term_string\"}}],\"inLanguage\":\"pl-PL\"}]}<\/script>\n<!-- \/ Yoast SEO plugin. -->","yoast_head_json":{"title":"Rura Os\u0142onowa KRASO\u00ae FL \/ ZE \u2013 Ko\u0142nierz Sta\u0142o-Przesuwny","description":"Rura os\u0142onowa KRASO\u00ae FL \/ ZE z ko\u0142nierzem sta\u0142o-przesuwnym montowanym na sta\u0142e poprzez zabetonowanie go w konstrukcji. Chroni przed wod\u0105 pod ci\u015bnieniem.","robots":{"index":"noindex","follow":"follow","max-snippet":"max-snippet:-1","max-image-preview":"max-image-preview:large","max-video-preview":"max-video-preview:-1"},"og_locale":"pl_PL","og_type":"article","og_title":"Rura Os\u0142onowa KRASO\u00ae FL \/ ZE \u2013 Ko\u0142nierz Sta\u0142o-Przesuwny","og_description":"Rura os\u0142onowa KRASO\u00ae FL \/ ZE z ko\u0142nierzem sta\u0142o-przesuwnym montowanym na sta\u0142e poprzez zabetonowanie go w konstrukcji. Chroni przed wod\u0105 pod ci\u015bnieniem.","og_url":"https:\/\/ugwp.cfolks.pl\/bwb\/produkt\/rura-oslonowa-kraso-fl-ze-kolnierz-stalo-przesuwny-do-zabetonowania\/","og_site_name":"BWB technology","article_modified_time":"2023-09-26T15:35:08+00:00","og_image":[{"width":1100,"height":810,"url":"https:\/\/ugwp.cfolks.pl\/bwb\/wp-content\/uploads\/Rura-oslonowa-KRASO\u00ae-FL-ZE-\u2013-kolnierz-stalo-przesuwny-do-zabetonowania.jpg","type":"image\/jpeg"}],"twitter_card":"summary_large_image","schema":{"@context":"https:\/\/schema.org","@graph":[{"@type":"WebPage","@id":"https:\/\/ugwp.cfolks.pl\/bwb\/produkt\/rura-oslonowa-kraso-fl-ze-kolnierz-stalo-przesuwny-do-zabetonowania\/","url":"https:\/\/ugwp.cfolks.pl\/bwb\/produkt\/rura-oslonowa-kraso-fl-ze-kolnierz-stalo-przesuwny-do-zabetonowania\/","name":"Rura Os\u0142onowa KRASO\u00ae FL \/ ZE \u2013 Ko\u0142nierz Sta\u0142o-Przesuwny","isPartOf":{"@id":"https:\/\/ugwp.cfolks.pl\/bwb\/#website"},"primaryImageOfPage":{"@id":"https:\/\/ugwp.cfolks.pl\/bwb\/produkt\/rura-oslonowa-kraso-fl-ze-kolnierz-stalo-przesuwny-do-zabetonowania\/#primaryimage"},"image":{"@id":"https:\/\/ugwp.cfolks.pl\/bwb\/produkt\/rura-oslonowa-kraso-fl-ze-kolnierz-stalo-przesuwny-do-zabetonowania\/#primaryimage"},"thumbnailUrl":"https:\/\/ugwp.cfolks.pl\/bwb\/wp-content\/uploads\/Rura-oslonowa-KRASO\u00ae-FL-ZE-\u2013-kolnierz-stalo-przesuwny-do-zabetonowania.jpg","datePublished":"2023-01-02T04:38:56+00:00","dateModified":"2023-09-26T15:35:08+00:00","description":"Rura os\u0142onowa KRASO\u00ae FL \/ ZE z ko\u0142nierzem sta\u0142o-przesuwnym montowanym na sta\u0142e poprzez zabetonowanie go w konstrukcji. Chroni przed wod\u0105 pod ci\u015bnieniem.","breadcrumb":{"@id":"https:\/\/ugwp.cfolks.pl\/bwb\/produkt\/rura-oslonowa-kraso-fl-ze-kolnierz-stalo-przesuwny-do-zabetonowania\/#breadcrumb"},"inLanguage":"pl-PL","potentialAction":[{"@type":"ReadAction","target":["https:\/\/ugwp.cfolks.pl\/bwb\/produkt\/rura-oslonowa-kraso-fl-ze-kolnierz-stalo-przesuwny-do-zabetonowania\/"]}]},{"@type":"ImageObject","inLanguage":"pl-PL","@id":"https:\/\/ugwp.cfolks.pl\/bwb\/produkt\/rura-oslonowa-kraso-fl-ze-kolnierz-stalo-przesuwny-do-zabetonowania\/#primaryimage","url":"https:\/\/ugwp.cfolks.pl\/bwb\/wp-content\/uploads\/Rura-oslonowa-KRASO\u00ae-FL-ZE-\u2013-kolnierz-stalo-przesuwny-do-zabetonowania.jpg","contentUrl":"https:\/\/ugwp.cfolks.pl\/bwb\/wp-content\/uploads\/Rura-oslonowa-KRASO\u00ae-FL-ZE-\u2013-kolnierz-stalo-przesuwny-do-zabetonowania.jpg","width":1100,"height":810,"caption":"Rura os\u0142onowa KRASO\u00ae FL \/ ZE \u2013 ko\u0142nierz sta\u0142o-przesuwny do zabetonowania"},{"@type":"BreadcrumbList","@id":"https:\/\/ugwp.cfolks.pl\/bwb\/produkt\/rura-oslonowa-kraso-fl-ze-kolnierz-stalo-przesuwny-do-zabetonowania\/#breadcrumb","itemListElement":[{"@type":"ListItem","position":1,"name":"Strona g\u0142\u00f3wna","item":"https:\/\/ugwp.cfolks.pl\/bwb\/"},{"@type":"ListItem","position":2,"name":"Wodoszczelne Przej\u015bcia Instalacyjne","item":"https:\/\/ugwp.cfolks.pl\/bwb\/kategoria\/wodoszczelne-przejscia-instalacyjne\/"},{"@type":"ListItem","position":3,"name":"Uszczelnienia zewn\u0119trzne","item":"https:\/\/ugwp.cfolks.pl\/bwb\/kategoria\/wodoszczelne-przejscia-instalacyjne\/uszczelnienia-zewnetrzne\/"},{"@type":"ListItem","position":4,"name":"Rura os\u0142onowa KRASO\u00ae FL \/ ZE \u2013 ko\u0142nierz sta\u0142o-przesuwny do zabetonowania"}]},{"@type":"WebSite","@id":"https:\/\/ugwp.cfolks.pl\/bwb\/#website","url":"https:\/\/ugwp.cfolks.pl\/bwb\/","name":"BWB technology","description":"Kolejna witryna oparta na WordPressie","potentialAction":[{"@type":"SearchAction","target":{"@type":"EntryPoint","urlTemplate":"https:\/\/ugwp.cfolks.pl\/bwb\/?s={search_term_string}"},"query-input":{"@type":"PropertyValueSpecification","valueRequired":true,"valueName":"search_term_string"}}],"inLanguage":"pl-PL"}]}},"_links":{"self":[{"href":"https:\/\/ugwp.cfolks.pl\/bwb\/wp-json\/wp\/v2\/product\/2856","targetHints":{"allow":["GET"]}}],"collection":[{"href":"https:\/\/ugwp.cfolks.pl\/bwb\/wp-json\/wp\/v2\/product"}],"about":[{"href":"https:\/\/ugwp.cfolks.pl\/bwb\/wp-json\/wp\/v2\/types\/product"}],"wp:featuredmedia":[{"embeddable":true,"href":"https:\/\/ugwp.cfolks.pl\/bwb\/wp-json\/wp\/v2\/media\/2879"}],"wp:attachment":[{"href":"https:\/\/ugwp.cfolks.pl\/bwb\/wp-json\/wp\/v2\/media?parent=2856"}],"wp:term":[{"taxonomy":"product_cat","embeddable":true,"href":"https:\/\/ugwp.cfolks.pl\/bwb\/wp-json\/wp\/v2\/product_cat?post=2856"},{"taxonomy":"product_tag","embeddable":true,"href":"https:\/\/ugwp.cfolks.pl\/bwb\/wp-json\/wp\/v2\/product_tag?post=2856"}],"curies":[{"name":"wp","href":"https:\/\/api.w.org\/{rel}","templated":true}]}}