{"id":2854,"date":"2023-01-02T05:38:39","date_gmt":"2023-01-02T04:38:39","guid":{"rendered":"https:\/\/ugwp.cfolks.pl\/bwb\/?post_type=product&#038;p=2854"},"modified":"2023-09-26T17:05:48","modified_gmt":"2023-09-26T15:05:48","slug":"plyta-wielokolnierzowa-kraso-mfp","status":"publish","type":"product","link":"https:\/\/ugwp.cfolks.pl\/bwb\/produkt\/plyta-wielokolnierzowa-kraso-mfp\/","title":{"rendered":"P\u0142yta wieloko\u0142nierzowa KRASO\u00ae MFP"},"content":{"rendered":"","protected":false},"excerpt":{"rendered":"<p>P\u0142yta wieloko\u0142nierzowa KRASO<sup>\u00ae<\/sup> MFP \u0142\u0105czy w sobie sprawdzone wk\u0142ady uszczelniaj\u0105ce KRASO<sup>\u00ae<\/sup> z p\u0142yt\u0105 ko\u0142nierzow\u0105 wykonan\u0105 z wysokiej jako\u015bci specjalnego tworzywa sztucznego o grubo\u015bci 30 mm. Przeznaczona jest do uszczelniania rur i kabli w nowych jak i modernizowanych budynkach. \u0141atwy, prosty i szybki monta\u017c dzi\u0119ki niskiej wadze. Uszczelka grubo\u015bci 30 mm gwarantuje wodoszczelno\u015b\u0107 do 1,0 bara sprawdzon\u0105 przez Niemiecki Urz\u0105d ds. Bada\u0144 Materia\u0142\u00f3w (MPA). Elementy metalowe wykonane s\u0105 ze stali nierdzewnej V2A. Nakr\u0119tki kontroluj\u0105ce moment obrotowy KRASO<sup>\u00ae<\/sup> DKM automatycznie kontroluj\u0105 moment obrotowy bez konieczno\u015bci u\u017cycia klucza dynamometrycznego.<\/p>\n","protected":false},"featured_media":2872,"template":"","meta":{"_acf_changed":false},"product_cat":[139],"product_tag":[],"class_list":{"0":"post-2854","1":"product","2":"type-product","3":"status-publish","4":"has-post-thumbnail","6":"product_cat-uszczelnienia-zewnetrzne","8":"first","9":"instock","10":"shipping-taxable","11":"product-type-simple"},"acf":[],"yoast_head":"<!-- This site is optimized with the Yoast SEO plugin v27.3 - https:\/\/yoast.com\/product\/yoast-seo-wordpress\/ -->\n<title>P\u0142yta Wieloko\u0142nierzowa KRASO\u00ae MFP Skuteczno\u015b\u0107 i Trwa\u0142o\u015b\u0107<\/title>\n<meta name=\"description\" content=\"P\u0142yta wieloko\u0142nierzowa KRASO\u00ae MFP - doskona\u0142y wyb\u00f3r dla r\u00f3\u017cnorodnych zastosowa\u0144 w instalacjach budowlanych. Do uszczelniania rur i kabli.\" \/>\n<meta name=\"robots\" content=\"noindex, follow, max-snippet:-1, max-image-preview:large, max-video-preview:-1\" \/>\n<meta property=\"og:locale\" content=\"pl_PL\" \/>\n<meta property=\"og:type\" content=\"article\" \/>\n<meta property=\"og:title\" content=\"P\u0142yta Wieloko\u0142nierzowa KRASO\u00ae MFP Skuteczno\u015b\u0107 i Trwa\u0142o\u015b\u0107\" \/>\n<meta property=\"og:description\" content=\"P\u0142yta wieloko\u0142nierzowa KRASO\u00ae MFP - doskona\u0142y wyb\u00f3r dla r\u00f3\u017cnorodnych zastosowa\u0144 w instalacjach budowlanych. Do uszczelniania rur i kabli.\" \/>\n<meta property=\"og:url\" content=\"https:\/\/ugwp.cfolks.pl\/bwb\/produkt\/plyta-wielokolnierzowa-kraso-mfp\/\" \/>\n<meta property=\"og:site_name\" content=\"BWB technology\" \/>\n<meta property=\"article:modified_time\" content=\"2023-09-26T15:05:48+00:00\" \/>\n<meta property=\"og:image\" content=\"https:\/\/ugwp.cfolks.pl\/bwb\/wp-content\/uploads\/Plyta-wielokolnierzowa-KRASO\u00ae-MFP.jpg\" \/>\n\t<meta property=\"og:image:width\" content=\"1100\" \/>\n\t<meta property=\"og:image:height\" content=\"810\" \/>\n\t<meta property=\"og:image:type\" content=\"image\/jpeg\" \/>\n<meta name=\"twitter:card\" content=\"summary_large_image\" \/>\n<script type=\"application\/ld+json\" class=\"yoast-schema-graph\">{\"@context\":\"https:\\\/\\\/schema.org\",\"@graph\":[{\"@type\":\"WebPage\",\"@id\":\"https:\\\/\\\/ugwp.cfolks.pl\\\/bwb\\\/produkt\\\/plyta-wielokolnierzowa-kraso-mfp\\\/\",\"url\":\"https:\\\/\\\/ugwp.cfolks.pl\\\/bwb\\\/produkt\\\/plyta-wielokolnierzowa-kraso-mfp\\\/\",\"name\":\"P\u0142yta Wieloko\u0142nierzowa KRASO\u00ae MFP Skuteczno\u015b\u0107 i Trwa\u0142o\u015b\u0107\",\"isPartOf\":{\"@id\":\"https:\\\/\\\/ugwp.cfolks.pl\\\/bwb\\\/#website\"},\"primaryImageOfPage\":{\"@id\":\"https:\\\/\\\/ugwp.cfolks.pl\\\/bwb\\\/produkt\\\/plyta-wielokolnierzowa-kraso-mfp\\\/#primaryimage\"},\"image\":{\"@id\":\"https:\\\/\\\/ugwp.cfolks.pl\\\/bwb\\\/produkt\\\/plyta-wielokolnierzowa-kraso-mfp\\\/#primaryimage\"},\"thumbnailUrl\":\"https:\\\/\\\/ugwp.cfolks.pl\\\/bwb\\\/wp-content\\\/uploads\\\/Plyta-wielokolnierzowa-KRASO\u00ae-MFP.jpg\",\"datePublished\":\"2023-01-02T04:38:39+00:00\",\"dateModified\":\"2023-09-26T15:05:48+00:00\",\"description\":\"P\u0142yta wieloko\u0142nierzowa KRASO\u00ae MFP - doskona\u0142y wyb\u00f3r dla r\u00f3\u017cnorodnych zastosowa\u0144 w instalacjach budowlanych. Do uszczelniania rur i kabli.\",\"breadcrumb\":{\"@id\":\"https:\\\/\\\/ugwp.cfolks.pl\\\/bwb\\\/produkt\\\/plyta-wielokolnierzowa-kraso-mfp\\\/#breadcrumb\"},\"inLanguage\":\"pl-PL\",\"potentialAction\":[{\"@type\":\"ReadAction\",\"target\":[\"https:\\\/\\\/ugwp.cfolks.pl\\\/bwb\\\/produkt\\\/plyta-wielokolnierzowa-kraso-mfp\\\/\"]}]},{\"@type\":\"ImageObject\",\"inLanguage\":\"pl-PL\",\"@id\":\"https:\\\/\\\/ugwp.cfolks.pl\\\/bwb\\\/produkt\\\/plyta-wielokolnierzowa-kraso-mfp\\\/#primaryimage\",\"url\":\"https:\\\/\\\/ugwp.cfolks.pl\\\/bwb\\\/wp-content\\\/uploads\\\/Plyta-wielokolnierzowa-KRASO\u00ae-MFP.jpg\",\"contentUrl\":\"https:\\\/\\\/ugwp.cfolks.pl\\\/bwb\\\/wp-content\\\/uploads\\\/Plyta-wielokolnierzowa-KRASO\u00ae-MFP.jpg\",\"width\":1100,\"height\":810,\"caption\":\"P\u0142yta wieloko\u0142nierzowa KRASO\u00ae MFP\"},{\"@type\":\"BreadcrumbList\",\"@id\":\"https:\\\/\\\/ugwp.cfolks.pl\\\/bwb\\\/produkt\\\/plyta-wielokolnierzowa-kraso-mfp\\\/#breadcrumb\",\"itemListElement\":[{\"@type\":\"ListItem\",\"position\":1,\"name\":\"Strona g\u0142\u00f3wna\",\"item\":\"https:\\\/\\\/ugwp.cfolks.pl\\\/bwb\\\/\"},{\"@type\":\"ListItem\",\"position\":2,\"name\":\"Wodoszczelne Przej\u015bcia Instalacyjne\",\"item\":\"https:\\\/\\\/ugwp.cfolks.pl\\\/bwb\\\/kategoria\\\/wodoszczelne-przejscia-instalacyjne\\\/\"},{\"@type\":\"ListItem\",\"position\":3,\"name\":\"Uszczelnienia zewn\u0119trzne\",\"item\":\"https:\\\/\\\/ugwp.cfolks.pl\\\/bwb\\\/kategoria\\\/wodoszczelne-przejscia-instalacyjne\\\/uszczelnienia-zewnetrzne\\\/\"},{\"@type\":\"ListItem\",\"position\":4,\"name\":\"P\u0142yta wieloko\u0142nierzowa KRASO\u00ae MFP\"}]},{\"@type\":\"WebSite\",\"@id\":\"https:\\\/\\\/ugwp.cfolks.pl\\\/bwb\\\/#website\",\"url\":\"https:\\\/\\\/ugwp.cfolks.pl\\\/bwb\\\/\",\"name\":\"BWB technology\",\"description\":\"Kolejna witryna oparta na WordPressie\",\"potentialAction\":[{\"@type\":\"SearchAction\",\"target\":{\"@type\":\"EntryPoint\",\"urlTemplate\":\"https:\\\/\\\/ugwp.cfolks.pl\\\/bwb\\\/?s={search_term_string}\"},\"query-input\":{\"@type\":\"PropertyValueSpecification\",\"valueRequired\":true,\"valueName\":\"search_term_string\"}}],\"inLanguage\":\"pl-PL\"}]}<\/script>\n<!-- \/ Yoast SEO plugin. -->","yoast_head_json":{"title":"P\u0142yta Wieloko\u0142nierzowa KRASO\u00ae MFP Skuteczno\u015b\u0107 i Trwa\u0142o\u015b\u0107","description":"P\u0142yta wieloko\u0142nierzowa KRASO\u00ae MFP - doskona\u0142y wyb\u00f3r dla r\u00f3\u017cnorodnych zastosowa\u0144 w instalacjach budowlanych. Do uszczelniania rur i kabli.","robots":{"index":"noindex","follow":"follow","max-snippet":"max-snippet:-1","max-image-preview":"max-image-preview:large","max-video-preview":"max-video-preview:-1"},"og_locale":"pl_PL","og_type":"article","og_title":"P\u0142yta Wieloko\u0142nierzowa KRASO\u00ae MFP Skuteczno\u015b\u0107 i Trwa\u0142o\u015b\u0107","og_description":"P\u0142yta wieloko\u0142nierzowa KRASO\u00ae MFP - doskona\u0142y wyb\u00f3r dla r\u00f3\u017cnorodnych zastosowa\u0144 w instalacjach budowlanych. Do uszczelniania rur i kabli.","og_url":"https:\/\/ugwp.cfolks.pl\/bwb\/produkt\/plyta-wielokolnierzowa-kraso-mfp\/","og_site_name":"BWB technology","article_modified_time":"2023-09-26T15:05:48+00:00","og_image":[{"width":1100,"height":810,"url":"https:\/\/ugwp.cfolks.pl\/bwb\/wp-content\/uploads\/Plyta-wielokolnierzowa-KRASO\u00ae-MFP.jpg","type":"image\/jpeg"}],"twitter_card":"summary_large_image","schema":{"@context":"https:\/\/schema.org","@graph":[{"@type":"WebPage","@id":"https:\/\/ugwp.cfolks.pl\/bwb\/produkt\/plyta-wielokolnierzowa-kraso-mfp\/","url":"https:\/\/ugwp.cfolks.pl\/bwb\/produkt\/plyta-wielokolnierzowa-kraso-mfp\/","name":"P\u0142yta Wieloko\u0142nierzowa KRASO\u00ae MFP Skuteczno\u015b\u0107 i Trwa\u0142o\u015b\u0107","isPartOf":{"@id":"https:\/\/ugwp.cfolks.pl\/bwb\/#website"},"primaryImageOfPage":{"@id":"https:\/\/ugwp.cfolks.pl\/bwb\/produkt\/plyta-wielokolnierzowa-kraso-mfp\/#primaryimage"},"image":{"@id":"https:\/\/ugwp.cfolks.pl\/bwb\/produkt\/plyta-wielokolnierzowa-kraso-mfp\/#primaryimage"},"thumbnailUrl":"https:\/\/ugwp.cfolks.pl\/bwb\/wp-content\/uploads\/Plyta-wielokolnierzowa-KRASO\u00ae-MFP.jpg","datePublished":"2023-01-02T04:38:39+00:00","dateModified":"2023-09-26T15:05:48+00:00","description":"P\u0142yta wieloko\u0142nierzowa KRASO\u00ae MFP - doskona\u0142y wyb\u00f3r dla r\u00f3\u017cnorodnych zastosowa\u0144 w instalacjach budowlanych. Do uszczelniania rur i kabli.","breadcrumb":{"@id":"https:\/\/ugwp.cfolks.pl\/bwb\/produkt\/plyta-wielokolnierzowa-kraso-mfp\/#breadcrumb"},"inLanguage":"pl-PL","potentialAction":[{"@type":"ReadAction","target":["https:\/\/ugwp.cfolks.pl\/bwb\/produkt\/plyta-wielokolnierzowa-kraso-mfp\/"]}]},{"@type":"ImageObject","inLanguage":"pl-PL","@id":"https:\/\/ugwp.cfolks.pl\/bwb\/produkt\/plyta-wielokolnierzowa-kraso-mfp\/#primaryimage","url":"https:\/\/ugwp.cfolks.pl\/bwb\/wp-content\/uploads\/Plyta-wielokolnierzowa-KRASO\u00ae-MFP.jpg","contentUrl":"https:\/\/ugwp.cfolks.pl\/bwb\/wp-content\/uploads\/Plyta-wielokolnierzowa-KRASO\u00ae-MFP.jpg","width":1100,"height":810,"caption":"P\u0142yta wieloko\u0142nierzowa KRASO\u00ae MFP"},{"@type":"BreadcrumbList","@id":"https:\/\/ugwp.cfolks.pl\/bwb\/produkt\/plyta-wielokolnierzowa-kraso-mfp\/#breadcrumb","itemListElement":[{"@type":"ListItem","position":1,"name":"Strona g\u0142\u00f3wna","item":"https:\/\/ugwp.cfolks.pl\/bwb\/"},{"@type":"ListItem","position":2,"name":"Wodoszczelne Przej\u015bcia Instalacyjne","item":"https:\/\/ugwp.cfolks.pl\/bwb\/kategoria\/wodoszczelne-przejscia-instalacyjne\/"},{"@type":"ListItem","position":3,"name":"Uszczelnienia zewn\u0119trzne","item":"https:\/\/ugwp.cfolks.pl\/bwb\/kategoria\/wodoszczelne-przejscia-instalacyjne\/uszczelnienia-zewnetrzne\/"},{"@type":"ListItem","position":4,"name":"P\u0142yta wieloko\u0142nierzowa KRASO\u00ae MFP"}]},{"@type":"WebSite","@id":"https:\/\/ugwp.cfolks.pl\/bwb\/#website","url":"https:\/\/ugwp.cfolks.pl\/bwb\/","name":"BWB technology","description":"Kolejna witryna oparta na WordPressie","potentialAction":[{"@type":"SearchAction","target":{"@type":"EntryPoint","urlTemplate":"https:\/\/ugwp.cfolks.pl\/bwb\/?s={search_term_string}"},"query-input":{"@type":"PropertyValueSpecification","valueRequired":true,"valueName":"search_term_string"}}],"inLanguage":"pl-PL"}]}},"_links":{"self":[{"href":"https:\/\/ugwp.cfolks.pl\/bwb\/wp-json\/wp\/v2\/product\/2854","targetHints":{"allow":["GET"]}}],"collection":[{"href":"https:\/\/ugwp.cfolks.pl\/bwb\/wp-json\/wp\/v2\/product"}],"about":[{"href":"https:\/\/ugwp.cfolks.pl\/bwb\/wp-json\/wp\/v2\/types\/product"}],"wp:featuredmedia":[{"embeddable":true,"href":"https:\/\/ugwp.cfolks.pl\/bwb\/wp-json\/wp\/v2\/media\/2872"}],"wp:attachment":[{"href":"https:\/\/ugwp.cfolks.pl\/bwb\/wp-json\/wp\/v2\/media?parent=2854"}],"wp:term":[{"taxonomy":"product_cat","embeddable":true,"href":"https:\/\/ugwp.cfolks.pl\/bwb\/wp-json\/wp\/v2\/product_cat?post=2854"},{"taxonomy":"product_tag","embeddable":true,"href":"https:\/\/ugwp.cfolks.pl\/bwb\/wp-json\/wp\/v2\/product_tag?post=2854"}],"curies":[{"name":"wp","href":"https:\/\/api.w.org\/{rel}","templated":true}]}}