{"id":2852,"date":"2023-01-02T05:38:25","date_gmt":"2023-01-02T04:38:25","guid":{"rendered":"https:\/\/ugwp.cfolks.pl\/bwb\/?post_type=product&#038;p=2852"},"modified":"2023-09-26T16:53:12","modified_gmt":"2023-09-26T14:53:12","slug":"kolnierz-zaciskowy-z-izolacja-kraso-fkf-uniwersalny","status":"publish","type":"product","link":"https:\/\/ugwp.cfolks.pl\/bwb\/produkt\/kolnierz-zaciskowy-z-izolacja-kraso-fkf-uniwersalny\/","title":{"rendered":"Ko\u0142nierz zaciskowy z izolacj\u0105 KRASO\u00ae FKF uniwersalny"},"content":{"rendered":"","protected":false},"excerpt":{"rendered":"<p>Ko\u0142nierz zaciskowy z izolacj\u0105 KRASO<sup>\u00ae<\/sup> FKF uniwersalny s\u0142u\u017cy do uszczelniania dowolnej rury lub kabla o g\u0142adkiej \u015bciance. Rodzaj izolacji uszczelniaj\u0105cej mo\u017cna dostosowa\u0107 indywidualnie \u2013 np. PCW, EPDM, FPO, RESITRIX, PP, PE, KRASO\u00ae- FOL, PYE &#8211; PV 200 S5 i wiele innych. Fragment izolacji grubo\u015bci 1,2 mm, obwodowy ok. 15 cm wykonany w oparciu o norm\u0119 DIN 16937 odporny jest na oleje i materia\u0142y bitumiczne. Elementy metalowe wykonane s\u0105 ze stali nierdzewnej V2A. Uszczelka grubo\u015bci 40 mm gwarantuje wodoszczelno\u015b\u0107 do 1,5 bara sprawdzon\u0105 przez Niemiecki Urz\u0105d ds. Bada\u0144 Materia\u0142\u00f3w (MPA). Nakr\u0119tki kontroluj\u0105ce moment obrotowy KRASO\u00ae DKM automatycznie kontroluj\u0105 moment obrotowy bez konieczno\u015bci u\u017cycia klucza dynamometrycznego. Ko\u0142nierz zaciskowy z izolacj\u0105 KRASO<sup>\u00ae<\/sup> FKF mo\u017cemy zastosowa\u0107 zar\u00f3wno w nowych jak i modernizowanych budynkach. Wyst\u0119puj\u0119 w wersji do monta\u017cu przed \u015bcian\u0105.<\/p>\n","protected":false},"featured_media":2864,"template":"","meta":{"_acf_changed":false},"product_cat":[139],"product_tag":[],"class_list":{"0":"post-2852","1":"product","2":"type-product","3":"status-publish","4":"has-post-thumbnail","6":"product_cat-uszczelnienia-zewnetrzne","8":"first","9":"instock","10":"shipping-taxable","11":"product-type-simple"},"acf":[],"yoast_head":"<!-- This site is optimized with the Yoast SEO plugin v27.3 - https:\/\/yoast.com\/product\/yoast-seo-wordpress\/ -->\n<title>Ko\u0142nierz Zaciskowy z Izolacj\u0105 KRASO\u00ae FKF Uniwersalny<\/title>\n<meta name=\"description\" content=\"Ko\u0142nierz zaciskowy z izolacj\u0105 KRASO\u00ae FKF uniwersalny w wersji do monta\u017cu przed \u015bcian\u0105. Idealny wyb\u00f3r do uszczelniania rur i kabli.\" \/>\n<meta name=\"robots\" content=\"noindex, follow, max-snippet:-1, max-image-preview:large, max-video-preview:-1\" \/>\n<meta property=\"og:locale\" content=\"pl_PL\" \/>\n<meta property=\"og:type\" content=\"article\" \/>\n<meta property=\"og:title\" content=\"Ko\u0142nierz Zaciskowy z Izolacj\u0105 KRASO\u00ae FKF Uniwersalny\" \/>\n<meta property=\"og:description\" content=\"Ko\u0142nierz zaciskowy z izolacj\u0105 KRASO\u00ae FKF uniwersalny w wersji do monta\u017cu przed \u015bcian\u0105. Idealny wyb\u00f3r do uszczelniania rur i kabli.\" \/>\n<meta property=\"og:url\" content=\"https:\/\/ugwp.cfolks.pl\/bwb\/produkt\/kolnierz-zaciskowy-z-izolacja-kraso-fkf-uniwersalny\/\" \/>\n<meta property=\"og:site_name\" content=\"BWB technology\" \/>\n<meta property=\"article:modified_time\" content=\"2023-09-26T14:53:12+00:00\" \/>\n<meta property=\"og:image\" content=\"https:\/\/ugwp.cfolks.pl\/bwb\/wp-content\/uploads\/Kolnierz-zaciskowy-z-izolacja-KRASO\u00ae-FKF-uniwersalny.jpg\" \/>\n\t<meta property=\"og:image:width\" content=\"1100\" \/>\n\t<meta property=\"og:image:height\" content=\"810\" \/>\n\t<meta property=\"og:image:type\" content=\"image\/jpeg\" \/>\n<meta name=\"twitter:card\" content=\"summary_large_image\" \/>\n<script type=\"application\/ld+json\" class=\"yoast-schema-graph\">{\"@context\":\"https:\\\/\\\/schema.org\",\"@graph\":[{\"@type\":\"WebPage\",\"@id\":\"https:\\\/\\\/ugwp.cfolks.pl\\\/bwb\\\/produkt\\\/kolnierz-zaciskowy-z-izolacja-kraso-fkf-uniwersalny\\\/\",\"url\":\"https:\\\/\\\/ugwp.cfolks.pl\\\/bwb\\\/produkt\\\/kolnierz-zaciskowy-z-izolacja-kraso-fkf-uniwersalny\\\/\",\"name\":\"Ko\u0142nierz Zaciskowy z Izolacj\u0105 KRASO\u00ae FKF Uniwersalny\",\"isPartOf\":{\"@id\":\"https:\\\/\\\/ugwp.cfolks.pl\\\/bwb\\\/#website\"},\"primaryImageOfPage\":{\"@id\":\"https:\\\/\\\/ugwp.cfolks.pl\\\/bwb\\\/produkt\\\/kolnierz-zaciskowy-z-izolacja-kraso-fkf-uniwersalny\\\/#primaryimage\"},\"image\":{\"@id\":\"https:\\\/\\\/ugwp.cfolks.pl\\\/bwb\\\/produkt\\\/kolnierz-zaciskowy-z-izolacja-kraso-fkf-uniwersalny\\\/#primaryimage\"},\"thumbnailUrl\":\"https:\\\/\\\/ugwp.cfolks.pl\\\/bwb\\\/wp-content\\\/uploads\\\/Kolnierz-zaciskowy-z-izolacja-KRASO\u00ae-FKF-uniwersalny.jpg\",\"datePublished\":\"2023-01-02T04:38:25+00:00\",\"dateModified\":\"2023-09-26T14:53:12+00:00\",\"description\":\"Ko\u0142nierz zaciskowy z izolacj\u0105 KRASO\u00ae FKF uniwersalny w wersji do monta\u017cu przed \u015bcian\u0105. Idealny wyb\u00f3r do uszczelniania rur i kabli.\",\"breadcrumb\":{\"@id\":\"https:\\\/\\\/ugwp.cfolks.pl\\\/bwb\\\/produkt\\\/kolnierz-zaciskowy-z-izolacja-kraso-fkf-uniwersalny\\\/#breadcrumb\"},\"inLanguage\":\"pl-PL\",\"potentialAction\":[{\"@type\":\"ReadAction\",\"target\":[\"https:\\\/\\\/ugwp.cfolks.pl\\\/bwb\\\/produkt\\\/kolnierz-zaciskowy-z-izolacja-kraso-fkf-uniwersalny\\\/\"]}]},{\"@type\":\"ImageObject\",\"inLanguage\":\"pl-PL\",\"@id\":\"https:\\\/\\\/ugwp.cfolks.pl\\\/bwb\\\/produkt\\\/kolnierz-zaciskowy-z-izolacja-kraso-fkf-uniwersalny\\\/#primaryimage\",\"url\":\"https:\\\/\\\/ugwp.cfolks.pl\\\/bwb\\\/wp-content\\\/uploads\\\/Kolnierz-zaciskowy-z-izolacja-KRASO\u00ae-FKF-uniwersalny.jpg\",\"contentUrl\":\"https:\\\/\\\/ugwp.cfolks.pl\\\/bwb\\\/wp-content\\\/uploads\\\/Kolnierz-zaciskowy-z-izolacja-KRASO\u00ae-FKF-uniwersalny.jpg\",\"width\":1100,\"height\":810,\"caption\":\"Ko\u0142nierz zaciskowy z izolacj\u0105 KRASO\u00ae FKF - uniwersalny\"},{\"@type\":\"BreadcrumbList\",\"@id\":\"https:\\\/\\\/ugwp.cfolks.pl\\\/bwb\\\/produkt\\\/kolnierz-zaciskowy-z-izolacja-kraso-fkf-uniwersalny\\\/#breadcrumb\",\"itemListElement\":[{\"@type\":\"ListItem\",\"position\":1,\"name\":\"Strona g\u0142\u00f3wna\",\"item\":\"https:\\\/\\\/ugwp.cfolks.pl\\\/bwb\\\/\"},{\"@type\":\"ListItem\",\"position\":2,\"name\":\"Wodoszczelne Przej\u015bcia Instalacyjne\",\"item\":\"https:\\\/\\\/ugwp.cfolks.pl\\\/bwb\\\/kategoria\\\/wodoszczelne-przejscia-instalacyjne\\\/\"},{\"@type\":\"ListItem\",\"position\":3,\"name\":\"Uszczelnienia zewn\u0119trzne\",\"item\":\"https:\\\/\\\/ugwp.cfolks.pl\\\/bwb\\\/kategoria\\\/wodoszczelne-przejscia-instalacyjne\\\/uszczelnienia-zewnetrzne\\\/\"},{\"@type\":\"ListItem\",\"position\":4,\"name\":\"Ko\u0142nierz zaciskowy z izolacj\u0105 KRASO\u00ae FKF uniwersalny\"}]},{\"@type\":\"WebSite\",\"@id\":\"https:\\\/\\\/ugwp.cfolks.pl\\\/bwb\\\/#website\",\"url\":\"https:\\\/\\\/ugwp.cfolks.pl\\\/bwb\\\/\",\"name\":\"BWB technology\",\"description\":\"Kolejna witryna oparta na WordPressie\",\"potentialAction\":[{\"@type\":\"SearchAction\",\"target\":{\"@type\":\"EntryPoint\",\"urlTemplate\":\"https:\\\/\\\/ugwp.cfolks.pl\\\/bwb\\\/?s={search_term_string}\"},\"query-input\":{\"@type\":\"PropertyValueSpecification\",\"valueRequired\":true,\"valueName\":\"search_term_string\"}}],\"inLanguage\":\"pl-PL\"}]}<\/script>\n<!-- \/ Yoast SEO plugin. -->","yoast_head_json":{"title":"Ko\u0142nierz Zaciskowy z Izolacj\u0105 KRASO\u00ae FKF Uniwersalny","description":"Ko\u0142nierz zaciskowy z izolacj\u0105 KRASO\u00ae FKF uniwersalny w wersji do monta\u017cu przed \u015bcian\u0105. Idealny wyb\u00f3r do uszczelniania rur i kabli.","robots":{"index":"noindex","follow":"follow","max-snippet":"max-snippet:-1","max-image-preview":"max-image-preview:large","max-video-preview":"max-video-preview:-1"},"og_locale":"pl_PL","og_type":"article","og_title":"Ko\u0142nierz Zaciskowy z Izolacj\u0105 KRASO\u00ae FKF Uniwersalny","og_description":"Ko\u0142nierz zaciskowy z izolacj\u0105 KRASO\u00ae FKF uniwersalny w wersji do monta\u017cu przed \u015bcian\u0105. Idealny wyb\u00f3r do uszczelniania rur i kabli.","og_url":"https:\/\/ugwp.cfolks.pl\/bwb\/produkt\/kolnierz-zaciskowy-z-izolacja-kraso-fkf-uniwersalny\/","og_site_name":"BWB technology","article_modified_time":"2023-09-26T14:53:12+00:00","og_image":[{"width":1100,"height":810,"url":"https:\/\/ugwp.cfolks.pl\/bwb\/wp-content\/uploads\/Kolnierz-zaciskowy-z-izolacja-KRASO\u00ae-FKF-uniwersalny.jpg","type":"image\/jpeg"}],"twitter_card":"summary_large_image","schema":{"@context":"https:\/\/schema.org","@graph":[{"@type":"WebPage","@id":"https:\/\/ugwp.cfolks.pl\/bwb\/produkt\/kolnierz-zaciskowy-z-izolacja-kraso-fkf-uniwersalny\/","url":"https:\/\/ugwp.cfolks.pl\/bwb\/produkt\/kolnierz-zaciskowy-z-izolacja-kraso-fkf-uniwersalny\/","name":"Ko\u0142nierz Zaciskowy z Izolacj\u0105 KRASO\u00ae FKF Uniwersalny","isPartOf":{"@id":"https:\/\/ugwp.cfolks.pl\/bwb\/#website"},"primaryImageOfPage":{"@id":"https:\/\/ugwp.cfolks.pl\/bwb\/produkt\/kolnierz-zaciskowy-z-izolacja-kraso-fkf-uniwersalny\/#primaryimage"},"image":{"@id":"https:\/\/ugwp.cfolks.pl\/bwb\/produkt\/kolnierz-zaciskowy-z-izolacja-kraso-fkf-uniwersalny\/#primaryimage"},"thumbnailUrl":"https:\/\/ugwp.cfolks.pl\/bwb\/wp-content\/uploads\/Kolnierz-zaciskowy-z-izolacja-KRASO\u00ae-FKF-uniwersalny.jpg","datePublished":"2023-01-02T04:38:25+00:00","dateModified":"2023-09-26T14:53:12+00:00","description":"Ko\u0142nierz zaciskowy z izolacj\u0105 KRASO\u00ae FKF uniwersalny w wersji do monta\u017cu przed \u015bcian\u0105. Idealny wyb\u00f3r do uszczelniania rur i kabli.","breadcrumb":{"@id":"https:\/\/ugwp.cfolks.pl\/bwb\/produkt\/kolnierz-zaciskowy-z-izolacja-kraso-fkf-uniwersalny\/#breadcrumb"},"inLanguage":"pl-PL","potentialAction":[{"@type":"ReadAction","target":["https:\/\/ugwp.cfolks.pl\/bwb\/produkt\/kolnierz-zaciskowy-z-izolacja-kraso-fkf-uniwersalny\/"]}]},{"@type":"ImageObject","inLanguage":"pl-PL","@id":"https:\/\/ugwp.cfolks.pl\/bwb\/produkt\/kolnierz-zaciskowy-z-izolacja-kraso-fkf-uniwersalny\/#primaryimage","url":"https:\/\/ugwp.cfolks.pl\/bwb\/wp-content\/uploads\/Kolnierz-zaciskowy-z-izolacja-KRASO\u00ae-FKF-uniwersalny.jpg","contentUrl":"https:\/\/ugwp.cfolks.pl\/bwb\/wp-content\/uploads\/Kolnierz-zaciskowy-z-izolacja-KRASO\u00ae-FKF-uniwersalny.jpg","width":1100,"height":810,"caption":"Ko\u0142nierz zaciskowy z izolacj\u0105 KRASO\u00ae FKF - uniwersalny"},{"@type":"BreadcrumbList","@id":"https:\/\/ugwp.cfolks.pl\/bwb\/produkt\/kolnierz-zaciskowy-z-izolacja-kraso-fkf-uniwersalny\/#breadcrumb","itemListElement":[{"@type":"ListItem","position":1,"name":"Strona g\u0142\u00f3wna","item":"https:\/\/ugwp.cfolks.pl\/bwb\/"},{"@type":"ListItem","position":2,"name":"Wodoszczelne Przej\u015bcia Instalacyjne","item":"https:\/\/ugwp.cfolks.pl\/bwb\/kategoria\/wodoszczelne-przejscia-instalacyjne\/"},{"@type":"ListItem","position":3,"name":"Uszczelnienia zewn\u0119trzne","item":"https:\/\/ugwp.cfolks.pl\/bwb\/kategoria\/wodoszczelne-przejscia-instalacyjne\/uszczelnienia-zewnetrzne\/"},{"@type":"ListItem","position":4,"name":"Ko\u0142nierz zaciskowy z izolacj\u0105 KRASO\u00ae FKF uniwersalny"}]},{"@type":"WebSite","@id":"https:\/\/ugwp.cfolks.pl\/bwb\/#website","url":"https:\/\/ugwp.cfolks.pl\/bwb\/","name":"BWB technology","description":"Kolejna witryna oparta na WordPressie","potentialAction":[{"@type":"SearchAction","target":{"@type":"EntryPoint","urlTemplate":"https:\/\/ugwp.cfolks.pl\/bwb\/?s={search_term_string}"},"query-input":{"@type":"PropertyValueSpecification","valueRequired":true,"valueName":"search_term_string"}}],"inLanguage":"pl-PL"}]}},"_links":{"self":[{"href":"https:\/\/ugwp.cfolks.pl\/bwb\/wp-json\/wp\/v2\/product\/2852","targetHints":{"allow":["GET"]}}],"collection":[{"href":"https:\/\/ugwp.cfolks.pl\/bwb\/wp-json\/wp\/v2\/product"}],"about":[{"href":"https:\/\/ugwp.cfolks.pl\/bwb\/wp-json\/wp\/v2\/types\/product"}],"wp:featuredmedia":[{"embeddable":true,"href":"https:\/\/ugwp.cfolks.pl\/bwb\/wp-json\/wp\/v2\/media\/2864"}],"wp:attachment":[{"href":"https:\/\/ugwp.cfolks.pl\/bwb\/wp-json\/wp\/v2\/media?parent=2852"}],"wp:term":[{"taxonomy":"product_cat","embeddable":true,"href":"https:\/\/ugwp.cfolks.pl\/bwb\/wp-json\/wp\/v2\/product_cat?post=2852"},{"taxonomy":"product_tag","embeddable":true,"href":"https:\/\/ugwp.cfolks.pl\/bwb\/wp-json\/wp\/v2\/product_tag?post=2852"}],"curies":[{"name":"wp","href":"https:\/\/api.w.org\/{rel}","templated":true}]}}