{"id":2851,"date":"2023-01-02T05:37:33","date_gmt":"2023-01-02T04:37:33","guid":{"rendered":"https:\/\/ugwp.cfolks.pl\/bwb\/?post_type=product&#038;p=2851"},"modified":"2024-09-24T12:53:15","modified_gmt":"2024-09-24T10:53:15","slug":"kolnierz-zaciskowy-z-izolacja-kraso-fkf-dd-gr","status":"publish","type":"product","link":"https:\/\/ugwp.cfolks.pl\/bwb\/produkt\/kolnierz-zaciskowy-z-izolacja-kraso-fkf-dd-gr\/","title":{"rendered":"Ko\u0142nierz zaciskowy z izolacj\u0105 KRASO\u00ae FKF DD \/ GR"},"content":{"rendered":"","protected":false},"excerpt":{"rendered":"<p>Ko\u0142nierz zaciskowy z izolacj\u0105 KRASO<sup>\u00ae<\/sup> FKF DD \/ GR to specjalne rozwi\u0105zanie do rur karbowanych. Fragment izolacji grubo\u015bci 1,2 mm, obwodowy ok. 15 cm wykonany jest zgodnie z norm\u0105 DIN 16937 i odporny jest na oleje i materia\u0142y bitumiczne. Specjalna mi\u0119kka uszczelka 40 mm oraz centralna p\u0142ytka s\u0142u\u017c\u0105ca do r\u00f3wnomiernego rozk\u0142adu nacisku na rur\u0119 karbowan\u0105 gwarantuje wodoszczelno\u015b\u0107 do 1,0 bara. Dla \u015brednicy zewn\u0119trznej od 200 mm \u2013 wk\u0142ad uszczelniaj\u0105cy KRASO<sup>\u00ae<\/sup> typ DD\/GR wyst\u0119puje z uszczelk\u0105 grubo\u015bci 60 mm. Elementy metalowe wykonane s\u0105 ze stali nierdzewnej V2A. Nakr\u0119tki kontroluj\u0105ce moment obrotowy KRASO<sup>\u00ae<\/sup> DKM automatycznie kontroluj\u0105 moment obrotowy bez konieczno\u015bci u\u017cycia klucza dynamometrycznego. Ko\u0142nierz zaciskowy z izolacj\u0105 KRASO<sup>\u00ae<\/sup> FKF mo\u017cna zastosowa\u0107 zar\u00f3wno w nowych jak i modernizowanych budynkach. Mo\u017cna go montowa\u0107 przed \u015bcian\u0105 lub w otworach rdzeniowych.<\/p>\n","protected":false},"featured_media":2861,"template":"","meta":{"_acf_changed":false},"product_cat":[139],"product_tag":[],"class_list":{"0":"post-2851","1":"product","2":"type-product","3":"status-publish","4":"has-post-thumbnail","6":"product_cat-uszczelnienia-zewnetrzne","8":"first","9":"instock","10":"shipping-taxable","11":"product-type-simple"},"acf":[],"yoast_head":"<!-- This site is optimized with the Yoast SEO plugin v27.3 - https:\/\/yoast.com\/product\/yoast-seo-wordpress\/ -->\n<title>Ko\u0142nierz zaciskowy z izolacj\u0105 KRASO\u00ae FKF DD \/ GR<\/title>\n<meta name=\"description\" content=\"Ko\u0142nierz zaciskowy z izolacj\u0105 KRASO\u00ae FKF DD \/ GR do uszczelniania rur karbowanych. Skuteczna izolacja i trwa\u0142a ochrona przed wod\u0105 i czynnikami zewn\u0119trznymi.\" \/>\n<meta name=\"robots\" content=\"noindex, follow, max-snippet:-1, max-image-preview:large, max-video-preview:-1\" \/>\n<meta property=\"og:locale\" content=\"pl_PL\" \/>\n<meta property=\"og:type\" content=\"article\" \/>\n<meta property=\"og:title\" content=\"Ko\u0142nierz zaciskowy z izolacj\u0105 KRASO\u00ae FKF DD \/ GR\" \/>\n<meta property=\"og:description\" content=\"Ko\u0142nierz zaciskowy z izolacj\u0105 KRASO\u00ae FKF DD \/ GR do uszczelniania rur karbowanych. Skuteczna izolacja i trwa\u0142a ochrona przed wod\u0105 i czynnikami zewn\u0119trznymi.\" \/>\n<meta property=\"og:url\" content=\"https:\/\/ugwp.cfolks.pl\/bwb\/produkt\/kolnierz-zaciskowy-z-izolacja-kraso-fkf-dd-gr\/\" \/>\n<meta property=\"og:site_name\" content=\"BWB technology\" \/>\n<meta property=\"article:modified_time\" content=\"2024-09-24T10:53:15+00:00\" \/>\n<meta property=\"og:image\" content=\"https:\/\/ugwp.cfolks.pl\/bwb\/wp-content\/uploads\/Kolnierz-zaciskowy-z-izolacja-KRASO\u00ae-FKF-DD-GR.jpg\" \/>\n\t<meta property=\"og:image:width\" content=\"1100\" \/>\n\t<meta property=\"og:image:height\" content=\"810\" \/>\n\t<meta property=\"og:image:type\" content=\"image\/jpeg\" \/>\n<meta name=\"twitter:card\" content=\"summary_large_image\" \/>\n<meta name=\"twitter:label1\" content=\"Szacowany czas czytania\" \/>\n\t<meta name=\"twitter:data1\" content=\"1 minuta\" \/>\n<script type=\"application\/ld+json\" class=\"yoast-schema-graph\">{\"@context\":\"https:\\\/\\\/schema.org\",\"@graph\":[{\"@type\":\"WebPage\",\"@id\":\"https:\\\/\\\/ugwp.cfolks.pl\\\/bwb\\\/produkt\\\/kolnierz-zaciskowy-z-izolacja-kraso-fkf-dd-gr\\\/\",\"url\":\"https:\\\/\\\/ugwp.cfolks.pl\\\/bwb\\\/produkt\\\/kolnierz-zaciskowy-z-izolacja-kraso-fkf-dd-gr\\\/\",\"name\":\"Ko\u0142nierz zaciskowy z izolacj\u0105 KRASO\u00ae FKF DD \\\/ GR\",\"isPartOf\":{\"@id\":\"https:\\\/\\\/ugwp.cfolks.pl\\\/bwb\\\/#website\"},\"primaryImageOfPage\":{\"@id\":\"https:\\\/\\\/ugwp.cfolks.pl\\\/bwb\\\/produkt\\\/kolnierz-zaciskowy-z-izolacja-kraso-fkf-dd-gr\\\/#primaryimage\"},\"image\":{\"@id\":\"https:\\\/\\\/ugwp.cfolks.pl\\\/bwb\\\/produkt\\\/kolnierz-zaciskowy-z-izolacja-kraso-fkf-dd-gr\\\/#primaryimage\"},\"thumbnailUrl\":\"https:\\\/\\\/ugwp.cfolks.pl\\\/bwb\\\/wp-content\\\/uploads\\\/Kolnierz-zaciskowy-z-izolacja-KRASO\u00ae-FKF-DD-GR.jpg\",\"datePublished\":\"2023-01-02T04:37:33+00:00\",\"dateModified\":\"2024-09-24T10:53:15+00:00\",\"description\":\"Ko\u0142nierz zaciskowy z izolacj\u0105 KRASO\u00ae FKF DD \\\/ GR do uszczelniania rur karbowanych. Skuteczna izolacja i trwa\u0142a ochrona przed wod\u0105 i czynnikami zewn\u0119trznymi.\",\"breadcrumb\":{\"@id\":\"https:\\\/\\\/ugwp.cfolks.pl\\\/bwb\\\/produkt\\\/kolnierz-zaciskowy-z-izolacja-kraso-fkf-dd-gr\\\/#breadcrumb\"},\"inLanguage\":\"pl-PL\",\"potentialAction\":[{\"@type\":\"ReadAction\",\"target\":[\"https:\\\/\\\/ugwp.cfolks.pl\\\/bwb\\\/produkt\\\/kolnierz-zaciskowy-z-izolacja-kraso-fkf-dd-gr\\\/\"]}]},{\"@type\":\"ImageObject\",\"inLanguage\":\"pl-PL\",\"@id\":\"https:\\\/\\\/ugwp.cfolks.pl\\\/bwb\\\/produkt\\\/kolnierz-zaciskowy-z-izolacja-kraso-fkf-dd-gr\\\/#primaryimage\",\"url\":\"https:\\\/\\\/ugwp.cfolks.pl\\\/bwb\\\/wp-content\\\/uploads\\\/Kolnierz-zaciskowy-z-izolacja-KRASO\u00ae-FKF-DD-GR.jpg\",\"contentUrl\":\"https:\\\/\\\/ugwp.cfolks.pl\\\/bwb\\\/wp-content\\\/uploads\\\/Kolnierz-zaciskowy-z-izolacja-KRASO\u00ae-FKF-DD-GR.jpg\",\"width\":1100,\"height\":810,\"caption\":\"Ko\u0142nierz zaciskowy z izolacj\u0105 KRASO\u00ae FKF DD \\\/ GR\"},{\"@type\":\"BreadcrumbList\",\"@id\":\"https:\\\/\\\/ugwp.cfolks.pl\\\/bwb\\\/produkt\\\/kolnierz-zaciskowy-z-izolacja-kraso-fkf-dd-gr\\\/#breadcrumb\",\"itemListElement\":[{\"@type\":\"ListItem\",\"position\":1,\"name\":\"Strona g\u0142\u00f3wna\",\"item\":\"https:\\\/\\\/ugwp.cfolks.pl\\\/bwb\\\/\"},{\"@type\":\"ListItem\",\"position\":2,\"name\":\"Wodoszczelne Przej\u015bcia Instalacyjne\",\"item\":\"https:\\\/\\\/ugwp.cfolks.pl\\\/bwb\\\/kategoria\\\/wodoszczelne-przejscia-instalacyjne\\\/\"},{\"@type\":\"ListItem\",\"position\":3,\"name\":\"Uszczelnienia zewn\u0119trzne\",\"item\":\"https:\\\/\\\/ugwp.cfolks.pl\\\/bwb\\\/kategoria\\\/wodoszczelne-przejscia-instalacyjne\\\/uszczelnienia-zewnetrzne\\\/\"},{\"@type\":\"ListItem\",\"position\":4,\"name\":\"Ko\u0142nierz zaciskowy z izolacj\u0105 KRASO\u00ae FKF DD \\\/ GR\"}]},{\"@type\":\"WebSite\",\"@id\":\"https:\\\/\\\/ugwp.cfolks.pl\\\/bwb\\\/#website\",\"url\":\"https:\\\/\\\/ugwp.cfolks.pl\\\/bwb\\\/\",\"name\":\"BWB technology\",\"description\":\"Kolejna witryna oparta na WordPressie\",\"potentialAction\":[{\"@type\":\"SearchAction\",\"target\":{\"@type\":\"EntryPoint\",\"urlTemplate\":\"https:\\\/\\\/ugwp.cfolks.pl\\\/bwb\\\/?s={search_term_string}\"},\"query-input\":{\"@type\":\"PropertyValueSpecification\",\"valueRequired\":true,\"valueName\":\"search_term_string\"}}],\"inLanguage\":\"pl-PL\"}]}<\/script>\n<!-- \/ Yoast SEO plugin. -->","yoast_head_json":{"title":"Ko\u0142nierz zaciskowy z izolacj\u0105 KRASO\u00ae FKF DD \/ GR","description":"Ko\u0142nierz zaciskowy z izolacj\u0105 KRASO\u00ae FKF DD \/ GR do uszczelniania rur karbowanych. Skuteczna izolacja i trwa\u0142a ochrona przed wod\u0105 i czynnikami zewn\u0119trznymi.","robots":{"index":"noindex","follow":"follow","max-snippet":"max-snippet:-1","max-image-preview":"max-image-preview:large","max-video-preview":"max-video-preview:-1"},"og_locale":"pl_PL","og_type":"article","og_title":"Ko\u0142nierz zaciskowy z izolacj\u0105 KRASO\u00ae FKF DD \/ GR","og_description":"Ko\u0142nierz zaciskowy z izolacj\u0105 KRASO\u00ae FKF DD \/ GR do uszczelniania rur karbowanych. Skuteczna izolacja i trwa\u0142a ochrona przed wod\u0105 i czynnikami zewn\u0119trznymi.","og_url":"https:\/\/ugwp.cfolks.pl\/bwb\/produkt\/kolnierz-zaciskowy-z-izolacja-kraso-fkf-dd-gr\/","og_site_name":"BWB technology","article_modified_time":"2024-09-24T10:53:15+00:00","og_image":[{"width":1100,"height":810,"url":"https:\/\/ugwp.cfolks.pl\/bwb\/wp-content\/uploads\/Kolnierz-zaciskowy-z-izolacja-KRASO\u00ae-FKF-DD-GR.jpg","type":"image\/jpeg"}],"twitter_card":"summary_large_image","twitter_misc":{"Szacowany czas czytania":"1 minuta"},"schema":{"@context":"https:\/\/schema.org","@graph":[{"@type":"WebPage","@id":"https:\/\/ugwp.cfolks.pl\/bwb\/produkt\/kolnierz-zaciskowy-z-izolacja-kraso-fkf-dd-gr\/","url":"https:\/\/ugwp.cfolks.pl\/bwb\/produkt\/kolnierz-zaciskowy-z-izolacja-kraso-fkf-dd-gr\/","name":"Ko\u0142nierz zaciskowy z izolacj\u0105 KRASO\u00ae FKF DD \/ GR","isPartOf":{"@id":"https:\/\/ugwp.cfolks.pl\/bwb\/#website"},"primaryImageOfPage":{"@id":"https:\/\/ugwp.cfolks.pl\/bwb\/produkt\/kolnierz-zaciskowy-z-izolacja-kraso-fkf-dd-gr\/#primaryimage"},"image":{"@id":"https:\/\/ugwp.cfolks.pl\/bwb\/produkt\/kolnierz-zaciskowy-z-izolacja-kraso-fkf-dd-gr\/#primaryimage"},"thumbnailUrl":"https:\/\/ugwp.cfolks.pl\/bwb\/wp-content\/uploads\/Kolnierz-zaciskowy-z-izolacja-KRASO\u00ae-FKF-DD-GR.jpg","datePublished":"2023-01-02T04:37:33+00:00","dateModified":"2024-09-24T10:53:15+00:00","description":"Ko\u0142nierz zaciskowy z izolacj\u0105 KRASO\u00ae FKF DD \/ GR do uszczelniania rur karbowanych. Skuteczna izolacja i trwa\u0142a ochrona przed wod\u0105 i czynnikami zewn\u0119trznymi.","breadcrumb":{"@id":"https:\/\/ugwp.cfolks.pl\/bwb\/produkt\/kolnierz-zaciskowy-z-izolacja-kraso-fkf-dd-gr\/#breadcrumb"},"inLanguage":"pl-PL","potentialAction":[{"@type":"ReadAction","target":["https:\/\/ugwp.cfolks.pl\/bwb\/produkt\/kolnierz-zaciskowy-z-izolacja-kraso-fkf-dd-gr\/"]}]},{"@type":"ImageObject","inLanguage":"pl-PL","@id":"https:\/\/ugwp.cfolks.pl\/bwb\/produkt\/kolnierz-zaciskowy-z-izolacja-kraso-fkf-dd-gr\/#primaryimage","url":"https:\/\/ugwp.cfolks.pl\/bwb\/wp-content\/uploads\/Kolnierz-zaciskowy-z-izolacja-KRASO\u00ae-FKF-DD-GR.jpg","contentUrl":"https:\/\/ugwp.cfolks.pl\/bwb\/wp-content\/uploads\/Kolnierz-zaciskowy-z-izolacja-KRASO\u00ae-FKF-DD-GR.jpg","width":1100,"height":810,"caption":"Ko\u0142nierz zaciskowy z izolacj\u0105 KRASO\u00ae FKF DD \/ GR"},{"@type":"BreadcrumbList","@id":"https:\/\/ugwp.cfolks.pl\/bwb\/produkt\/kolnierz-zaciskowy-z-izolacja-kraso-fkf-dd-gr\/#breadcrumb","itemListElement":[{"@type":"ListItem","position":1,"name":"Strona g\u0142\u00f3wna","item":"https:\/\/ugwp.cfolks.pl\/bwb\/"},{"@type":"ListItem","position":2,"name":"Wodoszczelne Przej\u015bcia Instalacyjne","item":"https:\/\/ugwp.cfolks.pl\/bwb\/kategoria\/wodoszczelne-przejscia-instalacyjne\/"},{"@type":"ListItem","position":3,"name":"Uszczelnienia zewn\u0119trzne","item":"https:\/\/ugwp.cfolks.pl\/bwb\/kategoria\/wodoszczelne-przejscia-instalacyjne\/uszczelnienia-zewnetrzne\/"},{"@type":"ListItem","position":4,"name":"Ko\u0142nierz zaciskowy z izolacj\u0105 KRASO\u00ae FKF DD \/ GR"}]},{"@type":"WebSite","@id":"https:\/\/ugwp.cfolks.pl\/bwb\/#website","url":"https:\/\/ugwp.cfolks.pl\/bwb\/","name":"BWB technology","description":"Kolejna witryna oparta na WordPressie","potentialAction":[{"@type":"SearchAction","target":{"@type":"EntryPoint","urlTemplate":"https:\/\/ugwp.cfolks.pl\/bwb\/?s={search_term_string}"},"query-input":{"@type":"PropertyValueSpecification","valueRequired":true,"valueName":"search_term_string"}}],"inLanguage":"pl-PL"}]}},"_links":{"self":[{"href":"https:\/\/ugwp.cfolks.pl\/bwb\/wp-json\/wp\/v2\/product\/2851","targetHints":{"allow":["GET"]}}],"collection":[{"href":"https:\/\/ugwp.cfolks.pl\/bwb\/wp-json\/wp\/v2\/product"}],"about":[{"href":"https:\/\/ugwp.cfolks.pl\/bwb\/wp-json\/wp\/v2\/types\/product"}],"wp:featuredmedia":[{"embeddable":true,"href":"https:\/\/ugwp.cfolks.pl\/bwb\/wp-json\/wp\/v2\/media\/2861"}],"wp:attachment":[{"href":"https:\/\/ugwp.cfolks.pl\/bwb\/wp-json\/wp\/v2\/media?parent=2851"}],"wp:term":[{"taxonomy":"product_cat","embeddable":true,"href":"https:\/\/ugwp.cfolks.pl\/bwb\/wp-json\/wp\/v2\/product_cat?post=2851"},{"taxonomy":"product_tag","embeddable":true,"href":"https:\/\/ugwp.cfolks.pl\/bwb\/wp-json\/wp\/v2\/product_tag?post=2851"}],"curies":[{"name":"wp","href":"https:\/\/api.w.org\/{rel}","templated":true}]}}