{"id":2810,"date":"2022-12-19T12:19:32","date_gmt":"2022-12-19T11:19:32","guid":{"rendered":"https:\/\/ugwp.cfolks.pl\/bwb\/?post_type=product&#038;p=2810"},"modified":"2023-09-25T20:14:37","modified_gmt":"2023-09-25T18:14:37","slug":"rura-kolnierzowa-kraso-typ-fe","status":"publish","type":"product","link":"https:\/\/ugwp.cfolks.pl\/bwb\/produkt\/rura-kolnierzowa-kraso-typ-fe\/","title":{"rendered":"Rura ko\u0142nierzowa KRASO\u00ae typ FE"},"content":{"rendered":"","protected":false},"excerpt":{"rendered":"<p>Rur\u0119 ko\u0142nierzow\u0105 KRASO<sup>\u00ae<\/sup> typ FE polecamy do nowych i modernizowanych konstrukcji &#8211; zgodnie z DIN 18533 W1-E. Wykonana z grubo\u015bciennego tworzywa sztucznego, do p\u00f3\u017aniejszego monta\u017cu rur i kabli za pomoc\u0105 wk\u0142adu uszczelniaj\u0105cego KRASO<sup>\u00ae<\/sup>, z ko\u0142nierzem foliowym KRASO<sup>\u00ae<\/sup> odpornym na oleje i bitumy (d = ok. 15 cm). Do monta\u017cu ko\u0142nierza foliowego polecamy nasz materia\u0142 klej\u0105co-uszczelniaj\u0105cy KRASO<sup>\u00ae<\/sup> PU 50. Standardowe \u015brednice wewn\u0119trzne ID oraz dost\u0119pno\u015b\u0107 dla standardowych grubo\u015bci \u015bcian w tabeli poni\u017cej.<\/p>\n","protected":false},"featured_media":2836,"template":"","meta":{"_acf_changed":false},"product_cat":[137],"product_tag":[],"class_list":{"0":"post-2810","1":"product","2":"type-product","3":"status-publish","4":"has-post-thumbnail","6":"product_cat-rury-oslonowe","8":"first","9":"instock","10":"shipping-taxable","11":"product-type-simple"},"acf":[],"yoast_head":"<!-- This site is optimized with the Yoast SEO plugin v27.3 - https:\/\/yoast.com\/product\/yoast-seo-wordpress\/ -->\n<title>Rura Ko\u0142nierzowa KRASO\u00ae typ FE do Monta\u017cu Rur i Kabli<\/title>\n<meta name=\"description\" content=\"Rura ko\u0142nierzowa KRASO\u00ae typ FE - Idealna do nowych i modernizowanych konstrukcji zgodnych z DIN 18533 W1-E. Wykonana z grubo\u015bciennego tworzywa sztucznego.\" \/>\n<meta name=\"robots\" content=\"noindex, follow, max-snippet:-1, max-image-preview:large, max-video-preview:-1\" \/>\n<meta property=\"og:locale\" content=\"pl_PL\" \/>\n<meta property=\"og:type\" content=\"article\" \/>\n<meta property=\"og:title\" content=\"Rura Ko\u0142nierzowa KRASO\u00ae typ FE do Monta\u017cu Rur i Kabli\" \/>\n<meta property=\"og:description\" content=\"Rura ko\u0142nierzowa KRASO\u00ae typ FE - Idealna do nowych i modernizowanych konstrukcji zgodnych z DIN 18533 W1-E. Wykonana z grubo\u015bciennego tworzywa sztucznego.\" \/>\n<meta property=\"og:url\" content=\"https:\/\/ugwp.cfolks.pl\/bwb\/produkt\/rura-kolnierzowa-kraso-typ-fe\/\" \/>\n<meta property=\"og:site_name\" content=\"BWB technology\" \/>\n<meta property=\"article:modified_time\" content=\"2023-09-25T18:14:37+00:00\" \/>\n<meta property=\"og:image\" content=\"https:\/\/ugwp.cfolks.pl\/bwb\/wp-content\/uploads\/Rura-kolnierzowa-KRASO\u00ae-typ-FE.jpg\" \/>\n\t<meta property=\"og:image:width\" content=\"1100\" \/>\n\t<meta property=\"og:image:height\" content=\"810\" \/>\n\t<meta property=\"og:image:type\" content=\"image\/jpeg\" \/>\n<meta name=\"twitter:card\" content=\"summary_large_image\" \/>\n<script type=\"application\/ld+json\" class=\"yoast-schema-graph\">{\"@context\":\"https:\\\/\\\/schema.org\",\"@graph\":[{\"@type\":\"WebPage\",\"@id\":\"https:\\\/\\\/ugwp.cfolks.pl\\\/bwb\\\/produkt\\\/rura-kolnierzowa-kraso-typ-fe\\\/\",\"url\":\"https:\\\/\\\/ugwp.cfolks.pl\\\/bwb\\\/produkt\\\/rura-kolnierzowa-kraso-typ-fe\\\/\",\"name\":\"Rura Ko\u0142nierzowa KRASO\u00ae typ FE do Monta\u017cu Rur i Kabli\",\"isPartOf\":{\"@id\":\"https:\\\/\\\/ugwp.cfolks.pl\\\/bwb\\\/#website\"},\"primaryImageOfPage\":{\"@id\":\"https:\\\/\\\/ugwp.cfolks.pl\\\/bwb\\\/produkt\\\/rura-kolnierzowa-kraso-typ-fe\\\/#primaryimage\"},\"image\":{\"@id\":\"https:\\\/\\\/ugwp.cfolks.pl\\\/bwb\\\/produkt\\\/rura-kolnierzowa-kraso-typ-fe\\\/#primaryimage\"},\"thumbnailUrl\":\"https:\\\/\\\/ugwp.cfolks.pl\\\/bwb\\\/wp-content\\\/uploads\\\/Rura-kolnierzowa-KRASO\u00ae-typ-FE.jpg\",\"datePublished\":\"2022-12-19T11:19:32+00:00\",\"dateModified\":\"2023-09-25T18:14:37+00:00\",\"description\":\"Rura ko\u0142nierzowa KRASO\u00ae typ FE - Idealna do nowych i modernizowanych konstrukcji zgodnych z DIN 18533 W1-E. Wykonana z grubo\u015bciennego tworzywa sztucznego.\",\"breadcrumb\":{\"@id\":\"https:\\\/\\\/ugwp.cfolks.pl\\\/bwb\\\/produkt\\\/rura-kolnierzowa-kraso-typ-fe\\\/#breadcrumb\"},\"inLanguage\":\"pl-PL\",\"potentialAction\":[{\"@type\":\"ReadAction\",\"target\":[\"https:\\\/\\\/ugwp.cfolks.pl\\\/bwb\\\/produkt\\\/rura-kolnierzowa-kraso-typ-fe\\\/\"]}]},{\"@type\":\"ImageObject\",\"inLanguage\":\"pl-PL\",\"@id\":\"https:\\\/\\\/ugwp.cfolks.pl\\\/bwb\\\/produkt\\\/rura-kolnierzowa-kraso-typ-fe\\\/#primaryimage\",\"url\":\"https:\\\/\\\/ugwp.cfolks.pl\\\/bwb\\\/wp-content\\\/uploads\\\/Rura-kolnierzowa-KRASO\u00ae-typ-FE.jpg\",\"contentUrl\":\"https:\\\/\\\/ugwp.cfolks.pl\\\/bwb\\\/wp-content\\\/uploads\\\/Rura-kolnierzowa-KRASO\u00ae-typ-FE.jpg\",\"width\":1100,\"height\":810,\"caption\":\"Rura ko\u0142nierzowa KRASO\u00ae typ FE\"},{\"@type\":\"BreadcrumbList\",\"@id\":\"https:\\\/\\\/ugwp.cfolks.pl\\\/bwb\\\/produkt\\\/rura-kolnierzowa-kraso-typ-fe\\\/#breadcrumb\",\"itemListElement\":[{\"@type\":\"ListItem\",\"position\":1,\"name\":\"Strona g\u0142\u00f3wna\",\"item\":\"https:\\\/\\\/ugwp.cfolks.pl\\\/bwb\\\/\"},{\"@type\":\"ListItem\",\"position\":2,\"name\":\"Wodoszczelne Przej\u015bcia Instalacyjne\",\"item\":\"https:\\\/\\\/ugwp.cfolks.pl\\\/bwb\\\/kategoria\\\/wodoszczelne-przejscia-instalacyjne\\\/\"},{\"@type\":\"ListItem\",\"position\":3,\"name\":\"Rury os\u0142onowe\",\"item\":\"https:\\\/\\\/ugwp.cfolks.pl\\\/bwb\\\/kategoria\\\/wodoszczelne-przejscia-instalacyjne\\\/rury-oslonowe\\\/\"},{\"@type\":\"ListItem\",\"position\":4,\"name\":\"Rura ko\u0142nierzowa KRASO\u00ae typ FE\"}]},{\"@type\":\"WebSite\",\"@id\":\"https:\\\/\\\/ugwp.cfolks.pl\\\/bwb\\\/#website\",\"url\":\"https:\\\/\\\/ugwp.cfolks.pl\\\/bwb\\\/\",\"name\":\"BWB technology\",\"description\":\"Kolejna witryna oparta na WordPressie\",\"potentialAction\":[{\"@type\":\"SearchAction\",\"target\":{\"@type\":\"EntryPoint\",\"urlTemplate\":\"https:\\\/\\\/ugwp.cfolks.pl\\\/bwb\\\/?s={search_term_string}\"},\"query-input\":{\"@type\":\"PropertyValueSpecification\",\"valueRequired\":true,\"valueName\":\"search_term_string\"}}],\"inLanguage\":\"pl-PL\"}]}<\/script>\n<!-- \/ Yoast SEO plugin. -->","yoast_head_json":{"title":"Rura Ko\u0142nierzowa KRASO\u00ae typ FE do Monta\u017cu Rur i Kabli","description":"Rura ko\u0142nierzowa KRASO\u00ae typ FE - Idealna do nowych i modernizowanych konstrukcji zgodnych z DIN 18533 W1-E. Wykonana z grubo\u015bciennego tworzywa sztucznego.","robots":{"index":"noindex","follow":"follow","max-snippet":"max-snippet:-1","max-image-preview":"max-image-preview:large","max-video-preview":"max-video-preview:-1"},"og_locale":"pl_PL","og_type":"article","og_title":"Rura Ko\u0142nierzowa KRASO\u00ae typ FE do Monta\u017cu Rur i Kabli","og_description":"Rura ko\u0142nierzowa KRASO\u00ae typ FE - Idealna do nowych i modernizowanych konstrukcji zgodnych z DIN 18533 W1-E. Wykonana z grubo\u015bciennego tworzywa sztucznego.","og_url":"https:\/\/ugwp.cfolks.pl\/bwb\/produkt\/rura-kolnierzowa-kraso-typ-fe\/","og_site_name":"BWB technology","article_modified_time":"2023-09-25T18:14:37+00:00","og_image":[{"width":1100,"height":810,"url":"https:\/\/ugwp.cfolks.pl\/bwb\/wp-content\/uploads\/Rura-kolnierzowa-KRASO\u00ae-typ-FE.jpg","type":"image\/jpeg"}],"twitter_card":"summary_large_image","schema":{"@context":"https:\/\/schema.org","@graph":[{"@type":"WebPage","@id":"https:\/\/ugwp.cfolks.pl\/bwb\/produkt\/rura-kolnierzowa-kraso-typ-fe\/","url":"https:\/\/ugwp.cfolks.pl\/bwb\/produkt\/rura-kolnierzowa-kraso-typ-fe\/","name":"Rura Ko\u0142nierzowa KRASO\u00ae typ FE do Monta\u017cu Rur i Kabli","isPartOf":{"@id":"https:\/\/ugwp.cfolks.pl\/bwb\/#website"},"primaryImageOfPage":{"@id":"https:\/\/ugwp.cfolks.pl\/bwb\/produkt\/rura-kolnierzowa-kraso-typ-fe\/#primaryimage"},"image":{"@id":"https:\/\/ugwp.cfolks.pl\/bwb\/produkt\/rura-kolnierzowa-kraso-typ-fe\/#primaryimage"},"thumbnailUrl":"https:\/\/ugwp.cfolks.pl\/bwb\/wp-content\/uploads\/Rura-kolnierzowa-KRASO\u00ae-typ-FE.jpg","datePublished":"2022-12-19T11:19:32+00:00","dateModified":"2023-09-25T18:14:37+00:00","description":"Rura ko\u0142nierzowa KRASO\u00ae typ FE - Idealna do nowych i modernizowanych konstrukcji zgodnych z DIN 18533 W1-E. Wykonana z grubo\u015bciennego tworzywa sztucznego.","breadcrumb":{"@id":"https:\/\/ugwp.cfolks.pl\/bwb\/produkt\/rura-kolnierzowa-kraso-typ-fe\/#breadcrumb"},"inLanguage":"pl-PL","potentialAction":[{"@type":"ReadAction","target":["https:\/\/ugwp.cfolks.pl\/bwb\/produkt\/rura-kolnierzowa-kraso-typ-fe\/"]}]},{"@type":"ImageObject","inLanguage":"pl-PL","@id":"https:\/\/ugwp.cfolks.pl\/bwb\/produkt\/rura-kolnierzowa-kraso-typ-fe\/#primaryimage","url":"https:\/\/ugwp.cfolks.pl\/bwb\/wp-content\/uploads\/Rura-kolnierzowa-KRASO\u00ae-typ-FE.jpg","contentUrl":"https:\/\/ugwp.cfolks.pl\/bwb\/wp-content\/uploads\/Rura-kolnierzowa-KRASO\u00ae-typ-FE.jpg","width":1100,"height":810,"caption":"Rura ko\u0142nierzowa KRASO\u00ae typ FE"},{"@type":"BreadcrumbList","@id":"https:\/\/ugwp.cfolks.pl\/bwb\/produkt\/rura-kolnierzowa-kraso-typ-fe\/#breadcrumb","itemListElement":[{"@type":"ListItem","position":1,"name":"Strona g\u0142\u00f3wna","item":"https:\/\/ugwp.cfolks.pl\/bwb\/"},{"@type":"ListItem","position":2,"name":"Wodoszczelne Przej\u015bcia Instalacyjne","item":"https:\/\/ugwp.cfolks.pl\/bwb\/kategoria\/wodoszczelne-przejscia-instalacyjne\/"},{"@type":"ListItem","position":3,"name":"Rury os\u0142onowe","item":"https:\/\/ugwp.cfolks.pl\/bwb\/kategoria\/wodoszczelne-przejscia-instalacyjne\/rury-oslonowe\/"},{"@type":"ListItem","position":4,"name":"Rura ko\u0142nierzowa KRASO\u00ae typ FE"}]},{"@type":"WebSite","@id":"https:\/\/ugwp.cfolks.pl\/bwb\/#website","url":"https:\/\/ugwp.cfolks.pl\/bwb\/","name":"BWB technology","description":"Kolejna witryna oparta na WordPressie","potentialAction":[{"@type":"SearchAction","target":{"@type":"EntryPoint","urlTemplate":"https:\/\/ugwp.cfolks.pl\/bwb\/?s={search_term_string}"},"query-input":{"@type":"PropertyValueSpecification","valueRequired":true,"valueName":"search_term_string"}}],"inLanguage":"pl-PL"}]}},"_links":{"self":[{"href":"https:\/\/ugwp.cfolks.pl\/bwb\/wp-json\/wp\/v2\/product\/2810","targetHints":{"allow":["GET"]}}],"collection":[{"href":"https:\/\/ugwp.cfolks.pl\/bwb\/wp-json\/wp\/v2\/product"}],"about":[{"href":"https:\/\/ugwp.cfolks.pl\/bwb\/wp-json\/wp\/v2\/types\/product"}],"wp:featuredmedia":[{"embeddable":true,"href":"https:\/\/ugwp.cfolks.pl\/bwb\/wp-json\/wp\/v2\/media\/2836"}],"wp:attachment":[{"href":"https:\/\/ugwp.cfolks.pl\/bwb\/wp-json\/wp\/v2\/media?parent=2810"}],"wp:term":[{"taxonomy":"product_cat","embeddable":true,"href":"https:\/\/ugwp.cfolks.pl\/bwb\/wp-json\/wp\/v2\/product_cat?post=2810"},{"taxonomy":"product_tag","embeddable":true,"href":"https:\/\/ugwp.cfolks.pl\/bwb\/wp-json\/wp\/v2\/product_tag?post=2810"}],"curies":[{"name":"wp","href":"https:\/\/api.w.org\/{rel}","templated":true}]}}