{"id":2753,"date":"2022-12-05T14:51:58","date_gmt":"2022-12-05T13:51:58","guid":{"rendered":"https:\/\/ugwp.cfolks.pl\/bwb\/?post_type=product&#038;p=2753"},"modified":"2023-09-25T21:25:01","modified_gmt":"2023-09-25T19:25:01","slug":"wklad-uszczelniajacy-kraso-typ-td-x","status":"publish","type":"product","link":"https:\/\/ugwp.cfolks.pl\/bwb\/produkt\/wklad-uszczelniajacy-kraso-typ-td-x\/","title":{"rendered":"Wk\u0142ad uszczelniaj\u0105cy KRASO\u00ae typ TD-X"},"content":{"rendered":"","protected":false},"excerpt":{"rendered":"<p>Wk\u0142ad uszczelniaj\u0105cy KRASO<sup>\u00ae<\/sup> typ TD-X zawiera w sobie wszystkie zalety wk\u0142ad\u00f3w uszczelniaj\u0105cych KRASO<sup>\u00ae<\/sup>, kt\u00f3re zosta\u0142y dodatkowo wzmocnione: potr\u00f3jne uszczelnienie grubo\u015bci 60 mm ze specjalnie opracowanej mieszanki gumowej, p\u0142yty wykonane ze stali nierdzewnej V2A grubsze o 20%.<\/p>\n<p>Te w\u0142a\u015bciwo\u015bci gwarantuj\u0105 wodoszczelno\u015b\u0107 do 10 bar\u00f3w. Dwie okr\u0105g\u0142e p\u0142yty dociskowe zapewniaj\u0105 optymalne roz\u0142o\u017cenie nacisku \u2013 tak\u017ce w przypadku nier\u00f3wnych przewod\u00f3w z mediami: strukturalnymi rurami SML (stopowymi) i TML (\u017celiwnymi) oraz w przypadku owalnych element\u00f3w lub otwor\u00f3w rdzeniowych bez g\u0142adkiej powierzchni, a wi\u0119ksza liczba nakr\u0119tek KRASO<sup>\u00ae<\/sup> DKM \u00a0zapewnia jeszcze bardziej r\u00f3wnomierne roz\u0142o\u017cenie nacisku.<\/p>\n<p>Nakr\u0119tki kontroluj\u0105ce moment obrotowy KRASO<sup>\u00ae<\/sup> DKM to automatyczna kontrola momentu obrotowego bez potrzeby u\u017cycia klucza dynamometrycznego. Wk\u0142ady uszczelniaj\u0105ce KRASO<sup>\u00ae<\/sup> zabezpieczaj\u0105 nie tylko przed ci\u015bnieniem hydrostatycznym, ale s\u0105 r\u00f3wnie\u017c gazo- i zapachoszczelne, a tym samym s\u0105 pe\u0142nowarto\u015bciowe w rozumieniu Instrukcji Technicznej w zakresie zachowania czysto\u015bci powietrza. Dzi\u0119ki pomy\u015blnemu testowi w Instytucie Bada\u0144 Materia\u0142owych nasze wk\u0142ady uszczelniaj\u0105ce spe\u0142niaj\u0105 wymagania administracyjne Federalnej ustawy o ochronie przed zanieczyszczeniami: \u201eInstrukcje techniczne dotycz\u0105ce utrzymania czysto\u015bci powietrza\u201d.<\/p>\n<p>Wk\u0142ady uszczelniaj\u0105ce KRASO<sup>\u00ae<\/sup> gwarantuj\u0105 niezawodn\u0105 ochron\u0119 przed radonem, radioaktywnym gazem szlachetnym, kt\u00f3ry wyst\u0119puje w pod\u0142o\u017cach skalnych i wraz z powietrzem dostaje si\u0119 przez nieszczelno\u015bci do pomieszcze\u0144 zlokalizowanych poni\u017cej poziomu terenu.<\/p>\n","protected":false},"featured_media":2755,"template":"","meta":{"_acf_changed":false},"product_cat":[140],"product_tag":[],"class_list":{"0":"post-2753","1":"product","2":"type-product","3":"status-publish","4":"has-post-thumbnail","6":"product_cat-wklady-uszczelniajace","8":"first","9":"instock","10":"shipping-taxable","11":"product-type-simple"},"acf":[],"yoast_head":"<!-- This site is optimized with the Yoast SEO plugin v27.3 - https:\/\/yoast.com\/product\/yoast-seo-wordpress\/ -->\n<title>Wk\u0142ad Uszczelniaj\u0105cy KRASO\u00ae typ TD-X Potr\u00f3jne Uszczelnienie<\/title>\n<meta name=\"description\" content=\"Wk\u0142ad uszczelniaj\u0105cy KRASO\u00ae typ TD-X -Wyj\u0105tkowa wodoszczelno\u015b\u0107 i wytrzyma\u0142o\u015b\u0107. Odkryj wyj\u0105tkow\u0105 wydajno\u015b\u0107 i niezawodno\u015b\u0107 wk\u0142adu TD-X ju\u017c dzi\u015b!\" \/>\n<meta name=\"robots\" content=\"noindex, follow, max-snippet:-1, max-image-preview:large, max-video-preview:-1\" \/>\n<meta property=\"og:locale\" content=\"pl_PL\" \/>\n<meta property=\"og:type\" content=\"article\" \/>\n<meta property=\"og:title\" content=\"Wk\u0142ad Uszczelniaj\u0105cy KRASO\u00ae typ TD-X Potr\u00f3jne Uszczelnienie\" \/>\n<meta property=\"og:description\" content=\"Wk\u0142ad uszczelniaj\u0105cy KRASO\u00ae typ TD-X -Wyj\u0105tkowa wodoszczelno\u015b\u0107 i wytrzyma\u0142o\u015b\u0107. Odkryj wyj\u0105tkow\u0105 wydajno\u015b\u0107 i niezawodno\u015b\u0107 wk\u0142adu TD-X ju\u017c dzi\u015b!\" \/>\n<meta property=\"og:url\" content=\"https:\/\/ugwp.cfolks.pl\/bwb\/produkt\/wklad-uszczelniajacy-kraso-typ-td-x\/\" \/>\n<meta property=\"og:site_name\" content=\"BWB technology\" \/>\n<meta property=\"article:modified_time\" content=\"2023-09-25T19:25:01+00:00\" \/>\n<meta property=\"og:image\" content=\"https:\/\/ugwp.cfolks.pl\/bwb\/wp-content\/uploads\/Wklad-uszczelniajacy-KRASO\u00ae-typ-TD-X.jpg\" \/>\n\t<meta property=\"og:image:width\" content=\"1100\" \/>\n\t<meta property=\"og:image:height\" content=\"810\" \/>\n\t<meta property=\"og:image:type\" content=\"image\/jpeg\" \/>\n<meta name=\"twitter:card\" content=\"summary_large_image\" \/>\n<script type=\"application\/ld+json\" class=\"yoast-schema-graph\">{\"@context\":\"https:\\\/\\\/schema.org\",\"@graph\":[{\"@type\":\"WebPage\",\"@id\":\"https:\\\/\\\/ugwp.cfolks.pl\\\/bwb\\\/produkt\\\/wklad-uszczelniajacy-kraso-typ-td-x\\\/\",\"url\":\"https:\\\/\\\/ugwp.cfolks.pl\\\/bwb\\\/produkt\\\/wklad-uszczelniajacy-kraso-typ-td-x\\\/\",\"name\":\"Wk\u0142ad Uszczelniaj\u0105cy KRASO\u00ae typ TD-X Potr\u00f3jne Uszczelnienie\",\"isPartOf\":{\"@id\":\"https:\\\/\\\/ugwp.cfolks.pl\\\/bwb\\\/#website\"},\"primaryImageOfPage\":{\"@id\":\"https:\\\/\\\/ugwp.cfolks.pl\\\/bwb\\\/produkt\\\/wklad-uszczelniajacy-kraso-typ-td-x\\\/#primaryimage\"},\"image\":{\"@id\":\"https:\\\/\\\/ugwp.cfolks.pl\\\/bwb\\\/produkt\\\/wklad-uszczelniajacy-kraso-typ-td-x\\\/#primaryimage\"},\"thumbnailUrl\":\"https:\\\/\\\/ugwp.cfolks.pl\\\/bwb\\\/wp-content\\\/uploads\\\/Wklad-uszczelniajacy-KRASO\u00ae-typ-TD-X.jpg\",\"datePublished\":\"2022-12-05T13:51:58+00:00\",\"dateModified\":\"2023-09-25T19:25:01+00:00\",\"description\":\"Wk\u0142ad uszczelniaj\u0105cy KRASO\u00ae typ TD-X -Wyj\u0105tkowa wodoszczelno\u015b\u0107 i wytrzyma\u0142o\u015b\u0107. Odkryj wyj\u0105tkow\u0105 wydajno\u015b\u0107 i niezawodno\u015b\u0107 wk\u0142adu TD-X ju\u017c dzi\u015b!\",\"breadcrumb\":{\"@id\":\"https:\\\/\\\/ugwp.cfolks.pl\\\/bwb\\\/produkt\\\/wklad-uszczelniajacy-kraso-typ-td-x\\\/#breadcrumb\"},\"inLanguage\":\"pl-PL\",\"potentialAction\":[{\"@type\":\"ReadAction\",\"target\":[\"https:\\\/\\\/ugwp.cfolks.pl\\\/bwb\\\/produkt\\\/wklad-uszczelniajacy-kraso-typ-td-x\\\/\"]}]},{\"@type\":\"ImageObject\",\"inLanguage\":\"pl-PL\",\"@id\":\"https:\\\/\\\/ugwp.cfolks.pl\\\/bwb\\\/produkt\\\/wklad-uszczelniajacy-kraso-typ-td-x\\\/#primaryimage\",\"url\":\"https:\\\/\\\/ugwp.cfolks.pl\\\/bwb\\\/wp-content\\\/uploads\\\/Wklad-uszczelniajacy-KRASO\u00ae-typ-TD-X.jpg\",\"contentUrl\":\"https:\\\/\\\/ugwp.cfolks.pl\\\/bwb\\\/wp-content\\\/uploads\\\/Wklad-uszczelniajacy-KRASO\u00ae-typ-TD-X.jpg\",\"width\":1100,\"height\":810,\"caption\":\"Wk\u0142ad uszczelniaj\u0105cy KRASO\u00ae typ TD-X\"},{\"@type\":\"BreadcrumbList\",\"@id\":\"https:\\\/\\\/ugwp.cfolks.pl\\\/bwb\\\/produkt\\\/wklad-uszczelniajacy-kraso-typ-td-x\\\/#breadcrumb\",\"itemListElement\":[{\"@type\":\"ListItem\",\"position\":1,\"name\":\"Strona g\u0142\u00f3wna\",\"item\":\"https:\\\/\\\/ugwp.cfolks.pl\\\/bwb\\\/\"},{\"@type\":\"ListItem\",\"position\":2,\"name\":\"Wodoszczelne Przej\u015bcia Instalacyjne\",\"item\":\"https:\\\/\\\/ugwp.cfolks.pl\\\/bwb\\\/kategoria\\\/wodoszczelne-przejscia-instalacyjne\\\/\"},{\"@type\":\"ListItem\",\"position\":3,\"name\":\"Wk\u0142ady uszczelniaj\u0105ce\",\"item\":\"https:\\\/\\\/ugwp.cfolks.pl\\\/bwb\\\/kategoria\\\/wodoszczelne-przejscia-instalacyjne\\\/wklady-uszczelniajace\\\/\"},{\"@type\":\"ListItem\",\"position\":4,\"name\":\"Wk\u0142ad uszczelniaj\u0105cy KRASO\u00ae typ TD-X\"}]},{\"@type\":\"WebSite\",\"@id\":\"https:\\\/\\\/ugwp.cfolks.pl\\\/bwb\\\/#website\",\"url\":\"https:\\\/\\\/ugwp.cfolks.pl\\\/bwb\\\/\",\"name\":\"BWB technology\",\"description\":\"Kolejna witryna oparta na WordPressie\",\"potentialAction\":[{\"@type\":\"SearchAction\",\"target\":{\"@type\":\"EntryPoint\",\"urlTemplate\":\"https:\\\/\\\/ugwp.cfolks.pl\\\/bwb\\\/?s={search_term_string}\"},\"query-input\":{\"@type\":\"PropertyValueSpecification\",\"valueRequired\":true,\"valueName\":\"search_term_string\"}}],\"inLanguage\":\"pl-PL\"}]}<\/script>\n<!-- \/ Yoast SEO plugin. -->","yoast_head_json":{"title":"Wk\u0142ad Uszczelniaj\u0105cy KRASO\u00ae typ TD-X Potr\u00f3jne Uszczelnienie","description":"Wk\u0142ad uszczelniaj\u0105cy KRASO\u00ae typ TD-X -Wyj\u0105tkowa wodoszczelno\u015b\u0107 i wytrzyma\u0142o\u015b\u0107. Odkryj wyj\u0105tkow\u0105 wydajno\u015b\u0107 i niezawodno\u015b\u0107 wk\u0142adu TD-X ju\u017c dzi\u015b!","robots":{"index":"noindex","follow":"follow","max-snippet":"max-snippet:-1","max-image-preview":"max-image-preview:large","max-video-preview":"max-video-preview:-1"},"og_locale":"pl_PL","og_type":"article","og_title":"Wk\u0142ad Uszczelniaj\u0105cy KRASO\u00ae typ TD-X Potr\u00f3jne Uszczelnienie","og_description":"Wk\u0142ad uszczelniaj\u0105cy KRASO\u00ae typ TD-X -Wyj\u0105tkowa wodoszczelno\u015b\u0107 i wytrzyma\u0142o\u015b\u0107. Odkryj wyj\u0105tkow\u0105 wydajno\u015b\u0107 i niezawodno\u015b\u0107 wk\u0142adu TD-X ju\u017c dzi\u015b!","og_url":"https:\/\/ugwp.cfolks.pl\/bwb\/produkt\/wklad-uszczelniajacy-kraso-typ-td-x\/","og_site_name":"BWB technology","article_modified_time":"2023-09-25T19:25:01+00:00","og_image":[{"width":1100,"height":810,"url":"https:\/\/ugwp.cfolks.pl\/bwb\/wp-content\/uploads\/Wklad-uszczelniajacy-KRASO\u00ae-typ-TD-X.jpg","type":"image\/jpeg"}],"twitter_card":"summary_large_image","schema":{"@context":"https:\/\/schema.org","@graph":[{"@type":"WebPage","@id":"https:\/\/ugwp.cfolks.pl\/bwb\/produkt\/wklad-uszczelniajacy-kraso-typ-td-x\/","url":"https:\/\/ugwp.cfolks.pl\/bwb\/produkt\/wklad-uszczelniajacy-kraso-typ-td-x\/","name":"Wk\u0142ad Uszczelniaj\u0105cy KRASO\u00ae typ TD-X Potr\u00f3jne Uszczelnienie","isPartOf":{"@id":"https:\/\/ugwp.cfolks.pl\/bwb\/#website"},"primaryImageOfPage":{"@id":"https:\/\/ugwp.cfolks.pl\/bwb\/produkt\/wklad-uszczelniajacy-kraso-typ-td-x\/#primaryimage"},"image":{"@id":"https:\/\/ugwp.cfolks.pl\/bwb\/produkt\/wklad-uszczelniajacy-kraso-typ-td-x\/#primaryimage"},"thumbnailUrl":"https:\/\/ugwp.cfolks.pl\/bwb\/wp-content\/uploads\/Wklad-uszczelniajacy-KRASO\u00ae-typ-TD-X.jpg","datePublished":"2022-12-05T13:51:58+00:00","dateModified":"2023-09-25T19:25:01+00:00","description":"Wk\u0142ad uszczelniaj\u0105cy KRASO\u00ae typ TD-X -Wyj\u0105tkowa wodoszczelno\u015b\u0107 i wytrzyma\u0142o\u015b\u0107. Odkryj wyj\u0105tkow\u0105 wydajno\u015b\u0107 i niezawodno\u015b\u0107 wk\u0142adu TD-X ju\u017c dzi\u015b!","breadcrumb":{"@id":"https:\/\/ugwp.cfolks.pl\/bwb\/produkt\/wklad-uszczelniajacy-kraso-typ-td-x\/#breadcrumb"},"inLanguage":"pl-PL","potentialAction":[{"@type":"ReadAction","target":["https:\/\/ugwp.cfolks.pl\/bwb\/produkt\/wklad-uszczelniajacy-kraso-typ-td-x\/"]}]},{"@type":"ImageObject","inLanguage":"pl-PL","@id":"https:\/\/ugwp.cfolks.pl\/bwb\/produkt\/wklad-uszczelniajacy-kraso-typ-td-x\/#primaryimage","url":"https:\/\/ugwp.cfolks.pl\/bwb\/wp-content\/uploads\/Wklad-uszczelniajacy-KRASO\u00ae-typ-TD-X.jpg","contentUrl":"https:\/\/ugwp.cfolks.pl\/bwb\/wp-content\/uploads\/Wklad-uszczelniajacy-KRASO\u00ae-typ-TD-X.jpg","width":1100,"height":810,"caption":"Wk\u0142ad uszczelniaj\u0105cy KRASO\u00ae typ TD-X"},{"@type":"BreadcrumbList","@id":"https:\/\/ugwp.cfolks.pl\/bwb\/produkt\/wklad-uszczelniajacy-kraso-typ-td-x\/#breadcrumb","itemListElement":[{"@type":"ListItem","position":1,"name":"Strona g\u0142\u00f3wna","item":"https:\/\/ugwp.cfolks.pl\/bwb\/"},{"@type":"ListItem","position":2,"name":"Wodoszczelne Przej\u015bcia Instalacyjne","item":"https:\/\/ugwp.cfolks.pl\/bwb\/kategoria\/wodoszczelne-przejscia-instalacyjne\/"},{"@type":"ListItem","position":3,"name":"Wk\u0142ady uszczelniaj\u0105ce","item":"https:\/\/ugwp.cfolks.pl\/bwb\/kategoria\/wodoszczelne-przejscia-instalacyjne\/wklady-uszczelniajace\/"},{"@type":"ListItem","position":4,"name":"Wk\u0142ad uszczelniaj\u0105cy KRASO\u00ae typ TD-X"}]},{"@type":"WebSite","@id":"https:\/\/ugwp.cfolks.pl\/bwb\/#website","url":"https:\/\/ugwp.cfolks.pl\/bwb\/","name":"BWB technology","description":"Kolejna witryna oparta na WordPressie","potentialAction":[{"@type":"SearchAction","target":{"@type":"EntryPoint","urlTemplate":"https:\/\/ugwp.cfolks.pl\/bwb\/?s={search_term_string}"},"query-input":{"@type":"PropertyValueSpecification","valueRequired":true,"valueName":"search_term_string"}}],"inLanguage":"pl-PL"}]}},"_links":{"self":[{"href":"https:\/\/ugwp.cfolks.pl\/bwb\/wp-json\/wp\/v2\/product\/2753","targetHints":{"allow":["GET"]}}],"collection":[{"href":"https:\/\/ugwp.cfolks.pl\/bwb\/wp-json\/wp\/v2\/product"}],"about":[{"href":"https:\/\/ugwp.cfolks.pl\/bwb\/wp-json\/wp\/v2\/types\/product"}],"wp:featuredmedia":[{"embeddable":true,"href":"https:\/\/ugwp.cfolks.pl\/bwb\/wp-json\/wp\/v2\/media\/2755"}],"wp:attachment":[{"href":"https:\/\/ugwp.cfolks.pl\/bwb\/wp-json\/wp\/v2\/media?parent=2753"}],"wp:term":[{"taxonomy":"product_cat","embeddable":true,"href":"https:\/\/ugwp.cfolks.pl\/bwb\/wp-json\/wp\/v2\/product_cat?post=2753"},{"taxonomy":"product_tag","embeddable":true,"href":"https:\/\/ugwp.cfolks.pl\/bwb\/wp-json\/wp\/v2\/product_tag?post=2753"}],"curies":[{"name":"wp","href":"https:\/\/api.w.org\/{rel}","templated":true}]}}