{"id":2748,"date":"2022-12-05T14:34:27","date_gmt":"2022-12-05T13:34:27","guid":{"rendered":"https:\/\/ugwp.cfolks.pl\/bwb\/?post_type=product&#038;p=2748"},"modified":"2023-09-25T21:15:57","modified_gmt":"2023-09-25T19:15:57","slug":"wklad-uszczelniajacy-kraso-gr","status":"publish","type":"product","link":"https:\/\/ugwp.cfolks.pl\/bwb\/produkt\/wklad-uszczelniajacy-kraso-gr\/","title":{"rendered":"Wk\u0142ad uszczelniaj\u0105cy KRASO\u00ae typ GR"},"content":{"rendered":"","protected":false},"excerpt":{"rendered":"<p>Wk\u0142ad uszczelniaj\u0105cy KRASO<sup>\u00ae<\/sup> GR to rozwi\u0105zanie do przeprowadzania karbowanych rur z mediami. Specjalne mi\u0119kkie uszczelnienie i centralna p\u0142yta s\u0142u\u017c\u0105ca do r\u00f3wnomiernego roz\u0142o\u017cenia nacisku na rurach karbowanych zapobiega uszkodzeniom i nieszczelno\u015bciom. Wysoka jako\u015b\u0107 wk\u0142ad\u00f3w uszczelniaj\u0105cych KRASO<sup>\u00ae<\/sup> osi\u0105gni\u0119ta jest dzi\u0119ki przyspawanym bolcom gwintowanym zapewniaj\u0105cym r\u00f3wnomierny rozk\u0142ad nacisku, p\u0142ytom zaciskowym o grubo\u015bci 5 mm ze stali nierdzewnej V2A oraz specjalnie opracowanej mieszance gumowej. Wk\u0142ady uszczelniaj\u0105ce dost\u0119pne s\u0105 z uszczelk\u0105 40 mm gwarantuj\u0105c\u0105 niezawodn\u0105 ochron\u0119 przed wod\u0105 pod ci\u015bnieniem 1,0 bara typ GR \/ DD, oraz z uszczelk\u0105 80 mm gwarantuj\u0105c\u0105 niezawodn\u0105 ochron\u0119 przed wod\u0105 pod ci\u015bnieniem do 2,0 bara typ GR \/ VD.<\/p>\n<p>Nakr\u0119tki kontroluj\u0105ce moment obrotowy KRASO<sup>\u00ae<\/sup> DKM to automatyczna kontrola momentu obrotowego bez potrzeby u\u017cycia klucza dynamometrycznego.<\/p>\n<p>Wk\u0142ady uszczelniaj\u0105ce KRASO<sup>\u00ae<\/sup> zabezpieczaj\u0105 nie tylko przed ci\u015bnieniem hydrostatycznym, ale s\u0105 r\u00f3wnie\u017c gazo- i zapachoszczelne, a tym samym s\u0105 pe\u0142nowarto\u015bciowe w rozumieniu Instrukcji Technicznej w zakresie zachowania czysto\u015bci powietrza. Dzi\u0119ki pomy\u015blnemu testowi w Instytucie Bada\u0144 Materia\u0142owych nasze wk\u0142ady uszczelniaj\u0105ce spe\u0142niaj\u0105 wymagania administracyjne Federalnej ustawy o ochronie przed zanieczyszczeniami: \u201eInstrukcje techniczne dotycz\u0105ce utrzymania czysto\u015bci powietrza\u201d.<\/p>\n<p>Wk\u0142ady uszczelniaj\u0105ce KRASO<sup>\u00ae<\/sup> gwarantuj\u0105 niezawodn\u0105 ochron\u0119 przed radonem, radioaktywnym gazem szlachetnym, kt\u00f3ry wyst\u0119puje w pod\u0142o\u017cach skalnych i wraz z powietrzem dostaje si\u0119 przez nieszczelno\u015bci do pomieszcze\u0144 zlokalizowanych poni\u017cej poziomu terenu.<\/p>\n","protected":false},"featured_media":2749,"template":"","meta":{"_acf_changed":false},"product_cat":[140],"product_tag":[],"class_list":{"0":"post-2748","1":"product","2":"type-product","3":"status-publish","4":"has-post-thumbnail","6":"product_cat-wklady-uszczelniajace","8":"first","9":"instock","10":"shipping-taxable","11":"product-type-simple"},"acf":[],"yoast_head":"<!-- This site is optimized with the Yoast SEO plugin v27.3 - https:\/\/yoast.com\/product\/yoast-seo-wordpress\/ -->\n<title>Wk\u0142ad Uszczelniaj\u0105cy KRASO\u00ae typ GR Wysoka Jako\u015b\u0107 Konstrukcji<\/title>\n<meta name=\"description\" content=\"Wk\u0142ad uszczelniaj\u0105cy KRASO\u00ae typ GR - Idealne rozwi\u0105zanie dla karbowanych rur. Solidna konstrukcja i zdolno\u015b\u0107 do ochrony przed wod\u0105, gazami i radonem.\" \/>\n<meta name=\"robots\" content=\"noindex, follow, max-snippet:-1, max-image-preview:large, max-video-preview:-1\" \/>\n<meta property=\"og:locale\" content=\"pl_PL\" \/>\n<meta property=\"og:type\" content=\"article\" \/>\n<meta property=\"og:title\" content=\"Wk\u0142ad Uszczelniaj\u0105cy KRASO\u00ae typ GR Wysoka Jako\u015b\u0107 Konstrukcji\" \/>\n<meta property=\"og:description\" content=\"Wk\u0142ad uszczelniaj\u0105cy KRASO\u00ae typ GR - Idealne rozwi\u0105zanie dla karbowanych rur. Solidna konstrukcja i zdolno\u015b\u0107 do ochrony przed wod\u0105, gazami i radonem.\" \/>\n<meta property=\"og:url\" content=\"https:\/\/ugwp.cfolks.pl\/bwb\/produkt\/wklad-uszczelniajacy-kraso-gr\/\" \/>\n<meta property=\"og:site_name\" content=\"BWB technology\" \/>\n<meta property=\"article:modified_time\" content=\"2023-09-25T19:15:57+00:00\" \/>\n<meta property=\"og:image\" content=\"https:\/\/ugwp.cfolks.pl\/bwb\/wp-content\/uploads\/Wklad-uszczelniajacy-KRASO\u00ae-DD-GR.jpg\" \/>\n\t<meta property=\"og:image:width\" content=\"1100\" \/>\n\t<meta property=\"og:image:height\" content=\"810\" \/>\n\t<meta property=\"og:image:type\" content=\"image\/jpeg\" \/>\n<meta name=\"twitter:card\" content=\"summary_large_image\" \/>\n<script type=\"application\/ld+json\" class=\"yoast-schema-graph\">{\"@context\":\"https:\\\/\\\/schema.org\",\"@graph\":[{\"@type\":\"WebPage\",\"@id\":\"https:\\\/\\\/ugwp.cfolks.pl\\\/bwb\\\/produkt\\\/wklad-uszczelniajacy-kraso-gr\\\/\",\"url\":\"https:\\\/\\\/ugwp.cfolks.pl\\\/bwb\\\/produkt\\\/wklad-uszczelniajacy-kraso-gr\\\/\",\"name\":\"Wk\u0142ad Uszczelniaj\u0105cy KRASO\u00ae typ GR Wysoka Jako\u015b\u0107 Konstrukcji\",\"isPartOf\":{\"@id\":\"https:\\\/\\\/ugwp.cfolks.pl\\\/bwb\\\/#website\"},\"primaryImageOfPage\":{\"@id\":\"https:\\\/\\\/ugwp.cfolks.pl\\\/bwb\\\/produkt\\\/wklad-uszczelniajacy-kraso-gr\\\/#primaryimage\"},\"image\":{\"@id\":\"https:\\\/\\\/ugwp.cfolks.pl\\\/bwb\\\/produkt\\\/wklad-uszczelniajacy-kraso-gr\\\/#primaryimage\"},\"thumbnailUrl\":\"https:\\\/\\\/ugwp.cfolks.pl\\\/bwb\\\/wp-content\\\/uploads\\\/Wklad-uszczelniajacy-KRASO\u00ae-DD-GR.jpg\",\"datePublished\":\"2022-12-05T13:34:27+00:00\",\"dateModified\":\"2023-09-25T19:15:57+00:00\",\"description\":\"Wk\u0142ad uszczelniaj\u0105cy KRASO\u00ae typ GR - Idealne rozwi\u0105zanie dla karbowanych rur. Solidna konstrukcja i zdolno\u015b\u0107 do ochrony przed wod\u0105, gazami i radonem.\",\"breadcrumb\":{\"@id\":\"https:\\\/\\\/ugwp.cfolks.pl\\\/bwb\\\/produkt\\\/wklad-uszczelniajacy-kraso-gr\\\/#breadcrumb\"},\"inLanguage\":\"pl-PL\",\"potentialAction\":[{\"@type\":\"ReadAction\",\"target\":[\"https:\\\/\\\/ugwp.cfolks.pl\\\/bwb\\\/produkt\\\/wklad-uszczelniajacy-kraso-gr\\\/\"]}]},{\"@type\":\"ImageObject\",\"inLanguage\":\"pl-PL\",\"@id\":\"https:\\\/\\\/ugwp.cfolks.pl\\\/bwb\\\/produkt\\\/wklad-uszczelniajacy-kraso-gr\\\/#primaryimage\",\"url\":\"https:\\\/\\\/ugwp.cfolks.pl\\\/bwb\\\/wp-content\\\/uploads\\\/Wklad-uszczelniajacy-KRASO\u00ae-DD-GR.jpg\",\"contentUrl\":\"https:\\\/\\\/ugwp.cfolks.pl\\\/bwb\\\/wp-content\\\/uploads\\\/Wklad-uszczelniajacy-KRASO\u00ae-DD-GR.jpg\",\"width\":1100,\"height\":810,\"caption\":\"Wk\u0142ad uszczelniaj\u0105cy KRASO\u00ae typ DD \\\/ GR\"},{\"@type\":\"BreadcrumbList\",\"@id\":\"https:\\\/\\\/ugwp.cfolks.pl\\\/bwb\\\/produkt\\\/wklad-uszczelniajacy-kraso-gr\\\/#breadcrumb\",\"itemListElement\":[{\"@type\":\"ListItem\",\"position\":1,\"name\":\"Strona g\u0142\u00f3wna\",\"item\":\"https:\\\/\\\/ugwp.cfolks.pl\\\/bwb\\\/\"},{\"@type\":\"ListItem\",\"position\":2,\"name\":\"Wodoszczelne Przej\u015bcia Instalacyjne\",\"item\":\"https:\\\/\\\/ugwp.cfolks.pl\\\/bwb\\\/kategoria\\\/wodoszczelne-przejscia-instalacyjne\\\/\"},{\"@type\":\"ListItem\",\"position\":3,\"name\":\"Wk\u0142ady uszczelniaj\u0105ce\",\"item\":\"https:\\\/\\\/ugwp.cfolks.pl\\\/bwb\\\/kategoria\\\/wodoszczelne-przejscia-instalacyjne\\\/wklady-uszczelniajace\\\/\"},{\"@type\":\"ListItem\",\"position\":4,\"name\":\"Wk\u0142ad uszczelniaj\u0105cy KRASO\u00ae typ GR\"}]},{\"@type\":\"WebSite\",\"@id\":\"https:\\\/\\\/ugwp.cfolks.pl\\\/bwb\\\/#website\",\"url\":\"https:\\\/\\\/ugwp.cfolks.pl\\\/bwb\\\/\",\"name\":\"BWB technology\",\"description\":\"Kolejna witryna oparta na WordPressie\",\"potentialAction\":[{\"@type\":\"SearchAction\",\"target\":{\"@type\":\"EntryPoint\",\"urlTemplate\":\"https:\\\/\\\/ugwp.cfolks.pl\\\/bwb\\\/?s={search_term_string}\"},\"query-input\":{\"@type\":\"PropertyValueSpecification\",\"valueRequired\":true,\"valueName\":\"search_term_string\"}}],\"inLanguage\":\"pl-PL\"}]}<\/script>\n<!-- \/ Yoast SEO plugin. -->","yoast_head_json":{"title":"Wk\u0142ad Uszczelniaj\u0105cy KRASO\u00ae typ GR Wysoka Jako\u015b\u0107 Konstrukcji","description":"Wk\u0142ad uszczelniaj\u0105cy KRASO\u00ae typ GR - Idealne rozwi\u0105zanie dla karbowanych rur. Solidna konstrukcja i zdolno\u015b\u0107 do ochrony przed wod\u0105, gazami i radonem.","robots":{"index":"noindex","follow":"follow","max-snippet":"max-snippet:-1","max-image-preview":"max-image-preview:large","max-video-preview":"max-video-preview:-1"},"og_locale":"pl_PL","og_type":"article","og_title":"Wk\u0142ad Uszczelniaj\u0105cy KRASO\u00ae typ GR Wysoka Jako\u015b\u0107 Konstrukcji","og_description":"Wk\u0142ad uszczelniaj\u0105cy KRASO\u00ae typ GR - Idealne rozwi\u0105zanie dla karbowanych rur. Solidna konstrukcja i zdolno\u015b\u0107 do ochrony przed wod\u0105, gazami i radonem.","og_url":"https:\/\/ugwp.cfolks.pl\/bwb\/produkt\/wklad-uszczelniajacy-kraso-gr\/","og_site_name":"BWB technology","article_modified_time":"2023-09-25T19:15:57+00:00","og_image":[{"width":1100,"height":810,"url":"https:\/\/ugwp.cfolks.pl\/bwb\/wp-content\/uploads\/Wklad-uszczelniajacy-KRASO\u00ae-DD-GR.jpg","type":"image\/jpeg"}],"twitter_card":"summary_large_image","schema":{"@context":"https:\/\/schema.org","@graph":[{"@type":"WebPage","@id":"https:\/\/ugwp.cfolks.pl\/bwb\/produkt\/wklad-uszczelniajacy-kraso-gr\/","url":"https:\/\/ugwp.cfolks.pl\/bwb\/produkt\/wklad-uszczelniajacy-kraso-gr\/","name":"Wk\u0142ad Uszczelniaj\u0105cy KRASO\u00ae typ GR Wysoka Jako\u015b\u0107 Konstrukcji","isPartOf":{"@id":"https:\/\/ugwp.cfolks.pl\/bwb\/#website"},"primaryImageOfPage":{"@id":"https:\/\/ugwp.cfolks.pl\/bwb\/produkt\/wklad-uszczelniajacy-kraso-gr\/#primaryimage"},"image":{"@id":"https:\/\/ugwp.cfolks.pl\/bwb\/produkt\/wklad-uszczelniajacy-kraso-gr\/#primaryimage"},"thumbnailUrl":"https:\/\/ugwp.cfolks.pl\/bwb\/wp-content\/uploads\/Wklad-uszczelniajacy-KRASO\u00ae-DD-GR.jpg","datePublished":"2022-12-05T13:34:27+00:00","dateModified":"2023-09-25T19:15:57+00:00","description":"Wk\u0142ad uszczelniaj\u0105cy KRASO\u00ae typ GR - Idealne rozwi\u0105zanie dla karbowanych rur. Solidna konstrukcja i zdolno\u015b\u0107 do ochrony przed wod\u0105, gazami i radonem.","breadcrumb":{"@id":"https:\/\/ugwp.cfolks.pl\/bwb\/produkt\/wklad-uszczelniajacy-kraso-gr\/#breadcrumb"},"inLanguage":"pl-PL","potentialAction":[{"@type":"ReadAction","target":["https:\/\/ugwp.cfolks.pl\/bwb\/produkt\/wklad-uszczelniajacy-kraso-gr\/"]}]},{"@type":"ImageObject","inLanguage":"pl-PL","@id":"https:\/\/ugwp.cfolks.pl\/bwb\/produkt\/wklad-uszczelniajacy-kraso-gr\/#primaryimage","url":"https:\/\/ugwp.cfolks.pl\/bwb\/wp-content\/uploads\/Wklad-uszczelniajacy-KRASO\u00ae-DD-GR.jpg","contentUrl":"https:\/\/ugwp.cfolks.pl\/bwb\/wp-content\/uploads\/Wklad-uszczelniajacy-KRASO\u00ae-DD-GR.jpg","width":1100,"height":810,"caption":"Wk\u0142ad uszczelniaj\u0105cy KRASO\u00ae typ DD \/ GR"},{"@type":"BreadcrumbList","@id":"https:\/\/ugwp.cfolks.pl\/bwb\/produkt\/wklad-uszczelniajacy-kraso-gr\/#breadcrumb","itemListElement":[{"@type":"ListItem","position":1,"name":"Strona g\u0142\u00f3wna","item":"https:\/\/ugwp.cfolks.pl\/bwb\/"},{"@type":"ListItem","position":2,"name":"Wodoszczelne Przej\u015bcia Instalacyjne","item":"https:\/\/ugwp.cfolks.pl\/bwb\/kategoria\/wodoszczelne-przejscia-instalacyjne\/"},{"@type":"ListItem","position":3,"name":"Wk\u0142ady uszczelniaj\u0105ce","item":"https:\/\/ugwp.cfolks.pl\/bwb\/kategoria\/wodoszczelne-przejscia-instalacyjne\/wklady-uszczelniajace\/"},{"@type":"ListItem","position":4,"name":"Wk\u0142ad uszczelniaj\u0105cy KRASO\u00ae typ GR"}]},{"@type":"WebSite","@id":"https:\/\/ugwp.cfolks.pl\/bwb\/#website","url":"https:\/\/ugwp.cfolks.pl\/bwb\/","name":"BWB technology","description":"Kolejna witryna oparta na WordPressie","potentialAction":[{"@type":"SearchAction","target":{"@type":"EntryPoint","urlTemplate":"https:\/\/ugwp.cfolks.pl\/bwb\/?s={search_term_string}"},"query-input":{"@type":"PropertyValueSpecification","valueRequired":true,"valueName":"search_term_string"}}],"inLanguage":"pl-PL"}]}},"_links":{"self":[{"href":"https:\/\/ugwp.cfolks.pl\/bwb\/wp-json\/wp\/v2\/product\/2748","targetHints":{"allow":["GET"]}}],"collection":[{"href":"https:\/\/ugwp.cfolks.pl\/bwb\/wp-json\/wp\/v2\/product"}],"about":[{"href":"https:\/\/ugwp.cfolks.pl\/bwb\/wp-json\/wp\/v2\/types\/product"}],"wp:featuredmedia":[{"embeddable":true,"href":"https:\/\/ugwp.cfolks.pl\/bwb\/wp-json\/wp\/v2\/media\/2749"}],"wp:attachment":[{"href":"https:\/\/ugwp.cfolks.pl\/bwb\/wp-json\/wp\/v2\/media?parent=2748"}],"wp:term":[{"taxonomy":"product_cat","embeddable":true,"href":"https:\/\/ugwp.cfolks.pl\/bwb\/wp-json\/wp\/v2\/product_cat?post=2748"},{"taxonomy":"product_tag","embeddable":true,"href":"https:\/\/ugwp.cfolks.pl\/bwb\/wp-json\/wp\/v2\/product_tag?post=2748"}],"curies":[{"name":"wp","href":"https:\/\/api.w.org\/{rel}","templated":true}]}}