{"id":2702,"date":"2022-12-01T08:52:15","date_gmt":"2022-12-01T07:52:15","guid":{"rendered":"https:\/\/ugwp.cfolks.pl\/bwb\/?post_type=product&#038;p=2702"},"modified":"2023-02-24T13:52:59","modified_gmt":"2023-02-24T12:52:59","slug":"kraso-pu-50","status":"publish","type":"product","link":"https:\/\/ugwp.cfolks.pl\/bwb\/produkt\/kraso-pu-50\/","title":{"rendered":"KRASO\u00ae PU 50"},"content":{"rendered":"","protected":false},"excerpt":{"rendered":"<p>KRASO<sup>\u00ae<\/sup> PU 50 to jednokomponentowa masa klej\u0105co uszczelniaj\u0105ca koloru czarnego. Ulega wulkanizacji pod wp\u0142ywem wilgoci obecnej w powietrzu do postaci trwale elastycznej masy. Przeznaczona jest do klejenia w og\u00f3lnych zastosowaniach przemys\u0142owych, budownictwie, przemy\u015ble samochodowym i lotniczym. Masa KRASO<sup>\u00ae<\/sup> PU 50 ma bardzo dobre, na og\u00f3\u0142 nie wymagaj\u0105ce podk\u0142adu przyleganie do wielu pod\u0142o\u017cy, takich jak stal, stal nierdzewna, aluminium, tworzywa sztuczne takie, jak poliester i wiele rodzaj\u00f3w PCV oraz na farbach, betonie i murach. Polecamy ten produkt do monta\u017cu ko\u0142nierzy foliowych KRASO<sup>\u00ae<\/sup>.<\/p>\n","protected":false},"featured_media":2703,"template":"","meta":{"_acf_changed":false},"product_cat":[135,136,139],"product_tag":[],"class_list":{"0":"post-2702","1":"product","2":"type-product","3":"status-publish","4":"has-post-thumbnail","6":"product_cat-odplywy-powierzchniowe","7":"product_cat-przepusty-rurowe","8":"product_cat-uszczelnienia-zewnetrzne","10":"first","11":"instock","12":"shipping-taxable","13":"product-type-simple"},"acf":[],"yoast_head":"<!-- This site is optimized with the Yoast SEO plugin v27.3 - https:\/\/yoast.com\/product\/yoast-seo-wordpress\/ -->\n<title>KRASO\u00ae PU 50 Wodoszczelne Przej\u015bcia Instalacyjne Przepusty<\/title>\n<meta name=\"description\" content=\"KRASO\u00ae PU 50 to jednokomponentowa masa klej\u0105co uszczelniaj\u0105ca koloru czarnego. Ulega wulkanizacji pod wp\u0142ywem wilgoci obecnej w powietrzu.\" \/>\n<meta name=\"robots\" content=\"noindex, follow, max-snippet:-1, max-image-preview:large, max-video-preview:-1\" \/>\n<meta property=\"og:locale\" content=\"pl_PL\" \/>\n<meta property=\"og:type\" content=\"article\" \/>\n<meta property=\"og:title\" content=\"KRASO\u00ae PU 50 Wodoszczelne Przej\u015bcia Instalacyjne Przepusty\" \/>\n<meta property=\"og:description\" content=\"KRASO\u00ae PU 50 to jednokomponentowa masa klej\u0105co uszczelniaj\u0105ca koloru czarnego. Ulega wulkanizacji pod wp\u0142ywem wilgoci obecnej w powietrzu.\" \/>\n<meta property=\"og:url\" content=\"https:\/\/ugwp.cfolks.pl\/bwb\/produkt\/kraso-pu-50\/\" \/>\n<meta property=\"og:site_name\" content=\"BWB technology\" \/>\n<meta property=\"article:modified_time\" content=\"2023-02-24T12:52:59+00:00\" \/>\n<meta property=\"og:image\" content=\"https:\/\/ugwp.cfolks.pl\/bwb\/wp-content\/uploads\/KRASO\u00ae-PU-50.jpg\" \/>\n\t<meta property=\"og:image:width\" content=\"1100\" \/>\n\t<meta property=\"og:image:height\" content=\"810\" \/>\n\t<meta property=\"og:image:type\" content=\"image\/jpeg\" \/>\n<meta name=\"twitter:card\" content=\"summary_large_image\" \/>\n<script type=\"application\/ld+json\" class=\"yoast-schema-graph\">{\"@context\":\"https:\\\/\\\/schema.org\",\"@graph\":[{\"@type\":\"WebPage\",\"@id\":\"https:\\\/\\\/ugwp.cfolks.pl\\\/bwb\\\/produkt\\\/kraso-pu-50\\\/\",\"url\":\"https:\\\/\\\/ugwp.cfolks.pl\\\/bwb\\\/produkt\\\/kraso-pu-50\\\/\",\"name\":\"KRASO\u00ae PU 50 Wodoszczelne Przej\u015bcia Instalacyjne Przepusty\",\"isPartOf\":{\"@id\":\"https:\\\/\\\/ugwp.cfolks.pl\\\/bwb\\\/#website\"},\"primaryImageOfPage\":{\"@id\":\"https:\\\/\\\/ugwp.cfolks.pl\\\/bwb\\\/produkt\\\/kraso-pu-50\\\/#primaryimage\"},\"image\":{\"@id\":\"https:\\\/\\\/ugwp.cfolks.pl\\\/bwb\\\/produkt\\\/kraso-pu-50\\\/#primaryimage\"},\"thumbnailUrl\":\"https:\\\/\\\/ugwp.cfolks.pl\\\/bwb\\\/wp-content\\\/uploads\\\/KRASO\u00ae-PU-50.jpg\",\"datePublished\":\"2022-12-01T07:52:15+00:00\",\"dateModified\":\"2023-02-24T12:52:59+00:00\",\"description\":\"KRASO\u00ae PU 50 to jednokomponentowa masa klej\u0105co uszczelniaj\u0105ca koloru czarnego. Ulega wulkanizacji pod wp\u0142ywem wilgoci obecnej w powietrzu.\",\"breadcrumb\":{\"@id\":\"https:\\\/\\\/ugwp.cfolks.pl\\\/bwb\\\/produkt\\\/kraso-pu-50\\\/#breadcrumb\"},\"inLanguage\":\"pl-PL\",\"potentialAction\":[{\"@type\":\"ReadAction\",\"target\":[\"https:\\\/\\\/ugwp.cfolks.pl\\\/bwb\\\/produkt\\\/kraso-pu-50\\\/\"]}]},{\"@type\":\"ImageObject\",\"inLanguage\":\"pl-PL\",\"@id\":\"https:\\\/\\\/ugwp.cfolks.pl\\\/bwb\\\/produkt\\\/kraso-pu-50\\\/#primaryimage\",\"url\":\"https:\\\/\\\/ugwp.cfolks.pl\\\/bwb\\\/wp-content\\\/uploads\\\/KRASO\u00ae-PU-50.jpg\",\"contentUrl\":\"https:\\\/\\\/ugwp.cfolks.pl\\\/bwb\\\/wp-content\\\/uploads\\\/KRASO\u00ae-PU-50.jpg\",\"width\":1100,\"height\":810,\"caption\":\"KRASO\u00ae PU 50\"},{\"@type\":\"BreadcrumbList\",\"@id\":\"https:\\\/\\\/ugwp.cfolks.pl\\\/bwb\\\/produkt\\\/kraso-pu-50\\\/#breadcrumb\",\"itemListElement\":[{\"@type\":\"ListItem\",\"position\":1,\"name\":\"Strona g\u0142\u00f3wna\",\"item\":\"https:\\\/\\\/ugwp.cfolks.pl\\\/bwb\\\/\"},{\"@type\":\"ListItem\",\"position\":2,\"name\":\"Wodoszczelne Przej\u015bcia Instalacyjne\",\"item\":\"https:\\\/\\\/ugwp.cfolks.pl\\\/bwb\\\/kategoria\\\/wodoszczelne-przejscia-instalacyjne\\\/\"},{\"@type\":\"ListItem\",\"position\":3,\"name\":\"Przepusty rurowe\",\"item\":\"https:\\\/\\\/ugwp.cfolks.pl\\\/bwb\\\/kategoria\\\/wodoszczelne-przejscia-instalacyjne\\\/przepusty-rurowe\\\/\"},{\"@type\":\"ListItem\",\"position\":4,\"name\":\"KRASO\u00ae PU 50\"}]},{\"@type\":\"WebSite\",\"@id\":\"https:\\\/\\\/ugwp.cfolks.pl\\\/bwb\\\/#website\",\"url\":\"https:\\\/\\\/ugwp.cfolks.pl\\\/bwb\\\/\",\"name\":\"BWB technology\",\"description\":\"Kolejna witryna oparta na WordPressie\",\"potentialAction\":[{\"@type\":\"SearchAction\",\"target\":{\"@type\":\"EntryPoint\",\"urlTemplate\":\"https:\\\/\\\/ugwp.cfolks.pl\\\/bwb\\\/?s={search_term_string}\"},\"query-input\":{\"@type\":\"PropertyValueSpecification\",\"valueRequired\":true,\"valueName\":\"search_term_string\"}}],\"inLanguage\":\"pl-PL\"}]}<\/script>\n<!-- \/ Yoast SEO plugin. -->","yoast_head_json":{"title":"KRASO\u00ae PU 50 Wodoszczelne Przej\u015bcia Instalacyjne Przepusty","description":"KRASO\u00ae PU 50 to jednokomponentowa masa klej\u0105co uszczelniaj\u0105ca koloru czarnego. Ulega wulkanizacji pod wp\u0142ywem wilgoci obecnej w powietrzu.","robots":{"index":"noindex","follow":"follow","max-snippet":"max-snippet:-1","max-image-preview":"max-image-preview:large","max-video-preview":"max-video-preview:-1"},"og_locale":"pl_PL","og_type":"article","og_title":"KRASO\u00ae PU 50 Wodoszczelne Przej\u015bcia Instalacyjne Przepusty","og_description":"KRASO\u00ae PU 50 to jednokomponentowa masa klej\u0105co uszczelniaj\u0105ca koloru czarnego. Ulega wulkanizacji pod wp\u0142ywem wilgoci obecnej w powietrzu.","og_url":"https:\/\/ugwp.cfolks.pl\/bwb\/produkt\/kraso-pu-50\/","og_site_name":"BWB technology","article_modified_time":"2023-02-24T12:52:59+00:00","og_image":[{"width":1100,"height":810,"url":"https:\/\/ugwp.cfolks.pl\/bwb\/wp-content\/uploads\/KRASO\u00ae-PU-50.jpg","type":"image\/jpeg"}],"twitter_card":"summary_large_image","schema":{"@context":"https:\/\/schema.org","@graph":[{"@type":"WebPage","@id":"https:\/\/ugwp.cfolks.pl\/bwb\/produkt\/kraso-pu-50\/","url":"https:\/\/ugwp.cfolks.pl\/bwb\/produkt\/kraso-pu-50\/","name":"KRASO\u00ae PU 50 Wodoszczelne Przej\u015bcia Instalacyjne Przepusty","isPartOf":{"@id":"https:\/\/ugwp.cfolks.pl\/bwb\/#website"},"primaryImageOfPage":{"@id":"https:\/\/ugwp.cfolks.pl\/bwb\/produkt\/kraso-pu-50\/#primaryimage"},"image":{"@id":"https:\/\/ugwp.cfolks.pl\/bwb\/produkt\/kraso-pu-50\/#primaryimage"},"thumbnailUrl":"https:\/\/ugwp.cfolks.pl\/bwb\/wp-content\/uploads\/KRASO\u00ae-PU-50.jpg","datePublished":"2022-12-01T07:52:15+00:00","dateModified":"2023-02-24T12:52:59+00:00","description":"KRASO\u00ae PU 50 to jednokomponentowa masa klej\u0105co uszczelniaj\u0105ca koloru czarnego. Ulega wulkanizacji pod wp\u0142ywem wilgoci obecnej w powietrzu.","breadcrumb":{"@id":"https:\/\/ugwp.cfolks.pl\/bwb\/produkt\/kraso-pu-50\/#breadcrumb"},"inLanguage":"pl-PL","potentialAction":[{"@type":"ReadAction","target":["https:\/\/ugwp.cfolks.pl\/bwb\/produkt\/kraso-pu-50\/"]}]},{"@type":"ImageObject","inLanguage":"pl-PL","@id":"https:\/\/ugwp.cfolks.pl\/bwb\/produkt\/kraso-pu-50\/#primaryimage","url":"https:\/\/ugwp.cfolks.pl\/bwb\/wp-content\/uploads\/KRASO\u00ae-PU-50.jpg","contentUrl":"https:\/\/ugwp.cfolks.pl\/bwb\/wp-content\/uploads\/KRASO\u00ae-PU-50.jpg","width":1100,"height":810,"caption":"KRASO\u00ae PU 50"},{"@type":"BreadcrumbList","@id":"https:\/\/ugwp.cfolks.pl\/bwb\/produkt\/kraso-pu-50\/#breadcrumb","itemListElement":[{"@type":"ListItem","position":1,"name":"Strona g\u0142\u00f3wna","item":"https:\/\/ugwp.cfolks.pl\/bwb\/"},{"@type":"ListItem","position":2,"name":"Wodoszczelne Przej\u015bcia Instalacyjne","item":"https:\/\/ugwp.cfolks.pl\/bwb\/kategoria\/wodoszczelne-przejscia-instalacyjne\/"},{"@type":"ListItem","position":3,"name":"Przepusty rurowe","item":"https:\/\/ugwp.cfolks.pl\/bwb\/kategoria\/wodoszczelne-przejscia-instalacyjne\/przepusty-rurowe\/"},{"@type":"ListItem","position":4,"name":"KRASO\u00ae PU 50"}]},{"@type":"WebSite","@id":"https:\/\/ugwp.cfolks.pl\/bwb\/#website","url":"https:\/\/ugwp.cfolks.pl\/bwb\/","name":"BWB technology","description":"Kolejna witryna oparta na WordPressie","potentialAction":[{"@type":"SearchAction","target":{"@type":"EntryPoint","urlTemplate":"https:\/\/ugwp.cfolks.pl\/bwb\/?s={search_term_string}"},"query-input":{"@type":"PropertyValueSpecification","valueRequired":true,"valueName":"search_term_string"}}],"inLanguage":"pl-PL"}]}},"_links":{"self":[{"href":"https:\/\/ugwp.cfolks.pl\/bwb\/wp-json\/wp\/v2\/product\/2702","targetHints":{"allow":["GET"]}}],"collection":[{"href":"https:\/\/ugwp.cfolks.pl\/bwb\/wp-json\/wp\/v2\/product"}],"about":[{"href":"https:\/\/ugwp.cfolks.pl\/bwb\/wp-json\/wp\/v2\/types\/product"}],"wp:featuredmedia":[{"embeddable":true,"href":"https:\/\/ugwp.cfolks.pl\/bwb\/wp-json\/wp\/v2\/media\/2703"}],"wp:attachment":[{"href":"https:\/\/ugwp.cfolks.pl\/bwb\/wp-json\/wp\/v2\/media?parent=2702"}],"wp:term":[{"taxonomy":"product_cat","embeddable":true,"href":"https:\/\/ugwp.cfolks.pl\/bwb\/wp-json\/wp\/v2\/product_cat?post=2702"},{"taxonomy":"product_tag","embeddable":true,"href":"https:\/\/ugwp.cfolks.pl\/bwb\/wp-json\/wp\/v2\/product_tag?post=2702"}],"curies":[{"name":"wp","href":"https:\/\/api.w.org\/{rel}","templated":true}]}}