{"id":2636,"date":"2022-11-26T12:59:02","date_gmt":"2022-11-26T11:59:02","guid":{"rendered":"https:\/\/ugwp.cfolks.pl\/bwb\/?post_type=product&#038;p=2636"},"modified":"2023-04-02T21:09:13","modified_gmt":"2023-04-02T19:09:13","slug":"podkladka-dystansowa-do-scian-zespolonych-z-podstawa-krzyzowa-dwa-k","status":"publish","type":"product","link":"https:\/\/ugwp.cfolks.pl\/bwb\/produkt\/podkladka-dystansowa-do-scian-zespolonych-z-podstawa-krzyzowa-dwa-k\/","title":{"rendered":"Podk\u0142adka dystansowa do \u015bcian zespolonych z podstaw\u0105 krzy\u017cow\u0105 \u2013 DWA K"},"content":{"rendered":"","protected":false},"excerpt":{"rendered":"<ul>\n<li>Podk\u0142adka stalowa z przymocowanymi elementami dystansowymi z tworzywa sztucznego do produkcji prefabrykowanych \u015bcian podw\u00f3jnych<\/li>\n<li>Zbadane zgodnie z DBV-Merkblatt \u201eElementy dystansowe\u201d DBV \u2013 c \u2013 L1\/T\/A<\/li>\n<li>Dostarczany z pr\u0119tami o \u015brednicy 8 i 10 mm<\/li>\n<li>Otulina betonu od 15 do 35 mm<\/li>\n<li>DWA K z pr\u0119tem stalowym 10 mm ma obni\u017con\u0105 podstaw\u0119 i jest odporna na przebicie<\/li>\n<li>W przypadku stali o \u015brednicy 10 mm: materia\u0142 ABS<\/li>\n<li>Inne d\u0142ugo\u015bci i grubo\u015bci \u015bcian na zapytanie<\/li>\n<\/ul>\n","protected":false},"featured_media":2391,"template":"","meta":{"_acf_changed":false},"product_cat":[153],"product_tag":[],"class_list":{"0":"post-2636","1":"product","2":"type-product","3":"status-publish","4":"has-post-thumbnail","6":"product_cat-podkladki-dystansowe-stalowe","8":"first","9":"instock","10":"shipping-taxable","11":"product-type-simple"},"acf":[],"yoast_head":"<!-- This site is optimized with the Yoast SEO plugin v27.3 - https:\/\/yoast.com\/product\/yoast-seo-wordpress\/ -->\n<title>Podk\u0142adka Dystansowa Stalowa \u2013 DWA K Do Zbrojenia Betonu<\/title>\n<meta name=\"description\" content=\"Podk\u0142adka stalowa z przymocowanymi elementami dystansowymi z tworzywa sztucznego do produkcji prefabrykowanych \u015bcian podw\u00f3jnych.\" \/>\n<meta name=\"robots\" content=\"noindex, follow, max-snippet:-1, max-image-preview:large, max-video-preview:-1\" \/>\n<meta property=\"og:locale\" content=\"pl_PL\" \/>\n<meta property=\"og:type\" content=\"article\" \/>\n<meta property=\"og:title\" content=\"Podk\u0142adka Dystansowa Stalowa \u2013 DWA K Do Zbrojenia Betonu\" \/>\n<meta property=\"og:description\" content=\"Podk\u0142adka stalowa z przymocowanymi elementami dystansowymi z tworzywa sztucznego do produkcji prefabrykowanych \u015bcian podw\u00f3jnych.\" \/>\n<meta property=\"og:url\" content=\"https:\/\/ugwp.cfolks.pl\/bwb\/produkt\/podkladka-dystansowa-do-scian-zespolonych-z-podstawa-krzyzowa-dwa-k\/\" \/>\n<meta property=\"og:site_name\" content=\"BWB technology\" \/>\n<meta property=\"article:modified_time\" content=\"2023-04-02T19:09:13+00:00\" \/>\n<meta property=\"og:image\" content=\"https:\/\/ugwp.cfolks.pl\/bwb\/wp-content\/uploads\/BLANK.jpg\" \/>\n\t<meta property=\"og:image:width\" content=\"1100\" \/>\n\t<meta property=\"og:image:height\" content=\"810\" \/>\n\t<meta property=\"og:image:type\" content=\"image\/jpeg\" \/>\n<meta name=\"twitter:card\" content=\"summary_large_image\" \/>\n<script type=\"application\/ld+json\" class=\"yoast-schema-graph\">{\"@context\":\"https:\\\/\\\/schema.org\",\"@graph\":[{\"@type\":\"WebPage\",\"@id\":\"https:\\\/\\\/ugwp.cfolks.pl\\\/bwb\\\/produkt\\\/podkladka-dystansowa-do-scian-zespolonych-z-podstawa-krzyzowa-dwa-k\\\/\",\"url\":\"https:\\\/\\\/ugwp.cfolks.pl\\\/bwb\\\/produkt\\\/podkladka-dystansowa-do-scian-zespolonych-z-podstawa-krzyzowa-dwa-k\\\/\",\"name\":\"Podk\u0142adka Dystansowa Stalowa \u2013 DWA K Do Zbrojenia Betonu\",\"isPartOf\":{\"@id\":\"https:\\\/\\\/ugwp.cfolks.pl\\\/bwb\\\/#website\"},\"primaryImageOfPage\":{\"@id\":\"https:\\\/\\\/ugwp.cfolks.pl\\\/bwb\\\/produkt\\\/podkladka-dystansowa-do-scian-zespolonych-z-podstawa-krzyzowa-dwa-k\\\/#primaryimage\"},\"image\":{\"@id\":\"https:\\\/\\\/ugwp.cfolks.pl\\\/bwb\\\/produkt\\\/podkladka-dystansowa-do-scian-zespolonych-z-podstawa-krzyzowa-dwa-k\\\/#primaryimage\"},\"thumbnailUrl\":\"https:\\\/\\\/ugwp.cfolks.pl\\\/bwb\\\/wp-content\\\/uploads\\\/BLANK.jpg\",\"datePublished\":\"2022-11-26T11:59:02+00:00\",\"dateModified\":\"2023-04-02T19:09:13+00:00\",\"description\":\"Podk\u0142adka stalowa z przymocowanymi elementami dystansowymi z tworzywa sztucznego do produkcji prefabrykowanych \u015bcian podw\u00f3jnych.\",\"breadcrumb\":{\"@id\":\"https:\\\/\\\/ugwp.cfolks.pl\\\/bwb\\\/produkt\\\/podkladka-dystansowa-do-scian-zespolonych-z-podstawa-krzyzowa-dwa-k\\\/#breadcrumb\"},\"inLanguage\":\"pl-PL\",\"potentialAction\":[{\"@type\":\"ReadAction\",\"target\":[\"https:\\\/\\\/ugwp.cfolks.pl\\\/bwb\\\/produkt\\\/podkladka-dystansowa-do-scian-zespolonych-z-podstawa-krzyzowa-dwa-k\\\/\"]}]},{\"@type\":\"ImageObject\",\"inLanguage\":\"pl-PL\",\"@id\":\"https:\\\/\\\/ugwp.cfolks.pl\\\/bwb\\\/produkt\\\/podkladka-dystansowa-do-scian-zespolonych-z-podstawa-krzyzowa-dwa-k\\\/#primaryimage\",\"url\":\"https:\\\/\\\/ugwp.cfolks.pl\\\/bwb\\\/wp-content\\\/uploads\\\/BLANK.jpg\",\"contentUrl\":\"https:\\\/\\\/ugwp.cfolks.pl\\\/bwb\\\/wp-content\\\/uploads\\\/BLANK.jpg\",\"width\":1100,\"height\":810},{\"@type\":\"BreadcrumbList\",\"@id\":\"https:\\\/\\\/ugwp.cfolks.pl\\\/bwb\\\/produkt\\\/podkladka-dystansowa-do-scian-zespolonych-z-podstawa-krzyzowa-dwa-k\\\/#breadcrumb\",\"itemListElement\":[{\"@type\":\"ListItem\",\"position\":1,\"name\":\"Strona g\u0142\u00f3wna\",\"item\":\"https:\\\/\\\/ugwp.cfolks.pl\\\/bwb\\\/\"},{\"@type\":\"ListItem\",\"position\":2,\"name\":\"Podk\u0142adki Dystansowe\",\"item\":\"https:\\\/\\\/ugwp.cfolks.pl\\\/bwb\\\/kategoria\\\/podkladki-dystansowe\\\/\"},{\"@type\":\"ListItem\",\"position\":3,\"name\":\"Podk\u0142adki dystansowe stalowe\",\"item\":\"https:\\\/\\\/ugwp.cfolks.pl\\\/bwb\\\/kategoria\\\/podkladki-dystansowe\\\/podkladki-dystansowe-stalowe\\\/\"},{\"@type\":\"ListItem\",\"position\":4,\"name\":\"Podk\u0142adka dystansowa do \u015bcian zespolonych z podstaw\u0105 krzy\u017cow\u0105 \u2013 DWA K\"}]},{\"@type\":\"WebSite\",\"@id\":\"https:\\\/\\\/ugwp.cfolks.pl\\\/bwb\\\/#website\",\"url\":\"https:\\\/\\\/ugwp.cfolks.pl\\\/bwb\\\/\",\"name\":\"BWB technology\",\"description\":\"Kolejna witryna oparta na WordPressie\",\"potentialAction\":[{\"@type\":\"SearchAction\",\"target\":{\"@type\":\"EntryPoint\",\"urlTemplate\":\"https:\\\/\\\/ugwp.cfolks.pl\\\/bwb\\\/?s={search_term_string}\"},\"query-input\":{\"@type\":\"PropertyValueSpecification\",\"valueRequired\":true,\"valueName\":\"search_term_string\"}}],\"inLanguage\":\"pl-PL\"}]}<\/script>\n<!-- \/ Yoast SEO plugin. -->","yoast_head_json":{"title":"Podk\u0142adka Dystansowa Stalowa \u2013 DWA K Do Zbrojenia Betonu","description":"Podk\u0142adka stalowa z przymocowanymi elementami dystansowymi z tworzywa sztucznego do produkcji prefabrykowanych \u015bcian podw\u00f3jnych.","robots":{"index":"noindex","follow":"follow","max-snippet":"max-snippet:-1","max-image-preview":"max-image-preview:large","max-video-preview":"max-video-preview:-1"},"og_locale":"pl_PL","og_type":"article","og_title":"Podk\u0142adka Dystansowa Stalowa \u2013 DWA K Do Zbrojenia Betonu","og_description":"Podk\u0142adka stalowa z przymocowanymi elementami dystansowymi z tworzywa sztucznego do produkcji prefabrykowanych \u015bcian podw\u00f3jnych.","og_url":"https:\/\/ugwp.cfolks.pl\/bwb\/produkt\/podkladka-dystansowa-do-scian-zespolonych-z-podstawa-krzyzowa-dwa-k\/","og_site_name":"BWB technology","article_modified_time":"2023-04-02T19:09:13+00:00","og_image":[{"width":1100,"height":810,"url":"https:\/\/ugwp.cfolks.pl\/bwb\/wp-content\/uploads\/BLANK.jpg","type":"image\/jpeg"}],"twitter_card":"summary_large_image","schema":{"@context":"https:\/\/schema.org","@graph":[{"@type":"WebPage","@id":"https:\/\/ugwp.cfolks.pl\/bwb\/produkt\/podkladka-dystansowa-do-scian-zespolonych-z-podstawa-krzyzowa-dwa-k\/","url":"https:\/\/ugwp.cfolks.pl\/bwb\/produkt\/podkladka-dystansowa-do-scian-zespolonych-z-podstawa-krzyzowa-dwa-k\/","name":"Podk\u0142adka Dystansowa Stalowa \u2013 DWA K Do Zbrojenia Betonu","isPartOf":{"@id":"https:\/\/ugwp.cfolks.pl\/bwb\/#website"},"primaryImageOfPage":{"@id":"https:\/\/ugwp.cfolks.pl\/bwb\/produkt\/podkladka-dystansowa-do-scian-zespolonych-z-podstawa-krzyzowa-dwa-k\/#primaryimage"},"image":{"@id":"https:\/\/ugwp.cfolks.pl\/bwb\/produkt\/podkladka-dystansowa-do-scian-zespolonych-z-podstawa-krzyzowa-dwa-k\/#primaryimage"},"thumbnailUrl":"https:\/\/ugwp.cfolks.pl\/bwb\/wp-content\/uploads\/BLANK.jpg","datePublished":"2022-11-26T11:59:02+00:00","dateModified":"2023-04-02T19:09:13+00:00","description":"Podk\u0142adka stalowa z przymocowanymi elementami dystansowymi z tworzywa sztucznego do produkcji prefabrykowanych \u015bcian podw\u00f3jnych.","breadcrumb":{"@id":"https:\/\/ugwp.cfolks.pl\/bwb\/produkt\/podkladka-dystansowa-do-scian-zespolonych-z-podstawa-krzyzowa-dwa-k\/#breadcrumb"},"inLanguage":"pl-PL","potentialAction":[{"@type":"ReadAction","target":["https:\/\/ugwp.cfolks.pl\/bwb\/produkt\/podkladka-dystansowa-do-scian-zespolonych-z-podstawa-krzyzowa-dwa-k\/"]}]},{"@type":"ImageObject","inLanguage":"pl-PL","@id":"https:\/\/ugwp.cfolks.pl\/bwb\/produkt\/podkladka-dystansowa-do-scian-zespolonych-z-podstawa-krzyzowa-dwa-k\/#primaryimage","url":"https:\/\/ugwp.cfolks.pl\/bwb\/wp-content\/uploads\/BLANK.jpg","contentUrl":"https:\/\/ugwp.cfolks.pl\/bwb\/wp-content\/uploads\/BLANK.jpg","width":1100,"height":810},{"@type":"BreadcrumbList","@id":"https:\/\/ugwp.cfolks.pl\/bwb\/produkt\/podkladka-dystansowa-do-scian-zespolonych-z-podstawa-krzyzowa-dwa-k\/#breadcrumb","itemListElement":[{"@type":"ListItem","position":1,"name":"Strona g\u0142\u00f3wna","item":"https:\/\/ugwp.cfolks.pl\/bwb\/"},{"@type":"ListItem","position":2,"name":"Podk\u0142adki Dystansowe","item":"https:\/\/ugwp.cfolks.pl\/bwb\/kategoria\/podkladki-dystansowe\/"},{"@type":"ListItem","position":3,"name":"Podk\u0142adki dystansowe stalowe","item":"https:\/\/ugwp.cfolks.pl\/bwb\/kategoria\/podkladki-dystansowe\/podkladki-dystansowe-stalowe\/"},{"@type":"ListItem","position":4,"name":"Podk\u0142adka dystansowa do \u015bcian zespolonych z podstaw\u0105 krzy\u017cow\u0105 \u2013 DWA K"}]},{"@type":"WebSite","@id":"https:\/\/ugwp.cfolks.pl\/bwb\/#website","url":"https:\/\/ugwp.cfolks.pl\/bwb\/","name":"BWB technology","description":"Kolejna witryna oparta na WordPressie","potentialAction":[{"@type":"SearchAction","target":{"@type":"EntryPoint","urlTemplate":"https:\/\/ugwp.cfolks.pl\/bwb\/?s={search_term_string}"},"query-input":{"@type":"PropertyValueSpecification","valueRequired":true,"valueName":"search_term_string"}}],"inLanguage":"pl-PL"}]}},"_links":{"self":[{"href":"https:\/\/ugwp.cfolks.pl\/bwb\/wp-json\/wp\/v2\/product\/2636","targetHints":{"allow":["GET"]}}],"collection":[{"href":"https:\/\/ugwp.cfolks.pl\/bwb\/wp-json\/wp\/v2\/product"}],"about":[{"href":"https:\/\/ugwp.cfolks.pl\/bwb\/wp-json\/wp\/v2\/types\/product"}],"wp:featuredmedia":[{"embeddable":true,"href":"https:\/\/ugwp.cfolks.pl\/bwb\/wp-json\/wp\/v2\/media\/2391"}],"wp:attachment":[{"href":"https:\/\/ugwp.cfolks.pl\/bwb\/wp-json\/wp\/v2\/media?parent=2636"}],"wp:term":[{"taxonomy":"product_cat","embeddable":true,"href":"https:\/\/ugwp.cfolks.pl\/bwb\/wp-json\/wp\/v2\/product_cat?post=2636"},{"taxonomy":"product_tag","embeddable":true,"href":"https:\/\/ugwp.cfolks.pl\/bwb\/wp-json\/wp\/v2\/product_tag?post=2636"}],"curies":[{"name":"wp","href":"https:\/\/api.w.org\/{rel}","templated":true}]}}