{"id":2635,"date":"2022-11-26T12:58:56","date_gmt":"2022-11-26T11:58:56","guid":{"rendered":"https:\/\/ugwp.cfolks.pl\/bwb\/?post_type=product&#038;p=2635"},"modified":"2024-06-13T22:04:28","modified_gmt":"2024-06-13T20:04:28","slug":"pret-kotwiacy-z-wlokna-szklanego-tc","status":"publish","type":"product","link":"https:\/\/ugwp.cfolks.pl\/bwb\/produkt\/pret-kotwiacy-z-wlokna-szklanego-tc\/","title":{"rendered":"Pr\u0119t kotwi\u0105cy z w\u0142\u00f3kna szklanego &#8211; TC"},"content":{"rendered":"","protected":false},"excerpt":{"rendered":"<ul>\n<li>Pr\u0119t kotwi\u0105cy z w\u0142\u00f3kna szklanego do zastosowania w dystansach do produkcji podw\u00f3jnych \u015bcian warstwowych z izolacj\u0105 termiczn\u0105<\/li>\n<li>Bardzo niska przewodno\u015b\u0107 cieplna i wysoka odporno\u015b\u0107 chemiczna<\/li>\n<li>\u0141atwy i szybki monta\u017c \u2013 pr\u0119ty s\u0105 wk\u0142adane przez izolacj\u0119 do \u015bwie\u017cego betonu pierwszej \u015bciany<\/li>\n<li>Dzi\u0119ki \u201efalistemu\u201d kszta\u0142towi pr\u0119t\u00f3w mo\u017cna zrezygnowa\u0107 ze stosowania ko\u0142nierzy do mocowania izolacji rdzenia<\/li>\n<li>Trwa\u0142e i bezpieczne po\u0142\u0105czenie \u015bcian<\/li>\n<li>Dzi\u0119ki kszta\u0142towi pr\u0119ta zachowana jest ci\u0105g\u0142o\u015b\u0107 w\u0142\u00f3kien szklanych<\/li>\n<li>Certyfikat dost\u0119pny na zapytanie<\/li>\n<\/ul>\n","protected":false},"featured_media":5291,"template":"","meta":{"_acf_changed":false},"product_cat":[153],"product_tag":[],"class_list":{"0":"post-2635","1":"product","2":"type-product","3":"status-publish","4":"has-post-thumbnail","6":"product_cat-podkladki-dystansowe-stalowe","8":"first","9":"instock","10":"shipping-taxable","11":"product-type-simple"},"acf":[],"yoast_head":"<!-- This site is optimized with the Yoast SEO plugin v27.3 - https:\/\/yoast.com\/product\/yoast-seo-wordpress\/ -->\n<title>Pr\u0119t Kotwi\u0105cy \u2013 TC Thermoconnect Podk\u0142adki Dystansowe<\/title>\n<meta name=\"description\" content=\"Pr\u0119t kotwi\u0105cy wykonany z tworzywa sztucznego wzmocnionego w\u0142\u00f3knem szklanym (GFRP). Bardzo niska przewodno\u015b\u0107 cieplna i wysoka odporno\u015b\u0107 chemiczna.\" \/>\n<meta name=\"robots\" content=\"noindex, follow, max-snippet:-1, max-image-preview:large, max-video-preview:-1\" \/>\n<meta property=\"og:locale\" content=\"pl_PL\" \/>\n<meta property=\"og:type\" content=\"article\" \/>\n<meta property=\"og:title\" content=\"Pr\u0119t Kotwi\u0105cy \u2013 TC Thermoconnect Podk\u0142adki Dystansowe\" \/>\n<meta property=\"og:description\" content=\"Pr\u0119t kotwi\u0105cy wykonany z tworzywa sztucznego wzmocnionego w\u0142\u00f3knem szklanym (GFRP). Bardzo niska przewodno\u015b\u0107 cieplna i wysoka odporno\u015b\u0107 chemiczna.\" \/>\n<meta property=\"og:url\" content=\"https:\/\/ugwp.cfolks.pl\/bwb\/produkt\/pret-kotwiacy-z-wlokna-szklanego-tc\/\" \/>\n<meta property=\"og:site_name\" content=\"BWB technology\" \/>\n<meta property=\"article:modified_time\" content=\"2024-06-13T20:04:28+00:00\" \/>\n<meta property=\"og:image\" content=\"https:\/\/ugwp.cfolks.pl\/bwb\/wp-content\/uploads\/Pret-kotwiacy-z-wlokna-szklanego-TC.jpg\" \/>\n\t<meta property=\"og:image:width\" content=\"1100\" \/>\n\t<meta property=\"og:image:height\" content=\"810\" \/>\n\t<meta property=\"og:image:type\" content=\"image\/jpeg\" \/>\n<meta name=\"twitter:card\" content=\"summary_large_image\" \/>\n<meta name=\"twitter:label1\" content=\"Szacowany czas czytania\" \/>\n\t<meta name=\"twitter:data1\" content=\"1 minuta\" \/>\n<script type=\"application\/ld+json\" class=\"yoast-schema-graph\">{\"@context\":\"https:\\\/\\\/schema.org\",\"@graph\":[{\"@type\":\"WebPage\",\"@id\":\"https:\\\/\\\/ugwp.cfolks.pl\\\/bwb\\\/produkt\\\/pret-kotwiacy-z-wlokna-szklanego-tc\\\/\",\"url\":\"https:\\\/\\\/ugwp.cfolks.pl\\\/bwb\\\/produkt\\\/pret-kotwiacy-z-wlokna-szklanego-tc\\\/\",\"name\":\"Pr\u0119t Kotwi\u0105cy \u2013 TC Thermoconnect Podk\u0142adki Dystansowe\",\"isPartOf\":{\"@id\":\"https:\\\/\\\/ugwp.cfolks.pl\\\/bwb\\\/#website\"},\"primaryImageOfPage\":{\"@id\":\"https:\\\/\\\/ugwp.cfolks.pl\\\/bwb\\\/produkt\\\/pret-kotwiacy-z-wlokna-szklanego-tc\\\/#primaryimage\"},\"image\":{\"@id\":\"https:\\\/\\\/ugwp.cfolks.pl\\\/bwb\\\/produkt\\\/pret-kotwiacy-z-wlokna-szklanego-tc\\\/#primaryimage\"},\"thumbnailUrl\":\"https:\\\/\\\/ugwp.cfolks.pl\\\/bwb\\\/wp-content\\\/uploads\\\/Pret-kotwiacy-z-wlokna-szklanego-TC.jpg\",\"datePublished\":\"2022-11-26T11:58:56+00:00\",\"dateModified\":\"2024-06-13T20:04:28+00:00\",\"description\":\"Pr\u0119t kotwi\u0105cy wykonany z tworzywa sztucznego wzmocnionego w\u0142\u00f3knem szklanym (GFRP). Bardzo niska przewodno\u015b\u0107 cieplna i wysoka odporno\u015b\u0107 chemiczna.\",\"breadcrumb\":{\"@id\":\"https:\\\/\\\/ugwp.cfolks.pl\\\/bwb\\\/produkt\\\/pret-kotwiacy-z-wlokna-szklanego-tc\\\/#breadcrumb\"},\"inLanguage\":\"pl-PL\",\"potentialAction\":[{\"@type\":\"ReadAction\",\"target\":[\"https:\\\/\\\/ugwp.cfolks.pl\\\/bwb\\\/produkt\\\/pret-kotwiacy-z-wlokna-szklanego-tc\\\/\"]}]},{\"@type\":\"ImageObject\",\"inLanguage\":\"pl-PL\",\"@id\":\"https:\\\/\\\/ugwp.cfolks.pl\\\/bwb\\\/produkt\\\/pret-kotwiacy-z-wlokna-szklanego-tc\\\/#primaryimage\",\"url\":\"https:\\\/\\\/ugwp.cfolks.pl\\\/bwb\\\/wp-content\\\/uploads\\\/Pret-kotwiacy-z-wlokna-szklanego-TC.jpg\",\"contentUrl\":\"https:\\\/\\\/ugwp.cfolks.pl\\\/bwb\\\/wp-content\\\/uploads\\\/Pret-kotwiacy-z-wlokna-szklanego-TC.jpg\",\"width\":1100,\"height\":810,\"caption\":\"Pr\u0119t kotwi\u0105cy z w\u0142\u00f3kna szklanego - TC\"},{\"@type\":\"BreadcrumbList\",\"@id\":\"https:\\\/\\\/ugwp.cfolks.pl\\\/bwb\\\/produkt\\\/pret-kotwiacy-z-wlokna-szklanego-tc\\\/#breadcrumb\",\"itemListElement\":[{\"@type\":\"ListItem\",\"position\":1,\"name\":\"Strona g\u0142\u00f3wna\",\"item\":\"https:\\\/\\\/ugwp.cfolks.pl\\\/bwb\\\/\"},{\"@type\":\"ListItem\",\"position\":2,\"name\":\"Podk\u0142adki Dystansowe\",\"item\":\"https:\\\/\\\/ugwp.cfolks.pl\\\/bwb\\\/kategoria\\\/podkladki-dystansowe\\\/\"},{\"@type\":\"ListItem\",\"position\":3,\"name\":\"Podk\u0142adki dystansowe stalowe\",\"item\":\"https:\\\/\\\/ugwp.cfolks.pl\\\/bwb\\\/kategoria\\\/podkladki-dystansowe\\\/podkladki-dystansowe-stalowe\\\/\"},{\"@type\":\"ListItem\",\"position\":4,\"name\":\"Pr\u0119t kotwi\u0105cy z w\u0142\u00f3kna szklanego &#8211; TC\"}]},{\"@type\":\"WebSite\",\"@id\":\"https:\\\/\\\/ugwp.cfolks.pl\\\/bwb\\\/#website\",\"url\":\"https:\\\/\\\/ugwp.cfolks.pl\\\/bwb\\\/\",\"name\":\"BWB technology\",\"description\":\"Kolejna witryna oparta na WordPressie\",\"potentialAction\":[{\"@type\":\"SearchAction\",\"target\":{\"@type\":\"EntryPoint\",\"urlTemplate\":\"https:\\\/\\\/ugwp.cfolks.pl\\\/bwb\\\/?s={search_term_string}\"},\"query-input\":{\"@type\":\"PropertyValueSpecification\",\"valueRequired\":true,\"valueName\":\"search_term_string\"}}],\"inLanguage\":\"pl-PL\"}]}<\/script>\n<!-- \/ Yoast SEO plugin. -->","yoast_head_json":{"title":"Pr\u0119t Kotwi\u0105cy \u2013 TC Thermoconnect Podk\u0142adki Dystansowe","description":"Pr\u0119t kotwi\u0105cy wykonany z tworzywa sztucznego wzmocnionego w\u0142\u00f3knem szklanym (GFRP). Bardzo niska przewodno\u015b\u0107 cieplna i wysoka odporno\u015b\u0107 chemiczna.","robots":{"index":"noindex","follow":"follow","max-snippet":"max-snippet:-1","max-image-preview":"max-image-preview:large","max-video-preview":"max-video-preview:-1"},"og_locale":"pl_PL","og_type":"article","og_title":"Pr\u0119t Kotwi\u0105cy \u2013 TC Thermoconnect Podk\u0142adki Dystansowe","og_description":"Pr\u0119t kotwi\u0105cy wykonany z tworzywa sztucznego wzmocnionego w\u0142\u00f3knem szklanym (GFRP). Bardzo niska przewodno\u015b\u0107 cieplna i wysoka odporno\u015b\u0107 chemiczna.","og_url":"https:\/\/ugwp.cfolks.pl\/bwb\/produkt\/pret-kotwiacy-z-wlokna-szklanego-tc\/","og_site_name":"BWB technology","article_modified_time":"2024-06-13T20:04:28+00:00","og_image":[{"width":1100,"height":810,"url":"https:\/\/ugwp.cfolks.pl\/bwb\/wp-content\/uploads\/Pret-kotwiacy-z-wlokna-szklanego-TC.jpg","type":"image\/jpeg"}],"twitter_card":"summary_large_image","twitter_misc":{"Szacowany czas czytania":"1 minuta"},"schema":{"@context":"https:\/\/schema.org","@graph":[{"@type":"WebPage","@id":"https:\/\/ugwp.cfolks.pl\/bwb\/produkt\/pret-kotwiacy-z-wlokna-szklanego-tc\/","url":"https:\/\/ugwp.cfolks.pl\/bwb\/produkt\/pret-kotwiacy-z-wlokna-szklanego-tc\/","name":"Pr\u0119t Kotwi\u0105cy \u2013 TC Thermoconnect Podk\u0142adki Dystansowe","isPartOf":{"@id":"https:\/\/ugwp.cfolks.pl\/bwb\/#website"},"primaryImageOfPage":{"@id":"https:\/\/ugwp.cfolks.pl\/bwb\/produkt\/pret-kotwiacy-z-wlokna-szklanego-tc\/#primaryimage"},"image":{"@id":"https:\/\/ugwp.cfolks.pl\/bwb\/produkt\/pret-kotwiacy-z-wlokna-szklanego-tc\/#primaryimage"},"thumbnailUrl":"https:\/\/ugwp.cfolks.pl\/bwb\/wp-content\/uploads\/Pret-kotwiacy-z-wlokna-szklanego-TC.jpg","datePublished":"2022-11-26T11:58:56+00:00","dateModified":"2024-06-13T20:04:28+00:00","description":"Pr\u0119t kotwi\u0105cy wykonany z tworzywa sztucznego wzmocnionego w\u0142\u00f3knem szklanym (GFRP). Bardzo niska przewodno\u015b\u0107 cieplna i wysoka odporno\u015b\u0107 chemiczna.","breadcrumb":{"@id":"https:\/\/ugwp.cfolks.pl\/bwb\/produkt\/pret-kotwiacy-z-wlokna-szklanego-tc\/#breadcrumb"},"inLanguage":"pl-PL","potentialAction":[{"@type":"ReadAction","target":["https:\/\/ugwp.cfolks.pl\/bwb\/produkt\/pret-kotwiacy-z-wlokna-szklanego-tc\/"]}]},{"@type":"ImageObject","inLanguage":"pl-PL","@id":"https:\/\/ugwp.cfolks.pl\/bwb\/produkt\/pret-kotwiacy-z-wlokna-szklanego-tc\/#primaryimage","url":"https:\/\/ugwp.cfolks.pl\/bwb\/wp-content\/uploads\/Pret-kotwiacy-z-wlokna-szklanego-TC.jpg","contentUrl":"https:\/\/ugwp.cfolks.pl\/bwb\/wp-content\/uploads\/Pret-kotwiacy-z-wlokna-szklanego-TC.jpg","width":1100,"height":810,"caption":"Pr\u0119t kotwi\u0105cy z w\u0142\u00f3kna szklanego - TC"},{"@type":"BreadcrumbList","@id":"https:\/\/ugwp.cfolks.pl\/bwb\/produkt\/pret-kotwiacy-z-wlokna-szklanego-tc\/#breadcrumb","itemListElement":[{"@type":"ListItem","position":1,"name":"Strona g\u0142\u00f3wna","item":"https:\/\/ugwp.cfolks.pl\/bwb\/"},{"@type":"ListItem","position":2,"name":"Podk\u0142adki Dystansowe","item":"https:\/\/ugwp.cfolks.pl\/bwb\/kategoria\/podkladki-dystansowe\/"},{"@type":"ListItem","position":3,"name":"Podk\u0142adki dystansowe stalowe","item":"https:\/\/ugwp.cfolks.pl\/bwb\/kategoria\/podkladki-dystansowe\/podkladki-dystansowe-stalowe\/"},{"@type":"ListItem","position":4,"name":"Pr\u0119t kotwi\u0105cy z w\u0142\u00f3kna szklanego &#8211; TC"}]},{"@type":"WebSite","@id":"https:\/\/ugwp.cfolks.pl\/bwb\/#website","url":"https:\/\/ugwp.cfolks.pl\/bwb\/","name":"BWB technology","description":"Kolejna witryna oparta na WordPressie","potentialAction":[{"@type":"SearchAction","target":{"@type":"EntryPoint","urlTemplate":"https:\/\/ugwp.cfolks.pl\/bwb\/?s={search_term_string}"},"query-input":{"@type":"PropertyValueSpecification","valueRequired":true,"valueName":"search_term_string"}}],"inLanguage":"pl-PL"}]}},"_links":{"self":[{"href":"https:\/\/ugwp.cfolks.pl\/bwb\/wp-json\/wp\/v2\/product\/2635","targetHints":{"allow":["GET"]}}],"collection":[{"href":"https:\/\/ugwp.cfolks.pl\/bwb\/wp-json\/wp\/v2\/product"}],"about":[{"href":"https:\/\/ugwp.cfolks.pl\/bwb\/wp-json\/wp\/v2\/types\/product"}],"wp:featuredmedia":[{"embeddable":true,"href":"https:\/\/ugwp.cfolks.pl\/bwb\/wp-json\/wp\/v2\/media\/5291"}],"wp:attachment":[{"href":"https:\/\/ugwp.cfolks.pl\/bwb\/wp-json\/wp\/v2\/media?parent=2635"}],"wp:term":[{"taxonomy":"product_cat","embeddable":true,"href":"https:\/\/ugwp.cfolks.pl\/bwb\/wp-json\/wp\/v2\/product_cat?post=2635"},{"taxonomy":"product_tag","embeddable":true,"href":"https:\/\/ugwp.cfolks.pl\/bwb\/wp-json\/wp\/v2\/product_tag?post=2635"}],"curies":[{"name":"wp","href":"https:\/\/api.w.org\/{rel}","templated":true}]}}