{"id":2632,"date":"2022-11-26T12:58:32","date_gmt":"2022-11-26T11:58:32","guid":{"rendered":"https:\/\/ugwp.cfolks.pl\/bwb\/?post_type=product&#038;p=2632"},"modified":"2024-06-15T01:34:29","modified_gmt":"2024-06-14T23:34:29","slug":"podkladka-dystansowa-stalowa-rob-robotex","status":"publish","type":"product","link":"https:\/\/ugwp.cfolks.pl\/bwb\/produkt\/podkladka-dystansowa-stalowa-rob-robotex\/","title":{"rendered":"Podk\u0142adka dystansowa stalowa \u2013 ROB (Robotex)"},"content":{"rendered":"","protected":false},"excerpt":{"rendered":"<ul>\n<li>Elementy dystansowe z tworzywa sztucznego do produkcji podk\u0142adek pr\u0119towych<\/li>\n<li>Element dystansowy do p\u00f3\u0142 \u2013 lub w pe\u0142ni automatycznego monta\u017cu na pr\u0119tach zbrojeniowych o \u015brednicy od 6 do 10 mm<\/li>\n<li>Ma\u0142a powierzchnia styku z szalunkiem<\/li>\n<li>Certyfikat dost\u0119pny na zapytanie<\/li>\n<li>Mo\u017cliwa dostawa w skrzyniach siatkowych<\/li>\n<\/ul>\n","protected":false},"featured_media":5299,"template":"","meta":{"_acf_changed":false},"product_cat":[153],"product_tag":[],"class_list":{"0":"post-2632","1":"product","2":"type-product","3":"status-publish","4":"has-post-thumbnail","6":"product_cat-podkladki-dystansowe-stalowe","8":"first","9":"instock","10":"shipping-taxable","11":"product-type-simple"},"acf":[],"yoast_head":"<!-- This site is optimized with the Yoast SEO plugin v27.3 - https:\/\/yoast.com\/product\/yoast-seo-wordpress\/ -->\n<title>Podk\u0142adki Dystansowe Stalowe \u2013 ROB (Robotex) Zbrojenie Betonu<\/title>\n<meta name=\"description\" content=\"Dystans z tworzywa sztucznego do produkcji podk\u0142adek stalowych. Element dystansowy do p\u00f3\u0142- lub automatycznego monta\u017cu na pr\u0119tach zbrojeniowych.\" \/>\n<meta name=\"robots\" content=\"noindex, follow, max-snippet:-1, max-image-preview:large, max-video-preview:-1\" \/>\n<meta property=\"og:locale\" content=\"pl_PL\" \/>\n<meta property=\"og:type\" content=\"article\" \/>\n<meta property=\"og:title\" content=\"Podk\u0142adki Dystansowe Stalowe \u2013 ROB (Robotex) Zbrojenie Betonu\" \/>\n<meta property=\"og:description\" content=\"Dystans z tworzywa sztucznego do produkcji podk\u0142adek stalowych. Element dystansowy do p\u00f3\u0142- lub automatycznego monta\u017cu na pr\u0119tach zbrojeniowych.\" \/>\n<meta property=\"og:url\" content=\"https:\/\/ugwp.cfolks.pl\/bwb\/produkt\/podkladka-dystansowa-stalowa-rob-robotex\/\" \/>\n<meta property=\"og:site_name\" content=\"BWB technology\" \/>\n<meta property=\"article:modified_time\" content=\"2024-06-14T23:34:29+00:00\" \/>\n<meta property=\"og:image\" content=\"https:\/\/ugwp.cfolks.pl\/bwb\/wp-content\/uploads\/Podkladka-dystansowa-stalowa-\u2013-ROB-Robotex.jpg\" \/>\n\t<meta property=\"og:image:width\" content=\"1100\" \/>\n\t<meta property=\"og:image:height\" content=\"810\" \/>\n\t<meta property=\"og:image:type\" content=\"image\/jpeg\" \/>\n<meta name=\"twitter:card\" content=\"summary_large_image\" \/>\n<meta name=\"twitter:label1\" content=\"Szacowany czas czytania\" \/>\n\t<meta name=\"twitter:data1\" content=\"1 minuta\" \/>\n<script type=\"application\/ld+json\" class=\"yoast-schema-graph\">{\"@context\":\"https:\\\/\\\/schema.org\",\"@graph\":[{\"@type\":\"WebPage\",\"@id\":\"https:\\\/\\\/ugwp.cfolks.pl\\\/bwb\\\/produkt\\\/podkladka-dystansowa-stalowa-rob-robotex\\\/\",\"url\":\"https:\\\/\\\/ugwp.cfolks.pl\\\/bwb\\\/produkt\\\/podkladka-dystansowa-stalowa-rob-robotex\\\/\",\"name\":\"Podk\u0142adki Dystansowe Stalowe \u2013 ROB (Robotex) Zbrojenie Betonu\",\"isPartOf\":{\"@id\":\"https:\\\/\\\/ugwp.cfolks.pl\\\/bwb\\\/#website\"},\"primaryImageOfPage\":{\"@id\":\"https:\\\/\\\/ugwp.cfolks.pl\\\/bwb\\\/produkt\\\/podkladka-dystansowa-stalowa-rob-robotex\\\/#primaryimage\"},\"image\":{\"@id\":\"https:\\\/\\\/ugwp.cfolks.pl\\\/bwb\\\/produkt\\\/podkladka-dystansowa-stalowa-rob-robotex\\\/#primaryimage\"},\"thumbnailUrl\":\"https:\\\/\\\/ugwp.cfolks.pl\\\/bwb\\\/wp-content\\\/uploads\\\/Podkladka-dystansowa-stalowa-\u2013-ROB-Robotex.jpg\",\"datePublished\":\"2022-11-26T11:58:32+00:00\",\"dateModified\":\"2024-06-14T23:34:29+00:00\",\"description\":\"Dystans z tworzywa sztucznego do produkcji podk\u0142adek stalowych. Element dystansowy do p\u00f3\u0142- lub automatycznego monta\u017cu na pr\u0119tach zbrojeniowych.\",\"breadcrumb\":{\"@id\":\"https:\\\/\\\/ugwp.cfolks.pl\\\/bwb\\\/produkt\\\/podkladka-dystansowa-stalowa-rob-robotex\\\/#breadcrumb\"},\"inLanguage\":\"pl-PL\",\"potentialAction\":[{\"@type\":\"ReadAction\",\"target\":[\"https:\\\/\\\/ugwp.cfolks.pl\\\/bwb\\\/produkt\\\/podkladka-dystansowa-stalowa-rob-robotex\\\/\"]}]},{\"@type\":\"ImageObject\",\"inLanguage\":\"pl-PL\",\"@id\":\"https:\\\/\\\/ugwp.cfolks.pl\\\/bwb\\\/produkt\\\/podkladka-dystansowa-stalowa-rob-robotex\\\/#primaryimage\",\"url\":\"https:\\\/\\\/ugwp.cfolks.pl\\\/bwb\\\/wp-content\\\/uploads\\\/Podkladka-dystansowa-stalowa-\u2013-ROB-Robotex.jpg\",\"contentUrl\":\"https:\\\/\\\/ugwp.cfolks.pl\\\/bwb\\\/wp-content\\\/uploads\\\/Podkladka-dystansowa-stalowa-\u2013-ROB-Robotex.jpg\",\"width\":1100,\"height\":810,\"caption\":\"Podk\u0142adka dystansowa stalowa \u2013 ROB (Robotex)\"},{\"@type\":\"BreadcrumbList\",\"@id\":\"https:\\\/\\\/ugwp.cfolks.pl\\\/bwb\\\/produkt\\\/podkladka-dystansowa-stalowa-rob-robotex\\\/#breadcrumb\",\"itemListElement\":[{\"@type\":\"ListItem\",\"position\":1,\"name\":\"Strona g\u0142\u00f3wna\",\"item\":\"https:\\\/\\\/ugwp.cfolks.pl\\\/bwb\\\/\"},{\"@type\":\"ListItem\",\"position\":2,\"name\":\"Podk\u0142adki Dystansowe\",\"item\":\"https:\\\/\\\/ugwp.cfolks.pl\\\/bwb\\\/kategoria\\\/podkladki-dystansowe\\\/\"},{\"@type\":\"ListItem\",\"position\":3,\"name\":\"Podk\u0142adki dystansowe stalowe\",\"item\":\"https:\\\/\\\/ugwp.cfolks.pl\\\/bwb\\\/kategoria\\\/podkladki-dystansowe\\\/podkladki-dystansowe-stalowe\\\/\"},{\"@type\":\"ListItem\",\"position\":4,\"name\":\"Podk\u0142adka dystansowa stalowa \u2013 ROB (Robotex)\"}]},{\"@type\":\"WebSite\",\"@id\":\"https:\\\/\\\/ugwp.cfolks.pl\\\/bwb\\\/#website\",\"url\":\"https:\\\/\\\/ugwp.cfolks.pl\\\/bwb\\\/\",\"name\":\"BWB technology\",\"description\":\"Kolejna witryna oparta na WordPressie\",\"potentialAction\":[{\"@type\":\"SearchAction\",\"target\":{\"@type\":\"EntryPoint\",\"urlTemplate\":\"https:\\\/\\\/ugwp.cfolks.pl\\\/bwb\\\/?s={search_term_string}\"},\"query-input\":{\"@type\":\"PropertyValueSpecification\",\"valueRequired\":true,\"valueName\":\"search_term_string\"}}],\"inLanguage\":\"pl-PL\"}]}<\/script>\n<!-- \/ Yoast SEO plugin. -->","yoast_head_json":{"title":"Podk\u0142adki Dystansowe Stalowe \u2013 ROB (Robotex) Zbrojenie Betonu","description":"Dystans z tworzywa sztucznego do produkcji podk\u0142adek stalowych. Element dystansowy do p\u00f3\u0142- lub automatycznego monta\u017cu na pr\u0119tach zbrojeniowych.","robots":{"index":"noindex","follow":"follow","max-snippet":"max-snippet:-1","max-image-preview":"max-image-preview:large","max-video-preview":"max-video-preview:-1"},"og_locale":"pl_PL","og_type":"article","og_title":"Podk\u0142adki Dystansowe Stalowe \u2013 ROB (Robotex) Zbrojenie Betonu","og_description":"Dystans z tworzywa sztucznego do produkcji podk\u0142adek stalowych. Element dystansowy do p\u00f3\u0142- lub automatycznego monta\u017cu na pr\u0119tach zbrojeniowych.","og_url":"https:\/\/ugwp.cfolks.pl\/bwb\/produkt\/podkladka-dystansowa-stalowa-rob-robotex\/","og_site_name":"BWB technology","article_modified_time":"2024-06-14T23:34:29+00:00","og_image":[{"width":1100,"height":810,"url":"https:\/\/ugwp.cfolks.pl\/bwb\/wp-content\/uploads\/Podkladka-dystansowa-stalowa-\u2013-ROB-Robotex.jpg","type":"image\/jpeg"}],"twitter_card":"summary_large_image","twitter_misc":{"Szacowany czas czytania":"1 minuta"},"schema":{"@context":"https:\/\/schema.org","@graph":[{"@type":"WebPage","@id":"https:\/\/ugwp.cfolks.pl\/bwb\/produkt\/podkladka-dystansowa-stalowa-rob-robotex\/","url":"https:\/\/ugwp.cfolks.pl\/bwb\/produkt\/podkladka-dystansowa-stalowa-rob-robotex\/","name":"Podk\u0142adki Dystansowe Stalowe \u2013 ROB (Robotex) Zbrojenie Betonu","isPartOf":{"@id":"https:\/\/ugwp.cfolks.pl\/bwb\/#website"},"primaryImageOfPage":{"@id":"https:\/\/ugwp.cfolks.pl\/bwb\/produkt\/podkladka-dystansowa-stalowa-rob-robotex\/#primaryimage"},"image":{"@id":"https:\/\/ugwp.cfolks.pl\/bwb\/produkt\/podkladka-dystansowa-stalowa-rob-robotex\/#primaryimage"},"thumbnailUrl":"https:\/\/ugwp.cfolks.pl\/bwb\/wp-content\/uploads\/Podkladka-dystansowa-stalowa-\u2013-ROB-Robotex.jpg","datePublished":"2022-11-26T11:58:32+00:00","dateModified":"2024-06-14T23:34:29+00:00","description":"Dystans z tworzywa sztucznego do produkcji podk\u0142adek stalowych. Element dystansowy do p\u00f3\u0142- lub automatycznego monta\u017cu na pr\u0119tach zbrojeniowych.","breadcrumb":{"@id":"https:\/\/ugwp.cfolks.pl\/bwb\/produkt\/podkladka-dystansowa-stalowa-rob-robotex\/#breadcrumb"},"inLanguage":"pl-PL","potentialAction":[{"@type":"ReadAction","target":["https:\/\/ugwp.cfolks.pl\/bwb\/produkt\/podkladka-dystansowa-stalowa-rob-robotex\/"]}]},{"@type":"ImageObject","inLanguage":"pl-PL","@id":"https:\/\/ugwp.cfolks.pl\/bwb\/produkt\/podkladka-dystansowa-stalowa-rob-robotex\/#primaryimage","url":"https:\/\/ugwp.cfolks.pl\/bwb\/wp-content\/uploads\/Podkladka-dystansowa-stalowa-\u2013-ROB-Robotex.jpg","contentUrl":"https:\/\/ugwp.cfolks.pl\/bwb\/wp-content\/uploads\/Podkladka-dystansowa-stalowa-\u2013-ROB-Robotex.jpg","width":1100,"height":810,"caption":"Podk\u0142adka dystansowa stalowa \u2013 ROB (Robotex)"},{"@type":"BreadcrumbList","@id":"https:\/\/ugwp.cfolks.pl\/bwb\/produkt\/podkladka-dystansowa-stalowa-rob-robotex\/#breadcrumb","itemListElement":[{"@type":"ListItem","position":1,"name":"Strona g\u0142\u00f3wna","item":"https:\/\/ugwp.cfolks.pl\/bwb\/"},{"@type":"ListItem","position":2,"name":"Podk\u0142adki Dystansowe","item":"https:\/\/ugwp.cfolks.pl\/bwb\/kategoria\/podkladki-dystansowe\/"},{"@type":"ListItem","position":3,"name":"Podk\u0142adki dystansowe stalowe","item":"https:\/\/ugwp.cfolks.pl\/bwb\/kategoria\/podkladki-dystansowe\/podkladki-dystansowe-stalowe\/"},{"@type":"ListItem","position":4,"name":"Podk\u0142adka dystansowa stalowa \u2013 ROB (Robotex)"}]},{"@type":"WebSite","@id":"https:\/\/ugwp.cfolks.pl\/bwb\/#website","url":"https:\/\/ugwp.cfolks.pl\/bwb\/","name":"BWB technology","description":"Kolejna witryna oparta na WordPressie","potentialAction":[{"@type":"SearchAction","target":{"@type":"EntryPoint","urlTemplate":"https:\/\/ugwp.cfolks.pl\/bwb\/?s={search_term_string}"},"query-input":{"@type":"PropertyValueSpecification","valueRequired":true,"valueName":"search_term_string"}}],"inLanguage":"pl-PL"}]}},"_links":{"self":[{"href":"https:\/\/ugwp.cfolks.pl\/bwb\/wp-json\/wp\/v2\/product\/2632","targetHints":{"allow":["GET"]}}],"collection":[{"href":"https:\/\/ugwp.cfolks.pl\/bwb\/wp-json\/wp\/v2\/product"}],"about":[{"href":"https:\/\/ugwp.cfolks.pl\/bwb\/wp-json\/wp\/v2\/types\/product"}],"wp:featuredmedia":[{"embeddable":true,"href":"https:\/\/ugwp.cfolks.pl\/bwb\/wp-json\/wp\/v2\/media\/5299"}],"wp:attachment":[{"href":"https:\/\/ugwp.cfolks.pl\/bwb\/wp-json\/wp\/v2\/media?parent=2632"}],"wp:term":[{"taxonomy":"product_cat","embeddable":true,"href":"https:\/\/ugwp.cfolks.pl\/bwb\/wp-json\/wp\/v2\/product_cat?post=2632"},{"taxonomy":"product_tag","embeddable":true,"href":"https:\/\/ugwp.cfolks.pl\/bwb\/wp-json\/wp\/v2\/product_tag?post=2632"}],"curies":[{"name":"wp","href":"https:\/\/api.w.org\/{rel}","templated":true}]}}