{"id":2629,"date":"2022-11-26T12:58:12","date_gmt":"2022-11-26T11:58:12","guid":{"rendered":"https:\/\/ugwp.cfolks.pl\/bwb\/?post_type=product&#038;p=2629"},"modified":"2023-09-06T12:29:30","modified_gmt":"2023-09-06T10:29:30","slug":"podkladka-stalowa-do-zbrojenia-gornego-w-ksztalcie-szescionogu-sb","status":"publish","type":"product","link":"https:\/\/ugwp.cfolks.pl\/bwb\/produkt\/podkladka-stalowa-do-zbrojenia-gornego-w-ksztalcie-szescionogu-sb\/","title":{"rendered":"Podk\u0142adka stalowa do zbrojenia g\u00f3rnego w kszta\u0142cie sze\u015bcionogu \u2013 SB"},"content":{"rendered":"","protected":false},"excerpt":{"rendered":"<ul>\n<li>Niezwykle stabilny element dystansowy do zbrojenia g\u00f3rnego ze stopkami z tworzywa sztucznego<\/li>\n<li>Podwy\u017cszona stabilno\u015b\u0107 dzi\u0119ki wielu przyspawanym strzemionom<\/li>\n<li>Ochrona powierzchni przed rdz\u0105 dzi\u0119ki nak\u0142adkom z tworzywa sztucznego z podpor\u0105 \u00d814 lub \u00d845 mm lub stopami z betonu<\/li>\n<li>Podk\u0142adki zbadane na zgodno\u015b\u0107 z instrukcj\u0105 DBV \u201ePodpory wed\u0142ug Eurocode 2\u201d<\/li>\n<li>Mo\u017cliwe wykonanie specjalne z 1 lub trawersami poprzecznymi do mocowania system\u00f3w grzewczych i ch\u0142odz\u0105cych<\/li>\n<li>\u015arednica okr\u0119gu podporowego 30 cm<\/li>\n<li>Idealne rozwi\u0105zanie do strop\u00f3w i pod\u0142\u00f3g ze zintegrowanymi systemami grzewczymi i ch\u0142odz\u0105cymi<\/li>\n<li>Du\u017ce plastikowe n\u00f3\u017cki do mi\u0119kkiego pod\u0142o\u017ca, stopy z betonu do betonu architektonicznego<\/li>\n<\/ul>\n","protected":false},"featured_media":3795,"template":"","meta":{"_acf_changed":false},"product_cat":[153],"product_tag":[],"class_list":{"0":"post-2629","1":"product","2":"type-product","3":"status-publish","4":"has-post-thumbnail","6":"product_cat-podkladki-dystansowe-stalowe","8":"first","9":"instock","10":"shipping-taxable","11":"product-type-simple"},"acf":[],"yoast_head":"<!-- This site is optimized with the Yoast SEO plugin v27.3 - https:\/\/yoast.com\/product\/yoast-seo-wordpress\/ -->\n<title>Podk\u0142adka Dystansowa Stalowa \u2013 SB (sze\u015bcion\u00f3g) Dobra Cena<\/title>\n<meta name=\"description\" content=\"Stabilny element dystansowy do zbrojenia g\u00f3rnego ze stopkami z tworzywa sztucznego. Podwy\u017cszona stabilno\u015b\u0107 dzi\u0119ki wielu przyspawanym strzemionom.\" \/>\n<meta name=\"robots\" content=\"noindex, follow, max-snippet:-1, max-image-preview:large, max-video-preview:-1\" \/>\n<meta property=\"og:locale\" content=\"pl_PL\" \/>\n<meta property=\"og:type\" content=\"article\" \/>\n<meta property=\"og:title\" content=\"Podk\u0142adka Dystansowa Stalowa \u2013 SB (sze\u015bcion\u00f3g) Dobra Cena\" \/>\n<meta property=\"og:description\" content=\"Stabilny element dystansowy do zbrojenia g\u00f3rnego ze stopkami z tworzywa sztucznego. Podwy\u017cszona stabilno\u015b\u0107 dzi\u0119ki wielu przyspawanym strzemionom.\" \/>\n<meta property=\"og:url\" content=\"https:\/\/ugwp.cfolks.pl\/bwb\/produkt\/podkladka-stalowa-do-zbrojenia-gornego-w-ksztalcie-szescionogu-sb\/\" \/>\n<meta property=\"og:site_name\" content=\"BWB technology\" \/>\n<meta property=\"article:modified_time\" content=\"2023-09-06T10:29:30+00:00\" \/>\n<meta property=\"og:image\" content=\"https:\/\/ugwp.cfolks.pl\/bwb\/wp-content\/uploads\/Podkladka-stalowa-do-zbrojenia-gornego-w-ksztalcie-szescionogu-\u2013-SB.jpg\" \/>\n\t<meta property=\"og:image:width\" content=\"1100\" \/>\n\t<meta property=\"og:image:height\" content=\"810\" \/>\n\t<meta property=\"og:image:type\" content=\"image\/jpeg\" \/>\n<meta name=\"twitter:card\" content=\"summary_large_image\" \/>\n<script type=\"application\/ld+json\" class=\"yoast-schema-graph\">{\"@context\":\"https:\\\/\\\/schema.org\",\"@graph\":[{\"@type\":\"WebPage\",\"@id\":\"https:\\\/\\\/ugwp.cfolks.pl\\\/bwb\\\/produkt\\\/podkladka-stalowa-do-zbrojenia-gornego-w-ksztalcie-szescionogu-sb\\\/\",\"url\":\"https:\\\/\\\/ugwp.cfolks.pl\\\/bwb\\\/produkt\\\/podkladka-stalowa-do-zbrojenia-gornego-w-ksztalcie-szescionogu-sb\\\/\",\"name\":\"Podk\u0142adka Dystansowa Stalowa \u2013 SB (sze\u015bcion\u00f3g) Dobra Cena\",\"isPartOf\":{\"@id\":\"https:\\\/\\\/ugwp.cfolks.pl\\\/bwb\\\/#website\"},\"primaryImageOfPage\":{\"@id\":\"https:\\\/\\\/ugwp.cfolks.pl\\\/bwb\\\/produkt\\\/podkladka-stalowa-do-zbrojenia-gornego-w-ksztalcie-szescionogu-sb\\\/#primaryimage\"},\"image\":{\"@id\":\"https:\\\/\\\/ugwp.cfolks.pl\\\/bwb\\\/produkt\\\/podkladka-stalowa-do-zbrojenia-gornego-w-ksztalcie-szescionogu-sb\\\/#primaryimage\"},\"thumbnailUrl\":\"https:\\\/\\\/ugwp.cfolks.pl\\\/bwb\\\/wp-content\\\/uploads\\\/Podkladka-stalowa-do-zbrojenia-gornego-w-ksztalcie-szescionogu-\u2013-SB.jpg\",\"datePublished\":\"2022-11-26T11:58:12+00:00\",\"dateModified\":\"2023-09-06T10:29:30+00:00\",\"description\":\"Stabilny element dystansowy do zbrojenia g\u00f3rnego ze stopkami z tworzywa sztucznego. Podwy\u017cszona stabilno\u015b\u0107 dzi\u0119ki wielu przyspawanym strzemionom.\",\"breadcrumb\":{\"@id\":\"https:\\\/\\\/ugwp.cfolks.pl\\\/bwb\\\/produkt\\\/podkladka-stalowa-do-zbrojenia-gornego-w-ksztalcie-szescionogu-sb\\\/#breadcrumb\"},\"inLanguage\":\"pl-PL\",\"potentialAction\":[{\"@type\":\"ReadAction\",\"target\":[\"https:\\\/\\\/ugwp.cfolks.pl\\\/bwb\\\/produkt\\\/podkladka-stalowa-do-zbrojenia-gornego-w-ksztalcie-szescionogu-sb\\\/\"]}]},{\"@type\":\"ImageObject\",\"inLanguage\":\"pl-PL\",\"@id\":\"https:\\\/\\\/ugwp.cfolks.pl\\\/bwb\\\/produkt\\\/podkladka-stalowa-do-zbrojenia-gornego-w-ksztalcie-szescionogu-sb\\\/#primaryimage\",\"url\":\"https:\\\/\\\/ugwp.cfolks.pl\\\/bwb\\\/wp-content\\\/uploads\\\/Podkladka-stalowa-do-zbrojenia-gornego-w-ksztalcie-szescionogu-\u2013-SB.jpg\",\"contentUrl\":\"https:\\\/\\\/ugwp.cfolks.pl\\\/bwb\\\/wp-content\\\/uploads\\\/Podkladka-stalowa-do-zbrojenia-gornego-w-ksztalcie-szescionogu-\u2013-SB.jpg\",\"width\":1100,\"height\":810,\"caption\":\"Podk\u0142adka stalowa do zbrojenia g\u00f3rnego w kszta\u0142cie sze\u015bcionogu \u2013 SB\"},{\"@type\":\"BreadcrumbList\",\"@id\":\"https:\\\/\\\/ugwp.cfolks.pl\\\/bwb\\\/produkt\\\/podkladka-stalowa-do-zbrojenia-gornego-w-ksztalcie-szescionogu-sb\\\/#breadcrumb\",\"itemListElement\":[{\"@type\":\"ListItem\",\"position\":1,\"name\":\"Strona g\u0142\u00f3wna\",\"item\":\"https:\\\/\\\/ugwp.cfolks.pl\\\/bwb\\\/\"},{\"@type\":\"ListItem\",\"position\":2,\"name\":\"Podk\u0142adki Dystansowe\",\"item\":\"https:\\\/\\\/ugwp.cfolks.pl\\\/bwb\\\/kategoria\\\/podkladki-dystansowe\\\/\"},{\"@type\":\"ListItem\",\"position\":3,\"name\":\"Podk\u0142adki dystansowe stalowe\",\"item\":\"https:\\\/\\\/ugwp.cfolks.pl\\\/bwb\\\/kategoria\\\/podkladki-dystansowe\\\/podkladki-dystansowe-stalowe\\\/\"},{\"@type\":\"ListItem\",\"position\":4,\"name\":\"Podk\u0142adka stalowa do zbrojenia g\u00f3rnego w kszta\u0142cie sze\u015bcionogu \u2013 SB\"}]},{\"@type\":\"WebSite\",\"@id\":\"https:\\\/\\\/ugwp.cfolks.pl\\\/bwb\\\/#website\",\"url\":\"https:\\\/\\\/ugwp.cfolks.pl\\\/bwb\\\/\",\"name\":\"BWB technology\",\"description\":\"Kolejna witryna oparta na WordPressie\",\"potentialAction\":[{\"@type\":\"SearchAction\",\"target\":{\"@type\":\"EntryPoint\",\"urlTemplate\":\"https:\\\/\\\/ugwp.cfolks.pl\\\/bwb\\\/?s={search_term_string}\"},\"query-input\":{\"@type\":\"PropertyValueSpecification\",\"valueRequired\":true,\"valueName\":\"search_term_string\"}}],\"inLanguage\":\"pl-PL\"}]}<\/script>\n<!-- \/ Yoast SEO plugin. -->","yoast_head_json":{"title":"Podk\u0142adka Dystansowa Stalowa \u2013 SB (sze\u015bcion\u00f3g) Dobra Cena","description":"Stabilny element dystansowy do zbrojenia g\u00f3rnego ze stopkami z tworzywa sztucznego. Podwy\u017cszona stabilno\u015b\u0107 dzi\u0119ki wielu przyspawanym strzemionom.","robots":{"index":"noindex","follow":"follow","max-snippet":"max-snippet:-1","max-image-preview":"max-image-preview:large","max-video-preview":"max-video-preview:-1"},"og_locale":"pl_PL","og_type":"article","og_title":"Podk\u0142adka Dystansowa Stalowa \u2013 SB (sze\u015bcion\u00f3g) Dobra Cena","og_description":"Stabilny element dystansowy do zbrojenia g\u00f3rnego ze stopkami z tworzywa sztucznego. Podwy\u017cszona stabilno\u015b\u0107 dzi\u0119ki wielu przyspawanym strzemionom.","og_url":"https:\/\/ugwp.cfolks.pl\/bwb\/produkt\/podkladka-stalowa-do-zbrojenia-gornego-w-ksztalcie-szescionogu-sb\/","og_site_name":"BWB technology","article_modified_time":"2023-09-06T10:29:30+00:00","og_image":[{"width":1100,"height":810,"url":"https:\/\/ugwp.cfolks.pl\/bwb\/wp-content\/uploads\/Podkladka-stalowa-do-zbrojenia-gornego-w-ksztalcie-szescionogu-\u2013-SB.jpg","type":"image\/jpeg"}],"twitter_card":"summary_large_image","schema":{"@context":"https:\/\/schema.org","@graph":[{"@type":"WebPage","@id":"https:\/\/ugwp.cfolks.pl\/bwb\/produkt\/podkladka-stalowa-do-zbrojenia-gornego-w-ksztalcie-szescionogu-sb\/","url":"https:\/\/ugwp.cfolks.pl\/bwb\/produkt\/podkladka-stalowa-do-zbrojenia-gornego-w-ksztalcie-szescionogu-sb\/","name":"Podk\u0142adka Dystansowa Stalowa \u2013 SB (sze\u015bcion\u00f3g) Dobra Cena","isPartOf":{"@id":"https:\/\/ugwp.cfolks.pl\/bwb\/#website"},"primaryImageOfPage":{"@id":"https:\/\/ugwp.cfolks.pl\/bwb\/produkt\/podkladka-stalowa-do-zbrojenia-gornego-w-ksztalcie-szescionogu-sb\/#primaryimage"},"image":{"@id":"https:\/\/ugwp.cfolks.pl\/bwb\/produkt\/podkladka-stalowa-do-zbrojenia-gornego-w-ksztalcie-szescionogu-sb\/#primaryimage"},"thumbnailUrl":"https:\/\/ugwp.cfolks.pl\/bwb\/wp-content\/uploads\/Podkladka-stalowa-do-zbrojenia-gornego-w-ksztalcie-szescionogu-\u2013-SB.jpg","datePublished":"2022-11-26T11:58:12+00:00","dateModified":"2023-09-06T10:29:30+00:00","description":"Stabilny element dystansowy do zbrojenia g\u00f3rnego ze stopkami z tworzywa sztucznego. Podwy\u017cszona stabilno\u015b\u0107 dzi\u0119ki wielu przyspawanym strzemionom.","breadcrumb":{"@id":"https:\/\/ugwp.cfolks.pl\/bwb\/produkt\/podkladka-stalowa-do-zbrojenia-gornego-w-ksztalcie-szescionogu-sb\/#breadcrumb"},"inLanguage":"pl-PL","potentialAction":[{"@type":"ReadAction","target":["https:\/\/ugwp.cfolks.pl\/bwb\/produkt\/podkladka-stalowa-do-zbrojenia-gornego-w-ksztalcie-szescionogu-sb\/"]}]},{"@type":"ImageObject","inLanguage":"pl-PL","@id":"https:\/\/ugwp.cfolks.pl\/bwb\/produkt\/podkladka-stalowa-do-zbrojenia-gornego-w-ksztalcie-szescionogu-sb\/#primaryimage","url":"https:\/\/ugwp.cfolks.pl\/bwb\/wp-content\/uploads\/Podkladka-stalowa-do-zbrojenia-gornego-w-ksztalcie-szescionogu-\u2013-SB.jpg","contentUrl":"https:\/\/ugwp.cfolks.pl\/bwb\/wp-content\/uploads\/Podkladka-stalowa-do-zbrojenia-gornego-w-ksztalcie-szescionogu-\u2013-SB.jpg","width":1100,"height":810,"caption":"Podk\u0142adka stalowa do zbrojenia g\u00f3rnego w kszta\u0142cie sze\u015bcionogu \u2013 SB"},{"@type":"BreadcrumbList","@id":"https:\/\/ugwp.cfolks.pl\/bwb\/produkt\/podkladka-stalowa-do-zbrojenia-gornego-w-ksztalcie-szescionogu-sb\/#breadcrumb","itemListElement":[{"@type":"ListItem","position":1,"name":"Strona g\u0142\u00f3wna","item":"https:\/\/ugwp.cfolks.pl\/bwb\/"},{"@type":"ListItem","position":2,"name":"Podk\u0142adki Dystansowe","item":"https:\/\/ugwp.cfolks.pl\/bwb\/kategoria\/podkladki-dystansowe\/"},{"@type":"ListItem","position":3,"name":"Podk\u0142adki dystansowe stalowe","item":"https:\/\/ugwp.cfolks.pl\/bwb\/kategoria\/podkladki-dystansowe\/podkladki-dystansowe-stalowe\/"},{"@type":"ListItem","position":4,"name":"Podk\u0142adka stalowa do zbrojenia g\u00f3rnego w kszta\u0142cie sze\u015bcionogu \u2013 SB"}]},{"@type":"WebSite","@id":"https:\/\/ugwp.cfolks.pl\/bwb\/#website","url":"https:\/\/ugwp.cfolks.pl\/bwb\/","name":"BWB technology","description":"Kolejna witryna oparta na WordPressie","potentialAction":[{"@type":"SearchAction","target":{"@type":"EntryPoint","urlTemplate":"https:\/\/ugwp.cfolks.pl\/bwb\/?s={search_term_string}"},"query-input":{"@type":"PropertyValueSpecification","valueRequired":true,"valueName":"search_term_string"}}],"inLanguage":"pl-PL"}]}},"_links":{"self":[{"href":"https:\/\/ugwp.cfolks.pl\/bwb\/wp-json\/wp\/v2\/product\/2629","targetHints":{"allow":["GET"]}}],"collection":[{"href":"https:\/\/ugwp.cfolks.pl\/bwb\/wp-json\/wp\/v2\/product"}],"about":[{"href":"https:\/\/ugwp.cfolks.pl\/bwb\/wp-json\/wp\/v2\/types\/product"}],"wp:featuredmedia":[{"embeddable":true,"href":"https:\/\/ugwp.cfolks.pl\/bwb\/wp-json\/wp\/v2\/media\/3795"}],"wp:attachment":[{"href":"https:\/\/ugwp.cfolks.pl\/bwb\/wp-json\/wp\/v2\/media?parent=2629"}],"wp:term":[{"taxonomy":"product_cat","embeddable":true,"href":"https:\/\/ugwp.cfolks.pl\/bwb\/wp-json\/wp\/v2\/product_cat?post=2629"},{"taxonomy":"product_tag","embeddable":true,"href":"https:\/\/ugwp.cfolks.pl\/bwb\/wp-json\/wp\/v2\/product_tag?post=2629"}],"curies":[{"name":"wp","href":"https:\/\/api.w.org\/{rel}","templated":true}]}}