{"id":2627,"date":"2022-11-26T12:57:59","date_gmt":"2022-11-26T11:57:59","guid":{"rendered":"https:\/\/ugwp.cfolks.pl\/bwb\/?post_type=product&#038;p=2627"},"modified":"2024-06-13T16:11:55","modified_gmt":"2024-06-13T14:11:55","slug":"podkladka-stalowa-do-zbrojenia-gornego-s-o-ue-s-o-ue-dbv","status":"publish","type":"product","link":"https:\/\/ugwp.cfolks.pl\/bwb\/produkt\/podkladka-stalowa-do-zbrojenia-gornego-s-o-ue-s-o-ue-dbv\/","title":{"rendered":"Podk\u0142adka stalowa do zbrojenia g\u00f3rnego \u2013 S o.UE. \/ S o.UE.-DBV"},"content":{"rendered":"","protected":false},"excerpt":{"rendered":"<ul>\n<li>Podk\u0142adka dystansowa do zbrojenia g\u00f3rnego w kszta\u0142cie \u201ew\u0119\u017ca\u201d bez wystaj\u0105cych ko\u0144c\u00f3wek pr\u0119t\u00f3w<\/li>\n<li>Do zastosowania na izolacji lub innym mi\u0119kkim pod\u0142o\u017cu<\/li>\n<li>\u0141atwe przesuwanie na \/ po matach zbrojeniowych<\/li>\n<li>Ograniczone ryzyko skaleczenia<\/li>\n<li>Zoptymalizowane pakowanie: na 1 ci\u0119\u017car\u00f3wk\u0119 mie\u015bci si\u0119 do 52 palet<\/li>\n<li>Podk\u0142adka w wersji S o.UE dost\u0119pna do wysoko\u015bci 10 cm<\/li>\n<li>Podk\u0142adka w wersji DBV zgodna z wymaganiami normy DIN 1045-1 przebadana zgodnie z instrukcj\u0105 DBV-t \u201e Podpory\u201d dost\u0119pna w wysoko\u015bciach od 11 do 40 cm<\/li>\n<li>Zoptymalizowane pakowanie: na 1 ci\u0119\u017car\u00f3wk\u0119 mie\u015bci si\u0119 do 52 palet<\/li>\n<li>D\u0142ugo\u015b\u0107 pr\u0119t\u00f3w pod\u0142u\u017cnych to 240 cm, natomiast wymiary podk\u0142adki w rzucie to ok. 200&#215;20 cm<\/li>\n<li>Wyj\u0105tkowo ekonomiczna podk\u0142adka o lekkiej konstrukcji<\/li>\n<li>Wysoko\u015bci 3 i 4 cm dost\u0119pne tylko na za zam\u00f3wienie<\/li>\n<\/ul>\n","protected":false},"featured_media":5287,"template":"","meta":{"_acf_changed":false},"product_cat":[153],"product_tag":[],"class_list":{"0":"post-2627","1":"product","2":"type-product","3":"status-publish","4":"has-post-thumbnail","6":"product_cat-podkladki-dystansowe-stalowe","8":"first","9":"instock","10":"shipping-taxable","11":"product-type-simple"},"acf":[],"yoast_head":"<!-- This site is optimized with the Yoast SEO plugin v27.3 - https:\/\/yoast.com\/product\/yoast-seo-wordpress\/ -->\n<title>Podk\u0142adka Dystansowa Stalowa \u2013 Typ S O.U. Podk\u0142adki Stalowe<\/title>\n<meta name=\"description\" content=\"Podk\u0142adka stalowa Typ S bez element\u00f3w wystaj\u0105cych. Do zastosowania na izolacji lub innym mi\u0119kkim pod\u0142o\u017cu\u0141atwe przesuwanie na \/ po matach zbrojeniowych.\" \/>\n<meta name=\"robots\" content=\"noindex, follow, max-snippet:-1, max-image-preview:large, max-video-preview:-1\" \/>\n<meta property=\"og:locale\" content=\"pl_PL\" \/>\n<meta property=\"og:type\" content=\"article\" \/>\n<meta property=\"og:title\" content=\"Podk\u0142adka Dystansowa Stalowa \u2013 Typ S O.U. Podk\u0142adki Stalowe\" \/>\n<meta property=\"og:description\" content=\"Podk\u0142adka stalowa Typ S bez element\u00f3w wystaj\u0105cych. Do zastosowania na izolacji lub innym mi\u0119kkim pod\u0142o\u017cu\u0141atwe przesuwanie na \/ po matach zbrojeniowych.\" \/>\n<meta property=\"og:url\" content=\"https:\/\/ugwp.cfolks.pl\/bwb\/produkt\/podkladka-stalowa-do-zbrojenia-gornego-s-o-ue-s-o-ue-dbv\/\" \/>\n<meta property=\"og:site_name\" content=\"BWB technology\" \/>\n<meta property=\"article:modified_time\" content=\"2024-06-13T14:11:55+00:00\" \/>\n<meta property=\"og:image\" content=\"https:\/\/ugwp.cfolks.pl\/bwb\/wp-content\/uploads\/Podkladka-stalowa-do-zbrojenia-gornego-\u2013-S-o.UE_.-S-o.UE_.-DBV.jpg\" \/>\n\t<meta property=\"og:image:width\" content=\"1100\" \/>\n\t<meta property=\"og:image:height\" content=\"810\" \/>\n\t<meta property=\"og:image:type\" content=\"image\/jpeg\" \/>\n<meta name=\"twitter:card\" content=\"summary_large_image\" \/>\n<meta name=\"twitter:label1\" content=\"Szacowany czas czytania\" \/>\n\t<meta name=\"twitter:data1\" content=\"1 minuta\" \/>\n<script type=\"application\/ld+json\" class=\"yoast-schema-graph\">{\"@context\":\"https:\\\/\\\/schema.org\",\"@graph\":[{\"@type\":\"WebPage\",\"@id\":\"https:\\\/\\\/ugwp.cfolks.pl\\\/bwb\\\/produkt\\\/podkladka-stalowa-do-zbrojenia-gornego-s-o-ue-s-o-ue-dbv\\\/\",\"url\":\"https:\\\/\\\/ugwp.cfolks.pl\\\/bwb\\\/produkt\\\/podkladka-stalowa-do-zbrojenia-gornego-s-o-ue-s-o-ue-dbv\\\/\",\"name\":\"Podk\u0142adka Dystansowa Stalowa \u2013 Typ S O.U. Podk\u0142adki Stalowe\",\"isPartOf\":{\"@id\":\"https:\\\/\\\/ugwp.cfolks.pl\\\/bwb\\\/#website\"},\"primaryImageOfPage\":{\"@id\":\"https:\\\/\\\/ugwp.cfolks.pl\\\/bwb\\\/produkt\\\/podkladka-stalowa-do-zbrojenia-gornego-s-o-ue-s-o-ue-dbv\\\/#primaryimage\"},\"image\":{\"@id\":\"https:\\\/\\\/ugwp.cfolks.pl\\\/bwb\\\/produkt\\\/podkladka-stalowa-do-zbrojenia-gornego-s-o-ue-s-o-ue-dbv\\\/#primaryimage\"},\"thumbnailUrl\":\"https:\\\/\\\/ugwp.cfolks.pl\\\/bwb\\\/wp-content\\\/uploads\\\/Podkladka-stalowa-do-zbrojenia-gornego-\u2013-S-o.UE_.-S-o.UE_.-DBV.jpg\",\"datePublished\":\"2022-11-26T11:57:59+00:00\",\"dateModified\":\"2024-06-13T14:11:55+00:00\",\"description\":\"Podk\u0142adka stalowa Typ S bez element\u00f3w wystaj\u0105cych. Do zastosowania na izolacji lub innym mi\u0119kkim pod\u0142o\u017cu\u0141atwe przesuwanie na \\\/ po matach zbrojeniowych.\",\"breadcrumb\":{\"@id\":\"https:\\\/\\\/ugwp.cfolks.pl\\\/bwb\\\/produkt\\\/podkladka-stalowa-do-zbrojenia-gornego-s-o-ue-s-o-ue-dbv\\\/#breadcrumb\"},\"inLanguage\":\"pl-PL\",\"potentialAction\":[{\"@type\":\"ReadAction\",\"target\":[\"https:\\\/\\\/ugwp.cfolks.pl\\\/bwb\\\/produkt\\\/podkladka-stalowa-do-zbrojenia-gornego-s-o-ue-s-o-ue-dbv\\\/\"]}]},{\"@type\":\"ImageObject\",\"inLanguage\":\"pl-PL\",\"@id\":\"https:\\\/\\\/ugwp.cfolks.pl\\\/bwb\\\/produkt\\\/podkladka-stalowa-do-zbrojenia-gornego-s-o-ue-s-o-ue-dbv\\\/#primaryimage\",\"url\":\"https:\\\/\\\/ugwp.cfolks.pl\\\/bwb\\\/wp-content\\\/uploads\\\/Podkladka-stalowa-do-zbrojenia-gornego-\u2013-S-o.UE_.-S-o.UE_.-DBV.jpg\",\"contentUrl\":\"https:\\\/\\\/ugwp.cfolks.pl\\\/bwb\\\/wp-content\\\/uploads\\\/Podkladka-stalowa-do-zbrojenia-gornego-\u2013-S-o.UE_.-S-o.UE_.-DBV.jpg\",\"width\":1100,\"height\":810,\"caption\":\"Podk\u0142adka stalowa do zbrojenia g\u00f3rnego \u2013 S o.UE. \\\/ S o.UE.-DBV\"},{\"@type\":\"BreadcrumbList\",\"@id\":\"https:\\\/\\\/ugwp.cfolks.pl\\\/bwb\\\/produkt\\\/podkladka-stalowa-do-zbrojenia-gornego-s-o-ue-s-o-ue-dbv\\\/#breadcrumb\",\"itemListElement\":[{\"@type\":\"ListItem\",\"position\":1,\"name\":\"Strona g\u0142\u00f3wna\",\"item\":\"https:\\\/\\\/ugwp.cfolks.pl\\\/bwb\\\/\"},{\"@type\":\"ListItem\",\"position\":2,\"name\":\"Podk\u0142adki Dystansowe\",\"item\":\"https:\\\/\\\/ugwp.cfolks.pl\\\/bwb\\\/kategoria\\\/podkladki-dystansowe\\\/\"},{\"@type\":\"ListItem\",\"position\":3,\"name\":\"Podk\u0142adki dystansowe stalowe\",\"item\":\"https:\\\/\\\/ugwp.cfolks.pl\\\/bwb\\\/kategoria\\\/podkladki-dystansowe\\\/podkladki-dystansowe-stalowe\\\/\"},{\"@type\":\"ListItem\",\"position\":4,\"name\":\"Podk\u0142adka stalowa do zbrojenia g\u00f3rnego \u2013 S o.UE. \\\/ S o.UE.-DBV\"}]},{\"@type\":\"WebSite\",\"@id\":\"https:\\\/\\\/ugwp.cfolks.pl\\\/bwb\\\/#website\",\"url\":\"https:\\\/\\\/ugwp.cfolks.pl\\\/bwb\\\/\",\"name\":\"BWB technology\",\"description\":\"Kolejna witryna oparta na WordPressie\",\"potentialAction\":[{\"@type\":\"SearchAction\",\"target\":{\"@type\":\"EntryPoint\",\"urlTemplate\":\"https:\\\/\\\/ugwp.cfolks.pl\\\/bwb\\\/?s={search_term_string}\"},\"query-input\":{\"@type\":\"PropertyValueSpecification\",\"valueRequired\":true,\"valueName\":\"search_term_string\"}}],\"inLanguage\":\"pl-PL\"}]}<\/script>\n<!-- \/ Yoast SEO plugin. -->","yoast_head_json":{"title":"Podk\u0142adka Dystansowa Stalowa \u2013 Typ S O.U. Podk\u0142adki Stalowe","description":"Podk\u0142adka stalowa Typ S bez element\u00f3w wystaj\u0105cych. Do zastosowania na izolacji lub innym mi\u0119kkim pod\u0142o\u017cu\u0141atwe przesuwanie na \/ po matach zbrojeniowych.","robots":{"index":"noindex","follow":"follow","max-snippet":"max-snippet:-1","max-image-preview":"max-image-preview:large","max-video-preview":"max-video-preview:-1"},"og_locale":"pl_PL","og_type":"article","og_title":"Podk\u0142adka Dystansowa Stalowa \u2013 Typ S O.U. Podk\u0142adki Stalowe","og_description":"Podk\u0142adka stalowa Typ S bez element\u00f3w wystaj\u0105cych. Do zastosowania na izolacji lub innym mi\u0119kkim pod\u0142o\u017cu\u0141atwe przesuwanie na \/ po matach zbrojeniowych.","og_url":"https:\/\/ugwp.cfolks.pl\/bwb\/produkt\/podkladka-stalowa-do-zbrojenia-gornego-s-o-ue-s-o-ue-dbv\/","og_site_name":"BWB technology","article_modified_time":"2024-06-13T14:11:55+00:00","og_image":[{"width":1100,"height":810,"url":"https:\/\/ugwp.cfolks.pl\/bwb\/wp-content\/uploads\/Podkladka-stalowa-do-zbrojenia-gornego-\u2013-S-o.UE_.-S-o.UE_.-DBV.jpg","type":"image\/jpeg"}],"twitter_card":"summary_large_image","twitter_misc":{"Szacowany czas czytania":"1 minuta"},"schema":{"@context":"https:\/\/schema.org","@graph":[{"@type":"WebPage","@id":"https:\/\/ugwp.cfolks.pl\/bwb\/produkt\/podkladka-stalowa-do-zbrojenia-gornego-s-o-ue-s-o-ue-dbv\/","url":"https:\/\/ugwp.cfolks.pl\/bwb\/produkt\/podkladka-stalowa-do-zbrojenia-gornego-s-o-ue-s-o-ue-dbv\/","name":"Podk\u0142adka Dystansowa Stalowa \u2013 Typ S O.U. Podk\u0142adki Stalowe","isPartOf":{"@id":"https:\/\/ugwp.cfolks.pl\/bwb\/#website"},"primaryImageOfPage":{"@id":"https:\/\/ugwp.cfolks.pl\/bwb\/produkt\/podkladka-stalowa-do-zbrojenia-gornego-s-o-ue-s-o-ue-dbv\/#primaryimage"},"image":{"@id":"https:\/\/ugwp.cfolks.pl\/bwb\/produkt\/podkladka-stalowa-do-zbrojenia-gornego-s-o-ue-s-o-ue-dbv\/#primaryimage"},"thumbnailUrl":"https:\/\/ugwp.cfolks.pl\/bwb\/wp-content\/uploads\/Podkladka-stalowa-do-zbrojenia-gornego-\u2013-S-o.UE_.-S-o.UE_.-DBV.jpg","datePublished":"2022-11-26T11:57:59+00:00","dateModified":"2024-06-13T14:11:55+00:00","description":"Podk\u0142adka stalowa Typ S bez element\u00f3w wystaj\u0105cych. Do zastosowania na izolacji lub innym mi\u0119kkim pod\u0142o\u017cu\u0141atwe przesuwanie na \/ po matach zbrojeniowych.","breadcrumb":{"@id":"https:\/\/ugwp.cfolks.pl\/bwb\/produkt\/podkladka-stalowa-do-zbrojenia-gornego-s-o-ue-s-o-ue-dbv\/#breadcrumb"},"inLanguage":"pl-PL","potentialAction":[{"@type":"ReadAction","target":["https:\/\/ugwp.cfolks.pl\/bwb\/produkt\/podkladka-stalowa-do-zbrojenia-gornego-s-o-ue-s-o-ue-dbv\/"]}]},{"@type":"ImageObject","inLanguage":"pl-PL","@id":"https:\/\/ugwp.cfolks.pl\/bwb\/produkt\/podkladka-stalowa-do-zbrojenia-gornego-s-o-ue-s-o-ue-dbv\/#primaryimage","url":"https:\/\/ugwp.cfolks.pl\/bwb\/wp-content\/uploads\/Podkladka-stalowa-do-zbrojenia-gornego-\u2013-S-o.UE_.-S-o.UE_.-DBV.jpg","contentUrl":"https:\/\/ugwp.cfolks.pl\/bwb\/wp-content\/uploads\/Podkladka-stalowa-do-zbrojenia-gornego-\u2013-S-o.UE_.-S-o.UE_.-DBV.jpg","width":1100,"height":810,"caption":"Podk\u0142adka stalowa do zbrojenia g\u00f3rnego \u2013 S o.UE. \/ S o.UE.-DBV"},{"@type":"BreadcrumbList","@id":"https:\/\/ugwp.cfolks.pl\/bwb\/produkt\/podkladka-stalowa-do-zbrojenia-gornego-s-o-ue-s-o-ue-dbv\/#breadcrumb","itemListElement":[{"@type":"ListItem","position":1,"name":"Strona g\u0142\u00f3wna","item":"https:\/\/ugwp.cfolks.pl\/bwb\/"},{"@type":"ListItem","position":2,"name":"Podk\u0142adki Dystansowe","item":"https:\/\/ugwp.cfolks.pl\/bwb\/kategoria\/podkladki-dystansowe\/"},{"@type":"ListItem","position":3,"name":"Podk\u0142adki dystansowe stalowe","item":"https:\/\/ugwp.cfolks.pl\/bwb\/kategoria\/podkladki-dystansowe\/podkladki-dystansowe-stalowe\/"},{"@type":"ListItem","position":4,"name":"Podk\u0142adka stalowa do zbrojenia g\u00f3rnego \u2013 S o.UE. \/ S o.UE.-DBV"}]},{"@type":"WebSite","@id":"https:\/\/ugwp.cfolks.pl\/bwb\/#website","url":"https:\/\/ugwp.cfolks.pl\/bwb\/","name":"BWB technology","description":"Kolejna witryna oparta na WordPressie","potentialAction":[{"@type":"SearchAction","target":{"@type":"EntryPoint","urlTemplate":"https:\/\/ugwp.cfolks.pl\/bwb\/?s={search_term_string}"},"query-input":{"@type":"PropertyValueSpecification","valueRequired":true,"valueName":"search_term_string"}}],"inLanguage":"pl-PL"}]}},"_links":{"self":[{"href":"https:\/\/ugwp.cfolks.pl\/bwb\/wp-json\/wp\/v2\/product\/2627","targetHints":{"allow":["GET"]}}],"collection":[{"href":"https:\/\/ugwp.cfolks.pl\/bwb\/wp-json\/wp\/v2\/product"}],"about":[{"href":"https:\/\/ugwp.cfolks.pl\/bwb\/wp-json\/wp\/v2\/types\/product"}],"wp:featuredmedia":[{"embeddable":true,"href":"https:\/\/ugwp.cfolks.pl\/bwb\/wp-json\/wp\/v2\/media\/5287"}],"wp:attachment":[{"href":"https:\/\/ugwp.cfolks.pl\/bwb\/wp-json\/wp\/v2\/media?parent=2627"}],"wp:term":[{"taxonomy":"product_cat","embeddable":true,"href":"https:\/\/ugwp.cfolks.pl\/bwb\/wp-json\/wp\/v2\/product_cat?post=2627"},{"taxonomy":"product_tag","embeddable":true,"href":"https:\/\/ugwp.cfolks.pl\/bwb\/wp-json\/wp\/v2\/product_tag?post=2627"}],"curies":[{"name":"wp","href":"https:\/\/api.w.org\/{rel}","templated":true}]}}