{"id":2609,"date":"2022-11-26T12:33:59","date_gmt":"2022-11-26T11:33:59","guid":{"rendered":"https:\/\/ugwp.cfolks.pl\/bwb\/?post_type=product&#038;p=2609"},"modified":"2023-09-12T07:47:58","modified_gmt":"2023-09-12T05:47:58","slug":"podkladka-z-wloknobetonu-btps-waz-profil-t","status":"publish","type":"product","link":"https:\/\/ugwp.cfolks.pl\/bwb\/produkt\/podkladka-z-wloknobetonu-btps-waz-profil-t\/","title":{"rendered":"Podk\u0142adka z w\u0142\u00f3knobetonu \u2013 BTPS w\u0105\u017c profil &#8222;T&#8221;"},"content":{"rendered":"","protected":false},"excerpt":{"rendered":"<ul>\n<li>Element dystansowy z betonu zbrojonego w\u0142\u00f3knem w kszta\u0142cie w\u0119\u017ca o przekroju T<\/li>\n<li>Podk\u0142adki d\u0142ugo\u015bci 100 cm<\/li>\n<li>Podk\u0142adki przeznaczone do zbrojenia poziomego<\/li>\n<li>L\u017cejszy i korzystniejszy cenowo ni\u017c elementy dystansowe wkl\u0119s\u0142e, jednak z tylko jedn\u0105 mo\u017cliwo\u015bci\u0105 pozycjonowania (uk\u0142adania)<\/li>\n<li>Inne d\u0142ugo\u015bci i otuliny dost\u0119pne na zapytanie<\/li>\n<\/ul>\n","protected":false},"featured_media":3869,"template":"","meta":{"_acf_changed":false},"product_cat":[152],"product_tag":[],"class_list":{"0":"post-2609","1":"product","2":"type-product","3":"status-publish","4":"has-post-thumbnail","6":"product_cat-podkladki-betonowe-liniowe","8":"first","9":"instock","10":"shipping-taxable","11":"product-type-simple"},"acf":[],"yoast_head":"<!-- This site is optimized with the Yoast SEO plugin v27.3 - https:\/\/yoast.com\/product\/yoast-seo-wordpress\/ -->\n<title>Podk\u0142adka Z W\u0142\u00f3knobetonu \u2013 PROFIL BTPS Zbrojenia Do Betonu<\/title>\n<meta name=\"description\" content=\"Element dystansowy z betonu zbrojonego w\u0142\u00f3knem w postaci profilu T o kszta\u0142cie w\u0119\u017ca. Podk\u0142adki przeznaczone do zbrojenia poziomego.\" \/>\n<meta name=\"robots\" content=\"noindex, follow, max-snippet:-1, max-image-preview:large, max-video-preview:-1\" \/>\n<meta property=\"og:locale\" content=\"pl_PL\" \/>\n<meta property=\"og:type\" content=\"article\" \/>\n<meta property=\"og:title\" content=\"Podk\u0142adka Z W\u0142\u00f3knobetonu \u2013 PROFIL BTPS Zbrojenia Do Betonu\" \/>\n<meta property=\"og:description\" content=\"Element dystansowy z betonu zbrojonego w\u0142\u00f3knem w postaci profilu T o kszta\u0142cie w\u0119\u017ca. Podk\u0142adki przeznaczone do zbrojenia poziomego.\" \/>\n<meta property=\"og:url\" content=\"https:\/\/ugwp.cfolks.pl\/bwb\/produkt\/podkladka-z-wloknobetonu-btps-waz-profil-t\/\" \/>\n<meta property=\"og:site_name\" content=\"BWB technology\" \/>\n<meta property=\"article:modified_time\" content=\"2023-09-12T05:47:58+00:00\" \/>\n<meta property=\"og:image\" content=\"https:\/\/ugwp.cfolks.pl\/bwb\/wp-content\/uploads\/Podkladka-z-wloknobetonu-\u2013-PROFIL-BTPS-waz.jpg\" \/>\n\t<meta property=\"og:image:width\" content=\"1100\" \/>\n\t<meta property=\"og:image:height\" content=\"810\" \/>\n\t<meta property=\"og:image:type\" content=\"image\/jpeg\" \/>\n<meta name=\"twitter:card\" content=\"summary_large_image\" \/>\n<script type=\"application\/ld+json\" class=\"yoast-schema-graph\">{\"@context\":\"https:\\\/\\\/schema.org\",\"@graph\":[{\"@type\":\"WebPage\",\"@id\":\"https:\\\/\\\/ugwp.cfolks.pl\\\/bwb\\\/produkt\\\/podkladka-z-wloknobetonu-btps-waz-profil-t\\\/\",\"url\":\"https:\\\/\\\/ugwp.cfolks.pl\\\/bwb\\\/produkt\\\/podkladka-z-wloknobetonu-btps-waz-profil-t\\\/\",\"name\":\"Podk\u0142adka Z W\u0142\u00f3knobetonu \u2013 PROFIL BTPS Zbrojenia Do Betonu\",\"isPartOf\":{\"@id\":\"https:\\\/\\\/ugwp.cfolks.pl\\\/bwb\\\/#website\"},\"primaryImageOfPage\":{\"@id\":\"https:\\\/\\\/ugwp.cfolks.pl\\\/bwb\\\/produkt\\\/podkladka-z-wloknobetonu-btps-waz-profil-t\\\/#primaryimage\"},\"image\":{\"@id\":\"https:\\\/\\\/ugwp.cfolks.pl\\\/bwb\\\/produkt\\\/podkladka-z-wloknobetonu-btps-waz-profil-t\\\/#primaryimage\"},\"thumbnailUrl\":\"https:\\\/\\\/ugwp.cfolks.pl\\\/bwb\\\/wp-content\\\/uploads\\\/Podkladka-z-wloknobetonu-\u2013-PROFIL-BTPS-waz.jpg\",\"datePublished\":\"2022-11-26T11:33:59+00:00\",\"dateModified\":\"2023-09-12T05:47:58+00:00\",\"description\":\"Element dystansowy z betonu zbrojonego w\u0142\u00f3knem w postaci profilu T o kszta\u0142cie w\u0119\u017ca. Podk\u0142adki przeznaczone do zbrojenia poziomego.\",\"breadcrumb\":{\"@id\":\"https:\\\/\\\/ugwp.cfolks.pl\\\/bwb\\\/produkt\\\/podkladka-z-wloknobetonu-btps-waz-profil-t\\\/#breadcrumb\"},\"inLanguage\":\"pl-PL\",\"potentialAction\":[{\"@type\":\"ReadAction\",\"target\":[\"https:\\\/\\\/ugwp.cfolks.pl\\\/bwb\\\/produkt\\\/podkladka-z-wloknobetonu-btps-waz-profil-t\\\/\"]}]},{\"@type\":\"ImageObject\",\"inLanguage\":\"pl-PL\",\"@id\":\"https:\\\/\\\/ugwp.cfolks.pl\\\/bwb\\\/produkt\\\/podkladka-z-wloknobetonu-btps-waz-profil-t\\\/#primaryimage\",\"url\":\"https:\\\/\\\/ugwp.cfolks.pl\\\/bwb\\\/wp-content\\\/uploads\\\/Podkladka-z-wloknobetonu-\u2013-PROFIL-BTPS-waz.jpg\",\"contentUrl\":\"https:\\\/\\\/ugwp.cfolks.pl\\\/bwb\\\/wp-content\\\/uploads\\\/Podkladka-z-wloknobetonu-\u2013-PROFIL-BTPS-waz.jpg\",\"width\":1100,\"height\":810,\"caption\":\"Podk\u0142adka z w\u0142\u00f3knobetonu \u2013 BTPS w\u0105\u017c profil \\\"T\\\"\"},{\"@type\":\"BreadcrumbList\",\"@id\":\"https:\\\/\\\/ugwp.cfolks.pl\\\/bwb\\\/produkt\\\/podkladka-z-wloknobetonu-btps-waz-profil-t\\\/#breadcrumb\",\"itemListElement\":[{\"@type\":\"ListItem\",\"position\":1,\"name\":\"Strona g\u0142\u00f3wna\",\"item\":\"https:\\\/\\\/ugwp.cfolks.pl\\\/bwb\\\/\"},{\"@type\":\"ListItem\",\"position\":2,\"name\":\"Podk\u0142adki Dystansowe\",\"item\":\"https:\\\/\\\/ugwp.cfolks.pl\\\/bwb\\\/kategoria\\\/podkladki-dystansowe\\\/\"},{\"@type\":\"ListItem\",\"position\":3,\"name\":\"Podk\u0142adki betonowe liniowe\",\"item\":\"https:\\\/\\\/ugwp.cfolks.pl\\\/bwb\\\/kategoria\\\/podkladki-dystansowe\\\/podkladki-betonowe-liniowe\\\/\"},{\"@type\":\"ListItem\",\"position\":4,\"name\":\"Podk\u0142adka z w\u0142\u00f3knobetonu \u2013 BTPS w\u0105\u017c profil &#8222;T&#8221;\"}]},{\"@type\":\"WebSite\",\"@id\":\"https:\\\/\\\/ugwp.cfolks.pl\\\/bwb\\\/#website\",\"url\":\"https:\\\/\\\/ugwp.cfolks.pl\\\/bwb\\\/\",\"name\":\"BWB technology\",\"description\":\"Kolejna witryna oparta na WordPressie\",\"potentialAction\":[{\"@type\":\"SearchAction\",\"target\":{\"@type\":\"EntryPoint\",\"urlTemplate\":\"https:\\\/\\\/ugwp.cfolks.pl\\\/bwb\\\/?s={search_term_string}\"},\"query-input\":{\"@type\":\"PropertyValueSpecification\",\"valueRequired\":true,\"valueName\":\"search_term_string\"}}],\"inLanguage\":\"pl-PL\"}]}<\/script>\n<!-- \/ Yoast SEO plugin. -->","yoast_head_json":{"title":"Podk\u0142adka Z W\u0142\u00f3knobetonu \u2013 PROFIL BTPS Zbrojenia Do Betonu","description":"Element dystansowy z betonu zbrojonego w\u0142\u00f3knem w postaci profilu T o kszta\u0142cie w\u0119\u017ca. Podk\u0142adki przeznaczone do zbrojenia poziomego.","robots":{"index":"noindex","follow":"follow","max-snippet":"max-snippet:-1","max-image-preview":"max-image-preview:large","max-video-preview":"max-video-preview:-1"},"og_locale":"pl_PL","og_type":"article","og_title":"Podk\u0142adka Z W\u0142\u00f3knobetonu \u2013 PROFIL BTPS Zbrojenia Do Betonu","og_description":"Element dystansowy z betonu zbrojonego w\u0142\u00f3knem w postaci profilu T o kszta\u0142cie w\u0119\u017ca. Podk\u0142adki przeznaczone do zbrojenia poziomego.","og_url":"https:\/\/ugwp.cfolks.pl\/bwb\/produkt\/podkladka-z-wloknobetonu-btps-waz-profil-t\/","og_site_name":"BWB technology","article_modified_time":"2023-09-12T05:47:58+00:00","og_image":[{"width":1100,"height":810,"url":"https:\/\/ugwp.cfolks.pl\/bwb\/wp-content\/uploads\/Podkladka-z-wloknobetonu-\u2013-PROFIL-BTPS-waz.jpg","type":"image\/jpeg"}],"twitter_card":"summary_large_image","schema":{"@context":"https:\/\/schema.org","@graph":[{"@type":"WebPage","@id":"https:\/\/ugwp.cfolks.pl\/bwb\/produkt\/podkladka-z-wloknobetonu-btps-waz-profil-t\/","url":"https:\/\/ugwp.cfolks.pl\/bwb\/produkt\/podkladka-z-wloknobetonu-btps-waz-profil-t\/","name":"Podk\u0142adka Z W\u0142\u00f3knobetonu \u2013 PROFIL BTPS Zbrojenia Do Betonu","isPartOf":{"@id":"https:\/\/ugwp.cfolks.pl\/bwb\/#website"},"primaryImageOfPage":{"@id":"https:\/\/ugwp.cfolks.pl\/bwb\/produkt\/podkladka-z-wloknobetonu-btps-waz-profil-t\/#primaryimage"},"image":{"@id":"https:\/\/ugwp.cfolks.pl\/bwb\/produkt\/podkladka-z-wloknobetonu-btps-waz-profil-t\/#primaryimage"},"thumbnailUrl":"https:\/\/ugwp.cfolks.pl\/bwb\/wp-content\/uploads\/Podkladka-z-wloknobetonu-\u2013-PROFIL-BTPS-waz.jpg","datePublished":"2022-11-26T11:33:59+00:00","dateModified":"2023-09-12T05:47:58+00:00","description":"Element dystansowy z betonu zbrojonego w\u0142\u00f3knem w postaci profilu T o kszta\u0142cie w\u0119\u017ca. Podk\u0142adki przeznaczone do zbrojenia poziomego.","breadcrumb":{"@id":"https:\/\/ugwp.cfolks.pl\/bwb\/produkt\/podkladka-z-wloknobetonu-btps-waz-profil-t\/#breadcrumb"},"inLanguage":"pl-PL","potentialAction":[{"@type":"ReadAction","target":["https:\/\/ugwp.cfolks.pl\/bwb\/produkt\/podkladka-z-wloknobetonu-btps-waz-profil-t\/"]}]},{"@type":"ImageObject","inLanguage":"pl-PL","@id":"https:\/\/ugwp.cfolks.pl\/bwb\/produkt\/podkladka-z-wloknobetonu-btps-waz-profil-t\/#primaryimage","url":"https:\/\/ugwp.cfolks.pl\/bwb\/wp-content\/uploads\/Podkladka-z-wloknobetonu-\u2013-PROFIL-BTPS-waz.jpg","contentUrl":"https:\/\/ugwp.cfolks.pl\/bwb\/wp-content\/uploads\/Podkladka-z-wloknobetonu-\u2013-PROFIL-BTPS-waz.jpg","width":1100,"height":810,"caption":"Podk\u0142adka z w\u0142\u00f3knobetonu \u2013 BTPS w\u0105\u017c profil \"T\""},{"@type":"BreadcrumbList","@id":"https:\/\/ugwp.cfolks.pl\/bwb\/produkt\/podkladka-z-wloknobetonu-btps-waz-profil-t\/#breadcrumb","itemListElement":[{"@type":"ListItem","position":1,"name":"Strona g\u0142\u00f3wna","item":"https:\/\/ugwp.cfolks.pl\/bwb\/"},{"@type":"ListItem","position":2,"name":"Podk\u0142adki Dystansowe","item":"https:\/\/ugwp.cfolks.pl\/bwb\/kategoria\/podkladki-dystansowe\/"},{"@type":"ListItem","position":3,"name":"Podk\u0142adki betonowe liniowe","item":"https:\/\/ugwp.cfolks.pl\/bwb\/kategoria\/podkladki-dystansowe\/podkladki-betonowe-liniowe\/"},{"@type":"ListItem","position":4,"name":"Podk\u0142adka z w\u0142\u00f3knobetonu \u2013 BTPS w\u0105\u017c profil &#8222;T&#8221;"}]},{"@type":"WebSite","@id":"https:\/\/ugwp.cfolks.pl\/bwb\/#website","url":"https:\/\/ugwp.cfolks.pl\/bwb\/","name":"BWB technology","description":"Kolejna witryna oparta na WordPressie","potentialAction":[{"@type":"SearchAction","target":{"@type":"EntryPoint","urlTemplate":"https:\/\/ugwp.cfolks.pl\/bwb\/?s={search_term_string}"},"query-input":{"@type":"PropertyValueSpecification","valueRequired":true,"valueName":"search_term_string"}}],"inLanguage":"pl-PL"}]}},"_links":{"self":[{"href":"https:\/\/ugwp.cfolks.pl\/bwb\/wp-json\/wp\/v2\/product\/2609","targetHints":{"allow":["GET"]}}],"collection":[{"href":"https:\/\/ugwp.cfolks.pl\/bwb\/wp-json\/wp\/v2\/product"}],"about":[{"href":"https:\/\/ugwp.cfolks.pl\/bwb\/wp-json\/wp\/v2\/types\/product"}],"wp:featuredmedia":[{"embeddable":true,"href":"https:\/\/ugwp.cfolks.pl\/bwb\/wp-json\/wp\/v2\/media\/3869"}],"wp:attachment":[{"href":"https:\/\/ugwp.cfolks.pl\/bwb\/wp-json\/wp\/v2\/media?parent=2609"}],"wp:term":[{"taxonomy":"product_cat","embeddable":true,"href":"https:\/\/ugwp.cfolks.pl\/bwb\/wp-json\/wp\/v2\/product_cat?post=2609"},{"taxonomy":"product_tag","embeddable":true,"href":"https:\/\/ugwp.cfolks.pl\/bwb\/wp-json\/wp\/v2\/product_tag?post=2609"}],"curies":[{"name":"wp","href":"https:\/\/api.w.org\/{rel}","templated":true}]}}