{"id":2597,"date":"2022-11-26T12:32:38","date_gmt":"2022-11-26T11:32:38","guid":{"rendered":"https:\/\/ugwp.cfolks.pl\/bwb\/?post_type=product&#038;p=2597"},"modified":"2023-09-12T07:30:50","modified_gmt":"2023-09-12T05:30:50","slug":"podkladka-z-wloknobetonu-bdk-dreikant-wklesly","status":"publish","type":"product","link":"https:\/\/ugwp.cfolks.pl\/bwb\/produkt\/podkladka-z-wloknobetonu-bdk-dreikant-wklesly\/","title":{"rendered":"Podk\u0142adka z w\u0142\u00f3knobetonu \u2013  BDK dreikant wkl\u0119s\u0142y"},"content":{"rendered":"","protected":false},"excerpt":{"rendered":"<ul>\n<li>Element dystansowy z betonu zbrojonego w\u0142\u00f3knem w postaci listwy tr\u00f3jk\u0105tnej<\/li>\n<li>Listwy d\u0142ugo\u015bci 100 cm<\/li>\n<li>Podk\u0142adki przeznaczone do ci\u0119\u017ckiego zbrojenia poziomego<\/li>\n<li>L\u017cejszy i korzystniejszy cenowo ni\u017c dreikant jednak tylko z jedn\u0105 mo\u017cliwo\u015bci\u0105 pozycjonowania (uk\u0142adania)<\/li>\n<li>Inne d\u0142ugo\u015bci oraz otuliny betonu \u2013 na zapytanie<\/li>\n<\/ul>\n","protected":false},"featured_media":3863,"template":"","meta":{"_acf_changed":false},"product_cat":[152],"product_tag":[],"class_list":{"0":"post-2597","1":"product","2":"type-product","3":"status-publish","4":"has-post-thumbnail","6":"product_cat-podkladki-betonowe-liniowe","8":"first","9":"instock","10":"shipping-taxable","11":"product-type-simple"},"acf":[],"yoast_head":"<!-- This site is optimized with the Yoast SEO plugin v27.3 - https:\/\/yoast.com\/product\/yoast-seo-wordpress\/ -->\n<title>Podk\u0142adka z w\u00f3knobetonu \u2013 dreikant wkl\u0119s\u0142y BDK Podk\u0142adki<\/title>\n<meta name=\"description\" content=\"Element dystansowy z betonu zbrojonego w\u0142\u00f3knem w postaci wkl\u0119s\u0142ego tr\u00f3jk\u0105ta. Listwy d\u0142ugo\u015bci 100 cm. Przeznaczone dla \u015brednio ci\u0119\u017ckiego zbrojenia poziomego.\" \/>\n<meta name=\"robots\" content=\"noindex, follow, max-snippet:-1, max-image-preview:large, max-video-preview:-1\" \/>\n<meta property=\"og:locale\" content=\"pl_PL\" \/>\n<meta property=\"og:type\" content=\"article\" \/>\n<meta property=\"og:title\" content=\"Podk\u0142adka z w\u00f3knobetonu \u2013 dreikant wkl\u0119s\u0142y BDK Podk\u0142adki\" \/>\n<meta property=\"og:description\" content=\"Element dystansowy z betonu zbrojonego w\u0142\u00f3knem w postaci wkl\u0119s\u0142ego tr\u00f3jk\u0105ta. Listwy d\u0142ugo\u015bci 100 cm. Przeznaczone dla \u015brednio ci\u0119\u017ckiego zbrojenia poziomego.\" \/>\n<meta property=\"og:url\" content=\"https:\/\/ugwp.cfolks.pl\/bwb\/produkt\/podkladka-z-wloknobetonu-bdk-dreikant-wklesly\/\" \/>\n<meta property=\"og:site_name\" content=\"BWB technology\" \/>\n<meta property=\"article:modified_time\" content=\"2023-09-12T05:30:50+00:00\" \/>\n<meta property=\"og:image\" content=\"https:\/\/ugwp.cfolks.pl\/bwb\/wp-content\/uploads\/Podkladka-z-woknobetonu-\u2013-dreikant-wklesly-BDK.jpg\" \/>\n\t<meta property=\"og:image:width\" content=\"1100\" \/>\n\t<meta property=\"og:image:height\" content=\"810\" \/>\n\t<meta property=\"og:image:type\" content=\"image\/jpeg\" \/>\n<meta name=\"twitter:card\" content=\"summary_large_image\" \/>\n<script type=\"application\/ld+json\" class=\"yoast-schema-graph\">{\"@context\":\"https:\\\/\\\/schema.org\",\"@graph\":[{\"@type\":\"WebPage\",\"@id\":\"https:\\\/\\\/ugwp.cfolks.pl\\\/bwb\\\/produkt\\\/podkladka-z-wloknobetonu-bdk-dreikant-wklesly\\\/\",\"url\":\"https:\\\/\\\/ugwp.cfolks.pl\\\/bwb\\\/produkt\\\/podkladka-z-wloknobetonu-bdk-dreikant-wklesly\\\/\",\"name\":\"Podk\u0142adka z w\u00f3knobetonu \u2013 dreikant wkl\u0119s\u0142y BDK Podk\u0142adki\",\"isPartOf\":{\"@id\":\"https:\\\/\\\/ugwp.cfolks.pl\\\/bwb\\\/#website\"},\"primaryImageOfPage\":{\"@id\":\"https:\\\/\\\/ugwp.cfolks.pl\\\/bwb\\\/produkt\\\/podkladka-z-wloknobetonu-bdk-dreikant-wklesly\\\/#primaryimage\"},\"image\":{\"@id\":\"https:\\\/\\\/ugwp.cfolks.pl\\\/bwb\\\/produkt\\\/podkladka-z-wloknobetonu-bdk-dreikant-wklesly\\\/#primaryimage\"},\"thumbnailUrl\":\"https:\\\/\\\/ugwp.cfolks.pl\\\/bwb\\\/wp-content\\\/uploads\\\/Podkladka-z-woknobetonu-\u2013-dreikant-wklesly-BDK.jpg\",\"datePublished\":\"2022-11-26T11:32:38+00:00\",\"dateModified\":\"2023-09-12T05:30:50+00:00\",\"description\":\"Element dystansowy z betonu zbrojonego w\u0142\u00f3knem w postaci wkl\u0119s\u0142ego tr\u00f3jk\u0105ta. Listwy d\u0142ugo\u015bci 100 cm. Przeznaczone dla \u015brednio ci\u0119\u017ckiego zbrojenia poziomego.\",\"breadcrumb\":{\"@id\":\"https:\\\/\\\/ugwp.cfolks.pl\\\/bwb\\\/produkt\\\/podkladka-z-wloknobetonu-bdk-dreikant-wklesly\\\/#breadcrumb\"},\"inLanguage\":\"pl-PL\",\"potentialAction\":[{\"@type\":\"ReadAction\",\"target\":[\"https:\\\/\\\/ugwp.cfolks.pl\\\/bwb\\\/produkt\\\/podkladka-z-wloknobetonu-bdk-dreikant-wklesly\\\/\"]}]},{\"@type\":\"ImageObject\",\"inLanguage\":\"pl-PL\",\"@id\":\"https:\\\/\\\/ugwp.cfolks.pl\\\/bwb\\\/produkt\\\/podkladka-z-wloknobetonu-bdk-dreikant-wklesly\\\/#primaryimage\",\"url\":\"https:\\\/\\\/ugwp.cfolks.pl\\\/bwb\\\/wp-content\\\/uploads\\\/Podkladka-z-woknobetonu-\u2013-dreikant-wklesly-BDK.jpg\",\"contentUrl\":\"https:\\\/\\\/ugwp.cfolks.pl\\\/bwb\\\/wp-content\\\/uploads\\\/Podkladka-z-woknobetonu-\u2013-dreikant-wklesly-BDK.jpg\",\"width\":1100,\"height\":810,\"caption\":\"Podk\u0142adka z w\u0142\u00f3knobetonu \u2013 BDK dreikant wkl\u0119s\u0142y\"},{\"@type\":\"BreadcrumbList\",\"@id\":\"https:\\\/\\\/ugwp.cfolks.pl\\\/bwb\\\/produkt\\\/podkladka-z-wloknobetonu-bdk-dreikant-wklesly\\\/#breadcrumb\",\"itemListElement\":[{\"@type\":\"ListItem\",\"position\":1,\"name\":\"Strona g\u0142\u00f3wna\",\"item\":\"https:\\\/\\\/ugwp.cfolks.pl\\\/bwb\\\/\"},{\"@type\":\"ListItem\",\"position\":2,\"name\":\"Podk\u0142adki Dystansowe\",\"item\":\"https:\\\/\\\/ugwp.cfolks.pl\\\/bwb\\\/kategoria\\\/podkladki-dystansowe\\\/\"},{\"@type\":\"ListItem\",\"position\":3,\"name\":\"Podk\u0142adki betonowe liniowe\",\"item\":\"https:\\\/\\\/ugwp.cfolks.pl\\\/bwb\\\/kategoria\\\/podkladki-dystansowe\\\/podkladki-betonowe-liniowe\\\/\"},{\"@type\":\"ListItem\",\"position\":4,\"name\":\"Podk\u0142adka z w\u0142\u00f3knobetonu \u2013 BDK dreikant wkl\u0119s\u0142y\"}]},{\"@type\":\"WebSite\",\"@id\":\"https:\\\/\\\/ugwp.cfolks.pl\\\/bwb\\\/#website\",\"url\":\"https:\\\/\\\/ugwp.cfolks.pl\\\/bwb\\\/\",\"name\":\"BWB technology\",\"description\":\"Kolejna witryna oparta na WordPressie\",\"potentialAction\":[{\"@type\":\"SearchAction\",\"target\":{\"@type\":\"EntryPoint\",\"urlTemplate\":\"https:\\\/\\\/ugwp.cfolks.pl\\\/bwb\\\/?s={search_term_string}\"},\"query-input\":{\"@type\":\"PropertyValueSpecification\",\"valueRequired\":true,\"valueName\":\"search_term_string\"}}],\"inLanguage\":\"pl-PL\"}]}<\/script>\n<!-- \/ Yoast SEO plugin. -->","yoast_head_json":{"title":"Podk\u0142adka z w\u00f3knobetonu \u2013 dreikant wkl\u0119s\u0142y BDK Podk\u0142adki","description":"Element dystansowy z betonu zbrojonego w\u0142\u00f3knem w postaci wkl\u0119s\u0142ego tr\u00f3jk\u0105ta. Listwy d\u0142ugo\u015bci 100 cm. Przeznaczone dla \u015brednio ci\u0119\u017ckiego zbrojenia poziomego.","robots":{"index":"noindex","follow":"follow","max-snippet":"max-snippet:-1","max-image-preview":"max-image-preview:large","max-video-preview":"max-video-preview:-1"},"og_locale":"pl_PL","og_type":"article","og_title":"Podk\u0142adka z w\u00f3knobetonu \u2013 dreikant wkl\u0119s\u0142y BDK Podk\u0142adki","og_description":"Element dystansowy z betonu zbrojonego w\u0142\u00f3knem w postaci wkl\u0119s\u0142ego tr\u00f3jk\u0105ta. Listwy d\u0142ugo\u015bci 100 cm. Przeznaczone dla \u015brednio ci\u0119\u017ckiego zbrojenia poziomego.","og_url":"https:\/\/ugwp.cfolks.pl\/bwb\/produkt\/podkladka-z-wloknobetonu-bdk-dreikant-wklesly\/","og_site_name":"BWB technology","article_modified_time":"2023-09-12T05:30:50+00:00","og_image":[{"width":1100,"height":810,"url":"https:\/\/ugwp.cfolks.pl\/bwb\/wp-content\/uploads\/Podkladka-z-woknobetonu-\u2013-dreikant-wklesly-BDK.jpg","type":"image\/jpeg"}],"twitter_card":"summary_large_image","schema":{"@context":"https:\/\/schema.org","@graph":[{"@type":"WebPage","@id":"https:\/\/ugwp.cfolks.pl\/bwb\/produkt\/podkladka-z-wloknobetonu-bdk-dreikant-wklesly\/","url":"https:\/\/ugwp.cfolks.pl\/bwb\/produkt\/podkladka-z-wloknobetonu-bdk-dreikant-wklesly\/","name":"Podk\u0142adka z w\u00f3knobetonu \u2013 dreikant wkl\u0119s\u0142y BDK Podk\u0142adki","isPartOf":{"@id":"https:\/\/ugwp.cfolks.pl\/bwb\/#website"},"primaryImageOfPage":{"@id":"https:\/\/ugwp.cfolks.pl\/bwb\/produkt\/podkladka-z-wloknobetonu-bdk-dreikant-wklesly\/#primaryimage"},"image":{"@id":"https:\/\/ugwp.cfolks.pl\/bwb\/produkt\/podkladka-z-wloknobetonu-bdk-dreikant-wklesly\/#primaryimage"},"thumbnailUrl":"https:\/\/ugwp.cfolks.pl\/bwb\/wp-content\/uploads\/Podkladka-z-woknobetonu-\u2013-dreikant-wklesly-BDK.jpg","datePublished":"2022-11-26T11:32:38+00:00","dateModified":"2023-09-12T05:30:50+00:00","description":"Element dystansowy z betonu zbrojonego w\u0142\u00f3knem w postaci wkl\u0119s\u0142ego tr\u00f3jk\u0105ta. Listwy d\u0142ugo\u015bci 100 cm. Przeznaczone dla \u015brednio ci\u0119\u017ckiego zbrojenia poziomego.","breadcrumb":{"@id":"https:\/\/ugwp.cfolks.pl\/bwb\/produkt\/podkladka-z-wloknobetonu-bdk-dreikant-wklesly\/#breadcrumb"},"inLanguage":"pl-PL","potentialAction":[{"@type":"ReadAction","target":["https:\/\/ugwp.cfolks.pl\/bwb\/produkt\/podkladka-z-wloknobetonu-bdk-dreikant-wklesly\/"]}]},{"@type":"ImageObject","inLanguage":"pl-PL","@id":"https:\/\/ugwp.cfolks.pl\/bwb\/produkt\/podkladka-z-wloknobetonu-bdk-dreikant-wklesly\/#primaryimage","url":"https:\/\/ugwp.cfolks.pl\/bwb\/wp-content\/uploads\/Podkladka-z-woknobetonu-\u2013-dreikant-wklesly-BDK.jpg","contentUrl":"https:\/\/ugwp.cfolks.pl\/bwb\/wp-content\/uploads\/Podkladka-z-woknobetonu-\u2013-dreikant-wklesly-BDK.jpg","width":1100,"height":810,"caption":"Podk\u0142adka z w\u0142\u00f3knobetonu \u2013 BDK dreikant wkl\u0119s\u0142y"},{"@type":"BreadcrumbList","@id":"https:\/\/ugwp.cfolks.pl\/bwb\/produkt\/podkladka-z-wloknobetonu-bdk-dreikant-wklesly\/#breadcrumb","itemListElement":[{"@type":"ListItem","position":1,"name":"Strona g\u0142\u00f3wna","item":"https:\/\/ugwp.cfolks.pl\/bwb\/"},{"@type":"ListItem","position":2,"name":"Podk\u0142adki Dystansowe","item":"https:\/\/ugwp.cfolks.pl\/bwb\/kategoria\/podkladki-dystansowe\/"},{"@type":"ListItem","position":3,"name":"Podk\u0142adki betonowe liniowe","item":"https:\/\/ugwp.cfolks.pl\/bwb\/kategoria\/podkladki-dystansowe\/podkladki-betonowe-liniowe\/"},{"@type":"ListItem","position":4,"name":"Podk\u0142adka z w\u0142\u00f3knobetonu \u2013 BDK dreikant wkl\u0119s\u0142y"}]},{"@type":"WebSite","@id":"https:\/\/ugwp.cfolks.pl\/bwb\/#website","url":"https:\/\/ugwp.cfolks.pl\/bwb\/","name":"BWB technology","description":"Kolejna witryna oparta na WordPressie","potentialAction":[{"@type":"SearchAction","target":{"@type":"EntryPoint","urlTemplate":"https:\/\/ugwp.cfolks.pl\/bwb\/?s={search_term_string}"},"query-input":{"@type":"PropertyValueSpecification","valueRequired":true,"valueName":"search_term_string"}}],"inLanguage":"pl-PL"}]}},"_links":{"self":[{"href":"https:\/\/ugwp.cfolks.pl\/bwb\/wp-json\/wp\/v2\/product\/2597","targetHints":{"allow":["GET"]}}],"collection":[{"href":"https:\/\/ugwp.cfolks.pl\/bwb\/wp-json\/wp\/v2\/product"}],"about":[{"href":"https:\/\/ugwp.cfolks.pl\/bwb\/wp-json\/wp\/v2\/types\/product"}],"wp:featuredmedia":[{"embeddable":true,"href":"https:\/\/ugwp.cfolks.pl\/bwb\/wp-json\/wp\/v2\/media\/3863"}],"wp:attachment":[{"href":"https:\/\/ugwp.cfolks.pl\/bwb\/wp-json\/wp\/v2\/media?parent=2597"}],"wp:term":[{"taxonomy":"product_cat","embeddable":true,"href":"https:\/\/ugwp.cfolks.pl\/bwb\/wp-json\/wp\/v2\/product_cat?post=2597"},{"taxonomy":"product_tag","embeddable":true,"href":"https:\/\/ugwp.cfolks.pl\/bwb\/wp-json\/wp\/v2\/product_tag?post=2597"}],"curies":[{"name":"wp","href":"https:\/\/api.w.org\/{rel}","templated":true}]}}