{"id":2574,"date":"2022-11-26T09:23:18","date_gmt":"2022-11-26T08:23:18","guid":{"rendered":"https:\/\/ugwp.cfolks.pl\/bwb\/?post_type=product&#038;p=2574"},"modified":"2024-06-15T01:20:40","modified_gmt":"2024-06-14T23:20:40","slug":"podkladka-betonowa-punktowa-gbafk","status":"publish","type":"product","link":"https:\/\/ugwp.cfolks.pl\/bwb\/produkt\/podkladka-betonowa-punktowa-gbafk\/","title":{"rendered":"Podk\u0142adka betonowa punktowa \u2013 GBAFK"},"content":{"rendered":"","protected":false},"excerpt":{"rendered":"<ul>\n<li>Element dystansowy z betonu z klipsem monta\u017cowym PVC typu &#8222;lotka&#8221;<\/li>\n<li>Z 3 lub 4 n\u00f3\u017ckami dla minimalnego kontaktu z szalunkiem<\/li>\n<li>Do zbrojenia pionowego<\/li>\n<li>Certyfikat na zapytanie<\/li>\n<\/ul>\n","protected":false},"featured_media":5298,"template":"","meta":{"_acf_changed":false},"product_cat":[151],"product_tag":[],"class_list":{"0":"post-2574","1":"product","2":"type-product","3":"status-publish","4":"has-post-thumbnail","6":"product_cat-podkladki-betonowe-punktowe","8":"first","9":"instock","10":"shipping-taxable","11":"product-type-simple"},"acf":[],"yoast_head":"<!-- This site is optimized with the Yoast SEO plugin v27.3 - https:\/\/yoast.com\/product\/yoast-seo-wordpress\/ -->\n<title>Podk\u0142adka Betonowa Punktowa \u2013 GBAFK Wysoka Jako\u015b\u0107<\/title>\n<meta name=\"description\" content=\"Element dystansowy z betonu z klipsem monta\u017cowym PVC typu \u201elotka\u201d. Z 3 lub 4 n\u00f3\u017ckami dla minimalnego kontaktu z szalunkiem. Do zbrojenia pionowego.\" \/>\n<meta name=\"robots\" content=\"noindex, follow, max-snippet:-1, max-image-preview:large, max-video-preview:-1\" \/>\n<meta property=\"og:locale\" content=\"pl_PL\" \/>\n<meta property=\"og:type\" content=\"article\" \/>\n<meta property=\"og:title\" content=\"Podk\u0142adka Betonowa Punktowa \u2013 GBAFK Wysoka Jako\u015b\u0107\" \/>\n<meta property=\"og:description\" content=\"Element dystansowy z betonu z klipsem monta\u017cowym PVC typu \u201elotka\u201d. Z 3 lub 4 n\u00f3\u017ckami dla minimalnego kontaktu z szalunkiem. Do zbrojenia pionowego.\" \/>\n<meta property=\"og:url\" content=\"https:\/\/ugwp.cfolks.pl\/bwb\/produkt\/podkladka-betonowa-punktowa-gbafk\/\" \/>\n<meta property=\"og:site_name\" content=\"BWB technology\" \/>\n<meta property=\"article:modified_time\" content=\"2024-06-14T23:20:40+00:00\" \/>\n<meta property=\"og:image\" content=\"https:\/\/ugwp.cfolks.pl\/bwb\/wp-content\/uploads\/Podkladka-betonowa-punktowa-\u2013-GBAFK-\u2013-wersja-pierwsza.jpg\" \/>\n\t<meta property=\"og:image:width\" content=\"1100\" \/>\n\t<meta property=\"og:image:height\" content=\"810\" \/>\n\t<meta property=\"og:image:type\" content=\"image\/jpeg\" \/>\n<meta name=\"twitter:card\" content=\"summary_large_image\" \/>\n<meta name=\"twitter:label1\" content=\"Szacowany czas czytania\" \/>\n\t<meta name=\"twitter:data1\" content=\"1 minuta\" \/>\n<script type=\"application\/ld+json\" class=\"yoast-schema-graph\">{\"@context\":\"https:\\\/\\\/schema.org\",\"@graph\":[{\"@type\":\"WebPage\",\"@id\":\"https:\\\/\\\/ugwp.cfolks.pl\\\/bwb\\\/produkt\\\/podkladka-betonowa-punktowa-gbafk\\\/\",\"url\":\"https:\\\/\\\/ugwp.cfolks.pl\\\/bwb\\\/produkt\\\/podkladka-betonowa-punktowa-gbafk\\\/\",\"name\":\"Podk\u0142adka Betonowa Punktowa \u2013 GBAFK Wysoka Jako\u015b\u0107\",\"isPartOf\":{\"@id\":\"https:\\\/\\\/ugwp.cfolks.pl\\\/bwb\\\/#website\"},\"primaryImageOfPage\":{\"@id\":\"https:\\\/\\\/ugwp.cfolks.pl\\\/bwb\\\/produkt\\\/podkladka-betonowa-punktowa-gbafk\\\/#primaryimage\"},\"image\":{\"@id\":\"https:\\\/\\\/ugwp.cfolks.pl\\\/bwb\\\/produkt\\\/podkladka-betonowa-punktowa-gbafk\\\/#primaryimage\"},\"thumbnailUrl\":\"https:\\\/\\\/ugwp.cfolks.pl\\\/bwb\\\/wp-content\\\/uploads\\\/Podkladka-betonowa-punktowa-\u2013-GBAFK-\u2013-wersja-pierwsza.jpg\",\"datePublished\":\"2022-11-26T08:23:18+00:00\",\"dateModified\":\"2024-06-14T23:20:40+00:00\",\"description\":\"Element dystansowy z betonu z klipsem monta\u017cowym PVC typu \u201elotka\u201d. Z 3 lub 4 n\u00f3\u017ckami dla minimalnego kontaktu z szalunkiem. Do zbrojenia pionowego.\",\"breadcrumb\":{\"@id\":\"https:\\\/\\\/ugwp.cfolks.pl\\\/bwb\\\/produkt\\\/podkladka-betonowa-punktowa-gbafk\\\/#breadcrumb\"},\"inLanguage\":\"pl-PL\",\"potentialAction\":[{\"@type\":\"ReadAction\",\"target\":[\"https:\\\/\\\/ugwp.cfolks.pl\\\/bwb\\\/produkt\\\/podkladka-betonowa-punktowa-gbafk\\\/\"]}]},{\"@type\":\"ImageObject\",\"inLanguage\":\"pl-PL\",\"@id\":\"https:\\\/\\\/ugwp.cfolks.pl\\\/bwb\\\/produkt\\\/podkladka-betonowa-punktowa-gbafk\\\/#primaryimage\",\"url\":\"https:\\\/\\\/ugwp.cfolks.pl\\\/bwb\\\/wp-content\\\/uploads\\\/Podkladka-betonowa-punktowa-\u2013-GBAFK-\u2013-wersja-pierwsza.jpg\",\"contentUrl\":\"https:\\\/\\\/ugwp.cfolks.pl\\\/bwb\\\/wp-content\\\/uploads\\\/Podkladka-betonowa-punktowa-\u2013-GBAFK-\u2013-wersja-pierwsza.jpg\",\"width\":1100,\"height\":810,\"caption\":\"Podk\u0142adka betonowa punktowa \u2013 GBAFK \u2013 wersja pierwsza\"},{\"@type\":\"BreadcrumbList\",\"@id\":\"https:\\\/\\\/ugwp.cfolks.pl\\\/bwb\\\/produkt\\\/podkladka-betonowa-punktowa-gbafk\\\/#breadcrumb\",\"itemListElement\":[{\"@type\":\"ListItem\",\"position\":1,\"name\":\"Strona g\u0142\u00f3wna\",\"item\":\"https:\\\/\\\/ugwp.cfolks.pl\\\/bwb\\\/\"},{\"@type\":\"ListItem\",\"position\":2,\"name\":\"Podk\u0142adki Dystansowe\",\"item\":\"https:\\\/\\\/ugwp.cfolks.pl\\\/bwb\\\/kategoria\\\/podkladki-dystansowe\\\/\"},{\"@type\":\"ListItem\",\"position\":3,\"name\":\"Podk\u0142adki betonowe punktowe\",\"item\":\"https:\\\/\\\/ugwp.cfolks.pl\\\/bwb\\\/kategoria\\\/podkladki-dystansowe\\\/podkladki-betonowe-punktowe\\\/\"},{\"@type\":\"ListItem\",\"position\":4,\"name\":\"Podk\u0142adka betonowa punktowa \u2013 GBAFK\"}]},{\"@type\":\"WebSite\",\"@id\":\"https:\\\/\\\/ugwp.cfolks.pl\\\/bwb\\\/#website\",\"url\":\"https:\\\/\\\/ugwp.cfolks.pl\\\/bwb\\\/\",\"name\":\"BWB technology\",\"description\":\"Kolejna witryna oparta na WordPressie\",\"potentialAction\":[{\"@type\":\"SearchAction\",\"target\":{\"@type\":\"EntryPoint\",\"urlTemplate\":\"https:\\\/\\\/ugwp.cfolks.pl\\\/bwb\\\/?s={search_term_string}\"},\"query-input\":{\"@type\":\"PropertyValueSpecification\",\"valueRequired\":true,\"valueName\":\"search_term_string\"}}],\"inLanguage\":\"pl-PL\"}]}<\/script>\n<!-- \/ Yoast SEO plugin. -->","yoast_head_json":{"title":"Podk\u0142adka Betonowa Punktowa \u2013 GBAFK Wysoka Jako\u015b\u0107","description":"Element dystansowy z betonu z klipsem monta\u017cowym PVC typu \u201elotka\u201d. Z 3 lub 4 n\u00f3\u017ckami dla minimalnego kontaktu z szalunkiem. Do zbrojenia pionowego.","robots":{"index":"noindex","follow":"follow","max-snippet":"max-snippet:-1","max-image-preview":"max-image-preview:large","max-video-preview":"max-video-preview:-1"},"og_locale":"pl_PL","og_type":"article","og_title":"Podk\u0142adka Betonowa Punktowa \u2013 GBAFK Wysoka Jako\u015b\u0107","og_description":"Element dystansowy z betonu z klipsem monta\u017cowym PVC typu \u201elotka\u201d. Z 3 lub 4 n\u00f3\u017ckami dla minimalnego kontaktu z szalunkiem. Do zbrojenia pionowego.","og_url":"https:\/\/ugwp.cfolks.pl\/bwb\/produkt\/podkladka-betonowa-punktowa-gbafk\/","og_site_name":"BWB technology","article_modified_time":"2024-06-14T23:20:40+00:00","og_image":[{"width":1100,"height":810,"url":"https:\/\/ugwp.cfolks.pl\/bwb\/wp-content\/uploads\/Podkladka-betonowa-punktowa-\u2013-GBAFK-\u2013-wersja-pierwsza.jpg","type":"image\/jpeg"}],"twitter_card":"summary_large_image","twitter_misc":{"Szacowany czas czytania":"1 minuta"},"schema":{"@context":"https:\/\/schema.org","@graph":[{"@type":"WebPage","@id":"https:\/\/ugwp.cfolks.pl\/bwb\/produkt\/podkladka-betonowa-punktowa-gbafk\/","url":"https:\/\/ugwp.cfolks.pl\/bwb\/produkt\/podkladka-betonowa-punktowa-gbafk\/","name":"Podk\u0142adka Betonowa Punktowa \u2013 GBAFK Wysoka Jako\u015b\u0107","isPartOf":{"@id":"https:\/\/ugwp.cfolks.pl\/bwb\/#website"},"primaryImageOfPage":{"@id":"https:\/\/ugwp.cfolks.pl\/bwb\/produkt\/podkladka-betonowa-punktowa-gbafk\/#primaryimage"},"image":{"@id":"https:\/\/ugwp.cfolks.pl\/bwb\/produkt\/podkladka-betonowa-punktowa-gbafk\/#primaryimage"},"thumbnailUrl":"https:\/\/ugwp.cfolks.pl\/bwb\/wp-content\/uploads\/Podkladka-betonowa-punktowa-\u2013-GBAFK-\u2013-wersja-pierwsza.jpg","datePublished":"2022-11-26T08:23:18+00:00","dateModified":"2024-06-14T23:20:40+00:00","description":"Element dystansowy z betonu z klipsem monta\u017cowym PVC typu \u201elotka\u201d. Z 3 lub 4 n\u00f3\u017ckami dla minimalnego kontaktu z szalunkiem. Do zbrojenia pionowego.","breadcrumb":{"@id":"https:\/\/ugwp.cfolks.pl\/bwb\/produkt\/podkladka-betonowa-punktowa-gbafk\/#breadcrumb"},"inLanguage":"pl-PL","potentialAction":[{"@type":"ReadAction","target":["https:\/\/ugwp.cfolks.pl\/bwb\/produkt\/podkladka-betonowa-punktowa-gbafk\/"]}]},{"@type":"ImageObject","inLanguage":"pl-PL","@id":"https:\/\/ugwp.cfolks.pl\/bwb\/produkt\/podkladka-betonowa-punktowa-gbafk\/#primaryimage","url":"https:\/\/ugwp.cfolks.pl\/bwb\/wp-content\/uploads\/Podkladka-betonowa-punktowa-\u2013-GBAFK-\u2013-wersja-pierwsza.jpg","contentUrl":"https:\/\/ugwp.cfolks.pl\/bwb\/wp-content\/uploads\/Podkladka-betonowa-punktowa-\u2013-GBAFK-\u2013-wersja-pierwsza.jpg","width":1100,"height":810,"caption":"Podk\u0142adka betonowa punktowa \u2013 GBAFK \u2013 wersja pierwsza"},{"@type":"BreadcrumbList","@id":"https:\/\/ugwp.cfolks.pl\/bwb\/produkt\/podkladka-betonowa-punktowa-gbafk\/#breadcrumb","itemListElement":[{"@type":"ListItem","position":1,"name":"Strona g\u0142\u00f3wna","item":"https:\/\/ugwp.cfolks.pl\/bwb\/"},{"@type":"ListItem","position":2,"name":"Podk\u0142adki Dystansowe","item":"https:\/\/ugwp.cfolks.pl\/bwb\/kategoria\/podkladki-dystansowe\/"},{"@type":"ListItem","position":3,"name":"Podk\u0142adki betonowe punktowe","item":"https:\/\/ugwp.cfolks.pl\/bwb\/kategoria\/podkladki-dystansowe\/podkladki-betonowe-punktowe\/"},{"@type":"ListItem","position":4,"name":"Podk\u0142adka betonowa punktowa \u2013 GBAFK"}]},{"@type":"WebSite","@id":"https:\/\/ugwp.cfolks.pl\/bwb\/#website","url":"https:\/\/ugwp.cfolks.pl\/bwb\/","name":"BWB technology","description":"Kolejna witryna oparta na WordPressie","potentialAction":[{"@type":"SearchAction","target":{"@type":"EntryPoint","urlTemplate":"https:\/\/ugwp.cfolks.pl\/bwb\/?s={search_term_string}"},"query-input":{"@type":"PropertyValueSpecification","valueRequired":true,"valueName":"search_term_string"}}],"inLanguage":"pl-PL"}]}},"_links":{"self":[{"href":"https:\/\/ugwp.cfolks.pl\/bwb\/wp-json\/wp\/v2\/product\/2574","targetHints":{"allow":["GET"]}}],"collection":[{"href":"https:\/\/ugwp.cfolks.pl\/bwb\/wp-json\/wp\/v2\/product"}],"about":[{"href":"https:\/\/ugwp.cfolks.pl\/bwb\/wp-json\/wp\/v2\/types\/product"}],"wp:featuredmedia":[{"embeddable":true,"href":"https:\/\/ugwp.cfolks.pl\/bwb\/wp-json\/wp\/v2\/media\/5298"}],"wp:attachment":[{"href":"https:\/\/ugwp.cfolks.pl\/bwb\/wp-json\/wp\/v2\/media?parent=2574"}],"wp:term":[{"taxonomy":"product_cat","embeddable":true,"href":"https:\/\/ugwp.cfolks.pl\/bwb\/wp-json\/wp\/v2\/product_cat?post=2574"},{"taxonomy":"product_tag","embeddable":true,"href":"https:\/\/ugwp.cfolks.pl\/bwb\/wp-json\/wp\/v2\/product_tag?post=2574"}],"curies":[{"name":"wp","href":"https:\/\/api.w.org\/{rel}","templated":true}]}}