{"id":2572,"date":"2022-11-26T09:23:06","date_gmt":"2022-11-26T08:23:06","guid":{"rendered":"https:\/\/ugwp.cfolks.pl\/bwb\/?post_type=product&#038;p=2572"},"modified":"2024-10-30T14:33:16","modified_gmt":"2024-10-30T13:33:16","slug":"aa-kopia-kopia","status":"publish","type":"product","link":"https:\/\/ugwp.cfolks.pl\/bwb\/produkt\/aa-kopia-kopia\/","title":{"rendered":"Podk\u0142adka betonowa punktowa \u2013 BK P-DP"},"content":{"rendered":"","protected":false},"excerpt":{"rendered":"<ul>\n<li>Element dystansowy z betonu z drutem wi\u0105za\u0142kowym w formie p\u0119telki<\/li>\n<li>Podk\u0142adki wykonane zgodnie z norm\u0105 PN-EN 206-1:2003<\/li>\n<li>Podk\u0142adki przeznaczone zar\u00f3wno do zbrojenia poziomego jak i pionowego<\/li>\n<li>Nie zawieraj\u0105 azbestu<\/li>\n<li>Klasa betonu C 35\/45, wodoszczelno\u015b\u0107 W8, nasi\u0105kliwo\u015b\u0107 poni\u017cej 4%, mrozoodporno\u015b\u0107 F150<\/li>\n<li>Idealne do powierzchni z betonu architektonicznego<\/li>\n<li>Inne wymiary na zapytanie<\/li>\n<\/ul>\n","protected":false},"featured_media":6931,"template":"","meta":{"_acf_changed":false},"product_cat":[151],"product_tag":[],"class_list":{"0":"post-2572","1":"product","2":"type-product","3":"status-publish","4":"has-post-thumbnail","6":"product_cat-podkladki-betonowe-punktowe","8":"first","9":"instock","10":"shipping-taxable","11":"product-type-simple"},"acf":[],"yoast_head":"<!-- This site is optimized with the Yoast SEO plugin v27.3 - https:\/\/yoast.com\/product\/yoast-seo-wordpress\/ -->\n<title>Podk\u0142adka Betonowa Punktowa \u2013 BK P-DP Zbrojenia Do Betonu<\/title>\n<meta name=\"description\" content=\"Element dystansowy z betonu z drutem wi\u0105za\u0142kowym w formie p\u0119telki. Podk\u0142adki wykonane zgodnie z norm\u0105 PN-EN 206-1:2003. Nie zawieraj\u0105 azbestu.\" \/>\n<meta name=\"robots\" content=\"noindex, follow, max-snippet:-1, max-image-preview:large, max-video-preview:-1\" \/>\n<meta property=\"og:locale\" content=\"pl_PL\" \/>\n<meta property=\"og:type\" content=\"article\" \/>\n<meta property=\"og:title\" content=\"Podk\u0142adka Betonowa Punktowa \u2013 BK P-DP Zbrojenia Do Betonu\" \/>\n<meta property=\"og:description\" content=\"Element dystansowy z betonu z drutem wi\u0105za\u0142kowym w formie p\u0119telki. Podk\u0142adki wykonane zgodnie z norm\u0105 PN-EN 206-1:2003. Nie zawieraj\u0105 azbestu.\" \/>\n<meta property=\"og:url\" content=\"https:\/\/ugwp.cfolks.pl\/bwb\/produkt\/aa-kopia-kopia\/\" \/>\n<meta property=\"og:site_name\" content=\"BWB technology\" \/>\n<meta property=\"article:modified_time\" content=\"2024-10-30T13:33:16+00:00\" \/>\n<meta property=\"og:image\" content=\"https:\/\/ugwp.cfolks.pl\/bwb\/wp-content\/uploads\/Podkladka-betonowa-punktowa-\u2013-BK-P-DP.jpg\" \/>\n\t<meta property=\"og:image:width\" content=\"1100\" \/>\n\t<meta property=\"og:image:height\" content=\"810\" \/>\n\t<meta property=\"og:image:type\" content=\"image\/jpeg\" \/>\n<meta name=\"twitter:card\" content=\"summary_large_image\" \/>\n<meta name=\"twitter:label1\" content=\"Szacowany czas czytania\" \/>\n\t<meta name=\"twitter:data1\" content=\"1 minuta\" \/>\n<script type=\"application\/ld+json\" class=\"yoast-schema-graph\">{\"@context\":\"https:\\\/\\\/schema.org\",\"@graph\":[{\"@type\":\"WebPage\",\"@id\":\"https:\\\/\\\/ugwp.cfolks.pl\\\/bwb\\\/produkt\\\/aa-kopia-kopia\\\/\",\"url\":\"https:\\\/\\\/ugwp.cfolks.pl\\\/bwb\\\/produkt\\\/aa-kopia-kopia\\\/\",\"name\":\"Podk\u0142adka Betonowa Punktowa \u2013 BK P-DP Zbrojenia Do Betonu\",\"isPartOf\":{\"@id\":\"https:\\\/\\\/ugwp.cfolks.pl\\\/bwb\\\/#website\"},\"primaryImageOfPage\":{\"@id\":\"https:\\\/\\\/ugwp.cfolks.pl\\\/bwb\\\/produkt\\\/aa-kopia-kopia\\\/#primaryimage\"},\"image\":{\"@id\":\"https:\\\/\\\/ugwp.cfolks.pl\\\/bwb\\\/produkt\\\/aa-kopia-kopia\\\/#primaryimage\"},\"thumbnailUrl\":\"https:\\\/\\\/ugwp.cfolks.pl\\\/bwb\\\/wp-content\\\/uploads\\\/Podkladka-betonowa-punktowa-\u2013-BK-P-DP.jpg\",\"datePublished\":\"2022-11-26T08:23:06+00:00\",\"dateModified\":\"2024-10-30T13:33:16+00:00\",\"description\":\"Element dystansowy z betonu z drutem wi\u0105za\u0142kowym w formie p\u0119telki. Podk\u0142adki wykonane zgodnie z norm\u0105 PN-EN 206-1:2003. Nie zawieraj\u0105 azbestu.\",\"breadcrumb\":{\"@id\":\"https:\\\/\\\/ugwp.cfolks.pl\\\/bwb\\\/produkt\\\/aa-kopia-kopia\\\/#breadcrumb\"},\"inLanguage\":\"pl-PL\",\"potentialAction\":[{\"@type\":\"ReadAction\",\"target\":[\"https:\\\/\\\/ugwp.cfolks.pl\\\/bwb\\\/produkt\\\/aa-kopia-kopia\\\/\"]}]},{\"@type\":\"ImageObject\",\"inLanguage\":\"pl-PL\",\"@id\":\"https:\\\/\\\/ugwp.cfolks.pl\\\/bwb\\\/produkt\\\/aa-kopia-kopia\\\/#primaryimage\",\"url\":\"https:\\\/\\\/ugwp.cfolks.pl\\\/bwb\\\/wp-content\\\/uploads\\\/Podkladka-betonowa-punktowa-\u2013-BK-P-DP.jpg\",\"contentUrl\":\"https:\\\/\\\/ugwp.cfolks.pl\\\/bwb\\\/wp-content\\\/uploads\\\/Podkladka-betonowa-punktowa-\u2013-BK-P-DP.jpg\",\"width\":1100,\"height\":810,\"caption\":\"Podk\u0142adka betonowa punktowa \u2013 BK P-DP\"},{\"@type\":\"BreadcrumbList\",\"@id\":\"https:\\\/\\\/ugwp.cfolks.pl\\\/bwb\\\/produkt\\\/aa-kopia-kopia\\\/#breadcrumb\",\"itemListElement\":[{\"@type\":\"ListItem\",\"position\":1,\"name\":\"Strona g\u0142\u00f3wna\",\"item\":\"https:\\\/\\\/ugwp.cfolks.pl\\\/bwb\\\/\"},{\"@type\":\"ListItem\",\"position\":2,\"name\":\"Podk\u0142adki Dystansowe\",\"item\":\"https:\\\/\\\/ugwp.cfolks.pl\\\/bwb\\\/kategoria\\\/podkladki-dystansowe\\\/\"},{\"@type\":\"ListItem\",\"position\":3,\"name\":\"Podk\u0142adki betonowe punktowe\",\"item\":\"https:\\\/\\\/ugwp.cfolks.pl\\\/bwb\\\/kategoria\\\/podkladki-dystansowe\\\/podkladki-betonowe-punktowe\\\/\"},{\"@type\":\"ListItem\",\"position\":4,\"name\":\"Podk\u0142adka betonowa punktowa \u2013 BK P-DP\"}]},{\"@type\":\"WebSite\",\"@id\":\"https:\\\/\\\/ugwp.cfolks.pl\\\/bwb\\\/#website\",\"url\":\"https:\\\/\\\/ugwp.cfolks.pl\\\/bwb\\\/\",\"name\":\"BWB technology\",\"description\":\"Kolejna witryna oparta na WordPressie\",\"potentialAction\":[{\"@type\":\"SearchAction\",\"target\":{\"@type\":\"EntryPoint\",\"urlTemplate\":\"https:\\\/\\\/ugwp.cfolks.pl\\\/bwb\\\/?s={search_term_string}\"},\"query-input\":{\"@type\":\"PropertyValueSpecification\",\"valueRequired\":true,\"valueName\":\"search_term_string\"}}],\"inLanguage\":\"pl-PL\"}]}<\/script>\n<!-- \/ Yoast SEO plugin. -->","yoast_head_json":{"title":"Podk\u0142adka Betonowa Punktowa \u2013 BK P-DP Zbrojenia Do Betonu","description":"Element dystansowy z betonu z drutem wi\u0105za\u0142kowym w formie p\u0119telki. Podk\u0142adki wykonane zgodnie z norm\u0105 PN-EN 206-1:2003. Nie zawieraj\u0105 azbestu.","robots":{"index":"noindex","follow":"follow","max-snippet":"max-snippet:-1","max-image-preview":"max-image-preview:large","max-video-preview":"max-video-preview:-1"},"og_locale":"pl_PL","og_type":"article","og_title":"Podk\u0142adka Betonowa Punktowa \u2013 BK P-DP Zbrojenia Do Betonu","og_description":"Element dystansowy z betonu z drutem wi\u0105za\u0142kowym w formie p\u0119telki. Podk\u0142adki wykonane zgodnie z norm\u0105 PN-EN 206-1:2003. Nie zawieraj\u0105 azbestu.","og_url":"https:\/\/ugwp.cfolks.pl\/bwb\/produkt\/aa-kopia-kopia\/","og_site_name":"BWB technology","article_modified_time":"2024-10-30T13:33:16+00:00","og_image":[{"width":1100,"height":810,"url":"https:\/\/ugwp.cfolks.pl\/bwb\/wp-content\/uploads\/Podkladka-betonowa-punktowa-\u2013-BK-P-DP.jpg","type":"image\/jpeg"}],"twitter_card":"summary_large_image","twitter_misc":{"Szacowany czas czytania":"1 minuta"},"schema":{"@context":"https:\/\/schema.org","@graph":[{"@type":"WebPage","@id":"https:\/\/ugwp.cfolks.pl\/bwb\/produkt\/aa-kopia-kopia\/","url":"https:\/\/ugwp.cfolks.pl\/bwb\/produkt\/aa-kopia-kopia\/","name":"Podk\u0142adka Betonowa Punktowa \u2013 BK P-DP Zbrojenia Do Betonu","isPartOf":{"@id":"https:\/\/ugwp.cfolks.pl\/bwb\/#website"},"primaryImageOfPage":{"@id":"https:\/\/ugwp.cfolks.pl\/bwb\/produkt\/aa-kopia-kopia\/#primaryimage"},"image":{"@id":"https:\/\/ugwp.cfolks.pl\/bwb\/produkt\/aa-kopia-kopia\/#primaryimage"},"thumbnailUrl":"https:\/\/ugwp.cfolks.pl\/bwb\/wp-content\/uploads\/Podkladka-betonowa-punktowa-\u2013-BK-P-DP.jpg","datePublished":"2022-11-26T08:23:06+00:00","dateModified":"2024-10-30T13:33:16+00:00","description":"Element dystansowy z betonu z drutem wi\u0105za\u0142kowym w formie p\u0119telki. Podk\u0142adki wykonane zgodnie z norm\u0105 PN-EN 206-1:2003. Nie zawieraj\u0105 azbestu.","breadcrumb":{"@id":"https:\/\/ugwp.cfolks.pl\/bwb\/produkt\/aa-kopia-kopia\/#breadcrumb"},"inLanguage":"pl-PL","potentialAction":[{"@type":"ReadAction","target":["https:\/\/ugwp.cfolks.pl\/bwb\/produkt\/aa-kopia-kopia\/"]}]},{"@type":"ImageObject","inLanguage":"pl-PL","@id":"https:\/\/ugwp.cfolks.pl\/bwb\/produkt\/aa-kopia-kopia\/#primaryimage","url":"https:\/\/ugwp.cfolks.pl\/bwb\/wp-content\/uploads\/Podkladka-betonowa-punktowa-\u2013-BK-P-DP.jpg","contentUrl":"https:\/\/ugwp.cfolks.pl\/bwb\/wp-content\/uploads\/Podkladka-betonowa-punktowa-\u2013-BK-P-DP.jpg","width":1100,"height":810,"caption":"Podk\u0142adka betonowa punktowa \u2013 BK P-DP"},{"@type":"BreadcrumbList","@id":"https:\/\/ugwp.cfolks.pl\/bwb\/produkt\/aa-kopia-kopia\/#breadcrumb","itemListElement":[{"@type":"ListItem","position":1,"name":"Strona g\u0142\u00f3wna","item":"https:\/\/ugwp.cfolks.pl\/bwb\/"},{"@type":"ListItem","position":2,"name":"Podk\u0142adki Dystansowe","item":"https:\/\/ugwp.cfolks.pl\/bwb\/kategoria\/podkladki-dystansowe\/"},{"@type":"ListItem","position":3,"name":"Podk\u0142adki betonowe punktowe","item":"https:\/\/ugwp.cfolks.pl\/bwb\/kategoria\/podkladki-dystansowe\/podkladki-betonowe-punktowe\/"},{"@type":"ListItem","position":4,"name":"Podk\u0142adka betonowa punktowa \u2013 BK P-DP"}]},{"@type":"WebSite","@id":"https:\/\/ugwp.cfolks.pl\/bwb\/#website","url":"https:\/\/ugwp.cfolks.pl\/bwb\/","name":"BWB technology","description":"Kolejna witryna oparta na WordPressie","potentialAction":[{"@type":"SearchAction","target":{"@type":"EntryPoint","urlTemplate":"https:\/\/ugwp.cfolks.pl\/bwb\/?s={search_term_string}"},"query-input":{"@type":"PropertyValueSpecification","valueRequired":true,"valueName":"search_term_string"}}],"inLanguage":"pl-PL"}]}},"_links":{"self":[{"href":"https:\/\/ugwp.cfolks.pl\/bwb\/wp-json\/wp\/v2\/product\/2572","targetHints":{"allow":["GET"]}}],"collection":[{"href":"https:\/\/ugwp.cfolks.pl\/bwb\/wp-json\/wp\/v2\/product"}],"about":[{"href":"https:\/\/ugwp.cfolks.pl\/bwb\/wp-json\/wp\/v2\/types\/product"}],"wp:featuredmedia":[{"embeddable":true,"href":"https:\/\/ugwp.cfolks.pl\/bwb\/wp-json\/wp\/v2\/media\/6931"}],"wp:attachment":[{"href":"https:\/\/ugwp.cfolks.pl\/bwb\/wp-json\/wp\/v2\/media?parent=2572"}],"wp:term":[{"taxonomy":"product_cat","embeddable":true,"href":"https:\/\/ugwp.cfolks.pl\/bwb\/wp-json\/wp\/v2\/product_cat?post=2572"},{"taxonomy":"product_tag","embeddable":true,"href":"https:\/\/ugwp.cfolks.pl\/bwb\/wp-json\/wp\/v2\/product_tag?post=2572"}],"curies":[{"name":"wp","href":"https:\/\/api.w.org\/{rel}","templated":true}]}}