{"id":2562,"date":"2022-11-26T09:12:33","date_gmt":"2022-11-26T08:12:33","guid":{"rendered":"https:\/\/ugwp.cfolks.pl\/bwb\/?post_type=product&#038;p=2562"},"modified":"2023-09-10T20:15:11","modified_gmt":"2023-09-10T18:15:11","slug":"klin-plastikowy-kk","status":"publish","type":"product","link":"https:\/\/ugwp.cfolks.pl\/bwb\/produkt\/klin-plastikowy-kk\/","title":{"rendered":"Klin plastikowy KK"},"content":{"rendered":"","protected":false},"excerpt":{"rendered":"<ul>\n<li>Klin monta\u017cowy wykonany z tworzywa sztucznego.<\/li>\n<li>Antypo\u015blizgowy dzi\u0119ki pr\u0105\u017ckowanej powierzchni<\/li>\n<li>Przeznaczony r\u00f3wnie\u017c do du\u017cych obci\u0105\u017ce\u0144<\/li>\n<\/ul>\n","protected":false},"featured_media":3873,"template":"","meta":{"_acf_changed":false},"product_cat":[150],"product_tag":[],"class_list":{"0":"post-2562","1":"product","2":"type-product","3":"status-publish","4":"has-post-thumbnail","6":"product_cat-plytki-montazowe","8":"first","9":"instock","10":"shipping-taxable","11":"product-type-simple"},"acf":[],"yoast_head":"<!-- This site is optimized with the Yoast SEO plugin v27.3 - https:\/\/yoast.com\/product\/yoast-seo-wordpress\/ -->\n<title>Klin Plastikowy KK Podk\u0142adki Dystansowe Dobra Cena<\/title>\n<meta name=\"description\" content=\"Klin monta\u017cowy wykonany z tworzywa sztucznego. Antypo\u015blizgowy dzi\u0119ki swojej pr\u0105\u017ckowanej powierzchni. Przeznaczony r\u00f3wnie\u017c do du\u017cych obci\u0105\u017ce\u0144.\" \/>\n<meta name=\"robots\" content=\"noindex, follow, max-snippet:-1, max-image-preview:large, max-video-preview:-1\" \/>\n<meta property=\"og:locale\" content=\"pl_PL\" \/>\n<meta property=\"og:type\" content=\"article\" \/>\n<meta property=\"og:title\" content=\"Klin Plastikowy KK Podk\u0142adki Dystansowe Dobra Cena\" \/>\n<meta property=\"og:description\" content=\"Klin monta\u017cowy wykonany z tworzywa sztucznego. Antypo\u015blizgowy dzi\u0119ki swojej pr\u0105\u017ckowanej powierzchni. Przeznaczony r\u00f3wnie\u017c do du\u017cych obci\u0105\u017ce\u0144.\" \/>\n<meta property=\"og:url\" content=\"https:\/\/ugwp.cfolks.pl\/bwb\/produkt\/klin-plastikowy-kk\/\" \/>\n<meta property=\"og:site_name\" content=\"BWB technology\" \/>\n<meta property=\"article:modified_time\" content=\"2023-09-10T18:15:11+00:00\" \/>\n<meta property=\"og:image\" content=\"https:\/\/ugwp.cfolks.pl\/bwb\/wp-content\/uploads\/Klin-plastikowy-KK.jpg\" \/>\n\t<meta property=\"og:image:width\" content=\"1100\" \/>\n\t<meta property=\"og:image:height\" content=\"810\" \/>\n\t<meta property=\"og:image:type\" content=\"image\/jpeg\" \/>\n<meta name=\"twitter:card\" content=\"summary_large_image\" \/>\n<script type=\"application\/ld+json\" class=\"yoast-schema-graph\">{\"@context\":\"https:\\\/\\\/schema.org\",\"@graph\":[{\"@type\":\"WebPage\",\"@id\":\"https:\\\/\\\/ugwp.cfolks.pl\\\/bwb\\\/produkt\\\/klin-plastikowy-kk\\\/\",\"url\":\"https:\\\/\\\/ugwp.cfolks.pl\\\/bwb\\\/produkt\\\/klin-plastikowy-kk\\\/\",\"name\":\"Klin Plastikowy KK Podk\u0142adki Dystansowe Dobra Cena\",\"isPartOf\":{\"@id\":\"https:\\\/\\\/ugwp.cfolks.pl\\\/bwb\\\/#website\"},\"primaryImageOfPage\":{\"@id\":\"https:\\\/\\\/ugwp.cfolks.pl\\\/bwb\\\/produkt\\\/klin-plastikowy-kk\\\/#primaryimage\"},\"image\":{\"@id\":\"https:\\\/\\\/ugwp.cfolks.pl\\\/bwb\\\/produkt\\\/klin-plastikowy-kk\\\/#primaryimage\"},\"thumbnailUrl\":\"https:\\\/\\\/ugwp.cfolks.pl\\\/bwb\\\/wp-content\\\/uploads\\\/Klin-plastikowy-KK.jpg\",\"datePublished\":\"2022-11-26T08:12:33+00:00\",\"dateModified\":\"2023-09-10T18:15:11+00:00\",\"description\":\"Klin monta\u017cowy wykonany z tworzywa sztucznego. Antypo\u015blizgowy dzi\u0119ki swojej pr\u0105\u017ckowanej powierzchni. Przeznaczony r\u00f3wnie\u017c do du\u017cych obci\u0105\u017ce\u0144.\",\"breadcrumb\":{\"@id\":\"https:\\\/\\\/ugwp.cfolks.pl\\\/bwb\\\/produkt\\\/klin-plastikowy-kk\\\/#breadcrumb\"},\"inLanguage\":\"pl-PL\",\"potentialAction\":[{\"@type\":\"ReadAction\",\"target\":[\"https:\\\/\\\/ugwp.cfolks.pl\\\/bwb\\\/produkt\\\/klin-plastikowy-kk\\\/\"]}]},{\"@type\":\"ImageObject\",\"inLanguage\":\"pl-PL\",\"@id\":\"https:\\\/\\\/ugwp.cfolks.pl\\\/bwb\\\/produkt\\\/klin-plastikowy-kk\\\/#primaryimage\",\"url\":\"https:\\\/\\\/ugwp.cfolks.pl\\\/bwb\\\/wp-content\\\/uploads\\\/Klin-plastikowy-KK.jpg\",\"contentUrl\":\"https:\\\/\\\/ugwp.cfolks.pl\\\/bwb\\\/wp-content\\\/uploads\\\/Klin-plastikowy-KK.jpg\",\"width\":1100,\"height\":810,\"caption\":\"Klin plastikowy KK\"},{\"@type\":\"BreadcrumbList\",\"@id\":\"https:\\\/\\\/ugwp.cfolks.pl\\\/bwb\\\/produkt\\\/klin-plastikowy-kk\\\/#breadcrumb\",\"itemListElement\":[{\"@type\":\"ListItem\",\"position\":1,\"name\":\"Strona g\u0142\u00f3wna\",\"item\":\"https:\\\/\\\/ugwp.cfolks.pl\\\/bwb\\\/\"},{\"@type\":\"ListItem\",\"position\":2,\"name\":\"Podk\u0142adki Dystansowe\",\"item\":\"https:\\\/\\\/ugwp.cfolks.pl\\\/bwb\\\/kategoria\\\/podkladki-dystansowe\\\/\"},{\"@type\":\"ListItem\",\"position\":3,\"name\":\"P\u0142ytki monta\u017cowe\",\"item\":\"https:\\\/\\\/ugwp.cfolks.pl\\\/bwb\\\/kategoria\\\/podkladki-dystansowe\\\/plytki-montazowe\\\/\"},{\"@type\":\"ListItem\",\"position\":4,\"name\":\"Klin plastikowy KK\"}]},{\"@type\":\"WebSite\",\"@id\":\"https:\\\/\\\/ugwp.cfolks.pl\\\/bwb\\\/#website\",\"url\":\"https:\\\/\\\/ugwp.cfolks.pl\\\/bwb\\\/\",\"name\":\"BWB technology\",\"description\":\"Kolejna witryna oparta na WordPressie\",\"potentialAction\":[{\"@type\":\"SearchAction\",\"target\":{\"@type\":\"EntryPoint\",\"urlTemplate\":\"https:\\\/\\\/ugwp.cfolks.pl\\\/bwb\\\/?s={search_term_string}\"},\"query-input\":{\"@type\":\"PropertyValueSpecification\",\"valueRequired\":true,\"valueName\":\"search_term_string\"}}],\"inLanguage\":\"pl-PL\"}]}<\/script>\n<!-- \/ Yoast SEO plugin. -->","yoast_head_json":{"title":"Klin Plastikowy KK Podk\u0142adki Dystansowe Dobra Cena","description":"Klin monta\u017cowy wykonany z tworzywa sztucznego. Antypo\u015blizgowy dzi\u0119ki swojej pr\u0105\u017ckowanej powierzchni. Przeznaczony r\u00f3wnie\u017c do du\u017cych obci\u0105\u017ce\u0144.","robots":{"index":"noindex","follow":"follow","max-snippet":"max-snippet:-1","max-image-preview":"max-image-preview:large","max-video-preview":"max-video-preview:-1"},"og_locale":"pl_PL","og_type":"article","og_title":"Klin Plastikowy KK Podk\u0142adki Dystansowe Dobra Cena","og_description":"Klin monta\u017cowy wykonany z tworzywa sztucznego. Antypo\u015blizgowy dzi\u0119ki swojej pr\u0105\u017ckowanej powierzchni. Przeznaczony r\u00f3wnie\u017c do du\u017cych obci\u0105\u017ce\u0144.","og_url":"https:\/\/ugwp.cfolks.pl\/bwb\/produkt\/klin-plastikowy-kk\/","og_site_name":"BWB technology","article_modified_time":"2023-09-10T18:15:11+00:00","og_image":[{"width":1100,"height":810,"url":"https:\/\/ugwp.cfolks.pl\/bwb\/wp-content\/uploads\/Klin-plastikowy-KK.jpg","type":"image\/jpeg"}],"twitter_card":"summary_large_image","schema":{"@context":"https:\/\/schema.org","@graph":[{"@type":"WebPage","@id":"https:\/\/ugwp.cfolks.pl\/bwb\/produkt\/klin-plastikowy-kk\/","url":"https:\/\/ugwp.cfolks.pl\/bwb\/produkt\/klin-plastikowy-kk\/","name":"Klin Plastikowy KK Podk\u0142adki Dystansowe Dobra Cena","isPartOf":{"@id":"https:\/\/ugwp.cfolks.pl\/bwb\/#website"},"primaryImageOfPage":{"@id":"https:\/\/ugwp.cfolks.pl\/bwb\/produkt\/klin-plastikowy-kk\/#primaryimage"},"image":{"@id":"https:\/\/ugwp.cfolks.pl\/bwb\/produkt\/klin-plastikowy-kk\/#primaryimage"},"thumbnailUrl":"https:\/\/ugwp.cfolks.pl\/bwb\/wp-content\/uploads\/Klin-plastikowy-KK.jpg","datePublished":"2022-11-26T08:12:33+00:00","dateModified":"2023-09-10T18:15:11+00:00","description":"Klin monta\u017cowy wykonany z tworzywa sztucznego. Antypo\u015blizgowy dzi\u0119ki swojej pr\u0105\u017ckowanej powierzchni. Przeznaczony r\u00f3wnie\u017c do du\u017cych obci\u0105\u017ce\u0144.","breadcrumb":{"@id":"https:\/\/ugwp.cfolks.pl\/bwb\/produkt\/klin-plastikowy-kk\/#breadcrumb"},"inLanguage":"pl-PL","potentialAction":[{"@type":"ReadAction","target":["https:\/\/ugwp.cfolks.pl\/bwb\/produkt\/klin-plastikowy-kk\/"]}]},{"@type":"ImageObject","inLanguage":"pl-PL","@id":"https:\/\/ugwp.cfolks.pl\/bwb\/produkt\/klin-plastikowy-kk\/#primaryimage","url":"https:\/\/ugwp.cfolks.pl\/bwb\/wp-content\/uploads\/Klin-plastikowy-KK.jpg","contentUrl":"https:\/\/ugwp.cfolks.pl\/bwb\/wp-content\/uploads\/Klin-plastikowy-KK.jpg","width":1100,"height":810,"caption":"Klin plastikowy KK"},{"@type":"BreadcrumbList","@id":"https:\/\/ugwp.cfolks.pl\/bwb\/produkt\/klin-plastikowy-kk\/#breadcrumb","itemListElement":[{"@type":"ListItem","position":1,"name":"Strona g\u0142\u00f3wna","item":"https:\/\/ugwp.cfolks.pl\/bwb\/"},{"@type":"ListItem","position":2,"name":"Podk\u0142adki Dystansowe","item":"https:\/\/ugwp.cfolks.pl\/bwb\/kategoria\/podkladki-dystansowe\/"},{"@type":"ListItem","position":3,"name":"P\u0142ytki monta\u017cowe","item":"https:\/\/ugwp.cfolks.pl\/bwb\/kategoria\/podkladki-dystansowe\/plytki-montazowe\/"},{"@type":"ListItem","position":4,"name":"Klin plastikowy KK"}]},{"@type":"WebSite","@id":"https:\/\/ugwp.cfolks.pl\/bwb\/#website","url":"https:\/\/ugwp.cfolks.pl\/bwb\/","name":"BWB technology","description":"Kolejna witryna oparta na WordPressie","potentialAction":[{"@type":"SearchAction","target":{"@type":"EntryPoint","urlTemplate":"https:\/\/ugwp.cfolks.pl\/bwb\/?s={search_term_string}"},"query-input":{"@type":"PropertyValueSpecification","valueRequired":true,"valueName":"search_term_string"}}],"inLanguage":"pl-PL"}]}},"_links":{"self":[{"href":"https:\/\/ugwp.cfolks.pl\/bwb\/wp-json\/wp\/v2\/product\/2562","targetHints":{"allow":["GET"]}}],"collection":[{"href":"https:\/\/ugwp.cfolks.pl\/bwb\/wp-json\/wp\/v2\/product"}],"about":[{"href":"https:\/\/ugwp.cfolks.pl\/bwb\/wp-json\/wp\/v2\/types\/product"}],"wp:featuredmedia":[{"embeddable":true,"href":"https:\/\/ugwp.cfolks.pl\/bwb\/wp-json\/wp\/v2\/media\/3873"}],"wp:attachment":[{"href":"https:\/\/ugwp.cfolks.pl\/bwb\/wp-json\/wp\/v2\/media?parent=2562"}],"wp:term":[{"taxonomy":"product_cat","embeddable":true,"href":"https:\/\/ugwp.cfolks.pl\/bwb\/wp-json\/wp\/v2\/product_cat?post=2562"},{"taxonomy":"product_tag","embeddable":true,"href":"https:\/\/ugwp.cfolks.pl\/bwb\/wp-json\/wp\/v2\/product_tag?post=2562"}],"curies":[{"name":"wp","href":"https:\/\/api.w.org\/{rel}","templated":true}]}}