{"id":2554,"date":"2022-11-26T09:11:46","date_gmt":"2022-11-26T08:11:46","guid":{"rendered":"https:\/\/ugwp.cfolks.pl\/bwb\/?post_type=product&#038;p=2554"},"modified":"2023-09-10T20:27:26","modified_gmt":"2023-09-10T18:27:26","slug":"plytka-montazowa-mpw","status":"publish","type":"product","link":"https:\/\/ugwp.cfolks.pl\/bwb\/produkt\/plytka-montazowa-mpw\/","title":{"rendered":"P\u0142ytka monta\u017cowa \u2013 MPW"},"content":{"rendered":"","protected":false},"excerpt":{"rendered":"<ul>\n<li>P\u0142ytka monta\u017cowa z wypustkami przeznaczona do bardzo du\u017cych obci\u0105\u017ce\u0144<\/li>\n<li>Bardzo stabilna w trakcie monta\u017cu<\/li>\n<li>P\u0142ytka monta\u017cowa &#8222;wz\u00f3r wafla&#8221;<\/li>\n<\/ul>\n","protected":false},"featured_media":3877,"template":"","meta":{"_acf_changed":false},"product_cat":[150],"product_tag":[],"class_list":{"0":"post-2554","1":"product","2":"type-product","3":"status-publish","4":"has-post-thumbnail","6":"product_cat-plytki-montazowe","8":"first","9":"instock","10":"shipping-taxable","11":"product-type-simple"},"acf":[],"yoast_head":"<!-- This site is optimized with the Yoast SEO plugin v27.3 - https:\/\/yoast.com\/product\/yoast-seo-wordpress\/ -->\n<title>P\u0142ytka monta\u017cowa \u2013 MPW Podk\u0142adki Dystansowe<\/title>\n<meta name=\"description\" content=\"P\u0142ytka monta\u017cowa z wypustkami przeznaczona do bardzo du\u017cych obci\u0105\u017ce\u0144. Niezwykle stabilna w trakcie monta\u017cu. Tekstura we \u201ewz\u00f3r wafla\u201d.\" \/>\n<meta name=\"robots\" content=\"noindex, follow, max-snippet:-1, max-image-preview:large, max-video-preview:-1\" \/>\n<meta property=\"og:locale\" content=\"pl_PL\" \/>\n<meta property=\"og:type\" content=\"article\" \/>\n<meta property=\"og:title\" content=\"P\u0142ytka monta\u017cowa \u2013 MPW Podk\u0142adki Dystansowe\" \/>\n<meta property=\"og:description\" content=\"P\u0142ytka monta\u017cowa z wypustkami przeznaczona do bardzo du\u017cych obci\u0105\u017ce\u0144. Niezwykle stabilna w trakcie monta\u017cu. Tekstura we \u201ewz\u00f3r wafla\u201d.\" \/>\n<meta property=\"og:url\" content=\"https:\/\/ugwp.cfolks.pl\/bwb\/produkt\/plytka-montazowa-mpw\/\" \/>\n<meta property=\"og:site_name\" content=\"BWB technology\" \/>\n<meta property=\"article:modified_time\" content=\"2023-09-10T18:27:26+00:00\" \/>\n<meta property=\"og:image\" content=\"https:\/\/ugwp.cfolks.pl\/bwb\/wp-content\/uploads\/Plytka-montazowa-\u2013-MPW.jpg\" \/>\n\t<meta property=\"og:image:width\" content=\"1100\" \/>\n\t<meta property=\"og:image:height\" content=\"810\" \/>\n\t<meta property=\"og:image:type\" content=\"image\/jpeg\" \/>\n<meta name=\"twitter:card\" content=\"summary_large_image\" \/>\n<script type=\"application\/ld+json\" class=\"yoast-schema-graph\">{\"@context\":\"https:\\\/\\\/schema.org\",\"@graph\":[{\"@type\":\"WebPage\",\"@id\":\"https:\\\/\\\/ugwp.cfolks.pl\\\/bwb\\\/produkt\\\/plytka-montazowa-mpw\\\/\",\"url\":\"https:\\\/\\\/ugwp.cfolks.pl\\\/bwb\\\/produkt\\\/plytka-montazowa-mpw\\\/\",\"name\":\"P\u0142ytka monta\u017cowa \u2013 MPW Podk\u0142adki Dystansowe\",\"isPartOf\":{\"@id\":\"https:\\\/\\\/ugwp.cfolks.pl\\\/bwb\\\/#website\"},\"primaryImageOfPage\":{\"@id\":\"https:\\\/\\\/ugwp.cfolks.pl\\\/bwb\\\/produkt\\\/plytka-montazowa-mpw\\\/#primaryimage\"},\"image\":{\"@id\":\"https:\\\/\\\/ugwp.cfolks.pl\\\/bwb\\\/produkt\\\/plytka-montazowa-mpw\\\/#primaryimage\"},\"thumbnailUrl\":\"https:\\\/\\\/ugwp.cfolks.pl\\\/bwb\\\/wp-content\\\/uploads\\\/Plytka-montazowa-\u2013-MPW.jpg\",\"datePublished\":\"2022-11-26T08:11:46+00:00\",\"dateModified\":\"2023-09-10T18:27:26+00:00\",\"description\":\"P\u0142ytka monta\u017cowa z wypustkami przeznaczona do bardzo du\u017cych obci\u0105\u017ce\u0144. Niezwykle stabilna w trakcie monta\u017cu. Tekstura we \u201ewz\u00f3r wafla\u201d.\",\"breadcrumb\":{\"@id\":\"https:\\\/\\\/ugwp.cfolks.pl\\\/bwb\\\/produkt\\\/plytka-montazowa-mpw\\\/#breadcrumb\"},\"inLanguage\":\"pl-PL\",\"potentialAction\":[{\"@type\":\"ReadAction\",\"target\":[\"https:\\\/\\\/ugwp.cfolks.pl\\\/bwb\\\/produkt\\\/plytka-montazowa-mpw\\\/\"]}]},{\"@type\":\"ImageObject\",\"inLanguage\":\"pl-PL\",\"@id\":\"https:\\\/\\\/ugwp.cfolks.pl\\\/bwb\\\/produkt\\\/plytka-montazowa-mpw\\\/#primaryimage\",\"url\":\"https:\\\/\\\/ugwp.cfolks.pl\\\/bwb\\\/wp-content\\\/uploads\\\/Plytka-montazowa-\u2013-MPW.jpg\",\"contentUrl\":\"https:\\\/\\\/ugwp.cfolks.pl\\\/bwb\\\/wp-content\\\/uploads\\\/Plytka-montazowa-\u2013-MPW.jpg\",\"width\":1100,\"height\":810,\"caption\":\"P\u0142ytka monta\u017cowa \u2013 MPW\"},{\"@type\":\"BreadcrumbList\",\"@id\":\"https:\\\/\\\/ugwp.cfolks.pl\\\/bwb\\\/produkt\\\/plytka-montazowa-mpw\\\/#breadcrumb\",\"itemListElement\":[{\"@type\":\"ListItem\",\"position\":1,\"name\":\"Strona g\u0142\u00f3wna\",\"item\":\"https:\\\/\\\/ugwp.cfolks.pl\\\/bwb\\\/\"},{\"@type\":\"ListItem\",\"position\":2,\"name\":\"Podk\u0142adki Dystansowe\",\"item\":\"https:\\\/\\\/ugwp.cfolks.pl\\\/bwb\\\/kategoria\\\/podkladki-dystansowe\\\/\"},{\"@type\":\"ListItem\",\"position\":3,\"name\":\"P\u0142ytki monta\u017cowe\",\"item\":\"https:\\\/\\\/ugwp.cfolks.pl\\\/bwb\\\/kategoria\\\/podkladki-dystansowe\\\/plytki-montazowe\\\/\"},{\"@type\":\"ListItem\",\"position\":4,\"name\":\"P\u0142ytka monta\u017cowa \u2013 MPW\"}]},{\"@type\":\"WebSite\",\"@id\":\"https:\\\/\\\/ugwp.cfolks.pl\\\/bwb\\\/#website\",\"url\":\"https:\\\/\\\/ugwp.cfolks.pl\\\/bwb\\\/\",\"name\":\"BWB technology\",\"description\":\"Kolejna witryna oparta na WordPressie\",\"potentialAction\":[{\"@type\":\"SearchAction\",\"target\":{\"@type\":\"EntryPoint\",\"urlTemplate\":\"https:\\\/\\\/ugwp.cfolks.pl\\\/bwb\\\/?s={search_term_string}\"},\"query-input\":{\"@type\":\"PropertyValueSpecification\",\"valueRequired\":true,\"valueName\":\"search_term_string\"}}],\"inLanguage\":\"pl-PL\"}]}<\/script>\n<!-- \/ Yoast SEO plugin. -->","yoast_head_json":{"title":"P\u0142ytka monta\u017cowa \u2013 MPW Podk\u0142adki Dystansowe","description":"P\u0142ytka monta\u017cowa z wypustkami przeznaczona do bardzo du\u017cych obci\u0105\u017ce\u0144. Niezwykle stabilna w trakcie monta\u017cu. Tekstura we \u201ewz\u00f3r wafla\u201d.","robots":{"index":"noindex","follow":"follow","max-snippet":"max-snippet:-1","max-image-preview":"max-image-preview:large","max-video-preview":"max-video-preview:-1"},"og_locale":"pl_PL","og_type":"article","og_title":"P\u0142ytka monta\u017cowa \u2013 MPW Podk\u0142adki Dystansowe","og_description":"P\u0142ytka monta\u017cowa z wypustkami przeznaczona do bardzo du\u017cych obci\u0105\u017ce\u0144. Niezwykle stabilna w trakcie monta\u017cu. Tekstura we \u201ewz\u00f3r wafla\u201d.","og_url":"https:\/\/ugwp.cfolks.pl\/bwb\/produkt\/plytka-montazowa-mpw\/","og_site_name":"BWB technology","article_modified_time":"2023-09-10T18:27:26+00:00","og_image":[{"width":1100,"height":810,"url":"https:\/\/ugwp.cfolks.pl\/bwb\/wp-content\/uploads\/Plytka-montazowa-\u2013-MPW.jpg","type":"image\/jpeg"}],"twitter_card":"summary_large_image","schema":{"@context":"https:\/\/schema.org","@graph":[{"@type":"WebPage","@id":"https:\/\/ugwp.cfolks.pl\/bwb\/produkt\/plytka-montazowa-mpw\/","url":"https:\/\/ugwp.cfolks.pl\/bwb\/produkt\/plytka-montazowa-mpw\/","name":"P\u0142ytka monta\u017cowa \u2013 MPW Podk\u0142adki Dystansowe","isPartOf":{"@id":"https:\/\/ugwp.cfolks.pl\/bwb\/#website"},"primaryImageOfPage":{"@id":"https:\/\/ugwp.cfolks.pl\/bwb\/produkt\/plytka-montazowa-mpw\/#primaryimage"},"image":{"@id":"https:\/\/ugwp.cfolks.pl\/bwb\/produkt\/plytka-montazowa-mpw\/#primaryimage"},"thumbnailUrl":"https:\/\/ugwp.cfolks.pl\/bwb\/wp-content\/uploads\/Plytka-montazowa-\u2013-MPW.jpg","datePublished":"2022-11-26T08:11:46+00:00","dateModified":"2023-09-10T18:27:26+00:00","description":"P\u0142ytka monta\u017cowa z wypustkami przeznaczona do bardzo du\u017cych obci\u0105\u017ce\u0144. Niezwykle stabilna w trakcie monta\u017cu. Tekstura we \u201ewz\u00f3r wafla\u201d.","breadcrumb":{"@id":"https:\/\/ugwp.cfolks.pl\/bwb\/produkt\/plytka-montazowa-mpw\/#breadcrumb"},"inLanguage":"pl-PL","potentialAction":[{"@type":"ReadAction","target":["https:\/\/ugwp.cfolks.pl\/bwb\/produkt\/plytka-montazowa-mpw\/"]}]},{"@type":"ImageObject","inLanguage":"pl-PL","@id":"https:\/\/ugwp.cfolks.pl\/bwb\/produkt\/plytka-montazowa-mpw\/#primaryimage","url":"https:\/\/ugwp.cfolks.pl\/bwb\/wp-content\/uploads\/Plytka-montazowa-\u2013-MPW.jpg","contentUrl":"https:\/\/ugwp.cfolks.pl\/bwb\/wp-content\/uploads\/Plytka-montazowa-\u2013-MPW.jpg","width":1100,"height":810,"caption":"P\u0142ytka monta\u017cowa \u2013 MPW"},{"@type":"BreadcrumbList","@id":"https:\/\/ugwp.cfolks.pl\/bwb\/produkt\/plytka-montazowa-mpw\/#breadcrumb","itemListElement":[{"@type":"ListItem","position":1,"name":"Strona g\u0142\u00f3wna","item":"https:\/\/ugwp.cfolks.pl\/bwb\/"},{"@type":"ListItem","position":2,"name":"Podk\u0142adki Dystansowe","item":"https:\/\/ugwp.cfolks.pl\/bwb\/kategoria\/podkladki-dystansowe\/"},{"@type":"ListItem","position":3,"name":"P\u0142ytki monta\u017cowe","item":"https:\/\/ugwp.cfolks.pl\/bwb\/kategoria\/podkladki-dystansowe\/plytki-montazowe\/"},{"@type":"ListItem","position":4,"name":"P\u0142ytka monta\u017cowa \u2013 MPW"}]},{"@type":"WebSite","@id":"https:\/\/ugwp.cfolks.pl\/bwb\/#website","url":"https:\/\/ugwp.cfolks.pl\/bwb\/","name":"BWB technology","description":"Kolejna witryna oparta na WordPressie","potentialAction":[{"@type":"SearchAction","target":{"@type":"EntryPoint","urlTemplate":"https:\/\/ugwp.cfolks.pl\/bwb\/?s={search_term_string}"},"query-input":{"@type":"PropertyValueSpecification","valueRequired":true,"valueName":"search_term_string"}}],"inLanguage":"pl-PL"}]}},"_links":{"self":[{"href":"https:\/\/ugwp.cfolks.pl\/bwb\/wp-json\/wp\/v2\/product\/2554","targetHints":{"allow":["GET"]}}],"collection":[{"href":"https:\/\/ugwp.cfolks.pl\/bwb\/wp-json\/wp\/v2\/product"}],"about":[{"href":"https:\/\/ugwp.cfolks.pl\/bwb\/wp-json\/wp\/v2\/types\/product"}],"wp:featuredmedia":[{"embeddable":true,"href":"https:\/\/ugwp.cfolks.pl\/bwb\/wp-json\/wp\/v2\/media\/3877"}],"wp:attachment":[{"href":"https:\/\/ugwp.cfolks.pl\/bwb\/wp-json\/wp\/v2\/media?parent=2554"}],"wp:term":[{"taxonomy":"product_cat","embeddable":true,"href":"https:\/\/ugwp.cfolks.pl\/bwb\/wp-json\/wp\/v2\/product_cat?post=2554"},{"taxonomy":"product_tag","embeddable":true,"href":"https:\/\/ugwp.cfolks.pl\/bwb\/wp-json\/wp\/v2\/product_tag?post=2554"}],"curies":[{"name":"wp","href":"https:\/\/api.w.org\/{rel}","templated":true}]}}