{"id":2542,"date":"2022-11-26T08:45:21","date_gmt":"2022-11-26T07:45:21","guid":{"rendered":"https:\/\/ugwp.cfolks.pl\/bwb\/?post_type=product&#038;p=2542"},"modified":"2023-03-12T16:36:52","modified_gmt":"2023-03-12T15:36:52","slug":"podkladka-pierscieniowa-ras","status":"publish","type":"product","link":"https:\/\/ugwp.cfolks.pl\/bwb\/produkt\/podkladka-pierscieniowa-ras\/","title":{"rendered":"Podk\u0142adka pier\u015bcieniowa &#8211; RAS"},"content":{"rendered":"","protected":false},"excerpt":{"rendered":"<ul>\n<li>Stabilny element dystansowy do zbrojenia dolnego<\/li>\n<li>Du\u017ca powierzchnia podparcia<\/li>\n<li>Podk\u0142adka sk\u0142adaj\u0105ca si\u0119 z 6 zagnie\u017cd\u017conych pier\u015bcieni o \u015brednicy od 19 do 31 cm<\/li>\n<li>Zbadane zgodnie z DBV-Merkblatt \u201eAbstandhalter\u201d DBV \u2013 c- L1\/T\/A<\/li>\n<\/ul>\n","protected":false},"featured_media":3563,"template":"","meta":{"_acf_changed":false},"product_cat":[149],"product_tag":[],"class_list":{"0":"post-2542","1":"product","2":"type-product","3":"status-publish","4":"has-post-thumbnail","6":"product_cat-podkladki-dystansowe-do-prefabrykacji","8":"first","9":"instock","10":"shipping-taxable","11":"product-type-simple"},"acf":[],"yoast_head":"<!-- This site is optimized with the Yoast SEO plugin v27.3 - https:\/\/yoast.com\/product\/yoast-seo-wordpress\/ -->\n<title>Podk\u0142adka plastikowa do prefabrykacji \u2013 RAS Podk\u0142adki<\/title>\n<meta name=\"description\" content=\"Okr\u0105g\u0142y element dystansowy do zbrojenia g\u00f3rnego. Du\u017ca powierzchnia podparcia. Podk\u0142adka sk\u0142ada si\u0119 z 6 s\u0105siaduj\u0105cych okr\u0119g\u00f3w o \u015brednicy od 19 do 31 cm.\" \/>\n<meta name=\"robots\" content=\"noindex, follow, max-snippet:-1, max-image-preview:large, max-video-preview:-1\" \/>\n<meta property=\"og:locale\" content=\"pl_PL\" \/>\n<meta property=\"og:type\" content=\"article\" \/>\n<meta property=\"og:title\" content=\"Podk\u0142adka plastikowa do prefabrykacji \u2013 RAS Podk\u0142adki\" \/>\n<meta property=\"og:description\" content=\"Okr\u0105g\u0142y element dystansowy do zbrojenia g\u00f3rnego. Du\u017ca powierzchnia podparcia. Podk\u0142adka sk\u0142ada si\u0119 z 6 s\u0105siaduj\u0105cych okr\u0119g\u00f3w o \u015brednicy od 19 do 31 cm.\" \/>\n<meta property=\"og:url\" content=\"https:\/\/ugwp.cfolks.pl\/bwb\/produkt\/podkladka-pierscieniowa-ras\/\" \/>\n<meta property=\"og:site_name\" content=\"BWB technology\" \/>\n<meta property=\"article:modified_time\" content=\"2023-03-12T15:36:52+00:00\" \/>\n<meta property=\"og:image\" content=\"https:\/\/ugwp.cfolks.pl\/bwb\/wp-content\/uploads\/Podkladka-pierscieniowa-RAS.jpg\" \/>\n\t<meta property=\"og:image:width\" content=\"1100\" \/>\n\t<meta property=\"og:image:height\" content=\"810\" \/>\n\t<meta property=\"og:image:type\" content=\"image\/jpeg\" \/>\n<meta name=\"twitter:card\" content=\"summary_large_image\" \/>\n<script type=\"application\/ld+json\" class=\"yoast-schema-graph\">{\"@context\":\"https:\\\/\\\/schema.org\",\"@graph\":[{\"@type\":\"WebPage\",\"@id\":\"https:\\\/\\\/ugwp.cfolks.pl\\\/bwb\\\/produkt\\\/podkladka-pierscieniowa-ras\\\/\",\"url\":\"https:\\\/\\\/ugwp.cfolks.pl\\\/bwb\\\/produkt\\\/podkladka-pierscieniowa-ras\\\/\",\"name\":\"Podk\u0142adka plastikowa do prefabrykacji \u2013 RAS Podk\u0142adki\",\"isPartOf\":{\"@id\":\"https:\\\/\\\/ugwp.cfolks.pl\\\/bwb\\\/#website\"},\"primaryImageOfPage\":{\"@id\":\"https:\\\/\\\/ugwp.cfolks.pl\\\/bwb\\\/produkt\\\/podkladka-pierscieniowa-ras\\\/#primaryimage\"},\"image\":{\"@id\":\"https:\\\/\\\/ugwp.cfolks.pl\\\/bwb\\\/produkt\\\/podkladka-pierscieniowa-ras\\\/#primaryimage\"},\"thumbnailUrl\":\"https:\\\/\\\/ugwp.cfolks.pl\\\/bwb\\\/wp-content\\\/uploads\\\/Podkladka-pierscieniowa-RAS.jpg\",\"datePublished\":\"2022-11-26T07:45:21+00:00\",\"dateModified\":\"2023-03-12T15:36:52+00:00\",\"description\":\"Okr\u0105g\u0142y element dystansowy do zbrojenia g\u00f3rnego. Du\u017ca powierzchnia podparcia. Podk\u0142adka sk\u0142ada si\u0119 z 6 s\u0105siaduj\u0105cych okr\u0119g\u00f3w o \u015brednicy od 19 do 31 cm.\",\"breadcrumb\":{\"@id\":\"https:\\\/\\\/ugwp.cfolks.pl\\\/bwb\\\/produkt\\\/podkladka-pierscieniowa-ras\\\/#breadcrumb\"},\"inLanguage\":\"pl-PL\",\"potentialAction\":[{\"@type\":\"ReadAction\",\"target\":[\"https:\\\/\\\/ugwp.cfolks.pl\\\/bwb\\\/produkt\\\/podkladka-pierscieniowa-ras\\\/\"]}]},{\"@type\":\"ImageObject\",\"inLanguage\":\"pl-PL\",\"@id\":\"https:\\\/\\\/ugwp.cfolks.pl\\\/bwb\\\/produkt\\\/podkladka-pierscieniowa-ras\\\/#primaryimage\",\"url\":\"https:\\\/\\\/ugwp.cfolks.pl\\\/bwb\\\/wp-content\\\/uploads\\\/Podkladka-pierscieniowa-RAS.jpg\",\"contentUrl\":\"https:\\\/\\\/ugwp.cfolks.pl\\\/bwb\\\/wp-content\\\/uploads\\\/Podkladka-pierscieniowa-RAS.jpg\",\"width\":1100,\"height\":810,\"caption\":\"Podk\u0142adka pier\u015bcieniowa - RAS\"},{\"@type\":\"BreadcrumbList\",\"@id\":\"https:\\\/\\\/ugwp.cfolks.pl\\\/bwb\\\/produkt\\\/podkladka-pierscieniowa-ras\\\/#breadcrumb\",\"itemListElement\":[{\"@type\":\"ListItem\",\"position\":1,\"name\":\"Strona g\u0142\u00f3wna\",\"item\":\"https:\\\/\\\/ugwp.cfolks.pl\\\/bwb\\\/\"},{\"@type\":\"ListItem\",\"position\":2,\"name\":\"Podk\u0142adki Dystansowe\",\"item\":\"https:\\\/\\\/ugwp.cfolks.pl\\\/bwb\\\/kategoria\\\/podkladki-dystansowe\\\/\"},{\"@type\":\"ListItem\",\"position\":3,\"name\":\"Podk\u0142adki dystansowe do prefabrykacji\",\"item\":\"https:\\\/\\\/ugwp.cfolks.pl\\\/bwb\\\/kategoria\\\/podkladki-dystansowe\\\/podkladki-dystansowe-do-prefabrykacji\\\/\"},{\"@type\":\"ListItem\",\"position\":4,\"name\":\"Podk\u0142adka pier\u015bcieniowa &#8211; RAS\"}]},{\"@type\":\"WebSite\",\"@id\":\"https:\\\/\\\/ugwp.cfolks.pl\\\/bwb\\\/#website\",\"url\":\"https:\\\/\\\/ugwp.cfolks.pl\\\/bwb\\\/\",\"name\":\"BWB technology\",\"description\":\"Kolejna witryna oparta na WordPressie\",\"potentialAction\":[{\"@type\":\"SearchAction\",\"target\":{\"@type\":\"EntryPoint\",\"urlTemplate\":\"https:\\\/\\\/ugwp.cfolks.pl\\\/bwb\\\/?s={search_term_string}\"},\"query-input\":{\"@type\":\"PropertyValueSpecification\",\"valueRequired\":true,\"valueName\":\"search_term_string\"}}],\"inLanguage\":\"pl-PL\"}]}<\/script>\n<!-- \/ Yoast SEO plugin. -->","yoast_head_json":{"title":"Podk\u0142adka plastikowa do prefabrykacji \u2013 RAS Podk\u0142adki","description":"Okr\u0105g\u0142y element dystansowy do zbrojenia g\u00f3rnego. Du\u017ca powierzchnia podparcia. Podk\u0142adka sk\u0142ada si\u0119 z 6 s\u0105siaduj\u0105cych okr\u0119g\u00f3w o \u015brednicy od 19 do 31 cm.","robots":{"index":"noindex","follow":"follow","max-snippet":"max-snippet:-1","max-image-preview":"max-image-preview:large","max-video-preview":"max-video-preview:-1"},"og_locale":"pl_PL","og_type":"article","og_title":"Podk\u0142adka plastikowa do prefabrykacji \u2013 RAS Podk\u0142adki","og_description":"Okr\u0105g\u0142y element dystansowy do zbrojenia g\u00f3rnego. Du\u017ca powierzchnia podparcia. Podk\u0142adka sk\u0142ada si\u0119 z 6 s\u0105siaduj\u0105cych okr\u0119g\u00f3w o \u015brednicy od 19 do 31 cm.","og_url":"https:\/\/ugwp.cfolks.pl\/bwb\/produkt\/podkladka-pierscieniowa-ras\/","og_site_name":"BWB technology","article_modified_time":"2023-03-12T15:36:52+00:00","og_image":[{"width":1100,"height":810,"url":"https:\/\/ugwp.cfolks.pl\/bwb\/wp-content\/uploads\/Podkladka-pierscieniowa-RAS.jpg","type":"image\/jpeg"}],"twitter_card":"summary_large_image","schema":{"@context":"https:\/\/schema.org","@graph":[{"@type":"WebPage","@id":"https:\/\/ugwp.cfolks.pl\/bwb\/produkt\/podkladka-pierscieniowa-ras\/","url":"https:\/\/ugwp.cfolks.pl\/bwb\/produkt\/podkladka-pierscieniowa-ras\/","name":"Podk\u0142adka plastikowa do prefabrykacji \u2013 RAS Podk\u0142adki","isPartOf":{"@id":"https:\/\/ugwp.cfolks.pl\/bwb\/#website"},"primaryImageOfPage":{"@id":"https:\/\/ugwp.cfolks.pl\/bwb\/produkt\/podkladka-pierscieniowa-ras\/#primaryimage"},"image":{"@id":"https:\/\/ugwp.cfolks.pl\/bwb\/produkt\/podkladka-pierscieniowa-ras\/#primaryimage"},"thumbnailUrl":"https:\/\/ugwp.cfolks.pl\/bwb\/wp-content\/uploads\/Podkladka-pierscieniowa-RAS.jpg","datePublished":"2022-11-26T07:45:21+00:00","dateModified":"2023-03-12T15:36:52+00:00","description":"Okr\u0105g\u0142y element dystansowy do zbrojenia g\u00f3rnego. Du\u017ca powierzchnia podparcia. Podk\u0142adka sk\u0142ada si\u0119 z 6 s\u0105siaduj\u0105cych okr\u0119g\u00f3w o \u015brednicy od 19 do 31 cm.","breadcrumb":{"@id":"https:\/\/ugwp.cfolks.pl\/bwb\/produkt\/podkladka-pierscieniowa-ras\/#breadcrumb"},"inLanguage":"pl-PL","potentialAction":[{"@type":"ReadAction","target":["https:\/\/ugwp.cfolks.pl\/bwb\/produkt\/podkladka-pierscieniowa-ras\/"]}]},{"@type":"ImageObject","inLanguage":"pl-PL","@id":"https:\/\/ugwp.cfolks.pl\/bwb\/produkt\/podkladka-pierscieniowa-ras\/#primaryimage","url":"https:\/\/ugwp.cfolks.pl\/bwb\/wp-content\/uploads\/Podkladka-pierscieniowa-RAS.jpg","contentUrl":"https:\/\/ugwp.cfolks.pl\/bwb\/wp-content\/uploads\/Podkladka-pierscieniowa-RAS.jpg","width":1100,"height":810,"caption":"Podk\u0142adka pier\u015bcieniowa - RAS"},{"@type":"BreadcrumbList","@id":"https:\/\/ugwp.cfolks.pl\/bwb\/produkt\/podkladka-pierscieniowa-ras\/#breadcrumb","itemListElement":[{"@type":"ListItem","position":1,"name":"Strona g\u0142\u00f3wna","item":"https:\/\/ugwp.cfolks.pl\/bwb\/"},{"@type":"ListItem","position":2,"name":"Podk\u0142adki Dystansowe","item":"https:\/\/ugwp.cfolks.pl\/bwb\/kategoria\/podkladki-dystansowe\/"},{"@type":"ListItem","position":3,"name":"Podk\u0142adki dystansowe do prefabrykacji","item":"https:\/\/ugwp.cfolks.pl\/bwb\/kategoria\/podkladki-dystansowe\/podkladki-dystansowe-do-prefabrykacji\/"},{"@type":"ListItem","position":4,"name":"Podk\u0142adka pier\u015bcieniowa &#8211; RAS"}]},{"@type":"WebSite","@id":"https:\/\/ugwp.cfolks.pl\/bwb\/#website","url":"https:\/\/ugwp.cfolks.pl\/bwb\/","name":"BWB technology","description":"Kolejna witryna oparta na WordPressie","potentialAction":[{"@type":"SearchAction","target":{"@type":"EntryPoint","urlTemplate":"https:\/\/ugwp.cfolks.pl\/bwb\/?s={search_term_string}"},"query-input":{"@type":"PropertyValueSpecification","valueRequired":true,"valueName":"search_term_string"}}],"inLanguage":"pl-PL"}]}},"_links":{"self":[{"href":"https:\/\/ugwp.cfolks.pl\/bwb\/wp-json\/wp\/v2\/product\/2542","targetHints":{"allow":["GET"]}}],"collection":[{"href":"https:\/\/ugwp.cfolks.pl\/bwb\/wp-json\/wp\/v2\/product"}],"about":[{"href":"https:\/\/ugwp.cfolks.pl\/bwb\/wp-json\/wp\/v2\/types\/product"}],"wp:featuredmedia":[{"embeddable":true,"href":"https:\/\/ugwp.cfolks.pl\/bwb\/wp-json\/wp\/v2\/media\/3563"}],"wp:attachment":[{"href":"https:\/\/ugwp.cfolks.pl\/bwb\/wp-json\/wp\/v2\/media?parent=2542"}],"wp:term":[{"taxonomy":"product_cat","embeddable":true,"href":"https:\/\/ugwp.cfolks.pl\/bwb\/wp-json\/wp\/v2\/product_cat?post=2542"},{"taxonomy":"product_tag","embeddable":true,"href":"https:\/\/ugwp.cfolks.pl\/bwb\/wp-json\/wp\/v2\/product_tag?post=2542"}],"curies":[{"name":"wp","href":"https:\/\/api.w.org\/{rel}","templated":true}]}}