{"id":2540,"date":"2022-11-26T08:45:07","date_gmt":"2022-11-26T07:45:07","guid":{"rendered":"https:\/\/ugwp.cfolks.pl\/bwb\/?post_type=product&#038;p=2540"},"modified":"2024-05-09T12:46:52","modified_gmt":"2024-05-09T10:46:52","slug":"podkladka-prostokatna-res-r","status":"publish","type":"product","link":"https:\/\/ugwp.cfolks.pl\/bwb\/produkt\/podkladka-prostokatna-res-r\/","title":{"rendered":"Podk\u0142adka prostok\u0105tna \u2013 RES R"},"content":{"rendered":"","protected":false},"excerpt":{"rendered":"<ul>\n<li>Prostok\u0105tny element dystansowy<\/li>\n<li>Element dystansowy z tworzywa sztucznego z p\u0142askimi n\u00f3\u017ckami<\/li>\n<li>Zbadane zgodnie z DBV-Merkblatt \u201eAbstandhalter\u201d DBV \u2013 c- F\/T\/A<\/li>\n<\/ul>\n","protected":false},"featured_media":5219,"template":"","meta":{"_acf_changed":false},"product_cat":[149],"product_tag":[],"class_list":{"0":"post-2540","1":"product","2":"type-product","3":"status-publish","4":"has-post-thumbnail","6":"product_cat-podkladki-dystansowe-do-prefabrykacji","8":"first","9":"instock","10":"shipping-taxable","11":"product-type-simple"},"acf":[],"yoast_head":"<!-- This site is optimized with the Yoast SEO plugin v27.3 - https:\/\/yoast.com\/product\/yoast-seo-wordpress\/ -->\n<title>Podk\u0142adka Plastikowa Do Prefabrykacji \u2013 RES R Zbrojenie Betonu<\/title>\n<meta name=\"description\" content=\"Kwadratowy element dystansowy. Element dystansowy z tworzywa sztucznego z punktow\u0105, zaokr\u0105glon\u0105 powierzchni\u0105 podporow\u0105 powierzchni\u0105 podporow\u0105.\" \/>\n<meta name=\"robots\" content=\"noindex, follow, max-snippet:-1, max-image-preview:large, max-video-preview:-1\" \/>\n<meta property=\"og:locale\" content=\"pl_PL\" \/>\n<meta property=\"og:type\" content=\"article\" \/>\n<meta property=\"og:title\" content=\"Podk\u0142adka Plastikowa Do Prefabrykacji \u2013 RES R Zbrojenie Betonu\" \/>\n<meta property=\"og:description\" content=\"Kwadratowy element dystansowy. Element dystansowy z tworzywa sztucznego z punktow\u0105, zaokr\u0105glon\u0105 powierzchni\u0105 podporow\u0105 powierzchni\u0105 podporow\u0105.\" \/>\n<meta property=\"og:url\" content=\"https:\/\/ugwp.cfolks.pl\/bwb\/produkt\/podkladka-prostokatna-res-r\/\" \/>\n<meta property=\"og:site_name\" content=\"BWB technology\" \/>\n<meta property=\"article:modified_time\" content=\"2024-05-09T10:46:52+00:00\" \/>\n<meta property=\"og:image\" content=\"https:\/\/ugwp.cfolks.pl\/bwb\/wp-content\/uploads\/Podkladka-prostokatna-\u2013-RES-R.jpg\" \/>\n\t<meta property=\"og:image:width\" content=\"1100\" \/>\n\t<meta property=\"og:image:height\" content=\"810\" \/>\n\t<meta property=\"og:image:type\" content=\"image\/jpeg\" \/>\n<meta name=\"twitter:card\" content=\"summary_large_image\" \/>\n<meta name=\"twitter:label1\" content=\"Szacowany czas czytania\" \/>\n\t<meta name=\"twitter:data1\" content=\"1 minuta\" \/>\n<script type=\"application\/ld+json\" class=\"yoast-schema-graph\">{\"@context\":\"https:\\\/\\\/schema.org\",\"@graph\":[{\"@type\":\"WebPage\",\"@id\":\"https:\\\/\\\/ugwp.cfolks.pl\\\/bwb\\\/produkt\\\/podkladka-prostokatna-res-r\\\/\",\"url\":\"https:\\\/\\\/ugwp.cfolks.pl\\\/bwb\\\/produkt\\\/podkladka-prostokatna-res-r\\\/\",\"name\":\"Podk\u0142adka Plastikowa Do Prefabrykacji \u2013 RES R Zbrojenie Betonu\",\"isPartOf\":{\"@id\":\"https:\\\/\\\/ugwp.cfolks.pl\\\/bwb\\\/#website\"},\"primaryImageOfPage\":{\"@id\":\"https:\\\/\\\/ugwp.cfolks.pl\\\/bwb\\\/produkt\\\/podkladka-prostokatna-res-r\\\/#primaryimage\"},\"image\":{\"@id\":\"https:\\\/\\\/ugwp.cfolks.pl\\\/bwb\\\/produkt\\\/podkladka-prostokatna-res-r\\\/#primaryimage\"},\"thumbnailUrl\":\"https:\\\/\\\/ugwp.cfolks.pl\\\/bwb\\\/wp-content\\\/uploads\\\/Podkladka-prostokatna-\u2013-RES-R.jpg\",\"datePublished\":\"2022-11-26T07:45:07+00:00\",\"dateModified\":\"2024-05-09T10:46:52+00:00\",\"description\":\"Kwadratowy element dystansowy. Element dystansowy z tworzywa sztucznego z punktow\u0105, zaokr\u0105glon\u0105 powierzchni\u0105 podporow\u0105 powierzchni\u0105 podporow\u0105.\",\"breadcrumb\":{\"@id\":\"https:\\\/\\\/ugwp.cfolks.pl\\\/bwb\\\/produkt\\\/podkladka-prostokatna-res-r\\\/#breadcrumb\"},\"inLanguage\":\"pl-PL\",\"potentialAction\":[{\"@type\":\"ReadAction\",\"target\":[\"https:\\\/\\\/ugwp.cfolks.pl\\\/bwb\\\/produkt\\\/podkladka-prostokatna-res-r\\\/\"]}]},{\"@type\":\"ImageObject\",\"inLanguage\":\"pl-PL\",\"@id\":\"https:\\\/\\\/ugwp.cfolks.pl\\\/bwb\\\/produkt\\\/podkladka-prostokatna-res-r\\\/#primaryimage\",\"url\":\"https:\\\/\\\/ugwp.cfolks.pl\\\/bwb\\\/wp-content\\\/uploads\\\/Podkladka-prostokatna-\u2013-RES-R.jpg\",\"contentUrl\":\"https:\\\/\\\/ugwp.cfolks.pl\\\/bwb\\\/wp-content\\\/uploads\\\/Podkladka-prostokatna-\u2013-RES-R.jpg\",\"width\":1100,\"height\":810,\"caption\":\"Podk\u0142adka prostok\u0105tna \u2013 RES R\"},{\"@type\":\"BreadcrumbList\",\"@id\":\"https:\\\/\\\/ugwp.cfolks.pl\\\/bwb\\\/produkt\\\/podkladka-prostokatna-res-r\\\/#breadcrumb\",\"itemListElement\":[{\"@type\":\"ListItem\",\"position\":1,\"name\":\"Strona g\u0142\u00f3wna\",\"item\":\"https:\\\/\\\/ugwp.cfolks.pl\\\/bwb\\\/\"},{\"@type\":\"ListItem\",\"position\":2,\"name\":\"Podk\u0142adki Dystansowe\",\"item\":\"https:\\\/\\\/ugwp.cfolks.pl\\\/bwb\\\/kategoria\\\/podkladki-dystansowe\\\/\"},{\"@type\":\"ListItem\",\"position\":3,\"name\":\"Podk\u0142adki dystansowe do prefabrykacji\",\"item\":\"https:\\\/\\\/ugwp.cfolks.pl\\\/bwb\\\/kategoria\\\/podkladki-dystansowe\\\/podkladki-dystansowe-do-prefabrykacji\\\/\"},{\"@type\":\"ListItem\",\"position\":4,\"name\":\"Podk\u0142adka prostok\u0105tna \u2013 RES R\"}]},{\"@type\":\"WebSite\",\"@id\":\"https:\\\/\\\/ugwp.cfolks.pl\\\/bwb\\\/#website\",\"url\":\"https:\\\/\\\/ugwp.cfolks.pl\\\/bwb\\\/\",\"name\":\"BWB technology\",\"description\":\"Kolejna witryna oparta na WordPressie\",\"potentialAction\":[{\"@type\":\"SearchAction\",\"target\":{\"@type\":\"EntryPoint\",\"urlTemplate\":\"https:\\\/\\\/ugwp.cfolks.pl\\\/bwb\\\/?s={search_term_string}\"},\"query-input\":{\"@type\":\"PropertyValueSpecification\",\"valueRequired\":true,\"valueName\":\"search_term_string\"}}],\"inLanguage\":\"pl-PL\"}]}<\/script>\n<!-- \/ Yoast SEO plugin. -->","yoast_head_json":{"title":"Podk\u0142adka Plastikowa Do Prefabrykacji \u2013 RES R Zbrojenie Betonu","description":"Kwadratowy element dystansowy. Element dystansowy z tworzywa sztucznego z punktow\u0105, zaokr\u0105glon\u0105 powierzchni\u0105 podporow\u0105 powierzchni\u0105 podporow\u0105.","robots":{"index":"noindex","follow":"follow","max-snippet":"max-snippet:-1","max-image-preview":"max-image-preview:large","max-video-preview":"max-video-preview:-1"},"og_locale":"pl_PL","og_type":"article","og_title":"Podk\u0142adka Plastikowa Do Prefabrykacji \u2013 RES R Zbrojenie Betonu","og_description":"Kwadratowy element dystansowy. Element dystansowy z tworzywa sztucznego z punktow\u0105, zaokr\u0105glon\u0105 powierzchni\u0105 podporow\u0105 powierzchni\u0105 podporow\u0105.","og_url":"https:\/\/ugwp.cfolks.pl\/bwb\/produkt\/podkladka-prostokatna-res-r\/","og_site_name":"BWB technology","article_modified_time":"2024-05-09T10:46:52+00:00","og_image":[{"width":1100,"height":810,"url":"https:\/\/ugwp.cfolks.pl\/bwb\/wp-content\/uploads\/Podkladka-prostokatna-\u2013-RES-R.jpg","type":"image\/jpeg"}],"twitter_card":"summary_large_image","twitter_misc":{"Szacowany czas czytania":"1 minuta"},"schema":{"@context":"https:\/\/schema.org","@graph":[{"@type":"WebPage","@id":"https:\/\/ugwp.cfolks.pl\/bwb\/produkt\/podkladka-prostokatna-res-r\/","url":"https:\/\/ugwp.cfolks.pl\/bwb\/produkt\/podkladka-prostokatna-res-r\/","name":"Podk\u0142adka Plastikowa Do Prefabrykacji \u2013 RES R Zbrojenie Betonu","isPartOf":{"@id":"https:\/\/ugwp.cfolks.pl\/bwb\/#website"},"primaryImageOfPage":{"@id":"https:\/\/ugwp.cfolks.pl\/bwb\/produkt\/podkladka-prostokatna-res-r\/#primaryimage"},"image":{"@id":"https:\/\/ugwp.cfolks.pl\/bwb\/produkt\/podkladka-prostokatna-res-r\/#primaryimage"},"thumbnailUrl":"https:\/\/ugwp.cfolks.pl\/bwb\/wp-content\/uploads\/Podkladka-prostokatna-\u2013-RES-R.jpg","datePublished":"2022-11-26T07:45:07+00:00","dateModified":"2024-05-09T10:46:52+00:00","description":"Kwadratowy element dystansowy. Element dystansowy z tworzywa sztucznego z punktow\u0105, zaokr\u0105glon\u0105 powierzchni\u0105 podporow\u0105 powierzchni\u0105 podporow\u0105.","breadcrumb":{"@id":"https:\/\/ugwp.cfolks.pl\/bwb\/produkt\/podkladka-prostokatna-res-r\/#breadcrumb"},"inLanguage":"pl-PL","potentialAction":[{"@type":"ReadAction","target":["https:\/\/ugwp.cfolks.pl\/bwb\/produkt\/podkladka-prostokatna-res-r\/"]}]},{"@type":"ImageObject","inLanguage":"pl-PL","@id":"https:\/\/ugwp.cfolks.pl\/bwb\/produkt\/podkladka-prostokatna-res-r\/#primaryimage","url":"https:\/\/ugwp.cfolks.pl\/bwb\/wp-content\/uploads\/Podkladka-prostokatna-\u2013-RES-R.jpg","contentUrl":"https:\/\/ugwp.cfolks.pl\/bwb\/wp-content\/uploads\/Podkladka-prostokatna-\u2013-RES-R.jpg","width":1100,"height":810,"caption":"Podk\u0142adka prostok\u0105tna \u2013 RES R"},{"@type":"BreadcrumbList","@id":"https:\/\/ugwp.cfolks.pl\/bwb\/produkt\/podkladka-prostokatna-res-r\/#breadcrumb","itemListElement":[{"@type":"ListItem","position":1,"name":"Strona g\u0142\u00f3wna","item":"https:\/\/ugwp.cfolks.pl\/bwb\/"},{"@type":"ListItem","position":2,"name":"Podk\u0142adki Dystansowe","item":"https:\/\/ugwp.cfolks.pl\/bwb\/kategoria\/podkladki-dystansowe\/"},{"@type":"ListItem","position":3,"name":"Podk\u0142adki dystansowe do prefabrykacji","item":"https:\/\/ugwp.cfolks.pl\/bwb\/kategoria\/podkladki-dystansowe\/podkladki-dystansowe-do-prefabrykacji\/"},{"@type":"ListItem","position":4,"name":"Podk\u0142adka prostok\u0105tna \u2013 RES R"}]},{"@type":"WebSite","@id":"https:\/\/ugwp.cfolks.pl\/bwb\/#website","url":"https:\/\/ugwp.cfolks.pl\/bwb\/","name":"BWB technology","description":"Kolejna witryna oparta na WordPressie","potentialAction":[{"@type":"SearchAction","target":{"@type":"EntryPoint","urlTemplate":"https:\/\/ugwp.cfolks.pl\/bwb\/?s={search_term_string}"},"query-input":{"@type":"PropertyValueSpecification","valueRequired":true,"valueName":"search_term_string"}}],"inLanguage":"pl-PL"}]}},"_links":{"self":[{"href":"https:\/\/ugwp.cfolks.pl\/bwb\/wp-json\/wp\/v2\/product\/2540","targetHints":{"allow":["GET"]}}],"collection":[{"href":"https:\/\/ugwp.cfolks.pl\/bwb\/wp-json\/wp\/v2\/product"}],"about":[{"href":"https:\/\/ugwp.cfolks.pl\/bwb\/wp-json\/wp\/v2\/types\/product"}],"wp:featuredmedia":[{"embeddable":true,"href":"https:\/\/ugwp.cfolks.pl\/bwb\/wp-json\/wp\/v2\/media\/5219"}],"wp:attachment":[{"href":"https:\/\/ugwp.cfolks.pl\/bwb\/wp-json\/wp\/v2\/media?parent=2540"}],"wp:term":[{"taxonomy":"product_cat","embeddable":true,"href":"https:\/\/ugwp.cfolks.pl\/bwb\/wp-json\/wp\/v2\/product_cat?post=2540"},{"taxonomy":"product_tag","embeddable":true,"href":"https:\/\/ugwp.cfolks.pl\/bwb\/wp-json\/wp\/v2\/product_tag?post=2540"}],"curies":[{"name":"wp","href":"https:\/\/api.w.org\/{rel}","templated":true}]}}