{"id":2521,"date":"2022-11-26T08:28:54","date_gmt":"2022-11-26T07:28:54","guid":{"rendered":"https:\/\/ugwp.cfolks.pl\/bwb\/?post_type=product&#038;p=2521"},"modified":"2024-06-26T23:09:32","modified_gmt":"2024-06-26T21:09:32","slug":"podkladka-plastikowa-liniowa-iso-trick-1-ol","status":"publish","type":"product","link":"https:\/\/ugwp.cfolks.pl\/bwb\/produkt\/podkladka-plastikowa-liniowa-iso-trick-1-ol\/","title":{"rendered":"Podk\u0142adka plastikowa liniowa \u2013 ISO-TRICK\/1 OL"},"content":{"rendered":"","protected":false},"excerpt":{"rendered":"<ul>\n<li>Stabilny element dystansowy do dolnego zbrojenia<\/li>\n<li>Przeznaczony do dystansowania zbrojenia poziomego o du\u017cym ci\u0119\u017carze<\/li>\n<li>Listwa bez otwor\u00f3w bocznych dla wi\u0119kszych obci\u0105\u017ce\u0144<\/li>\n<li>Produkt dost\u0119pny na zapytanie<\/li>\n<\/ul>\n","protected":false},"featured_media":5391,"template":"","meta":{"_acf_changed":false},"product_cat":[147],"product_tag":[],"class_list":{"0":"post-2521","1":"product","2":"type-product","3":"status-publish","4":"has-post-thumbnail","6":"product_cat-podkladki-plastikowe-liniowe","8":"first","9":"instock","10":"shipping-taxable","11":"product-type-simple"},"acf":[],"yoast_head":"<!-- This site is optimized with the Yoast SEO plugin v27.3 - https:\/\/yoast.com\/product\/yoast-seo-wordpress\/ -->\n<title>Podk\u0142adka plastikowa liniowa \u2013 ISO-TRICK\/1 OL Podk\u0142adki<\/title>\n<meta name=\"description\" content=\"Stabilny element dystansowy do dolnego zbrojenia. Przeznaczony do dystansowania zbrojenia poziomego o du\u017cym ci\u0119\u017carze. Listwa bez otwor\u00f3w bocznych.\" \/>\n<meta name=\"robots\" content=\"noindex, follow, max-snippet:-1, max-image-preview:large, max-video-preview:-1\" \/>\n<meta property=\"og:locale\" content=\"pl_PL\" \/>\n<meta property=\"og:type\" content=\"article\" \/>\n<meta property=\"og:title\" content=\"Podk\u0142adka plastikowa liniowa \u2013 ISO-TRICK\/1 OL Podk\u0142adki\" \/>\n<meta property=\"og:description\" content=\"Stabilny element dystansowy do dolnego zbrojenia. Przeznaczony do dystansowania zbrojenia poziomego o du\u017cym ci\u0119\u017carze. Listwa bez otwor\u00f3w bocznych.\" \/>\n<meta property=\"og:url\" content=\"https:\/\/ugwp.cfolks.pl\/bwb\/produkt\/podkladka-plastikowa-liniowa-iso-trick-1-ol\/\" \/>\n<meta property=\"og:site_name\" content=\"BWB technology\" \/>\n<meta property=\"article:modified_time\" content=\"2024-06-26T21:09:32+00:00\" \/>\n<meta property=\"og:image\" content=\"https:\/\/ugwp.cfolks.pl\/bwb\/wp-content\/uploads\/Podkladka-plastikowa-liniowa-\u2013-ISO-TRICK-1-OL.jpg\" \/>\n\t<meta property=\"og:image:width\" content=\"1100\" \/>\n\t<meta property=\"og:image:height\" content=\"810\" \/>\n\t<meta property=\"og:image:type\" content=\"image\/jpeg\" \/>\n<meta name=\"twitter:card\" content=\"summary_large_image\" \/>\n<meta name=\"twitter:label1\" content=\"Szacowany czas czytania\" \/>\n\t<meta name=\"twitter:data1\" content=\"1 minuta\" \/>\n<script type=\"application\/ld+json\" class=\"yoast-schema-graph\">{\"@context\":\"https:\\\/\\\/schema.org\",\"@graph\":[{\"@type\":\"WebPage\",\"@id\":\"https:\\\/\\\/ugwp.cfolks.pl\\\/bwb\\\/produkt\\\/podkladka-plastikowa-liniowa-iso-trick-1-ol\\\/\",\"url\":\"https:\\\/\\\/ugwp.cfolks.pl\\\/bwb\\\/produkt\\\/podkladka-plastikowa-liniowa-iso-trick-1-ol\\\/\",\"name\":\"Podk\u0142adka plastikowa liniowa \u2013 ISO-TRICK\\\/1 OL Podk\u0142adki\",\"isPartOf\":{\"@id\":\"https:\\\/\\\/ugwp.cfolks.pl\\\/bwb\\\/#website\"},\"primaryImageOfPage\":{\"@id\":\"https:\\\/\\\/ugwp.cfolks.pl\\\/bwb\\\/produkt\\\/podkladka-plastikowa-liniowa-iso-trick-1-ol\\\/#primaryimage\"},\"image\":{\"@id\":\"https:\\\/\\\/ugwp.cfolks.pl\\\/bwb\\\/produkt\\\/podkladka-plastikowa-liniowa-iso-trick-1-ol\\\/#primaryimage\"},\"thumbnailUrl\":\"https:\\\/\\\/ugwp.cfolks.pl\\\/bwb\\\/wp-content\\\/uploads\\\/Podkladka-plastikowa-liniowa-\u2013-ISO-TRICK-1-OL.jpg\",\"datePublished\":\"2022-11-26T07:28:54+00:00\",\"dateModified\":\"2024-06-26T21:09:32+00:00\",\"description\":\"Stabilny element dystansowy do dolnego zbrojenia. Przeznaczony do dystansowania zbrojenia poziomego o du\u017cym ci\u0119\u017carze. Listwa bez otwor\u00f3w bocznych.\",\"breadcrumb\":{\"@id\":\"https:\\\/\\\/ugwp.cfolks.pl\\\/bwb\\\/produkt\\\/podkladka-plastikowa-liniowa-iso-trick-1-ol\\\/#breadcrumb\"},\"inLanguage\":\"pl-PL\",\"potentialAction\":[{\"@type\":\"ReadAction\",\"target\":[\"https:\\\/\\\/ugwp.cfolks.pl\\\/bwb\\\/produkt\\\/podkladka-plastikowa-liniowa-iso-trick-1-ol\\\/\"]}]},{\"@type\":\"ImageObject\",\"inLanguage\":\"pl-PL\",\"@id\":\"https:\\\/\\\/ugwp.cfolks.pl\\\/bwb\\\/produkt\\\/podkladka-plastikowa-liniowa-iso-trick-1-ol\\\/#primaryimage\",\"url\":\"https:\\\/\\\/ugwp.cfolks.pl\\\/bwb\\\/wp-content\\\/uploads\\\/Podkladka-plastikowa-liniowa-\u2013-ISO-TRICK-1-OL.jpg\",\"contentUrl\":\"https:\\\/\\\/ugwp.cfolks.pl\\\/bwb\\\/wp-content\\\/uploads\\\/Podkladka-plastikowa-liniowa-\u2013-ISO-TRICK-1-OL.jpg\",\"width\":1100,\"height\":810,\"caption\":\"Podk\u0142adka plastikowa liniowa \u2013 ISO-TRICK\\\/1 OL\"},{\"@type\":\"BreadcrumbList\",\"@id\":\"https:\\\/\\\/ugwp.cfolks.pl\\\/bwb\\\/produkt\\\/podkladka-plastikowa-liniowa-iso-trick-1-ol\\\/#breadcrumb\",\"itemListElement\":[{\"@type\":\"ListItem\",\"position\":1,\"name\":\"Strona g\u0142\u00f3wna\",\"item\":\"https:\\\/\\\/ugwp.cfolks.pl\\\/bwb\\\/\"},{\"@type\":\"ListItem\",\"position\":2,\"name\":\"Podk\u0142adki Dystansowe\",\"item\":\"https:\\\/\\\/ugwp.cfolks.pl\\\/bwb\\\/kategoria\\\/podkladki-dystansowe\\\/\"},{\"@type\":\"ListItem\",\"position\":3,\"name\":\"Podk\u0142adki plastikowe liniowe\",\"item\":\"https:\\\/\\\/ugwp.cfolks.pl\\\/bwb\\\/kategoria\\\/podkladki-dystansowe\\\/podkladki-plastikowe-liniowe\\\/\"},{\"@type\":\"ListItem\",\"position\":4,\"name\":\"Podk\u0142adka plastikowa liniowa \u2013 ISO-TRICK\\\/1 OL\"}]},{\"@type\":\"WebSite\",\"@id\":\"https:\\\/\\\/ugwp.cfolks.pl\\\/bwb\\\/#website\",\"url\":\"https:\\\/\\\/ugwp.cfolks.pl\\\/bwb\\\/\",\"name\":\"BWB technology\",\"description\":\"Kolejna witryna oparta na WordPressie\",\"potentialAction\":[{\"@type\":\"SearchAction\",\"target\":{\"@type\":\"EntryPoint\",\"urlTemplate\":\"https:\\\/\\\/ugwp.cfolks.pl\\\/bwb\\\/?s={search_term_string}\"},\"query-input\":{\"@type\":\"PropertyValueSpecification\",\"valueRequired\":true,\"valueName\":\"search_term_string\"}}],\"inLanguage\":\"pl-PL\"}]}<\/script>\n<!-- \/ Yoast SEO plugin. -->","yoast_head_json":{"title":"Podk\u0142adka plastikowa liniowa \u2013 ISO-TRICK\/1 OL Podk\u0142adki","description":"Stabilny element dystansowy do dolnego zbrojenia. Przeznaczony do dystansowania zbrojenia poziomego o du\u017cym ci\u0119\u017carze. Listwa bez otwor\u00f3w bocznych.","robots":{"index":"noindex","follow":"follow","max-snippet":"max-snippet:-1","max-image-preview":"max-image-preview:large","max-video-preview":"max-video-preview:-1"},"og_locale":"pl_PL","og_type":"article","og_title":"Podk\u0142adka plastikowa liniowa \u2013 ISO-TRICK\/1 OL Podk\u0142adki","og_description":"Stabilny element dystansowy do dolnego zbrojenia. Przeznaczony do dystansowania zbrojenia poziomego o du\u017cym ci\u0119\u017carze. Listwa bez otwor\u00f3w bocznych.","og_url":"https:\/\/ugwp.cfolks.pl\/bwb\/produkt\/podkladka-plastikowa-liniowa-iso-trick-1-ol\/","og_site_name":"BWB technology","article_modified_time":"2024-06-26T21:09:32+00:00","og_image":[{"width":1100,"height":810,"url":"https:\/\/ugwp.cfolks.pl\/bwb\/wp-content\/uploads\/Podkladka-plastikowa-liniowa-\u2013-ISO-TRICK-1-OL.jpg","type":"image\/jpeg"}],"twitter_card":"summary_large_image","twitter_misc":{"Szacowany czas czytania":"1 minuta"},"schema":{"@context":"https:\/\/schema.org","@graph":[{"@type":"WebPage","@id":"https:\/\/ugwp.cfolks.pl\/bwb\/produkt\/podkladka-plastikowa-liniowa-iso-trick-1-ol\/","url":"https:\/\/ugwp.cfolks.pl\/bwb\/produkt\/podkladka-plastikowa-liniowa-iso-trick-1-ol\/","name":"Podk\u0142adka plastikowa liniowa \u2013 ISO-TRICK\/1 OL Podk\u0142adki","isPartOf":{"@id":"https:\/\/ugwp.cfolks.pl\/bwb\/#website"},"primaryImageOfPage":{"@id":"https:\/\/ugwp.cfolks.pl\/bwb\/produkt\/podkladka-plastikowa-liniowa-iso-trick-1-ol\/#primaryimage"},"image":{"@id":"https:\/\/ugwp.cfolks.pl\/bwb\/produkt\/podkladka-plastikowa-liniowa-iso-trick-1-ol\/#primaryimage"},"thumbnailUrl":"https:\/\/ugwp.cfolks.pl\/bwb\/wp-content\/uploads\/Podkladka-plastikowa-liniowa-\u2013-ISO-TRICK-1-OL.jpg","datePublished":"2022-11-26T07:28:54+00:00","dateModified":"2024-06-26T21:09:32+00:00","description":"Stabilny element dystansowy do dolnego zbrojenia. Przeznaczony do dystansowania zbrojenia poziomego o du\u017cym ci\u0119\u017carze. Listwa bez otwor\u00f3w bocznych.","breadcrumb":{"@id":"https:\/\/ugwp.cfolks.pl\/bwb\/produkt\/podkladka-plastikowa-liniowa-iso-trick-1-ol\/#breadcrumb"},"inLanguage":"pl-PL","potentialAction":[{"@type":"ReadAction","target":["https:\/\/ugwp.cfolks.pl\/bwb\/produkt\/podkladka-plastikowa-liniowa-iso-trick-1-ol\/"]}]},{"@type":"ImageObject","inLanguage":"pl-PL","@id":"https:\/\/ugwp.cfolks.pl\/bwb\/produkt\/podkladka-plastikowa-liniowa-iso-trick-1-ol\/#primaryimage","url":"https:\/\/ugwp.cfolks.pl\/bwb\/wp-content\/uploads\/Podkladka-plastikowa-liniowa-\u2013-ISO-TRICK-1-OL.jpg","contentUrl":"https:\/\/ugwp.cfolks.pl\/bwb\/wp-content\/uploads\/Podkladka-plastikowa-liniowa-\u2013-ISO-TRICK-1-OL.jpg","width":1100,"height":810,"caption":"Podk\u0142adka plastikowa liniowa \u2013 ISO-TRICK\/1 OL"},{"@type":"BreadcrumbList","@id":"https:\/\/ugwp.cfolks.pl\/bwb\/produkt\/podkladka-plastikowa-liniowa-iso-trick-1-ol\/#breadcrumb","itemListElement":[{"@type":"ListItem","position":1,"name":"Strona g\u0142\u00f3wna","item":"https:\/\/ugwp.cfolks.pl\/bwb\/"},{"@type":"ListItem","position":2,"name":"Podk\u0142adki Dystansowe","item":"https:\/\/ugwp.cfolks.pl\/bwb\/kategoria\/podkladki-dystansowe\/"},{"@type":"ListItem","position":3,"name":"Podk\u0142adki plastikowe liniowe","item":"https:\/\/ugwp.cfolks.pl\/bwb\/kategoria\/podkladki-dystansowe\/podkladki-plastikowe-liniowe\/"},{"@type":"ListItem","position":4,"name":"Podk\u0142adka plastikowa liniowa \u2013 ISO-TRICK\/1 OL"}]},{"@type":"WebSite","@id":"https:\/\/ugwp.cfolks.pl\/bwb\/#website","url":"https:\/\/ugwp.cfolks.pl\/bwb\/","name":"BWB technology","description":"Kolejna witryna oparta na WordPressie","potentialAction":[{"@type":"SearchAction","target":{"@type":"EntryPoint","urlTemplate":"https:\/\/ugwp.cfolks.pl\/bwb\/?s={search_term_string}"},"query-input":{"@type":"PropertyValueSpecification","valueRequired":true,"valueName":"search_term_string"}}],"inLanguage":"pl-PL"}]}},"_links":{"self":[{"href":"https:\/\/ugwp.cfolks.pl\/bwb\/wp-json\/wp\/v2\/product\/2521","targetHints":{"allow":["GET"]}}],"collection":[{"href":"https:\/\/ugwp.cfolks.pl\/bwb\/wp-json\/wp\/v2\/product"}],"about":[{"href":"https:\/\/ugwp.cfolks.pl\/bwb\/wp-json\/wp\/v2\/types\/product"}],"wp:featuredmedia":[{"embeddable":true,"href":"https:\/\/ugwp.cfolks.pl\/bwb\/wp-json\/wp\/v2\/media\/5391"}],"wp:attachment":[{"href":"https:\/\/ugwp.cfolks.pl\/bwb\/wp-json\/wp\/v2\/media?parent=2521"}],"wp:term":[{"taxonomy":"product_cat","embeddable":true,"href":"https:\/\/ugwp.cfolks.pl\/bwb\/wp-json\/wp\/v2\/product_cat?post=2521"},{"taxonomy":"product_tag","embeddable":true,"href":"https:\/\/ugwp.cfolks.pl\/bwb\/wp-json\/wp\/v2\/product_tag?post=2521"}],"curies":[{"name":"wp","href":"https:\/\/api.w.org\/{rel}","templated":true}]}}