{"id":2501,"date":"2022-11-26T07:54:08","date_gmt":"2022-11-26T06:54:08","guid":{"rendered":"https:\/\/ugwp.cfolks.pl\/bwb\/?post_type=product&#038;p=2501"},"modified":"2023-02-26T13:34:45","modified_gmt":"2023-02-26T12:34:45","slug":"podkladka-stozkowa-z-gladka-podstawa-tmp","status":"publish","type":"product","link":"https:\/\/ugwp.cfolks.pl\/bwb\/produkt\/podkladka-stozkowa-z-gladka-podstawa-tmp\/","title":{"rendered":"Podk\u0142adka sto\u017ckowa z g\u0142adk\u0105 podstaw\u0105 \u2013 TMP"},"content":{"rendered":"","protected":false},"excerpt":{"rendered":"<ul>\n<li>Element dystansowy z du\u017c\u0105 powierzchni\u0105 przylegania do pod\u0142o\u017ca<\/li>\n<li>Z dwiema wysoko\u015bciami otuliny betonu<\/li>\n<li>Podk\u0142adka do zastosowania na mi\u0119kkim pod\u0142o\u017cu jak np. styropian, we\u0142na mineralna itp.<\/li>\n<li>Przeznaczona do podparcia pr\u0119t\u00f3w zbrojeniowych o \u015brednicy od 8 do 16 mm<\/li>\n<\/ul>\n","protected":false},"featured_media":3466,"template":"","meta":{"_acf_changed":false},"product_cat":[148],"product_tag":[],"class_list":{"0":"post-2501","1":"product","2":"type-product","3":"status-publish","4":"has-post-thumbnail","6":"product_cat-podkladki-plastikowe-punktowe","8":"first","9":"instock","10":"shipping-taxable","11":"product-type-simple"},"acf":[],"yoast_head":"<!-- This site is optimized with the Yoast SEO plugin v27.3 - https:\/\/yoast.com\/product\/yoast-seo-wordpress\/ -->\n<title>Podk\u0142adka dystansowa sto\u017ckowa z g\u0142adk\u0105 podstaw\u0105 \u2013 TMP<\/title>\n<meta name=\"description\" content=\"Element dystansowy z du\u017c\u0105 powierzchni\u0105 przylegania do pod\u0142o\u017ca. Podk\u0142adka do zastosowania na mi\u0119kkim pod\u0142o\u017cu jak np. styropian, we\u0142na mineralna itp.\" \/>\n<meta name=\"robots\" content=\"noindex, follow, max-snippet:-1, max-image-preview:large, max-video-preview:-1\" \/>\n<meta property=\"og:locale\" content=\"pl_PL\" \/>\n<meta property=\"og:type\" content=\"article\" \/>\n<meta property=\"og:title\" content=\"Podk\u0142adka dystansowa sto\u017ckowa z g\u0142adk\u0105 podstaw\u0105 \u2013 TMP\" \/>\n<meta property=\"og:description\" content=\"Element dystansowy z du\u017c\u0105 powierzchni\u0105 przylegania do pod\u0142o\u017ca. Podk\u0142adka do zastosowania na mi\u0119kkim pod\u0142o\u017cu jak np. styropian, we\u0142na mineralna itp.\" \/>\n<meta property=\"og:url\" content=\"https:\/\/ugwp.cfolks.pl\/bwb\/produkt\/podkladka-stozkowa-z-gladka-podstawa-tmp\/\" \/>\n<meta property=\"og:site_name\" content=\"BWB technology\" \/>\n<meta property=\"article:modified_time\" content=\"2023-02-26T12:34:45+00:00\" \/>\n<meta property=\"og:image\" content=\"https:\/\/ugwp.cfolks.pl\/bwb\/wp-content\/uploads\/Podkladka-stozkowa-z-gladka-podstawa-\u2013-TMP.jpg\" \/>\n\t<meta property=\"og:image:width\" content=\"1100\" \/>\n\t<meta property=\"og:image:height\" content=\"810\" \/>\n\t<meta property=\"og:image:type\" content=\"image\/jpeg\" \/>\n<meta name=\"twitter:card\" content=\"summary_large_image\" \/>\n<script type=\"application\/ld+json\" class=\"yoast-schema-graph\">{\"@context\":\"https:\\\/\\\/schema.org\",\"@graph\":[{\"@type\":\"WebPage\",\"@id\":\"https:\\\/\\\/ugwp.cfolks.pl\\\/bwb\\\/produkt\\\/podkladka-stozkowa-z-gladka-podstawa-tmp\\\/\",\"url\":\"https:\\\/\\\/ugwp.cfolks.pl\\\/bwb\\\/produkt\\\/podkladka-stozkowa-z-gladka-podstawa-tmp\\\/\",\"name\":\"Podk\u0142adka dystansowa sto\u017ckowa z g\u0142adk\u0105 podstaw\u0105 \u2013 TMP\",\"isPartOf\":{\"@id\":\"https:\\\/\\\/ugwp.cfolks.pl\\\/bwb\\\/#website\"},\"primaryImageOfPage\":{\"@id\":\"https:\\\/\\\/ugwp.cfolks.pl\\\/bwb\\\/produkt\\\/podkladka-stozkowa-z-gladka-podstawa-tmp\\\/#primaryimage\"},\"image\":{\"@id\":\"https:\\\/\\\/ugwp.cfolks.pl\\\/bwb\\\/produkt\\\/podkladka-stozkowa-z-gladka-podstawa-tmp\\\/#primaryimage\"},\"thumbnailUrl\":\"https:\\\/\\\/ugwp.cfolks.pl\\\/bwb\\\/wp-content\\\/uploads\\\/Podkladka-stozkowa-z-gladka-podstawa-\u2013-TMP.jpg\",\"datePublished\":\"2022-11-26T06:54:08+00:00\",\"dateModified\":\"2023-02-26T12:34:45+00:00\",\"description\":\"Element dystansowy z du\u017c\u0105 powierzchni\u0105 przylegania do pod\u0142o\u017ca. Podk\u0142adka do zastosowania na mi\u0119kkim pod\u0142o\u017cu jak np. styropian, we\u0142na mineralna itp.\",\"breadcrumb\":{\"@id\":\"https:\\\/\\\/ugwp.cfolks.pl\\\/bwb\\\/produkt\\\/podkladka-stozkowa-z-gladka-podstawa-tmp\\\/#breadcrumb\"},\"inLanguage\":\"pl-PL\",\"potentialAction\":[{\"@type\":\"ReadAction\",\"target\":[\"https:\\\/\\\/ugwp.cfolks.pl\\\/bwb\\\/produkt\\\/podkladka-stozkowa-z-gladka-podstawa-tmp\\\/\"]}]},{\"@type\":\"ImageObject\",\"inLanguage\":\"pl-PL\",\"@id\":\"https:\\\/\\\/ugwp.cfolks.pl\\\/bwb\\\/produkt\\\/podkladka-stozkowa-z-gladka-podstawa-tmp\\\/#primaryimage\",\"url\":\"https:\\\/\\\/ugwp.cfolks.pl\\\/bwb\\\/wp-content\\\/uploads\\\/Podkladka-stozkowa-z-gladka-podstawa-\u2013-TMP.jpg\",\"contentUrl\":\"https:\\\/\\\/ugwp.cfolks.pl\\\/bwb\\\/wp-content\\\/uploads\\\/Podkladka-stozkowa-z-gladka-podstawa-\u2013-TMP.jpg\",\"width\":1100,\"height\":810,\"caption\":\"Podk\u0142adka sto\u017ckowa z g\u0142adk\u0105 podstaw\u0105 \u2013 TMP\"},{\"@type\":\"BreadcrumbList\",\"@id\":\"https:\\\/\\\/ugwp.cfolks.pl\\\/bwb\\\/produkt\\\/podkladka-stozkowa-z-gladka-podstawa-tmp\\\/#breadcrumb\",\"itemListElement\":[{\"@type\":\"ListItem\",\"position\":1,\"name\":\"Strona g\u0142\u00f3wna\",\"item\":\"https:\\\/\\\/ugwp.cfolks.pl\\\/bwb\\\/\"},{\"@type\":\"ListItem\",\"position\":2,\"name\":\"Podk\u0142adki Dystansowe\",\"item\":\"https:\\\/\\\/ugwp.cfolks.pl\\\/bwb\\\/kategoria\\\/podkladki-dystansowe\\\/\"},{\"@type\":\"ListItem\",\"position\":3,\"name\":\"Podk\u0142adki plastikowe punktowe\",\"item\":\"https:\\\/\\\/ugwp.cfolks.pl\\\/bwb\\\/kategoria\\\/podkladki-dystansowe\\\/podkladki-plastikowe-punktowe\\\/\"},{\"@type\":\"ListItem\",\"position\":4,\"name\":\"Podk\u0142adka sto\u017ckowa z g\u0142adk\u0105 podstaw\u0105 \u2013 TMP\"}]},{\"@type\":\"WebSite\",\"@id\":\"https:\\\/\\\/ugwp.cfolks.pl\\\/bwb\\\/#website\",\"url\":\"https:\\\/\\\/ugwp.cfolks.pl\\\/bwb\\\/\",\"name\":\"BWB technology\",\"description\":\"Kolejna witryna oparta na WordPressie\",\"potentialAction\":[{\"@type\":\"SearchAction\",\"target\":{\"@type\":\"EntryPoint\",\"urlTemplate\":\"https:\\\/\\\/ugwp.cfolks.pl\\\/bwb\\\/?s={search_term_string}\"},\"query-input\":{\"@type\":\"PropertyValueSpecification\",\"valueRequired\":true,\"valueName\":\"search_term_string\"}}],\"inLanguage\":\"pl-PL\"}]}<\/script>\n<!-- \/ Yoast SEO plugin. -->","yoast_head_json":{"title":"Podk\u0142adka dystansowa sto\u017ckowa z g\u0142adk\u0105 podstaw\u0105 \u2013 TMP","description":"Element dystansowy z du\u017c\u0105 powierzchni\u0105 przylegania do pod\u0142o\u017ca. Podk\u0142adka do zastosowania na mi\u0119kkim pod\u0142o\u017cu jak np. styropian, we\u0142na mineralna itp.","robots":{"index":"noindex","follow":"follow","max-snippet":"max-snippet:-1","max-image-preview":"max-image-preview:large","max-video-preview":"max-video-preview:-1"},"og_locale":"pl_PL","og_type":"article","og_title":"Podk\u0142adka dystansowa sto\u017ckowa z g\u0142adk\u0105 podstaw\u0105 \u2013 TMP","og_description":"Element dystansowy z du\u017c\u0105 powierzchni\u0105 przylegania do pod\u0142o\u017ca. Podk\u0142adka do zastosowania na mi\u0119kkim pod\u0142o\u017cu jak np. styropian, we\u0142na mineralna itp.","og_url":"https:\/\/ugwp.cfolks.pl\/bwb\/produkt\/podkladka-stozkowa-z-gladka-podstawa-tmp\/","og_site_name":"BWB technology","article_modified_time":"2023-02-26T12:34:45+00:00","og_image":[{"width":1100,"height":810,"url":"https:\/\/ugwp.cfolks.pl\/bwb\/wp-content\/uploads\/Podkladka-stozkowa-z-gladka-podstawa-\u2013-TMP.jpg","type":"image\/jpeg"}],"twitter_card":"summary_large_image","schema":{"@context":"https:\/\/schema.org","@graph":[{"@type":"WebPage","@id":"https:\/\/ugwp.cfolks.pl\/bwb\/produkt\/podkladka-stozkowa-z-gladka-podstawa-tmp\/","url":"https:\/\/ugwp.cfolks.pl\/bwb\/produkt\/podkladka-stozkowa-z-gladka-podstawa-tmp\/","name":"Podk\u0142adka dystansowa sto\u017ckowa z g\u0142adk\u0105 podstaw\u0105 \u2013 TMP","isPartOf":{"@id":"https:\/\/ugwp.cfolks.pl\/bwb\/#website"},"primaryImageOfPage":{"@id":"https:\/\/ugwp.cfolks.pl\/bwb\/produkt\/podkladka-stozkowa-z-gladka-podstawa-tmp\/#primaryimage"},"image":{"@id":"https:\/\/ugwp.cfolks.pl\/bwb\/produkt\/podkladka-stozkowa-z-gladka-podstawa-tmp\/#primaryimage"},"thumbnailUrl":"https:\/\/ugwp.cfolks.pl\/bwb\/wp-content\/uploads\/Podkladka-stozkowa-z-gladka-podstawa-\u2013-TMP.jpg","datePublished":"2022-11-26T06:54:08+00:00","dateModified":"2023-02-26T12:34:45+00:00","description":"Element dystansowy z du\u017c\u0105 powierzchni\u0105 przylegania do pod\u0142o\u017ca. Podk\u0142adka do zastosowania na mi\u0119kkim pod\u0142o\u017cu jak np. styropian, we\u0142na mineralna itp.","breadcrumb":{"@id":"https:\/\/ugwp.cfolks.pl\/bwb\/produkt\/podkladka-stozkowa-z-gladka-podstawa-tmp\/#breadcrumb"},"inLanguage":"pl-PL","potentialAction":[{"@type":"ReadAction","target":["https:\/\/ugwp.cfolks.pl\/bwb\/produkt\/podkladka-stozkowa-z-gladka-podstawa-tmp\/"]}]},{"@type":"ImageObject","inLanguage":"pl-PL","@id":"https:\/\/ugwp.cfolks.pl\/bwb\/produkt\/podkladka-stozkowa-z-gladka-podstawa-tmp\/#primaryimage","url":"https:\/\/ugwp.cfolks.pl\/bwb\/wp-content\/uploads\/Podkladka-stozkowa-z-gladka-podstawa-\u2013-TMP.jpg","contentUrl":"https:\/\/ugwp.cfolks.pl\/bwb\/wp-content\/uploads\/Podkladka-stozkowa-z-gladka-podstawa-\u2013-TMP.jpg","width":1100,"height":810,"caption":"Podk\u0142adka sto\u017ckowa z g\u0142adk\u0105 podstaw\u0105 \u2013 TMP"},{"@type":"BreadcrumbList","@id":"https:\/\/ugwp.cfolks.pl\/bwb\/produkt\/podkladka-stozkowa-z-gladka-podstawa-tmp\/#breadcrumb","itemListElement":[{"@type":"ListItem","position":1,"name":"Strona g\u0142\u00f3wna","item":"https:\/\/ugwp.cfolks.pl\/bwb\/"},{"@type":"ListItem","position":2,"name":"Podk\u0142adki Dystansowe","item":"https:\/\/ugwp.cfolks.pl\/bwb\/kategoria\/podkladki-dystansowe\/"},{"@type":"ListItem","position":3,"name":"Podk\u0142adki plastikowe punktowe","item":"https:\/\/ugwp.cfolks.pl\/bwb\/kategoria\/podkladki-dystansowe\/podkladki-plastikowe-punktowe\/"},{"@type":"ListItem","position":4,"name":"Podk\u0142adka sto\u017ckowa z g\u0142adk\u0105 podstaw\u0105 \u2013 TMP"}]},{"@type":"WebSite","@id":"https:\/\/ugwp.cfolks.pl\/bwb\/#website","url":"https:\/\/ugwp.cfolks.pl\/bwb\/","name":"BWB technology","description":"Kolejna witryna oparta na WordPressie","potentialAction":[{"@type":"SearchAction","target":{"@type":"EntryPoint","urlTemplate":"https:\/\/ugwp.cfolks.pl\/bwb\/?s={search_term_string}"},"query-input":{"@type":"PropertyValueSpecification","valueRequired":true,"valueName":"search_term_string"}}],"inLanguage":"pl-PL"}]}},"_links":{"self":[{"href":"https:\/\/ugwp.cfolks.pl\/bwb\/wp-json\/wp\/v2\/product\/2501","targetHints":{"allow":["GET"]}}],"collection":[{"href":"https:\/\/ugwp.cfolks.pl\/bwb\/wp-json\/wp\/v2\/product"}],"about":[{"href":"https:\/\/ugwp.cfolks.pl\/bwb\/wp-json\/wp\/v2\/types\/product"}],"wp:featuredmedia":[{"embeddable":true,"href":"https:\/\/ugwp.cfolks.pl\/bwb\/wp-json\/wp\/v2\/media\/3466"}],"wp:attachment":[{"href":"https:\/\/ugwp.cfolks.pl\/bwb\/wp-json\/wp\/v2\/media?parent=2501"}],"wp:term":[{"taxonomy":"product_cat","embeddable":true,"href":"https:\/\/ugwp.cfolks.pl\/bwb\/wp-json\/wp\/v2\/product_cat?post=2501"},{"taxonomy":"product_tag","embeddable":true,"href":"https:\/\/ugwp.cfolks.pl\/bwb\/wp-json\/wp\/v2\/product_tag?post=2501"}],"curies":[{"name":"wp","href":"https:\/\/api.w.org\/{rel}","templated":true}]}}