{"id":2496,"date":"2022-11-26T07:53:33","date_gmt":"2022-11-26T06:53:33","guid":{"rendered":"https:\/\/ugwp.cfolks.pl\/bwb\/?post_type=product&#038;p=2496"},"modified":"2023-02-26T12:46:21","modified_gmt":"2023-02-26T11:46:21","slug":"podkladka-zaciskowa-z-plytka-askp","status":"publish","type":"product","link":"https:\/\/ugwp.cfolks.pl\/bwb\/produkt\/podkladka-zaciskowa-z-plytka-askp\/","title":{"rendered":"Podk\u0142adka zaciskowa z p\u0142ytk\u0105 \u2013 ASKP"},"content":{"rendered":"","protected":false},"excerpt":{"rendered":"<ul>\n<li>Stabilny element dystansowy z tworzywa sztucznego z elastyczn\u0105 cz\u0119\u015bci\u0105 zaciskow\u0105<\/li>\n<li>Du\u017ca podstawa idealna do stosowania na mi\u0119kkich pod\u0142o\u017cach lub izolacjach<\/li>\n<li>Przeznaczona do podparcia pr\u0119t\u00f3w zbrojeniowych o \u015brednicy od 8 do 16 mm<\/li>\n<li>Dzi\u0119ki swojej budowie podk\u0142adka zostaje ca\u0142kowicie otoczona betonem bardzo dobrze si\u0119 w nim kotwi\u0105c<\/li>\n<\/ul>\n","protected":false},"featured_media":3461,"template":"","meta":{"_acf_changed":false},"product_cat":[148],"product_tag":[],"class_list":{"0":"post-2496","1":"product","2":"type-product","3":"status-publish","4":"has-post-thumbnail","6":"product_cat-podkladki-plastikowe-punktowe","8":"first","9":"instock","10":"shipping-taxable","11":"product-type-simple"},"acf":[],"yoast_head":"<!-- This site is optimized with the Yoast SEO plugin v27.3 - https:\/\/yoast.com\/product\/yoast-seo-wordpress\/ -->\n<title>Podk\u0142adka zaciskowa z p\u0142ytk\u0105 \u2013 ASKP Podk\u0142adki Dystansowe<\/title>\n<meta name=\"description\" content=\"Stabilny element dystansowy z tworzywa sztucznego z elastyczn\u0105 cz\u0119\u015bci\u0105 zaciskow\u0105. Du\u017ca podstawa idealna do stosowania na mi\u0119kkich pod\u0142o\u017cach.\" \/>\n<meta name=\"robots\" content=\"noindex, follow, max-snippet:-1, max-image-preview:large, max-video-preview:-1\" \/>\n<meta property=\"og:locale\" content=\"pl_PL\" \/>\n<meta property=\"og:type\" content=\"article\" \/>\n<meta property=\"og:title\" content=\"Podk\u0142adka zaciskowa z p\u0142ytk\u0105 \u2013 ASKP Podk\u0142adki Dystansowe\" \/>\n<meta property=\"og:description\" content=\"Stabilny element dystansowy z tworzywa sztucznego z elastyczn\u0105 cz\u0119\u015bci\u0105 zaciskow\u0105. Du\u017ca podstawa idealna do stosowania na mi\u0119kkich pod\u0142o\u017cach.\" \/>\n<meta property=\"og:url\" content=\"https:\/\/ugwp.cfolks.pl\/bwb\/produkt\/podkladka-zaciskowa-z-plytka-askp\/\" \/>\n<meta property=\"og:site_name\" content=\"BWB technology\" \/>\n<meta property=\"article:modified_time\" content=\"2023-02-26T11:46:21+00:00\" \/>\n<meta property=\"og:image\" content=\"https:\/\/ugwp.cfolks.pl\/bwb\/wp-content\/uploads\/Podkladka-zaciskowa-z-plytka-\u2013-ASKP.jpg\" \/>\n\t<meta property=\"og:image:width\" content=\"1100\" \/>\n\t<meta property=\"og:image:height\" content=\"810\" \/>\n\t<meta property=\"og:image:type\" content=\"image\/jpeg\" \/>\n<meta name=\"twitter:card\" content=\"summary_large_image\" \/>\n<script type=\"application\/ld+json\" class=\"yoast-schema-graph\">{\"@context\":\"https:\\\/\\\/schema.org\",\"@graph\":[{\"@type\":\"WebPage\",\"@id\":\"https:\\\/\\\/ugwp.cfolks.pl\\\/bwb\\\/produkt\\\/podkladka-zaciskowa-z-plytka-askp\\\/\",\"url\":\"https:\\\/\\\/ugwp.cfolks.pl\\\/bwb\\\/produkt\\\/podkladka-zaciskowa-z-plytka-askp\\\/\",\"name\":\"Podk\u0142adka zaciskowa z p\u0142ytk\u0105 \u2013 ASKP Podk\u0142adki Dystansowe\",\"isPartOf\":{\"@id\":\"https:\\\/\\\/ugwp.cfolks.pl\\\/bwb\\\/#website\"},\"primaryImageOfPage\":{\"@id\":\"https:\\\/\\\/ugwp.cfolks.pl\\\/bwb\\\/produkt\\\/podkladka-zaciskowa-z-plytka-askp\\\/#primaryimage\"},\"image\":{\"@id\":\"https:\\\/\\\/ugwp.cfolks.pl\\\/bwb\\\/produkt\\\/podkladka-zaciskowa-z-plytka-askp\\\/#primaryimage\"},\"thumbnailUrl\":\"https:\\\/\\\/ugwp.cfolks.pl\\\/bwb\\\/wp-content\\\/uploads\\\/Podkladka-zaciskowa-z-plytka-\u2013-ASKP.jpg\",\"datePublished\":\"2022-11-26T06:53:33+00:00\",\"dateModified\":\"2023-02-26T11:46:21+00:00\",\"description\":\"Stabilny element dystansowy z tworzywa sztucznego z elastyczn\u0105 cz\u0119\u015bci\u0105 zaciskow\u0105. Du\u017ca podstawa idealna do stosowania na mi\u0119kkich pod\u0142o\u017cach.\",\"breadcrumb\":{\"@id\":\"https:\\\/\\\/ugwp.cfolks.pl\\\/bwb\\\/produkt\\\/podkladka-zaciskowa-z-plytka-askp\\\/#breadcrumb\"},\"inLanguage\":\"pl-PL\",\"potentialAction\":[{\"@type\":\"ReadAction\",\"target\":[\"https:\\\/\\\/ugwp.cfolks.pl\\\/bwb\\\/produkt\\\/podkladka-zaciskowa-z-plytka-askp\\\/\"]}]},{\"@type\":\"ImageObject\",\"inLanguage\":\"pl-PL\",\"@id\":\"https:\\\/\\\/ugwp.cfolks.pl\\\/bwb\\\/produkt\\\/podkladka-zaciskowa-z-plytka-askp\\\/#primaryimage\",\"url\":\"https:\\\/\\\/ugwp.cfolks.pl\\\/bwb\\\/wp-content\\\/uploads\\\/Podkladka-zaciskowa-z-plytka-\u2013-ASKP.jpg\",\"contentUrl\":\"https:\\\/\\\/ugwp.cfolks.pl\\\/bwb\\\/wp-content\\\/uploads\\\/Podkladka-zaciskowa-z-plytka-\u2013-ASKP.jpg\",\"width\":1100,\"height\":810,\"caption\":\"Podk\u0142adka zaciskowa z p\u0142ytk\u0105 \u2013 ASKP\"},{\"@type\":\"BreadcrumbList\",\"@id\":\"https:\\\/\\\/ugwp.cfolks.pl\\\/bwb\\\/produkt\\\/podkladka-zaciskowa-z-plytka-askp\\\/#breadcrumb\",\"itemListElement\":[{\"@type\":\"ListItem\",\"position\":1,\"name\":\"Strona g\u0142\u00f3wna\",\"item\":\"https:\\\/\\\/ugwp.cfolks.pl\\\/bwb\\\/\"},{\"@type\":\"ListItem\",\"position\":2,\"name\":\"Podk\u0142adki Dystansowe\",\"item\":\"https:\\\/\\\/ugwp.cfolks.pl\\\/bwb\\\/kategoria\\\/podkladki-dystansowe\\\/\"},{\"@type\":\"ListItem\",\"position\":3,\"name\":\"Podk\u0142adki plastikowe punktowe\",\"item\":\"https:\\\/\\\/ugwp.cfolks.pl\\\/bwb\\\/kategoria\\\/podkladki-dystansowe\\\/podkladki-plastikowe-punktowe\\\/\"},{\"@type\":\"ListItem\",\"position\":4,\"name\":\"Podk\u0142adka zaciskowa z p\u0142ytk\u0105 \u2013 ASKP\"}]},{\"@type\":\"WebSite\",\"@id\":\"https:\\\/\\\/ugwp.cfolks.pl\\\/bwb\\\/#website\",\"url\":\"https:\\\/\\\/ugwp.cfolks.pl\\\/bwb\\\/\",\"name\":\"BWB technology\",\"description\":\"Kolejna witryna oparta na WordPressie\",\"potentialAction\":[{\"@type\":\"SearchAction\",\"target\":{\"@type\":\"EntryPoint\",\"urlTemplate\":\"https:\\\/\\\/ugwp.cfolks.pl\\\/bwb\\\/?s={search_term_string}\"},\"query-input\":{\"@type\":\"PropertyValueSpecification\",\"valueRequired\":true,\"valueName\":\"search_term_string\"}}],\"inLanguage\":\"pl-PL\"}]}<\/script>\n<!-- \/ Yoast SEO plugin. -->","yoast_head_json":{"title":"Podk\u0142adka zaciskowa z p\u0142ytk\u0105 \u2013 ASKP Podk\u0142adki Dystansowe","description":"Stabilny element dystansowy z tworzywa sztucznego z elastyczn\u0105 cz\u0119\u015bci\u0105 zaciskow\u0105. Du\u017ca podstawa idealna do stosowania na mi\u0119kkich pod\u0142o\u017cach.","robots":{"index":"noindex","follow":"follow","max-snippet":"max-snippet:-1","max-image-preview":"max-image-preview:large","max-video-preview":"max-video-preview:-1"},"og_locale":"pl_PL","og_type":"article","og_title":"Podk\u0142adka zaciskowa z p\u0142ytk\u0105 \u2013 ASKP Podk\u0142adki Dystansowe","og_description":"Stabilny element dystansowy z tworzywa sztucznego z elastyczn\u0105 cz\u0119\u015bci\u0105 zaciskow\u0105. Du\u017ca podstawa idealna do stosowania na mi\u0119kkich pod\u0142o\u017cach.","og_url":"https:\/\/ugwp.cfolks.pl\/bwb\/produkt\/podkladka-zaciskowa-z-plytka-askp\/","og_site_name":"BWB technology","article_modified_time":"2023-02-26T11:46:21+00:00","og_image":[{"width":1100,"height":810,"url":"https:\/\/ugwp.cfolks.pl\/bwb\/wp-content\/uploads\/Podkladka-zaciskowa-z-plytka-\u2013-ASKP.jpg","type":"image\/jpeg"}],"twitter_card":"summary_large_image","schema":{"@context":"https:\/\/schema.org","@graph":[{"@type":"WebPage","@id":"https:\/\/ugwp.cfolks.pl\/bwb\/produkt\/podkladka-zaciskowa-z-plytka-askp\/","url":"https:\/\/ugwp.cfolks.pl\/bwb\/produkt\/podkladka-zaciskowa-z-plytka-askp\/","name":"Podk\u0142adka zaciskowa z p\u0142ytk\u0105 \u2013 ASKP Podk\u0142adki Dystansowe","isPartOf":{"@id":"https:\/\/ugwp.cfolks.pl\/bwb\/#website"},"primaryImageOfPage":{"@id":"https:\/\/ugwp.cfolks.pl\/bwb\/produkt\/podkladka-zaciskowa-z-plytka-askp\/#primaryimage"},"image":{"@id":"https:\/\/ugwp.cfolks.pl\/bwb\/produkt\/podkladka-zaciskowa-z-plytka-askp\/#primaryimage"},"thumbnailUrl":"https:\/\/ugwp.cfolks.pl\/bwb\/wp-content\/uploads\/Podkladka-zaciskowa-z-plytka-\u2013-ASKP.jpg","datePublished":"2022-11-26T06:53:33+00:00","dateModified":"2023-02-26T11:46:21+00:00","description":"Stabilny element dystansowy z tworzywa sztucznego z elastyczn\u0105 cz\u0119\u015bci\u0105 zaciskow\u0105. Du\u017ca podstawa idealna do stosowania na mi\u0119kkich pod\u0142o\u017cach.","breadcrumb":{"@id":"https:\/\/ugwp.cfolks.pl\/bwb\/produkt\/podkladka-zaciskowa-z-plytka-askp\/#breadcrumb"},"inLanguage":"pl-PL","potentialAction":[{"@type":"ReadAction","target":["https:\/\/ugwp.cfolks.pl\/bwb\/produkt\/podkladka-zaciskowa-z-plytka-askp\/"]}]},{"@type":"ImageObject","inLanguage":"pl-PL","@id":"https:\/\/ugwp.cfolks.pl\/bwb\/produkt\/podkladka-zaciskowa-z-plytka-askp\/#primaryimage","url":"https:\/\/ugwp.cfolks.pl\/bwb\/wp-content\/uploads\/Podkladka-zaciskowa-z-plytka-\u2013-ASKP.jpg","contentUrl":"https:\/\/ugwp.cfolks.pl\/bwb\/wp-content\/uploads\/Podkladka-zaciskowa-z-plytka-\u2013-ASKP.jpg","width":1100,"height":810,"caption":"Podk\u0142adka zaciskowa z p\u0142ytk\u0105 \u2013 ASKP"},{"@type":"BreadcrumbList","@id":"https:\/\/ugwp.cfolks.pl\/bwb\/produkt\/podkladka-zaciskowa-z-plytka-askp\/#breadcrumb","itemListElement":[{"@type":"ListItem","position":1,"name":"Strona g\u0142\u00f3wna","item":"https:\/\/ugwp.cfolks.pl\/bwb\/"},{"@type":"ListItem","position":2,"name":"Podk\u0142adki Dystansowe","item":"https:\/\/ugwp.cfolks.pl\/bwb\/kategoria\/podkladki-dystansowe\/"},{"@type":"ListItem","position":3,"name":"Podk\u0142adki plastikowe punktowe","item":"https:\/\/ugwp.cfolks.pl\/bwb\/kategoria\/podkladki-dystansowe\/podkladki-plastikowe-punktowe\/"},{"@type":"ListItem","position":4,"name":"Podk\u0142adka zaciskowa z p\u0142ytk\u0105 \u2013 ASKP"}]},{"@type":"WebSite","@id":"https:\/\/ugwp.cfolks.pl\/bwb\/#website","url":"https:\/\/ugwp.cfolks.pl\/bwb\/","name":"BWB technology","description":"Kolejna witryna oparta na WordPressie","potentialAction":[{"@type":"SearchAction","target":{"@type":"EntryPoint","urlTemplate":"https:\/\/ugwp.cfolks.pl\/bwb\/?s={search_term_string}"},"query-input":{"@type":"PropertyValueSpecification","valueRequired":true,"valueName":"search_term_string"}}],"inLanguage":"pl-PL"}]}},"_links":{"self":[{"href":"https:\/\/ugwp.cfolks.pl\/bwb\/wp-json\/wp\/v2\/product\/2496","targetHints":{"allow":["GET"]}}],"collection":[{"href":"https:\/\/ugwp.cfolks.pl\/bwb\/wp-json\/wp\/v2\/product"}],"about":[{"href":"https:\/\/ugwp.cfolks.pl\/bwb\/wp-json\/wp\/v2\/types\/product"}],"wp:featuredmedia":[{"embeddable":true,"href":"https:\/\/ugwp.cfolks.pl\/bwb\/wp-json\/wp\/v2\/media\/3461"}],"wp:attachment":[{"href":"https:\/\/ugwp.cfolks.pl\/bwb\/wp-json\/wp\/v2\/media?parent=2496"}],"wp:term":[{"taxonomy":"product_cat","embeddable":true,"href":"https:\/\/ugwp.cfolks.pl\/bwb\/wp-json\/wp\/v2\/product_cat?post=2496"},{"taxonomy":"product_tag","embeddable":true,"href":"https:\/\/ugwp.cfolks.pl\/bwb\/wp-json\/wp\/v2\/product_tag?post=2496"}],"curies":[{"name":"wp","href":"https:\/\/api.w.org\/{rel}","templated":true}]}}