{"id":2470,"date":"2022-11-26T07:23:53","date_gmt":"2022-11-26T06:23:53","guid":{"rendered":"https:\/\/ugwp.cfolks.pl\/bwb\/?post_type=product&#038;p=2470"},"modified":"2024-09-06T15:20:54","modified_gmt":"2024-09-06T13:20:54","slug":"dybel-do-izolacji-termicznej-ipd","status":"publish","type":"product","link":"https:\/\/ugwp.cfolks.pl\/bwb\/produkt\/dybel-do-izolacji-termicznej-ipd\/","title":{"rendered":"Dybel do izolacji termicznej \u2013 IPD"},"content":{"rendered":"","protected":false},"excerpt":{"rendered":"<ul>\n<li>Zawiera ko\u0142ek gwo\u017adziowy<\/li>\n<li>Nadaje si\u0119 r\u00f3wnie\u017c do stosowania na pod\u0142o\u017cu o ma\u0142ej no\u015bno\u015bci<\/li>\n<li>Do otwor\u00f3w 10 mm, p\u0142yta o \u015brednicy 60 mm<\/li>\n<li>Nadaje si\u0119 do betonu, kamienia naturalnego, ceg\u0142y pe\u0142nej i wielu innych materia\u0142\u00f3w budowlanych o \u015bredniej i wysokiej wytrzyma\u0142o\u015bci<\/li>\n<\/ul>\n","protected":false},"featured_media":6587,"template":"","meta":{"_acf_changed":false},"product_cat":[158],"product_tag":[],"class_list":{"0":"post-2470","1":"product","2":"type-product","3":"status-publish","4":"has-post-thumbnail","6":"product_cat-akcesoria-pomocnicze","8":"first","9":"instock","10":"shipping-taxable","11":"product-type-simple"},"acf":[],"yoast_head":"<!-- This site is optimized with the Yoast SEO plugin v27.3 - https:\/\/yoast.com\/product\/yoast-seo-wordpress\/ -->\n<title>Dybel do izolacji termicznej \u2013 IPD Akcesoria Szalunkowe<\/title>\n<meta name=\"description\" content=\"Zawiera ko\u0142ek gwo\u017adziowy. Nadaje si\u0119 r\u00f3wnie\u017c do stosowania na pod\u0142o\u017cu o ma\u0142ej no\u015bno\u015bci. Do otwor\u00f3w 10 mm, p\u0142yta o \u015brednicy 60 mm. Nadaje si\u0119 do betonu.\" \/>\n<meta name=\"robots\" content=\"noindex, follow, max-snippet:-1, max-image-preview:large, max-video-preview:-1\" \/>\n<meta property=\"og:locale\" content=\"pl_PL\" \/>\n<meta property=\"og:type\" content=\"article\" \/>\n<meta property=\"og:title\" content=\"Dybel do izolacji termicznej \u2013 IPD Akcesoria Szalunkowe\" \/>\n<meta property=\"og:description\" content=\"Zawiera ko\u0142ek gwo\u017adziowy. Nadaje si\u0119 r\u00f3wnie\u017c do stosowania na pod\u0142o\u017cu o ma\u0142ej no\u015bno\u015bci. Do otwor\u00f3w 10 mm, p\u0142yta o \u015brednicy 60 mm. Nadaje si\u0119 do betonu.\" \/>\n<meta property=\"og:url\" content=\"https:\/\/ugwp.cfolks.pl\/bwb\/produkt\/dybel-do-izolacji-termicznej-ipd\/\" \/>\n<meta property=\"og:site_name\" content=\"BWB technology\" \/>\n<meta property=\"article:modified_time\" content=\"2024-09-06T13:20:54+00:00\" \/>\n<meta property=\"og:image\" content=\"https:\/\/ugwp.cfolks.pl\/bwb\/wp-content\/uploads\/Dybel-do-izolacji-termicznej-\u2013-IPD.jpg\" \/>\n\t<meta property=\"og:image:width\" content=\"1100\" \/>\n\t<meta property=\"og:image:height\" content=\"810\" \/>\n\t<meta property=\"og:image:type\" content=\"image\/jpeg\" \/>\n<meta name=\"twitter:card\" content=\"summary_large_image\" \/>\n<meta name=\"twitter:label1\" content=\"Szacowany czas czytania\" \/>\n\t<meta name=\"twitter:data1\" content=\"1 minuta\" \/>\n<script type=\"application\/ld+json\" class=\"yoast-schema-graph\">{\"@context\":\"https:\\\/\\\/schema.org\",\"@graph\":[{\"@type\":\"WebPage\",\"@id\":\"https:\\\/\\\/ugwp.cfolks.pl\\\/bwb\\\/produkt\\\/dybel-do-izolacji-termicznej-ipd\\\/\",\"url\":\"https:\\\/\\\/ugwp.cfolks.pl\\\/bwb\\\/produkt\\\/dybel-do-izolacji-termicznej-ipd\\\/\",\"name\":\"Dybel do izolacji termicznej \u2013 IPD Akcesoria Szalunkowe\",\"isPartOf\":{\"@id\":\"https:\\\/\\\/ugwp.cfolks.pl\\\/bwb\\\/#website\"},\"primaryImageOfPage\":{\"@id\":\"https:\\\/\\\/ugwp.cfolks.pl\\\/bwb\\\/produkt\\\/dybel-do-izolacji-termicznej-ipd\\\/#primaryimage\"},\"image\":{\"@id\":\"https:\\\/\\\/ugwp.cfolks.pl\\\/bwb\\\/produkt\\\/dybel-do-izolacji-termicznej-ipd\\\/#primaryimage\"},\"thumbnailUrl\":\"https:\\\/\\\/ugwp.cfolks.pl\\\/bwb\\\/wp-content\\\/uploads\\\/Dybel-do-izolacji-termicznej-\u2013-IPD.jpg\",\"datePublished\":\"2022-11-26T06:23:53+00:00\",\"dateModified\":\"2024-09-06T13:20:54+00:00\",\"description\":\"Zawiera ko\u0142ek gwo\u017adziowy. Nadaje si\u0119 r\u00f3wnie\u017c do stosowania na pod\u0142o\u017cu o ma\u0142ej no\u015bno\u015bci. Do otwor\u00f3w 10 mm, p\u0142yta o \u015brednicy 60 mm. Nadaje si\u0119 do betonu.\",\"breadcrumb\":{\"@id\":\"https:\\\/\\\/ugwp.cfolks.pl\\\/bwb\\\/produkt\\\/dybel-do-izolacji-termicznej-ipd\\\/#breadcrumb\"},\"inLanguage\":\"pl-PL\",\"potentialAction\":[{\"@type\":\"ReadAction\",\"target\":[\"https:\\\/\\\/ugwp.cfolks.pl\\\/bwb\\\/produkt\\\/dybel-do-izolacji-termicznej-ipd\\\/\"]}]},{\"@type\":\"ImageObject\",\"inLanguage\":\"pl-PL\",\"@id\":\"https:\\\/\\\/ugwp.cfolks.pl\\\/bwb\\\/produkt\\\/dybel-do-izolacji-termicznej-ipd\\\/#primaryimage\",\"url\":\"https:\\\/\\\/ugwp.cfolks.pl\\\/bwb\\\/wp-content\\\/uploads\\\/Dybel-do-izolacji-termicznej-\u2013-IPD.jpg\",\"contentUrl\":\"https:\\\/\\\/ugwp.cfolks.pl\\\/bwb\\\/wp-content\\\/uploads\\\/Dybel-do-izolacji-termicznej-\u2013-IPD.jpg\",\"width\":1100,\"height\":810,\"caption\":\"Dybel do izolacji termicznej \u2013 IPD\"},{\"@type\":\"BreadcrumbList\",\"@id\":\"https:\\\/\\\/ugwp.cfolks.pl\\\/bwb\\\/produkt\\\/dybel-do-izolacji-termicznej-ipd\\\/#breadcrumb\",\"itemListElement\":[{\"@type\":\"ListItem\",\"position\":1,\"name\":\"Strona g\u0142\u00f3wna\",\"item\":\"https:\\\/\\\/ugwp.cfolks.pl\\\/bwb\\\/\"},{\"@type\":\"ListItem\",\"position\":2,\"name\":\"Akcesoria Szalunkowe\",\"item\":\"https:\\\/\\\/ugwp.cfolks.pl\\\/bwb\\\/kategoria\\\/akcesoria-szalunkowe\\\/\"},{\"@type\":\"ListItem\",\"position\":3,\"name\":\"Akcesoria pomocnicze\",\"item\":\"https:\\\/\\\/ugwp.cfolks.pl\\\/bwb\\\/kategoria\\\/akcesoria-szalunkowe\\\/akcesoria-pomocnicze\\\/\"},{\"@type\":\"ListItem\",\"position\":4,\"name\":\"Dybel do izolacji termicznej \u2013 IPD\"}]},{\"@type\":\"WebSite\",\"@id\":\"https:\\\/\\\/ugwp.cfolks.pl\\\/bwb\\\/#website\",\"url\":\"https:\\\/\\\/ugwp.cfolks.pl\\\/bwb\\\/\",\"name\":\"BWB technology\",\"description\":\"Kolejna witryna oparta na WordPressie\",\"potentialAction\":[{\"@type\":\"SearchAction\",\"target\":{\"@type\":\"EntryPoint\",\"urlTemplate\":\"https:\\\/\\\/ugwp.cfolks.pl\\\/bwb\\\/?s={search_term_string}\"},\"query-input\":{\"@type\":\"PropertyValueSpecification\",\"valueRequired\":true,\"valueName\":\"search_term_string\"}}],\"inLanguage\":\"pl-PL\"}]}<\/script>\n<!-- \/ Yoast SEO plugin. -->","yoast_head_json":{"title":"Dybel do izolacji termicznej \u2013 IPD Akcesoria Szalunkowe","description":"Zawiera ko\u0142ek gwo\u017adziowy. Nadaje si\u0119 r\u00f3wnie\u017c do stosowania na pod\u0142o\u017cu o ma\u0142ej no\u015bno\u015bci. Do otwor\u00f3w 10 mm, p\u0142yta o \u015brednicy 60 mm. Nadaje si\u0119 do betonu.","robots":{"index":"noindex","follow":"follow","max-snippet":"max-snippet:-1","max-image-preview":"max-image-preview:large","max-video-preview":"max-video-preview:-1"},"og_locale":"pl_PL","og_type":"article","og_title":"Dybel do izolacji termicznej \u2013 IPD Akcesoria Szalunkowe","og_description":"Zawiera ko\u0142ek gwo\u017adziowy. Nadaje si\u0119 r\u00f3wnie\u017c do stosowania na pod\u0142o\u017cu o ma\u0142ej no\u015bno\u015bci. Do otwor\u00f3w 10 mm, p\u0142yta o \u015brednicy 60 mm. Nadaje si\u0119 do betonu.","og_url":"https:\/\/ugwp.cfolks.pl\/bwb\/produkt\/dybel-do-izolacji-termicznej-ipd\/","og_site_name":"BWB technology","article_modified_time":"2024-09-06T13:20:54+00:00","og_image":[{"width":1100,"height":810,"url":"https:\/\/ugwp.cfolks.pl\/bwb\/wp-content\/uploads\/Dybel-do-izolacji-termicznej-\u2013-IPD.jpg","type":"image\/jpeg"}],"twitter_card":"summary_large_image","twitter_misc":{"Szacowany czas czytania":"1 minuta"},"schema":{"@context":"https:\/\/schema.org","@graph":[{"@type":"WebPage","@id":"https:\/\/ugwp.cfolks.pl\/bwb\/produkt\/dybel-do-izolacji-termicznej-ipd\/","url":"https:\/\/ugwp.cfolks.pl\/bwb\/produkt\/dybel-do-izolacji-termicznej-ipd\/","name":"Dybel do izolacji termicznej \u2013 IPD Akcesoria Szalunkowe","isPartOf":{"@id":"https:\/\/ugwp.cfolks.pl\/bwb\/#website"},"primaryImageOfPage":{"@id":"https:\/\/ugwp.cfolks.pl\/bwb\/produkt\/dybel-do-izolacji-termicznej-ipd\/#primaryimage"},"image":{"@id":"https:\/\/ugwp.cfolks.pl\/bwb\/produkt\/dybel-do-izolacji-termicznej-ipd\/#primaryimage"},"thumbnailUrl":"https:\/\/ugwp.cfolks.pl\/bwb\/wp-content\/uploads\/Dybel-do-izolacji-termicznej-\u2013-IPD.jpg","datePublished":"2022-11-26T06:23:53+00:00","dateModified":"2024-09-06T13:20:54+00:00","description":"Zawiera ko\u0142ek gwo\u017adziowy. Nadaje si\u0119 r\u00f3wnie\u017c do stosowania na pod\u0142o\u017cu o ma\u0142ej no\u015bno\u015bci. Do otwor\u00f3w 10 mm, p\u0142yta o \u015brednicy 60 mm. Nadaje si\u0119 do betonu.","breadcrumb":{"@id":"https:\/\/ugwp.cfolks.pl\/bwb\/produkt\/dybel-do-izolacji-termicznej-ipd\/#breadcrumb"},"inLanguage":"pl-PL","potentialAction":[{"@type":"ReadAction","target":["https:\/\/ugwp.cfolks.pl\/bwb\/produkt\/dybel-do-izolacji-termicznej-ipd\/"]}]},{"@type":"ImageObject","inLanguage":"pl-PL","@id":"https:\/\/ugwp.cfolks.pl\/bwb\/produkt\/dybel-do-izolacji-termicznej-ipd\/#primaryimage","url":"https:\/\/ugwp.cfolks.pl\/bwb\/wp-content\/uploads\/Dybel-do-izolacji-termicznej-\u2013-IPD.jpg","contentUrl":"https:\/\/ugwp.cfolks.pl\/bwb\/wp-content\/uploads\/Dybel-do-izolacji-termicznej-\u2013-IPD.jpg","width":1100,"height":810,"caption":"Dybel do izolacji termicznej \u2013 IPD"},{"@type":"BreadcrumbList","@id":"https:\/\/ugwp.cfolks.pl\/bwb\/produkt\/dybel-do-izolacji-termicznej-ipd\/#breadcrumb","itemListElement":[{"@type":"ListItem","position":1,"name":"Strona g\u0142\u00f3wna","item":"https:\/\/ugwp.cfolks.pl\/bwb\/"},{"@type":"ListItem","position":2,"name":"Akcesoria Szalunkowe","item":"https:\/\/ugwp.cfolks.pl\/bwb\/kategoria\/akcesoria-szalunkowe\/"},{"@type":"ListItem","position":3,"name":"Akcesoria pomocnicze","item":"https:\/\/ugwp.cfolks.pl\/bwb\/kategoria\/akcesoria-szalunkowe\/akcesoria-pomocnicze\/"},{"@type":"ListItem","position":4,"name":"Dybel do izolacji termicznej \u2013 IPD"}]},{"@type":"WebSite","@id":"https:\/\/ugwp.cfolks.pl\/bwb\/#website","url":"https:\/\/ugwp.cfolks.pl\/bwb\/","name":"BWB technology","description":"Kolejna witryna oparta na WordPressie","potentialAction":[{"@type":"SearchAction","target":{"@type":"EntryPoint","urlTemplate":"https:\/\/ugwp.cfolks.pl\/bwb\/?s={search_term_string}"},"query-input":{"@type":"PropertyValueSpecification","valueRequired":true,"valueName":"search_term_string"}}],"inLanguage":"pl-PL"}]}},"_links":{"self":[{"href":"https:\/\/ugwp.cfolks.pl\/bwb\/wp-json\/wp\/v2\/product\/2470","targetHints":{"allow":["GET"]}}],"collection":[{"href":"https:\/\/ugwp.cfolks.pl\/bwb\/wp-json\/wp\/v2\/product"}],"about":[{"href":"https:\/\/ugwp.cfolks.pl\/bwb\/wp-json\/wp\/v2\/types\/product"}],"wp:featuredmedia":[{"embeddable":true,"href":"https:\/\/ugwp.cfolks.pl\/bwb\/wp-json\/wp\/v2\/media\/6587"}],"wp:attachment":[{"href":"https:\/\/ugwp.cfolks.pl\/bwb\/wp-json\/wp\/v2\/media?parent=2470"}],"wp:term":[{"taxonomy":"product_cat","embeddable":true,"href":"https:\/\/ugwp.cfolks.pl\/bwb\/wp-json\/wp\/v2\/product_cat?post=2470"},{"taxonomy":"product_tag","embeddable":true,"href":"https:\/\/ugwp.cfolks.pl\/bwb\/wp-json\/wp\/v2\/product_tag?post=2470"}],"curies":[{"name":"wp","href":"https:\/\/api.w.org\/{rel}","templated":true}]}}