{"id":2461,"date":"2022-11-26T07:22:46","date_gmt":"2022-11-26T06:22:46","guid":{"rendered":"https:\/\/ugwp.cfolks.pl\/bwb\/?post_type=product&#038;p=2461"},"modified":"2024-05-10T12:34:50","modified_gmt":"2024-05-10T10:34:50","slug":"kolek-do-scian-podwojnych-dwd","status":"publish","type":"product","link":"https:\/\/ugwp.cfolks.pl\/bwb\/produkt\/kolek-do-scian-podwojnych-dwd\/","title":{"rendered":"Ko\u0142ek do \u015bcian podw\u00f3jnych \u2013 DWD"},"content":{"rendered":"","protected":false},"excerpt":{"rendered":"<ul>\n<li>Plastikowy ko\u0142ek do mocowania poprzeczek<\/li>\n<li>Do zastosowania w \u015bcianach podw\u00f3jnych<\/li>\n<li>Dost\u0119pne r\u00f3wnie\u017c w wersji z papierem ochronnym (DWD 12 S) oraz z p\u0142ytk\u0105 samoprzylepn\u0105 (DWD 12 K)<\/li>\n<li>Certyfikat dost\u0119pny na zapytanie<\/li>\n<\/ul>\n","protected":false},"featured_media":5249,"template":"","meta":{"_acf_changed":false},"product_cat":[158],"product_tag":[],"class_list":{"0":"post-2461","1":"product","2":"type-product","3":"status-publish","4":"has-post-thumbnail","6":"product_cat-akcesoria-pomocnicze","8":"first","9":"instock","10":"shipping-taxable","11":"product-type-simple"},"acf":[],"yoast_head":"<!-- This site is optimized with the Yoast SEO plugin v27.3 - https:\/\/yoast.com\/product\/yoast-seo-wordpress\/ -->\n<title>Ko\u0142ek Plastikowy do \u015bcian podw\u00f3jnych \u2013 DWD<\/title>\n<meta name=\"description\" content=\"Plastikowy ko\u0142ek do mocowania poprzeczek. Do zastosowania w \u015bcianach podw\u00f3jnych. Dost\u0119pne r\u00f3wnie\u017c w wersji z papierem ochronnym (DWD 12 S).\" \/>\n<meta name=\"robots\" content=\"noindex, follow, max-snippet:-1, max-image-preview:large, max-video-preview:-1\" \/>\n<meta property=\"og:locale\" content=\"pl_PL\" \/>\n<meta property=\"og:type\" content=\"article\" \/>\n<meta property=\"og:title\" content=\"Ko\u0142ek Plastikowy do \u015bcian podw\u00f3jnych \u2013 DWD\" \/>\n<meta property=\"og:description\" content=\"Plastikowy ko\u0142ek do mocowania poprzeczek. Do zastosowania w \u015bcianach podw\u00f3jnych. Dost\u0119pne r\u00f3wnie\u017c w wersji z papierem ochronnym (DWD 12 S).\" \/>\n<meta property=\"og:url\" content=\"https:\/\/ugwp.cfolks.pl\/bwb\/produkt\/kolek-do-scian-podwojnych-dwd\/\" \/>\n<meta property=\"og:site_name\" content=\"BWB technology\" \/>\n<meta property=\"article:modified_time\" content=\"2024-05-10T10:34:50+00:00\" \/>\n<meta property=\"og:image\" content=\"https:\/\/ugwp.cfolks.pl\/bwb\/wp-content\/uploads\/Kolek-do-scian-podwojnych-\u2013-DWD.jpg\" \/>\n\t<meta property=\"og:image:width\" content=\"1100\" \/>\n\t<meta property=\"og:image:height\" content=\"810\" \/>\n\t<meta property=\"og:image:type\" content=\"image\/jpeg\" \/>\n<meta name=\"twitter:card\" content=\"summary_large_image\" \/>\n<meta name=\"twitter:label1\" content=\"Szacowany czas czytania\" \/>\n\t<meta name=\"twitter:data1\" content=\"1 minuta\" \/>\n<script type=\"application\/ld+json\" class=\"yoast-schema-graph\">{\"@context\":\"https:\\\/\\\/schema.org\",\"@graph\":[{\"@type\":\"WebPage\",\"@id\":\"https:\\\/\\\/ugwp.cfolks.pl\\\/bwb\\\/produkt\\\/kolek-do-scian-podwojnych-dwd\\\/\",\"url\":\"https:\\\/\\\/ugwp.cfolks.pl\\\/bwb\\\/produkt\\\/kolek-do-scian-podwojnych-dwd\\\/\",\"name\":\"Ko\u0142ek Plastikowy do \u015bcian podw\u00f3jnych \u2013 DWD\",\"isPartOf\":{\"@id\":\"https:\\\/\\\/ugwp.cfolks.pl\\\/bwb\\\/#website\"},\"primaryImageOfPage\":{\"@id\":\"https:\\\/\\\/ugwp.cfolks.pl\\\/bwb\\\/produkt\\\/kolek-do-scian-podwojnych-dwd\\\/#primaryimage\"},\"image\":{\"@id\":\"https:\\\/\\\/ugwp.cfolks.pl\\\/bwb\\\/produkt\\\/kolek-do-scian-podwojnych-dwd\\\/#primaryimage\"},\"thumbnailUrl\":\"https:\\\/\\\/ugwp.cfolks.pl\\\/bwb\\\/wp-content\\\/uploads\\\/Kolek-do-scian-podwojnych-\u2013-DWD.jpg\",\"datePublished\":\"2022-11-26T06:22:46+00:00\",\"dateModified\":\"2024-05-10T10:34:50+00:00\",\"description\":\"Plastikowy ko\u0142ek do mocowania poprzeczek. Do zastosowania w \u015bcianach podw\u00f3jnych. Dost\u0119pne r\u00f3wnie\u017c w wersji z papierem ochronnym (DWD 12 S).\",\"breadcrumb\":{\"@id\":\"https:\\\/\\\/ugwp.cfolks.pl\\\/bwb\\\/produkt\\\/kolek-do-scian-podwojnych-dwd\\\/#breadcrumb\"},\"inLanguage\":\"pl-PL\",\"potentialAction\":[{\"@type\":\"ReadAction\",\"target\":[\"https:\\\/\\\/ugwp.cfolks.pl\\\/bwb\\\/produkt\\\/kolek-do-scian-podwojnych-dwd\\\/\"]}]},{\"@type\":\"ImageObject\",\"inLanguage\":\"pl-PL\",\"@id\":\"https:\\\/\\\/ugwp.cfolks.pl\\\/bwb\\\/produkt\\\/kolek-do-scian-podwojnych-dwd\\\/#primaryimage\",\"url\":\"https:\\\/\\\/ugwp.cfolks.pl\\\/bwb\\\/wp-content\\\/uploads\\\/Kolek-do-scian-podwojnych-\u2013-DWD.jpg\",\"contentUrl\":\"https:\\\/\\\/ugwp.cfolks.pl\\\/bwb\\\/wp-content\\\/uploads\\\/Kolek-do-scian-podwojnych-\u2013-DWD.jpg\",\"width\":1100,\"height\":810,\"caption\":\"Ko\u0142ek do \u015bcian podw\u00f3jnych \u2013 DWD\"},{\"@type\":\"BreadcrumbList\",\"@id\":\"https:\\\/\\\/ugwp.cfolks.pl\\\/bwb\\\/produkt\\\/kolek-do-scian-podwojnych-dwd\\\/#breadcrumb\",\"itemListElement\":[{\"@type\":\"ListItem\",\"position\":1,\"name\":\"Strona g\u0142\u00f3wna\",\"item\":\"https:\\\/\\\/ugwp.cfolks.pl\\\/bwb\\\/\"},{\"@type\":\"ListItem\",\"position\":2,\"name\":\"Akcesoria Szalunkowe\",\"item\":\"https:\\\/\\\/ugwp.cfolks.pl\\\/bwb\\\/kategoria\\\/akcesoria-szalunkowe\\\/\"},{\"@type\":\"ListItem\",\"position\":3,\"name\":\"Akcesoria pomocnicze\",\"item\":\"https:\\\/\\\/ugwp.cfolks.pl\\\/bwb\\\/kategoria\\\/akcesoria-szalunkowe\\\/akcesoria-pomocnicze\\\/\"},{\"@type\":\"ListItem\",\"position\":4,\"name\":\"Ko\u0142ek do \u015bcian podw\u00f3jnych \u2013 DWD\"}]},{\"@type\":\"WebSite\",\"@id\":\"https:\\\/\\\/ugwp.cfolks.pl\\\/bwb\\\/#website\",\"url\":\"https:\\\/\\\/ugwp.cfolks.pl\\\/bwb\\\/\",\"name\":\"BWB technology\",\"description\":\"Kolejna witryna oparta na WordPressie\",\"potentialAction\":[{\"@type\":\"SearchAction\",\"target\":{\"@type\":\"EntryPoint\",\"urlTemplate\":\"https:\\\/\\\/ugwp.cfolks.pl\\\/bwb\\\/?s={search_term_string}\"},\"query-input\":{\"@type\":\"PropertyValueSpecification\",\"valueRequired\":true,\"valueName\":\"search_term_string\"}}],\"inLanguage\":\"pl-PL\"}]}<\/script>\n<!-- \/ Yoast SEO plugin. -->","yoast_head_json":{"title":"Ko\u0142ek Plastikowy do \u015bcian podw\u00f3jnych \u2013 DWD","description":"Plastikowy ko\u0142ek do mocowania poprzeczek. Do zastosowania w \u015bcianach podw\u00f3jnych. Dost\u0119pne r\u00f3wnie\u017c w wersji z papierem ochronnym (DWD 12 S).","robots":{"index":"noindex","follow":"follow","max-snippet":"max-snippet:-1","max-image-preview":"max-image-preview:large","max-video-preview":"max-video-preview:-1"},"og_locale":"pl_PL","og_type":"article","og_title":"Ko\u0142ek Plastikowy do \u015bcian podw\u00f3jnych \u2013 DWD","og_description":"Plastikowy ko\u0142ek do mocowania poprzeczek. Do zastosowania w \u015bcianach podw\u00f3jnych. Dost\u0119pne r\u00f3wnie\u017c w wersji z papierem ochronnym (DWD 12 S).","og_url":"https:\/\/ugwp.cfolks.pl\/bwb\/produkt\/kolek-do-scian-podwojnych-dwd\/","og_site_name":"BWB technology","article_modified_time":"2024-05-10T10:34:50+00:00","og_image":[{"width":1100,"height":810,"url":"https:\/\/ugwp.cfolks.pl\/bwb\/wp-content\/uploads\/Kolek-do-scian-podwojnych-\u2013-DWD.jpg","type":"image\/jpeg"}],"twitter_card":"summary_large_image","twitter_misc":{"Szacowany czas czytania":"1 minuta"},"schema":{"@context":"https:\/\/schema.org","@graph":[{"@type":"WebPage","@id":"https:\/\/ugwp.cfolks.pl\/bwb\/produkt\/kolek-do-scian-podwojnych-dwd\/","url":"https:\/\/ugwp.cfolks.pl\/bwb\/produkt\/kolek-do-scian-podwojnych-dwd\/","name":"Ko\u0142ek Plastikowy do \u015bcian podw\u00f3jnych \u2013 DWD","isPartOf":{"@id":"https:\/\/ugwp.cfolks.pl\/bwb\/#website"},"primaryImageOfPage":{"@id":"https:\/\/ugwp.cfolks.pl\/bwb\/produkt\/kolek-do-scian-podwojnych-dwd\/#primaryimage"},"image":{"@id":"https:\/\/ugwp.cfolks.pl\/bwb\/produkt\/kolek-do-scian-podwojnych-dwd\/#primaryimage"},"thumbnailUrl":"https:\/\/ugwp.cfolks.pl\/bwb\/wp-content\/uploads\/Kolek-do-scian-podwojnych-\u2013-DWD.jpg","datePublished":"2022-11-26T06:22:46+00:00","dateModified":"2024-05-10T10:34:50+00:00","description":"Plastikowy ko\u0142ek do mocowania poprzeczek. Do zastosowania w \u015bcianach podw\u00f3jnych. Dost\u0119pne r\u00f3wnie\u017c w wersji z papierem ochronnym (DWD 12 S).","breadcrumb":{"@id":"https:\/\/ugwp.cfolks.pl\/bwb\/produkt\/kolek-do-scian-podwojnych-dwd\/#breadcrumb"},"inLanguage":"pl-PL","potentialAction":[{"@type":"ReadAction","target":["https:\/\/ugwp.cfolks.pl\/bwb\/produkt\/kolek-do-scian-podwojnych-dwd\/"]}]},{"@type":"ImageObject","inLanguage":"pl-PL","@id":"https:\/\/ugwp.cfolks.pl\/bwb\/produkt\/kolek-do-scian-podwojnych-dwd\/#primaryimage","url":"https:\/\/ugwp.cfolks.pl\/bwb\/wp-content\/uploads\/Kolek-do-scian-podwojnych-\u2013-DWD.jpg","contentUrl":"https:\/\/ugwp.cfolks.pl\/bwb\/wp-content\/uploads\/Kolek-do-scian-podwojnych-\u2013-DWD.jpg","width":1100,"height":810,"caption":"Ko\u0142ek do \u015bcian podw\u00f3jnych \u2013 DWD"},{"@type":"BreadcrumbList","@id":"https:\/\/ugwp.cfolks.pl\/bwb\/produkt\/kolek-do-scian-podwojnych-dwd\/#breadcrumb","itemListElement":[{"@type":"ListItem","position":1,"name":"Strona g\u0142\u00f3wna","item":"https:\/\/ugwp.cfolks.pl\/bwb\/"},{"@type":"ListItem","position":2,"name":"Akcesoria Szalunkowe","item":"https:\/\/ugwp.cfolks.pl\/bwb\/kategoria\/akcesoria-szalunkowe\/"},{"@type":"ListItem","position":3,"name":"Akcesoria pomocnicze","item":"https:\/\/ugwp.cfolks.pl\/bwb\/kategoria\/akcesoria-szalunkowe\/akcesoria-pomocnicze\/"},{"@type":"ListItem","position":4,"name":"Ko\u0142ek do \u015bcian podw\u00f3jnych \u2013 DWD"}]},{"@type":"WebSite","@id":"https:\/\/ugwp.cfolks.pl\/bwb\/#website","url":"https:\/\/ugwp.cfolks.pl\/bwb\/","name":"BWB technology","description":"Kolejna witryna oparta na WordPressie","potentialAction":[{"@type":"SearchAction","target":{"@type":"EntryPoint","urlTemplate":"https:\/\/ugwp.cfolks.pl\/bwb\/?s={search_term_string}"},"query-input":{"@type":"PropertyValueSpecification","valueRequired":true,"valueName":"search_term_string"}}],"inLanguage":"pl-PL"}]}},"_links":{"self":[{"href":"https:\/\/ugwp.cfolks.pl\/bwb\/wp-json\/wp\/v2\/product\/2461","targetHints":{"allow":["GET"]}}],"collection":[{"href":"https:\/\/ugwp.cfolks.pl\/bwb\/wp-json\/wp\/v2\/product"}],"about":[{"href":"https:\/\/ugwp.cfolks.pl\/bwb\/wp-json\/wp\/v2\/types\/product"}],"wp:featuredmedia":[{"embeddable":true,"href":"https:\/\/ugwp.cfolks.pl\/bwb\/wp-json\/wp\/v2\/media\/5249"}],"wp:attachment":[{"href":"https:\/\/ugwp.cfolks.pl\/bwb\/wp-json\/wp\/v2\/media?parent=2461"}],"wp:term":[{"taxonomy":"product_cat","embeddable":true,"href":"https:\/\/ugwp.cfolks.pl\/bwb\/wp-json\/wp\/v2\/product_cat?post=2461"},{"taxonomy":"product_tag","embeddable":true,"href":"https:\/\/ugwp.cfolks.pl\/bwb\/wp-json\/wp\/v2\/product_tag?post=2461"}],"curies":[{"name":"wp","href":"https:\/\/api.w.org\/{rel}","templated":true}]}}