{"id":2459,"date":"2022-11-26T07:22:32","date_gmt":"2022-11-26T06:22:32","guid":{"rendered":"https:\/\/ugwp.cfolks.pl\/bwb\/?post_type=product&#038;p=2459"},"modified":"2024-05-09T15:59:08","modified_gmt":"2024-05-09T13:59:08","slug":"tuleja-oslonowa-do-sciagow-dw15","status":"publish","type":"product","link":"https:\/\/ugwp.cfolks.pl\/bwb\/produkt\/tuleja-oslonowa-do-sciagow-dw15\/","title":{"rendered":"Tuleja os\u0142onowa do \u015bci\u0105g\u00f3w DW15"},"content":{"rendered":"","protected":false},"excerpt":{"rendered":"<ul>\n<li>Tuleja z gwintem zewn\u0119trznym z ko\u0142nierzem do przybijania lub bez ko\u0142nierza<\/li>\n<li>Do monta\u017cu \u015bci\u0105g\u00f3w gwintowanych DW 15<\/li>\n<li>Dost\u0119pna wtyczka jako os\u0142ona gwintu<\/li>\n<li>Certyfikat dost\u0119pny na zapytanie<\/li>\n<\/ul>\n","protected":false},"featured_media":5232,"template":"","meta":{"_acf_changed":false},"product_cat":[158],"product_tag":[],"class_list":{"0":"post-2459","1":"product","2":"type-product","3":"status-publish","4":"has-post-thumbnail","6":"product_cat-akcesoria-pomocnicze","8":"first","9":"instock","10":"shipping-taxable","11":"product-type-simple"},"acf":[],"yoast_head":"<!-- This site is optimized with the Yoast SEO plugin v27.3 - https:\/\/yoast.com\/product\/yoast-seo-wordpress\/ -->\n<title>Tuleja os\u0142onowa z gwintem do \u015bci\u0105g\u00f3w DW15 Do Przybijania<\/title>\n<meta name=\"description\" content=\"Tuleja z gwintem zewn\u0119trznym z ko\u0142nierzem do przybijania lub bez ko\u0142nierza. Do monta\u017cu \u015bci\u0105g\u00f3w gwintowanych DW 15. Dost\u0119pna wtyczka jako os\u0142ona gwintu.\" \/>\n<meta name=\"robots\" content=\"noindex, follow, max-snippet:-1, max-image-preview:large, max-video-preview:-1\" \/>\n<meta property=\"og:locale\" content=\"pl_PL\" \/>\n<meta property=\"og:type\" content=\"article\" \/>\n<meta property=\"og:title\" content=\"Tuleja os\u0142onowa z gwintem do \u015bci\u0105g\u00f3w DW15 Do Przybijania\" \/>\n<meta property=\"og:description\" content=\"Tuleja z gwintem zewn\u0119trznym z ko\u0142nierzem do przybijania lub bez ko\u0142nierza. Do monta\u017cu \u015bci\u0105g\u00f3w gwintowanych DW 15. Dost\u0119pna wtyczka jako os\u0142ona gwintu.\" \/>\n<meta property=\"og:url\" content=\"https:\/\/ugwp.cfolks.pl\/bwb\/produkt\/tuleja-oslonowa-do-sciagow-dw15\/\" \/>\n<meta property=\"og:site_name\" content=\"BWB technology\" \/>\n<meta property=\"article:modified_time\" content=\"2024-05-09T13:59:08+00:00\" \/>\n<meta property=\"og:image\" content=\"https:\/\/ugwp.cfolks.pl\/bwb\/wp-content\/uploads\/Tuleja-oslonowa-do-sciagow-DW15.jpg\" \/>\n\t<meta property=\"og:image:width\" content=\"1100\" \/>\n\t<meta property=\"og:image:height\" content=\"810\" \/>\n\t<meta property=\"og:image:type\" content=\"image\/jpeg\" \/>\n<meta name=\"twitter:card\" content=\"summary_large_image\" \/>\n<meta name=\"twitter:label1\" content=\"Szacowany czas czytania\" \/>\n\t<meta name=\"twitter:data1\" content=\"1 minuta\" \/>\n<script type=\"application\/ld+json\" class=\"yoast-schema-graph\">{\"@context\":\"https:\\\/\\\/schema.org\",\"@graph\":[{\"@type\":\"WebPage\",\"@id\":\"https:\\\/\\\/ugwp.cfolks.pl\\\/bwb\\\/produkt\\\/tuleja-oslonowa-do-sciagow-dw15\\\/\",\"url\":\"https:\\\/\\\/ugwp.cfolks.pl\\\/bwb\\\/produkt\\\/tuleja-oslonowa-do-sciagow-dw15\\\/\",\"name\":\"Tuleja os\u0142onowa z gwintem do \u015bci\u0105g\u00f3w DW15 Do Przybijania\",\"isPartOf\":{\"@id\":\"https:\\\/\\\/ugwp.cfolks.pl\\\/bwb\\\/#website\"},\"primaryImageOfPage\":{\"@id\":\"https:\\\/\\\/ugwp.cfolks.pl\\\/bwb\\\/produkt\\\/tuleja-oslonowa-do-sciagow-dw15\\\/#primaryimage\"},\"image\":{\"@id\":\"https:\\\/\\\/ugwp.cfolks.pl\\\/bwb\\\/produkt\\\/tuleja-oslonowa-do-sciagow-dw15\\\/#primaryimage\"},\"thumbnailUrl\":\"https:\\\/\\\/ugwp.cfolks.pl\\\/bwb\\\/wp-content\\\/uploads\\\/Tuleja-oslonowa-do-sciagow-DW15.jpg\",\"datePublished\":\"2022-11-26T06:22:32+00:00\",\"dateModified\":\"2024-05-09T13:59:08+00:00\",\"description\":\"Tuleja z gwintem zewn\u0119trznym z ko\u0142nierzem do przybijania lub bez ko\u0142nierza. Do monta\u017cu \u015bci\u0105g\u00f3w gwintowanych DW 15. Dost\u0119pna wtyczka jako os\u0142ona gwintu.\",\"breadcrumb\":{\"@id\":\"https:\\\/\\\/ugwp.cfolks.pl\\\/bwb\\\/produkt\\\/tuleja-oslonowa-do-sciagow-dw15\\\/#breadcrumb\"},\"inLanguage\":\"pl-PL\",\"potentialAction\":[{\"@type\":\"ReadAction\",\"target\":[\"https:\\\/\\\/ugwp.cfolks.pl\\\/bwb\\\/produkt\\\/tuleja-oslonowa-do-sciagow-dw15\\\/\"]}]},{\"@type\":\"ImageObject\",\"inLanguage\":\"pl-PL\",\"@id\":\"https:\\\/\\\/ugwp.cfolks.pl\\\/bwb\\\/produkt\\\/tuleja-oslonowa-do-sciagow-dw15\\\/#primaryimage\",\"url\":\"https:\\\/\\\/ugwp.cfolks.pl\\\/bwb\\\/wp-content\\\/uploads\\\/Tuleja-oslonowa-do-sciagow-DW15.jpg\",\"contentUrl\":\"https:\\\/\\\/ugwp.cfolks.pl\\\/bwb\\\/wp-content\\\/uploads\\\/Tuleja-oslonowa-do-sciagow-DW15.jpg\",\"width\":1100,\"height\":810,\"caption\":\"Tuleja os\u0142onowa do \u015bci\u0105g\u00f3w DW15\"},{\"@type\":\"BreadcrumbList\",\"@id\":\"https:\\\/\\\/ugwp.cfolks.pl\\\/bwb\\\/produkt\\\/tuleja-oslonowa-do-sciagow-dw15\\\/#breadcrumb\",\"itemListElement\":[{\"@type\":\"ListItem\",\"position\":1,\"name\":\"Strona g\u0142\u00f3wna\",\"item\":\"https:\\\/\\\/ugwp.cfolks.pl\\\/bwb\\\/\"},{\"@type\":\"ListItem\",\"position\":2,\"name\":\"Akcesoria Szalunkowe\",\"item\":\"https:\\\/\\\/ugwp.cfolks.pl\\\/bwb\\\/kategoria\\\/akcesoria-szalunkowe\\\/\"},{\"@type\":\"ListItem\",\"position\":3,\"name\":\"Akcesoria pomocnicze\",\"item\":\"https:\\\/\\\/ugwp.cfolks.pl\\\/bwb\\\/kategoria\\\/akcesoria-szalunkowe\\\/akcesoria-pomocnicze\\\/\"},{\"@type\":\"ListItem\",\"position\":4,\"name\":\"Tuleja os\u0142onowa do \u015bci\u0105g\u00f3w DW15\"}]},{\"@type\":\"WebSite\",\"@id\":\"https:\\\/\\\/ugwp.cfolks.pl\\\/bwb\\\/#website\",\"url\":\"https:\\\/\\\/ugwp.cfolks.pl\\\/bwb\\\/\",\"name\":\"BWB technology\",\"description\":\"Kolejna witryna oparta na WordPressie\",\"potentialAction\":[{\"@type\":\"SearchAction\",\"target\":{\"@type\":\"EntryPoint\",\"urlTemplate\":\"https:\\\/\\\/ugwp.cfolks.pl\\\/bwb\\\/?s={search_term_string}\"},\"query-input\":{\"@type\":\"PropertyValueSpecification\",\"valueRequired\":true,\"valueName\":\"search_term_string\"}}],\"inLanguage\":\"pl-PL\"}]}<\/script>\n<!-- \/ Yoast SEO plugin. -->","yoast_head_json":{"title":"Tuleja os\u0142onowa z gwintem do \u015bci\u0105g\u00f3w DW15 Do Przybijania","description":"Tuleja z gwintem zewn\u0119trznym z ko\u0142nierzem do przybijania lub bez ko\u0142nierza. Do monta\u017cu \u015bci\u0105g\u00f3w gwintowanych DW 15. Dost\u0119pna wtyczka jako os\u0142ona gwintu.","robots":{"index":"noindex","follow":"follow","max-snippet":"max-snippet:-1","max-image-preview":"max-image-preview:large","max-video-preview":"max-video-preview:-1"},"og_locale":"pl_PL","og_type":"article","og_title":"Tuleja os\u0142onowa z gwintem do \u015bci\u0105g\u00f3w DW15 Do Przybijania","og_description":"Tuleja z gwintem zewn\u0119trznym z ko\u0142nierzem do przybijania lub bez ko\u0142nierza. Do monta\u017cu \u015bci\u0105g\u00f3w gwintowanych DW 15. Dost\u0119pna wtyczka jako os\u0142ona gwintu.","og_url":"https:\/\/ugwp.cfolks.pl\/bwb\/produkt\/tuleja-oslonowa-do-sciagow-dw15\/","og_site_name":"BWB technology","article_modified_time":"2024-05-09T13:59:08+00:00","og_image":[{"width":1100,"height":810,"url":"https:\/\/ugwp.cfolks.pl\/bwb\/wp-content\/uploads\/Tuleja-oslonowa-do-sciagow-DW15.jpg","type":"image\/jpeg"}],"twitter_card":"summary_large_image","twitter_misc":{"Szacowany czas czytania":"1 minuta"},"schema":{"@context":"https:\/\/schema.org","@graph":[{"@type":"WebPage","@id":"https:\/\/ugwp.cfolks.pl\/bwb\/produkt\/tuleja-oslonowa-do-sciagow-dw15\/","url":"https:\/\/ugwp.cfolks.pl\/bwb\/produkt\/tuleja-oslonowa-do-sciagow-dw15\/","name":"Tuleja os\u0142onowa z gwintem do \u015bci\u0105g\u00f3w DW15 Do Przybijania","isPartOf":{"@id":"https:\/\/ugwp.cfolks.pl\/bwb\/#website"},"primaryImageOfPage":{"@id":"https:\/\/ugwp.cfolks.pl\/bwb\/produkt\/tuleja-oslonowa-do-sciagow-dw15\/#primaryimage"},"image":{"@id":"https:\/\/ugwp.cfolks.pl\/bwb\/produkt\/tuleja-oslonowa-do-sciagow-dw15\/#primaryimage"},"thumbnailUrl":"https:\/\/ugwp.cfolks.pl\/bwb\/wp-content\/uploads\/Tuleja-oslonowa-do-sciagow-DW15.jpg","datePublished":"2022-11-26T06:22:32+00:00","dateModified":"2024-05-09T13:59:08+00:00","description":"Tuleja z gwintem zewn\u0119trznym z ko\u0142nierzem do przybijania lub bez ko\u0142nierza. Do monta\u017cu \u015bci\u0105g\u00f3w gwintowanych DW 15. Dost\u0119pna wtyczka jako os\u0142ona gwintu.","breadcrumb":{"@id":"https:\/\/ugwp.cfolks.pl\/bwb\/produkt\/tuleja-oslonowa-do-sciagow-dw15\/#breadcrumb"},"inLanguage":"pl-PL","potentialAction":[{"@type":"ReadAction","target":["https:\/\/ugwp.cfolks.pl\/bwb\/produkt\/tuleja-oslonowa-do-sciagow-dw15\/"]}]},{"@type":"ImageObject","inLanguage":"pl-PL","@id":"https:\/\/ugwp.cfolks.pl\/bwb\/produkt\/tuleja-oslonowa-do-sciagow-dw15\/#primaryimage","url":"https:\/\/ugwp.cfolks.pl\/bwb\/wp-content\/uploads\/Tuleja-oslonowa-do-sciagow-DW15.jpg","contentUrl":"https:\/\/ugwp.cfolks.pl\/bwb\/wp-content\/uploads\/Tuleja-oslonowa-do-sciagow-DW15.jpg","width":1100,"height":810,"caption":"Tuleja os\u0142onowa do \u015bci\u0105g\u00f3w DW15"},{"@type":"BreadcrumbList","@id":"https:\/\/ugwp.cfolks.pl\/bwb\/produkt\/tuleja-oslonowa-do-sciagow-dw15\/#breadcrumb","itemListElement":[{"@type":"ListItem","position":1,"name":"Strona g\u0142\u00f3wna","item":"https:\/\/ugwp.cfolks.pl\/bwb\/"},{"@type":"ListItem","position":2,"name":"Akcesoria Szalunkowe","item":"https:\/\/ugwp.cfolks.pl\/bwb\/kategoria\/akcesoria-szalunkowe\/"},{"@type":"ListItem","position":3,"name":"Akcesoria pomocnicze","item":"https:\/\/ugwp.cfolks.pl\/bwb\/kategoria\/akcesoria-szalunkowe\/akcesoria-pomocnicze\/"},{"@type":"ListItem","position":4,"name":"Tuleja os\u0142onowa do \u015bci\u0105g\u00f3w DW15"}]},{"@type":"WebSite","@id":"https:\/\/ugwp.cfolks.pl\/bwb\/#website","url":"https:\/\/ugwp.cfolks.pl\/bwb\/","name":"BWB technology","description":"Kolejna witryna oparta na WordPressie","potentialAction":[{"@type":"SearchAction","target":{"@type":"EntryPoint","urlTemplate":"https:\/\/ugwp.cfolks.pl\/bwb\/?s={search_term_string}"},"query-input":{"@type":"PropertyValueSpecification","valueRequired":true,"valueName":"search_term_string"}}],"inLanguage":"pl-PL"}]}},"_links":{"self":[{"href":"https:\/\/ugwp.cfolks.pl\/bwb\/wp-json\/wp\/v2\/product\/2459","targetHints":{"allow":["GET"]}}],"collection":[{"href":"https:\/\/ugwp.cfolks.pl\/bwb\/wp-json\/wp\/v2\/product"}],"about":[{"href":"https:\/\/ugwp.cfolks.pl\/bwb\/wp-json\/wp\/v2\/types\/product"}],"wp:featuredmedia":[{"embeddable":true,"href":"https:\/\/ugwp.cfolks.pl\/bwb\/wp-json\/wp\/v2\/media\/5232"}],"wp:attachment":[{"href":"https:\/\/ugwp.cfolks.pl\/bwb\/wp-json\/wp\/v2\/media?parent=2459"}],"wp:term":[{"taxonomy":"product_cat","embeddable":true,"href":"https:\/\/ugwp.cfolks.pl\/bwb\/wp-json\/wp\/v2\/product_cat?post=2459"},{"taxonomy":"product_tag","embeddable":true,"href":"https:\/\/ugwp.cfolks.pl\/bwb\/wp-json\/wp\/v2\/product_tag?post=2459"}],"curies":[{"name":"wp","href":"https:\/\/api.w.org\/{rel}","templated":true}]}}