{"id":2419,"date":"2022-11-26T05:17:19","date_gmt":"2022-11-26T04:17:19","guid":{"rendered":"https:\/\/ugwp.cfolks.pl\/bwb\/?post_type=product&#038;p=2419"},"modified":"2024-08-19T14:49:06","modified_gmt":"2024-08-19T12:49:06","slug":"korek-betonowy-po-stozku-sk","status":"publish","type":"product","link":"https:\/\/ugwp.cfolks.pl\/bwb\/produkt\/korek-betonowy-po-stozku-sk\/","title":{"rendered":"Korek betonowy po sto\u017cku SK"},"content":{"rendered":"","protected":false},"excerpt":{"rendered":"<ul>\n<li>Korek betonowy do za\u015blepienia rurek plastikowych<\/li>\n<li>Wklejony przy u\u017cyciu kleju dwusk\u0142adnikowego<\/li>\n<li>Do wklejenia 150 szt. korka po sto\u017cku SK 22\/10 lub 70 szt. korka betonowego po sto\u017cku SK 22\/50 potrzebne jest ok 1 kg kleju<\/li>\n<li>Wykonanie z betonu wodoszczelnego<\/li>\n<\/ul>\n","protected":false},"featured_media":5930,"template":"","meta":{"_acf_changed":false},"product_cat":[155],"product_tag":[],"class_list":{"0":"post-2419","1":"product","2":"type-product","3":"status-publish","4":"has-post-thumbnail","6":"product_cat-stozki-i-korki","8":"first","9":"instock","10":"shipping-taxable","11":"product-type-simple"},"acf":[],"yoast_head":"<!-- This site is optimized with the Yoast SEO plugin v27.3 - https:\/\/yoast.com\/product\/yoast-seo-wordpress\/ -->\n<title>Korek betonowy po sto\u017cku SK Beton Wodoszczelny<\/title>\n<meta name=\"description\" content=\"Korek betonowy do za\u015blepienia rurek plastikowych. Wklejony przy u\u017cyciu kleju dwusk\u0142adnikowego. Wykonanie z betonu wodoszczelnego.\" \/>\n<meta name=\"robots\" content=\"noindex, follow, max-snippet:-1, max-image-preview:large, max-video-preview:-1\" \/>\n<meta property=\"og:locale\" content=\"pl_PL\" \/>\n<meta property=\"og:type\" content=\"article\" \/>\n<meta property=\"og:title\" content=\"Korek betonowy po sto\u017cku SK Beton Wodoszczelny\" \/>\n<meta property=\"og:description\" content=\"Korek betonowy do za\u015blepienia rurek plastikowych. Wklejony przy u\u017cyciu kleju dwusk\u0142adnikowego. Wykonanie z betonu wodoszczelnego.\" \/>\n<meta property=\"og:url\" content=\"https:\/\/ugwp.cfolks.pl\/bwb\/produkt\/korek-betonowy-po-stozku-sk\/\" \/>\n<meta property=\"og:site_name\" content=\"BWB technology\" \/>\n<meta property=\"article:modified_time\" content=\"2024-08-19T12:49:06+00:00\" \/>\n<meta property=\"og:image\" content=\"https:\/\/ugwp.cfolks.pl\/bwb\/wp-content\/uploads\/Korek-betonowy-po-stozku-\u2013-SK-1.jpg\" \/>\n\t<meta property=\"og:image:width\" content=\"1100\" \/>\n\t<meta property=\"og:image:height\" content=\"810\" \/>\n\t<meta property=\"og:image:type\" content=\"image\/jpeg\" \/>\n<meta name=\"twitter:card\" content=\"summary_large_image\" \/>\n<meta name=\"twitter:label1\" content=\"Szacowany czas czytania\" \/>\n\t<meta name=\"twitter:data1\" content=\"1 minuta\" \/>\n<script type=\"application\/ld+json\" class=\"yoast-schema-graph\">{\"@context\":\"https:\\\/\\\/schema.org\",\"@graph\":[{\"@type\":\"WebPage\",\"@id\":\"https:\\\/\\\/ugwp.cfolks.pl\\\/bwb\\\/produkt\\\/korek-betonowy-po-stozku-sk\\\/\",\"url\":\"https:\\\/\\\/ugwp.cfolks.pl\\\/bwb\\\/produkt\\\/korek-betonowy-po-stozku-sk\\\/\",\"name\":\"Korek betonowy po sto\u017cku SK Beton Wodoszczelny\",\"isPartOf\":{\"@id\":\"https:\\\/\\\/ugwp.cfolks.pl\\\/bwb\\\/#website\"},\"primaryImageOfPage\":{\"@id\":\"https:\\\/\\\/ugwp.cfolks.pl\\\/bwb\\\/produkt\\\/korek-betonowy-po-stozku-sk\\\/#primaryimage\"},\"image\":{\"@id\":\"https:\\\/\\\/ugwp.cfolks.pl\\\/bwb\\\/produkt\\\/korek-betonowy-po-stozku-sk\\\/#primaryimage\"},\"thumbnailUrl\":\"https:\\\/\\\/ugwp.cfolks.pl\\\/bwb\\\/wp-content\\\/uploads\\\/Korek-betonowy-po-stozku-\u2013-SK-1.jpg\",\"datePublished\":\"2022-11-26T04:17:19+00:00\",\"dateModified\":\"2024-08-19T12:49:06+00:00\",\"description\":\"Korek betonowy do za\u015blepienia rurek plastikowych. Wklejony przy u\u017cyciu kleju dwusk\u0142adnikowego. Wykonanie z betonu wodoszczelnego.\",\"breadcrumb\":{\"@id\":\"https:\\\/\\\/ugwp.cfolks.pl\\\/bwb\\\/produkt\\\/korek-betonowy-po-stozku-sk\\\/#breadcrumb\"},\"inLanguage\":\"pl-PL\",\"potentialAction\":[{\"@type\":\"ReadAction\",\"target\":[\"https:\\\/\\\/ugwp.cfolks.pl\\\/bwb\\\/produkt\\\/korek-betonowy-po-stozku-sk\\\/\"]}]},{\"@type\":\"ImageObject\",\"inLanguage\":\"pl-PL\",\"@id\":\"https:\\\/\\\/ugwp.cfolks.pl\\\/bwb\\\/produkt\\\/korek-betonowy-po-stozku-sk\\\/#primaryimage\",\"url\":\"https:\\\/\\\/ugwp.cfolks.pl\\\/bwb\\\/wp-content\\\/uploads\\\/Korek-betonowy-po-stozku-\u2013-SK-1.jpg\",\"contentUrl\":\"https:\\\/\\\/ugwp.cfolks.pl\\\/bwb\\\/wp-content\\\/uploads\\\/Korek-betonowy-po-stozku-\u2013-SK-1.jpg\",\"width\":1100,\"height\":810,\"caption\":\"Korek betonowy po sto\u017cku \u2013 SK\"},{\"@type\":\"BreadcrumbList\",\"@id\":\"https:\\\/\\\/ugwp.cfolks.pl\\\/bwb\\\/produkt\\\/korek-betonowy-po-stozku-sk\\\/#breadcrumb\",\"itemListElement\":[{\"@type\":\"ListItem\",\"position\":1,\"name\":\"Strona g\u0142\u00f3wna\",\"item\":\"https:\\\/\\\/ugwp.cfolks.pl\\\/bwb\\\/\"},{\"@type\":\"ListItem\",\"position\":2,\"name\":\"Akcesoria Szalunkowe\",\"item\":\"https:\\\/\\\/ugwp.cfolks.pl\\\/bwb\\\/kategoria\\\/akcesoria-szalunkowe\\\/\"},{\"@type\":\"ListItem\",\"position\":3,\"name\":\"Sto\u017cki i korki\",\"item\":\"https:\\\/\\\/ugwp.cfolks.pl\\\/bwb\\\/kategoria\\\/akcesoria-szalunkowe\\\/stozki-i-korki\\\/\"},{\"@type\":\"ListItem\",\"position\":4,\"name\":\"Korek betonowy po sto\u017cku SK\"}]},{\"@type\":\"WebSite\",\"@id\":\"https:\\\/\\\/ugwp.cfolks.pl\\\/bwb\\\/#website\",\"url\":\"https:\\\/\\\/ugwp.cfolks.pl\\\/bwb\\\/\",\"name\":\"BWB technology\",\"description\":\"Kolejna witryna oparta na WordPressie\",\"potentialAction\":[{\"@type\":\"SearchAction\",\"target\":{\"@type\":\"EntryPoint\",\"urlTemplate\":\"https:\\\/\\\/ugwp.cfolks.pl\\\/bwb\\\/?s={search_term_string}\"},\"query-input\":{\"@type\":\"PropertyValueSpecification\",\"valueRequired\":true,\"valueName\":\"search_term_string\"}}],\"inLanguage\":\"pl-PL\"}]}<\/script>\n<!-- \/ Yoast SEO plugin. -->","yoast_head_json":{"title":"Korek betonowy po sto\u017cku SK Beton Wodoszczelny","description":"Korek betonowy do za\u015blepienia rurek plastikowych. Wklejony przy u\u017cyciu kleju dwusk\u0142adnikowego. Wykonanie z betonu wodoszczelnego.","robots":{"index":"noindex","follow":"follow","max-snippet":"max-snippet:-1","max-image-preview":"max-image-preview:large","max-video-preview":"max-video-preview:-1"},"og_locale":"pl_PL","og_type":"article","og_title":"Korek betonowy po sto\u017cku SK Beton Wodoszczelny","og_description":"Korek betonowy do za\u015blepienia rurek plastikowych. Wklejony przy u\u017cyciu kleju dwusk\u0142adnikowego. Wykonanie z betonu wodoszczelnego.","og_url":"https:\/\/ugwp.cfolks.pl\/bwb\/produkt\/korek-betonowy-po-stozku-sk\/","og_site_name":"BWB technology","article_modified_time":"2024-08-19T12:49:06+00:00","og_image":[{"width":1100,"height":810,"url":"https:\/\/ugwp.cfolks.pl\/bwb\/wp-content\/uploads\/Korek-betonowy-po-stozku-\u2013-SK-1.jpg","type":"image\/jpeg"}],"twitter_card":"summary_large_image","twitter_misc":{"Szacowany czas czytania":"1 minuta"},"schema":{"@context":"https:\/\/schema.org","@graph":[{"@type":"WebPage","@id":"https:\/\/ugwp.cfolks.pl\/bwb\/produkt\/korek-betonowy-po-stozku-sk\/","url":"https:\/\/ugwp.cfolks.pl\/bwb\/produkt\/korek-betonowy-po-stozku-sk\/","name":"Korek betonowy po sto\u017cku SK Beton Wodoszczelny","isPartOf":{"@id":"https:\/\/ugwp.cfolks.pl\/bwb\/#website"},"primaryImageOfPage":{"@id":"https:\/\/ugwp.cfolks.pl\/bwb\/produkt\/korek-betonowy-po-stozku-sk\/#primaryimage"},"image":{"@id":"https:\/\/ugwp.cfolks.pl\/bwb\/produkt\/korek-betonowy-po-stozku-sk\/#primaryimage"},"thumbnailUrl":"https:\/\/ugwp.cfolks.pl\/bwb\/wp-content\/uploads\/Korek-betonowy-po-stozku-\u2013-SK-1.jpg","datePublished":"2022-11-26T04:17:19+00:00","dateModified":"2024-08-19T12:49:06+00:00","description":"Korek betonowy do za\u015blepienia rurek plastikowych. Wklejony przy u\u017cyciu kleju dwusk\u0142adnikowego. Wykonanie z betonu wodoszczelnego.","breadcrumb":{"@id":"https:\/\/ugwp.cfolks.pl\/bwb\/produkt\/korek-betonowy-po-stozku-sk\/#breadcrumb"},"inLanguage":"pl-PL","potentialAction":[{"@type":"ReadAction","target":["https:\/\/ugwp.cfolks.pl\/bwb\/produkt\/korek-betonowy-po-stozku-sk\/"]}]},{"@type":"ImageObject","inLanguage":"pl-PL","@id":"https:\/\/ugwp.cfolks.pl\/bwb\/produkt\/korek-betonowy-po-stozku-sk\/#primaryimage","url":"https:\/\/ugwp.cfolks.pl\/bwb\/wp-content\/uploads\/Korek-betonowy-po-stozku-\u2013-SK-1.jpg","contentUrl":"https:\/\/ugwp.cfolks.pl\/bwb\/wp-content\/uploads\/Korek-betonowy-po-stozku-\u2013-SK-1.jpg","width":1100,"height":810,"caption":"Korek betonowy po sto\u017cku \u2013 SK"},{"@type":"BreadcrumbList","@id":"https:\/\/ugwp.cfolks.pl\/bwb\/produkt\/korek-betonowy-po-stozku-sk\/#breadcrumb","itemListElement":[{"@type":"ListItem","position":1,"name":"Strona g\u0142\u00f3wna","item":"https:\/\/ugwp.cfolks.pl\/bwb\/"},{"@type":"ListItem","position":2,"name":"Akcesoria Szalunkowe","item":"https:\/\/ugwp.cfolks.pl\/bwb\/kategoria\/akcesoria-szalunkowe\/"},{"@type":"ListItem","position":3,"name":"Sto\u017cki i korki","item":"https:\/\/ugwp.cfolks.pl\/bwb\/kategoria\/akcesoria-szalunkowe\/stozki-i-korki\/"},{"@type":"ListItem","position":4,"name":"Korek betonowy po sto\u017cku SK"}]},{"@type":"WebSite","@id":"https:\/\/ugwp.cfolks.pl\/bwb\/#website","url":"https:\/\/ugwp.cfolks.pl\/bwb\/","name":"BWB technology","description":"Kolejna witryna oparta na WordPressie","potentialAction":[{"@type":"SearchAction","target":{"@type":"EntryPoint","urlTemplate":"https:\/\/ugwp.cfolks.pl\/bwb\/?s={search_term_string}"},"query-input":{"@type":"PropertyValueSpecification","valueRequired":true,"valueName":"search_term_string"}}],"inLanguage":"pl-PL"}]}},"_links":{"self":[{"href":"https:\/\/ugwp.cfolks.pl\/bwb\/wp-json\/wp\/v2\/product\/2419","targetHints":{"allow":["GET"]}}],"collection":[{"href":"https:\/\/ugwp.cfolks.pl\/bwb\/wp-json\/wp\/v2\/product"}],"about":[{"href":"https:\/\/ugwp.cfolks.pl\/bwb\/wp-json\/wp\/v2\/types\/product"}],"wp:featuredmedia":[{"embeddable":true,"href":"https:\/\/ugwp.cfolks.pl\/bwb\/wp-json\/wp\/v2\/media\/5930"}],"wp:attachment":[{"href":"https:\/\/ugwp.cfolks.pl\/bwb\/wp-json\/wp\/v2\/media?parent=2419"}],"wp:term":[{"taxonomy":"product_cat","embeddable":true,"href":"https:\/\/ugwp.cfolks.pl\/bwb\/wp-json\/wp\/v2\/product_cat?post=2419"},{"taxonomy":"product_tag","embeddable":true,"href":"https:\/\/ugwp.cfolks.pl\/bwb\/wp-json\/wp\/v2\/product_tag?post=2419"}],"curies":[{"name":"wp","href":"https:\/\/api.w.org\/{rel}","templated":true}]}}