{"id":2417,"date":"2022-11-26T05:17:04","date_gmt":"2022-11-26T04:17:04","guid":{"rendered":"https:\/\/ugwp.cfolks.pl\/bwb\/?post_type=product&#038;p=2417"},"modified":"2024-08-19T14:55:45","modified_gmt":"2024-08-19T12:55:45","slug":"korek-zebrowany-rst-d","status":"publish","type":"product","link":"https:\/\/ugwp.cfolks.pl\/bwb\/produkt\/korek-zebrowany-rst-d\/","title":{"rendered":"Korek \u017cebrowany &#8211; RST D"},"content":{"rendered":"","protected":false},"excerpt":{"rendered":"<ul>\n<li>Wodoszczelny korek \u017cebrowany do zamykania ko\u0144c\u00f3w rurki z tworzywa sztucznego<\/li>\n<li>Lepsze mocowanie w rurce dzi\u0119ki \u017cebrowanej budowie<\/li>\n<li>Po zamontowaniu powierzchnia r\u00f3wna z powierzchni\u0105 sto\u017cka RK D<\/li>\n<li>Prosty monta\u017c<\/li>\n<li>Certyfikat dost\u0119pny na zapytanie<\/li>\n<\/ul>\n","protected":false},"featured_media":5932,"template":"","meta":{"_acf_changed":false},"product_cat":[155],"product_tag":[],"class_list":{"0":"post-2417","1":"product","2":"type-product","3":"status-publish","4":"has-post-thumbnail","6":"product_cat-stozki-i-korki","8":"first","9":"instock","10":"shipping-taxable","11":"product-type-simple"},"acf":[],"yoast_head":"<!-- This site is optimized with the Yoast SEO plugin v27.3 - https:\/\/yoast.com\/product\/yoast-seo-wordpress\/ -->\n<title>Korek \u017cebrowany - RST D<\/title>\n<meta name=\"description\" content=\"Wodoszczelny korek \u017cebrowany do zamykania ko\u0144c\u00f3w rurki z tworzywa sztucznego. Lepsze mocowanie w rurce dzi\u0119ki \u017cebrowanej budowie.\" \/>\n<meta name=\"robots\" content=\"noindex, follow, max-snippet:-1, max-image-preview:large, max-video-preview:-1\" \/>\n<meta property=\"og:locale\" content=\"pl_PL\" \/>\n<meta property=\"og:type\" content=\"article\" \/>\n<meta property=\"og:title\" content=\"Korek \u017cebrowany - RST D\" \/>\n<meta property=\"og:description\" content=\"Wodoszczelny korek \u017cebrowany do zamykania ko\u0144c\u00f3w rurki z tworzywa sztucznego. Lepsze mocowanie w rurce dzi\u0119ki \u017cebrowanej budowie.\" \/>\n<meta property=\"og:url\" content=\"https:\/\/ugwp.cfolks.pl\/bwb\/produkt\/korek-zebrowany-rst-d\/\" \/>\n<meta property=\"og:site_name\" content=\"BWB technology\" \/>\n<meta property=\"article:modified_time\" content=\"2024-08-19T12:55:45+00:00\" \/>\n<meta property=\"og:image\" content=\"https:\/\/ugwp.cfolks.pl\/bwb\/wp-content\/uploads\/Korek-zebrowany-\u2013-RST_D-1.jpg\" \/>\n\t<meta property=\"og:image:width\" content=\"1100\" \/>\n\t<meta property=\"og:image:height\" content=\"810\" \/>\n\t<meta property=\"og:image:type\" content=\"image\/jpeg\" \/>\n<meta name=\"twitter:card\" content=\"summary_large_image\" \/>\n<meta name=\"twitter:label1\" content=\"Szacowany czas czytania\" \/>\n\t<meta name=\"twitter:data1\" content=\"1 minuta\" \/>\n<script type=\"application\/ld+json\" class=\"yoast-schema-graph\">{\"@context\":\"https:\\\/\\\/schema.org\",\"@graph\":[{\"@type\":\"WebPage\",\"@id\":\"https:\\\/\\\/ugwp.cfolks.pl\\\/bwb\\\/produkt\\\/korek-zebrowany-rst-d\\\/\",\"url\":\"https:\\\/\\\/ugwp.cfolks.pl\\\/bwb\\\/produkt\\\/korek-zebrowany-rst-d\\\/\",\"name\":\"Korek \u017cebrowany - RST D\",\"isPartOf\":{\"@id\":\"https:\\\/\\\/ugwp.cfolks.pl\\\/bwb\\\/#website\"},\"primaryImageOfPage\":{\"@id\":\"https:\\\/\\\/ugwp.cfolks.pl\\\/bwb\\\/produkt\\\/korek-zebrowany-rst-d\\\/#primaryimage\"},\"image\":{\"@id\":\"https:\\\/\\\/ugwp.cfolks.pl\\\/bwb\\\/produkt\\\/korek-zebrowany-rst-d\\\/#primaryimage\"},\"thumbnailUrl\":\"https:\\\/\\\/ugwp.cfolks.pl\\\/bwb\\\/wp-content\\\/uploads\\\/Korek-zebrowany-\u2013-RST_D-1.jpg\",\"datePublished\":\"2022-11-26T04:17:04+00:00\",\"dateModified\":\"2024-08-19T12:55:45+00:00\",\"description\":\"Wodoszczelny korek \u017cebrowany do zamykania ko\u0144c\u00f3w rurki z tworzywa sztucznego. Lepsze mocowanie w rurce dzi\u0119ki \u017cebrowanej budowie.\",\"breadcrumb\":{\"@id\":\"https:\\\/\\\/ugwp.cfolks.pl\\\/bwb\\\/produkt\\\/korek-zebrowany-rst-d\\\/#breadcrumb\"},\"inLanguage\":\"pl-PL\",\"potentialAction\":[{\"@type\":\"ReadAction\",\"target\":[\"https:\\\/\\\/ugwp.cfolks.pl\\\/bwb\\\/produkt\\\/korek-zebrowany-rst-d\\\/\"]}]},{\"@type\":\"ImageObject\",\"inLanguage\":\"pl-PL\",\"@id\":\"https:\\\/\\\/ugwp.cfolks.pl\\\/bwb\\\/produkt\\\/korek-zebrowany-rst-d\\\/#primaryimage\",\"url\":\"https:\\\/\\\/ugwp.cfolks.pl\\\/bwb\\\/wp-content\\\/uploads\\\/Korek-zebrowany-\u2013-RST_D-1.jpg\",\"contentUrl\":\"https:\\\/\\\/ugwp.cfolks.pl\\\/bwb\\\/wp-content\\\/uploads\\\/Korek-zebrowany-\u2013-RST_D-1.jpg\",\"width\":1100,\"height\":810,\"caption\":\"Korek \u017cebrowany \u2013 RST_D\"},{\"@type\":\"BreadcrumbList\",\"@id\":\"https:\\\/\\\/ugwp.cfolks.pl\\\/bwb\\\/produkt\\\/korek-zebrowany-rst-d\\\/#breadcrumb\",\"itemListElement\":[{\"@type\":\"ListItem\",\"position\":1,\"name\":\"Strona g\u0142\u00f3wna\",\"item\":\"https:\\\/\\\/ugwp.cfolks.pl\\\/bwb\\\/\"},{\"@type\":\"ListItem\",\"position\":2,\"name\":\"Akcesoria Szalunkowe\",\"item\":\"https:\\\/\\\/ugwp.cfolks.pl\\\/bwb\\\/kategoria\\\/akcesoria-szalunkowe\\\/\"},{\"@type\":\"ListItem\",\"position\":3,\"name\":\"Sto\u017cki i korki\",\"item\":\"https:\\\/\\\/ugwp.cfolks.pl\\\/bwb\\\/kategoria\\\/akcesoria-szalunkowe\\\/stozki-i-korki\\\/\"},{\"@type\":\"ListItem\",\"position\":4,\"name\":\"Korek \u017cebrowany &#8211; RST D\"}]},{\"@type\":\"WebSite\",\"@id\":\"https:\\\/\\\/ugwp.cfolks.pl\\\/bwb\\\/#website\",\"url\":\"https:\\\/\\\/ugwp.cfolks.pl\\\/bwb\\\/\",\"name\":\"BWB technology\",\"description\":\"Kolejna witryna oparta na WordPressie\",\"potentialAction\":[{\"@type\":\"SearchAction\",\"target\":{\"@type\":\"EntryPoint\",\"urlTemplate\":\"https:\\\/\\\/ugwp.cfolks.pl\\\/bwb\\\/?s={search_term_string}\"},\"query-input\":{\"@type\":\"PropertyValueSpecification\",\"valueRequired\":true,\"valueName\":\"search_term_string\"}}],\"inLanguage\":\"pl-PL\"}]}<\/script>\n<!-- \/ Yoast SEO plugin. -->","yoast_head_json":{"title":"Korek \u017cebrowany - RST D","description":"Wodoszczelny korek \u017cebrowany do zamykania ko\u0144c\u00f3w rurki z tworzywa sztucznego. Lepsze mocowanie w rurce dzi\u0119ki \u017cebrowanej budowie.","robots":{"index":"noindex","follow":"follow","max-snippet":"max-snippet:-1","max-image-preview":"max-image-preview:large","max-video-preview":"max-video-preview:-1"},"og_locale":"pl_PL","og_type":"article","og_title":"Korek \u017cebrowany - RST D","og_description":"Wodoszczelny korek \u017cebrowany do zamykania ko\u0144c\u00f3w rurki z tworzywa sztucznego. Lepsze mocowanie w rurce dzi\u0119ki \u017cebrowanej budowie.","og_url":"https:\/\/ugwp.cfolks.pl\/bwb\/produkt\/korek-zebrowany-rst-d\/","og_site_name":"BWB technology","article_modified_time":"2024-08-19T12:55:45+00:00","og_image":[{"width":1100,"height":810,"url":"https:\/\/ugwp.cfolks.pl\/bwb\/wp-content\/uploads\/Korek-zebrowany-\u2013-RST_D-1.jpg","type":"image\/jpeg"}],"twitter_card":"summary_large_image","twitter_misc":{"Szacowany czas czytania":"1 minuta"},"schema":{"@context":"https:\/\/schema.org","@graph":[{"@type":"WebPage","@id":"https:\/\/ugwp.cfolks.pl\/bwb\/produkt\/korek-zebrowany-rst-d\/","url":"https:\/\/ugwp.cfolks.pl\/bwb\/produkt\/korek-zebrowany-rst-d\/","name":"Korek \u017cebrowany - RST D","isPartOf":{"@id":"https:\/\/ugwp.cfolks.pl\/bwb\/#website"},"primaryImageOfPage":{"@id":"https:\/\/ugwp.cfolks.pl\/bwb\/produkt\/korek-zebrowany-rst-d\/#primaryimage"},"image":{"@id":"https:\/\/ugwp.cfolks.pl\/bwb\/produkt\/korek-zebrowany-rst-d\/#primaryimage"},"thumbnailUrl":"https:\/\/ugwp.cfolks.pl\/bwb\/wp-content\/uploads\/Korek-zebrowany-\u2013-RST_D-1.jpg","datePublished":"2022-11-26T04:17:04+00:00","dateModified":"2024-08-19T12:55:45+00:00","description":"Wodoszczelny korek \u017cebrowany do zamykania ko\u0144c\u00f3w rurki z tworzywa sztucznego. Lepsze mocowanie w rurce dzi\u0119ki \u017cebrowanej budowie.","breadcrumb":{"@id":"https:\/\/ugwp.cfolks.pl\/bwb\/produkt\/korek-zebrowany-rst-d\/#breadcrumb"},"inLanguage":"pl-PL","potentialAction":[{"@type":"ReadAction","target":["https:\/\/ugwp.cfolks.pl\/bwb\/produkt\/korek-zebrowany-rst-d\/"]}]},{"@type":"ImageObject","inLanguage":"pl-PL","@id":"https:\/\/ugwp.cfolks.pl\/bwb\/produkt\/korek-zebrowany-rst-d\/#primaryimage","url":"https:\/\/ugwp.cfolks.pl\/bwb\/wp-content\/uploads\/Korek-zebrowany-\u2013-RST_D-1.jpg","contentUrl":"https:\/\/ugwp.cfolks.pl\/bwb\/wp-content\/uploads\/Korek-zebrowany-\u2013-RST_D-1.jpg","width":1100,"height":810,"caption":"Korek \u017cebrowany \u2013 RST_D"},{"@type":"BreadcrumbList","@id":"https:\/\/ugwp.cfolks.pl\/bwb\/produkt\/korek-zebrowany-rst-d\/#breadcrumb","itemListElement":[{"@type":"ListItem","position":1,"name":"Strona g\u0142\u00f3wna","item":"https:\/\/ugwp.cfolks.pl\/bwb\/"},{"@type":"ListItem","position":2,"name":"Akcesoria Szalunkowe","item":"https:\/\/ugwp.cfolks.pl\/bwb\/kategoria\/akcesoria-szalunkowe\/"},{"@type":"ListItem","position":3,"name":"Sto\u017cki i korki","item":"https:\/\/ugwp.cfolks.pl\/bwb\/kategoria\/akcesoria-szalunkowe\/stozki-i-korki\/"},{"@type":"ListItem","position":4,"name":"Korek \u017cebrowany &#8211; RST D"}]},{"@type":"WebSite","@id":"https:\/\/ugwp.cfolks.pl\/bwb\/#website","url":"https:\/\/ugwp.cfolks.pl\/bwb\/","name":"BWB technology","description":"Kolejna witryna oparta na WordPressie","potentialAction":[{"@type":"SearchAction","target":{"@type":"EntryPoint","urlTemplate":"https:\/\/ugwp.cfolks.pl\/bwb\/?s={search_term_string}"},"query-input":{"@type":"PropertyValueSpecification","valueRequired":true,"valueName":"search_term_string"}}],"inLanguage":"pl-PL"}]}},"_links":{"self":[{"href":"https:\/\/ugwp.cfolks.pl\/bwb\/wp-json\/wp\/v2\/product\/2417","targetHints":{"allow":["GET"]}}],"collection":[{"href":"https:\/\/ugwp.cfolks.pl\/bwb\/wp-json\/wp\/v2\/product"}],"about":[{"href":"https:\/\/ugwp.cfolks.pl\/bwb\/wp-json\/wp\/v2\/types\/product"}],"wp:featuredmedia":[{"embeddable":true,"href":"https:\/\/ugwp.cfolks.pl\/bwb\/wp-json\/wp\/v2\/media\/5932"}],"wp:attachment":[{"href":"https:\/\/ugwp.cfolks.pl\/bwb\/wp-json\/wp\/v2\/media?parent=2417"}],"wp:term":[{"taxonomy":"product_cat","embeddable":true,"href":"https:\/\/ugwp.cfolks.pl\/bwb\/wp-json\/wp\/v2\/product_cat?post=2417"},{"taxonomy":"product_tag","embeddable":true,"href":"https:\/\/ugwp.cfolks.pl\/bwb\/wp-json\/wp\/v2\/product_tag?post=2417"}],"curies":[{"name":"wp","href":"https:\/\/api.w.org\/{rel}","templated":true}]}}