{"id":2410,"date":"2022-11-26T05:15:27","date_gmt":"2022-11-26T04:15:27","guid":{"rendered":"https:\/\/ugwp.cfolks.pl\/bwb\/?post_type=product&#038;p=2410"},"modified":"2024-08-19T15:37:32","modified_gmt":"2024-08-19T13:37:32","slug":"stozek-zebrowany-rk-d","status":"publish","type":"product","link":"https:\/\/ugwp.cfolks.pl\/bwb\/produkt\/stozek-zebrowany-rk-d\/","title":{"rendered":"Sto\u017cek \u017cebrowany \u2013 RK D"},"content":{"rendered":"","protected":false},"excerpt":{"rendered":"<ul>\n<li>Sto\u017cek \u017cebrowany z tworzywa sztucznego do samodzielnego monta\u017cu<\/li>\n<li>Sto\u017cek RK D wraz z korkiem zamykaj\u0105cym RST D oraz rurk\u0105 RSR tworz\u0105 wodoszczelny system dystansowy RKF D dla \u015bci\u0105g\u00f3w o \u017c\u0105danej grubo\u015bci \u015bcian<\/li>\n<li>Element zako\u0144czeniowy dla rurek dystansowych ochraniaj\u0105cych \u015bci\u0105gi szalunkowe<\/li>\n<li>Bardzo dobre po\u0142\u0105czenie z rurk\u0105 dystansow\u0105 RSR gwarantuj\u0105ce szczelno\u015b\u0107 w trakcie betonowania<\/li>\n<li>Sto\u017cek RK D pozostaje w betonie<\/li>\n<li>Zastosowanie z rurk\u0105 dystansow\u0105 o \u015brednicy zewn\u0119trznej 26 mm<\/li>\n<li>\u015arednica podpory szalunkowej 40 mm<\/li>\n<li>Rurka dystansowa musi by\u0107 doci\u0119ta na d\u0142ugo\u015b\u0107 o 19 mm kr\u00f3tsz\u0105 ni\u017c grubo\u015b\u0107 \u015bciany<\/li>\n<\/ul>\n","protected":false},"featured_media":5947,"template":"","meta":{"_acf_changed":false},"product_cat":[155],"product_tag":[],"class_list":{"0":"post-2410","1":"product","2":"type-product","3":"status-publish","4":"has-post-thumbnail","6":"product_cat-stozki-i-korki","8":"first","9":"instock","10":"shipping-taxable","11":"product-type-simple"},"acf":[],"yoast_head":"<!-- This site is optimized with the Yoast SEO plugin v27.3 - https:\/\/yoast.com\/product\/yoast-seo-wordpress\/ -->\n<title>Sto\u017cek \u017cebrowany \u2013 RK D<\/title>\n<meta name=\"description\" content=\"Sto\u017cek \u017cebrowany z tworzywa sztucznego do samodzielnego monta\u017cu. Element zako\u0144czeniowy dla rurek dystansowych ochraniaj\u0105cych \u015bci\u0105gi szalunkowe.\" \/>\n<meta name=\"robots\" content=\"noindex, follow, max-snippet:-1, max-image-preview:large, max-video-preview:-1\" \/>\n<meta property=\"og:locale\" content=\"pl_PL\" \/>\n<meta property=\"og:type\" content=\"article\" \/>\n<meta property=\"og:title\" content=\"Sto\u017cek \u017cebrowany \u2013 RK D\" \/>\n<meta property=\"og:description\" content=\"Sto\u017cek \u017cebrowany z tworzywa sztucznego do samodzielnego monta\u017cu. Element zako\u0144czeniowy dla rurek dystansowych ochraniaj\u0105cych \u015bci\u0105gi szalunkowe.\" \/>\n<meta property=\"og:url\" content=\"https:\/\/ugwp.cfolks.pl\/bwb\/produkt\/stozek-zebrowany-rk-d\/\" \/>\n<meta property=\"og:site_name\" content=\"BWB technology\" \/>\n<meta property=\"article:modified_time\" content=\"2024-08-19T13:37:32+00:00\" \/>\n<meta property=\"og:image\" content=\"https:\/\/ugwp.cfolks.pl\/bwb\/wp-content\/uploads\/Stozek-zebrowany-\u2013-RK-D-2.jpg\" \/>\n\t<meta property=\"og:image:width\" content=\"1100\" \/>\n\t<meta property=\"og:image:height\" content=\"810\" \/>\n\t<meta property=\"og:image:type\" content=\"image\/jpeg\" \/>\n<meta name=\"twitter:card\" content=\"summary_large_image\" \/>\n<meta name=\"twitter:label1\" content=\"Szacowany czas czytania\" \/>\n\t<meta name=\"twitter:data1\" content=\"1 minuta\" \/>\n<script type=\"application\/ld+json\" class=\"yoast-schema-graph\">{\"@context\":\"https:\\\/\\\/schema.org\",\"@graph\":[{\"@type\":\"WebPage\",\"@id\":\"https:\\\/\\\/ugwp.cfolks.pl\\\/bwb\\\/produkt\\\/stozek-zebrowany-rk-d\\\/\",\"url\":\"https:\\\/\\\/ugwp.cfolks.pl\\\/bwb\\\/produkt\\\/stozek-zebrowany-rk-d\\\/\",\"name\":\"Sto\u017cek \u017cebrowany \u2013 RK D\",\"isPartOf\":{\"@id\":\"https:\\\/\\\/ugwp.cfolks.pl\\\/bwb\\\/#website\"},\"primaryImageOfPage\":{\"@id\":\"https:\\\/\\\/ugwp.cfolks.pl\\\/bwb\\\/produkt\\\/stozek-zebrowany-rk-d\\\/#primaryimage\"},\"image\":{\"@id\":\"https:\\\/\\\/ugwp.cfolks.pl\\\/bwb\\\/produkt\\\/stozek-zebrowany-rk-d\\\/#primaryimage\"},\"thumbnailUrl\":\"https:\\\/\\\/ugwp.cfolks.pl\\\/bwb\\\/wp-content\\\/uploads\\\/Stozek-zebrowany-\u2013-RK-D-2.jpg\",\"datePublished\":\"2022-11-26T04:15:27+00:00\",\"dateModified\":\"2024-08-19T13:37:32+00:00\",\"description\":\"Sto\u017cek \u017cebrowany z tworzywa sztucznego do samodzielnego monta\u017cu. Element zako\u0144czeniowy dla rurek dystansowych ochraniaj\u0105cych \u015bci\u0105gi szalunkowe.\",\"breadcrumb\":{\"@id\":\"https:\\\/\\\/ugwp.cfolks.pl\\\/bwb\\\/produkt\\\/stozek-zebrowany-rk-d\\\/#breadcrumb\"},\"inLanguage\":\"pl-PL\",\"potentialAction\":[{\"@type\":\"ReadAction\",\"target\":[\"https:\\\/\\\/ugwp.cfolks.pl\\\/bwb\\\/produkt\\\/stozek-zebrowany-rk-d\\\/\"]}]},{\"@type\":\"ImageObject\",\"inLanguage\":\"pl-PL\",\"@id\":\"https:\\\/\\\/ugwp.cfolks.pl\\\/bwb\\\/produkt\\\/stozek-zebrowany-rk-d\\\/#primaryimage\",\"url\":\"https:\\\/\\\/ugwp.cfolks.pl\\\/bwb\\\/wp-content\\\/uploads\\\/Stozek-zebrowany-\u2013-RK-D-2.jpg\",\"contentUrl\":\"https:\\\/\\\/ugwp.cfolks.pl\\\/bwb\\\/wp-content\\\/uploads\\\/Stozek-zebrowany-\u2013-RK-D-2.jpg\",\"width\":1100,\"height\":810,\"caption\":\"Sto\u017cek \u017cebrowany \u2013 RK D\"},{\"@type\":\"BreadcrumbList\",\"@id\":\"https:\\\/\\\/ugwp.cfolks.pl\\\/bwb\\\/produkt\\\/stozek-zebrowany-rk-d\\\/#breadcrumb\",\"itemListElement\":[{\"@type\":\"ListItem\",\"position\":1,\"name\":\"Strona g\u0142\u00f3wna\",\"item\":\"https:\\\/\\\/ugwp.cfolks.pl\\\/bwb\\\/\"},{\"@type\":\"ListItem\",\"position\":2,\"name\":\"Akcesoria Szalunkowe\",\"item\":\"https:\\\/\\\/ugwp.cfolks.pl\\\/bwb\\\/kategoria\\\/akcesoria-szalunkowe\\\/\"},{\"@type\":\"ListItem\",\"position\":3,\"name\":\"Sto\u017cki i korki\",\"item\":\"https:\\\/\\\/ugwp.cfolks.pl\\\/bwb\\\/kategoria\\\/akcesoria-szalunkowe\\\/stozki-i-korki\\\/\"},{\"@type\":\"ListItem\",\"position\":4,\"name\":\"Sto\u017cek \u017cebrowany \u2013 RK D\"}]},{\"@type\":\"WebSite\",\"@id\":\"https:\\\/\\\/ugwp.cfolks.pl\\\/bwb\\\/#website\",\"url\":\"https:\\\/\\\/ugwp.cfolks.pl\\\/bwb\\\/\",\"name\":\"BWB technology\",\"description\":\"Kolejna witryna oparta na WordPressie\",\"potentialAction\":[{\"@type\":\"SearchAction\",\"target\":{\"@type\":\"EntryPoint\",\"urlTemplate\":\"https:\\\/\\\/ugwp.cfolks.pl\\\/bwb\\\/?s={search_term_string}\"},\"query-input\":{\"@type\":\"PropertyValueSpecification\",\"valueRequired\":true,\"valueName\":\"search_term_string\"}}],\"inLanguage\":\"pl-PL\"}]}<\/script>\n<!-- \/ Yoast SEO plugin. -->","yoast_head_json":{"title":"Sto\u017cek \u017cebrowany \u2013 RK D","description":"Sto\u017cek \u017cebrowany z tworzywa sztucznego do samodzielnego monta\u017cu. Element zako\u0144czeniowy dla rurek dystansowych ochraniaj\u0105cych \u015bci\u0105gi szalunkowe.","robots":{"index":"noindex","follow":"follow","max-snippet":"max-snippet:-1","max-image-preview":"max-image-preview:large","max-video-preview":"max-video-preview:-1"},"og_locale":"pl_PL","og_type":"article","og_title":"Sto\u017cek \u017cebrowany \u2013 RK D","og_description":"Sto\u017cek \u017cebrowany z tworzywa sztucznego do samodzielnego monta\u017cu. Element zako\u0144czeniowy dla rurek dystansowych ochraniaj\u0105cych \u015bci\u0105gi szalunkowe.","og_url":"https:\/\/ugwp.cfolks.pl\/bwb\/produkt\/stozek-zebrowany-rk-d\/","og_site_name":"BWB technology","article_modified_time":"2024-08-19T13:37:32+00:00","og_image":[{"width":1100,"height":810,"url":"https:\/\/ugwp.cfolks.pl\/bwb\/wp-content\/uploads\/Stozek-zebrowany-\u2013-RK-D-2.jpg","type":"image\/jpeg"}],"twitter_card":"summary_large_image","twitter_misc":{"Szacowany czas czytania":"1 minuta"},"schema":{"@context":"https:\/\/schema.org","@graph":[{"@type":"WebPage","@id":"https:\/\/ugwp.cfolks.pl\/bwb\/produkt\/stozek-zebrowany-rk-d\/","url":"https:\/\/ugwp.cfolks.pl\/bwb\/produkt\/stozek-zebrowany-rk-d\/","name":"Sto\u017cek \u017cebrowany \u2013 RK D","isPartOf":{"@id":"https:\/\/ugwp.cfolks.pl\/bwb\/#website"},"primaryImageOfPage":{"@id":"https:\/\/ugwp.cfolks.pl\/bwb\/produkt\/stozek-zebrowany-rk-d\/#primaryimage"},"image":{"@id":"https:\/\/ugwp.cfolks.pl\/bwb\/produkt\/stozek-zebrowany-rk-d\/#primaryimage"},"thumbnailUrl":"https:\/\/ugwp.cfolks.pl\/bwb\/wp-content\/uploads\/Stozek-zebrowany-\u2013-RK-D-2.jpg","datePublished":"2022-11-26T04:15:27+00:00","dateModified":"2024-08-19T13:37:32+00:00","description":"Sto\u017cek \u017cebrowany z tworzywa sztucznego do samodzielnego monta\u017cu. Element zako\u0144czeniowy dla rurek dystansowych ochraniaj\u0105cych \u015bci\u0105gi szalunkowe.","breadcrumb":{"@id":"https:\/\/ugwp.cfolks.pl\/bwb\/produkt\/stozek-zebrowany-rk-d\/#breadcrumb"},"inLanguage":"pl-PL","potentialAction":[{"@type":"ReadAction","target":["https:\/\/ugwp.cfolks.pl\/bwb\/produkt\/stozek-zebrowany-rk-d\/"]}]},{"@type":"ImageObject","inLanguage":"pl-PL","@id":"https:\/\/ugwp.cfolks.pl\/bwb\/produkt\/stozek-zebrowany-rk-d\/#primaryimage","url":"https:\/\/ugwp.cfolks.pl\/bwb\/wp-content\/uploads\/Stozek-zebrowany-\u2013-RK-D-2.jpg","contentUrl":"https:\/\/ugwp.cfolks.pl\/bwb\/wp-content\/uploads\/Stozek-zebrowany-\u2013-RK-D-2.jpg","width":1100,"height":810,"caption":"Sto\u017cek \u017cebrowany \u2013 RK D"},{"@type":"BreadcrumbList","@id":"https:\/\/ugwp.cfolks.pl\/bwb\/produkt\/stozek-zebrowany-rk-d\/#breadcrumb","itemListElement":[{"@type":"ListItem","position":1,"name":"Strona g\u0142\u00f3wna","item":"https:\/\/ugwp.cfolks.pl\/bwb\/"},{"@type":"ListItem","position":2,"name":"Akcesoria Szalunkowe","item":"https:\/\/ugwp.cfolks.pl\/bwb\/kategoria\/akcesoria-szalunkowe\/"},{"@type":"ListItem","position":3,"name":"Sto\u017cki i korki","item":"https:\/\/ugwp.cfolks.pl\/bwb\/kategoria\/akcesoria-szalunkowe\/stozki-i-korki\/"},{"@type":"ListItem","position":4,"name":"Sto\u017cek \u017cebrowany \u2013 RK D"}]},{"@type":"WebSite","@id":"https:\/\/ugwp.cfolks.pl\/bwb\/#website","url":"https:\/\/ugwp.cfolks.pl\/bwb\/","name":"BWB technology","description":"Kolejna witryna oparta na WordPressie","potentialAction":[{"@type":"SearchAction","target":{"@type":"EntryPoint","urlTemplate":"https:\/\/ugwp.cfolks.pl\/bwb\/?s={search_term_string}"},"query-input":{"@type":"PropertyValueSpecification","valueRequired":true,"valueName":"search_term_string"}}],"inLanguage":"pl-PL"}]}},"_links":{"self":[{"href":"https:\/\/ugwp.cfolks.pl\/bwb\/wp-json\/wp\/v2\/product\/2410","targetHints":{"allow":["GET"]}}],"collection":[{"href":"https:\/\/ugwp.cfolks.pl\/bwb\/wp-json\/wp\/v2\/product"}],"about":[{"href":"https:\/\/ugwp.cfolks.pl\/bwb\/wp-json\/wp\/v2\/types\/product"}],"wp:featuredmedia":[{"embeddable":true,"href":"https:\/\/ugwp.cfolks.pl\/bwb\/wp-json\/wp\/v2\/media\/5947"}],"wp:attachment":[{"href":"https:\/\/ugwp.cfolks.pl\/bwb\/wp-json\/wp\/v2\/media?parent=2410"}],"wp:term":[{"taxonomy":"product_cat","embeddable":true,"href":"https:\/\/ugwp.cfolks.pl\/bwb\/wp-json\/wp\/v2\/product_cat?post=2410"},{"taxonomy":"product_tag","embeddable":true,"href":"https:\/\/ugwp.cfolks.pl\/bwb\/wp-json\/wp\/v2\/product_tag?post=2410"}],"curies":[{"name":"wp","href":"https:\/\/api.w.org\/{rel}","templated":true}]}}