{"id":2407,"date":"2022-11-26T05:15:08","date_gmt":"2022-11-26T04:15:08","guid":{"rendered":"https:\/\/ugwp.cfolks.pl\/bwb\/?post_type=product&#038;p=2407"},"modified":"2024-08-19T15:48:37","modified_gmt":"2024-08-19T13:48:37","slug":"stozek-z-przegroda-wodna-rkw","status":"publish","type":"product","link":"https:\/\/ugwp.cfolks.pl\/bwb\/produkt\/stozek-z-przegroda-wodna-rkw\/","title":{"rendered":"Sto\u017cek z przegrod\u0105 wodn\u0105 \u2013 RKW"},"content":{"rendered":"","protected":false},"excerpt":{"rendered":"<ul>\n<li>Sto\u017cek z przegrod\u0105 wodn\u0105 z tworzywa sztucznego do samodzielnego monta\u017cu<\/li>\n<li>Sto\u017cek RKW wraz z korkiem uszczelniaj\u0105cym STF oraz rurk\u0105 RSR tworz\u0105 wodoszczelny system dystansowy FSG dla \u015bci\u0105g\u00f3w o szczelno\u015bci do 5 bar (50 m s\u0142upa wody)<\/li>\n<li>Element zako\u0144czeniowy dla rurek dystansowych ochraniaj\u0105cych \u015bci\u0105gi szalunkowe<\/li>\n<li>Bardzo dobre po\u0142\u0105czenie z rurk\u0105 dystansow\u0105 RSR gwarantuj\u0105ce szczelno\u015b\u0107 w trakcie betonowania<\/li>\n<li>Sto\u017cek RKW pozostaje w betonie<\/li>\n<li>Zastosowanie z rurk\u0105 dystansow\u0105 o \u015brednicy zewn\u0119trznej 26 mm<\/li>\n<li>Rurka dystansowa musi by\u0107 doci\u0119ta na d\u0142ugo\u015b\u0107 o 82 mm (2 x 41) kr\u00f3tsz\u0105 ni\u017c grubo\u015b\u0107 \u015bciany<\/li>\n<\/ul>\n","protected":false},"featured_media":5950,"template":"","meta":{"_acf_changed":false},"product_cat":[155],"product_tag":[],"class_list":{"0":"post-2407","1":"product","2":"type-product","3":"status-publish","4":"has-post-thumbnail","6":"product_cat-stozki-i-korki","8":"first","9":"instock","10":"shipping-taxable","11":"product-type-simple"},"acf":[],"yoast_head":"<!-- This site is optimized with the Yoast SEO plugin v27.3 - https:\/\/yoast.com\/product\/yoast-seo-wordpress\/ -->\n<title>Sto\u017cek z przegrod\u0105 wodn\u0105 \u2013 RKW Do Samodzielnego Monta\u017cu<\/title>\n<meta name=\"description\" content=\"Sto\u017cek z przegrod\u0105 wodn\u0105 z tworzywa sztucznego do samodzielnego monta\u017cu. Bardzo dobre po\u0142\u0105czenie z rurk\u0105 dystansow\u0105 RSR gwarantuj\u0105ce dobr\u0105 szczelno\u015b\u0107.\" \/>\n<meta name=\"robots\" content=\"noindex, follow, max-snippet:-1, max-image-preview:large, max-video-preview:-1\" \/>\n<meta property=\"og:locale\" content=\"pl_PL\" \/>\n<meta property=\"og:type\" content=\"article\" \/>\n<meta property=\"og:title\" content=\"Sto\u017cek z przegrod\u0105 wodn\u0105 \u2013 RKW Do Samodzielnego Monta\u017cu\" \/>\n<meta property=\"og:description\" content=\"Sto\u017cek z przegrod\u0105 wodn\u0105 z tworzywa sztucznego do samodzielnego monta\u017cu. Bardzo dobre po\u0142\u0105czenie z rurk\u0105 dystansow\u0105 RSR gwarantuj\u0105ce dobr\u0105 szczelno\u015b\u0107.\" \/>\n<meta property=\"og:url\" content=\"https:\/\/ugwp.cfolks.pl\/bwb\/produkt\/stozek-z-przegroda-wodna-rkw\/\" \/>\n<meta property=\"og:site_name\" content=\"BWB technology\" \/>\n<meta property=\"article:modified_time\" content=\"2024-08-19T13:48:37+00:00\" \/>\n<meta property=\"og:image\" content=\"https:\/\/ugwp.cfolks.pl\/bwb\/wp-content\/uploads\/Stozek-z-przegroda-wodna-\u2013-RKW-1.jpg\" \/>\n\t<meta property=\"og:image:width\" content=\"1100\" \/>\n\t<meta property=\"og:image:height\" content=\"810\" \/>\n\t<meta property=\"og:image:type\" content=\"image\/jpeg\" \/>\n<meta name=\"twitter:card\" content=\"summary_large_image\" \/>\n<meta name=\"twitter:label1\" content=\"Szacowany czas czytania\" \/>\n\t<meta name=\"twitter:data1\" content=\"1 minuta\" \/>\n<script type=\"application\/ld+json\" class=\"yoast-schema-graph\">{\"@context\":\"https:\\\/\\\/schema.org\",\"@graph\":[{\"@type\":\"WebPage\",\"@id\":\"https:\\\/\\\/ugwp.cfolks.pl\\\/bwb\\\/produkt\\\/stozek-z-przegroda-wodna-rkw\\\/\",\"url\":\"https:\\\/\\\/ugwp.cfolks.pl\\\/bwb\\\/produkt\\\/stozek-z-przegroda-wodna-rkw\\\/\",\"name\":\"Sto\u017cek z przegrod\u0105 wodn\u0105 \u2013 RKW Do Samodzielnego Monta\u017cu\",\"isPartOf\":{\"@id\":\"https:\\\/\\\/ugwp.cfolks.pl\\\/bwb\\\/#website\"},\"primaryImageOfPage\":{\"@id\":\"https:\\\/\\\/ugwp.cfolks.pl\\\/bwb\\\/produkt\\\/stozek-z-przegroda-wodna-rkw\\\/#primaryimage\"},\"image\":{\"@id\":\"https:\\\/\\\/ugwp.cfolks.pl\\\/bwb\\\/produkt\\\/stozek-z-przegroda-wodna-rkw\\\/#primaryimage\"},\"thumbnailUrl\":\"https:\\\/\\\/ugwp.cfolks.pl\\\/bwb\\\/wp-content\\\/uploads\\\/Stozek-z-przegroda-wodna-\u2013-RKW-1.jpg\",\"datePublished\":\"2022-11-26T04:15:08+00:00\",\"dateModified\":\"2024-08-19T13:48:37+00:00\",\"description\":\"Sto\u017cek z przegrod\u0105 wodn\u0105 z tworzywa sztucznego do samodzielnego monta\u017cu. Bardzo dobre po\u0142\u0105czenie z rurk\u0105 dystansow\u0105 RSR gwarantuj\u0105ce dobr\u0105 szczelno\u015b\u0107.\",\"breadcrumb\":{\"@id\":\"https:\\\/\\\/ugwp.cfolks.pl\\\/bwb\\\/produkt\\\/stozek-z-przegroda-wodna-rkw\\\/#breadcrumb\"},\"inLanguage\":\"pl-PL\",\"potentialAction\":[{\"@type\":\"ReadAction\",\"target\":[\"https:\\\/\\\/ugwp.cfolks.pl\\\/bwb\\\/produkt\\\/stozek-z-przegroda-wodna-rkw\\\/\"]}]},{\"@type\":\"ImageObject\",\"inLanguage\":\"pl-PL\",\"@id\":\"https:\\\/\\\/ugwp.cfolks.pl\\\/bwb\\\/produkt\\\/stozek-z-przegroda-wodna-rkw\\\/#primaryimage\",\"url\":\"https:\\\/\\\/ugwp.cfolks.pl\\\/bwb\\\/wp-content\\\/uploads\\\/Stozek-z-przegroda-wodna-\u2013-RKW-1.jpg\",\"contentUrl\":\"https:\\\/\\\/ugwp.cfolks.pl\\\/bwb\\\/wp-content\\\/uploads\\\/Stozek-z-przegroda-wodna-\u2013-RKW-1.jpg\",\"width\":1100,\"height\":810,\"caption\":\"Sto\u017cek z przegrod\u0105 wodn\u0105 \u2013 RKW\"},{\"@type\":\"BreadcrumbList\",\"@id\":\"https:\\\/\\\/ugwp.cfolks.pl\\\/bwb\\\/produkt\\\/stozek-z-przegroda-wodna-rkw\\\/#breadcrumb\",\"itemListElement\":[{\"@type\":\"ListItem\",\"position\":1,\"name\":\"Strona g\u0142\u00f3wna\",\"item\":\"https:\\\/\\\/ugwp.cfolks.pl\\\/bwb\\\/\"},{\"@type\":\"ListItem\",\"position\":2,\"name\":\"Akcesoria Szalunkowe\",\"item\":\"https:\\\/\\\/ugwp.cfolks.pl\\\/bwb\\\/kategoria\\\/akcesoria-szalunkowe\\\/\"},{\"@type\":\"ListItem\",\"position\":3,\"name\":\"Sto\u017cki i korki\",\"item\":\"https:\\\/\\\/ugwp.cfolks.pl\\\/bwb\\\/kategoria\\\/akcesoria-szalunkowe\\\/stozki-i-korki\\\/\"},{\"@type\":\"ListItem\",\"position\":4,\"name\":\"Sto\u017cek z przegrod\u0105 wodn\u0105 \u2013 RKW\"}]},{\"@type\":\"WebSite\",\"@id\":\"https:\\\/\\\/ugwp.cfolks.pl\\\/bwb\\\/#website\",\"url\":\"https:\\\/\\\/ugwp.cfolks.pl\\\/bwb\\\/\",\"name\":\"BWB technology\",\"description\":\"Kolejna witryna oparta na WordPressie\",\"potentialAction\":[{\"@type\":\"SearchAction\",\"target\":{\"@type\":\"EntryPoint\",\"urlTemplate\":\"https:\\\/\\\/ugwp.cfolks.pl\\\/bwb\\\/?s={search_term_string}\"},\"query-input\":{\"@type\":\"PropertyValueSpecification\",\"valueRequired\":true,\"valueName\":\"search_term_string\"}}],\"inLanguage\":\"pl-PL\"}]}<\/script>\n<!-- \/ Yoast SEO plugin. -->","yoast_head_json":{"title":"Sto\u017cek z przegrod\u0105 wodn\u0105 \u2013 RKW Do Samodzielnego Monta\u017cu","description":"Sto\u017cek z przegrod\u0105 wodn\u0105 z tworzywa sztucznego do samodzielnego monta\u017cu. Bardzo dobre po\u0142\u0105czenie z rurk\u0105 dystansow\u0105 RSR gwarantuj\u0105ce dobr\u0105 szczelno\u015b\u0107.","robots":{"index":"noindex","follow":"follow","max-snippet":"max-snippet:-1","max-image-preview":"max-image-preview:large","max-video-preview":"max-video-preview:-1"},"og_locale":"pl_PL","og_type":"article","og_title":"Sto\u017cek z przegrod\u0105 wodn\u0105 \u2013 RKW Do Samodzielnego Monta\u017cu","og_description":"Sto\u017cek z przegrod\u0105 wodn\u0105 z tworzywa sztucznego do samodzielnego monta\u017cu. Bardzo dobre po\u0142\u0105czenie z rurk\u0105 dystansow\u0105 RSR gwarantuj\u0105ce dobr\u0105 szczelno\u015b\u0107.","og_url":"https:\/\/ugwp.cfolks.pl\/bwb\/produkt\/stozek-z-przegroda-wodna-rkw\/","og_site_name":"BWB technology","article_modified_time":"2024-08-19T13:48:37+00:00","og_image":[{"width":1100,"height":810,"url":"https:\/\/ugwp.cfolks.pl\/bwb\/wp-content\/uploads\/Stozek-z-przegroda-wodna-\u2013-RKW-1.jpg","type":"image\/jpeg"}],"twitter_card":"summary_large_image","twitter_misc":{"Szacowany czas czytania":"1 minuta"},"schema":{"@context":"https:\/\/schema.org","@graph":[{"@type":"WebPage","@id":"https:\/\/ugwp.cfolks.pl\/bwb\/produkt\/stozek-z-przegroda-wodna-rkw\/","url":"https:\/\/ugwp.cfolks.pl\/bwb\/produkt\/stozek-z-przegroda-wodna-rkw\/","name":"Sto\u017cek z przegrod\u0105 wodn\u0105 \u2013 RKW Do Samodzielnego Monta\u017cu","isPartOf":{"@id":"https:\/\/ugwp.cfolks.pl\/bwb\/#website"},"primaryImageOfPage":{"@id":"https:\/\/ugwp.cfolks.pl\/bwb\/produkt\/stozek-z-przegroda-wodna-rkw\/#primaryimage"},"image":{"@id":"https:\/\/ugwp.cfolks.pl\/bwb\/produkt\/stozek-z-przegroda-wodna-rkw\/#primaryimage"},"thumbnailUrl":"https:\/\/ugwp.cfolks.pl\/bwb\/wp-content\/uploads\/Stozek-z-przegroda-wodna-\u2013-RKW-1.jpg","datePublished":"2022-11-26T04:15:08+00:00","dateModified":"2024-08-19T13:48:37+00:00","description":"Sto\u017cek z przegrod\u0105 wodn\u0105 z tworzywa sztucznego do samodzielnego monta\u017cu. Bardzo dobre po\u0142\u0105czenie z rurk\u0105 dystansow\u0105 RSR gwarantuj\u0105ce dobr\u0105 szczelno\u015b\u0107.","breadcrumb":{"@id":"https:\/\/ugwp.cfolks.pl\/bwb\/produkt\/stozek-z-przegroda-wodna-rkw\/#breadcrumb"},"inLanguage":"pl-PL","potentialAction":[{"@type":"ReadAction","target":["https:\/\/ugwp.cfolks.pl\/bwb\/produkt\/stozek-z-przegroda-wodna-rkw\/"]}]},{"@type":"ImageObject","inLanguage":"pl-PL","@id":"https:\/\/ugwp.cfolks.pl\/bwb\/produkt\/stozek-z-przegroda-wodna-rkw\/#primaryimage","url":"https:\/\/ugwp.cfolks.pl\/bwb\/wp-content\/uploads\/Stozek-z-przegroda-wodna-\u2013-RKW-1.jpg","contentUrl":"https:\/\/ugwp.cfolks.pl\/bwb\/wp-content\/uploads\/Stozek-z-przegroda-wodna-\u2013-RKW-1.jpg","width":1100,"height":810,"caption":"Sto\u017cek z przegrod\u0105 wodn\u0105 \u2013 RKW"},{"@type":"BreadcrumbList","@id":"https:\/\/ugwp.cfolks.pl\/bwb\/produkt\/stozek-z-przegroda-wodna-rkw\/#breadcrumb","itemListElement":[{"@type":"ListItem","position":1,"name":"Strona g\u0142\u00f3wna","item":"https:\/\/ugwp.cfolks.pl\/bwb\/"},{"@type":"ListItem","position":2,"name":"Akcesoria Szalunkowe","item":"https:\/\/ugwp.cfolks.pl\/bwb\/kategoria\/akcesoria-szalunkowe\/"},{"@type":"ListItem","position":3,"name":"Sto\u017cki i korki","item":"https:\/\/ugwp.cfolks.pl\/bwb\/kategoria\/akcesoria-szalunkowe\/stozki-i-korki\/"},{"@type":"ListItem","position":4,"name":"Sto\u017cek z przegrod\u0105 wodn\u0105 \u2013 RKW"}]},{"@type":"WebSite","@id":"https:\/\/ugwp.cfolks.pl\/bwb\/#website","url":"https:\/\/ugwp.cfolks.pl\/bwb\/","name":"BWB technology","description":"Kolejna witryna oparta na WordPressie","potentialAction":[{"@type":"SearchAction","target":{"@type":"EntryPoint","urlTemplate":"https:\/\/ugwp.cfolks.pl\/bwb\/?s={search_term_string}"},"query-input":{"@type":"PropertyValueSpecification","valueRequired":true,"valueName":"search_term_string"}}],"inLanguage":"pl-PL"}]}},"_links":{"self":[{"href":"https:\/\/ugwp.cfolks.pl\/bwb\/wp-json\/wp\/v2\/product\/2407","targetHints":{"allow":["GET"]}}],"collection":[{"href":"https:\/\/ugwp.cfolks.pl\/bwb\/wp-json\/wp\/v2\/product"}],"about":[{"href":"https:\/\/ugwp.cfolks.pl\/bwb\/wp-json\/wp\/v2\/types\/product"}],"wp:featuredmedia":[{"embeddable":true,"href":"https:\/\/ugwp.cfolks.pl\/bwb\/wp-json\/wp\/v2\/media\/5950"}],"wp:attachment":[{"href":"https:\/\/ugwp.cfolks.pl\/bwb\/wp-json\/wp\/v2\/media?parent=2407"}],"wp:term":[{"taxonomy":"product_cat","embeddable":true,"href":"https:\/\/ugwp.cfolks.pl\/bwb\/wp-json\/wp\/v2\/product_cat?post=2407"},{"taxonomy":"product_tag","embeddable":true,"href":"https:\/\/ugwp.cfolks.pl\/bwb\/wp-json\/wp\/v2\/product_tag?post=2407"}],"curies":[{"name":"wp","href":"https:\/\/api.w.org\/{rel}","templated":true}]}}