{"id":2403,"date":"2022-11-26T05:13:25","date_gmt":"2022-11-26T04:13:25","guid":{"rendered":"https:\/\/ugwp.cfolks.pl\/bwb\/?post_type=product&#038;p=2403"},"modified":"2023-02-09T14:20:01","modified_gmt":"2023-02-09T13:20:01","slug":"stozek-sk","status":"publish","type":"product","link":"https:\/\/ugwp.cfolks.pl\/bwb\/produkt\/stozek-sk\/","title":{"rendered":"Sto\u017cek \u2013 SK"},"content":{"rendered":"","protected":false},"excerpt":{"rendered":"<ul>\n<li>Sto\u017cek z tworzywa sztucznego do samodzielnego monta\u017cu<\/li>\n<li>Element zako\u0144czeniowy dla rurek dystansowych ochraniaj\u0105cych \u015bci\u0105gi szalunkowe<\/li>\n<li>Bardzo dobre po\u0142\u0105czenie z rurk\u0105 dystansow\u0105 RSR gwarantuj\u0105ce szczelno\u015b\u0107 w trakcie betonowania<\/li>\n<li>\u0141atwy demonta\u017c sto\u017cka przy u\u017cyciu specjalnego klucza do sto\u017ck\u00f3w SKS<\/li>\n<li>Sto\u017cek po demonta\u017cu i oczyszczeniu mo\u017ce by\u0107 u\u017cyty ponownie pod warunkiem braku uszkodze\u0144 na powierzchni i zachowaniu pe\u0142nej szczelno\u015bci na styku z rurk\u0105 dystansow\u0105<\/li>\n<li>Zastosowanie z rurkami dystansowymi o \u015brednicy wewn\u0119trznej od 20 do 32 mm<\/li>\n<li>Wysoko\u015b\u0107 sto\u017ck\u00f3w (grubo\u015b\u0107 otuliny) od 10 do 50 mm<\/li>\n<\/ul>\n","protected":false},"featured_media":2391,"template":"","meta":{"_acf_changed":false},"product_cat":[155],"product_tag":[],"class_list":{"0":"post-2403","1":"product","2":"type-product","3":"status-publish","4":"has-post-thumbnail","6":"product_cat-stozki-i-korki","8":"first","9":"instock","10":"shipping-taxable","11":"product-type-simple"},"acf":[],"yoast_head":"<!-- This site is optimized with the Yoast SEO plugin v27.3 - https:\/\/yoast.com\/product\/yoast-seo-wordpress\/ -->\n<title>Sto\u017cek \u2013 SK \u0141atwy Monta\u017c<\/title>\n<meta name=\"description\" content=\"Sto\u017cek z tworzywa sztucznego do samodzielnego monta\u017cu. Element zako\u0144czeniowy dla rurek dystansowych ochraniaj\u0105cych \u015bci\u0105gi szalunkowe.\" \/>\n<meta name=\"robots\" content=\"noindex, follow, max-snippet:-1, max-image-preview:large, max-video-preview:-1\" \/>\n<meta property=\"og:locale\" content=\"pl_PL\" \/>\n<meta property=\"og:type\" content=\"article\" \/>\n<meta property=\"og:title\" content=\"Sto\u017cek \u2013 SK \u0141atwy Monta\u017c\" \/>\n<meta property=\"og:description\" content=\"Sto\u017cek z tworzywa sztucznego do samodzielnego monta\u017cu. Element zako\u0144czeniowy dla rurek dystansowych ochraniaj\u0105cych \u015bci\u0105gi szalunkowe.\" \/>\n<meta property=\"og:url\" content=\"https:\/\/ugwp.cfolks.pl\/bwb\/produkt\/stozek-sk\/\" \/>\n<meta property=\"og:site_name\" content=\"BWB technology\" \/>\n<meta property=\"article:modified_time\" content=\"2023-02-09T13:20:01+00:00\" \/>\n<meta property=\"og:image\" content=\"https:\/\/ugwp.cfolks.pl\/bwb\/wp-content\/uploads\/BLANK.jpg\" \/>\n\t<meta property=\"og:image:width\" content=\"1100\" \/>\n\t<meta property=\"og:image:height\" content=\"810\" \/>\n\t<meta property=\"og:image:type\" content=\"image\/jpeg\" \/>\n<meta name=\"twitter:card\" content=\"summary_large_image\" \/>\n<script type=\"application\/ld+json\" class=\"yoast-schema-graph\">{\"@context\":\"https:\\\/\\\/schema.org\",\"@graph\":[{\"@type\":\"WebPage\",\"@id\":\"https:\\\/\\\/ugwp.cfolks.pl\\\/bwb\\\/produkt\\\/stozek-sk\\\/\",\"url\":\"https:\\\/\\\/ugwp.cfolks.pl\\\/bwb\\\/produkt\\\/stozek-sk\\\/\",\"name\":\"Sto\u017cek \u2013 SK \u0141atwy Monta\u017c\",\"isPartOf\":{\"@id\":\"https:\\\/\\\/ugwp.cfolks.pl\\\/bwb\\\/#website\"},\"primaryImageOfPage\":{\"@id\":\"https:\\\/\\\/ugwp.cfolks.pl\\\/bwb\\\/produkt\\\/stozek-sk\\\/#primaryimage\"},\"image\":{\"@id\":\"https:\\\/\\\/ugwp.cfolks.pl\\\/bwb\\\/produkt\\\/stozek-sk\\\/#primaryimage\"},\"thumbnailUrl\":\"https:\\\/\\\/ugwp.cfolks.pl\\\/bwb\\\/wp-content\\\/uploads\\\/BLANK.jpg\",\"datePublished\":\"2022-11-26T04:13:25+00:00\",\"dateModified\":\"2023-02-09T13:20:01+00:00\",\"description\":\"Sto\u017cek z tworzywa sztucznego do samodzielnego monta\u017cu. Element zako\u0144czeniowy dla rurek dystansowych ochraniaj\u0105cych \u015bci\u0105gi szalunkowe.\",\"breadcrumb\":{\"@id\":\"https:\\\/\\\/ugwp.cfolks.pl\\\/bwb\\\/produkt\\\/stozek-sk\\\/#breadcrumb\"},\"inLanguage\":\"pl-PL\",\"potentialAction\":[{\"@type\":\"ReadAction\",\"target\":[\"https:\\\/\\\/ugwp.cfolks.pl\\\/bwb\\\/produkt\\\/stozek-sk\\\/\"]}]},{\"@type\":\"ImageObject\",\"inLanguage\":\"pl-PL\",\"@id\":\"https:\\\/\\\/ugwp.cfolks.pl\\\/bwb\\\/produkt\\\/stozek-sk\\\/#primaryimage\",\"url\":\"https:\\\/\\\/ugwp.cfolks.pl\\\/bwb\\\/wp-content\\\/uploads\\\/BLANK.jpg\",\"contentUrl\":\"https:\\\/\\\/ugwp.cfolks.pl\\\/bwb\\\/wp-content\\\/uploads\\\/BLANK.jpg\",\"width\":1100,\"height\":810},{\"@type\":\"BreadcrumbList\",\"@id\":\"https:\\\/\\\/ugwp.cfolks.pl\\\/bwb\\\/produkt\\\/stozek-sk\\\/#breadcrumb\",\"itemListElement\":[{\"@type\":\"ListItem\",\"position\":1,\"name\":\"Strona g\u0142\u00f3wna\",\"item\":\"https:\\\/\\\/ugwp.cfolks.pl\\\/bwb\\\/\"},{\"@type\":\"ListItem\",\"position\":2,\"name\":\"Akcesoria Szalunkowe\",\"item\":\"https:\\\/\\\/ugwp.cfolks.pl\\\/bwb\\\/kategoria\\\/akcesoria-szalunkowe\\\/\"},{\"@type\":\"ListItem\",\"position\":3,\"name\":\"Sto\u017cki i korki\",\"item\":\"https:\\\/\\\/ugwp.cfolks.pl\\\/bwb\\\/kategoria\\\/akcesoria-szalunkowe\\\/stozki-i-korki\\\/\"},{\"@type\":\"ListItem\",\"position\":4,\"name\":\"Sto\u017cek \u2013 SK\"}]},{\"@type\":\"WebSite\",\"@id\":\"https:\\\/\\\/ugwp.cfolks.pl\\\/bwb\\\/#website\",\"url\":\"https:\\\/\\\/ugwp.cfolks.pl\\\/bwb\\\/\",\"name\":\"BWB technology\",\"description\":\"Kolejna witryna oparta na WordPressie\",\"potentialAction\":[{\"@type\":\"SearchAction\",\"target\":{\"@type\":\"EntryPoint\",\"urlTemplate\":\"https:\\\/\\\/ugwp.cfolks.pl\\\/bwb\\\/?s={search_term_string}\"},\"query-input\":{\"@type\":\"PropertyValueSpecification\",\"valueRequired\":true,\"valueName\":\"search_term_string\"}}],\"inLanguage\":\"pl-PL\"}]}<\/script>\n<!-- \/ Yoast SEO plugin. -->","yoast_head_json":{"title":"Sto\u017cek \u2013 SK \u0141atwy Monta\u017c","description":"Sto\u017cek z tworzywa sztucznego do samodzielnego monta\u017cu. Element zako\u0144czeniowy dla rurek dystansowych ochraniaj\u0105cych \u015bci\u0105gi szalunkowe.","robots":{"index":"noindex","follow":"follow","max-snippet":"max-snippet:-1","max-image-preview":"max-image-preview:large","max-video-preview":"max-video-preview:-1"},"og_locale":"pl_PL","og_type":"article","og_title":"Sto\u017cek \u2013 SK \u0141atwy Monta\u017c","og_description":"Sto\u017cek z tworzywa sztucznego do samodzielnego monta\u017cu. Element zako\u0144czeniowy dla rurek dystansowych ochraniaj\u0105cych \u015bci\u0105gi szalunkowe.","og_url":"https:\/\/ugwp.cfolks.pl\/bwb\/produkt\/stozek-sk\/","og_site_name":"BWB technology","article_modified_time":"2023-02-09T13:20:01+00:00","og_image":[{"width":1100,"height":810,"url":"https:\/\/ugwp.cfolks.pl\/bwb\/wp-content\/uploads\/BLANK.jpg","type":"image\/jpeg"}],"twitter_card":"summary_large_image","schema":{"@context":"https:\/\/schema.org","@graph":[{"@type":"WebPage","@id":"https:\/\/ugwp.cfolks.pl\/bwb\/produkt\/stozek-sk\/","url":"https:\/\/ugwp.cfolks.pl\/bwb\/produkt\/stozek-sk\/","name":"Sto\u017cek \u2013 SK \u0141atwy Monta\u017c","isPartOf":{"@id":"https:\/\/ugwp.cfolks.pl\/bwb\/#website"},"primaryImageOfPage":{"@id":"https:\/\/ugwp.cfolks.pl\/bwb\/produkt\/stozek-sk\/#primaryimage"},"image":{"@id":"https:\/\/ugwp.cfolks.pl\/bwb\/produkt\/stozek-sk\/#primaryimage"},"thumbnailUrl":"https:\/\/ugwp.cfolks.pl\/bwb\/wp-content\/uploads\/BLANK.jpg","datePublished":"2022-11-26T04:13:25+00:00","dateModified":"2023-02-09T13:20:01+00:00","description":"Sto\u017cek z tworzywa sztucznego do samodzielnego monta\u017cu. Element zako\u0144czeniowy dla rurek dystansowych ochraniaj\u0105cych \u015bci\u0105gi szalunkowe.","breadcrumb":{"@id":"https:\/\/ugwp.cfolks.pl\/bwb\/produkt\/stozek-sk\/#breadcrumb"},"inLanguage":"pl-PL","potentialAction":[{"@type":"ReadAction","target":["https:\/\/ugwp.cfolks.pl\/bwb\/produkt\/stozek-sk\/"]}]},{"@type":"ImageObject","inLanguage":"pl-PL","@id":"https:\/\/ugwp.cfolks.pl\/bwb\/produkt\/stozek-sk\/#primaryimage","url":"https:\/\/ugwp.cfolks.pl\/bwb\/wp-content\/uploads\/BLANK.jpg","contentUrl":"https:\/\/ugwp.cfolks.pl\/bwb\/wp-content\/uploads\/BLANK.jpg","width":1100,"height":810},{"@type":"BreadcrumbList","@id":"https:\/\/ugwp.cfolks.pl\/bwb\/produkt\/stozek-sk\/#breadcrumb","itemListElement":[{"@type":"ListItem","position":1,"name":"Strona g\u0142\u00f3wna","item":"https:\/\/ugwp.cfolks.pl\/bwb\/"},{"@type":"ListItem","position":2,"name":"Akcesoria Szalunkowe","item":"https:\/\/ugwp.cfolks.pl\/bwb\/kategoria\/akcesoria-szalunkowe\/"},{"@type":"ListItem","position":3,"name":"Sto\u017cki i korki","item":"https:\/\/ugwp.cfolks.pl\/bwb\/kategoria\/akcesoria-szalunkowe\/stozki-i-korki\/"},{"@type":"ListItem","position":4,"name":"Sto\u017cek \u2013 SK"}]},{"@type":"WebSite","@id":"https:\/\/ugwp.cfolks.pl\/bwb\/#website","url":"https:\/\/ugwp.cfolks.pl\/bwb\/","name":"BWB technology","description":"Kolejna witryna oparta na WordPressie","potentialAction":[{"@type":"SearchAction","target":{"@type":"EntryPoint","urlTemplate":"https:\/\/ugwp.cfolks.pl\/bwb\/?s={search_term_string}"},"query-input":{"@type":"PropertyValueSpecification","valueRequired":true,"valueName":"search_term_string"}}],"inLanguage":"pl-PL"}]}},"_links":{"self":[{"href":"https:\/\/ugwp.cfolks.pl\/bwb\/wp-json\/wp\/v2\/product\/2403","targetHints":{"allow":["GET"]}}],"collection":[{"href":"https:\/\/ugwp.cfolks.pl\/bwb\/wp-json\/wp\/v2\/product"}],"about":[{"href":"https:\/\/ugwp.cfolks.pl\/bwb\/wp-json\/wp\/v2\/types\/product"}],"wp:featuredmedia":[{"embeddable":true,"href":"https:\/\/ugwp.cfolks.pl\/bwb\/wp-json\/wp\/v2\/media\/2391"}],"wp:attachment":[{"href":"https:\/\/ugwp.cfolks.pl\/bwb\/wp-json\/wp\/v2\/media?parent=2403"}],"wp:term":[{"taxonomy":"product_cat","embeddable":true,"href":"https:\/\/ugwp.cfolks.pl\/bwb\/wp-json\/wp\/v2\/product_cat?post=2403"},{"taxonomy":"product_tag","embeddable":true,"href":"https:\/\/ugwp.cfolks.pl\/bwb\/wp-json\/wp\/v2\/product_tag?post=2403"}],"curies":[{"name":"wp","href":"https:\/\/api.w.org\/{rel}","templated":true}]}}