{"id":2402,"date":"2022-11-26T05:13:17","date_gmt":"2022-11-26T04:13:17","guid":{"rendered":"https:\/\/ugwp.cfolks.pl\/bwb\/?post_type=product&#038;p=2402"},"modified":"2023-02-09T13:40:39","modified_gmt":"2023-02-09T12:40:39","slug":"rurka-dystansowa-wb","status":"publish","type":"product","link":"https:\/\/ugwp.cfolks.pl\/bwb\/produkt\/rurka-dystansowa-wb\/","title":{"rendered":"Rurka dystansowa \u2013 WB"},"content":{"rendered":"","protected":false},"excerpt":{"rendered":"<ul>\n<li>Rurka dystansowa wykonana z betonu zbrojonego w\u0142\u00f3knem<\/li>\n<li>Element os\u0142onowy dla \u015bci\u0105g\u00f3w szalunkowych<\/li>\n<li>Stosowana jako elementem dystansowym dla r\u00f3\u017cnych grubo\u015bci \u015bcian formowanych w szalunkach pionowych<\/li>\n<li>Mo\u017cliwo\u015b\u0107 dostarczania rurek w dowolnym wymiarze<\/li>\n<\/ul>\n","protected":false},"featured_media":2391,"template":"","meta":{"_acf_changed":false},"product_cat":[154],"product_tag":[],"class_list":{"0":"post-2402","1":"product","2":"type-product","3":"status-publish","4":"has-post-thumbnail","6":"product_cat-rurki-dystansowe","8":"first","9":"instock","10":"shipping-taxable","11":"product-type-simple"},"acf":[],"yoast_head":"<!-- This site is optimized with the Yoast SEO plugin v27.3 - https:\/\/yoast.com\/product\/yoast-seo-wordpress\/ -->\n<title>Rurka dystansowa Z Betonu Zbrojonego R\u00f3\u017cne Grubo\u015bci\u2013 WB<\/title>\n<meta name=\"description\" content=\"Rurka dystansowa wykonana z betonu zbrojonego w\u0142\u00f3knem. Element os\u0142onowy dla \u015bci\u0105g\u00f3w szalunkowych. Stosowana jako elementem dystansowym dla r\u00f3\u017cnych grubo\u015bci \u015bcian formowanych w szalunkach pionowych.\" \/>\n<meta name=\"robots\" content=\"noindex, follow, max-snippet:-1, max-image-preview:large, max-video-preview:-1\" \/>\n<meta property=\"og:locale\" content=\"pl_PL\" \/>\n<meta property=\"og:type\" content=\"article\" \/>\n<meta property=\"og:title\" content=\"Rurka dystansowa Z Betonu Zbrojonego R\u00f3\u017cne Grubo\u015bci\u2013 WB\" \/>\n<meta property=\"og:description\" content=\"Rurka dystansowa wykonana z betonu zbrojonego w\u0142\u00f3knem. Element os\u0142onowy dla \u015bci\u0105g\u00f3w szalunkowych. Stosowana jako elementem dystansowym dla r\u00f3\u017cnych grubo\u015bci \u015bcian formowanych w szalunkach pionowych.\" \/>\n<meta property=\"og:url\" content=\"https:\/\/ugwp.cfolks.pl\/bwb\/produkt\/rurka-dystansowa-wb\/\" \/>\n<meta property=\"og:site_name\" content=\"BWB technology\" \/>\n<meta property=\"article:modified_time\" content=\"2023-02-09T12:40:39+00:00\" \/>\n<meta property=\"og:image\" content=\"https:\/\/ugwp.cfolks.pl\/bwb\/wp-content\/uploads\/BLANK.jpg\" \/>\n\t<meta property=\"og:image:width\" content=\"1100\" \/>\n\t<meta property=\"og:image:height\" content=\"810\" \/>\n\t<meta property=\"og:image:type\" content=\"image\/jpeg\" \/>\n<meta name=\"twitter:card\" content=\"summary_large_image\" \/>\n<script type=\"application\/ld+json\" class=\"yoast-schema-graph\">{\"@context\":\"https:\\\/\\\/schema.org\",\"@graph\":[{\"@type\":\"WebPage\",\"@id\":\"https:\\\/\\\/ugwp.cfolks.pl\\\/bwb\\\/produkt\\\/rurka-dystansowa-wb\\\/\",\"url\":\"https:\\\/\\\/ugwp.cfolks.pl\\\/bwb\\\/produkt\\\/rurka-dystansowa-wb\\\/\",\"name\":\"Rurka dystansowa Z Betonu Zbrojonego R\u00f3\u017cne Grubo\u015bci\u2013 WB\",\"isPartOf\":{\"@id\":\"https:\\\/\\\/ugwp.cfolks.pl\\\/bwb\\\/#website\"},\"primaryImageOfPage\":{\"@id\":\"https:\\\/\\\/ugwp.cfolks.pl\\\/bwb\\\/produkt\\\/rurka-dystansowa-wb\\\/#primaryimage\"},\"image\":{\"@id\":\"https:\\\/\\\/ugwp.cfolks.pl\\\/bwb\\\/produkt\\\/rurka-dystansowa-wb\\\/#primaryimage\"},\"thumbnailUrl\":\"https:\\\/\\\/ugwp.cfolks.pl\\\/bwb\\\/wp-content\\\/uploads\\\/BLANK.jpg\",\"datePublished\":\"2022-11-26T04:13:17+00:00\",\"dateModified\":\"2023-02-09T12:40:39+00:00\",\"description\":\"Rurka dystansowa wykonana z betonu zbrojonego w\u0142\u00f3knem. Element os\u0142onowy dla \u015bci\u0105g\u00f3w szalunkowych. Stosowana jako elementem dystansowym dla r\u00f3\u017cnych grubo\u015bci \u015bcian formowanych w szalunkach pionowych.\",\"breadcrumb\":{\"@id\":\"https:\\\/\\\/ugwp.cfolks.pl\\\/bwb\\\/produkt\\\/rurka-dystansowa-wb\\\/#breadcrumb\"},\"inLanguage\":\"pl-PL\",\"potentialAction\":[{\"@type\":\"ReadAction\",\"target\":[\"https:\\\/\\\/ugwp.cfolks.pl\\\/bwb\\\/produkt\\\/rurka-dystansowa-wb\\\/\"]}]},{\"@type\":\"ImageObject\",\"inLanguage\":\"pl-PL\",\"@id\":\"https:\\\/\\\/ugwp.cfolks.pl\\\/bwb\\\/produkt\\\/rurka-dystansowa-wb\\\/#primaryimage\",\"url\":\"https:\\\/\\\/ugwp.cfolks.pl\\\/bwb\\\/wp-content\\\/uploads\\\/BLANK.jpg\",\"contentUrl\":\"https:\\\/\\\/ugwp.cfolks.pl\\\/bwb\\\/wp-content\\\/uploads\\\/BLANK.jpg\",\"width\":1100,\"height\":810},{\"@type\":\"BreadcrumbList\",\"@id\":\"https:\\\/\\\/ugwp.cfolks.pl\\\/bwb\\\/produkt\\\/rurka-dystansowa-wb\\\/#breadcrumb\",\"itemListElement\":[{\"@type\":\"ListItem\",\"position\":1,\"name\":\"Strona g\u0142\u00f3wna\",\"item\":\"https:\\\/\\\/ugwp.cfolks.pl\\\/bwb\\\/\"},{\"@type\":\"ListItem\",\"position\":2,\"name\":\"Akcesoria Szalunkowe\",\"item\":\"https:\\\/\\\/ugwp.cfolks.pl\\\/bwb\\\/kategoria\\\/akcesoria-szalunkowe\\\/\"},{\"@type\":\"ListItem\",\"position\":3,\"name\":\"Rurki dystansowe\",\"item\":\"https:\\\/\\\/ugwp.cfolks.pl\\\/bwb\\\/kategoria\\\/akcesoria-szalunkowe\\\/rurki-dystansowe\\\/\"},{\"@type\":\"ListItem\",\"position\":4,\"name\":\"Rurka dystansowa \u2013 WB\"}]},{\"@type\":\"WebSite\",\"@id\":\"https:\\\/\\\/ugwp.cfolks.pl\\\/bwb\\\/#website\",\"url\":\"https:\\\/\\\/ugwp.cfolks.pl\\\/bwb\\\/\",\"name\":\"BWB technology\",\"description\":\"Kolejna witryna oparta na WordPressie\",\"potentialAction\":[{\"@type\":\"SearchAction\",\"target\":{\"@type\":\"EntryPoint\",\"urlTemplate\":\"https:\\\/\\\/ugwp.cfolks.pl\\\/bwb\\\/?s={search_term_string}\"},\"query-input\":{\"@type\":\"PropertyValueSpecification\",\"valueRequired\":true,\"valueName\":\"search_term_string\"}}],\"inLanguage\":\"pl-PL\"}]}<\/script>\n<!-- \/ Yoast SEO plugin. -->","yoast_head_json":{"title":"Rurka dystansowa Z Betonu Zbrojonego R\u00f3\u017cne Grubo\u015bci\u2013 WB","description":"Rurka dystansowa wykonana z betonu zbrojonego w\u0142\u00f3knem. Element os\u0142onowy dla \u015bci\u0105g\u00f3w szalunkowych. Stosowana jako elementem dystansowym dla r\u00f3\u017cnych grubo\u015bci \u015bcian formowanych w szalunkach pionowych.","robots":{"index":"noindex","follow":"follow","max-snippet":"max-snippet:-1","max-image-preview":"max-image-preview:large","max-video-preview":"max-video-preview:-1"},"og_locale":"pl_PL","og_type":"article","og_title":"Rurka dystansowa Z Betonu Zbrojonego R\u00f3\u017cne Grubo\u015bci\u2013 WB","og_description":"Rurka dystansowa wykonana z betonu zbrojonego w\u0142\u00f3knem. Element os\u0142onowy dla \u015bci\u0105g\u00f3w szalunkowych. Stosowana jako elementem dystansowym dla r\u00f3\u017cnych grubo\u015bci \u015bcian formowanych w szalunkach pionowych.","og_url":"https:\/\/ugwp.cfolks.pl\/bwb\/produkt\/rurka-dystansowa-wb\/","og_site_name":"BWB technology","article_modified_time":"2023-02-09T12:40:39+00:00","og_image":[{"width":1100,"height":810,"url":"https:\/\/ugwp.cfolks.pl\/bwb\/wp-content\/uploads\/BLANK.jpg","type":"image\/jpeg"}],"twitter_card":"summary_large_image","schema":{"@context":"https:\/\/schema.org","@graph":[{"@type":"WebPage","@id":"https:\/\/ugwp.cfolks.pl\/bwb\/produkt\/rurka-dystansowa-wb\/","url":"https:\/\/ugwp.cfolks.pl\/bwb\/produkt\/rurka-dystansowa-wb\/","name":"Rurka dystansowa Z Betonu Zbrojonego R\u00f3\u017cne Grubo\u015bci\u2013 WB","isPartOf":{"@id":"https:\/\/ugwp.cfolks.pl\/bwb\/#website"},"primaryImageOfPage":{"@id":"https:\/\/ugwp.cfolks.pl\/bwb\/produkt\/rurka-dystansowa-wb\/#primaryimage"},"image":{"@id":"https:\/\/ugwp.cfolks.pl\/bwb\/produkt\/rurka-dystansowa-wb\/#primaryimage"},"thumbnailUrl":"https:\/\/ugwp.cfolks.pl\/bwb\/wp-content\/uploads\/BLANK.jpg","datePublished":"2022-11-26T04:13:17+00:00","dateModified":"2023-02-09T12:40:39+00:00","description":"Rurka dystansowa wykonana z betonu zbrojonego w\u0142\u00f3knem. Element os\u0142onowy dla \u015bci\u0105g\u00f3w szalunkowych. Stosowana jako elementem dystansowym dla r\u00f3\u017cnych grubo\u015bci \u015bcian formowanych w szalunkach pionowych.","breadcrumb":{"@id":"https:\/\/ugwp.cfolks.pl\/bwb\/produkt\/rurka-dystansowa-wb\/#breadcrumb"},"inLanguage":"pl-PL","potentialAction":[{"@type":"ReadAction","target":["https:\/\/ugwp.cfolks.pl\/bwb\/produkt\/rurka-dystansowa-wb\/"]}]},{"@type":"ImageObject","inLanguage":"pl-PL","@id":"https:\/\/ugwp.cfolks.pl\/bwb\/produkt\/rurka-dystansowa-wb\/#primaryimage","url":"https:\/\/ugwp.cfolks.pl\/bwb\/wp-content\/uploads\/BLANK.jpg","contentUrl":"https:\/\/ugwp.cfolks.pl\/bwb\/wp-content\/uploads\/BLANK.jpg","width":1100,"height":810},{"@type":"BreadcrumbList","@id":"https:\/\/ugwp.cfolks.pl\/bwb\/produkt\/rurka-dystansowa-wb\/#breadcrumb","itemListElement":[{"@type":"ListItem","position":1,"name":"Strona g\u0142\u00f3wna","item":"https:\/\/ugwp.cfolks.pl\/bwb\/"},{"@type":"ListItem","position":2,"name":"Akcesoria Szalunkowe","item":"https:\/\/ugwp.cfolks.pl\/bwb\/kategoria\/akcesoria-szalunkowe\/"},{"@type":"ListItem","position":3,"name":"Rurki dystansowe","item":"https:\/\/ugwp.cfolks.pl\/bwb\/kategoria\/akcesoria-szalunkowe\/rurki-dystansowe\/"},{"@type":"ListItem","position":4,"name":"Rurka dystansowa \u2013 WB"}]},{"@type":"WebSite","@id":"https:\/\/ugwp.cfolks.pl\/bwb\/#website","url":"https:\/\/ugwp.cfolks.pl\/bwb\/","name":"BWB technology","description":"Kolejna witryna oparta na WordPressie","potentialAction":[{"@type":"SearchAction","target":{"@type":"EntryPoint","urlTemplate":"https:\/\/ugwp.cfolks.pl\/bwb\/?s={search_term_string}"},"query-input":{"@type":"PropertyValueSpecification","valueRequired":true,"valueName":"search_term_string"}}],"inLanguage":"pl-PL"}]}},"_links":{"self":[{"href":"https:\/\/ugwp.cfolks.pl\/bwb\/wp-json\/wp\/v2\/product\/2402","targetHints":{"allow":["GET"]}}],"collection":[{"href":"https:\/\/ugwp.cfolks.pl\/bwb\/wp-json\/wp\/v2\/product"}],"about":[{"href":"https:\/\/ugwp.cfolks.pl\/bwb\/wp-json\/wp\/v2\/types\/product"}],"wp:featuredmedia":[{"embeddable":true,"href":"https:\/\/ugwp.cfolks.pl\/bwb\/wp-json\/wp\/v2\/media\/2391"}],"wp:attachment":[{"href":"https:\/\/ugwp.cfolks.pl\/bwb\/wp-json\/wp\/v2\/media?parent=2402"}],"wp:term":[{"taxonomy":"product_cat","embeddable":true,"href":"https:\/\/ugwp.cfolks.pl\/bwb\/wp-json\/wp\/v2\/product_cat?post=2402"},{"taxonomy":"product_tag","embeddable":true,"href":"https:\/\/ugwp.cfolks.pl\/bwb\/wp-json\/wp\/v2\/product_tag?post=2402"}],"curies":[{"name":"wp","href":"https:\/\/api.w.org\/{rel}","templated":true}]}}