{"id":2401,"date":"2022-11-26T05:13:03","date_gmt":"2022-11-26T04:13:03","guid":{"rendered":"https:\/\/ugwp.cfolks.pl\/bwb\/?post_type=product&#038;p=2401"},"modified":"2024-09-06T15:52:19","modified_gmt":"2024-09-06T13:52:19","slug":"kolnierz-peczniejacy-bm","status":"publish","type":"product","link":"https:\/\/ugwp.cfolks.pl\/bwb\/produkt\/kolnierz-peczniejacy-bm\/","title":{"rendered":"Ko\u0142nierz p\u0119czniej\u0105cy \u2013 BM"},"content":{"rendered":"","protected":false},"excerpt":{"rendered":"<ul>\n<li>Ko\u0142nierz automatycznie p\u0119cznieje w kontakcie z wod\u0105, dzi\u0119ki czemu doskonale osadza element dystansowy<\/li>\n<li>\u0141atwy monta\u017c dzi\u0119ki zwyk\u0142emu owini\u0119ciu<\/li>\n<li>Do zastosowania z rurkami RSR 22\/26 oraz systemem FSK<\/li>\n<\/ul>\n","protected":false},"featured_media":6590,"template":"","meta":{"_acf_changed":false},"product_cat":[154],"product_tag":[],"class_list":{"0":"post-2401","1":"product","2":"type-product","3":"status-publish","4":"has-post-thumbnail","6":"product_cat-rurki-dystansowe","8":"first","9":"instock","10":"shipping-taxable","11":"product-type-simple"},"acf":[],"yoast_head":"<!-- This site is optimized with the Yoast SEO plugin v27.3 - https:\/\/yoast.com\/product\/yoast-seo-wordpress\/ -->\n<title>Ko\u0142nierz p\u0119czniej\u0105cy \u2013 BM \u0141atwy Monta\u017c<\/title>\n<meta name=\"description\" content=\"Ko\u0142nierz automatycznie p\u0119cznieje w kontakcie z wod\u0105, dzi\u0119ki czemu doskonale osadza element dystansowy. \u0141atwy monta\u017c - dzi\u0119ki zwyk\u0142emu owini\u0119ciu. Do zastosowania z rurkami RSR 22\/26 oraz systemem FSK.\" \/>\n<meta name=\"robots\" content=\"noindex, follow, max-snippet:-1, max-image-preview:large, max-video-preview:-1\" \/>\n<meta property=\"og:locale\" content=\"pl_PL\" \/>\n<meta property=\"og:type\" content=\"article\" \/>\n<meta property=\"og:title\" content=\"Ko\u0142nierz p\u0119czniej\u0105cy \u2013 BM \u0141atwy Monta\u017c\" \/>\n<meta property=\"og:description\" content=\"Ko\u0142nierz automatycznie p\u0119cznieje w kontakcie z wod\u0105, dzi\u0119ki czemu doskonale osadza element dystansowy. \u0141atwy monta\u017c - dzi\u0119ki zwyk\u0142emu owini\u0119ciu. Do zastosowania z rurkami RSR 22\/26 oraz systemem FSK.\" \/>\n<meta property=\"og:url\" content=\"https:\/\/ugwp.cfolks.pl\/bwb\/produkt\/kolnierz-peczniejacy-bm\/\" \/>\n<meta property=\"og:site_name\" content=\"BWB technology\" \/>\n<meta property=\"article:modified_time\" content=\"2024-09-06T13:52:19+00:00\" \/>\n<meta property=\"og:image\" content=\"https:\/\/ugwp.cfolks.pl\/bwb\/wp-content\/uploads\/Kolnierz-peczniejacy-\u2013-BM.jpg\" \/>\n\t<meta property=\"og:image:width\" content=\"1100\" \/>\n\t<meta property=\"og:image:height\" content=\"810\" \/>\n\t<meta property=\"og:image:type\" content=\"image\/jpeg\" \/>\n<meta name=\"twitter:card\" content=\"summary_large_image\" \/>\n<meta name=\"twitter:label1\" content=\"Szacowany czas czytania\" \/>\n\t<meta name=\"twitter:data1\" content=\"1 minuta\" \/>\n<script type=\"application\/ld+json\" class=\"yoast-schema-graph\">{\"@context\":\"https:\\\/\\\/schema.org\",\"@graph\":[{\"@type\":\"WebPage\",\"@id\":\"https:\\\/\\\/ugwp.cfolks.pl\\\/bwb\\\/produkt\\\/kolnierz-peczniejacy-bm\\\/\",\"url\":\"https:\\\/\\\/ugwp.cfolks.pl\\\/bwb\\\/produkt\\\/kolnierz-peczniejacy-bm\\\/\",\"name\":\"Ko\u0142nierz p\u0119czniej\u0105cy \u2013 BM \u0141atwy Monta\u017c\",\"isPartOf\":{\"@id\":\"https:\\\/\\\/ugwp.cfolks.pl\\\/bwb\\\/#website\"},\"primaryImageOfPage\":{\"@id\":\"https:\\\/\\\/ugwp.cfolks.pl\\\/bwb\\\/produkt\\\/kolnierz-peczniejacy-bm\\\/#primaryimage\"},\"image\":{\"@id\":\"https:\\\/\\\/ugwp.cfolks.pl\\\/bwb\\\/produkt\\\/kolnierz-peczniejacy-bm\\\/#primaryimage\"},\"thumbnailUrl\":\"https:\\\/\\\/ugwp.cfolks.pl\\\/bwb\\\/wp-content\\\/uploads\\\/Kolnierz-peczniejacy-\u2013-BM.jpg\",\"datePublished\":\"2022-11-26T04:13:03+00:00\",\"dateModified\":\"2024-09-06T13:52:19+00:00\",\"description\":\"Ko\u0142nierz automatycznie p\u0119cznieje w kontakcie z wod\u0105, dzi\u0119ki czemu doskonale osadza element dystansowy. \u0141atwy monta\u017c - dzi\u0119ki zwyk\u0142emu owini\u0119ciu. Do zastosowania z rurkami RSR 22\\\/26 oraz systemem FSK.\",\"breadcrumb\":{\"@id\":\"https:\\\/\\\/ugwp.cfolks.pl\\\/bwb\\\/produkt\\\/kolnierz-peczniejacy-bm\\\/#breadcrumb\"},\"inLanguage\":\"pl-PL\",\"potentialAction\":[{\"@type\":\"ReadAction\",\"target\":[\"https:\\\/\\\/ugwp.cfolks.pl\\\/bwb\\\/produkt\\\/kolnierz-peczniejacy-bm\\\/\"]}]},{\"@type\":\"ImageObject\",\"inLanguage\":\"pl-PL\",\"@id\":\"https:\\\/\\\/ugwp.cfolks.pl\\\/bwb\\\/produkt\\\/kolnierz-peczniejacy-bm\\\/#primaryimage\",\"url\":\"https:\\\/\\\/ugwp.cfolks.pl\\\/bwb\\\/wp-content\\\/uploads\\\/Kolnierz-peczniejacy-\u2013-BM.jpg\",\"contentUrl\":\"https:\\\/\\\/ugwp.cfolks.pl\\\/bwb\\\/wp-content\\\/uploads\\\/Kolnierz-peczniejacy-\u2013-BM.jpg\",\"width\":1100,\"height\":810,\"caption\":\"Ko\u0142nierz p\u0119czniej\u0105cy \u2013 BM\"},{\"@type\":\"BreadcrumbList\",\"@id\":\"https:\\\/\\\/ugwp.cfolks.pl\\\/bwb\\\/produkt\\\/kolnierz-peczniejacy-bm\\\/#breadcrumb\",\"itemListElement\":[{\"@type\":\"ListItem\",\"position\":1,\"name\":\"Strona g\u0142\u00f3wna\",\"item\":\"https:\\\/\\\/ugwp.cfolks.pl\\\/bwb\\\/\"},{\"@type\":\"ListItem\",\"position\":2,\"name\":\"Akcesoria Szalunkowe\",\"item\":\"https:\\\/\\\/ugwp.cfolks.pl\\\/bwb\\\/kategoria\\\/akcesoria-szalunkowe\\\/\"},{\"@type\":\"ListItem\",\"position\":3,\"name\":\"Rurki dystansowe\",\"item\":\"https:\\\/\\\/ugwp.cfolks.pl\\\/bwb\\\/kategoria\\\/akcesoria-szalunkowe\\\/rurki-dystansowe\\\/\"},{\"@type\":\"ListItem\",\"position\":4,\"name\":\"Ko\u0142nierz p\u0119czniej\u0105cy \u2013 BM\"}]},{\"@type\":\"WebSite\",\"@id\":\"https:\\\/\\\/ugwp.cfolks.pl\\\/bwb\\\/#website\",\"url\":\"https:\\\/\\\/ugwp.cfolks.pl\\\/bwb\\\/\",\"name\":\"BWB technology\",\"description\":\"Kolejna witryna oparta na WordPressie\",\"potentialAction\":[{\"@type\":\"SearchAction\",\"target\":{\"@type\":\"EntryPoint\",\"urlTemplate\":\"https:\\\/\\\/ugwp.cfolks.pl\\\/bwb\\\/?s={search_term_string}\"},\"query-input\":{\"@type\":\"PropertyValueSpecification\",\"valueRequired\":true,\"valueName\":\"search_term_string\"}}],\"inLanguage\":\"pl-PL\"}]}<\/script>\n<!-- \/ Yoast SEO plugin. -->","yoast_head_json":{"title":"Ko\u0142nierz p\u0119czniej\u0105cy \u2013 BM \u0141atwy Monta\u017c","description":"Ko\u0142nierz automatycznie p\u0119cznieje w kontakcie z wod\u0105, dzi\u0119ki czemu doskonale osadza element dystansowy. \u0141atwy monta\u017c - dzi\u0119ki zwyk\u0142emu owini\u0119ciu. Do zastosowania z rurkami RSR 22\/26 oraz systemem FSK.","robots":{"index":"noindex","follow":"follow","max-snippet":"max-snippet:-1","max-image-preview":"max-image-preview:large","max-video-preview":"max-video-preview:-1"},"og_locale":"pl_PL","og_type":"article","og_title":"Ko\u0142nierz p\u0119czniej\u0105cy \u2013 BM \u0141atwy Monta\u017c","og_description":"Ko\u0142nierz automatycznie p\u0119cznieje w kontakcie z wod\u0105, dzi\u0119ki czemu doskonale osadza element dystansowy. \u0141atwy monta\u017c - dzi\u0119ki zwyk\u0142emu owini\u0119ciu. Do zastosowania z rurkami RSR 22\/26 oraz systemem FSK.","og_url":"https:\/\/ugwp.cfolks.pl\/bwb\/produkt\/kolnierz-peczniejacy-bm\/","og_site_name":"BWB technology","article_modified_time":"2024-09-06T13:52:19+00:00","og_image":[{"width":1100,"height":810,"url":"https:\/\/ugwp.cfolks.pl\/bwb\/wp-content\/uploads\/Kolnierz-peczniejacy-\u2013-BM.jpg","type":"image\/jpeg"}],"twitter_card":"summary_large_image","twitter_misc":{"Szacowany czas czytania":"1 minuta"},"schema":{"@context":"https:\/\/schema.org","@graph":[{"@type":"WebPage","@id":"https:\/\/ugwp.cfolks.pl\/bwb\/produkt\/kolnierz-peczniejacy-bm\/","url":"https:\/\/ugwp.cfolks.pl\/bwb\/produkt\/kolnierz-peczniejacy-bm\/","name":"Ko\u0142nierz p\u0119czniej\u0105cy \u2013 BM \u0141atwy Monta\u017c","isPartOf":{"@id":"https:\/\/ugwp.cfolks.pl\/bwb\/#website"},"primaryImageOfPage":{"@id":"https:\/\/ugwp.cfolks.pl\/bwb\/produkt\/kolnierz-peczniejacy-bm\/#primaryimage"},"image":{"@id":"https:\/\/ugwp.cfolks.pl\/bwb\/produkt\/kolnierz-peczniejacy-bm\/#primaryimage"},"thumbnailUrl":"https:\/\/ugwp.cfolks.pl\/bwb\/wp-content\/uploads\/Kolnierz-peczniejacy-\u2013-BM.jpg","datePublished":"2022-11-26T04:13:03+00:00","dateModified":"2024-09-06T13:52:19+00:00","description":"Ko\u0142nierz automatycznie p\u0119cznieje w kontakcie z wod\u0105, dzi\u0119ki czemu doskonale osadza element dystansowy. \u0141atwy monta\u017c - dzi\u0119ki zwyk\u0142emu owini\u0119ciu. Do zastosowania z rurkami RSR 22\/26 oraz systemem FSK.","breadcrumb":{"@id":"https:\/\/ugwp.cfolks.pl\/bwb\/produkt\/kolnierz-peczniejacy-bm\/#breadcrumb"},"inLanguage":"pl-PL","potentialAction":[{"@type":"ReadAction","target":["https:\/\/ugwp.cfolks.pl\/bwb\/produkt\/kolnierz-peczniejacy-bm\/"]}]},{"@type":"ImageObject","inLanguage":"pl-PL","@id":"https:\/\/ugwp.cfolks.pl\/bwb\/produkt\/kolnierz-peczniejacy-bm\/#primaryimage","url":"https:\/\/ugwp.cfolks.pl\/bwb\/wp-content\/uploads\/Kolnierz-peczniejacy-\u2013-BM.jpg","contentUrl":"https:\/\/ugwp.cfolks.pl\/bwb\/wp-content\/uploads\/Kolnierz-peczniejacy-\u2013-BM.jpg","width":1100,"height":810,"caption":"Ko\u0142nierz p\u0119czniej\u0105cy \u2013 BM"},{"@type":"BreadcrumbList","@id":"https:\/\/ugwp.cfolks.pl\/bwb\/produkt\/kolnierz-peczniejacy-bm\/#breadcrumb","itemListElement":[{"@type":"ListItem","position":1,"name":"Strona g\u0142\u00f3wna","item":"https:\/\/ugwp.cfolks.pl\/bwb\/"},{"@type":"ListItem","position":2,"name":"Akcesoria Szalunkowe","item":"https:\/\/ugwp.cfolks.pl\/bwb\/kategoria\/akcesoria-szalunkowe\/"},{"@type":"ListItem","position":3,"name":"Rurki dystansowe","item":"https:\/\/ugwp.cfolks.pl\/bwb\/kategoria\/akcesoria-szalunkowe\/rurki-dystansowe\/"},{"@type":"ListItem","position":4,"name":"Ko\u0142nierz p\u0119czniej\u0105cy \u2013 BM"}]},{"@type":"WebSite","@id":"https:\/\/ugwp.cfolks.pl\/bwb\/#website","url":"https:\/\/ugwp.cfolks.pl\/bwb\/","name":"BWB technology","description":"Kolejna witryna oparta na WordPressie","potentialAction":[{"@type":"SearchAction","target":{"@type":"EntryPoint","urlTemplate":"https:\/\/ugwp.cfolks.pl\/bwb\/?s={search_term_string}"},"query-input":{"@type":"PropertyValueSpecification","valueRequired":true,"valueName":"search_term_string"}}],"inLanguage":"pl-PL"}]}},"_links":{"self":[{"href":"https:\/\/ugwp.cfolks.pl\/bwb\/wp-json\/wp\/v2\/product\/2401","targetHints":{"allow":["GET"]}}],"collection":[{"href":"https:\/\/ugwp.cfolks.pl\/bwb\/wp-json\/wp\/v2\/product"}],"about":[{"href":"https:\/\/ugwp.cfolks.pl\/bwb\/wp-json\/wp\/v2\/types\/product"}],"wp:featuredmedia":[{"embeddable":true,"href":"https:\/\/ugwp.cfolks.pl\/bwb\/wp-json\/wp\/v2\/media\/6590"}],"wp:attachment":[{"href":"https:\/\/ugwp.cfolks.pl\/bwb\/wp-json\/wp\/v2\/media?parent=2401"}],"wp:term":[{"taxonomy":"product_cat","embeddable":true,"href":"https:\/\/ugwp.cfolks.pl\/bwb\/wp-json\/wp\/v2\/product_cat?post=2401"},{"taxonomy":"product_tag","embeddable":true,"href":"https:\/\/ugwp.cfolks.pl\/bwb\/wp-json\/wp\/v2\/product_tag?post=2401"}],"curies":[{"name":"wp","href":"https:\/\/api.w.org\/{rel}","templated":true}]}}