{"id":2397,"date":"2022-11-26T05:12:32","date_gmt":"2022-11-26T04:12:32","guid":{"rendered":"https:\/\/ugwp.cfolks.pl\/bwb\/?post_type=product&#038;p=2397"},"modified":"2024-08-15T11:39:14","modified_gmt":"2024-08-15T09:39:14","slug":"rurka-dystansowa-fsk","status":"publish","type":"product","link":"https:\/\/ugwp.cfolks.pl\/bwb\/produkt\/rurka-dystansowa-fsk\/","title":{"rendered":"Rurka dystansowa \u2013 FSK"},"content":{"rendered":"","protected":false},"excerpt":{"rendered":"<ul>\n<li>Gotowy, zmontowany element dystansowy do \u015bci\u0105g\u00f3w szalunkowych<\/li>\n<li>Element FSK sk\u0142ada si\u0119 z rurki z u\u017cebrowaniem oraz zintegrowanej (po obu stronach) przegrody wodnej RKW<\/li>\n<li>Ca\u0142y element FSK pozostaje w betonie<\/li>\n<li>Otwory w ko\u0144c\u00f3wkach RKW zamykane s\u0105 dostarczanymi w komplecie (2 szt.) korkami uszczelniaj\u0105cymi STF<\/li>\n<li>System posiadania badania na szczelno\u015b\u0107 do 50 m s\u0142upa wody<\/li>\n<li>Dla elementu FSK 240 L istnieje mo\u017cliwo\u015b\u0107 wyko\u0144czenia \u015bciany od wewn\u0105trz korkiem betonowym do betonu architektonicznego (dla \u015bcian grubo\u015bci 250 mm)<\/li>\n<li>Jako elementem dystansowym dla r\u00f3\u017cnych grubo\u015bci \u015bcian formowanych w szalunkach pionowych<\/li>\n<li>System dost\u0119pny w typowych grubo\u015bciach \u015bcian<\/li>\n<li>Inne d\u0142ugo\u015bci mo\u017cliwe do uzyskania w systemie FSG<\/li>\n<\/ul>\n","protected":false},"featured_media":5892,"template":"","meta":{"_acf_changed":false},"product_cat":[154],"product_tag":[],"class_list":{"0":"post-2397","1":"product","2":"type-product","3":"status-publish","4":"has-post-thumbnail","6":"product_cat-rurki-dystansowe","8":"first","9":"instock","10":"shipping-taxable","11":"product-type-simple"},"acf":[],"yoast_head":"<!-- This site is optimized with the Yoast SEO plugin v27.3 - https:\/\/yoast.com\/product\/yoast-seo-wordpress\/ -->\n<title>Rurka dystansowa \u2013 FSK<\/title>\n<meta name=\"description\" content=\"Gotowy, zmontowany element dystansowy do \u015bci\u0105g\u00f3w szalunkowych. Element FSK sk\u0142ada si\u0119 z rurki z u\u017cebrowaniem oraz zintegrowanej przegrody wodnej RKW.\" \/>\n<meta name=\"robots\" content=\"noindex, follow, max-snippet:-1, max-image-preview:large, max-video-preview:-1\" \/>\n<meta property=\"og:locale\" content=\"pl_PL\" \/>\n<meta property=\"og:type\" content=\"article\" \/>\n<meta property=\"og:title\" content=\"Rurka dystansowa \u2013 FSK\" \/>\n<meta property=\"og:description\" content=\"Gotowy, zmontowany element dystansowy do \u015bci\u0105g\u00f3w szalunkowych. Element FSK sk\u0142ada si\u0119 z rurki z u\u017cebrowaniem oraz zintegrowanej przegrody wodnej RKW.\" \/>\n<meta property=\"og:url\" content=\"https:\/\/ugwp.cfolks.pl\/bwb\/produkt\/rurka-dystansowa-fsk\/\" \/>\n<meta property=\"og:site_name\" content=\"BWB technology\" \/>\n<meta property=\"article:modified_time\" content=\"2024-08-15T09:39:14+00:00\" \/>\n<meta property=\"og:image\" content=\"https:\/\/ugwp.cfolks.pl\/bwb\/wp-content\/uploads\/Rurka-dystansowa-\u2013-FSK-1.jpg\" \/>\n\t<meta property=\"og:image:width\" content=\"1100\" \/>\n\t<meta property=\"og:image:height\" content=\"810\" \/>\n\t<meta property=\"og:image:type\" content=\"image\/jpeg\" \/>\n<meta name=\"twitter:card\" content=\"summary_large_image\" \/>\n<meta name=\"twitter:label1\" content=\"Szacowany czas czytania\" \/>\n\t<meta name=\"twitter:data1\" content=\"1 minuta\" \/>\n<script type=\"application\/ld+json\" class=\"yoast-schema-graph\">{\"@context\":\"https:\\\/\\\/schema.org\",\"@graph\":[{\"@type\":\"WebPage\",\"@id\":\"https:\\\/\\\/ugwp.cfolks.pl\\\/bwb\\\/produkt\\\/rurka-dystansowa-fsk\\\/\",\"url\":\"https:\\\/\\\/ugwp.cfolks.pl\\\/bwb\\\/produkt\\\/rurka-dystansowa-fsk\\\/\",\"name\":\"Rurka dystansowa \u2013 FSK\",\"isPartOf\":{\"@id\":\"https:\\\/\\\/ugwp.cfolks.pl\\\/bwb\\\/#website\"},\"primaryImageOfPage\":{\"@id\":\"https:\\\/\\\/ugwp.cfolks.pl\\\/bwb\\\/produkt\\\/rurka-dystansowa-fsk\\\/#primaryimage\"},\"image\":{\"@id\":\"https:\\\/\\\/ugwp.cfolks.pl\\\/bwb\\\/produkt\\\/rurka-dystansowa-fsk\\\/#primaryimage\"},\"thumbnailUrl\":\"https:\\\/\\\/ugwp.cfolks.pl\\\/bwb\\\/wp-content\\\/uploads\\\/Rurka-dystansowa-\u2013-FSK-1.jpg\",\"datePublished\":\"2022-11-26T04:12:32+00:00\",\"dateModified\":\"2024-08-15T09:39:14+00:00\",\"description\":\"Gotowy, zmontowany element dystansowy do \u015bci\u0105g\u00f3w szalunkowych. Element FSK sk\u0142ada si\u0119 z rurki z u\u017cebrowaniem oraz zintegrowanej przegrody wodnej RKW.\",\"breadcrumb\":{\"@id\":\"https:\\\/\\\/ugwp.cfolks.pl\\\/bwb\\\/produkt\\\/rurka-dystansowa-fsk\\\/#breadcrumb\"},\"inLanguage\":\"pl-PL\",\"potentialAction\":[{\"@type\":\"ReadAction\",\"target\":[\"https:\\\/\\\/ugwp.cfolks.pl\\\/bwb\\\/produkt\\\/rurka-dystansowa-fsk\\\/\"]}]},{\"@type\":\"ImageObject\",\"inLanguage\":\"pl-PL\",\"@id\":\"https:\\\/\\\/ugwp.cfolks.pl\\\/bwb\\\/produkt\\\/rurka-dystansowa-fsk\\\/#primaryimage\",\"url\":\"https:\\\/\\\/ugwp.cfolks.pl\\\/bwb\\\/wp-content\\\/uploads\\\/Rurka-dystansowa-\u2013-FSK-1.jpg\",\"contentUrl\":\"https:\\\/\\\/ugwp.cfolks.pl\\\/bwb\\\/wp-content\\\/uploads\\\/Rurka-dystansowa-\u2013-FSK-1.jpg\",\"width\":1100,\"height\":810,\"caption\":\"Rurka dystansowa \u2013 FSK\"},{\"@type\":\"BreadcrumbList\",\"@id\":\"https:\\\/\\\/ugwp.cfolks.pl\\\/bwb\\\/produkt\\\/rurka-dystansowa-fsk\\\/#breadcrumb\",\"itemListElement\":[{\"@type\":\"ListItem\",\"position\":1,\"name\":\"Strona g\u0142\u00f3wna\",\"item\":\"https:\\\/\\\/ugwp.cfolks.pl\\\/bwb\\\/\"},{\"@type\":\"ListItem\",\"position\":2,\"name\":\"Akcesoria Szalunkowe\",\"item\":\"https:\\\/\\\/ugwp.cfolks.pl\\\/bwb\\\/kategoria\\\/akcesoria-szalunkowe\\\/\"},{\"@type\":\"ListItem\",\"position\":3,\"name\":\"Rurki dystansowe\",\"item\":\"https:\\\/\\\/ugwp.cfolks.pl\\\/bwb\\\/kategoria\\\/akcesoria-szalunkowe\\\/rurki-dystansowe\\\/\"},{\"@type\":\"ListItem\",\"position\":4,\"name\":\"Rurka dystansowa \u2013 FSK\"}]},{\"@type\":\"WebSite\",\"@id\":\"https:\\\/\\\/ugwp.cfolks.pl\\\/bwb\\\/#website\",\"url\":\"https:\\\/\\\/ugwp.cfolks.pl\\\/bwb\\\/\",\"name\":\"BWB technology\",\"description\":\"Kolejna witryna oparta na WordPressie\",\"potentialAction\":[{\"@type\":\"SearchAction\",\"target\":{\"@type\":\"EntryPoint\",\"urlTemplate\":\"https:\\\/\\\/ugwp.cfolks.pl\\\/bwb\\\/?s={search_term_string}\"},\"query-input\":{\"@type\":\"PropertyValueSpecification\",\"valueRequired\":true,\"valueName\":\"search_term_string\"}}],\"inLanguage\":\"pl-PL\"}]}<\/script>\n<!-- \/ Yoast SEO plugin. -->","yoast_head_json":{"title":"Rurka dystansowa \u2013 FSK","description":"Gotowy, zmontowany element dystansowy do \u015bci\u0105g\u00f3w szalunkowych. Element FSK sk\u0142ada si\u0119 z rurki z u\u017cebrowaniem oraz zintegrowanej przegrody wodnej RKW.","robots":{"index":"noindex","follow":"follow","max-snippet":"max-snippet:-1","max-image-preview":"max-image-preview:large","max-video-preview":"max-video-preview:-1"},"og_locale":"pl_PL","og_type":"article","og_title":"Rurka dystansowa \u2013 FSK","og_description":"Gotowy, zmontowany element dystansowy do \u015bci\u0105g\u00f3w szalunkowych. Element FSK sk\u0142ada si\u0119 z rurki z u\u017cebrowaniem oraz zintegrowanej przegrody wodnej RKW.","og_url":"https:\/\/ugwp.cfolks.pl\/bwb\/produkt\/rurka-dystansowa-fsk\/","og_site_name":"BWB technology","article_modified_time":"2024-08-15T09:39:14+00:00","og_image":[{"width":1100,"height":810,"url":"https:\/\/ugwp.cfolks.pl\/bwb\/wp-content\/uploads\/Rurka-dystansowa-\u2013-FSK-1.jpg","type":"image\/jpeg"}],"twitter_card":"summary_large_image","twitter_misc":{"Szacowany czas czytania":"1 minuta"},"schema":{"@context":"https:\/\/schema.org","@graph":[{"@type":"WebPage","@id":"https:\/\/ugwp.cfolks.pl\/bwb\/produkt\/rurka-dystansowa-fsk\/","url":"https:\/\/ugwp.cfolks.pl\/bwb\/produkt\/rurka-dystansowa-fsk\/","name":"Rurka dystansowa \u2013 FSK","isPartOf":{"@id":"https:\/\/ugwp.cfolks.pl\/bwb\/#website"},"primaryImageOfPage":{"@id":"https:\/\/ugwp.cfolks.pl\/bwb\/produkt\/rurka-dystansowa-fsk\/#primaryimage"},"image":{"@id":"https:\/\/ugwp.cfolks.pl\/bwb\/produkt\/rurka-dystansowa-fsk\/#primaryimage"},"thumbnailUrl":"https:\/\/ugwp.cfolks.pl\/bwb\/wp-content\/uploads\/Rurka-dystansowa-\u2013-FSK-1.jpg","datePublished":"2022-11-26T04:12:32+00:00","dateModified":"2024-08-15T09:39:14+00:00","description":"Gotowy, zmontowany element dystansowy do \u015bci\u0105g\u00f3w szalunkowych. Element FSK sk\u0142ada si\u0119 z rurki z u\u017cebrowaniem oraz zintegrowanej przegrody wodnej RKW.","breadcrumb":{"@id":"https:\/\/ugwp.cfolks.pl\/bwb\/produkt\/rurka-dystansowa-fsk\/#breadcrumb"},"inLanguage":"pl-PL","potentialAction":[{"@type":"ReadAction","target":["https:\/\/ugwp.cfolks.pl\/bwb\/produkt\/rurka-dystansowa-fsk\/"]}]},{"@type":"ImageObject","inLanguage":"pl-PL","@id":"https:\/\/ugwp.cfolks.pl\/bwb\/produkt\/rurka-dystansowa-fsk\/#primaryimage","url":"https:\/\/ugwp.cfolks.pl\/bwb\/wp-content\/uploads\/Rurka-dystansowa-\u2013-FSK-1.jpg","contentUrl":"https:\/\/ugwp.cfolks.pl\/bwb\/wp-content\/uploads\/Rurka-dystansowa-\u2013-FSK-1.jpg","width":1100,"height":810,"caption":"Rurka dystansowa \u2013 FSK"},{"@type":"BreadcrumbList","@id":"https:\/\/ugwp.cfolks.pl\/bwb\/produkt\/rurka-dystansowa-fsk\/#breadcrumb","itemListElement":[{"@type":"ListItem","position":1,"name":"Strona g\u0142\u00f3wna","item":"https:\/\/ugwp.cfolks.pl\/bwb\/"},{"@type":"ListItem","position":2,"name":"Akcesoria Szalunkowe","item":"https:\/\/ugwp.cfolks.pl\/bwb\/kategoria\/akcesoria-szalunkowe\/"},{"@type":"ListItem","position":3,"name":"Rurki dystansowe","item":"https:\/\/ugwp.cfolks.pl\/bwb\/kategoria\/akcesoria-szalunkowe\/rurki-dystansowe\/"},{"@type":"ListItem","position":4,"name":"Rurka dystansowa \u2013 FSK"}]},{"@type":"WebSite","@id":"https:\/\/ugwp.cfolks.pl\/bwb\/#website","url":"https:\/\/ugwp.cfolks.pl\/bwb\/","name":"BWB technology","description":"Kolejna witryna oparta na WordPressie","potentialAction":[{"@type":"SearchAction","target":{"@type":"EntryPoint","urlTemplate":"https:\/\/ugwp.cfolks.pl\/bwb\/?s={search_term_string}"},"query-input":{"@type":"PropertyValueSpecification","valueRequired":true,"valueName":"search_term_string"}}],"inLanguage":"pl-PL"}]}},"_links":{"self":[{"href":"https:\/\/ugwp.cfolks.pl\/bwb\/wp-json\/wp\/v2\/product\/2397","targetHints":{"allow":["GET"]}}],"collection":[{"href":"https:\/\/ugwp.cfolks.pl\/bwb\/wp-json\/wp\/v2\/product"}],"about":[{"href":"https:\/\/ugwp.cfolks.pl\/bwb\/wp-json\/wp\/v2\/types\/product"}],"wp:featuredmedia":[{"embeddable":true,"href":"https:\/\/ugwp.cfolks.pl\/bwb\/wp-json\/wp\/v2\/media\/5892"}],"wp:attachment":[{"href":"https:\/\/ugwp.cfolks.pl\/bwb\/wp-json\/wp\/v2\/media?parent=2397"}],"wp:term":[{"taxonomy":"product_cat","embeddable":true,"href":"https:\/\/ugwp.cfolks.pl\/bwb\/wp-json\/wp\/v2\/product_cat?post=2397"},{"taxonomy":"product_tag","embeddable":true,"href":"https:\/\/ugwp.cfolks.pl\/bwb\/wp-json\/wp\/v2\/product_tag?post=2397"}],"curies":[{"name":"wp","href":"https:\/\/api.w.org\/{rel}","templated":true}]}}