{"id":2392,"date":"2022-11-26T05:08:29","date_gmt":"2022-11-26T04:08:29","guid":{"rendered":"https:\/\/ugwp.cfolks.pl\/bwb\/?post_type=product&#038;p=2392"},"modified":"2024-06-27T23:51:53","modified_gmt":"2024-06-27T21:51:53","slug":"rurka-dystansowa-rs","status":"publish","type":"product","link":"https:\/\/ugwp.cfolks.pl\/bwb\/produkt\/rurka-dystansowa-rs\/","title":{"rendered":"Rurka dystansowa \u2013 RS"},"content":{"rendered":"","protected":false},"excerpt":{"rendered":"<ul>\n<li>Rurka dystansowa z tworzywa sztucznego z g\u0142adk\u0105 powierzchni\u0105<\/li>\n<li>Bardzo dobra przyczepno\u015b\u0107 do betonu<\/li>\n<li>Element os\u0142onowy dla \u015bci\u0105g\u00f3w szalunkowych<\/li>\n<li>Jako elementem dystansowym dla r\u00f3\u017cnych grubo\u015bci \u015bcian formowanych w szalunkach pionowych<\/li>\n<li>\u015arednica wewn\u0119trzna od 20 do 22 mm<\/li>\n<li>Grubo\u015b\u0107 \u015bcianki od 24 do 28 mm<\/li>\n<\/ul>\n","protected":false},"featured_media":5396,"template":"","meta":{"_acf_changed":false},"product_cat":[154],"product_tag":[],"class_list":{"0":"post-2392","1":"product","2":"type-product","3":"status-publish","4":"has-post-thumbnail","6":"product_cat-rurki-dystansowe","8":"first","9":"instock","10":"shipping-taxable","11":"product-type-simple"},"acf":[],"yoast_head":"<!-- This site is optimized with the Yoast SEO plugin v27.3 - https:\/\/yoast.com\/product\/yoast-seo-wordpress\/ -->\n<title>Rurka dystansowa \u2013 RS G\u0142adka Dobra Przyczepno\u015b\u0107<\/title>\n<meta name=\"description\" content=\"Rurka dystansowa z tworzywa sztucznego z g\u0142adk\u0105 powierzchni\u0105. Bardzo dobra przyczepno\u015b\u0107 do betonu. Element os\u0142onowy dla \u015bci\u0105g\u00f3w szalunkowych.\" \/>\n<meta name=\"robots\" content=\"noindex, follow, max-snippet:-1, max-image-preview:large, max-video-preview:-1\" \/>\n<meta property=\"og:locale\" content=\"pl_PL\" \/>\n<meta property=\"og:type\" content=\"article\" \/>\n<meta property=\"og:title\" content=\"Rurka dystansowa \u2013 RS G\u0142adka Dobra Przyczepno\u015b\u0107\" \/>\n<meta property=\"og:description\" content=\"Rurka dystansowa z tworzywa sztucznego z g\u0142adk\u0105 powierzchni\u0105. Bardzo dobra przyczepno\u015b\u0107 do betonu. Element os\u0142onowy dla \u015bci\u0105g\u00f3w szalunkowych.\" \/>\n<meta property=\"og:url\" content=\"https:\/\/ugwp.cfolks.pl\/bwb\/produkt\/rurka-dystansowa-rs\/\" \/>\n<meta property=\"og:site_name\" content=\"BWB technology\" \/>\n<meta property=\"article:modified_time\" content=\"2024-06-27T21:51:53+00:00\" \/>\n<meta property=\"og:image\" content=\"https:\/\/ugwp.cfolks.pl\/bwb\/wp-content\/uploads\/Rurka-dystansowa-\u2013-RS.jpg\" \/>\n\t<meta property=\"og:image:width\" content=\"1100\" \/>\n\t<meta property=\"og:image:height\" content=\"810\" \/>\n\t<meta property=\"og:image:type\" content=\"image\/jpeg\" \/>\n<meta name=\"twitter:card\" content=\"summary_large_image\" \/>\n<meta name=\"twitter:label1\" content=\"Szacowany czas czytania\" \/>\n\t<meta name=\"twitter:data1\" content=\"1 minuta\" \/>\n<script type=\"application\/ld+json\" class=\"yoast-schema-graph\">{\"@context\":\"https:\\\/\\\/schema.org\",\"@graph\":[{\"@type\":\"WebPage\",\"@id\":\"https:\\\/\\\/ugwp.cfolks.pl\\\/bwb\\\/produkt\\\/rurka-dystansowa-rs\\\/\",\"url\":\"https:\\\/\\\/ugwp.cfolks.pl\\\/bwb\\\/produkt\\\/rurka-dystansowa-rs\\\/\",\"name\":\"Rurka dystansowa \u2013 RS G\u0142adka Dobra Przyczepno\u015b\u0107\",\"isPartOf\":{\"@id\":\"https:\\\/\\\/ugwp.cfolks.pl\\\/bwb\\\/#website\"},\"primaryImageOfPage\":{\"@id\":\"https:\\\/\\\/ugwp.cfolks.pl\\\/bwb\\\/produkt\\\/rurka-dystansowa-rs\\\/#primaryimage\"},\"image\":{\"@id\":\"https:\\\/\\\/ugwp.cfolks.pl\\\/bwb\\\/produkt\\\/rurka-dystansowa-rs\\\/#primaryimage\"},\"thumbnailUrl\":\"https:\\\/\\\/ugwp.cfolks.pl\\\/bwb\\\/wp-content\\\/uploads\\\/Rurka-dystansowa-\u2013-RS.jpg\",\"datePublished\":\"2022-11-26T04:08:29+00:00\",\"dateModified\":\"2024-06-27T21:51:53+00:00\",\"description\":\"Rurka dystansowa z tworzywa sztucznego z g\u0142adk\u0105 powierzchni\u0105. Bardzo dobra przyczepno\u015b\u0107 do betonu. Element os\u0142onowy dla \u015bci\u0105g\u00f3w szalunkowych.\",\"breadcrumb\":{\"@id\":\"https:\\\/\\\/ugwp.cfolks.pl\\\/bwb\\\/produkt\\\/rurka-dystansowa-rs\\\/#breadcrumb\"},\"inLanguage\":\"pl-PL\",\"potentialAction\":[{\"@type\":\"ReadAction\",\"target\":[\"https:\\\/\\\/ugwp.cfolks.pl\\\/bwb\\\/produkt\\\/rurka-dystansowa-rs\\\/\"]}]},{\"@type\":\"ImageObject\",\"inLanguage\":\"pl-PL\",\"@id\":\"https:\\\/\\\/ugwp.cfolks.pl\\\/bwb\\\/produkt\\\/rurka-dystansowa-rs\\\/#primaryimage\",\"url\":\"https:\\\/\\\/ugwp.cfolks.pl\\\/bwb\\\/wp-content\\\/uploads\\\/Rurka-dystansowa-\u2013-RS.jpg\",\"contentUrl\":\"https:\\\/\\\/ugwp.cfolks.pl\\\/bwb\\\/wp-content\\\/uploads\\\/Rurka-dystansowa-\u2013-RS.jpg\",\"width\":1100,\"height\":810,\"caption\":\"Rurka dystansowa \u2013 RS\"},{\"@type\":\"BreadcrumbList\",\"@id\":\"https:\\\/\\\/ugwp.cfolks.pl\\\/bwb\\\/produkt\\\/rurka-dystansowa-rs\\\/#breadcrumb\",\"itemListElement\":[{\"@type\":\"ListItem\",\"position\":1,\"name\":\"Strona g\u0142\u00f3wna\",\"item\":\"https:\\\/\\\/ugwp.cfolks.pl\\\/bwb\\\/\"},{\"@type\":\"ListItem\",\"position\":2,\"name\":\"Akcesoria Szalunkowe\",\"item\":\"https:\\\/\\\/ugwp.cfolks.pl\\\/bwb\\\/kategoria\\\/akcesoria-szalunkowe\\\/\"},{\"@type\":\"ListItem\",\"position\":3,\"name\":\"Rurki dystansowe\",\"item\":\"https:\\\/\\\/ugwp.cfolks.pl\\\/bwb\\\/kategoria\\\/akcesoria-szalunkowe\\\/rurki-dystansowe\\\/\"},{\"@type\":\"ListItem\",\"position\":4,\"name\":\"Rurka dystansowa \u2013 RS\"}]},{\"@type\":\"WebSite\",\"@id\":\"https:\\\/\\\/ugwp.cfolks.pl\\\/bwb\\\/#website\",\"url\":\"https:\\\/\\\/ugwp.cfolks.pl\\\/bwb\\\/\",\"name\":\"BWB technology\",\"description\":\"Kolejna witryna oparta na WordPressie\",\"potentialAction\":[{\"@type\":\"SearchAction\",\"target\":{\"@type\":\"EntryPoint\",\"urlTemplate\":\"https:\\\/\\\/ugwp.cfolks.pl\\\/bwb\\\/?s={search_term_string}\"},\"query-input\":{\"@type\":\"PropertyValueSpecification\",\"valueRequired\":true,\"valueName\":\"search_term_string\"}}],\"inLanguage\":\"pl-PL\"}]}<\/script>\n<!-- \/ Yoast SEO plugin. -->","yoast_head_json":{"title":"Rurka dystansowa \u2013 RS G\u0142adka Dobra Przyczepno\u015b\u0107","description":"Rurka dystansowa z tworzywa sztucznego z g\u0142adk\u0105 powierzchni\u0105. Bardzo dobra przyczepno\u015b\u0107 do betonu. Element os\u0142onowy dla \u015bci\u0105g\u00f3w szalunkowych.","robots":{"index":"noindex","follow":"follow","max-snippet":"max-snippet:-1","max-image-preview":"max-image-preview:large","max-video-preview":"max-video-preview:-1"},"og_locale":"pl_PL","og_type":"article","og_title":"Rurka dystansowa \u2013 RS G\u0142adka Dobra Przyczepno\u015b\u0107","og_description":"Rurka dystansowa z tworzywa sztucznego z g\u0142adk\u0105 powierzchni\u0105. Bardzo dobra przyczepno\u015b\u0107 do betonu. Element os\u0142onowy dla \u015bci\u0105g\u00f3w szalunkowych.","og_url":"https:\/\/ugwp.cfolks.pl\/bwb\/produkt\/rurka-dystansowa-rs\/","og_site_name":"BWB technology","article_modified_time":"2024-06-27T21:51:53+00:00","og_image":[{"width":1100,"height":810,"url":"https:\/\/ugwp.cfolks.pl\/bwb\/wp-content\/uploads\/Rurka-dystansowa-\u2013-RS.jpg","type":"image\/jpeg"}],"twitter_card":"summary_large_image","twitter_misc":{"Szacowany czas czytania":"1 minuta"},"schema":{"@context":"https:\/\/schema.org","@graph":[{"@type":"WebPage","@id":"https:\/\/ugwp.cfolks.pl\/bwb\/produkt\/rurka-dystansowa-rs\/","url":"https:\/\/ugwp.cfolks.pl\/bwb\/produkt\/rurka-dystansowa-rs\/","name":"Rurka dystansowa \u2013 RS G\u0142adka Dobra Przyczepno\u015b\u0107","isPartOf":{"@id":"https:\/\/ugwp.cfolks.pl\/bwb\/#website"},"primaryImageOfPage":{"@id":"https:\/\/ugwp.cfolks.pl\/bwb\/produkt\/rurka-dystansowa-rs\/#primaryimage"},"image":{"@id":"https:\/\/ugwp.cfolks.pl\/bwb\/produkt\/rurka-dystansowa-rs\/#primaryimage"},"thumbnailUrl":"https:\/\/ugwp.cfolks.pl\/bwb\/wp-content\/uploads\/Rurka-dystansowa-\u2013-RS.jpg","datePublished":"2022-11-26T04:08:29+00:00","dateModified":"2024-06-27T21:51:53+00:00","description":"Rurka dystansowa z tworzywa sztucznego z g\u0142adk\u0105 powierzchni\u0105. Bardzo dobra przyczepno\u015b\u0107 do betonu. Element os\u0142onowy dla \u015bci\u0105g\u00f3w szalunkowych.","breadcrumb":{"@id":"https:\/\/ugwp.cfolks.pl\/bwb\/produkt\/rurka-dystansowa-rs\/#breadcrumb"},"inLanguage":"pl-PL","potentialAction":[{"@type":"ReadAction","target":["https:\/\/ugwp.cfolks.pl\/bwb\/produkt\/rurka-dystansowa-rs\/"]}]},{"@type":"ImageObject","inLanguage":"pl-PL","@id":"https:\/\/ugwp.cfolks.pl\/bwb\/produkt\/rurka-dystansowa-rs\/#primaryimage","url":"https:\/\/ugwp.cfolks.pl\/bwb\/wp-content\/uploads\/Rurka-dystansowa-\u2013-RS.jpg","contentUrl":"https:\/\/ugwp.cfolks.pl\/bwb\/wp-content\/uploads\/Rurka-dystansowa-\u2013-RS.jpg","width":1100,"height":810,"caption":"Rurka dystansowa \u2013 RS"},{"@type":"BreadcrumbList","@id":"https:\/\/ugwp.cfolks.pl\/bwb\/produkt\/rurka-dystansowa-rs\/#breadcrumb","itemListElement":[{"@type":"ListItem","position":1,"name":"Strona g\u0142\u00f3wna","item":"https:\/\/ugwp.cfolks.pl\/bwb\/"},{"@type":"ListItem","position":2,"name":"Akcesoria Szalunkowe","item":"https:\/\/ugwp.cfolks.pl\/bwb\/kategoria\/akcesoria-szalunkowe\/"},{"@type":"ListItem","position":3,"name":"Rurki dystansowe","item":"https:\/\/ugwp.cfolks.pl\/bwb\/kategoria\/akcesoria-szalunkowe\/rurki-dystansowe\/"},{"@type":"ListItem","position":4,"name":"Rurka dystansowa \u2013 RS"}]},{"@type":"WebSite","@id":"https:\/\/ugwp.cfolks.pl\/bwb\/#website","url":"https:\/\/ugwp.cfolks.pl\/bwb\/","name":"BWB technology","description":"Kolejna witryna oparta na WordPressie","potentialAction":[{"@type":"SearchAction","target":{"@type":"EntryPoint","urlTemplate":"https:\/\/ugwp.cfolks.pl\/bwb\/?s={search_term_string}"},"query-input":{"@type":"PropertyValueSpecification","valueRequired":true,"valueName":"search_term_string"}}],"inLanguage":"pl-PL"}]}},"_links":{"self":[{"href":"https:\/\/ugwp.cfolks.pl\/bwb\/wp-json\/wp\/v2\/product\/2392","targetHints":{"allow":["GET"]}}],"collection":[{"href":"https:\/\/ugwp.cfolks.pl\/bwb\/wp-json\/wp\/v2\/product"}],"about":[{"href":"https:\/\/ugwp.cfolks.pl\/bwb\/wp-json\/wp\/v2\/types\/product"}],"wp:featuredmedia":[{"embeddable":true,"href":"https:\/\/ugwp.cfolks.pl\/bwb\/wp-json\/wp\/v2\/media\/5396"}],"wp:attachment":[{"href":"https:\/\/ugwp.cfolks.pl\/bwb\/wp-json\/wp\/v2\/media?parent=2392"}],"wp:term":[{"taxonomy":"product_cat","embeddable":true,"href":"https:\/\/ugwp.cfolks.pl\/bwb\/wp-json\/wp\/v2\/product_cat?post=2392"},{"taxonomy":"product_tag","embeddable":true,"href":"https:\/\/ugwp.cfolks.pl\/bwb\/wp-json\/wp\/v2\/product_tag?post=2392"}],"curies":[{"name":"wp","href":"https:\/\/api.w.org\/{rel}","templated":true}]}}