{"id":2313,"date":"2022-11-24T23:35:08","date_gmt":"2022-11-24T22:35:08","guid":{"rendered":"https:\/\/ugwp.cfolks.pl\/bwb\/?post_type=product&#038;p=2313"},"modified":"2023-02-10T14:52:53","modified_gmt":"2023-02-10T13:52:53","slug":"kraso-typ-kmb","status":"publish","type":"product","link":"https:\/\/ugwp.cfolks.pl\/bwb\/produkt\/kraso-typ-kmb\/","title":{"rendered":"KRASO\u00ae typ KMB"},"content":{"rendered":"","protected":false},"excerpt":{"rendered":"<p>Ko\u0142nierz wtykowy KRASO<sup>\u00ae<\/sup> typ KMB polecamy do nowych i modernizowanych konstrukcji &#8211; zgodnie z DIN 18533 W1-E i przeznaczony jest do p\u00f3\u017aniejszego uszczelniania rur KG\/HT za pomoc\u0105 ko\u0142nierza foliowego KRASO<sup>\u00ae<\/sup> na grubej pow\u0142oce bitumicznej, m.in. B. KMB. Z jednostronnym z\u0142\u0105czem wtykowym i ko\u0142nierzem foliowym KRASO<sup>\u00ae<\/sup> odpornym na oleje i bitumy, ok. 6 cm. Do monta\u017cu ko\u0142nierza foliowego polecamy nasz materia\u0142 klej\u0105co-uszczelniaj\u0105cy KRASO<sup>\u00ae<\/sup> PU 50 KRASO<sup>\u00ae<\/sup> PU 50.<\/p>\n","protected":false},"featured_media":2355,"template":"","meta":{"_acf_changed":false},"product_cat":[136],"product_tag":[],"class_list":{"0":"post-2313","1":"product","2":"type-product","3":"status-publish","4":"has-post-thumbnail","6":"product_cat-przepusty-rurowe","8":"first","9":"instock","10":"shipping-taxable","11":"product-type-simple"},"acf":[],"yoast_head":"<!-- This site is optimized with the Yoast SEO plugin v27.3 - https:\/\/yoast.com\/product\/yoast-seo-wordpress\/ -->\n<title>KRASO\u00ae typ KMB Ko\u0142nierz Foliowy Olejoodporny<\/title>\n<meta name=\"description\" content=\"Ko\u0142nierz wtykowy KRASO\u00ae typ KMB polecamy do nowych i modernizowanych konstrukcji \u2013 zgodnie z DIN 18533 W1-E i przeznaczony jest do p\u00f3\u017aniejszego uszczelniania rur.\" \/>\n<meta name=\"robots\" content=\"noindex, follow, max-snippet:-1, max-image-preview:large, max-video-preview:-1\" \/>\n<meta property=\"og:locale\" content=\"pl_PL\" \/>\n<meta property=\"og:type\" content=\"article\" \/>\n<meta property=\"og:title\" content=\"KRASO\u00ae typ KMB Ko\u0142nierz Foliowy Olejoodporny\" \/>\n<meta property=\"og:description\" content=\"Ko\u0142nierz wtykowy KRASO\u00ae typ KMB polecamy do nowych i modernizowanych konstrukcji \u2013 zgodnie z DIN 18533 W1-E i przeznaczony jest do p\u00f3\u017aniejszego uszczelniania rur.\" \/>\n<meta property=\"og:url\" content=\"https:\/\/ugwp.cfolks.pl\/bwb\/produkt\/kraso-typ-kmb\/\" \/>\n<meta property=\"og:site_name\" content=\"BWB technology\" \/>\n<meta property=\"article:modified_time\" content=\"2023-02-10T13:52:53+00:00\" \/>\n<meta property=\"og:image\" content=\"https:\/\/ugwp.cfolks.pl\/bwb\/wp-content\/uploads\/KRASO\u00ae-typ-KMB.jpg\" \/>\n\t<meta property=\"og:image:width\" content=\"1100\" \/>\n\t<meta property=\"og:image:height\" content=\"810\" \/>\n\t<meta property=\"og:image:type\" content=\"image\/jpeg\" \/>\n<meta name=\"twitter:card\" content=\"summary_large_image\" \/>\n<script type=\"application\/ld+json\" class=\"yoast-schema-graph\">{\"@context\":\"https:\\\/\\\/schema.org\",\"@graph\":[{\"@type\":\"WebPage\",\"@id\":\"https:\\\/\\\/ugwp.cfolks.pl\\\/bwb\\\/produkt\\\/kraso-typ-kmb\\\/\",\"url\":\"https:\\\/\\\/ugwp.cfolks.pl\\\/bwb\\\/produkt\\\/kraso-typ-kmb\\\/\",\"name\":\"KRASO\u00ae typ KMB Ko\u0142nierz Foliowy Olejoodporny\",\"isPartOf\":{\"@id\":\"https:\\\/\\\/ugwp.cfolks.pl\\\/bwb\\\/#website\"},\"primaryImageOfPage\":{\"@id\":\"https:\\\/\\\/ugwp.cfolks.pl\\\/bwb\\\/produkt\\\/kraso-typ-kmb\\\/#primaryimage\"},\"image\":{\"@id\":\"https:\\\/\\\/ugwp.cfolks.pl\\\/bwb\\\/produkt\\\/kraso-typ-kmb\\\/#primaryimage\"},\"thumbnailUrl\":\"https:\\\/\\\/ugwp.cfolks.pl\\\/bwb\\\/wp-content\\\/uploads\\\/KRASO\u00ae-typ-KMB.jpg\",\"datePublished\":\"2022-11-24T22:35:08+00:00\",\"dateModified\":\"2023-02-10T13:52:53+00:00\",\"description\":\"Ko\u0142nierz wtykowy KRASO\u00ae typ KMB polecamy do nowych i modernizowanych konstrukcji \u2013 zgodnie z DIN 18533 W1-E i przeznaczony jest do p\u00f3\u017aniejszego uszczelniania rur.\",\"breadcrumb\":{\"@id\":\"https:\\\/\\\/ugwp.cfolks.pl\\\/bwb\\\/produkt\\\/kraso-typ-kmb\\\/#breadcrumb\"},\"inLanguage\":\"pl-PL\",\"potentialAction\":[{\"@type\":\"ReadAction\",\"target\":[\"https:\\\/\\\/ugwp.cfolks.pl\\\/bwb\\\/produkt\\\/kraso-typ-kmb\\\/\"]}]},{\"@type\":\"ImageObject\",\"inLanguage\":\"pl-PL\",\"@id\":\"https:\\\/\\\/ugwp.cfolks.pl\\\/bwb\\\/produkt\\\/kraso-typ-kmb\\\/#primaryimage\",\"url\":\"https:\\\/\\\/ugwp.cfolks.pl\\\/bwb\\\/wp-content\\\/uploads\\\/KRASO\u00ae-typ-KMB.jpg\",\"contentUrl\":\"https:\\\/\\\/ugwp.cfolks.pl\\\/bwb\\\/wp-content\\\/uploads\\\/KRASO\u00ae-typ-KMB.jpg\",\"width\":1100,\"height\":810,\"caption\":\"KRASO\u00ae typ KMB\"},{\"@type\":\"BreadcrumbList\",\"@id\":\"https:\\\/\\\/ugwp.cfolks.pl\\\/bwb\\\/produkt\\\/kraso-typ-kmb\\\/#breadcrumb\",\"itemListElement\":[{\"@type\":\"ListItem\",\"position\":1,\"name\":\"Strona g\u0142\u00f3wna\",\"item\":\"https:\\\/\\\/ugwp.cfolks.pl\\\/bwb\\\/\"},{\"@type\":\"ListItem\",\"position\":2,\"name\":\"Wodoszczelne Przej\u015bcia Instalacyjne\",\"item\":\"https:\\\/\\\/ugwp.cfolks.pl\\\/bwb\\\/kategoria\\\/wodoszczelne-przejscia-instalacyjne\\\/\"},{\"@type\":\"ListItem\",\"position\":3,\"name\":\"Przepusty rurowe\",\"item\":\"https:\\\/\\\/ugwp.cfolks.pl\\\/bwb\\\/kategoria\\\/wodoszczelne-przejscia-instalacyjne\\\/przepusty-rurowe\\\/\"},{\"@type\":\"ListItem\",\"position\":4,\"name\":\"KRASO\u00ae typ KMB\"}]},{\"@type\":\"WebSite\",\"@id\":\"https:\\\/\\\/ugwp.cfolks.pl\\\/bwb\\\/#website\",\"url\":\"https:\\\/\\\/ugwp.cfolks.pl\\\/bwb\\\/\",\"name\":\"BWB technology\",\"description\":\"Kolejna witryna oparta na WordPressie\",\"potentialAction\":[{\"@type\":\"SearchAction\",\"target\":{\"@type\":\"EntryPoint\",\"urlTemplate\":\"https:\\\/\\\/ugwp.cfolks.pl\\\/bwb\\\/?s={search_term_string}\"},\"query-input\":{\"@type\":\"PropertyValueSpecification\",\"valueRequired\":true,\"valueName\":\"search_term_string\"}}],\"inLanguage\":\"pl-PL\"}]}<\/script>\n<!-- \/ Yoast SEO plugin. -->","yoast_head_json":{"title":"KRASO\u00ae typ KMB Ko\u0142nierz Foliowy Olejoodporny","description":"Ko\u0142nierz wtykowy KRASO\u00ae typ KMB polecamy do nowych i modernizowanych konstrukcji \u2013 zgodnie z DIN 18533 W1-E i przeznaczony jest do p\u00f3\u017aniejszego uszczelniania rur.","robots":{"index":"noindex","follow":"follow","max-snippet":"max-snippet:-1","max-image-preview":"max-image-preview:large","max-video-preview":"max-video-preview:-1"},"og_locale":"pl_PL","og_type":"article","og_title":"KRASO\u00ae typ KMB Ko\u0142nierz Foliowy Olejoodporny","og_description":"Ko\u0142nierz wtykowy KRASO\u00ae typ KMB polecamy do nowych i modernizowanych konstrukcji \u2013 zgodnie z DIN 18533 W1-E i przeznaczony jest do p\u00f3\u017aniejszego uszczelniania rur.","og_url":"https:\/\/ugwp.cfolks.pl\/bwb\/produkt\/kraso-typ-kmb\/","og_site_name":"BWB technology","article_modified_time":"2023-02-10T13:52:53+00:00","og_image":[{"width":1100,"height":810,"url":"https:\/\/ugwp.cfolks.pl\/bwb\/wp-content\/uploads\/KRASO\u00ae-typ-KMB.jpg","type":"image\/jpeg"}],"twitter_card":"summary_large_image","schema":{"@context":"https:\/\/schema.org","@graph":[{"@type":"WebPage","@id":"https:\/\/ugwp.cfolks.pl\/bwb\/produkt\/kraso-typ-kmb\/","url":"https:\/\/ugwp.cfolks.pl\/bwb\/produkt\/kraso-typ-kmb\/","name":"KRASO\u00ae typ KMB Ko\u0142nierz Foliowy Olejoodporny","isPartOf":{"@id":"https:\/\/ugwp.cfolks.pl\/bwb\/#website"},"primaryImageOfPage":{"@id":"https:\/\/ugwp.cfolks.pl\/bwb\/produkt\/kraso-typ-kmb\/#primaryimage"},"image":{"@id":"https:\/\/ugwp.cfolks.pl\/bwb\/produkt\/kraso-typ-kmb\/#primaryimage"},"thumbnailUrl":"https:\/\/ugwp.cfolks.pl\/bwb\/wp-content\/uploads\/KRASO\u00ae-typ-KMB.jpg","datePublished":"2022-11-24T22:35:08+00:00","dateModified":"2023-02-10T13:52:53+00:00","description":"Ko\u0142nierz wtykowy KRASO\u00ae typ KMB polecamy do nowych i modernizowanych konstrukcji \u2013 zgodnie z DIN 18533 W1-E i przeznaczony jest do p\u00f3\u017aniejszego uszczelniania rur.","breadcrumb":{"@id":"https:\/\/ugwp.cfolks.pl\/bwb\/produkt\/kraso-typ-kmb\/#breadcrumb"},"inLanguage":"pl-PL","potentialAction":[{"@type":"ReadAction","target":["https:\/\/ugwp.cfolks.pl\/bwb\/produkt\/kraso-typ-kmb\/"]}]},{"@type":"ImageObject","inLanguage":"pl-PL","@id":"https:\/\/ugwp.cfolks.pl\/bwb\/produkt\/kraso-typ-kmb\/#primaryimage","url":"https:\/\/ugwp.cfolks.pl\/bwb\/wp-content\/uploads\/KRASO\u00ae-typ-KMB.jpg","contentUrl":"https:\/\/ugwp.cfolks.pl\/bwb\/wp-content\/uploads\/KRASO\u00ae-typ-KMB.jpg","width":1100,"height":810,"caption":"KRASO\u00ae typ KMB"},{"@type":"BreadcrumbList","@id":"https:\/\/ugwp.cfolks.pl\/bwb\/produkt\/kraso-typ-kmb\/#breadcrumb","itemListElement":[{"@type":"ListItem","position":1,"name":"Strona g\u0142\u00f3wna","item":"https:\/\/ugwp.cfolks.pl\/bwb\/"},{"@type":"ListItem","position":2,"name":"Wodoszczelne Przej\u015bcia Instalacyjne","item":"https:\/\/ugwp.cfolks.pl\/bwb\/kategoria\/wodoszczelne-przejscia-instalacyjne\/"},{"@type":"ListItem","position":3,"name":"Przepusty rurowe","item":"https:\/\/ugwp.cfolks.pl\/bwb\/kategoria\/wodoszczelne-przejscia-instalacyjne\/przepusty-rurowe\/"},{"@type":"ListItem","position":4,"name":"KRASO\u00ae typ KMB"}]},{"@type":"WebSite","@id":"https:\/\/ugwp.cfolks.pl\/bwb\/#website","url":"https:\/\/ugwp.cfolks.pl\/bwb\/","name":"BWB technology","description":"Kolejna witryna oparta na WordPressie","potentialAction":[{"@type":"SearchAction","target":{"@type":"EntryPoint","urlTemplate":"https:\/\/ugwp.cfolks.pl\/bwb\/?s={search_term_string}"},"query-input":{"@type":"PropertyValueSpecification","valueRequired":true,"valueName":"search_term_string"}}],"inLanguage":"pl-PL"}]}},"_links":{"self":[{"href":"https:\/\/ugwp.cfolks.pl\/bwb\/wp-json\/wp\/v2\/product\/2313","targetHints":{"allow":["GET"]}}],"collection":[{"href":"https:\/\/ugwp.cfolks.pl\/bwb\/wp-json\/wp\/v2\/product"}],"about":[{"href":"https:\/\/ugwp.cfolks.pl\/bwb\/wp-json\/wp\/v2\/types\/product"}],"wp:featuredmedia":[{"embeddable":true,"href":"https:\/\/ugwp.cfolks.pl\/bwb\/wp-json\/wp\/v2\/media\/2355"}],"wp:attachment":[{"href":"https:\/\/ugwp.cfolks.pl\/bwb\/wp-json\/wp\/v2\/media?parent=2313"}],"wp:term":[{"taxonomy":"product_cat","embeddable":true,"href":"https:\/\/ugwp.cfolks.pl\/bwb\/wp-json\/wp\/v2\/product_cat?post=2313"},{"taxonomy":"product_tag","embeddable":true,"href":"https:\/\/ugwp.cfolks.pl\/bwb\/wp-json\/wp\/v2\/product_tag?post=2313"}],"curies":[{"name":"wp","href":"https:\/\/api.w.org\/{rel}","templated":true}]}}