{"id":2311,"date":"2022-11-24T23:34:51","date_gmt":"2022-11-24T22:34:51","guid":{"rendered":"https:\/\/ugwp.cfolks.pl\/bwb\/?post_type=product&#038;p=2311"},"modified":"2023-02-07T10:11:45","modified_gmt":"2023-02-07T09:11:45","slug":"rura-kolnierzowa-kraso-typ-kg","status":"publish","type":"product","link":"https:\/\/ugwp.cfolks.pl\/bwb\/produkt\/rura-kolnierzowa-kraso-typ-kg\/","title":{"rendered":"Rura ko\u0142nierzowa KRASO\u00ae typ KG"},"content":{"rendered":"","protected":false},"excerpt":{"rendered":"<p>Rur\u0119 ko\u0142nierzow\u0105 KRASO<sup>\u00ae<\/sup> typ KG polecamy do nowych i modernizowanych konstrukcji &#8211; zgodnie z DIN 18533 W1-E. Rura ko\u0142nierzowa KRASO<sup>\u00ae<\/sup> typ KG s\u0142u\u017cy ona do p\u00f3\u017aniejszego monta\u017cu rur KG\/HT. Wykonana jest z wysokiej jako\u015bci, odpornego na nacisk materia\u0142u, z jednostronnie uformowan\u0105 z\u0142\u0105czk\u0105 wtykow\u0105 i ko\u0142nierzem foliowym odpornym na oleje i bitumy, oko\u0142o 15 cm. Do monta\u017cu ko\u0142nierza foliowego zalecamy nasz materia\u0142 klej\u0105co-uszczelniaj\u0105cy KRASO<sup>\u00ae<\/sup> PU 50.<\/p>\n","protected":false},"featured_media":2348,"template":"","meta":{"_acf_changed":false},"product_cat":[136],"product_tag":[],"class_list":{"0":"post-2311","1":"product","2":"type-product","3":"status-publish","4":"has-post-thumbnail","6":"product_cat-przepusty-rurowe","8":"first","9":"instock","10":"shipping-taxable","11":"product-type-simple"},"acf":[],"yoast_head":"<!-- This site is optimized with the Yoast SEO plugin v27.3 - https:\/\/yoast.com\/product\/yoast-seo-wordpress\/ -->\n<title>Rura ko\u0142nierzowa KRASO\u00ae typ KG Wysoka Jako\u015b\u0107 Olejoodporna<\/title>\n<meta name=\"description\" content=\"Rur\u0119 ko\u0142nierzow\u0105 KRASO\u00ae typ KG polecamy do nowych i modernizowanych konstrukcji \u2013 zgodnie z DIN 18533 W1-E.\" \/>\n<meta name=\"robots\" content=\"noindex, follow, max-snippet:-1, max-image-preview:large, max-video-preview:-1\" \/>\n<meta property=\"og:locale\" content=\"pl_PL\" \/>\n<meta property=\"og:type\" content=\"article\" \/>\n<meta property=\"og:title\" content=\"Rura ko\u0142nierzowa KRASO\u00ae typ KG Wysoka Jako\u015b\u0107 Olejoodporna\" \/>\n<meta property=\"og:description\" content=\"Rur\u0119 ko\u0142nierzow\u0105 KRASO\u00ae typ KG polecamy do nowych i modernizowanych konstrukcji \u2013 zgodnie z DIN 18533 W1-E.\" \/>\n<meta property=\"og:url\" content=\"https:\/\/ugwp.cfolks.pl\/bwb\/produkt\/rura-kolnierzowa-kraso-typ-kg\/\" \/>\n<meta property=\"og:site_name\" content=\"BWB technology\" \/>\n<meta property=\"article:modified_time\" content=\"2023-02-07T09:11:45+00:00\" \/>\n<meta property=\"og:image\" content=\"https:\/\/ugwp.cfolks.pl\/bwb\/wp-content\/uploads\/Rura-kolnierzowa-KRASO\u00ae-typ-KG.jpg\" \/>\n\t<meta property=\"og:image:width\" content=\"1100\" \/>\n\t<meta property=\"og:image:height\" content=\"810\" \/>\n\t<meta property=\"og:image:type\" content=\"image\/jpeg\" \/>\n<meta name=\"twitter:card\" content=\"summary_large_image\" \/>\n<script type=\"application\/ld+json\" class=\"yoast-schema-graph\">{\"@context\":\"https:\\\/\\\/schema.org\",\"@graph\":[{\"@type\":\"WebPage\",\"@id\":\"https:\\\/\\\/ugwp.cfolks.pl\\\/bwb\\\/produkt\\\/rura-kolnierzowa-kraso-typ-kg\\\/\",\"url\":\"https:\\\/\\\/ugwp.cfolks.pl\\\/bwb\\\/produkt\\\/rura-kolnierzowa-kraso-typ-kg\\\/\",\"name\":\"Rura ko\u0142nierzowa KRASO\u00ae typ KG Wysoka Jako\u015b\u0107 Olejoodporna\",\"isPartOf\":{\"@id\":\"https:\\\/\\\/ugwp.cfolks.pl\\\/bwb\\\/#website\"},\"primaryImageOfPage\":{\"@id\":\"https:\\\/\\\/ugwp.cfolks.pl\\\/bwb\\\/produkt\\\/rura-kolnierzowa-kraso-typ-kg\\\/#primaryimage\"},\"image\":{\"@id\":\"https:\\\/\\\/ugwp.cfolks.pl\\\/bwb\\\/produkt\\\/rura-kolnierzowa-kraso-typ-kg\\\/#primaryimage\"},\"thumbnailUrl\":\"https:\\\/\\\/ugwp.cfolks.pl\\\/bwb\\\/wp-content\\\/uploads\\\/Rura-kolnierzowa-KRASO\u00ae-typ-KG.jpg\",\"datePublished\":\"2022-11-24T22:34:51+00:00\",\"dateModified\":\"2023-02-07T09:11:45+00:00\",\"description\":\"Rur\u0119 ko\u0142nierzow\u0105 KRASO\u00ae typ KG polecamy do nowych i modernizowanych konstrukcji \u2013 zgodnie z DIN 18533 W1-E.\",\"breadcrumb\":{\"@id\":\"https:\\\/\\\/ugwp.cfolks.pl\\\/bwb\\\/produkt\\\/rura-kolnierzowa-kraso-typ-kg\\\/#breadcrumb\"},\"inLanguage\":\"pl-PL\",\"potentialAction\":[{\"@type\":\"ReadAction\",\"target\":[\"https:\\\/\\\/ugwp.cfolks.pl\\\/bwb\\\/produkt\\\/rura-kolnierzowa-kraso-typ-kg\\\/\"]}]},{\"@type\":\"ImageObject\",\"inLanguage\":\"pl-PL\",\"@id\":\"https:\\\/\\\/ugwp.cfolks.pl\\\/bwb\\\/produkt\\\/rura-kolnierzowa-kraso-typ-kg\\\/#primaryimage\",\"url\":\"https:\\\/\\\/ugwp.cfolks.pl\\\/bwb\\\/wp-content\\\/uploads\\\/Rura-kolnierzowa-KRASO\u00ae-typ-KG.jpg\",\"contentUrl\":\"https:\\\/\\\/ugwp.cfolks.pl\\\/bwb\\\/wp-content\\\/uploads\\\/Rura-kolnierzowa-KRASO\u00ae-typ-KG.jpg\",\"width\":1100,\"height\":810,\"caption\":\"Rura ko\u0142nierzowa KRASO\u00ae typ KG\"},{\"@type\":\"BreadcrumbList\",\"@id\":\"https:\\\/\\\/ugwp.cfolks.pl\\\/bwb\\\/produkt\\\/rura-kolnierzowa-kraso-typ-kg\\\/#breadcrumb\",\"itemListElement\":[{\"@type\":\"ListItem\",\"position\":1,\"name\":\"Strona g\u0142\u00f3wna\",\"item\":\"https:\\\/\\\/ugwp.cfolks.pl\\\/bwb\\\/\"},{\"@type\":\"ListItem\",\"position\":2,\"name\":\"Wodoszczelne Przej\u015bcia Instalacyjne\",\"item\":\"https:\\\/\\\/ugwp.cfolks.pl\\\/bwb\\\/kategoria\\\/wodoszczelne-przejscia-instalacyjne\\\/\"},{\"@type\":\"ListItem\",\"position\":3,\"name\":\"Przepusty rurowe\",\"item\":\"https:\\\/\\\/ugwp.cfolks.pl\\\/bwb\\\/kategoria\\\/wodoszczelne-przejscia-instalacyjne\\\/przepusty-rurowe\\\/\"},{\"@type\":\"ListItem\",\"position\":4,\"name\":\"Rura ko\u0142nierzowa KRASO\u00ae typ KG\"}]},{\"@type\":\"WebSite\",\"@id\":\"https:\\\/\\\/ugwp.cfolks.pl\\\/bwb\\\/#website\",\"url\":\"https:\\\/\\\/ugwp.cfolks.pl\\\/bwb\\\/\",\"name\":\"BWB technology\",\"description\":\"Kolejna witryna oparta na WordPressie\",\"potentialAction\":[{\"@type\":\"SearchAction\",\"target\":{\"@type\":\"EntryPoint\",\"urlTemplate\":\"https:\\\/\\\/ugwp.cfolks.pl\\\/bwb\\\/?s={search_term_string}\"},\"query-input\":{\"@type\":\"PropertyValueSpecification\",\"valueRequired\":true,\"valueName\":\"search_term_string\"}}],\"inLanguage\":\"pl-PL\"}]}<\/script>\n<!-- \/ Yoast SEO plugin. -->","yoast_head_json":{"title":"Rura ko\u0142nierzowa KRASO\u00ae typ KG Wysoka Jako\u015b\u0107 Olejoodporna","description":"Rur\u0119 ko\u0142nierzow\u0105 KRASO\u00ae typ KG polecamy do nowych i modernizowanych konstrukcji \u2013 zgodnie z DIN 18533 W1-E.","robots":{"index":"noindex","follow":"follow","max-snippet":"max-snippet:-1","max-image-preview":"max-image-preview:large","max-video-preview":"max-video-preview:-1"},"og_locale":"pl_PL","og_type":"article","og_title":"Rura ko\u0142nierzowa KRASO\u00ae typ KG Wysoka Jako\u015b\u0107 Olejoodporna","og_description":"Rur\u0119 ko\u0142nierzow\u0105 KRASO\u00ae typ KG polecamy do nowych i modernizowanych konstrukcji \u2013 zgodnie z DIN 18533 W1-E.","og_url":"https:\/\/ugwp.cfolks.pl\/bwb\/produkt\/rura-kolnierzowa-kraso-typ-kg\/","og_site_name":"BWB technology","article_modified_time":"2023-02-07T09:11:45+00:00","og_image":[{"width":1100,"height":810,"url":"https:\/\/ugwp.cfolks.pl\/bwb\/wp-content\/uploads\/Rura-kolnierzowa-KRASO\u00ae-typ-KG.jpg","type":"image\/jpeg"}],"twitter_card":"summary_large_image","schema":{"@context":"https:\/\/schema.org","@graph":[{"@type":"WebPage","@id":"https:\/\/ugwp.cfolks.pl\/bwb\/produkt\/rura-kolnierzowa-kraso-typ-kg\/","url":"https:\/\/ugwp.cfolks.pl\/bwb\/produkt\/rura-kolnierzowa-kraso-typ-kg\/","name":"Rura ko\u0142nierzowa KRASO\u00ae typ KG Wysoka Jako\u015b\u0107 Olejoodporna","isPartOf":{"@id":"https:\/\/ugwp.cfolks.pl\/bwb\/#website"},"primaryImageOfPage":{"@id":"https:\/\/ugwp.cfolks.pl\/bwb\/produkt\/rura-kolnierzowa-kraso-typ-kg\/#primaryimage"},"image":{"@id":"https:\/\/ugwp.cfolks.pl\/bwb\/produkt\/rura-kolnierzowa-kraso-typ-kg\/#primaryimage"},"thumbnailUrl":"https:\/\/ugwp.cfolks.pl\/bwb\/wp-content\/uploads\/Rura-kolnierzowa-KRASO\u00ae-typ-KG.jpg","datePublished":"2022-11-24T22:34:51+00:00","dateModified":"2023-02-07T09:11:45+00:00","description":"Rur\u0119 ko\u0142nierzow\u0105 KRASO\u00ae typ KG polecamy do nowych i modernizowanych konstrukcji \u2013 zgodnie z DIN 18533 W1-E.","breadcrumb":{"@id":"https:\/\/ugwp.cfolks.pl\/bwb\/produkt\/rura-kolnierzowa-kraso-typ-kg\/#breadcrumb"},"inLanguage":"pl-PL","potentialAction":[{"@type":"ReadAction","target":["https:\/\/ugwp.cfolks.pl\/bwb\/produkt\/rura-kolnierzowa-kraso-typ-kg\/"]}]},{"@type":"ImageObject","inLanguage":"pl-PL","@id":"https:\/\/ugwp.cfolks.pl\/bwb\/produkt\/rura-kolnierzowa-kraso-typ-kg\/#primaryimage","url":"https:\/\/ugwp.cfolks.pl\/bwb\/wp-content\/uploads\/Rura-kolnierzowa-KRASO\u00ae-typ-KG.jpg","contentUrl":"https:\/\/ugwp.cfolks.pl\/bwb\/wp-content\/uploads\/Rura-kolnierzowa-KRASO\u00ae-typ-KG.jpg","width":1100,"height":810,"caption":"Rura ko\u0142nierzowa KRASO\u00ae typ KG"},{"@type":"BreadcrumbList","@id":"https:\/\/ugwp.cfolks.pl\/bwb\/produkt\/rura-kolnierzowa-kraso-typ-kg\/#breadcrumb","itemListElement":[{"@type":"ListItem","position":1,"name":"Strona g\u0142\u00f3wna","item":"https:\/\/ugwp.cfolks.pl\/bwb\/"},{"@type":"ListItem","position":2,"name":"Wodoszczelne Przej\u015bcia Instalacyjne","item":"https:\/\/ugwp.cfolks.pl\/bwb\/kategoria\/wodoszczelne-przejscia-instalacyjne\/"},{"@type":"ListItem","position":3,"name":"Przepusty rurowe","item":"https:\/\/ugwp.cfolks.pl\/bwb\/kategoria\/wodoszczelne-przejscia-instalacyjne\/przepusty-rurowe\/"},{"@type":"ListItem","position":4,"name":"Rura ko\u0142nierzowa KRASO\u00ae typ KG"}]},{"@type":"WebSite","@id":"https:\/\/ugwp.cfolks.pl\/bwb\/#website","url":"https:\/\/ugwp.cfolks.pl\/bwb\/","name":"BWB technology","description":"Kolejna witryna oparta na WordPressie","potentialAction":[{"@type":"SearchAction","target":{"@type":"EntryPoint","urlTemplate":"https:\/\/ugwp.cfolks.pl\/bwb\/?s={search_term_string}"},"query-input":{"@type":"PropertyValueSpecification","valueRequired":true,"valueName":"search_term_string"}}],"inLanguage":"pl-PL"}]}},"_links":{"self":[{"href":"https:\/\/ugwp.cfolks.pl\/bwb\/wp-json\/wp\/v2\/product\/2311","targetHints":{"allow":["GET"]}}],"collection":[{"href":"https:\/\/ugwp.cfolks.pl\/bwb\/wp-json\/wp\/v2\/product"}],"about":[{"href":"https:\/\/ugwp.cfolks.pl\/bwb\/wp-json\/wp\/v2\/types\/product"}],"wp:featuredmedia":[{"embeddable":true,"href":"https:\/\/ugwp.cfolks.pl\/bwb\/wp-json\/wp\/v2\/media\/2348"}],"wp:attachment":[{"href":"https:\/\/ugwp.cfolks.pl\/bwb\/wp-json\/wp\/v2\/media?parent=2311"}],"wp:term":[{"taxonomy":"product_cat","embeddable":true,"href":"https:\/\/ugwp.cfolks.pl\/bwb\/wp-json\/wp\/v2\/product_cat?post=2311"},{"taxonomy":"product_tag","embeddable":true,"href":"https:\/\/ugwp.cfolks.pl\/bwb\/wp-json\/wp\/v2\/product_tag?post=2311"}],"curies":[{"name":"wp","href":"https:\/\/api.w.org\/{rel}","templated":true}]}}