{"id":2309,"date":"2022-11-24T23:34:38","date_gmt":"2022-11-24T22:34:38","guid":{"rendered":"https:\/\/ugwp.cfolks.pl\/bwb\/?post_type=product&#038;p=2309"},"modified":"2023-02-07T10:08:54","modified_gmt":"2023-02-07T09:08:54","slug":"kolano-kraso-15-30-45-luk","status":"publish","type":"product","link":"https:\/\/ugwp.cfolks.pl\/bwb\/produkt\/kolano-kraso-15-30-45-luk\/","title":{"rendered":"Kolano KRASO\u00ae 15\u00b0| 30\u00b0| 45\u00b0 \u0142uk"},"content":{"rendered":"","protected":false},"excerpt":{"rendered":"<p>Kolano KRASO<sup>\u00ae<\/sup> 15\u00b0| 30\u00b0| 45\u00b0 \u0142uk wykonane jest zgodnie z norm\u0105 EN 1401 i s\u0142u\u017cy do monta\u017cu w \u015bcianach z betonu wodoszczelnego rur KG \/ HT. Dzi\u0119ki uszczelce cztero\u017cebrowej KRASO<sup>\u00ae<\/sup> kolano jest wodoszczelne do 3,0 bar\u00f3w. Cztero\u017cebrowa uszczelka KRASO<sup>\u00ae<\/sup> zabezpiecza r\u00f3wnie\u017c przed przenikaniem naturalnie wyst\u0119puj\u0105cego w postaci gazu szlachetnego radonu, a tym samym zapobiega koncentracji radioaktywnego gazu w pomieszczeniu.<\/p>\n","protected":false},"featured_media":2342,"template":"","meta":{"_acf_changed":false},"product_cat":[136],"product_tag":[],"class_list":{"0":"post-2309","1":"product","2":"type-product","3":"status-publish","4":"has-post-thumbnail","6":"product_cat-przepusty-rurowe","8":"first","9":"instock","10":"shipping-taxable","11":"product-type-simple"},"acf":[],"yoast_head":"<!-- This site is optimized with the Yoast SEO plugin v27.3 - https:\/\/yoast.com\/product\/yoast-seo-wordpress\/ -->\n<title>Kolano KRASO\u00ae 15\u00b0| 30\u00b0| 45\u00b0 \u0141uk Wodoszczelne Gazoodporne<\/title>\n<meta name=\"description\" content=\"Kolano KRASO\u00ae 15\u00b0| 30\u00b0| 45\u00b0 \u0142uk wykonane jest zgodnie z norm\u0105 EN 1401 i s\u0142u\u017cy do monta\u017cu w \u015bcianach z betonu wodoszczelnego rur KG \/ HT.\" \/>\n<meta name=\"robots\" content=\"noindex, follow, max-snippet:-1, max-image-preview:large, max-video-preview:-1\" \/>\n<meta property=\"og:locale\" content=\"pl_PL\" \/>\n<meta property=\"og:type\" content=\"article\" \/>\n<meta property=\"og:title\" content=\"Kolano KRASO\u00ae 15\u00b0| 30\u00b0| 45\u00b0 \u0141uk Wodoszczelne Gazoodporne\" \/>\n<meta property=\"og:description\" content=\"Kolano KRASO\u00ae 15\u00b0| 30\u00b0| 45\u00b0 \u0142uk wykonane jest zgodnie z norm\u0105 EN 1401 i s\u0142u\u017cy do monta\u017cu w \u015bcianach z betonu wodoszczelnego rur KG \/ HT.\" \/>\n<meta property=\"og:url\" content=\"https:\/\/ugwp.cfolks.pl\/bwb\/produkt\/kolano-kraso-15-30-45-luk\/\" \/>\n<meta property=\"og:site_name\" content=\"BWB technology\" \/>\n<meta property=\"article:modified_time\" content=\"2023-02-07T09:08:54+00:00\" \/>\n<meta property=\"og:image\" content=\"https:\/\/ugwp.cfolks.pl\/bwb\/wp-content\/uploads\/Kolano-KRASO\u00ae-15\u00b0-30\u00b0-45\u00b0-luk.jpg\" \/>\n\t<meta property=\"og:image:width\" content=\"1100\" \/>\n\t<meta property=\"og:image:height\" content=\"810\" \/>\n\t<meta property=\"og:image:type\" content=\"image\/jpeg\" \/>\n<meta name=\"twitter:card\" content=\"summary_large_image\" \/>\n<script type=\"application\/ld+json\" class=\"yoast-schema-graph\">{\"@context\":\"https:\\\/\\\/schema.org\",\"@graph\":[{\"@type\":\"WebPage\",\"@id\":\"https:\\\/\\\/ugwp.cfolks.pl\\\/bwb\\\/produkt\\\/kolano-kraso-15-30-45-luk\\\/\",\"url\":\"https:\\\/\\\/ugwp.cfolks.pl\\\/bwb\\\/produkt\\\/kolano-kraso-15-30-45-luk\\\/\",\"name\":\"Kolano KRASO\u00ae 15\u00b0| 30\u00b0| 45\u00b0 \u0141uk Wodoszczelne Gazoodporne\",\"isPartOf\":{\"@id\":\"https:\\\/\\\/ugwp.cfolks.pl\\\/bwb\\\/#website\"},\"primaryImageOfPage\":{\"@id\":\"https:\\\/\\\/ugwp.cfolks.pl\\\/bwb\\\/produkt\\\/kolano-kraso-15-30-45-luk\\\/#primaryimage\"},\"image\":{\"@id\":\"https:\\\/\\\/ugwp.cfolks.pl\\\/bwb\\\/produkt\\\/kolano-kraso-15-30-45-luk\\\/#primaryimage\"},\"thumbnailUrl\":\"https:\\\/\\\/ugwp.cfolks.pl\\\/bwb\\\/wp-content\\\/uploads\\\/Kolano-KRASO\u00ae-15\u00b0-30\u00b0-45\u00b0-luk.jpg\",\"datePublished\":\"2022-11-24T22:34:38+00:00\",\"dateModified\":\"2023-02-07T09:08:54+00:00\",\"description\":\"Kolano KRASO\u00ae 15\u00b0| 30\u00b0| 45\u00b0 \u0142uk wykonane jest zgodnie z norm\u0105 EN 1401 i s\u0142u\u017cy do monta\u017cu w \u015bcianach z betonu wodoszczelnego rur KG \\\/ HT.\",\"breadcrumb\":{\"@id\":\"https:\\\/\\\/ugwp.cfolks.pl\\\/bwb\\\/produkt\\\/kolano-kraso-15-30-45-luk\\\/#breadcrumb\"},\"inLanguage\":\"pl-PL\",\"potentialAction\":[{\"@type\":\"ReadAction\",\"target\":[\"https:\\\/\\\/ugwp.cfolks.pl\\\/bwb\\\/produkt\\\/kolano-kraso-15-30-45-luk\\\/\"]}]},{\"@type\":\"ImageObject\",\"inLanguage\":\"pl-PL\",\"@id\":\"https:\\\/\\\/ugwp.cfolks.pl\\\/bwb\\\/produkt\\\/kolano-kraso-15-30-45-luk\\\/#primaryimage\",\"url\":\"https:\\\/\\\/ugwp.cfolks.pl\\\/bwb\\\/wp-content\\\/uploads\\\/Kolano-KRASO\u00ae-15\u00b0-30\u00b0-45\u00b0-luk.jpg\",\"contentUrl\":\"https:\\\/\\\/ugwp.cfolks.pl\\\/bwb\\\/wp-content\\\/uploads\\\/Kolano-KRASO\u00ae-15\u00b0-30\u00b0-45\u00b0-luk.jpg\",\"width\":1100,\"height\":810,\"caption\":\"Kolano KRASO\u00ae 15\u00b0 30\u00b0 45\u00b0 \u0142uk\"},{\"@type\":\"BreadcrumbList\",\"@id\":\"https:\\\/\\\/ugwp.cfolks.pl\\\/bwb\\\/produkt\\\/kolano-kraso-15-30-45-luk\\\/#breadcrumb\",\"itemListElement\":[{\"@type\":\"ListItem\",\"position\":1,\"name\":\"Strona g\u0142\u00f3wna\",\"item\":\"https:\\\/\\\/ugwp.cfolks.pl\\\/bwb\\\/\"},{\"@type\":\"ListItem\",\"position\":2,\"name\":\"Wodoszczelne Przej\u015bcia Instalacyjne\",\"item\":\"https:\\\/\\\/ugwp.cfolks.pl\\\/bwb\\\/kategoria\\\/wodoszczelne-przejscia-instalacyjne\\\/\"},{\"@type\":\"ListItem\",\"position\":3,\"name\":\"Przepusty rurowe\",\"item\":\"https:\\\/\\\/ugwp.cfolks.pl\\\/bwb\\\/kategoria\\\/wodoszczelne-przejscia-instalacyjne\\\/przepusty-rurowe\\\/\"},{\"@type\":\"ListItem\",\"position\":4,\"name\":\"Kolano KRASO\u00ae 15\u00b0| 30\u00b0| 45\u00b0 \u0142uk\"}]},{\"@type\":\"WebSite\",\"@id\":\"https:\\\/\\\/ugwp.cfolks.pl\\\/bwb\\\/#website\",\"url\":\"https:\\\/\\\/ugwp.cfolks.pl\\\/bwb\\\/\",\"name\":\"BWB technology\",\"description\":\"Kolejna witryna oparta na WordPressie\",\"potentialAction\":[{\"@type\":\"SearchAction\",\"target\":{\"@type\":\"EntryPoint\",\"urlTemplate\":\"https:\\\/\\\/ugwp.cfolks.pl\\\/bwb\\\/?s={search_term_string}\"},\"query-input\":{\"@type\":\"PropertyValueSpecification\",\"valueRequired\":true,\"valueName\":\"search_term_string\"}}],\"inLanguage\":\"pl-PL\"}]}<\/script>\n<!-- \/ Yoast SEO plugin. -->","yoast_head_json":{"title":"Kolano KRASO\u00ae 15\u00b0| 30\u00b0| 45\u00b0 \u0141uk Wodoszczelne Gazoodporne","description":"Kolano KRASO\u00ae 15\u00b0| 30\u00b0| 45\u00b0 \u0142uk wykonane jest zgodnie z norm\u0105 EN 1401 i s\u0142u\u017cy do monta\u017cu w \u015bcianach z betonu wodoszczelnego rur KG \/ HT.","robots":{"index":"noindex","follow":"follow","max-snippet":"max-snippet:-1","max-image-preview":"max-image-preview:large","max-video-preview":"max-video-preview:-1"},"og_locale":"pl_PL","og_type":"article","og_title":"Kolano KRASO\u00ae 15\u00b0| 30\u00b0| 45\u00b0 \u0141uk Wodoszczelne Gazoodporne","og_description":"Kolano KRASO\u00ae 15\u00b0| 30\u00b0| 45\u00b0 \u0142uk wykonane jest zgodnie z norm\u0105 EN 1401 i s\u0142u\u017cy do monta\u017cu w \u015bcianach z betonu wodoszczelnego rur KG \/ HT.","og_url":"https:\/\/ugwp.cfolks.pl\/bwb\/produkt\/kolano-kraso-15-30-45-luk\/","og_site_name":"BWB technology","article_modified_time":"2023-02-07T09:08:54+00:00","og_image":[{"width":1100,"height":810,"url":"https:\/\/ugwp.cfolks.pl\/bwb\/wp-content\/uploads\/Kolano-KRASO\u00ae-15\u00b0-30\u00b0-45\u00b0-luk.jpg","type":"image\/jpeg"}],"twitter_card":"summary_large_image","schema":{"@context":"https:\/\/schema.org","@graph":[{"@type":"WebPage","@id":"https:\/\/ugwp.cfolks.pl\/bwb\/produkt\/kolano-kraso-15-30-45-luk\/","url":"https:\/\/ugwp.cfolks.pl\/bwb\/produkt\/kolano-kraso-15-30-45-luk\/","name":"Kolano KRASO\u00ae 15\u00b0| 30\u00b0| 45\u00b0 \u0141uk Wodoszczelne Gazoodporne","isPartOf":{"@id":"https:\/\/ugwp.cfolks.pl\/bwb\/#website"},"primaryImageOfPage":{"@id":"https:\/\/ugwp.cfolks.pl\/bwb\/produkt\/kolano-kraso-15-30-45-luk\/#primaryimage"},"image":{"@id":"https:\/\/ugwp.cfolks.pl\/bwb\/produkt\/kolano-kraso-15-30-45-luk\/#primaryimage"},"thumbnailUrl":"https:\/\/ugwp.cfolks.pl\/bwb\/wp-content\/uploads\/Kolano-KRASO\u00ae-15\u00b0-30\u00b0-45\u00b0-luk.jpg","datePublished":"2022-11-24T22:34:38+00:00","dateModified":"2023-02-07T09:08:54+00:00","description":"Kolano KRASO\u00ae 15\u00b0| 30\u00b0| 45\u00b0 \u0142uk wykonane jest zgodnie z norm\u0105 EN 1401 i s\u0142u\u017cy do monta\u017cu w \u015bcianach z betonu wodoszczelnego rur KG \/ HT.","breadcrumb":{"@id":"https:\/\/ugwp.cfolks.pl\/bwb\/produkt\/kolano-kraso-15-30-45-luk\/#breadcrumb"},"inLanguage":"pl-PL","potentialAction":[{"@type":"ReadAction","target":["https:\/\/ugwp.cfolks.pl\/bwb\/produkt\/kolano-kraso-15-30-45-luk\/"]}]},{"@type":"ImageObject","inLanguage":"pl-PL","@id":"https:\/\/ugwp.cfolks.pl\/bwb\/produkt\/kolano-kraso-15-30-45-luk\/#primaryimage","url":"https:\/\/ugwp.cfolks.pl\/bwb\/wp-content\/uploads\/Kolano-KRASO\u00ae-15\u00b0-30\u00b0-45\u00b0-luk.jpg","contentUrl":"https:\/\/ugwp.cfolks.pl\/bwb\/wp-content\/uploads\/Kolano-KRASO\u00ae-15\u00b0-30\u00b0-45\u00b0-luk.jpg","width":1100,"height":810,"caption":"Kolano KRASO\u00ae 15\u00b0 30\u00b0 45\u00b0 \u0142uk"},{"@type":"BreadcrumbList","@id":"https:\/\/ugwp.cfolks.pl\/bwb\/produkt\/kolano-kraso-15-30-45-luk\/#breadcrumb","itemListElement":[{"@type":"ListItem","position":1,"name":"Strona g\u0142\u00f3wna","item":"https:\/\/ugwp.cfolks.pl\/bwb\/"},{"@type":"ListItem","position":2,"name":"Wodoszczelne Przej\u015bcia Instalacyjne","item":"https:\/\/ugwp.cfolks.pl\/bwb\/kategoria\/wodoszczelne-przejscia-instalacyjne\/"},{"@type":"ListItem","position":3,"name":"Przepusty rurowe","item":"https:\/\/ugwp.cfolks.pl\/bwb\/kategoria\/wodoszczelne-przejscia-instalacyjne\/przepusty-rurowe\/"},{"@type":"ListItem","position":4,"name":"Kolano KRASO\u00ae 15\u00b0| 30\u00b0| 45\u00b0 \u0142uk"}]},{"@type":"WebSite","@id":"https:\/\/ugwp.cfolks.pl\/bwb\/#website","url":"https:\/\/ugwp.cfolks.pl\/bwb\/","name":"BWB technology","description":"Kolejna witryna oparta na WordPressie","potentialAction":[{"@type":"SearchAction","target":{"@type":"EntryPoint","urlTemplate":"https:\/\/ugwp.cfolks.pl\/bwb\/?s={search_term_string}"},"query-input":{"@type":"PropertyValueSpecification","valueRequired":true,"valueName":"search_term_string"}}],"inLanguage":"pl-PL"}]}},"_links":{"self":[{"href":"https:\/\/ugwp.cfolks.pl\/bwb\/wp-json\/wp\/v2\/product\/2309","targetHints":{"allow":["GET"]}}],"collection":[{"href":"https:\/\/ugwp.cfolks.pl\/bwb\/wp-json\/wp\/v2\/product"}],"about":[{"href":"https:\/\/ugwp.cfolks.pl\/bwb\/wp-json\/wp\/v2\/types\/product"}],"wp:featuredmedia":[{"embeddable":true,"href":"https:\/\/ugwp.cfolks.pl\/bwb\/wp-json\/wp\/v2\/media\/2342"}],"wp:attachment":[{"href":"https:\/\/ugwp.cfolks.pl\/bwb\/wp-json\/wp\/v2\/media?parent=2309"}],"wp:term":[{"taxonomy":"product_cat","embeddable":true,"href":"https:\/\/ugwp.cfolks.pl\/bwb\/wp-json\/wp\/v2\/product_cat?post=2309"},{"taxonomy":"product_tag","embeddable":true,"href":"https:\/\/ugwp.cfolks.pl\/bwb\/wp-json\/wp\/v2\/product_tag?post=2309"}],"curies":[{"name":"wp","href":"https:\/\/api.w.org\/{rel}","templated":true}]}}