{"id":2247,"date":"2022-11-23T17:09:49","date_gmt":"2022-11-23T16:09:49","guid":{"rendered":"https:\/\/ugwp.cfolks.pl\/bwb\/?post_type=product&#038;p=2247"},"modified":"2023-02-17T12:06:50","modified_gmt":"2023-02-17T11:06:50","slug":"przepust-scienny-kraso-typ-sml","status":"publish","type":"product","link":"https:\/\/ugwp.cfolks.pl\/bwb\/produkt\/przepust-scienny-kraso-typ-sml\/","title":{"rendered":"Przepust \u015bcienny KRASO\u00ae typ SML"},"content":{"rendered":"","protected":false},"excerpt":{"rendered":"<p>Przepust \u015bcienny KRASO<sup>\u00ae<\/sup> typ SML s\u0142u\u017cy do monta\u017cu rur kanalizacyjnych z \u017celiwa zgodnie z norm\u0105 EN 877 w wodoszczelnych \u015bcianach betonowych. Przepust \u015bcienny KRASO<sup>\u00ae<\/sup> typ SML z dwustronnymi rdzeniami styropianowymi pozwala na obustronne \u0142\u0105czenie rur SML. Dzi\u0119ki obwodowej, po\u0142\u0105czonej termicznie z rur\u0105 uszczelce cztero\u017cebrowej KRASO<sup>\u00ae<\/sup> uzyskujemy wodoszczelno\u015b\u0107 do 3,0 bar\u00f3w. Kszta\u0142t uszczelki umo\u017cliwia mocne i trwa\u0142e zakotwienie przepustu w betonie. Cztero\u017cebrowa uszczelka KRASO\u00ae zabezpiecza r\u00f3wnie\u017c przed przenikaniem naturalnie wyst\u0119puj\u0105cego w postaci gazu szlachetnego radonu, a tym samym zapobiega koncentracji radioaktywnego gazu w pomieszczeniu.<\/p>\n","protected":false},"featured_media":2282,"template":"","meta":{"_acf_changed":false},"product_cat":[136],"product_tag":[],"class_list":{"0":"post-2247","1":"product","2":"type-product","3":"status-publish","4":"has-post-thumbnail","6":"product_cat-przepusty-rurowe","8":"first","9":"instock","10":"shipping-taxable","11":"product-type-simple"},"acf":[],"yoast_head":"<!-- This site is optimized with the Yoast SEO plugin v27.3 - https:\/\/yoast.com\/product\/yoast-seo-wordpress\/ -->\n<title>Przepust \u015bcienny KRASO\u00ae typ SML Z \u017beliwa Przepusty Rurowe<\/title>\n<meta name=\"description\" content=\"Przepust \u015bcienny KRASO\u00ae typ SML s\u0142u\u017cy do monta\u017cu rur kanalizacyjnych z \u017celiwa zgodnie z norm\u0105 EN 877 w wodoszczelnych \u015bcianach betonowych.\" \/>\n<meta name=\"robots\" content=\"noindex, follow, max-snippet:-1, max-image-preview:large, max-video-preview:-1\" \/>\n<meta property=\"og:locale\" content=\"pl_PL\" \/>\n<meta property=\"og:type\" content=\"article\" \/>\n<meta property=\"og:title\" content=\"Przepust \u015bcienny KRASO\u00ae typ SML Z \u017beliwa Przepusty Rurowe\" \/>\n<meta property=\"og:description\" content=\"Przepust \u015bcienny KRASO\u00ae typ SML s\u0142u\u017cy do monta\u017cu rur kanalizacyjnych z \u017celiwa zgodnie z norm\u0105 EN 877 w wodoszczelnych \u015bcianach betonowych.\" \/>\n<meta property=\"og:url\" content=\"https:\/\/ugwp.cfolks.pl\/bwb\/produkt\/przepust-scienny-kraso-typ-sml\/\" \/>\n<meta property=\"og:site_name\" content=\"BWB technology\" \/>\n<meta property=\"article:modified_time\" content=\"2023-02-17T11:06:50+00:00\" \/>\n<meta property=\"og:image\" content=\"https:\/\/ugwp.cfolks.pl\/bwb\/wp-content\/uploads\/Przepust-scienny-KRASO\u00ae-typ-SML.jpg\" \/>\n\t<meta property=\"og:image:width\" content=\"1100\" \/>\n\t<meta property=\"og:image:height\" content=\"810\" \/>\n\t<meta property=\"og:image:type\" content=\"image\/jpeg\" \/>\n<meta name=\"twitter:card\" content=\"summary_large_image\" \/>\n<script type=\"application\/ld+json\" class=\"yoast-schema-graph\">{\"@context\":\"https:\\\/\\\/schema.org\",\"@graph\":[{\"@type\":\"WebPage\",\"@id\":\"https:\\\/\\\/ugwp.cfolks.pl\\\/bwb\\\/produkt\\\/przepust-scienny-kraso-typ-sml\\\/\",\"url\":\"https:\\\/\\\/ugwp.cfolks.pl\\\/bwb\\\/produkt\\\/przepust-scienny-kraso-typ-sml\\\/\",\"name\":\"Przepust \u015bcienny KRASO\u00ae typ SML Z \u017beliwa Przepusty Rurowe\",\"isPartOf\":{\"@id\":\"https:\\\/\\\/ugwp.cfolks.pl\\\/bwb\\\/#website\"},\"primaryImageOfPage\":{\"@id\":\"https:\\\/\\\/ugwp.cfolks.pl\\\/bwb\\\/produkt\\\/przepust-scienny-kraso-typ-sml\\\/#primaryimage\"},\"image\":{\"@id\":\"https:\\\/\\\/ugwp.cfolks.pl\\\/bwb\\\/produkt\\\/przepust-scienny-kraso-typ-sml\\\/#primaryimage\"},\"thumbnailUrl\":\"https:\\\/\\\/ugwp.cfolks.pl\\\/bwb\\\/wp-content\\\/uploads\\\/Przepust-scienny-KRASO\u00ae-typ-SML.jpg\",\"datePublished\":\"2022-11-23T16:09:49+00:00\",\"dateModified\":\"2023-02-17T11:06:50+00:00\",\"description\":\"Przepust \u015bcienny KRASO\u00ae typ SML s\u0142u\u017cy do monta\u017cu rur kanalizacyjnych z \u017celiwa zgodnie z norm\u0105 EN 877 w wodoszczelnych \u015bcianach betonowych.\",\"breadcrumb\":{\"@id\":\"https:\\\/\\\/ugwp.cfolks.pl\\\/bwb\\\/produkt\\\/przepust-scienny-kraso-typ-sml\\\/#breadcrumb\"},\"inLanguage\":\"pl-PL\",\"potentialAction\":[{\"@type\":\"ReadAction\",\"target\":[\"https:\\\/\\\/ugwp.cfolks.pl\\\/bwb\\\/produkt\\\/przepust-scienny-kraso-typ-sml\\\/\"]}]},{\"@type\":\"ImageObject\",\"inLanguage\":\"pl-PL\",\"@id\":\"https:\\\/\\\/ugwp.cfolks.pl\\\/bwb\\\/produkt\\\/przepust-scienny-kraso-typ-sml\\\/#primaryimage\",\"url\":\"https:\\\/\\\/ugwp.cfolks.pl\\\/bwb\\\/wp-content\\\/uploads\\\/Przepust-scienny-KRASO\u00ae-typ-SML.jpg\",\"contentUrl\":\"https:\\\/\\\/ugwp.cfolks.pl\\\/bwb\\\/wp-content\\\/uploads\\\/Przepust-scienny-KRASO\u00ae-typ-SML.jpg\",\"width\":1100,\"height\":810,\"caption\":\"Przepust \u015bcienny KRASO\u00ae typ SML\"},{\"@type\":\"BreadcrumbList\",\"@id\":\"https:\\\/\\\/ugwp.cfolks.pl\\\/bwb\\\/produkt\\\/przepust-scienny-kraso-typ-sml\\\/#breadcrumb\",\"itemListElement\":[{\"@type\":\"ListItem\",\"position\":1,\"name\":\"Strona g\u0142\u00f3wna\",\"item\":\"https:\\\/\\\/ugwp.cfolks.pl\\\/bwb\\\/\"},{\"@type\":\"ListItem\",\"position\":2,\"name\":\"Wodoszczelne Przej\u015bcia Instalacyjne\",\"item\":\"https:\\\/\\\/ugwp.cfolks.pl\\\/bwb\\\/kategoria\\\/wodoszczelne-przejscia-instalacyjne\\\/\"},{\"@type\":\"ListItem\",\"position\":3,\"name\":\"Przepusty rurowe\",\"item\":\"https:\\\/\\\/ugwp.cfolks.pl\\\/bwb\\\/kategoria\\\/wodoszczelne-przejscia-instalacyjne\\\/przepusty-rurowe\\\/\"},{\"@type\":\"ListItem\",\"position\":4,\"name\":\"Przepust \u015bcienny KRASO\u00ae typ SML\"}]},{\"@type\":\"WebSite\",\"@id\":\"https:\\\/\\\/ugwp.cfolks.pl\\\/bwb\\\/#website\",\"url\":\"https:\\\/\\\/ugwp.cfolks.pl\\\/bwb\\\/\",\"name\":\"BWB technology\",\"description\":\"Kolejna witryna oparta na WordPressie\",\"potentialAction\":[{\"@type\":\"SearchAction\",\"target\":{\"@type\":\"EntryPoint\",\"urlTemplate\":\"https:\\\/\\\/ugwp.cfolks.pl\\\/bwb\\\/?s={search_term_string}\"},\"query-input\":{\"@type\":\"PropertyValueSpecification\",\"valueRequired\":true,\"valueName\":\"search_term_string\"}}],\"inLanguage\":\"pl-PL\"}]}<\/script>\n<!-- \/ Yoast SEO plugin. -->","yoast_head_json":{"title":"Przepust \u015bcienny KRASO\u00ae typ SML Z \u017beliwa Przepusty Rurowe","description":"Przepust \u015bcienny KRASO\u00ae typ SML s\u0142u\u017cy do monta\u017cu rur kanalizacyjnych z \u017celiwa zgodnie z norm\u0105 EN 877 w wodoszczelnych \u015bcianach betonowych.","robots":{"index":"noindex","follow":"follow","max-snippet":"max-snippet:-1","max-image-preview":"max-image-preview:large","max-video-preview":"max-video-preview:-1"},"og_locale":"pl_PL","og_type":"article","og_title":"Przepust \u015bcienny KRASO\u00ae typ SML Z \u017beliwa Przepusty Rurowe","og_description":"Przepust \u015bcienny KRASO\u00ae typ SML s\u0142u\u017cy do monta\u017cu rur kanalizacyjnych z \u017celiwa zgodnie z norm\u0105 EN 877 w wodoszczelnych \u015bcianach betonowych.","og_url":"https:\/\/ugwp.cfolks.pl\/bwb\/produkt\/przepust-scienny-kraso-typ-sml\/","og_site_name":"BWB technology","article_modified_time":"2023-02-17T11:06:50+00:00","og_image":[{"width":1100,"height":810,"url":"https:\/\/ugwp.cfolks.pl\/bwb\/wp-content\/uploads\/Przepust-scienny-KRASO\u00ae-typ-SML.jpg","type":"image\/jpeg"}],"twitter_card":"summary_large_image","schema":{"@context":"https:\/\/schema.org","@graph":[{"@type":"WebPage","@id":"https:\/\/ugwp.cfolks.pl\/bwb\/produkt\/przepust-scienny-kraso-typ-sml\/","url":"https:\/\/ugwp.cfolks.pl\/bwb\/produkt\/przepust-scienny-kraso-typ-sml\/","name":"Przepust \u015bcienny KRASO\u00ae typ SML Z \u017beliwa Przepusty Rurowe","isPartOf":{"@id":"https:\/\/ugwp.cfolks.pl\/bwb\/#website"},"primaryImageOfPage":{"@id":"https:\/\/ugwp.cfolks.pl\/bwb\/produkt\/przepust-scienny-kraso-typ-sml\/#primaryimage"},"image":{"@id":"https:\/\/ugwp.cfolks.pl\/bwb\/produkt\/przepust-scienny-kraso-typ-sml\/#primaryimage"},"thumbnailUrl":"https:\/\/ugwp.cfolks.pl\/bwb\/wp-content\/uploads\/Przepust-scienny-KRASO\u00ae-typ-SML.jpg","datePublished":"2022-11-23T16:09:49+00:00","dateModified":"2023-02-17T11:06:50+00:00","description":"Przepust \u015bcienny KRASO\u00ae typ SML s\u0142u\u017cy do monta\u017cu rur kanalizacyjnych z \u017celiwa zgodnie z norm\u0105 EN 877 w wodoszczelnych \u015bcianach betonowych.","breadcrumb":{"@id":"https:\/\/ugwp.cfolks.pl\/bwb\/produkt\/przepust-scienny-kraso-typ-sml\/#breadcrumb"},"inLanguage":"pl-PL","potentialAction":[{"@type":"ReadAction","target":["https:\/\/ugwp.cfolks.pl\/bwb\/produkt\/przepust-scienny-kraso-typ-sml\/"]}]},{"@type":"ImageObject","inLanguage":"pl-PL","@id":"https:\/\/ugwp.cfolks.pl\/bwb\/produkt\/przepust-scienny-kraso-typ-sml\/#primaryimage","url":"https:\/\/ugwp.cfolks.pl\/bwb\/wp-content\/uploads\/Przepust-scienny-KRASO\u00ae-typ-SML.jpg","contentUrl":"https:\/\/ugwp.cfolks.pl\/bwb\/wp-content\/uploads\/Przepust-scienny-KRASO\u00ae-typ-SML.jpg","width":1100,"height":810,"caption":"Przepust \u015bcienny KRASO\u00ae typ SML"},{"@type":"BreadcrumbList","@id":"https:\/\/ugwp.cfolks.pl\/bwb\/produkt\/przepust-scienny-kraso-typ-sml\/#breadcrumb","itemListElement":[{"@type":"ListItem","position":1,"name":"Strona g\u0142\u00f3wna","item":"https:\/\/ugwp.cfolks.pl\/bwb\/"},{"@type":"ListItem","position":2,"name":"Wodoszczelne Przej\u015bcia Instalacyjne","item":"https:\/\/ugwp.cfolks.pl\/bwb\/kategoria\/wodoszczelne-przejscia-instalacyjne\/"},{"@type":"ListItem","position":3,"name":"Przepusty rurowe","item":"https:\/\/ugwp.cfolks.pl\/bwb\/kategoria\/wodoszczelne-przejscia-instalacyjne\/przepusty-rurowe\/"},{"@type":"ListItem","position":4,"name":"Przepust \u015bcienny KRASO\u00ae typ SML"}]},{"@type":"WebSite","@id":"https:\/\/ugwp.cfolks.pl\/bwb\/#website","url":"https:\/\/ugwp.cfolks.pl\/bwb\/","name":"BWB technology","description":"Kolejna witryna oparta na WordPressie","potentialAction":[{"@type":"SearchAction","target":{"@type":"EntryPoint","urlTemplate":"https:\/\/ugwp.cfolks.pl\/bwb\/?s={search_term_string}"},"query-input":{"@type":"PropertyValueSpecification","valueRequired":true,"valueName":"search_term_string"}}],"inLanguage":"pl-PL"}]}},"_links":{"self":[{"href":"https:\/\/ugwp.cfolks.pl\/bwb\/wp-json\/wp\/v2\/product\/2247","targetHints":{"allow":["GET"]}}],"collection":[{"href":"https:\/\/ugwp.cfolks.pl\/bwb\/wp-json\/wp\/v2\/product"}],"about":[{"href":"https:\/\/ugwp.cfolks.pl\/bwb\/wp-json\/wp\/v2\/types\/product"}],"wp:featuredmedia":[{"embeddable":true,"href":"https:\/\/ugwp.cfolks.pl\/bwb\/wp-json\/wp\/v2\/media\/2282"}],"wp:attachment":[{"href":"https:\/\/ugwp.cfolks.pl\/bwb\/wp-json\/wp\/v2\/media?parent=2247"}],"wp:term":[{"taxonomy":"product_cat","embeddable":true,"href":"https:\/\/ugwp.cfolks.pl\/bwb\/wp-json\/wp\/v2\/product_cat?post=2247"},{"taxonomy":"product_tag","embeddable":true,"href":"https:\/\/ugwp.cfolks.pl\/bwb\/wp-json\/wp\/v2\/product_tag?post=2247"}],"curies":[{"name":"wp","href":"https:\/\/api.w.org\/{rel}","templated":true}]}}