{"id":2241,"date":"2022-11-23T17:08:48","date_gmt":"2022-11-23T16:08:48","guid":{"rendered":"https:\/\/ugwp.cfolks.pl\/bwb\/?post_type=product&#038;p=2241"},"modified":"2023-02-07T09:54:27","modified_gmt":"2023-02-07T08:54:27","slug":"lej-uniwersalny-kraso","status":"publish","type":"product","link":"https:\/\/ugwp.cfolks.pl\/bwb\/produkt\/lej-uniwersalny-kraso\/","title":{"rendered":"Lej uniwersalny KRASO\u00ae"},"content":{"rendered":"","protected":false},"excerpt":{"rendered":"<p>Lej uniwersalny KRASO<sup>\u00ae<\/sup> przeznaczony jest do monta\u017cu w p\u0142ytach fundamentowych z betonu wodoszczelnego. Dzi\u0119ki lejowi mo\u017cliwe jest wyr\u00f3wnanie wzajemnego przesuni\u0119cia rury spadowej przy pomocy kolan do 45 stopni. Zintegrowana mufa DN 110 i potr\u00f3jnie wzmacniany pier\u015bcie\u0144 samouszczelniaj\u0105cy zapewnia bezpieczne po\u0142\u0105czenie. Dzi\u0119ki obwodowej, po\u0142\u0105czonej termicznie z lejem uszczelce cztero\u017cebrowej KRASO<sup>\u00ae<\/sup> uzyskujemy wodoszczelno\u015b\u0107 do 10 bar\u00f3w. Kszta\u0142t uszczelki umo\u017cliwia mocne i trwa\u0142e zakotwienie przepustu w betonie. Cztero\u017cebrowa uszczelka KRASO<sup>\u00ae<\/sup> zabezpiecza r\u00f3wnie\u017c przed przenikaniem naturalnie wyst\u0119puj\u0105cego w postaci gazu szlachetnego radonu, a tym samym zapobiega koncentracji radioaktywnego gazu w pomieszczeniu.<\/p>\n<p>Lej uniwersalny KRASO<sup>\u00ae<\/sup> mo\u017cna natychmiast zamontowa\u0107 po dostarczeniu na budow\u0119 i nie wymaga on sk\u0142adania przed monta\u017cem. W czasie betonowania p\u0142yty dennej lej uniwersalny mo\u017cna \u0142atwo ustawi\u0107 i zamocowa\u0107 przy pomocy 4 oczek \u0142\u0105cz\u0105cych. Materia\u0142 z kt\u00f3rego jest wykonany lej jest pe\u0142no\u015bcienny, odporny na p\u0119kni\u0119cia, a dostarczona w komplecie nak\u0142adka ochronna na czas budowy z mo\u017cliwo\u015bci\u0105 chodzenia po niej daj\u0105 niezawodn\u0105 ochron\u0119 przed uszkodzeniami w czasie budowy. Biegn\u0105cy dooko\u0142a ko\u0142nierz przy\u0142\u0105czeniowo \/ szpachlowy o \u015brednicy 330 mm jest optymalny do zamocowania klejonych izolacji dzi\u0119ki strukturalnej powierzchni. Dla izolacji nieklejonych opcjonalnie dost\u0119pny jest przykr\u0119cany ko\u0142nierz zaciskowy ze stali nierdzewnej.<\/p>\n","protected":false},"featured_media":2262,"template":"","meta":{"_acf_changed":false},"product_cat":[136],"product_tag":[],"class_list":{"0":"post-2241","1":"product","2":"type-product","3":"status-publish","4":"has-post-thumbnail","6":"product_cat-przepusty-rurowe","8":"first","9":"instock","10":"shipping-taxable","11":"product-type-simple"},"acf":[],"yoast_head":"<!-- This site is optimized with the Yoast SEO plugin v27.3 - https:\/\/yoast.com\/product\/yoast-seo-wordpress\/ -->\n<title>Lej uniwersalny KRASO\u00ae Do monta\u017cu w p\u0142ytach fundamentowych<\/title>\n<meta name=\"description\" content=\"Lej uniwersalny KRASO\u00ae przeznaczony jest do monta\u017cu w p\u0142ytach fundamentowych z betonu wodoszczelnego.\" \/>\n<meta name=\"robots\" content=\"noindex, follow, max-snippet:-1, max-image-preview:large, max-video-preview:-1\" \/>\n<meta property=\"og:locale\" content=\"pl_PL\" \/>\n<meta property=\"og:type\" content=\"article\" \/>\n<meta property=\"og:title\" content=\"Lej uniwersalny KRASO\u00ae Do monta\u017cu w p\u0142ytach fundamentowych\" \/>\n<meta property=\"og:description\" content=\"Lej uniwersalny KRASO\u00ae przeznaczony jest do monta\u017cu w p\u0142ytach fundamentowych z betonu wodoszczelnego.\" \/>\n<meta property=\"og:url\" content=\"https:\/\/ugwp.cfolks.pl\/bwb\/produkt\/lej-uniwersalny-kraso\/\" \/>\n<meta property=\"og:site_name\" content=\"BWB technology\" \/>\n<meta property=\"article:modified_time\" content=\"2023-02-07T08:54:27+00:00\" \/>\n<meta property=\"og:image\" content=\"https:\/\/ugwp.cfolks.pl\/bwb\/wp-content\/uploads\/Lej-uniwersalny-KRASO\u00ae.jpg\" \/>\n\t<meta property=\"og:image:width\" content=\"1100\" \/>\n\t<meta property=\"og:image:height\" content=\"810\" \/>\n\t<meta property=\"og:image:type\" content=\"image\/jpeg\" \/>\n<meta name=\"twitter:card\" content=\"summary_large_image\" \/>\n<script type=\"application\/ld+json\" class=\"yoast-schema-graph\">{\"@context\":\"https:\\\/\\\/schema.org\",\"@graph\":[{\"@type\":\"WebPage\",\"@id\":\"https:\\\/\\\/ugwp.cfolks.pl\\\/bwb\\\/produkt\\\/lej-uniwersalny-kraso\\\/\",\"url\":\"https:\\\/\\\/ugwp.cfolks.pl\\\/bwb\\\/produkt\\\/lej-uniwersalny-kraso\\\/\",\"name\":\"Lej uniwersalny KRASO\u00ae Do monta\u017cu w p\u0142ytach fundamentowych\",\"isPartOf\":{\"@id\":\"https:\\\/\\\/ugwp.cfolks.pl\\\/bwb\\\/#website\"},\"primaryImageOfPage\":{\"@id\":\"https:\\\/\\\/ugwp.cfolks.pl\\\/bwb\\\/produkt\\\/lej-uniwersalny-kraso\\\/#primaryimage\"},\"image\":{\"@id\":\"https:\\\/\\\/ugwp.cfolks.pl\\\/bwb\\\/produkt\\\/lej-uniwersalny-kraso\\\/#primaryimage\"},\"thumbnailUrl\":\"https:\\\/\\\/ugwp.cfolks.pl\\\/bwb\\\/wp-content\\\/uploads\\\/Lej-uniwersalny-KRASO\u00ae.jpg\",\"datePublished\":\"2022-11-23T16:08:48+00:00\",\"dateModified\":\"2023-02-07T08:54:27+00:00\",\"description\":\"Lej uniwersalny KRASO\u00ae przeznaczony jest do monta\u017cu w p\u0142ytach fundamentowych z betonu wodoszczelnego.\",\"breadcrumb\":{\"@id\":\"https:\\\/\\\/ugwp.cfolks.pl\\\/bwb\\\/produkt\\\/lej-uniwersalny-kraso\\\/#breadcrumb\"},\"inLanguage\":\"pl-PL\",\"potentialAction\":[{\"@type\":\"ReadAction\",\"target\":[\"https:\\\/\\\/ugwp.cfolks.pl\\\/bwb\\\/produkt\\\/lej-uniwersalny-kraso\\\/\"]}]},{\"@type\":\"ImageObject\",\"inLanguage\":\"pl-PL\",\"@id\":\"https:\\\/\\\/ugwp.cfolks.pl\\\/bwb\\\/produkt\\\/lej-uniwersalny-kraso\\\/#primaryimage\",\"url\":\"https:\\\/\\\/ugwp.cfolks.pl\\\/bwb\\\/wp-content\\\/uploads\\\/Lej-uniwersalny-KRASO\u00ae.jpg\",\"contentUrl\":\"https:\\\/\\\/ugwp.cfolks.pl\\\/bwb\\\/wp-content\\\/uploads\\\/Lej-uniwersalny-KRASO\u00ae.jpg\",\"width\":1100,\"height\":810,\"caption\":\"Lej uniwersalny KRASO\u00ae\"},{\"@type\":\"BreadcrumbList\",\"@id\":\"https:\\\/\\\/ugwp.cfolks.pl\\\/bwb\\\/produkt\\\/lej-uniwersalny-kraso\\\/#breadcrumb\",\"itemListElement\":[{\"@type\":\"ListItem\",\"position\":1,\"name\":\"Strona g\u0142\u00f3wna\",\"item\":\"https:\\\/\\\/ugwp.cfolks.pl\\\/bwb\\\/\"},{\"@type\":\"ListItem\",\"position\":2,\"name\":\"Wodoszczelne Przej\u015bcia Instalacyjne\",\"item\":\"https:\\\/\\\/ugwp.cfolks.pl\\\/bwb\\\/kategoria\\\/wodoszczelne-przejscia-instalacyjne\\\/\"},{\"@type\":\"ListItem\",\"position\":3,\"name\":\"Przepusty rurowe\",\"item\":\"https:\\\/\\\/ugwp.cfolks.pl\\\/bwb\\\/kategoria\\\/wodoszczelne-przejscia-instalacyjne\\\/przepusty-rurowe\\\/\"},{\"@type\":\"ListItem\",\"position\":4,\"name\":\"Lej uniwersalny KRASO\u00ae\"}]},{\"@type\":\"WebSite\",\"@id\":\"https:\\\/\\\/ugwp.cfolks.pl\\\/bwb\\\/#website\",\"url\":\"https:\\\/\\\/ugwp.cfolks.pl\\\/bwb\\\/\",\"name\":\"BWB technology\",\"description\":\"Kolejna witryna oparta na WordPressie\",\"potentialAction\":[{\"@type\":\"SearchAction\",\"target\":{\"@type\":\"EntryPoint\",\"urlTemplate\":\"https:\\\/\\\/ugwp.cfolks.pl\\\/bwb\\\/?s={search_term_string}\"},\"query-input\":{\"@type\":\"PropertyValueSpecification\",\"valueRequired\":true,\"valueName\":\"search_term_string\"}}],\"inLanguage\":\"pl-PL\"}]}<\/script>\n<!-- \/ Yoast SEO plugin. -->","yoast_head_json":{"title":"Lej uniwersalny KRASO\u00ae Do monta\u017cu w p\u0142ytach fundamentowych","description":"Lej uniwersalny KRASO\u00ae przeznaczony jest do monta\u017cu w p\u0142ytach fundamentowych z betonu wodoszczelnego.","robots":{"index":"noindex","follow":"follow","max-snippet":"max-snippet:-1","max-image-preview":"max-image-preview:large","max-video-preview":"max-video-preview:-1"},"og_locale":"pl_PL","og_type":"article","og_title":"Lej uniwersalny KRASO\u00ae Do monta\u017cu w p\u0142ytach fundamentowych","og_description":"Lej uniwersalny KRASO\u00ae przeznaczony jest do monta\u017cu w p\u0142ytach fundamentowych z betonu wodoszczelnego.","og_url":"https:\/\/ugwp.cfolks.pl\/bwb\/produkt\/lej-uniwersalny-kraso\/","og_site_name":"BWB technology","article_modified_time":"2023-02-07T08:54:27+00:00","og_image":[{"width":1100,"height":810,"url":"https:\/\/ugwp.cfolks.pl\/bwb\/wp-content\/uploads\/Lej-uniwersalny-KRASO\u00ae.jpg","type":"image\/jpeg"}],"twitter_card":"summary_large_image","schema":{"@context":"https:\/\/schema.org","@graph":[{"@type":"WebPage","@id":"https:\/\/ugwp.cfolks.pl\/bwb\/produkt\/lej-uniwersalny-kraso\/","url":"https:\/\/ugwp.cfolks.pl\/bwb\/produkt\/lej-uniwersalny-kraso\/","name":"Lej uniwersalny KRASO\u00ae Do monta\u017cu w p\u0142ytach fundamentowych","isPartOf":{"@id":"https:\/\/ugwp.cfolks.pl\/bwb\/#website"},"primaryImageOfPage":{"@id":"https:\/\/ugwp.cfolks.pl\/bwb\/produkt\/lej-uniwersalny-kraso\/#primaryimage"},"image":{"@id":"https:\/\/ugwp.cfolks.pl\/bwb\/produkt\/lej-uniwersalny-kraso\/#primaryimage"},"thumbnailUrl":"https:\/\/ugwp.cfolks.pl\/bwb\/wp-content\/uploads\/Lej-uniwersalny-KRASO\u00ae.jpg","datePublished":"2022-11-23T16:08:48+00:00","dateModified":"2023-02-07T08:54:27+00:00","description":"Lej uniwersalny KRASO\u00ae przeznaczony jest do monta\u017cu w p\u0142ytach fundamentowych z betonu wodoszczelnego.","breadcrumb":{"@id":"https:\/\/ugwp.cfolks.pl\/bwb\/produkt\/lej-uniwersalny-kraso\/#breadcrumb"},"inLanguage":"pl-PL","potentialAction":[{"@type":"ReadAction","target":["https:\/\/ugwp.cfolks.pl\/bwb\/produkt\/lej-uniwersalny-kraso\/"]}]},{"@type":"ImageObject","inLanguage":"pl-PL","@id":"https:\/\/ugwp.cfolks.pl\/bwb\/produkt\/lej-uniwersalny-kraso\/#primaryimage","url":"https:\/\/ugwp.cfolks.pl\/bwb\/wp-content\/uploads\/Lej-uniwersalny-KRASO\u00ae.jpg","contentUrl":"https:\/\/ugwp.cfolks.pl\/bwb\/wp-content\/uploads\/Lej-uniwersalny-KRASO\u00ae.jpg","width":1100,"height":810,"caption":"Lej uniwersalny KRASO\u00ae"},{"@type":"BreadcrumbList","@id":"https:\/\/ugwp.cfolks.pl\/bwb\/produkt\/lej-uniwersalny-kraso\/#breadcrumb","itemListElement":[{"@type":"ListItem","position":1,"name":"Strona g\u0142\u00f3wna","item":"https:\/\/ugwp.cfolks.pl\/bwb\/"},{"@type":"ListItem","position":2,"name":"Wodoszczelne Przej\u015bcia Instalacyjne","item":"https:\/\/ugwp.cfolks.pl\/bwb\/kategoria\/wodoszczelne-przejscia-instalacyjne\/"},{"@type":"ListItem","position":3,"name":"Przepusty rurowe","item":"https:\/\/ugwp.cfolks.pl\/bwb\/kategoria\/wodoszczelne-przejscia-instalacyjne\/przepusty-rurowe\/"},{"@type":"ListItem","position":4,"name":"Lej uniwersalny KRASO\u00ae"}]},{"@type":"WebSite","@id":"https:\/\/ugwp.cfolks.pl\/bwb\/#website","url":"https:\/\/ugwp.cfolks.pl\/bwb\/","name":"BWB technology","description":"Kolejna witryna oparta na WordPressie","potentialAction":[{"@type":"SearchAction","target":{"@type":"EntryPoint","urlTemplate":"https:\/\/ugwp.cfolks.pl\/bwb\/?s={search_term_string}"},"query-input":{"@type":"PropertyValueSpecification","valueRequired":true,"valueName":"search_term_string"}}],"inLanguage":"pl-PL"}]}},"_links":{"self":[{"href":"https:\/\/ugwp.cfolks.pl\/bwb\/wp-json\/wp\/v2\/product\/2241","targetHints":{"allow":["GET"]}}],"collection":[{"href":"https:\/\/ugwp.cfolks.pl\/bwb\/wp-json\/wp\/v2\/product"}],"about":[{"href":"https:\/\/ugwp.cfolks.pl\/bwb\/wp-json\/wp\/v2\/types\/product"}],"wp:featuredmedia":[{"embeddable":true,"href":"https:\/\/ugwp.cfolks.pl\/bwb\/wp-json\/wp\/v2\/media\/2262"}],"wp:attachment":[{"href":"https:\/\/ugwp.cfolks.pl\/bwb\/wp-json\/wp\/v2\/media?parent=2241"}],"wp:term":[{"taxonomy":"product_cat","embeddable":true,"href":"https:\/\/ugwp.cfolks.pl\/bwb\/wp-json\/wp\/v2\/product_cat?post=2241"},{"taxonomy":"product_tag","embeddable":true,"href":"https:\/\/ugwp.cfolks.pl\/bwb\/wp-json\/wp\/v2\/product_tag?post=2241"}],"curies":[{"name":"wp","href":"https:\/\/api.w.org\/{rel}","templated":true}]}}