{"id":2238,"date":"2022-11-23T17:07:31","date_gmt":"2022-11-23T16:07:31","guid":{"rendered":"https:\/\/ugwp.cfolks.pl\/bwb\/?post_type=product&#038;p=2238"},"modified":"2023-02-17T12:01:38","modified_gmt":"2023-02-17T11:01:38","slug":"przepust-podlogowy-kraso-fbv-bdf","status":"publish","type":"product","link":"https:\/\/ugwp.cfolks.pl\/bwb\/produkt\/przepust-podlogowy-kraso-fbv-bdf\/","title":{"rendered":"Przepust Pod\u0142ogowy KRASO\u00ae FBV-BDF"},"content":{"rendered":"","protected":false},"excerpt":{"rendered":"<p>Przepust pod\u0142ogowy KRASO<sup>\u00ae<\/sup> FBV-BDF zapewnia zgodne z zaleceniami producenta izolacji po\u0142\u0105czenie z uszczelnieniem powierzchniowym dla lanego betonu. Wykonany jest z wysokowarto\u015bciowego, stabilnego materia\u0142u pe\u0142no\u015bciennego lub w wersji KG 2000 z polipropylen o niskiej \u015bcieralno\u015bci wzmocnionego minera\u0142ami. Ko\u0142nierz uszczelniaj\u0105cy KRASO<sup>\u00ae<\/sup> FBV sk\u0142ada si\u0119 z tulei uszczelniaj\u0105cej ze stali nierdzewnej V2A oraz fragmentu izolacji o wymiarze 20 cm zgodnym z materia\u0142em uk\u0142adanym na placu budowy. Nakr\u0119tka kontroluj\u0105ca moment dokr\u0119cania KRASO<sup>\u00ae<\/sup> DKM automatycznie reguluj\u0119 moment dokr\u0119cania bez konieczno\u015bci u\u017cycia klucza dynamometrycznego.<\/p>\n<p>Dzi\u0119ki obwodowej, po\u0142\u0105czonej termicznie z rur\u0105 uszczelce cztero\u017cebrowej KRASO<sup>\u00ae<\/sup> uzyskujemy wodoszczelno\u015b\u0107 do 10 bar\u00f3w. Kszta\u0142t uszczelki umo\u017cliwia mocne i trwa\u0142e zakotwienie przepustu w betonie. Cztero\u017cebrowa uszczelka KRASO<sup>\u00ae<\/sup> zabezpiecza r\u00f3wnie\u017c przed przenikaniem naturalnie wyst\u0119puj\u0105cego w postaci gazu szlachetnego radonu, a tym samym zapobiega koncentracji radioaktywnego gazu w pomieszczeniu.<\/p>\n","protected":false},"featured_media":2255,"template":"","meta":{"_acf_changed":false},"product_cat":[136],"product_tag":[],"class_list":{"0":"post-2238","1":"product","2":"type-product","3":"status-publish","4":"has-post-thumbnail","6":"product_cat-przepusty-rurowe","8":"first","9":"instock","10":"shipping-taxable","11":"product-type-simple"},"acf":[],"yoast_head":"<!-- This site is optimized with the Yoast SEO plugin v27.3 - https:\/\/yoast.com\/product\/yoast-seo-wordpress\/ -->\n<title>Przepust Pod\u0142ogowy KRASO\u00ae FBV-BDF Przepusty Rurowe<\/title>\n<meta name=\"description\" content=\"Przepust pod\u0142ogowy KRASO\u00ae FBV-BDF zapewnia zgodne z zaleceniami producenta izolacji po\u0142\u0105czenie z uszczelnieniem powierzchniowym dla lanego betonu.\" \/>\n<meta name=\"robots\" content=\"noindex, follow, max-snippet:-1, max-image-preview:large, max-video-preview:-1\" \/>\n<meta property=\"og:locale\" content=\"pl_PL\" \/>\n<meta property=\"og:type\" content=\"article\" \/>\n<meta property=\"og:title\" content=\"Przepust Pod\u0142ogowy KRASO\u00ae FBV-BDF Przepusty Rurowe\" \/>\n<meta property=\"og:description\" content=\"Przepust pod\u0142ogowy KRASO\u00ae FBV-BDF zapewnia zgodne z zaleceniami producenta izolacji po\u0142\u0105czenie z uszczelnieniem powierzchniowym dla lanego betonu.\" \/>\n<meta property=\"og:url\" content=\"https:\/\/ugwp.cfolks.pl\/bwb\/produkt\/przepust-podlogowy-kraso-fbv-bdf\/\" \/>\n<meta property=\"og:site_name\" content=\"BWB technology\" \/>\n<meta property=\"article:modified_time\" content=\"2023-02-17T11:01:38+00:00\" \/>\n<meta property=\"og:image\" content=\"https:\/\/ugwp.cfolks.pl\/bwb\/wp-content\/uploads\/Przepust-podlogowy-KRASO\u00ae-FBV-BDF.jpg\" \/>\n\t<meta property=\"og:image:width\" content=\"1100\" \/>\n\t<meta property=\"og:image:height\" content=\"810\" \/>\n\t<meta property=\"og:image:type\" content=\"image\/jpeg\" \/>\n<meta name=\"twitter:card\" content=\"summary_large_image\" \/>\n<script type=\"application\/ld+json\" class=\"yoast-schema-graph\">{\"@context\":\"https:\\\/\\\/schema.org\",\"@graph\":[{\"@type\":\"WebPage\",\"@id\":\"https:\\\/\\\/ugwp.cfolks.pl\\\/bwb\\\/produkt\\\/przepust-podlogowy-kraso-fbv-bdf\\\/\",\"url\":\"https:\\\/\\\/ugwp.cfolks.pl\\\/bwb\\\/produkt\\\/przepust-podlogowy-kraso-fbv-bdf\\\/\",\"name\":\"Przepust Pod\u0142ogowy KRASO\u00ae FBV-BDF Przepusty Rurowe\",\"isPartOf\":{\"@id\":\"https:\\\/\\\/ugwp.cfolks.pl\\\/bwb\\\/#website\"},\"primaryImageOfPage\":{\"@id\":\"https:\\\/\\\/ugwp.cfolks.pl\\\/bwb\\\/produkt\\\/przepust-podlogowy-kraso-fbv-bdf\\\/#primaryimage\"},\"image\":{\"@id\":\"https:\\\/\\\/ugwp.cfolks.pl\\\/bwb\\\/produkt\\\/przepust-podlogowy-kraso-fbv-bdf\\\/#primaryimage\"},\"thumbnailUrl\":\"https:\\\/\\\/ugwp.cfolks.pl\\\/bwb\\\/wp-content\\\/uploads\\\/Przepust-podlogowy-KRASO\u00ae-FBV-BDF.jpg\",\"datePublished\":\"2022-11-23T16:07:31+00:00\",\"dateModified\":\"2023-02-17T11:01:38+00:00\",\"description\":\"Przepust pod\u0142ogowy KRASO\u00ae FBV-BDF zapewnia zgodne z zaleceniami producenta izolacji po\u0142\u0105czenie z uszczelnieniem powierzchniowym dla lanego betonu.\",\"breadcrumb\":{\"@id\":\"https:\\\/\\\/ugwp.cfolks.pl\\\/bwb\\\/produkt\\\/przepust-podlogowy-kraso-fbv-bdf\\\/#breadcrumb\"},\"inLanguage\":\"pl-PL\",\"potentialAction\":[{\"@type\":\"ReadAction\",\"target\":[\"https:\\\/\\\/ugwp.cfolks.pl\\\/bwb\\\/produkt\\\/przepust-podlogowy-kraso-fbv-bdf\\\/\"]}]},{\"@type\":\"ImageObject\",\"inLanguage\":\"pl-PL\",\"@id\":\"https:\\\/\\\/ugwp.cfolks.pl\\\/bwb\\\/produkt\\\/przepust-podlogowy-kraso-fbv-bdf\\\/#primaryimage\",\"url\":\"https:\\\/\\\/ugwp.cfolks.pl\\\/bwb\\\/wp-content\\\/uploads\\\/Przepust-podlogowy-KRASO\u00ae-FBV-BDF.jpg\",\"contentUrl\":\"https:\\\/\\\/ugwp.cfolks.pl\\\/bwb\\\/wp-content\\\/uploads\\\/Przepust-podlogowy-KRASO\u00ae-FBV-BDF.jpg\",\"width\":1100,\"height\":810,\"caption\":\"Przepust pod\u0142ogowy KRASO\u00ae FBV-BDF\"},{\"@type\":\"BreadcrumbList\",\"@id\":\"https:\\\/\\\/ugwp.cfolks.pl\\\/bwb\\\/produkt\\\/przepust-podlogowy-kraso-fbv-bdf\\\/#breadcrumb\",\"itemListElement\":[{\"@type\":\"ListItem\",\"position\":1,\"name\":\"Strona g\u0142\u00f3wna\",\"item\":\"https:\\\/\\\/ugwp.cfolks.pl\\\/bwb\\\/\"},{\"@type\":\"ListItem\",\"position\":2,\"name\":\"Wodoszczelne Przej\u015bcia Instalacyjne\",\"item\":\"https:\\\/\\\/ugwp.cfolks.pl\\\/bwb\\\/kategoria\\\/wodoszczelne-przejscia-instalacyjne\\\/\"},{\"@type\":\"ListItem\",\"position\":3,\"name\":\"Przepusty rurowe\",\"item\":\"https:\\\/\\\/ugwp.cfolks.pl\\\/bwb\\\/kategoria\\\/wodoszczelne-przejscia-instalacyjne\\\/przepusty-rurowe\\\/\"},{\"@type\":\"ListItem\",\"position\":4,\"name\":\"Przepust Pod\u0142ogowy KRASO\u00ae FBV-BDF\"}]},{\"@type\":\"WebSite\",\"@id\":\"https:\\\/\\\/ugwp.cfolks.pl\\\/bwb\\\/#website\",\"url\":\"https:\\\/\\\/ugwp.cfolks.pl\\\/bwb\\\/\",\"name\":\"BWB technology\",\"description\":\"Kolejna witryna oparta na WordPressie\",\"potentialAction\":[{\"@type\":\"SearchAction\",\"target\":{\"@type\":\"EntryPoint\",\"urlTemplate\":\"https:\\\/\\\/ugwp.cfolks.pl\\\/bwb\\\/?s={search_term_string}\"},\"query-input\":{\"@type\":\"PropertyValueSpecification\",\"valueRequired\":true,\"valueName\":\"search_term_string\"}}],\"inLanguage\":\"pl-PL\"}]}<\/script>\n<!-- \/ Yoast SEO plugin. -->","yoast_head_json":{"title":"Przepust Pod\u0142ogowy KRASO\u00ae FBV-BDF Przepusty Rurowe","description":"Przepust pod\u0142ogowy KRASO\u00ae FBV-BDF zapewnia zgodne z zaleceniami producenta izolacji po\u0142\u0105czenie z uszczelnieniem powierzchniowym dla lanego betonu.","robots":{"index":"noindex","follow":"follow","max-snippet":"max-snippet:-1","max-image-preview":"max-image-preview:large","max-video-preview":"max-video-preview:-1"},"og_locale":"pl_PL","og_type":"article","og_title":"Przepust Pod\u0142ogowy KRASO\u00ae FBV-BDF Przepusty Rurowe","og_description":"Przepust pod\u0142ogowy KRASO\u00ae FBV-BDF zapewnia zgodne z zaleceniami producenta izolacji po\u0142\u0105czenie z uszczelnieniem powierzchniowym dla lanego betonu.","og_url":"https:\/\/ugwp.cfolks.pl\/bwb\/produkt\/przepust-podlogowy-kraso-fbv-bdf\/","og_site_name":"BWB technology","article_modified_time":"2023-02-17T11:01:38+00:00","og_image":[{"width":1100,"height":810,"url":"https:\/\/ugwp.cfolks.pl\/bwb\/wp-content\/uploads\/Przepust-podlogowy-KRASO\u00ae-FBV-BDF.jpg","type":"image\/jpeg"}],"twitter_card":"summary_large_image","schema":{"@context":"https:\/\/schema.org","@graph":[{"@type":"WebPage","@id":"https:\/\/ugwp.cfolks.pl\/bwb\/produkt\/przepust-podlogowy-kraso-fbv-bdf\/","url":"https:\/\/ugwp.cfolks.pl\/bwb\/produkt\/przepust-podlogowy-kraso-fbv-bdf\/","name":"Przepust Pod\u0142ogowy KRASO\u00ae FBV-BDF Przepusty Rurowe","isPartOf":{"@id":"https:\/\/ugwp.cfolks.pl\/bwb\/#website"},"primaryImageOfPage":{"@id":"https:\/\/ugwp.cfolks.pl\/bwb\/produkt\/przepust-podlogowy-kraso-fbv-bdf\/#primaryimage"},"image":{"@id":"https:\/\/ugwp.cfolks.pl\/bwb\/produkt\/przepust-podlogowy-kraso-fbv-bdf\/#primaryimage"},"thumbnailUrl":"https:\/\/ugwp.cfolks.pl\/bwb\/wp-content\/uploads\/Przepust-podlogowy-KRASO\u00ae-FBV-BDF.jpg","datePublished":"2022-11-23T16:07:31+00:00","dateModified":"2023-02-17T11:01:38+00:00","description":"Przepust pod\u0142ogowy KRASO\u00ae FBV-BDF zapewnia zgodne z zaleceniami producenta izolacji po\u0142\u0105czenie z uszczelnieniem powierzchniowym dla lanego betonu.","breadcrumb":{"@id":"https:\/\/ugwp.cfolks.pl\/bwb\/produkt\/przepust-podlogowy-kraso-fbv-bdf\/#breadcrumb"},"inLanguage":"pl-PL","potentialAction":[{"@type":"ReadAction","target":["https:\/\/ugwp.cfolks.pl\/bwb\/produkt\/przepust-podlogowy-kraso-fbv-bdf\/"]}]},{"@type":"ImageObject","inLanguage":"pl-PL","@id":"https:\/\/ugwp.cfolks.pl\/bwb\/produkt\/przepust-podlogowy-kraso-fbv-bdf\/#primaryimage","url":"https:\/\/ugwp.cfolks.pl\/bwb\/wp-content\/uploads\/Przepust-podlogowy-KRASO\u00ae-FBV-BDF.jpg","contentUrl":"https:\/\/ugwp.cfolks.pl\/bwb\/wp-content\/uploads\/Przepust-podlogowy-KRASO\u00ae-FBV-BDF.jpg","width":1100,"height":810,"caption":"Przepust pod\u0142ogowy KRASO\u00ae FBV-BDF"},{"@type":"BreadcrumbList","@id":"https:\/\/ugwp.cfolks.pl\/bwb\/produkt\/przepust-podlogowy-kraso-fbv-bdf\/#breadcrumb","itemListElement":[{"@type":"ListItem","position":1,"name":"Strona g\u0142\u00f3wna","item":"https:\/\/ugwp.cfolks.pl\/bwb\/"},{"@type":"ListItem","position":2,"name":"Wodoszczelne Przej\u015bcia Instalacyjne","item":"https:\/\/ugwp.cfolks.pl\/bwb\/kategoria\/wodoszczelne-przejscia-instalacyjne\/"},{"@type":"ListItem","position":3,"name":"Przepusty rurowe","item":"https:\/\/ugwp.cfolks.pl\/bwb\/kategoria\/wodoszczelne-przejscia-instalacyjne\/przepusty-rurowe\/"},{"@type":"ListItem","position":4,"name":"Przepust Pod\u0142ogowy KRASO\u00ae FBV-BDF"}]},{"@type":"WebSite","@id":"https:\/\/ugwp.cfolks.pl\/bwb\/#website","url":"https:\/\/ugwp.cfolks.pl\/bwb\/","name":"BWB technology","description":"Kolejna witryna oparta na WordPressie","potentialAction":[{"@type":"SearchAction","target":{"@type":"EntryPoint","urlTemplate":"https:\/\/ugwp.cfolks.pl\/bwb\/?s={search_term_string}"},"query-input":{"@type":"PropertyValueSpecification","valueRequired":true,"valueName":"search_term_string"}}],"inLanguage":"pl-PL"}]}},"_links":{"self":[{"href":"https:\/\/ugwp.cfolks.pl\/bwb\/wp-json\/wp\/v2\/product\/2238","targetHints":{"allow":["GET"]}}],"collection":[{"href":"https:\/\/ugwp.cfolks.pl\/bwb\/wp-json\/wp\/v2\/product"}],"about":[{"href":"https:\/\/ugwp.cfolks.pl\/bwb\/wp-json\/wp\/v2\/types\/product"}],"wp:featuredmedia":[{"embeddable":true,"href":"https:\/\/ugwp.cfolks.pl\/bwb\/wp-json\/wp\/v2\/media\/2255"}],"wp:attachment":[{"href":"https:\/\/ugwp.cfolks.pl\/bwb\/wp-json\/wp\/v2\/media?parent=2238"}],"wp:term":[{"taxonomy":"product_cat","embeddable":true,"href":"https:\/\/ugwp.cfolks.pl\/bwb\/wp-json\/wp\/v2\/product_cat?post=2238"},{"taxonomy":"product_tag","embeddable":true,"href":"https:\/\/ugwp.cfolks.pl\/bwb\/wp-json\/wp\/v2\/product_tag?post=2238"}],"curies":[{"name":"wp","href":"https:\/\/api.w.org\/{rel}","templated":true}]}}