{"id":2217,"date":"2022-11-22T09:19:21","date_gmt":"2022-11-22T08:19:21","guid":{"rendered":"https:\/\/ugwp.cfolks.pl\/bwb\/?post_type=product&#038;p=2217"},"modified":"2023-02-20T21:28:01","modified_gmt":"2023-02-20T20:28:01","slug":"akcesoria-do-systemu-odwodnienia-do-betonowych-szybow-swietlnych-kraso-typ-les","status":"publish","type":"product","link":"https:\/\/ugwp.cfolks.pl\/bwb\/produkt\/akcesoria-do-systemu-odwodnienia-do-betonowych-szybow-swietlnych-kraso-typ-les\/","title":{"rendered":"Akcesoria Do Systemu Odwodnienia do betonowych szyb\u00f3w \u015bwietlnych KRASO\u00ae TYP LES"},"content":{"rendered":"","protected":false},"excerpt":{"rendered":"<table class=\"table table-hover table-bordered\">\n<thead>\n<tr>\n<td width=\"35%\"><strong>\u00a0\u00a0\u00a0\u00a0\u00a0\u00a0\u00a0\u00a0\u00a0\u00a0Nazwa\u00a0\u00a0\u00a0\u00a0\u00a0\u00a0\u00a0\u00a0\u00a0<\/strong><\/td>\n<td width=\"65%\"><strong>Opis<\/strong><\/td>\n<\/tr>\n<\/thead>\n<tbody>\n<tr>\n<td><strong>TYP LES \u2013 podstawa dla budowli z element\u00f3w prefabrykowanych<\/strong><\/td>\n<td>posiada odporn\u0105 na wod\u0119 pod ci\u015bnieniem, obwodow\u0105, termicznie zgrzewan\u0105 uszczelk\u0119 cztero\u017cebrow\u0105, do p\u00f3\u017aniejszego zastosowania przy\u0142\u0105cza LES \u2013 Vario, sita do wy\u0142apywania li\u015bci LES i blokady przeciwzapachowej LES<\/td>\n<\/tr>\n<tr>\n<td><strong>TYP LES 110-12 \u2013 podstawa do budowli wykonywanych z betonu na miejscu<\/strong><\/td>\n<td rowspan=\"2\">posiada odporn\u0105 na wod\u0119 pod ci\u015bnieniem, obwodow\u0105, termicznie zgrzewan\u0105 uszczelk\u0119 cztero\u017cebrow\u0105, do p\u00f3\u017aniejszego zastosowania przy\u0142\u0105cza LES \u2013 Vario, sita do wy\u0142apywania li\u015bci LES i blokady przeciwzapachowej LES<\/td>\n<\/tr>\n<tr>\n<td><strong>TYP LES 160-14 \u2013 podstawa do budowli wykonywanych z betonu na miejscu<\/strong><\/td>\n<\/tr>\n<tr>\n<td><strong>TYP LES \u2013 przy\u0142\u0105cze Vario<\/strong><\/td>\n<td>przy\u0142\u0105cze opcjonalnie przy odwadnianiu DN 50 \/ DN 110 lub przy drena\u017cu DN 110, mo\u017cliwo\u015b\u0107 pod\u0142\u0105czenia podw\u00f3jnego zabezpieczenia przed cofaniem si\u0119 wody LES<\/td>\n<\/tr>\n<tr>\n<td><strong>Blokada przeciwzapachowa LES<\/strong><\/td>\n<td>zdejmowana, mrozoodporna<\/td>\n<\/tr>\n<tr>\n<td><strong>Zabezpieczenie przed cofaniem si\u0119 wody LES<\/strong><\/td>\n<td>mo\u017cliwo\u015b\u0107 pod\u0142\u0105czenie do przy\u0142\u0105cza typu Vario<\/td>\n<\/tr>\n<tr>\n<td><strong>Podw\u00f3jne zabezpieczenie przed cofaniem si\u0119 wody LES<\/strong><\/td>\n<td>z dwoma automatycznie zamykaj\u0105cymi si\u0119 klapami, jedn\u0105 z nich mo\u017cemy r\u00f3wnie\u017c zablokowa\u0107 r\u0119cznie, przyjazna konserwacja dzi\u0119ki \u0142atwemu dost\u0119powi, w razie potrzeby w ka\u017cdej chwili mo\u017ce by\u0107 doposa\u017cone przez zamontowanie na wtyk przy\u0142\u0105cza Vario, wydajno\u015b\u0107 odp\u0142ywu\u201d 0,4 l \/s<\/td>\n<\/tr>\n<tr>\n<td><strong>Sito LES do wy\u0142apywania li\u015bci<\/strong><\/td>\n<td>mo\u017cliwo\u015b\u0107 pod\u0142\u0105czenie do przy\u0142\u0105cza typu Vario<\/td>\n<\/tr>\n<\/tbody>\n<\/table>\n","protected":false},"featured_media":2219,"template":"","meta":{"_acf_changed":false},"product_cat":[135],"product_tag":[],"class_list":{"0":"post-2217","1":"product","2":"type-product","3":"status-publish","4":"has-post-thumbnail","6":"product_cat-odplywy-powierzchniowe","8":"first","9":"instock","10":"shipping-taxable","11":"product-type-simple"},"acf":[],"yoast_head":"<!-- This site is optimized with the Yoast SEO plugin v27.3 - https:\/\/yoast.com\/product\/yoast-seo-wordpress\/ -->\n<title>Akcesoria Do Systemu Odwodnienia Uszczelka Cztero\u017cebrowa<\/title>\n<meta name=\"description\" content=\"Posiada odporn\u0105 na wod\u0119 pod ci\u015bnieniem, obwodow\u0105, termicznie zgrzewan\u0105 uszczelk\u0119 cztero\u017cebrow\u0105, do p\u00f3\u017aniejszego zastosowania przy\u0142\u0105cza LES.\" \/>\n<meta name=\"robots\" content=\"noindex, follow, max-snippet:-1, max-image-preview:large, max-video-preview:-1\" \/>\n<meta property=\"og:locale\" content=\"pl_PL\" \/>\n<meta property=\"og:type\" content=\"article\" \/>\n<meta property=\"og:title\" content=\"Akcesoria Do Systemu Odwodnienia Uszczelka Cztero\u017cebrowa\" \/>\n<meta property=\"og:description\" content=\"Posiada odporn\u0105 na wod\u0119 pod ci\u015bnieniem, obwodow\u0105, termicznie zgrzewan\u0105 uszczelk\u0119 cztero\u017cebrow\u0105, do p\u00f3\u017aniejszego zastosowania przy\u0142\u0105cza LES.\" \/>\n<meta property=\"og:url\" content=\"https:\/\/ugwp.cfolks.pl\/bwb\/produkt\/akcesoria-do-systemu-odwodnienia-do-betonowych-szybow-swietlnych-kraso-typ-les\/\" \/>\n<meta property=\"og:site_name\" content=\"BWB technology\" \/>\n<meta property=\"article:modified_time\" content=\"2023-02-20T20:28:01+00:00\" \/>\n<meta property=\"og:image\" content=\"https:\/\/ugwp.cfolks.pl\/bwb\/wp-content\/uploads\/KRASO\u00ae-typ-LES-podstawa-dla-budowli-z-elementow-prefabrykowanych.jpg\" \/>\n\t<meta property=\"og:image:width\" content=\"1100\" \/>\n\t<meta property=\"og:image:height\" content=\"810\" \/>\n\t<meta property=\"og:image:type\" content=\"image\/jpeg\" \/>\n<meta name=\"twitter:card\" content=\"summary_large_image\" \/>\n<script type=\"application\/ld+json\" class=\"yoast-schema-graph\">{\"@context\":\"https:\\\/\\\/schema.org\",\"@graph\":[{\"@type\":\"WebPage\",\"@id\":\"https:\\\/\\\/ugwp.cfolks.pl\\\/bwb\\\/produkt\\\/akcesoria-do-systemu-odwodnienia-do-betonowych-szybow-swietlnych-kraso-typ-les\\\/\",\"url\":\"https:\\\/\\\/ugwp.cfolks.pl\\\/bwb\\\/produkt\\\/akcesoria-do-systemu-odwodnienia-do-betonowych-szybow-swietlnych-kraso-typ-les\\\/\",\"name\":\"Akcesoria Do Systemu Odwodnienia Uszczelka Cztero\u017cebrowa\",\"isPartOf\":{\"@id\":\"https:\\\/\\\/ugwp.cfolks.pl\\\/bwb\\\/#website\"},\"primaryImageOfPage\":{\"@id\":\"https:\\\/\\\/ugwp.cfolks.pl\\\/bwb\\\/produkt\\\/akcesoria-do-systemu-odwodnienia-do-betonowych-szybow-swietlnych-kraso-typ-les\\\/#primaryimage\"},\"image\":{\"@id\":\"https:\\\/\\\/ugwp.cfolks.pl\\\/bwb\\\/produkt\\\/akcesoria-do-systemu-odwodnienia-do-betonowych-szybow-swietlnych-kraso-typ-les\\\/#primaryimage\"},\"thumbnailUrl\":\"https:\\\/\\\/ugwp.cfolks.pl\\\/bwb\\\/wp-content\\\/uploads\\\/KRASO\u00ae-typ-LES-podstawa-dla-budowli-z-elementow-prefabrykowanych.jpg\",\"datePublished\":\"2022-11-22T08:19:21+00:00\",\"dateModified\":\"2023-02-20T20:28:01+00:00\",\"description\":\"Posiada odporn\u0105 na wod\u0119 pod ci\u015bnieniem, obwodow\u0105, termicznie zgrzewan\u0105 uszczelk\u0119 cztero\u017cebrow\u0105, do p\u00f3\u017aniejszego zastosowania przy\u0142\u0105cza LES.\",\"breadcrumb\":{\"@id\":\"https:\\\/\\\/ugwp.cfolks.pl\\\/bwb\\\/produkt\\\/akcesoria-do-systemu-odwodnienia-do-betonowych-szybow-swietlnych-kraso-typ-les\\\/#breadcrumb\"},\"inLanguage\":\"pl-PL\",\"potentialAction\":[{\"@type\":\"ReadAction\",\"target\":[\"https:\\\/\\\/ugwp.cfolks.pl\\\/bwb\\\/produkt\\\/akcesoria-do-systemu-odwodnienia-do-betonowych-szybow-swietlnych-kraso-typ-les\\\/\"]}]},{\"@type\":\"ImageObject\",\"inLanguage\":\"pl-PL\",\"@id\":\"https:\\\/\\\/ugwp.cfolks.pl\\\/bwb\\\/produkt\\\/akcesoria-do-systemu-odwodnienia-do-betonowych-szybow-swietlnych-kraso-typ-les\\\/#primaryimage\",\"url\":\"https:\\\/\\\/ugwp.cfolks.pl\\\/bwb\\\/wp-content\\\/uploads\\\/KRASO\u00ae-typ-LES-podstawa-dla-budowli-z-elementow-prefabrykowanych.jpg\",\"contentUrl\":\"https:\\\/\\\/ugwp.cfolks.pl\\\/bwb\\\/wp-content\\\/uploads\\\/KRASO\u00ae-typ-LES-podstawa-dla-budowli-z-elementow-prefabrykowanych.jpg\",\"width\":1100,\"height\":810,\"caption\":\"KRASO\u00ae typ LES - podstawa dla budowli z element\u00f3w prefabrykowanych\"},{\"@type\":\"BreadcrumbList\",\"@id\":\"https:\\\/\\\/ugwp.cfolks.pl\\\/bwb\\\/produkt\\\/akcesoria-do-systemu-odwodnienia-do-betonowych-szybow-swietlnych-kraso-typ-les\\\/#breadcrumb\",\"itemListElement\":[{\"@type\":\"ListItem\",\"position\":1,\"name\":\"Strona g\u0142\u00f3wna\",\"item\":\"https:\\\/\\\/ugwp.cfolks.pl\\\/bwb\\\/\"},{\"@type\":\"ListItem\",\"position\":2,\"name\":\"Wodoszczelne Przej\u015bcia Instalacyjne\",\"item\":\"https:\\\/\\\/ugwp.cfolks.pl\\\/bwb\\\/kategoria\\\/wodoszczelne-przejscia-instalacyjne\\\/\"},{\"@type\":\"ListItem\",\"position\":3,\"name\":\"Odp\u0142ywy Powierzchniowe\",\"item\":\"https:\\\/\\\/ugwp.cfolks.pl\\\/bwb\\\/kategoria\\\/wodoszczelne-przejscia-instalacyjne\\\/odplywy-powierzchniowe\\\/\"},{\"@type\":\"ListItem\",\"position\":4,\"name\":\"Akcesoria Do Systemu Odwodnienia do betonowych szyb\u00f3w \u015bwietlnych KRASO\u00ae TYP LES\"}]},{\"@type\":\"WebSite\",\"@id\":\"https:\\\/\\\/ugwp.cfolks.pl\\\/bwb\\\/#website\",\"url\":\"https:\\\/\\\/ugwp.cfolks.pl\\\/bwb\\\/\",\"name\":\"BWB technology\",\"description\":\"Kolejna witryna oparta na WordPressie\",\"potentialAction\":[{\"@type\":\"SearchAction\",\"target\":{\"@type\":\"EntryPoint\",\"urlTemplate\":\"https:\\\/\\\/ugwp.cfolks.pl\\\/bwb\\\/?s={search_term_string}\"},\"query-input\":{\"@type\":\"PropertyValueSpecification\",\"valueRequired\":true,\"valueName\":\"search_term_string\"}}],\"inLanguage\":\"pl-PL\"}]}<\/script>\n<!-- \/ Yoast SEO plugin. -->","yoast_head_json":{"title":"Akcesoria Do Systemu Odwodnienia Uszczelka Cztero\u017cebrowa","description":"Posiada odporn\u0105 na wod\u0119 pod ci\u015bnieniem, obwodow\u0105, termicznie zgrzewan\u0105 uszczelk\u0119 cztero\u017cebrow\u0105, do p\u00f3\u017aniejszego zastosowania przy\u0142\u0105cza LES.","robots":{"index":"noindex","follow":"follow","max-snippet":"max-snippet:-1","max-image-preview":"max-image-preview:large","max-video-preview":"max-video-preview:-1"},"og_locale":"pl_PL","og_type":"article","og_title":"Akcesoria Do Systemu Odwodnienia Uszczelka Cztero\u017cebrowa","og_description":"Posiada odporn\u0105 na wod\u0119 pod ci\u015bnieniem, obwodow\u0105, termicznie zgrzewan\u0105 uszczelk\u0119 cztero\u017cebrow\u0105, do p\u00f3\u017aniejszego zastosowania przy\u0142\u0105cza LES.","og_url":"https:\/\/ugwp.cfolks.pl\/bwb\/produkt\/akcesoria-do-systemu-odwodnienia-do-betonowych-szybow-swietlnych-kraso-typ-les\/","og_site_name":"BWB technology","article_modified_time":"2023-02-20T20:28:01+00:00","og_image":[{"width":1100,"height":810,"url":"https:\/\/ugwp.cfolks.pl\/bwb\/wp-content\/uploads\/KRASO\u00ae-typ-LES-podstawa-dla-budowli-z-elementow-prefabrykowanych.jpg","type":"image\/jpeg"}],"twitter_card":"summary_large_image","schema":{"@context":"https:\/\/schema.org","@graph":[{"@type":"WebPage","@id":"https:\/\/ugwp.cfolks.pl\/bwb\/produkt\/akcesoria-do-systemu-odwodnienia-do-betonowych-szybow-swietlnych-kraso-typ-les\/","url":"https:\/\/ugwp.cfolks.pl\/bwb\/produkt\/akcesoria-do-systemu-odwodnienia-do-betonowych-szybow-swietlnych-kraso-typ-les\/","name":"Akcesoria Do Systemu Odwodnienia Uszczelka Cztero\u017cebrowa","isPartOf":{"@id":"https:\/\/ugwp.cfolks.pl\/bwb\/#website"},"primaryImageOfPage":{"@id":"https:\/\/ugwp.cfolks.pl\/bwb\/produkt\/akcesoria-do-systemu-odwodnienia-do-betonowych-szybow-swietlnych-kraso-typ-les\/#primaryimage"},"image":{"@id":"https:\/\/ugwp.cfolks.pl\/bwb\/produkt\/akcesoria-do-systemu-odwodnienia-do-betonowych-szybow-swietlnych-kraso-typ-les\/#primaryimage"},"thumbnailUrl":"https:\/\/ugwp.cfolks.pl\/bwb\/wp-content\/uploads\/KRASO\u00ae-typ-LES-podstawa-dla-budowli-z-elementow-prefabrykowanych.jpg","datePublished":"2022-11-22T08:19:21+00:00","dateModified":"2023-02-20T20:28:01+00:00","description":"Posiada odporn\u0105 na wod\u0119 pod ci\u015bnieniem, obwodow\u0105, termicznie zgrzewan\u0105 uszczelk\u0119 cztero\u017cebrow\u0105, do p\u00f3\u017aniejszego zastosowania przy\u0142\u0105cza LES.","breadcrumb":{"@id":"https:\/\/ugwp.cfolks.pl\/bwb\/produkt\/akcesoria-do-systemu-odwodnienia-do-betonowych-szybow-swietlnych-kraso-typ-les\/#breadcrumb"},"inLanguage":"pl-PL","potentialAction":[{"@type":"ReadAction","target":["https:\/\/ugwp.cfolks.pl\/bwb\/produkt\/akcesoria-do-systemu-odwodnienia-do-betonowych-szybow-swietlnych-kraso-typ-les\/"]}]},{"@type":"ImageObject","inLanguage":"pl-PL","@id":"https:\/\/ugwp.cfolks.pl\/bwb\/produkt\/akcesoria-do-systemu-odwodnienia-do-betonowych-szybow-swietlnych-kraso-typ-les\/#primaryimage","url":"https:\/\/ugwp.cfolks.pl\/bwb\/wp-content\/uploads\/KRASO\u00ae-typ-LES-podstawa-dla-budowli-z-elementow-prefabrykowanych.jpg","contentUrl":"https:\/\/ugwp.cfolks.pl\/bwb\/wp-content\/uploads\/KRASO\u00ae-typ-LES-podstawa-dla-budowli-z-elementow-prefabrykowanych.jpg","width":1100,"height":810,"caption":"KRASO\u00ae typ LES - podstawa dla budowli z element\u00f3w prefabrykowanych"},{"@type":"BreadcrumbList","@id":"https:\/\/ugwp.cfolks.pl\/bwb\/produkt\/akcesoria-do-systemu-odwodnienia-do-betonowych-szybow-swietlnych-kraso-typ-les\/#breadcrumb","itemListElement":[{"@type":"ListItem","position":1,"name":"Strona g\u0142\u00f3wna","item":"https:\/\/ugwp.cfolks.pl\/bwb\/"},{"@type":"ListItem","position":2,"name":"Wodoszczelne Przej\u015bcia Instalacyjne","item":"https:\/\/ugwp.cfolks.pl\/bwb\/kategoria\/wodoszczelne-przejscia-instalacyjne\/"},{"@type":"ListItem","position":3,"name":"Odp\u0142ywy Powierzchniowe","item":"https:\/\/ugwp.cfolks.pl\/bwb\/kategoria\/wodoszczelne-przejscia-instalacyjne\/odplywy-powierzchniowe\/"},{"@type":"ListItem","position":4,"name":"Akcesoria Do Systemu Odwodnienia do betonowych szyb\u00f3w \u015bwietlnych KRASO\u00ae TYP LES"}]},{"@type":"WebSite","@id":"https:\/\/ugwp.cfolks.pl\/bwb\/#website","url":"https:\/\/ugwp.cfolks.pl\/bwb\/","name":"BWB technology","description":"Kolejna witryna oparta na WordPressie","potentialAction":[{"@type":"SearchAction","target":{"@type":"EntryPoint","urlTemplate":"https:\/\/ugwp.cfolks.pl\/bwb\/?s={search_term_string}"},"query-input":{"@type":"PropertyValueSpecification","valueRequired":true,"valueName":"search_term_string"}}],"inLanguage":"pl-PL"}]}},"_links":{"self":[{"href":"https:\/\/ugwp.cfolks.pl\/bwb\/wp-json\/wp\/v2\/product\/2217","targetHints":{"allow":["GET"]}}],"collection":[{"href":"https:\/\/ugwp.cfolks.pl\/bwb\/wp-json\/wp\/v2\/product"}],"about":[{"href":"https:\/\/ugwp.cfolks.pl\/bwb\/wp-json\/wp\/v2\/types\/product"}],"wp:featuredmedia":[{"embeddable":true,"href":"https:\/\/ugwp.cfolks.pl\/bwb\/wp-json\/wp\/v2\/media\/2219"}],"wp:attachment":[{"href":"https:\/\/ugwp.cfolks.pl\/bwb\/wp-json\/wp\/v2\/media?parent=2217"}],"wp:term":[{"taxonomy":"product_cat","embeddable":true,"href":"https:\/\/ugwp.cfolks.pl\/bwb\/wp-json\/wp\/v2\/product_cat?post=2217"},{"taxonomy":"product_tag","embeddable":true,"href":"https:\/\/ugwp.cfolks.pl\/bwb\/wp-json\/wp\/v2\/product_tag?post=2217"}],"curies":[{"name":"wp","href":"https:\/\/api.w.org\/{rel}","templated":true}]}}